{"id":15360,"date":"2023-05-21T12:18:50","date_gmt":"2023-05-21T10:18:50","guid":{"rendered":"https:\/\/www.univ-oeb.dz\/igtu\/?page_id=15360"},"modified":"2024-11-05T13:09:26","modified_gmt":"2024-11-05T12:09:26","slug":"general-secretariat","status":"publish","type":"page","link":"https:\/\/www.univ-oeb.dz\/igtu\/en\/general-secretariat\/","title":{"rendered":"General Secretariat"},"content":{"rendered":"\n<pre id=\"tw-target-text\" class=\"wp-block-preformatted\">Secr\u00e9tariat G\u00e9n\u00e9ral<\/pre>\n\n\n\n<pre id=\"tw-target-rmn\" class=\"wp-block-preformatted\"><\/pre>\n\n\n\n<figure class=\"wp-block-image size-full\"><img decoding=\"async\" width=\"20\" height=\"20\" src=\"https:\/\/www.univ-oeb.dz\/igtu\/wp-content\/uploads\/2024\/11\/image-1.png\" alt=\"\" class=\"wp-image-15362\"\/><\/figure>\n","protected":false},"excerpt":{"rendered":"<p>Secr\u00e9tariat G\u00e9n\u00e9ral<\/p>\n","protected":false},"author":1,"featured_media":0,"parent":0,"menu_order":0,"comment_status":"closed","ping_status":"closed","template":"","meta":{"_eb_attr":"","footnotes":""},"class_list":["post-15360","page","type-page","status-publish","hentry"],"_links":{"self":[{"href":"https:\/\/www.univ-oeb.dz\/igtu\/wp-json\/wp\/v2\/pages\/15360","targetHints":{"allow":["GET"]}}],"collection":[{"href":"https:\/\/www.univ-oeb.dz\/igtu\/wp-json\/wp\/v2\/pages"}],"about":[{"href":"https:\/\/www.univ-oeb.dz\/igtu\/wp-json\/wp\/v2\/types\/page"}],"author":[{"embeddable":true,"href":"https:\/\/www.univ-oeb.dz\/igtu\/wp-json\/wp\/v2\/users\/1"}],"replies":[{"embeddable":true,"href":"https:\/\/www.univ-oeb.dz\/igtu\/wp-json\/wp\/v2\/comments?post=15360"}],"version-history":[{"count":1,"href":"https:\/\/www.univ-oeb.dz\/igtu\/wp-json\/wp\/v2\/pages\/15360\/revisions"}],"predecessor-version":[{"id":15364,"href":"https:\/\/www.univ-oeb.dz\/igtu\/wp-json\/wp\/v2\/pages\/15360\/revisions\/15364"}],"wp:attachment":[{"href":"https:\/\/www.univ-oeb.dz\/igtu\/wp-json\/wp\/v2\/media?parent=15360"}],"curies":[{"name":"wp","href":"https:\/\/api.w.org\/{rel}","templated":true}]}}