{"id":10427,"date":"2018-12-03T14:53:44","date_gmt":"2018-12-03T13:53:44","guid":{"rendered":"http:\/\/www.univ-oeb.dz\/igtu\/?page_id=10427"},"modified":"2024-12-01T13:35:37","modified_gmt":"2024-12-01T12:35:37","slug":"tabet-ahmed-amine-ar","status":"publish","type":"page","link":"https:\/\/www.univ-oeb.dz\/igtu\/tabet-ahmed-amine-ar\/","title":{"rendered":"Tabet Ahmed amine ar"},"content":{"rendered":"\t\t<div data-elementor-type=\"wp-page\" data-elementor-id=\"10427\" class=\"elementor elementor-10427\">\n\t\t\t\t\t\t<section class=\"elementor-section elementor-top-section elementor-element elementor-element-3005a48 elementor-section-boxed elementor-section-height-default elementor-section-height-default wpr-particle-no wpr-jarallax-no wpr-parallax-no wpr-sticky-section-no\" data-id=\"3005a48\" data-element_type=\"section\">\n\t\t\t\t\t\t<div class=\"elementor-container elementor-column-gap-default\">\n\t\t\t\t\t<div class=\"elementor-column elementor-col-100 elementor-top-column elementor-element elementor-element-553628b\" data-id=\"553628b\" data-element_type=\"column\">\n\t\t\t<div class=\"elementor-widget-wrap elementor-element-populated\">\n\t\t\t\t\t\t<div class=\"elementor-element elementor-element-9d88f6c elementor-widget elementor-widget-text-editor\" data-id=\"9d88f6c\" data-element_type=\"widget\" data-widget_type=\"text-editor.default\">\n\t\t\t\t<div class=\"elementor-widget-container\">\n\t\t\t\t\t\t\t\t\t<div class=\"entry-content entry clearfix\"><h3 style=\"text-align: right;\"><span style=\"color: #000000;\">\u0627\u0644\u0627\u0633\u062a\u0627\u0630: <span style=\"color: #0000ff;\">\u062b\u0627\u0628\u062a \u0623\u062d\u0645\u062f \u0623\u0645\u064a\u0646<\/span><\/span><\/h3><h3 style=\"text-align: right;\"><span style=\"color: #000000;\">\u00a0\u0642\u0633\u0645 \u062a\u0633\u064a\u064a\u0631 \u0627\u0644\u062a\u0642\u0646\u064a\u0627\u062a \u0627\u0644\u062d\u0636\u0631\u064a\u0629\u060c \u062c\u0627\u0645\u0639\u0629 \u0627\u0645 \u0627\u0644\u0628\u0648\u0627\u0642\u064a \u0627\u0644\u062c\u0632\u0627\u0626\u0631<\/span><\/h3><h3 style=\"text-align: right;\"><span style=\"color: #0000ff;\"><span style=\"color: #000000;\">\u0627\u0644\u0628\u0631\u064a\u062f \u0627\u0644\u0627\u0644\u0643\u062a\u0631\u0648\u0646\u064a<\/span> <a style=\"color: #0000ff;\" href=\"mailto:tabet.ahmed.amine@gmail.com\">tabet.ahmed.amine@gmail.com<\/a>\/<a style=\"color: #0000ff;\" href=\"mailto:tabet.ahmed.amine@univ-oeb.dz\">tabet.ahmed.amine@univ-oeb.dz<\/a>\u00a0:<\/span><\/h3><h3 style=\"text-align: right;\"><span style=\"color: #000000;\">\u0631\u0642\u0645 \u0627\u0644\u0647\u0627\u062a\u0641: .0661312504<\/span><\/h3><h3 style=\"text-align: right;\"><span style=\"color: #800080;\"><strong><em>\u0647\u0648\u064a\u0629 \u0627\u0644\u0628\u0627\u062d\u062b<\/em><\/strong><\/span><\/h3><h3 style=\"text-align: right;\"><span style=\"color: #0000ff;\"><span style=\"color: #000000;\"><strong>Google Scholar<\/strong><strong>:<\/strong><\/span><a style=\"color: #0000ff;\" href=\"https:\/\/scholar.google.com\/citations?user=0TZSYxkAAAAJ&amp;hl=en\">https:\/\/scholar.google.com\/citations?user=0TZSYxkAAAAJ&amp;hl=en<\/a><\/span><\/h3><h3 style=\"text-align: right;\"><span style=\"color: #0000ff;\"><span style=\"color: #000000;\"><strong>ReaserchGate<\/strong><strong>\u00a0:<\/strong><\/span><a style=\"color: #0000ff;\" href=\"https:\/\/www.researchgate.net\/profile\/Tabet-Ahmed-Amine\">https:\/\/www.researchgate.net\/profile\/Tabet-Ahmed-Amine<\/a><\/span><\/h3><h3 style=\"text-align: right;\"><span style=\"color: #000000;\">ORCID :<span style=\"color: #0000ff;\">\u00a0<a style=\"color: #0000ff;\" href=\"https:\/\/orcid.org\/0000-0002-8644-9575\">https:\/\/orcid.org\/0000-0002-8644-9575<\/a><\/span><\/span><\/h3><h3 style=\"text-align: right;\"><span style=\"color: #800080;\">\u0627\u0644\u062a\u0639\u0644\u064a\u0645<\/span><\/h3><h3 style=\"text-align: right;\"><span style=\"color: #000000;\">\u062f\u0631\u062c\u0629 \u0645\u0627\u062c\u0633\u062a\u064a\u0631 \u0641\u064a: \u0627\u0644\u062a\u0647\u064a\u0626\u0629 \u0627\u0644\u0639\u0645\u0631\u0627\u0646\u064a\u0629<\/span><\/h3><h3 style=\"text-align: right;\"><span style=\"color: #000000;\">\u062f\u0631\u062c\u0629 \u0645\u0647\u0646\u062f\u0633 \u062f\u0648\u0644\u0629\u00a0 \u0641\u064a: \u0627\u0644\u062a\u0647\u064a\u0626\u0629 \u0627\u0644\u0639\u0645\u0631\u0627\u0646\u064a\u0629 \u0641\u0631\u0639 \u0627\u0644\u062a\u0647\u064a\u0626\u0629 \u0627\u0644\u062d\u0636\u0631\u064a\u0629<\/span><\/h3><h3 style=\"text-align: right;\"><span style=\"color: #800080;\">\u0648\u0638\u0627\u0626\u0641 \u0648 \u0645\u0624\u0633\u0633\u0627\u062a \u0627\u0644\u0627\u0646\u062a\u0633\u0627\u0628<\/span><\/h3><h3 style=\"text-align: right;\"><span style=\"color: #000000;\">\u0623\u0633\u062a\u0627\u0630:\u0623\u0633\u062a\u0627\u0630 \u0645\u0633\u0627\u0639\u062f \u0623<\/span><\/h3><h3 style=\"text-align: right;\"><span style=\"color: #800080;\">\u0645\u0642\u0627\u064a\u064a\u0633 \u0627\u0644\u062a\u062f\u0631\u064a\u0633<\/span><\/h3><h3 style=\"text-align: right;\"><span style=\"color: #000000;\">\u0645\u0642\u064a\u0627\u0633 \u0648\u0631\u0634\u0629: \u062a\u062d\u0644\u064a\u0644 \u0639\u0645\u0631\u0627\u0646\u064a \u0648\u062a\u0647\u064a\u0626\u0629 \u062d\u0636\u0631\u064a\u0629 \u0627\u0644\u0633\u0646\u0629 \u0627\u0644\u062b\u0627\u0646\u064a\u0629 \u0644\u064a\u0633\u0627\u0646\u0633 \u0647\u0646\u062f\u0633\u0629 \u062d\u0636\u0631\u064a\u0629<\/span><\/h3><h3 style=\"text-align: right;\"><span style=\"color: #000000;\">\u0645\u0642\u064a\u0627\u0633 \u062c\u064a\u0648\u0645\u0627\u062a\u064a\u0643 1\u060c \u0627\u0644\u0633\u0646\u0629 \u0627\u0644\u0623\u0648\u0644\u0649 \u0645\u0627\u0633\u062a\u0631 \u062a\u0633\u064a\u064a\u0631 \u0627\u0644\u0634\u0628\u0643\u0627\u062a \u0627\u0644\u062d\u0636\u0631\u064a\u0629<\/span><\/h3><h3 style=\"text-align: right;\"><span style=\"color: #000000;\">\u0645\u0642\u064a\u0627\u0633 \u0648\u0631\u0634\u0629: \u062a\u062d\u0644\u064a\u0644 \u0627\u0644\u0634\u0628\u0643\u0627\u062a \u0627\u0644\u062d\u0636\u0631\u064a\u0629 \u0648\u0625\u0639\u0627\u062f\u0629 \u062a\u0623\u0647\u064a\u0644\u0647\u0627 \u0648\u062a\u0647\u064a\u0626\u062a\u0647\u0627\u060c \u0627\u0644\u0633\u0646\u0629 \u0627\u0644\u062b\u0627\u0646\u064a\u0629 \u0644\u0633\u0627\u0646\u0633 \u0647\u0646\u0633\u0629 \u062d\u0636\u0631\u064a\u0629<\/span><\/h3><h3 style=\"text-align: right;\"><span style=\"color: #000000;\">\u0645\u0642\u064a\u0627\u0633 \u062c\u064a\u0648\u0645\u0627\u062a\u064a\u06432 \u2013\u0627\u0644\u0627\u0633\u062a\u0634\u0639\u0627\u0631 \u0639\u0646 \u0628\u0639\u062f-\u0627\u0644\u0633\u0646\u0629 \u0623\u0648\u0644\u0649 \u0645\u0627\u0633\u062a\u0631 \u062a\u0633\u064a\u064a\u0631 \u0627\u0644\u0634\u0628\u0643\u0627\u062a \u0627\u0644\u062d\u0636\u0631\u064a\u0629<\/span><\/h3><h3 style=\"text-align: right;\"><span style=\"color: #800080;\">\u0645\u0646\u0634\u0648\u0631\u0627\u062a \u062f\u0648\u0644\u064a\u0629<\/span><\/h3><h3 style=\"text-align: right;\">\u00a0<\/h3><h3 style=\"text-align: left;\"><span style=\"color: #000000;\">Gihen Ream Abdaoui1 , Ahmed Amine Tabet1 , Foued Bouaicha2 , Ahmed Bousmaha3 , and Salah Bouchemal1Sprawl, Specificity and Dynamics of Inter-Municipal UrbanAgglomerations of the Souf Valley (South East Algeria): Using GIS Techniques <span style=\"text-align: left; font-size: 16px;\">\u00a0\u00a0<\/span><\/span><\/h3><h3 style=\"text-align: left;\"><span style=\"color: #000000; font-size: 18.72px; font-weight: bold; text-align: left;\">International Journal of Innovation and Applied Studies ISSN 2028-9324 Vol. 29 No. 4 Jul. 2020, pp. 991-1014 \u00a9 2020 Innovative Space of Scientific Research Journals\u00a0<\/span><a style=\"color: #000000;\" href=\"http:\/\/www.ijias.issr-journals.org\/\" target=\"_blank\" rel=\"noopener\" data-saferedirecturl=\"https:\/\/www.google.com\/url?q=http:\/\/www.ijias.issr-journals.org\/&amp;source=gmail&amp;ust=1682515273946000&amp;usg=AOvVaw0KjxhXqcrp7napCEJ14fJW\">http:\/\/www.ijias.issr-<wbr \/>journals.org\/<\/a><span style=\"color: #000000; font-size: 18.72px; font-weight: bold; text-align: left;\">\u00a0<\/span><\/h3><hr \/><h3 style=\"text-align: left;\"><span style=\"color: #808080;\">Ahmed Amine Tabet, Gihen Rym Abdaoui &amp; Hafid Layeb, \u00abAutomatic extraction of build-up areas from bare land using Sentinel 2A imagery in El Khroub city, Algeria\u00bb, Bulletin de la Soci\u00e9t\u00e9 Royale des Sciences de Li\u00e8ge [En ligne], Volume 92 &#8211; Ann\u00e9e 2023, Num\u00e9ro 1, 1 &#8211; 22 URL :\u00a0<a style=\"color: #808080;\" href=\"https:\/\/popups.uliege.be\/0037-9565\/index.php?id=11175\" target=\"_blank\" rel=\"noopener\" data-saferedirecturl=\"https:\/\/www.google.com\/url?q=https:\/\/popups.uliege.be\/0037-9565\/index.php?id%3D11175&amp;source=gmail&amp;ust=1682514831251000&amp;usg=AOvVaw1K7n1rUn0MEw7U0qVdgT9a\">https:\/\/popups.uliege.be\/0037-<wbr \/>9565\/index.php?id=11175<\/a><\/span><\/h3><hr \/><h2 style=\"text-align: right;\"><span style=\"color: #800080;\">\u0627\u0647\u062a\u0645\u0627\u0645\u0627\u062a \u0648\u0645\u0624\u0647\u0644\u0627\u062a<\/span><\/h2><h3 style=\"text-align: right;\"><span style=\"color: #000000;\"><strong>\u0627\u0647\u062a\u0645\u0627\u0645\u0627\u062a<\/strong>: \u0625\u0633\u062a\u062e\u062f\u0627\u0645 \u0627\u0644\u0648\u0633\u0627\u0626\u0644 \u0627\u0644\u062a\u0642\u0646\u064a\u0629 \u0627\u0644\u062d\u062f\u064a\u062b\u0629 \u0645\u0646 \u0646\u0638\u0645 \u0645\u0639\u0644\u0648\u0645\u0627\u062a \u062c\u063a\u0631\u0627\u0641\u064a\u0629\u060c \u0637\u0631\u0642 \u062a\u062d\u0644\u064a\u0644 \u0645\u062a\u0639\u062f\u062f\u0629 \u0627\u0644\u062e\u0635\u0627\u0626\u0635\u060c \u0625\u0633\u062a\u0634\u0639\u0627\u0631 \u0639\u0646 \u0628\u0639\u062f\u060c \u0630\u0643\u0627\u0621 \u0625\u0635\u0637\u0646\u0627\u0639\u064a \u0641\u064a \u062a\u062e\u0637\u064a\u0637 \u0648\u062a\u0633\u064a\u064a\u0631 \u0627\u0644\u0639\u0645\u0631\u0627\u0646 \u0648\u0627\u0644\u062f\u0631\u0627\u0633\u0627\u062a \u0627\u0644\u0628\u064a\u0626\u064a\u0629.<\/span><\/h3><h3 style=\"text-align: right;\"><span style=\"color: #000000;\"><strong>\u0645\u0624\u0647\u0644\u0627\u062a:<\/strong>\u00a0\u0625\u0633\u062a\u062e\u062f\u0627\u0645 \u0627\u0644\u0639\u062f\u064a\u062f \u0645\u0646\u0628\u0631\u0627\u0645\u062c \u0627\u0644\u0627\u0639\u0644\u0627\u0645 \u0627\u0644\u0622\u0644\u064a \u0644\u0644\u0631\u0633\u0645 \u0627\u0644\u062a\u0642\u0646\u064a\u060c \u062a\u062d\u0644\u064a\u0644 \u0642\u0627\u0639\u062f\u0629 \u0645\u0639\u0644\u0648\u0645\u0627\u062a \u0648\u062a\u062d\u0644\u064a\u0644 \u0635\u0648\u0631 \u0627\u0644\u0623\u0642\u0645\u0627\u0631 \u0627\u0644\u0635\u0646\u0627\u0639\u064a\u0629.<\/span><\/h3><\/div><div id=\"share-buttons-bottom\" class=\"share-buttons share-buttons-bottom\"><h3 class=\"share-links icons-text share-pill\" style=\"text-align: right;\">\u00a0<\/h3><\/div>\t\t\t\t\t\t\t\t<\/div>\n\t\t\t\t<\/div>\n\t\t\t\t\t<\/div>\n\t\t<\/div>\n\t\t\t\t\t<\/div>\n\t\t<\/section>\n\t\t\t\t<\/div>\n\t\t","protected":false},"excerpt":{"rendered":"<p>\u0627\u0644\u0627\u0633\u062a\u0627\u0630: \u062b\u0627\u0628\u062a \u0623\u062d\u0645\u062f \u0623\u0645\u064a\u0646 \u00a0\u0642\u0633\u0645 \u062a\u0633\u064a\u064a\u0631 \u0627\u0644\u062a\u0642\u0646\u064a\u0627\u062a \u0627\u0644\u062d\u0636\u0631\u064a\u0629\u060c \u062c\u0627\u0645\u0639\u0629 \u0627\u0645 \u0627\u0644\u0628\u0648\u0627\u0642\u064a \u0627\u0644\u062c\u0632\u0627\u0626\u0631 \u0627\u0644\u0628\u0631\u064a\u062f \u0627\u0644\u0627\u0644\u0643\u062a\u0631\u0648\u0646\u064a tabet.ahmed.amine@gmail.com\/tabet.ahmed.amine@univ-oeb.dz\u00a0: \u0631\u0642\u0645 \u0627\u0644\u0647\u0627\u062a\u0641: .0661312504 \u0647\u0648\u064a\u0629 \u0627\u0644\u0628\u0627\u062d\u062b Google Scholar:https:\/\/scholar.google.com\/citations?user=0TZSYxkAAAAJ&amp;hl=en ReaserchGate\u00a0:https:\/\/www.researchgate.net\/profile\/Tabet-Ahmed-Amine ORCID :\u00a0https:\/\/orcid.org\/0000-0002-8644-9575 \u0627\u0644\u062a\u0639\u0644\u064a\u0645 \u062f\u0631\u062c\u0629 \u0645\u0627\u062c\u0633\u062a\u064a\u0631 \u0641\u064a: \u0627\u0644\u062a\u0647\u064a\u0626\u0629 \u0627\u0644\u0639\u0645\u0631\u0627\u0646\u064a\u0629 \u062f\u0631\u062c\u0629 \u0645\u0647\u0646\u062f\u0633 \u062f\u0648\u0644\u0629\u00a0 \u0641\u064a: \u0627\u0644\u062a\u0647\u064a\u0626\u0629 \u0627\u0644\u0639\u0645\u0631\u0627\u0646\u064a\u0629 \u0641\u0631\u0639 \u0627\u0644\u062a\u0647\u064a\u0626\u0629 \u0627\u0644\u062d\u0636\u0631\u064a\u0629 \u0648\u0638\u0627\u0626\u0641 \u0648 \u0645\u0624\u0633\u0633\u0627\u062a \u0627\u0644\u0627\u0646\u062a\u0633\u0627\u0628 \u0623\u0633\u062a\u0627\u0630:\u0623\u0633\u062a\u0627\u0630 \u0645\u0633\u0627\u0639\u062f \u0623 \u0645\u0642\u0627\u064a\u064a\u0633 \u0627\u0644\u062a\u062f\u0631\u064a\u0633 \u0645\u0642\u064a\u0627\u0633 \u0648\u0631\u0634\u0629: \u062a\u062d\u0644\u064a\u0644 \u0639\u0645\u0631\u0627\u0646\u064a \u0648\u062a\u0647\u064a\u0626\u0629 \u062d\u0636\u0631\u064a\u0629 \u0627\u0644\u0633\u0646\u0629 \u0627\u0644\u062b\u0627\u0646\u064a\u0629 \u0644\u064a\u0633\u0627\u0646\u0633 \u0647\u0646\u062f\u0633\u0629 \u062d\u0636\u0631\u064a\u0629 \u0645\u0642\u064a\u0627\u0633 \u062c\u064a\u0648\u0645\u0627\u062a\u064a\u0643 1\u060c \u0627\u0644\u0633\u0646\u0629 \u0627\u0644\u0623\u0648\u0644\u0649 \u0645\u0627\u0633\u062a\u0631 \u062a\u0633\u064a\u064a\u0631 \u0627\u0644\u0634\u0628\u0643\u0627\u062a \u0627\u0644\u062d\u0636\u0631\u064a\u0629 \u0645\u0642\u064a\u0627\u0633 \u0648\u0631\u0634\u0629: \u062a\u062d\u0644\u064a\u0644 \u0627\u0644\u0634\u0628\u0643\u0627\u062a \u0627\u0644\u062d\u0636\u0631\u064a\u0629 \u0648\u0625\u0639\u0627\u062f\u0629 \u062a\u0623\u0647\u064a\u0644\u0647\u0627 \u0648\u062a\u0647\u064a\u0626\u062a\u0647\u0627\u060c \u0627\u0644\u0633\u0646\u0629 \u0627\u0644\u062b\u0627\u0646\u064a\u0629 \u0644\u0633\u0627\u0646\u0633 \u0647\u0646\u0633\u0629 \u062d\u0636\u0631\u064a\u0629 \u0645\u0642\u064a\u0627\u0633 \u062c\u064a\u0648\u0645\u0627\u062a\u064a\u06432 \u2013\u0627\u0644\u0627\u0633\u062a\u0634\u0639\u0627\u0631 \u0639\u0646 \u0628\u0639\u062f-\u0627\u0644\u0633\u0646\u0629 \u0623\u0648\u0644\u0649 \u0645\u0627\u0633\u062a\u0631 \u062a\u0633\u064a\u064a\u0631 \u0627\u0644\u0634\u0628\u0643\u0627\u062a \u0627\u0644\u062d\u0636\u0631\u064a\u0629 \u0645\u0646\u0634\u0648\u0631\u0627\u062a \u062f\u0648\u0644\u064a\u0629 \u00a0 Gihen Ream Abdaoui1 , Ahmed Amine Tabet1 , Foued Bouaicha2 , Ahmed Bousmaha3 , and Salah Bouchemal1Sprawl, Specificity and Dynamics of Inter-Municipal UrbanAgglomerations of the Souf Valley (South East Algeria): Using GIS Techniques \u00a0\u00a0 International Journal of Innovation and Applied Studies ISSN 2028-9324 Vol. 29 No. 4 Jul. 2020, pp. 991-1014 \u00a9 2020 Innovative Space of Scientific Research Journals\u00a0http:\/\/www.ijias.issr-journals.org\/\u00a0 Ahmed Amine Tabet, Gihen Rym Abdaoui &amp; Hafid Layeb, \u00abAutomatic extraction of build-up areas from bare land using Sentinel 2A imagery in El Khroub city, Algeria\u00bb, Bulletin de la Soci\u00e9t\u00e9 Royale des Sciences de Li\u00e8ge [En ligne], Volume 92 &#8211; Ann\u00e9e 2023, Num\u00e9ro 1, 1 &#8211; 22 URL :\u00a0https:\/\/popups.uliege.be\/0037-9565\/index.php?id=11175 \u0627\u0647\u062a\u0645\u0627\u0645\u0627\u062a \u0648\u0645\u0624\u0647\u0644\u0627\u062a \u0627\u0647\u062a\u0645\u0627\u0645\u0627\u062a: \u0625\u0633\u062a\u062e\u062f\u0627\u0645 \u0627\u0644\u0648\u0633\u0627\u0626\u0644 \u0627\u0644\u062a\u0642\u0646\u064a\u0629 \u0627\u0644\u062d\u062f\u064a\u062b\u0629 \u0645\u0646 \u0646\u0638\u0645 \u0645\u0639\u0644\u0648\u0645\u0627\u062a \u062c\u063a\u0631\u0627\u0641\u064a\u0629\u060c \u0637\u0631\u0642 \u062a\u062d\u0644\u064a\u0644 \u0645\u062a\u0639\u062f\u062f\u0629 \u0627\u0644\u062e\u0635\u0627\u0626\u0635\u060c \u0625\u0633\u062a\u0634\u0639\u0627\u0631 \u0639\u0646 \u0628\u0639\u062f\u060c \u0630\u0643\u0627\u0621 \u0625\u0635\u0637\u0646\u0627\u0639\u064a \u0641\u064a \u062a\u062e\u0637\u064a\u0637 \u0648\u062a\u0633\u064a\u064a\u0631 \u0627\u0644\u0639\u0645\u0631\u0627\u0646 \u0648\u0627\u0644\u062f\u0631\u0627\u0633\u0627\u062a \u0627\u0644\u0628\u064a\u0626\u064a\u0629. \u0645\u0624\u0647\u0644\u0627\u062a:\u00a0\u0625\u0633\u062a\u062e\u062f\u0627\u0645 \u0627\u0644\u0639\u062f\u064a\u062f \u0645\u0646\u0628\u0631\u0627\u0645\u062c \u0627\u0644\u0627\u0639\u0644\u0627\u0645 \u0627\u0644\u0622\u0644\u064a \u0644\u0644\u0631\u0633\u0645 \u0627\u0644\u062a\u0642\u0646\u064a\u060c \u062a\u062d\u0644\u064a\u0644 \u0642\u0627\u0639\u062f\u0629 \u0645\u0639\u0644\u0648\u0645\u0627\u062a \u0648\u062a\u062d\u0644\u064a\u0644 \u0635\u0648\u0631 \u0627\u0644\u0623\u0642\u0645\u0627\u0631 \u0627\u0644\u0635\u0646\u0627\u0639\u064a\u0629. \u00a0<\/p>\n","protected":false},"author":1,"featured_media":0,"parent":0,"menu_order":0,"comment_status":"closed","ping_status":"closed","template":"","meta":{"_eb_attr":"","footnotes":""},"class_list":["post-10427","page","type-page","status-publish","hentry"],"_links":{"self":[{"href":"https:\/\/www.univ-oeb.dz\/igtu\/wp-json\/wp\/v2\/pages\/10427","targetHints":{"allow":["GET"]}}],"collection":[{"href":"https:\/\/www.univ-oeb.dz\/igtu\/wp-json\/wp\/v2\/pages"}],"about":[{"href":"https:\/\/www.univ-oeb.dz\/igtu\/wp-json\/wp\/v2\/types\/page"}],"author":[{"embeddable":true,"href":"https:\/\/www.univ-oeb.dz\/igtu\/wp-json\/wp\/v2\/users\/1"}],"replies":[{"embeddable":true,"href":"https:\/\/www.univ-oeb.dz\/igtu\/wp-json\/wp\/v2\/comments?post=10427"}],"version-history":[{"count":3,"href":"https:\/\/www.univ-oeb.dz\/igtu\/wp-json\/wp\/v2\/pages\/10427\/revisions"}],"predecessor-version":[{"id":15491,"href":"https:\/\/www.univ-oeb.dz\/igtu\/wp-json\/wp\/v2\/pages\/10427\/revisions\/15491"}],"wp:attachment":[{"href":"https:\/\/www.univ-oeb.dz\/igtu\/wp-json\/wp\/v2\/media?parent=10427"}],"curies":[{"name":"wp","href":"https:\/\/api.w.org\/{rel}","templated":true}]}}