{"id":10399,"date":"2023-03-30T15:06:43","date_gmt":"2023-03-30T13:06:43","guid":{"rendered":"http:\/\/www.univ-oeb.dz\/igtu\/?page_id=10399"},"modified":"2023-04-16T13:08:18","modified_gmt":"2023-04-16T11:08:18","slug":"dehdouh-fatima-ar","status":"publish","type":"page","link":"https:\/\/www.univ-oeb.dz\/igtu\/dehdouh-fatima-ar\/","title":{"rendered":"Dehdouh Fatima ar"},"content":{"rendered":"\t\t<div data-elementor-type=\"wp-page\" data-elementor-id=\"10399\" class=\"elementor elementor-10399\">\n\t\t\t\t\t\t<section class=\"elementor-section elementor-top-section elementor-element elementor-element-8e7b128 elementor-section-boxed elementor-section-height-default elementor-section-height-default wpr-particle-no wpr-jarallax-no wpr-parallax-no wpr-sticky-section-no\" data-id=\"8e7b128\" data-element_type=\"section\">\n\t\t\t\t\t\t<div class=\"elementor-container elementor-column-gap-default\">\n\t\t\t\t\t<div class=\"elementor-column elementor-col-100 elementor-top-column elementor-element elementor-element-5f93918\" data-id=\"5f93918\" data-element_type=\"column\">\n\t\t\t<div class=\"elementor-widget-wrap elementor-element-populated\">\n\t\t\t\t\t\t<div class=\"elementor-element elementor-element-d0fcf33 elementor-widget elementor-widget-text-editor\" data-id=\"d0fcf33\" data-element_type=\"widget\" data-widget_type=\"text-editor.default\">\n\t\t\t\t<div class=\"elementor-widget-container\">\n\t\t\t\t\t\t\t\t\t<h2 style=\"text-align: right;\"><span style=\"color: #000000;\">\u0627\u0644\u0623\u0633\u062a\u0627\u0630\u0629: <span style=\"color: #0000ff;\">\u062f\u062d\u062f\u0648\u062d \u0641\u0627\u0637\u064a\u0645\u0629<\/span><\/span><\/h2><h3 style=\"text-align: right;\"><span style=\"color: #000000;\">\u0642\u0633\u0645 . \u062a\u0633\u064a\u064a\u0631 \u0627\u0644\u062a\u0642\u0646\u064a\u0627\u062a \u0627\u0644\u062d\u0636\u0631\u064a\u0629. \u062c\u0627\u0645\u0639\u0629 \u0627\u0645 \u0627\u0644\u0628\u0648\u0627\u0642\u064a \u0627\u0644\u062c\u0632\u0627\u0626\u0631<\/span><\/h3><h3 style=\"text-align: right;\"><span style=\"color: #000000;\">\u0627\u0644\u0628\u0631\u064a\u062f \u0627\u0644\u0627\u0644\u0643\u062a\u0631\u0648\u0646\u064a: <span style=\"color: #0000ff;\">fatigtu@yahoo.fr<\/span><\/span><\/h3><h3 style=\"text-align: right;\"><span style=\"color: #000000;\">\u0631\u0642\u0645 \u0627\u0644\u0647\u0627\u062a\u0641:<\/span><\/h3><h2 style=\"text-align: right;\"><span style=\"color: #800080;\"><strong><em>\u0647\u0648\u064a\u0629 \u0627\u0644\u0628\u0627\u062d\u062b<\/em><\/strong><\/span><\/h2><h3 style=\"text-align: left;\"><span style=\"color: #0000ff;\"><span style=\"color: #000000;\">Google Scholar<\/span> :<a style=\"color: #0000ff;\" href=\"https:\/\/scholar.google.com\/citations?user=uTNVhJwAAAAJ&amp;hl=fr\">https:\/\/scholar.google.com\/citations?user=uTNVhJwAAAAJ&amp;hl=fr<\/a>\u00a0<\/span><\/h3><h3 style=\"text-align: left;\"><span style=\"color: #0000ff;\"><span style=\"color: #000000;\">ReaserchGate<\/span> : <a style=\"color: #0000ff;\" href=\"https:\/\/www.researchgate.net\/profile\/Dahdouh-Fatima\">https:\/\/www.researchgate.net\/profile\/Dahdouh-Fatima<\/a><\/span><\/h3><h3 style=\"text-align: left;\"><span style=\"color: #000000;\">ORCID :\u00a0<span style=\"color: #0000ff;\"><a style=\"color: #0000ff;\" href=\"https:\/\/orcid.org\/my-orcid?orcid=0000-0001-5910-1058\">https:\/\/orcid.org\/my-orcid?orcid=0000-0001-5910-1058<\/a>\u00a0<\/span><\/span><\/h3><h2 style=\"text-align: right;\"><span style=\"color: #800080;\">\u0627\u0644\u062a\u0639\u0644\u064a\u0645<\/span><\/h2><ul><li><h3><span style=\"color: #000000;\">\u062f\u0631\u062c\u0629 \u062f\u0643\u062a\u0648\u0631\u0627\u0647 \u0641\u064a: \u0645\u0633\u062c\u0644\u0629 \u0641\u064a \u062f\u0643\u062a\u0648\u0631\u0627\u0647 \u0639\u0644\u0648\u0645\u00a0 \u0641\u064a \u062c\u0627\u0645\u0639\u0629 \u0627\u0644\u0639\u0631\u0628\u064a \u0628\u0646 \u0645\u0647\u064a\u062f\u064a\u060c\u0623\u0645 \u0627\u0644\u0628\u0648\u0627\u0642\u064a\u060c \u0645\u0639\u0647\u062f \u062a\u0633\u064a\u064a\u0631 \u0627\u0644\u062a\u0642\u0646\u064a\u0627\u062a \u0627\u0644\u062d\u0636\u0631\u064a\u0629. <\/span><span style=\"color: #000000;\">\u0627\u0644\u062a\u062e\u0635\u0635 :villes territoires et environnement<\/span><\/h3><\/li><li><h3><span style=\"color: #000000;\">-\u062f\u0631\u062c\u0629 \u0645\u0627\u062c\u064a\u0633\u062a\u0627\u0631 \u0641\u064a : \u0641\u064a \u0627\u0644\u0647\u0646\u062f\u0633\u0629 \u0627\u0644\u0645\u0639\u0645\u0627\u0631\u064a\u0629 \u0648\u0627\u0644\u0639\u0645\u0631\u0627\u0646 \u062c\u0627\u0645\u0639\u0629 \u0627\u0644\u0639\u0631\u0628\u064a \u0628\u0646 \u0645\u0647\u064a\u062f\u064a\u060c\u0623\u0645 \u0627\u0644\u0628\u0648\u0627\u0642\u064a\u060c \u0645\u0639\u0647\u062f \u062a\u0633\u064a\u064a\u0631 \u0627\u0644\u062a\u0642\u0646\u064a\u0627\u062a \u0627\u0644\u062d\u0636\u0631\u064a\u0629\u060c<\/span><\/h3><\/li><li><h3><span style=\"color: #000000;\">\u062f\u0631\u062c\u0629 \u0645\u0647\u0646\u062f\u0633 \u062f\u0648\u0644\u0629 \u0641\u064a: \u062a\u0633\u064a\u064a\u0631 \u0627\u0644\u062a\u0642\u0646\u064a\u0627\u062a \u0627\u0644\u062d\u0636\u0631\u064a\u0629 \u060c\u062c\u0627\u0645\u0639\u0629 \u0627\u0644\u0639\u0631\u0628\u064a \u0628\u0646 \u0645\u0647\u064a\u062f\u064a\u060c\u0623\u0645 \u0627\u0644\u0628\u0648\u0627\u0642\u064a\u060c \u0645\u0639\u0647\u062f \u062a\u0633\u064a\u064a\u0631 \u0627\u0644\u062a\u0642\u0646\u064a\u0627\u062a \u0627\u0644\u062d\u0636\u0631\u064a\u0629.<\/span><\/h3><\/li><\/ul><h2 style=\"text-align: right;\"><span style=\"color: #800080;\">\u0648\u0638\u0627\u0626\u0641 \u0648 \u0645\u0624\u0633\u0633\u0627\u062a \u0627\u0644\u0627\u0646\u062a\u0633\u0627\u0628<\/span><\/h2><h3 style=\"text-align: right;\"><span style=\"color: #000000;\">\u0623\u0633\u062a\u0627\u0630: \u0645\u0633\u0627\u0639\u062f-\u0623- \u0641\u064a \u0645\u0639\u0647\u062f \u062a\u0633\u064a\u064a\u0631 \u0627\u0644\u062a\u0642\u0646\u064a\u0627\u062a \u0627\u0644\u062d\u0636\u0631\u064a\u0629-\u062c\u0627\u0645\u0639\u0629 \u0627\u0645 \u0627\u0644\u0628\u0648\u0627\u0642\u064a<\/span><\/h3><h2 style=\"text-align: right;\"><span style=\"color: #800080;\">\u0645\u0642\u0627\u064a\u064a\u0633 \u0627\u0644\u062a\u062f\u0631\u064a\u0633<\/span><\/h2><h3 style=\"text-align: right;\"><span style=\"color: #000000;\">\u0627\u0644\u0648\u0631\u0634\u0629 \u0644\u0645\u062e\u062a\u0644\u0641 \u0627\u0644\u0645\u0633\u062a\u0648\u064a\u0627\u062a \u0648\u0627\u0644\u062a\u062e\u0635\u0635\u0627\u062a \u0641\u064a \u0645\u0639\u0647\u062f \u062a\u0633\u064a\u064a\u0631 \u0627\u0644\u062a\u0642\u0646\u064a\u0627\u062a \u0627\u0644\u062d\u0636\u0631\u064a\u0629:<\/span><span style=\"color: #000000;\">\u0633\u0646\u0629 \u0623\u0648\u0644\u0649\u00a0<\/span><span style=\"color: #000000;\">\u0633\u0646\u0629 \u062b\u0627\u0646\u064a\u0629\u00a0<\/span><span style=\"color: #000000;\">\u0633\u0646\u0629 \u062b\u0627\u0644\u062b\u0629\u00a0<\/span><span style=\"color: #000000;\">\u0645\u0627\u0633\u062a\u0631 1 <\/span><span style=\"color: #000000;\">\u0645\u0627\u0633\u062a\u06312<\/span><\/h3><h3 style=\"text-align: right;\"><span style=\"color: #000000;\">\u062a\u0633\u064a\u064a\u0631 \u0627\u0644\u0646\u0641\u0627\u064a\u0627\u062a \u0627\u0644\u062d\u0636\u0631\u064a\u0629 \u0627\u0644\u0635\u0644\u0628\u0629 \u0648\u0645\u0639\u0627\u0644\u062c\u062a\u0647\u0627.<\/span><span style=\"color: #000000;\">\u0627\u0644\u0645\u0633\u0627\u062d\u0627\u062a \u0627\u0644\u062e\u0636\u0631\u0627\u0621.<\/span><span style=\"color: #000000;\">\u062a\u0633\u064a\u064a\u0631 \u0627\u0644\u0646\u0642\u0644 \u0627\u0644\u062d\u0636\u0631\u064a \u0648\u0627\u0644\u062d\u0631\u0643\u064a\u0629.<\/span><span style=\"color: #000000;\">\u0627\u0644\u0646\u0642\u0644 \u0627\u0644\u062d\u0636\u0631\u064a.<\/span><span style=\"color: #000000;\">\u0625\u0633\u062a\u062f\u0627\u0645\u0629 \u0627\u0644\u063a\u0637\u0627\u0621 \u0627\u0644\u0646\u0628\u0627\u062a\u064a.\u0627\u0644\u062d\u0636\u0631\u064a.<\/span><span style=\"color: #000000;\">\u0627\u0644\u0627\u064a\u0643\u0648\u0644\u0648\u062c\u064a\u0629 \u0627\u0644\u062d\u0636\u0631\u064a\u0629.<\/span><span style=\"color: #000000;\">\u0645\u0646\u0647\u062c\u064a\u0629 \u0627\u0644\u0628\u062d\u062b.<\/span><span style=\"color: #000000;\">\u0627\u0644\u0623\u062e\u0637\u0627\u0631 \u0627\u0644\u062d\u0636\u0631\u064a\u0629.<\/span><span style=\"color: #000000;\">\u0645\u062f\u062e\u0644 \u0625\u0644\u064a \u0645\u0646\u0647\u062c\u064a\u0629 \u0627\u0644\u0628\u062d\u062b.<\/span><span style=\"color: #000000;\">\u0623\u062e\u0644\u0627\u0642\u064a\u0627\u062a \u0627\u0644\u0645\u0647\u0646\u0629.<\/span><span style=\"color: #000000;\">\u062a\u0633\u064a\u064a\u0631 \u0627\u0644\u0645\u0648\u0627\u0631\u062f \u0627\u0644\u062d\u0636\u0631\u064a\u0629.<\/span><span style=\"color: #000000;\">\u0627\u0644\u0645\u0634\u0631\u0648\u0639 \u0627\u0644\u062d\u0636\u0631\u064a.<\/span><span style=\"color: #000000;\">\u0627\u0644\u062a\u0634\u0631\u064a\u0639 \u0627\u0644\u062d\u0636\u0631\u064a.<\/span><span style=\"color: #000000;\">\u062a\u0633\u064a\u064a\u0631 \u0627\u0644\u0645\u0633\u0627\u062d\u0627\u062a \u0627\u0644\u062e\u0636\u0631\u0627\u0621 \u0627\u0644\u062d\u0636\u0631\u064a\u0629.<\/span><\/h3><h3 style=\"text-align: right;\"><span style=\"color: #000000;\">\u062a\u0623\u0637\u064a\u0631 \u0627\u0644\u0637\u0644\u0628\u0629 :<\/span><\/h3><h3><span style=\"color: #000000;\"><strong>\u0645\u0646\u0630 \u0633\u0646\u0629 2011\/2023 \u0625\u0644\u064a \u064a\u0648\u0645\u0646\u0627 \u0647\u0630\u0627<\/strong><\/span><\/h3><h3><span style=\"color: #000000;\">\u2013 <strong>\u0627\u0644\u0623\u0634\u0631\u0627\u0641 \u0639\u0644\u0649 \u0627\u0644\u062a\u0623\u0637\u064a\u0631 \u0641\u064a \u0634\u0647\u0627\u062f\u0629 \u0645\u0647\u0646\u062f\u0633 \u062f\u0648\u0644\u0629 \u0641\u064a \u062a\u0633\u064a\u064a\u0631 \u0627\u0644\u062a\u0642\u0646\u064a\u0627\u062a \u0627\u0644\u062d\u0636\u0631\u064a\u0629.<\/strong><\/span><\/h3><h3><span style=\"color: #000000;\"><strong>\u2013 \u0627\u0644\u0625\u0634\u0631\u0627\u0641 \u0639\u0644\u0649 \u0627\u0644\u062a\u0623\u0637\u064a\u0631 \u0641\u064a \u0634\u0647\u0627\u062f\u0629 \u0644\u064a\u0633\u0627\u0646\u0633 \u0641\u064a \u062a\u0633\u064a\u064a\u0631 \u0627\u0644\u062a\u0642\u0646\u064a\u0627\u062a \u0627\u0644\u062d\u0636\u0631\u064a\u0629.<\/strong><\/span><\/h3><h3><span style=\"color: #000000;\"><strong>\u2013 \u0627\u0644\u0625\u0634\u0631\u0627\u0641 \u0641\u064a \u0627\u0644\u062a\u0623\u0637\u064a\u0631 \u0641\u064a \u0634\u0647\u0627\u062f\u0629 \u0627\u0644\u0645\u0627\u0633\u062a\u0631 \u0641\u064a \u062a\u0633\u064a\u064a\u0631 \u0627\u0644\u062a\u0642\u0646\u064a\u0627\u062a \u0627\u0644\u062d\u0636\u0631\u064a\u0629.<\/strong><\/span><\/h3><h2 style=\"text-align: right;\"><span style=\"color: #800080;\">\u0645\u0646\u0634\u0648\u0631\u0627\u062a \u062f\u0648\u0644\u064a\u0629<\/span><\/h2><p>\u00a0<\/p><h3 style=\"text-align: left;\"><span style=\"color: #000000;\"><strong>Article<\/strong>: QUALIT\u00c9 DE VIE ET DURABILIT\u00c9 DANS LES QUARTIERS R\u00c9SIDENTIELS ALG\u00c9RIENS ENTRE LA M\u00c9THODOLOGIE DE PLANIFICATION ET LA R\u00c9ALIT\u00c9 DE MISE EN OEUVRE. LE CAS DE LA VILLE D\u2019OUM EL-BOUAGHI, ALG\u00c9RIE.<\/span><\/h3><h3 style=\"text-align: left;\"><span style=\"color: #000000;\">\u00a0Rev. Roum. G\u00e9ogr.\/Rom. Journ. Geogr., 66, (2), p. 179\u2013195, 2022, Bucure\u015fti.scoupus<\/span><\/h3><hr \/><h3 style=\"text-align: right;\"><span style=\"color: #808080;\"><strong>\u0645\u0642\u0627\u0644 \u0628\u0639\u0646\u0648\u0627\u0646:<\/strong>\u00a0\u062c\u0648\u062f\u0629 \u0627\u0644\u062d\u064a\u0627\u0629 \u0648\u0627\u0644\u0627\u0633\u062a\u062f\u0627\u0645\u0629 \u0627\u0644\u0627\u062c\u062a\u0645\u0627\u0639\u064a\u0629 \u060c \u0645\u0642\u0627\u0631\u0628\u0629 \u0646\u0638\u0631\u064a\u0629 \u0641\u064a \u062d\u062f\u0627\u062b\u0629 \u0627\u0644\u0639\u0644\u0627\u0642\u0629 \u0645\u0646 \u0645\u0646\u0638\u0648\u0631 \u062d\u0636\u0631\u064a \u060c \u062a\u0627\u0631\u064a\u062e \u0627\u0644\u062a\u0633\u0644\u064a\u0645 7\/7\/2022\u060c \u062a\u0627\u0631\u064a\u062e \u0627\u0644\u0642\u0628\u0648\u0644 30\/12\/2022\u0645.<\/span><\/h3><h3 style=\"text-align: right;\"><span style=\"color: #808080;\">\u0645\u062c\u0644\u0629 \u0627\u0644\u0639\u0644\u0648\u0645 \u0627\u0644\u0625\u0646\u0633\u0627\u0646\u064a\u0629 \u0644\u062c\u0627\u0645\u0639\u0629 \u0623\u0645 \u0627\u0644\u0628\u0648\u0627\u0642\u064a \u060c\u0627\u0644\u0645\u062c\u0627\u062f 09 \u0627\u0644\u0639\u062f\u062f 03\u060c\u062f\u064a\u0633\u0645\u0628\u0631 2022\u0645.<\/span><\/h3><hr \/><h3 style=\"text-align: right;\"><span style=\"color: #000000;\">\u0627\u0647\u062a\u0645\u0627\u0645\u0627\u062a: \u0627\u0644\u0628\u062d\u062b \u0627\u0644\u0639\u0644\u0645\u064a.<\/span><\/h3>\t\t\t\t\t\t\t\t<\/div>\n\t\t\t\t<\/div>\n\t\t\t\t\t<\/div>\n\t\t<\/div>\n\t\t\t\t\t<\/div>\n\t\t<\/section>\n\t\t\t\t<\/div>\n\t\t","protected":false},"excerpt":{"rendered":"<p>\u0627\u0644\u0623\u0633\u062a\u0627\u0630\u0629: \u062f\u062d\u062f\u0648\u062d \u0641\u0627\u0637\u064a\u0645\u0629 \u0642\u0633\u0645 . \u062a\u0633\u064a\u064a\u0631 \u0627\u0644\u062a\u0642\u0646\u064a\u0627\u062a \u0627\u0644\u062d\u0636\u0631\u064a\u0629. \u062c\u0627\u0645\u0639\u0629 \u0627\u0645 \u0627\u0644\u0628\u0648\u0627\u0642\u064a \u0627\u0644\u062c\u0632\u0627\u0626\u0631 \u0627\u0644\u0628\u0631\u064a\u062f \u0627\u0644\u0627\u0644\u0643\u062a\u0631\u0648\u0646\u064a: fatigtu@yahoo.fr \u0631\u0642\u0645 \u0627\u0644\u0647\u0627\u062a\u0641: \u0647\u0648\u064a\u0629 \u0627\u0644\u0628\u0627\u062d\u062b Google Scholar :https:\/\/scholar.google.com\/citations?user=uTNVhJwAAAAJ&amp;hl=fr\u00a0 ReaserchGate : https:\/\/www.researchgate.net\/profile\/Dahdouh-Fatima ORCID :\u00a0https:\/\/orcid.org\/my-orcid?orcid=0000-0001-5910-1058\u00a0 \u0627\u0644\u062a\u0639\u0644\u064a\u0645 \u062f\u0631\u062c\u0629 \u062f\u0643\u062a\u0648\u0631\u0627\u0647 \u0641\u064a: \u0645\u0633\u062c\u0644\u0629 \u0641\u064a \u062f\u0643\u062a\u0648\u0631\u0627\u0647 \u0639\u0644\u0648\u0645\u00a0 \u0641\u064a \u062c\u0627\u0645\u0639\u0629 \u0627\u0644\u0639\u0631\u0628\u064a \u0628\u0646 \u0645\u0647\u064a\u062f\u064a\u060c\u0623\u0645 \u0627\u0644\u0628\u0648\u0627\u0642\u064a\u060c \u0645\u0639\u0647\u062f \u062a\u0633\u064a\u064a\u0631 \u0627\u0644\u062a\u0642\u0646\u064a\u0627\u062a \u0627\u0644\u062d\u0636\u0631\u064a\u0629. \u0627\u0644\u062a\u062e\u0635\u0635 :villes territoires et environnement -\u062f\u0631\u062c\u0629 \u0645\u0627\u062c\u064a\u0633\u062a\u0627\u0631 \u0641\u064a : \u0641\u064a \u0627\u0644\u0647\u0646\u062f\u0633\u0629 \u0627\u0644\u0645\u0639\u0645\u0627\u0631\u064a\u0629 \u0648\u0627\u0644\u0639\u0645\u0631\u0627\u0646 \u062c\u0627\u0645\u0639\u0629 \u0627\u0644\u0639\u0631\u0628\u064a \u0628\u0646 \u0645\u0647\u064a\u062f\u064a\u060c\u0623\u0645 \u0627\u0644\u0628\u0648\u0627\u0642\u064a\u060c \u0645\u0639\u0647\u062f \u062a\u0633\u064a\u064a\u0631 \u0627\u0644\u062a\u0642\u0646\u064a\u0627\u062a \u0627\u0644\u062d\u0636\u0631\u064a\u0629\u060c \u062f\u0631\u062c\u0629 \u0645\u0647\u0646\u062f\u0633 \u062f\u0648\u0644\u0629 \u0641\u064a: \u062a\u0633\u064a\u064a\u0631 \u0627\u0644\u062a\u0642\u0646\u064a\u0627\u062a \u0627\u0644\u062d\u0636\u0631\u064a\u0629 \u060c\u062c\u0627\u0645\u0639\u0629 \u0627\u0644\u0639\u0631\u0628\u064a \u0628\u0646 \u0645\u0647\u064a\u062f\u064a\u060c\u0623\u0645 \u0627\u0644\u0628\u0648\u0627\u0642\u064a\u060c \u0645\u0639\u0647\u062f \u062a\u0633\u064a\u064a\u0631 \u0627\u0644\u062a\u0642\u0646\u064a\u0627\u062a \u0627\u0644\u062d\u0636\u0631\u064a\u0629. \u0648\u0638\u0627\u0626\u0641 \u0648 \u0645\u0624\u0633\u0633\u0627\u062a \u0627\u0644\u0627\u0646\u062a\u0633\u0627\u0628 \u0623\u0633\u062a\u0627\u0630: \u0645\u0633\u0627\u0639\u062f-\u0623- \u0641\u064a \u0645\u0639\u0647\u062f \u062a\u0633\u064a\u064a\u0631 \u0627\u0644\u062a\u0642\u0646\u064a\u0627\u062a \u0627\u0644\u062d\u0636\u0631\u064a\u0629-\u062c\u0627\u0645\u0639\u0629 \u0627\u0645 \u0627\u0644\u0628\u0648\u0627\u0642\u064a \u0645\u0642\u0627\u064a\u064a\u0633 \u0627\u0644\u062a\u062f\u0631\u064a\u0633 \u0627\u0644\u0648\u0631\u0634\u0629 \u0644\u0645\u062e\u062a\u0644\u0641 \u0627\u0644\u0645\u0633\u062a\u0648\u064a\u0627\u062a \u0648\u0627\u0644\u062a\u062e\u0635\u0635\u0627\u062a \u0641\u064a \u0645\u0639\u0647\u062f \u062a\u0633\u064a\u064a\u0631 \u0627\u0644\u062a\u0642\u0646\u064a\u0627\u062a \u0627\u0644\u062d\u0636\u0631\u064a\u0629:\u0633\u0646\u0629 \u0623\u0648\u0644\u0649\u00a0\u0633\u0646\u0629 \u062b\u0627\u0646\u064a\u0629\u00a0\u0633\u0646\u0629 \u062b\u0627\u0644\u062b\u0629\u00a0\u0645\u0627\u0633\u062a\u0631 1 \u0645\u0627\u0633\u062a\u06312 \u062a\u0633\u064a\u064a\u0631 \u0627\u0644\u0646\u0641\u0627\u064a\u0627\u062a \u0627\u0644\u062d\u0636\u0631\u064a\u0629 \u0627\u0644\u0635\u0644\u0628\u0629 \u0648\u0645\u0639\u0627\u0644\u062c\u062a\u0647\u0627.\u0627\u0644\u0645\u0633\u0627\u062d\u0627\u062a \u0627\u0644\u062e\u0636\u0631\u0627\u0621.\u062a\u0633\u064a\u064a\u0631 \u0627\u0644\u0646\u0642\u0644 \u0627\u0644\u062d\u0636\u0631\u064a \u0648\u0627\u0644\u062d\u0631\u0643\u064a\u0629.\u0627\u0644\u0646\u0642\u0644 \u0627\u0644\u062d\u0636\u0631\u064a.\u0625\u0633\u062a\u062f\u0627\u0645\u0629 \u0627\u0644\u063a\u0637\u0627\u0621 \u0627\u0644\u0646\u0628\u0627\u062a\u064a.\u0627\u0644\u062d\u0636\u0631\u064a.\u0627\u0644\u0627\u064a\u0643\u0648\u0644\u0648\u062c\u064a\u0629 \u0627\u0644\u062d\u0636\u0631\u064a\u0629.\u0645\u0646\u0647\u062c\u064a\u0629 \u0627\u0644\u0628\u062d\u062b.\u0627\u0644\u0623\u062e\u0637\u0627\u0631 \u0627\u0644\u062d\u0636\u0631\u064a\u0629.\u0645\u062f\u062e\u0644 \u0625\u0644\u064a \u0645\u0646\u0647\u062c\u064a\u0629 \u0627\u0644\u0628\u062d\u062b.\u0623\u062e\u0644\u0627\u0642\u064a\u0627\u062a \u0627\u0644\u0645\u0647\u0646\u0629.\u062a\u0633\u064a\u064a\u0631 \u0627\u0644\u0645\u0648\u0627\u0631\u062f \u0627\u0644\u062d\u0636\u0631\u064a\u0629.\u0627\u0644\u0645\u0634\u0631\u0648\u0639 \u0627\u0644\u062d\u0636\u0631\u064a.\u0627\u0644\u062a\u0634\u0631\u064a\u0639 \u0627\u0644\u062d\u0636\u0631\u064a.\u062a\u0633\u064a\u064a\u0631 \u0627\u0644\u0645\u0633\u0627\u062d\u0627\u062a \u0627\u0644\u062e\u0636\u0631\u0627\u0621 \u0627\u0644\u062d\u0636\u0631\u064a\u0629. \u062a\u0623\u0637\u064a\u0631 \u0627\u0644\u0637\u0644\u0628\u0629 : \u0645\u0646\u0630 \u0633\u0646\u0629 2011\/2023 \u0625\u0644\u064a \u064a\u0648\u0645\u0646\u0627 \u0647\u0630\u0627 \u2013 \u0627\u0644\u0623\u0634\u0631\u0627\u0641 \u0639\u0644\u0649 \u0627\u0644\u062a\u0623\u0637\u064a\u0631 \u0641\u064a \u0634\u0647\u0627\u062f\u0629 \u0645\u0647\u0646\u062f\u0633 \u062f\u0648\u0644\u0629 \u0641\u064a \u062a\u0633\u064a\u064a\u0631 \u0627\u0644\u062a\u0642\u0646\u064a\u0627\u062a \u0627\u0644\u062d\u0636\u0631\u064a\u0629. \u2013 \u0627\u0644\u0625\u0634\u0631\u0627\u0641 \u0639\u0644\u0649 \u0627\u0644\u062a\u0623\u0637\u064a\u0631 \u0641\u064a \u0634\u0647\u0627\u062f\u0629 \u0644\u064a\u0633\u0627\u0646\u0633 \u0641\u064a \u062a\u0633\u064a\u064a\u0631 \u0627\u0644\u062a\u0642\u0646\u064a\u0627\u062a \u0627\u0644\u062d\u0636\u0631\u064a\u0629. \u2013 \u0627\u0644\u0625\u0634\u0631\u0627\u0641 \u0641\u064a \u0627\u0644\u062a\u0623\u0637\u064a\u0631 \u0641\u064a \u0634\u0647\u0627\u062f\u0629 \u0627\u0644\u0645\u0627\u0633\u062a\u0631 \u0641\u064a \u062a\u0633\u064a\u064a\u0631 \u0627\u0644\u062a\u0642\u0646\u064a\u0627\u062a \u0627\u0644\u062d\u0636\u0631\u064a\u0629. \u0645\u0646\u0634\u0648\u0631\u0627\u062a \u062f\u0648\u0644\u064a\u0629 \u00a0 Article: QUALIT\u00c9 DE VIE ET DURABILIT\u00c9 DANS LES QUARTIERS R\u00c9SIDENTIELS ALG\u00c9RIENS ENTRE LA M\u00c9THODOLOGIE DE PLANIFICATION ET LA R\u00c9ALIT\u00c9 DE MISE EN OEUVRE. LE CAS DE LA VILLE D\u2019OUM EL-BOUAGHI, ALG\u00c9RIE. \u00a0Rev. Roum. G\u00e9ogr.\/Rom. Journ. Geogr., 66, (2), p. 179\u2013195, 2022, Bucure\u015fti.scoupus \u0645\u0642\u0627\u0644 \u0628\u0639\u0646\u0648\u0627\u0646:\u00a0\u062c\u0648\u062f\u0629 \u0627\u0644\u062d\u064a\u0627\u0629 \u0648\u0627\u0644\u0627\u0633\u062a\u062f\u0627\u0645\u0629 \u0627\u0644\u0627\u062c\u062a\u0645\u0627\u0639\u064a\u0629 \u060c \u0645\u0642\u0627\u0631\u0628\u0629 \u0646\u0638\u0631\u064a\u0629 \u0641\u064a \u062d\u062f\u0627\u062b\u0629 \u0627\u0644\u0639\u0644\u0627\u0642\u0629 \u0645\u0646 \u0645\u0646\u0638\u0648\u0631 \u062d\u0636\u0631\u064a \u060c \u062a\u0627\u0631\u064a\u062e \u0627\u0644\u062a\u0633\u0644\u064a\u0645 7\/7\/2022\u060c \u062a\u0627\u0631\u064a\u062e \u0627\u0644\u0642\u0628\u0648\u0644 30\/12\/2022\u0645. \u0645\u062c\u0644\u0629 \u0627\u0644\u0639\u0644\u0648\u0645 \u0627\u0644\u0625\u0646\u0633\u0627\u0646\u064a\u0629 \u0644\u062c\u0627\u0645\u0639\u0629 \u0623\u0645 \u0627\u0644\u0628\u0648\u0627\u0642\u064a \u060c\u0627\u0644\u0645\u062c\u0627\u062f 09 \u0627\u0644\u0639\u062f\u062f 03\u060c\u062f\u064a\u0633\u0645\u0628\u0631 2022\u0645. \u0627\u0647\u062a\u0645\u0627\u0645\u0627\u062a: \u0627\u0644\u0628\u062d\u062b \u0627\u0644\u0639\u0644\u0645\u064a.<\/p>\n","protected":false},"author":1,"featured_media":0,"parent":0,"menu_order":0,"comment_status":"closed","ping_status":"closed","template":"","meta":{"_eb_attr":"","footnotes":""},"class_list":["post-10399","page","type-page","status-publish","hentry"],"_links":{"self":[{"href":"https:\/\/www.univ-oeb.dz\/igtu\/wp-json\/wp\/v2\/pages\/10399","targetHints":{"allow":["GET"]}}],"collection":[{"href":"https:\/\/www.univ-oeb.dz\/igtu\/wp-json\/wp\/v2\/pages"}],"about":[{"href":"https:\/\/www.univ-oeb.dz\/igtu\/wp-json\/wp\/v2\/types\/page"}],"author":[{"embeddable":true,"href":"https:\/\/www.univ-oeb.dz\/igtu\/wp-json\/wp\/v2\/users\/1"}],"replies":[{"embeddable":true,"href":"https:\/\/www.univ-oeb.dz\/igtu\/wp-json\/wp\/v2\/comments?post=10399"}],"version-history":[{"count":0,"href":"https:\/\/www.univ-oeb.dz\/igtu\/wp-json\/wp\/v2\/pages\/10399\/revisions"}],"wp:attachment":[{"href":"https:\/\/www.univ-oeb.dz\/igtu\/wp-json\/wp\/v2\/media?parent=10399"}],"curies":[{"name":"wp","href":"https:\/\/api.w.org\/{rel}","templated":true}]}}