{"id":10385,"date":"2023-03-30T14:59:40","date_gmt":"2023-03-30T12:59:40","guid":{"rendered":"http:\/\/www.univ-oeb.dz\/igtu\/?page_id=10385"},"modified":"2023-04-25T15:32:29","modified_gmt":"2023-04-25T13:32:29","slug":"aabdauoi-djihane-rim-ar","status":"publish","type":"page","link":"https:\/\/www.univ-oeb.dz\/igtu\/aabdauoi-djihane-rim-ar\/","title":{"rendered":"Aabdauoi Djihane rim ar"},"content":{"rendered":"\t\t<div data-elementor-type=\"wp-page\" data-elementor-id=\"10385\" class=\"elementor elementor-10385\">\n\t\t\t\t\t\t<section class=\"elementor-section elementor-top-section elementor-element elementor-element-0145bd7 elementor-section-boxed elementor-section-height-default elementor-section-height-default wpr-particle-no wpr-jarallax-no wpr-parallax-no wpr-sticky-section-no\" data-id=\"0145bd7\" data-element_type=\"section\">\n\t\t\t\t\t\t<div class=\"elementor-container elementor-column-gap-default\">\n\t\t\t\t\t<div class=\"elementor-column elementor-col-100 elementor-top-column elementor-element elementor-element-e44f3e9\" data-id=\"e44f3e9\" data-element_type=\"column\">\n\t\t\t<div class=\"elementor-widget-wrap elementor-element-populated\">\n\t\t\t\t\t\t<div class=\"elementor-element elementor-element-1c17eba elementor-widget elementor-widget-text-editor\" data-id=\"1c17eba\" data-element_type=\"widget\" data-widget_type=\"text-editor.default\">\n\t\t\t\t<div class=\"elementor-widget-container\">\n\t\t\t\t\t\t\t\t\t<h2><span style=\"color: #000000;\">\u0627\u0644\u0627\u0633\u062a\u0627\u0630\u0629: <span style=\"color: #0000ff;\">\u0639\u0628\u062f\u0627\u0648\u064a \u062c\u064a\u0647\u0627\u0646 \u0631\u064a\u0645<\/span><\/span><\/h2><h3><span style=\"color: #000000;\">\u00a0\u0645\u0639\u0647\u062f \u062a\u0633\u064a\u064a\u0631 \u0627\u0644\u062a\u0642\u0646\u064a\u0627\u062a \u0627\u0644\u062d\u0636\u0631\u064a\u0629\u060c \u062c\u0627\u0645\u0639\u0629 \u0627\u0645 \u0627\u0644\u0628\u0648\u0627\u0642\u064a \u0627\u0644\u062c\u0632\u0627\u0626\u0631<\/span><br \/><span style=\"color: #000000;\">\u00a0\u0627\u0644\u0628\u0631\u064a\u062f\u0627\u0644\u0627\u0644\u0643\u062a\u0631\u0648\u0646\u064a :<span style=\"color: #0000ff;\">gihen. ream@gmail.com\u00a0<\/span><\/span><\/h3><h3><span style=\"color: #000000;\">\u00a0<\/span><span style=\"color: #000000;\">\u0627\u0644\u0647\u0627\u062a\u0641<\/span><span style=\"color: #000000;\">:<\/span><span style=\"color: #000000;\">05 58 40 50 04\u00a0<\/span><\/h3><h2><span style=\"color: #800080;\">\u00a0\u0647\u0648\u064a\u0629 \u0627\u0644\u0628\u0627\u062d\u062b\u00a0<\/span><\/h2><h3 style=\"text-align: left;\"><span style=\"color: #000000;\"> \u00a0<\/span><br \/><span style=\"color: #000000;\">Google Scholar:\u00a0<\/span><span style=\"color: #0000ff;\">https:\/\/scholar.google.fr\/citations?user=3zhF1_gAAAAJ&amp;hl=fr<\/span>\u00a0<\/h3><h3 style=\"text-align: left;\"><span style=\"color: #000000;\">ReaserchGate<\/span> :<span style=\"color: #0000ff;\">https:\/\/www.researchgate.net\/profile\/Gihen-Rym-Abdaoui<\/span>\u00a0\u00a0<\/h3><h3 style=\"text-align: left;\"><span style=\"color: #000000;\">ORCID:<span style=\"color: #0000ff;\"> https:\/\/orcid.org\/0000-0003-3650-2996<\/span>\u00a0\u00a0<\/span><\/h3><h3 style=\"text-align: left;\">\u00a0<\/h3><h2 style=\"text-align: right;\"><span style=\"color: #800080;\">\u0627\u0644\u062a\u0639\u0644\u064a\u0645<\/span><\/h2><h3 style=\"text-align: right;\"><span style=\"color: #000000;\">\u062f\u0631\u062c\u0629\u062f\u0643\u062a\u0648\u0631\u0627\u0647 \u0641\u064a: \u062a\u0633\u064a\u064a\u0631 \u0627\u0644\u062a\u0642\u0646\u064a\u0627\u062a \u0627\u0644\u062d\u0636\u0631\u064a\u0629<\/span><br \/><span style=\"color: #000000;\">\u00a0\u062f\u0631\u062c\u0629\u0645\u0627\u062c\u0633\u062a\u0631 \u0641\u064a : \u0627\u0644\u062a\u0647\u064a\u0626\u0629 \u0627\u0627\u0644\u0642\u0644\u064a\u0645\u064a\u0629<\/span><br \/><span style=\"color: #000000;\">\u062f\u0631\u062c\u0629\u0645\u0647\u0646\u062f\u0633 \u062f\u0648\u0644\u0629 \u0641\u064a : \u0644\u062a\u0647\u064a\u0626\u0629 \u0627\u0627\u0644\u0642\u0644\u064a\u0645\u064a\u0629\u00a0<\/span><\/h3><h2 style=\"text-align: right;\"><span style=\"color: #800080;\">\u0645\u0642\u0627\u064a\u064a\u0633 \u0627\u0644\u062a\u062f\u0631\u064a\u0633\u00a0<\/span><\/h2><h3 style=\"text-align: right;\"><span style=\"color: #000000;\">\u2013 \u0627\u0644\u0627\u0633\u062a\u0634\u0639\u0627\u0631 \u0639\u0646 \u0628\u0639\u062f \u0627\u0644\u0633\u0646\u0629 \u0627\u0644\u062b\u0627\u0644\u062b\u0629 \u0644\u064a\u0633\u0627\u0646\u0633 \u062a\u0633\u064a\u064a\u0631 \u0627\u0644\u0645\u062f\u0646<\/span><\/h3><h3 style=\"text-align: right;\"><span style=\"color: #000000;\">\u2013 \u0627\u0644\u062e\u0631\u0627\u0626\u0637 \u0627\u0644\u0633\u0646\u0629 \u0627\u0644\u062b\u0627\u0644\u062b\u0629 \u0644\u064a\u0633\u0627\u0646\u0633 \u062a\u0633\u064a\u064a\u0631 \u0627\u0644\u0645\u062f\u0646<\/span><\/h3><h3 style=\"text-align: right;\"><span style=\"color: #000000;\">\u2013 \u0627\u0644\u0648\u0631\u0634\u0629 \u0627\u0644\u0633\u0646\u0629 \u0627\u0644\u062b\u0627\u0644\u062b\u0629 \u0644\u064a\u0633\u0627\u0646\u0633 \u0647\u0646\u062f\u0633\u0629 \u062d\u0636\u0631\u064a\u0629: \u062a\u062d\u0644\u064a\u0644 \u0627\u0644\u0634\u0628\u0643\u0627\u062a \u0627\u0644\u062d\u0636\u0631\u064a\u0629 \u0648 \u0625\u0639\u0627\u062f\u0629 \u062a\u0623\u0647\u064a\u0644\u0647\u0627 \u0648 \u062a\u0647\u064a\u0626\u062a\u0647\u0627<\/span><br \/><span style=\"color: #000000;\">\u2013 \u0627\u0644\u062a\u0633\u064a\u064a\u0631 \u0627\u0644\u0628\u064a\u0626\u064a \u0623\u0648\u0644\u0649 \u0645\u0627\u0633\u062a\u0631 \u062a\u0633\u064a\u064a\u0631 \u0627\u0644\u0645\u062f\u0646<\/span><\/h3><h2 style=\"text-align: right;\"><span style=\"color: #800080;\">\u0645\u0646\u0634\u0648\u0631\u0627\u062a \u062f\u0648\u0644\u064a\u0629<\/span><\/h2><h3 style=\"text-align: right;\">\u00a0<\/h3><h3 style=\"text-align: left;\"><span style=\"color: #000000;\">Gihen Ream Abdaoui1 , Ahmed Amine Tabet1 , Foued Bouaicha2 , Ahmed Bousmaha3 , and Salah Bouchemal1Sprawl, Specificity and Dynamics of Inter-Municipal UrbanAgglomerations of the Souf Valley (South East Algeria): Using GIS Techniques <span style=\"text-align: left; font-size: 16px;\">\u00a0\u00a0<\/span><\/span><\/h3><h3 style=\"text-align: left;\"><span style=\"color: #000000; font-size: 18.72px; font-weight: bold; text-align: left;\">International Journal of Innovation and Applied Studies ISSN 2028-9324 Vol. 29 No. 4 Jul. 2020, pp. 991-1014 \u00a9 2020 Innovative Space of Scientific Research Journals\u00a0<\/span><a style=\"color: #000000;\" href=\"http:\/\/www.ijias.issr-journals.org\/\" target=\"_blank\" rel=\"noopener\" data-saferedirecturl=\"https:\/\/www.google.com\/url?q=http:\/\/www.ijias.issr-journals.org\/&amp;source=gmail&amp;ust=1682515273946000&amp;usg=AOvVaw0KjxhXqcrp7napCEJ14fJW\">http:\/\/www.ijias.issr-<wbr \/>journals.or<\/a><\/h3><hr \/><h3 style=\"text-align: left;\"><span style=\"color: #808080;\">Ahmed Amine Tabet, Gihen Rym Abdaoui &amp; Hafid Layeb, \u00abAutomatic extraction of build-up areas from bare land using Sentinel 2A imagery in El Khroub city, Algeria\u00bb, Bulletin de la Soci\u00e9t\u00e9 Royale des Sciences de Li\u00e8ge [En ligne], Volume 92 &#8211; Ann\u00e9e 2023, Num\u00e9ro 1, 1 &#8211; 22 URL :\u00a0<a style=\"color: #808080;\" href=\"https:\/\/popups.uliege.be\/0037-9565\/index.php?id=11175\" target=\"_blank\" rel=\"noopener\" data-saferedirecturl=\"https:\/\/www.google.com\/url?q=https:\/\/popups.uliege.be\/0037-9565\/index.php?id%3D11175&amp;source=gmail&amp;ust=1682514831251000&amp;usg=AOvVaw1K7n1rUn0MEw7U0qVdgT9a\">https:\/\/popups.uliege.be\/0037-<wbr \/>9565\/index.php?id=11175<\/a>.<\/span><\/h3><h2 style=\"text-align: right;\"><span style=\"color: #800080;\">\u0627\u0647\u062a\u0645\u0627\u0645\u0627\u062a \u0648 \u0645\u0624\u0647\u0644\u0627\u062a\u00a0<\/span><\/h2><h3 style=\"text-align: right;\"><span style=\"color: #000000;\">\u0627\u0644\u0627\u0633\u062a\u0634\u0639\u0627\u0631 \u0639\u0646 \u0628\u0639\u062f \u0648\u0627\u0644\u062f\u0631\u0627\u0633\u0627\u062a \u0627\u0644\u062d\u0636\u0631\u064a\u0629\u0648\u0627\u0644\u0628\u064a\u0626\u064a\u0629<\/span><\/h3>\t\t\t\t\t\t\t\t<\/div>\n\t\t\t\t<\/div>\n\t\t\t\t\t<\/div>\n\t\t<\/div>\n\t\t\t\t\t<\/div>\n\t\t<\/section>\n\t\t\t\t<\/div>\n\t\t","protected":false},"excerpt":{"rendered":"<p>\u0627\u0644\u0627\u0633\u062a\u0627\u0630\u0629: \u0639\u0628\u062f\u0627\u0648\u064a \u062c\u064a\u0647\u0627\u0646 \u0631\u064a\u0645 \u00a0\u0645\u0639\u0647\u062f \u062a\u0633\u064a\u064a\u0631 \u0627\u0644\u062a\u0642\u0646\u064a\u0627\u062a \u0627\u0644\u062d\u0636\u0631\u064a\u0629\u060c \u062c\u0627\u0645\u0639\u0629 \u0627\u0645 \u0627\u0644\u0628\u0648\u0627\u0642\u064a \u0627\u0644\u062c\u0632\u0627\u0626\u0631\u00a0\u0627\u0644\u0628\u0631\u064a\u062f\u0627\u0644\u0627\u0644\u0643\u062a\u0631\u0648\u0646\u064a :gihen. ream@gmail.com\u00a0 \u00a0\u0627\u0644\u0647\u0627\u062a\u0641:05 58 40 50 04\u00a0 \u00a0\u0647\u0648\u064a\u0629 \u0627\u0644\u0628\u0627\u062d\u062b\u00a0 \u00a0Google Scholar:\u00a0https:\/\/scholar.google.fr\/citations?user=3zhF1_gAAAAJ&amp;hl=fr\u00a0 ReaserchGate :https:\/\/www.researchgate.net\/profile\/Gihen-Rym-Abdaoui\u00a0\u00a0 ORCID: https:\/\/orcid.org\/0000-0003-3650-2996\u00a0\u00a0 \u00a0 \u0627\u0644\u062a\u0639\u0644\u064a\u0645 \u062f\u0631\u062c\u0629\u062f\u0643\u062a\u0648\u0631\u0627\u0647 \u0641\u064a: \u062a\u0633\u064a\u064a\u0631 \u0627\u0644\u062a\u0642\u0646\u064a\u0627\u062a \u0627\u0644\u062d\u0636\u0631\u064a\u0629\u00a0\u062f\u0631\u062c\u0629\u0645\u0627\u062c\u0633\u062a\u0631 \u0641\u064a : \u0627\u0644\u062a\u0647\u064a\u0626\u0629 \u0627\u0627\u0644\u0642\u0644\u064a\u0645\u064a\u0629\u062f\u0631\u062c\u0629\u0645\u0647\u0646\u062f\u0633 \u062f\u0648\u0644\u0629 \u0641\u064a : \u0644\u062a\u0647\u064a\u0626\u0629 \u0627\u0627\u0644\u0642\u0644\u064a\u0645\u064a\u0629\u00a0 \u0645\u0642\u0627\u064a\u064a\u0633 \u0627\u0644\u062a\u062f\u0631\u064a\u0633\u00a0 \u2013 \u0627\u0644\u0627\u0633\u062a\u0634\u0639\u0627\u0631 \u0639\u0646 \u0628\u0639\u062f \u0627\u0644\u0633\u0646\u0629 \u0627\u0644\u062b\u0627\u0644\u062b\u0629 \u0644\u064a\u0633\u0627\u0646\u0633 \u062a\u0633\u064a\u064a\u0631 \u0627\u0644\u0645\u062f\u0646 \u2013 \u0627\u0644\u062e\u0631\u0627\u0626\u0637 \u0627\u0644\u0633\u0646\u0629 \u0627\u0644\u062b\u0627\u0644\u062b\u0629 \u0644\u064a\u0633\u0627\u0646\u0633 \u062a\u0633\u064a\u064a\u0631 \u0627\u0644\u0645\u062f\u0646 \u2013 \u0627\u0644\u0648\u0631\u0634\u0629 \u0627\u0644\u0633\u0646\u0629 \u0627\u0644\u062b\u0627\u0644\u062b\u0629 \u0644\u064a\u0633\u0627\u0646\u0633 \u0647\u0646\u062f\u0633\u0629 \u062d\u0636\u0631\u064a\u0629: \u062a\u062d\u0644\u064a\u0644 \u0627\u0644\u0634\u0628\u0643\u0627\u062a \u0627\u0644\u062d\u0636\u0631\u064a\u0629 \u0648 \u0625\u0639\u0627\u062f\u0629 \u062a\u0623\u0647\u064a\u0644\u0647\u0627 \u0648 \u062a\u0647\u064a\u0626\u062a\u0647\u0627\u2013 \u0627\u0644\u062a\u0633\u064a\u064a\u0631 \u0627\u0644\u0628\u064a\u0626\u064a \u0623\u0648\u0644\u0649 \u0645\u0627\u0633\u062a\u0631 \u062a\u0633\u064a\u064a\u0631 \u0627\u0644\u0645\u062f\u0646 \u0645\u0646\u0634\u0648\u0631\u0627\u062a \u062f\u0648\u0644\u064a\u0629 \u00a0 Gihen Ream Abdaoui1 , Ahmed Amine Tabet1 , Foued Bouaicha2 , Ahmed Bousmaha3 , and Salah Bouchemal1Sprawl, Specificity and Dynamics of Inter-Municipal UrbanAgglomerations of the Souf Valley (South East Algeria): Using GIS Techniques \u00a0\u00a0 International Journal of Innovation and Applied Studies ISSN 2028-9324 Vol. 29 No. 4 Jul. 2020, pp. 991-1014 \u00a9 2020 Innovative Space of Scientific Research Journals\u00a0http:\/\/www.ijias.issr-journals.or Ahmed Amine Tabet, Gihen Rym Abdaoui &amp; Hafid Layeb, \u00abAutomatic extraction of build-up areas from bare land using Sentinel 2A imagery in El Khroub city, Algeria\u00bb, Bulletin de la Soci\u00e9t\u00e9 Royale des Sciences de Li\u00e8ge [En ligne], Volume 92 &#8211; Ann\u00e9e 2023, Num\u00e9ro 1, 1 &#8211; 22 URL :\u00a0https:\/\/popups.uliege.be\/0037-9565\/index.php?id=11175. \u0627\u0647\u062a\u0645\u0627\u0645\u0627\u062a \u0648 \u0645\u0624\u0647\u0644\u0627\u062a\u00a0 \u0627\u0644\u0627\u0633\u062a\u0634\u0639\u0627\u0631 \u0639\u0646 \u0628\u0639\u062f \u0648\u0627\u0644\u062f\u0631\u0627\u0633\u0627\u062a \u0627\u0644\u062d\u0636\u0631\u064a\u0629\u0648\u0627\u0644\u0628\u064a\u0626\u064a\u0629<\/p>\n","protected":false},"author":1,"featured_media":0,"parent":0,"menu_order":0,"comment_status":"closed","ping_status":"closed","template":"","meta":{"_eb_attr":"","footnotes":""},"class_list":["post-10385","page","type-page","status-publish","hentry"],"_links":{"self":[{"href":"https:\/\/www.univ-oeb.dz\/igtu\/wp-json\/wp\/v2\/pages\/10385","targetHints":{"allow":["GET"]}}],"collection":[{"href":"https:\/\/www.univ-oeb.dz\/igtu\/wp-json\/wp\/v2\/pages"}],"about":[{"href":"https:\/\/www.univ-oeb.dz\/igtu\/wp-json\/wp\/v2\/types\/page"}],"author":[{"embeddable":true,"href":"https:\/\/www.univ-oeb.dz\/igtu\/wp-json\/wp\/v2\/users\/1"}],"replies":[{"embeddable":true,"href":"https:\/\/www.univ-oeb.dz\/igtu\/wp-json\/wp\/v2\/comments?post=10385"}],"version-history":[{"count":0,"href":"https:\/\/www.univ-oeb.dz\/igtu\/wp-json\/wp\/v2\/pages\/10385\/revisions"}],"wp:attachment":[{"href":"https:\/\/www.univ-oeb.dz\/igtu\/wp-json\/wp\/v2\/media?parent=10385"}],"curies":[{"name":"wp","href":"https:\/\/api.w.org\/{rel}","templated":true}]}}