{"id":9347,"date":"2024-10-29T10:04:35","date_gmt":"2024-10-29T09:04:35","guid":{"rendered":"https:\/\/www.univ-oeb.dz\/fssa\/?page_id=9347"},"modified":"2024-10-29T10:07:40","modified_gmt":"2024-10-29T09:07:40","slug":"departement-des-genie-procedes","status":"publish","type":"page","link":"https:\/\/www.univ-oeb.dz\/fssa\/?page_id=9347&lang=fr","title":{"rendered":"D\u00e9partement des Genie Proc\u00e9d\u00e9s"},"content":{"rendered":"<div class=\"wp-block-image is-style-rounded\">\n<figure class=\"aligncenter size-full is-resized\"><img decoding=\"async\" width=\"154\" height=\"184\" src=\"https:\/\/www.univ-oeb.dz\/fssa\/wp-content\/uploads\/2024\/10\/Issam-Ferhoune.jpg\" alt=\"\" class=\"wp-image-9343\" style=\"width:170px;height:auto\"\/><figcaption class=\"wp-element-caption\"><strong>Chef de D\u00e9partement: <\/strong><br>Mr. FERHOUNE Issam<strong> <\/strong><br><strong>E-mail: <\/strong><a href=\"mailto:ferhoune.issam@univ-oeb.dz\">ferhoune.issam@univ-oeb.dz<\/a><\/figcaption><\/figure>\n<\/div>\n\n\n<p><\/p>\n","protected":false},"excerpt":{"rendered":"<p>Chef de D\u00e9partement: Mr. FERHOUNE Issam E-mail: ferhoune.issam@univ-oeb.dz<\/p>\n","protected":false},"author":1,"featured_media":0,"parent":0,"menu_order":0,"comment_status":"closed","ping_status":"closed","template":"","meta":{"footnotes":""},"class_list":["post-9347","page","type-page","status-publish","hentry"],"_links":{"self":[{"href":"https:\/\/www.univ-oeb.dz\/fssa\/index.php?rest_route=\/wp\/v2\/pages\/9347","targetHints":{"allow":["GET"]}}],"collection":[{"href":"https:\/\/www.univ-oeb.dz\/fssa\/index.php?rest_route=\/wp\/v2\/pages"}],"about":[{"href":"https:\/\/www.univ-oeb.dz\/fssa\/index.php?rest_route=\/wp\/v2\/types\/page"}],"author":[{"embeddable":true,"href":"https:\/\/www.univ-oeb.dz\/fssa\/index.php?rest_route=\/wp\/v2\/users\/1"}],"replies":[{"embeddable":true,"href":"https:\/\/www.univ-oeb.dz\/fssa\/index.php?rest_route=%2Fwp%2Fv2%2Fcomments&post=9347"}],"version-history":[{"count":4,"href":"https:\/\/www.univ-oeb.dz\/fssa\/index.php?rest_route=\/wp\/v2\/pages\/9347\/revisions"}],"predecessor-version":[{"id":9353,"href":"https:\/\/www.univ-oeb.dz\/fssa\/index.php?rest_route=\/wp\/v2\/pages\/9347\/revisions\/9353"}],"wp:attachment":[{"href":"https:\/\/www.univ-oeb.dz\/fssa\/index.php?rest_route=%2Fwp%2Fv2%2Fmedia&parent=9347"}],"curies":[{"name":"wp","href":"https:\/\/api.w.org\/{rel}","templated":true}]}}