{"id":9310,"date":"2024-10-28T11:31:58","date_gmt":"2024-10-28T10:31:58","guid":{"rendered":"https:\/\/www.univ-oeb.dz\/fssa\/?page_id=9310"},"modified":"2024-10-28T11:32:34","modified_gmt":"2024-10-28T10:32:34","slug":"laboratoire-de-genie-electrique-et-automatique-2","status":"publish","type":"page","link":"https:\/\/www.univ-oeb.dz\/fssa\/?page_id=9310&lang=fr","title":{"rendered":"Laboratoire de G\u00e9nie Electrique et\u00a0Automatique."},"content":{"rendered":"\n<figure class=\"wp-block-pullquote has-white-color has-white-background-color has-text-color has-background has-link-color wp-elements-bd1a761fbb5920622be78d2d63bf10e5\"><blockquote class=\"quote-light\"><p>La facult\u00e9 des Sciences et Sciences Appliqu\u00e9es dispose d\u2019u laboratoire de recherche <strong>LGEA<\/strong> :&nbsp;<strong>Laboratoire de G\u00e9nie Electrique et&nbsp;Automatique<\/strong>. Dans leurs activit\u00e9s de recherche et d\u2019enseignement, les enseignants sont regroup\u00e9s autour de projets de recherche et sont structur\u00e9s en <strong>04 \u00e9quipes<\/strong>.<\/p><\/blockquote><\/figure>\n","protected":false},"excerpt":{"rendered":"<p>La facult\u00e9 des Sciences et Sciences Appliqu\u00e9es dispose d\u2019u laboratoire de recherche LGEA :&nbsp;Laboratoire de G\u00e9nie Electrique et&nbsp;Automatique. Dans leurs activit\u00e9s de recherche et d\u2019enseignement, les enseignants sont regroup\u00e9s autour de projets de recherche et sont structur\u00e9s en 04 \u00e9quipes.<\/p>\n","protected":false},"author":1,"featured_media":0,"parent":0,"menu_order":0,"comment_status":"closed","ping_status":"closed","template":"","meta":{"footnotes":""},"class_list":["post-9310","page","type-page","status-publish","hentry"],"_links":{"self":[{"href":"https:\/\/www.univ-oeb.dz\/fssa\/index.php?rest_route=\/wp\/v2\/pages\/9310","targetHints":{"allow":["GET"]}}],"collection":[{"href":"https:\/\/www.univ-oeb.dz\/fssa\/index.php?rest_route=\/wp\/v2\/pages"}],"about":[{"href":"https:\/\/www.univ-oeb.dz\/fssa\/index.php?rest_route=\/wp\/v2\/types\/page"}],"author":[{"embeddable":true,"href":"https:\/\/www.univ-oeb.dz\/fssa\/index.php?rest_route=\/wp\/v2\/users\/1"}],"replies":[{"embeddable":true,"href":"https:\/\/www.univ-oeb.dz\/fssa\/index.php?rest_route=%2Fwp%2Fv2%2Fcomments&post=9310"}],"version-history":[{"count":2,"href":"https:\/\/www.univ-oeb.dz\/fssa\/index.php?rest_route=\/wp\/v2\/pages\/9310\/revisions"}],"predecessor-version":[{"id":9312,"href":"https:\/\/www.univ-oeb.dz\/fssa\/index.php?rest_route=\/wp\/v2\/pages\/9310\/revisions\/9312"}],"wp:attachment":[{"href":"https:\/\/www.univ-oeb.dz\/fssa\/index.php?rest_route=%2Fwp%2Fv2%2Fmedia&parent=9310"}],"curies":[{"name":"wp","href":"https:\/\/api.w.org\/{rel}","templated":true}]}}