{"id":9703,"date":"2023-06-12T00:41:06","date_gmt":"2023-06-11T23:41:06","guid":{"rendered":"http:\/\/www.univ-oeb.dz\/fsesnv\/?page_id=9703"},"modified":"2023-06-12T00:41:07","modified_gmt":"2023-06-11T23:41:07","slug":"nom-du-program-master-en-biotechnologie-vegetale","status":"publish","type":"page","link":"https:\/\/www.univ-oeb.dz\/fsesnv\/nom-du-program-master-en-biotechnologie-vegetale\/","title":{"rendered":"nom du program: master en biotechnologie v\u00e9g\u00e9tale"},"content":{"rendered":"\n<p class=\"has-medium-font-size\"><strong>d\u00e9partement du sciences de la nature et de la vie<\/strong><\/p>\n\n\n\n<p class=\"has-text-align-center has-pale-cyan-blue-background-color has-background\">nom du program: master en biotechnologie v\u00e9g\u00e9tale<\/p>\n\n\n\n<p>Objectif:<\/p>\n\n\n\n<p>L\u2019objectif de cette sp\u00e9cialit\u00e9 consiste \u00e0 proposer une formation qui a pour ambition d\u2019assurer une formation sup\u00e9rieure dans les diff\u00e9rents champs de biologie, physiologie et pathologie v\u00e9g\u00e9tale. De par la diversit\u00e9 des approches enseign\u00e9es , le Master permet aux<br>\u00e9tudiants d\u2019acqu\u00e9rir une formation large , \u00e0 caract\u00e8re pluridisciplinaire qui leur permettra d\u2019aborder l\u2019\u00e9tude du monde v\u00e9g\u00e9tal dans toutes ses dimensions \u00e0 savoir des connaissances sur les pratiques agronomiques , la protection des cultures , la maitrise de l\u2019eau et les impacts sur l\u2019environnement , sur la s\u00e9lection vari\u00e9tale et l\u2019am\u00e9lioration de la production des agro-ressources qui font appel aux derni\u00e8res techniques de biotechnologie v\u00e9g\u00e9tale et de g\u00e9n\u00e9tique .Ces connaissances seront illustr\u00e9es par des exemples issus des productions locales classiques comme les c\u00e9r\u00e9ales , le maraichage , l\u2019arboriculture fruiti\u00e8re et la vigne mais \u00e9galement par des nouvelles cultures qui sont d\u00e9velopp\u00e9es en collaboration avec les diff\u00e9rents partenaires du secteur de l\u2019agriculture pour leurs int\u00e9r\u00eats de valorisation .<\/p>\n\n\n\n<p>Les \u00e9tudiants seront \u00e9galement amen\u00e9s \u00e0 entreprendre le fonctionnement et les m\u00e9canismes socio-\u00e9conomique qui r\u00e8glent une entreprise , \u00e0 analyser et interpr\u00e9ter des donn\u00e9es et variables qu\u2019elles soient d\u2019ordre \u00e9conomique ou scientifique , \u00e0 maitriser quelques notions de management et les principales techniques de communication .<\/p>\n\n\n\n<p>Les objectifs du programme visent \u00e0 d\u00e9velopper les comp\u00e9tences suivantes :<\/p>\n\n\n\n<p>Former des cadres sp\u00e9cialis\u00e9s op\u00e9rationnels avec une tr\u00e8s bonne ma\u00eetrise des outils technologiques dans les domaines suivants :<\/p>\n\n\n\n<ul class=\"wp-block-list\">\n<li>Biotechnologie appliqu\u00e9es aux plantes d\u2019int\u00e9r\u00eat agricole et agro-alimentaire<\/li>\n\n\n\n<li>Gestion des ressources naturelles<\/li>\n\n\n\n<li>Bios\u00e9curit\u00e9 environnementale et agro-alimentaire pour l\u2019application des normes s\u00e9curitaires li\u00e9es \u00e0 l\u2019ing\u00e9nierie g\u00e9n\u00e9tique<\/li>\n<\/ul>\n\n\n\n<p>le Master se veut \u00e9galement un point de rencontre entre les milieux professionnels et le monde universitaire. La finalit\u00e9 de ce cursus est de former des chercheurs et des cadres sup\u00e9rieurs sp\u00e9cialis\u00e9s dans ce parcours de formation<\/p>\n\n\n\n<h1 class=\"wp-block-heading\">D\u00e9bouch\u00e9s professionnels<\/h1>\n\n\n\n<ol class=\"wp-block-list\">\n<li>Former des cadres sp\u00e9cialis\u00e9s op\u00e9rationnels avec une tr\u00e8s bonne ma\u00eetrise des outils technologiques dans les domaines suivants :\n<ul class=\"wp-block-list\">\n<li>Biotechnologie appliqu\u00e9es aux plantes d\u2019int\u00e9r\u00eat agricole et agro-alimentaire<\/li>\n\n\n\n<li>Gestion des ressources naturelles<\/li>\n\n\n\n<li>Bios\u00e9curit\u00e9 environnementale et agro-alimentaire pour l\u2019application des normes s\u00e9curitaires li\u00e9es \u00e0 l\u2019ing\u00e9nierie g\u00e9n\u00e9tique<\/li>\n<\/ul>\n<\/li>\n\n\n\n<li>&nbsp;le Master se veut \u00e9galement un point de rencontre entre les milieux professionnels et le monde universitaire. La finalit\u00e9 de ce cursus est de former des chercheurs et des cadres sup\u00e9rieurs sp\u00e9cialis\u00e9s dans ce parcours de formation<\/li>\n<\/ol>\n\n\n\n<h3 class=\"wp-block-heading\"><strong>Semestre 1<\/strong><\/h3>\n\n\n\n<figure class=\"wp-block-table\"><table><tbody><tr><td><strong>S1<\/strong><\/td><td><strong>CM<\/strong><\/td><td><strong>TD<\/strong><\/td><td><strong>TP<\/strong><\/td><td><strong>Cr\u00e9dits<\/strong><\/td><td><strong>Coef<\/strong><\/td><td><strong>lien vers le cours<\/strong><\/td><\/tr><tr><td><strong>Unit\u00e9 d\u2019Enseignement&nbsp;:<\/strong><strong>&nbsp;UE fondamental<\/strong><\/td><td><\/td><\/tr><tr><td>Ressources phytog\u00e9n\u00e9tiques<\/td><td>3<\/td><td>1.5<\/td><td>0<\/td><td>6<\/td><td>3<\/td><td><a href=\"https:\/\/www.univ-blida.dz\/for\/specialite.php?fil=357\">lien<\/a><\/td><\/tr><tr><td>facteurs naturels de production<\/td><td>3<\/td><td>0<\/td><td>1.5<\/td><td>6<\/td><td>3<\/td><td><a href=\"https:\/\/www.univ-blida.dz\/for\/specialite.php?fil=357\">lien<\/a><\/td><\/tr><tr><td>principes fondamentaux de la cr\u00e9ation v\u00e9g\u00e9tale<\/td><td>3<\/td><td>0<\/td><td>1.5<\/td><td>6<\/td><td>3<\/td><td><a href=\"https:\/\/www.univ-blida.dz\/for\/specialite.php?fil=357\">lien<\/a><\/td><\/tr><tr><td><strong>Unit\u00e9 d\u2019Enseignement&nbsp;:<\/strong><strong>&nbsp;UE m\u00e9thodologie<\/strong><\/td><td><\/td><\/tr><tr><td>g\u00e9n\u00e9tique mol\u00e9culaire<\/td><td>1.5<\/td><td>1<\/td><td>1.5<\/td><td>5<\/td><td>3<\/td><td><a href=\"https:\/\/www.univ-blida.dz\/for\/specialite.php?fil=357\">lien<\/a><\/td><\/tr><tr><td>\u00e9cophysiologie v\u00e9g\u00e9tale<\/td><td>1.5<\/td><td>0<\/td><td>1.5<\/td><td>4<\/td><td>2<\/td><td><a href=\"https:\/\/www.univ-blida.dz\/for\/specialite.php?fil=357\">lien<\/a><\/td><\/tr><tr><td><strong>Unit\u00e9 d\u2019Enseignement&nbsp;:<\/strong><strong>&nbsp;UE d\u00e9couverte<\/strong><\/td><td><\/td><\/tr><tr><td>Horticulture appliqu\u00e9e<\/td><td>1.5<\/td><td>0<\/td><td>1.5<\/td><td>2<\/td><td>2<\/td><td><a href=\"https:\/\/www.univ-blida.dz\/for\/specialite.php?fil=357\">lien<\/a><\/td><\/tr><tr><td><strong>Unit\u00e9 d\u2019Enseignement&nbsp;:<\/strong><strong>&nbsp;UE transversal<\/strong><\/td><td><\/td><\/tr><tr><td>Communication<\/td><td>1.5<\/td><td>0<\/td><td>2.3<\/td><td>1<\/td><td>1<\/td><td><a href=\"https:\/\/www.univ-blida.dz\/for\/specialite.php?fil=357\">lien<\/a><\/td><\/tr><\/tbody><\/table><\/figure>\n\n\n\n<h3 class=\"wp-block-heading\"><strong>Semestre 2<\/strong><\/h3>\n\n\n\n<figure class=\"wp-block-table\"><table><tbody><tr><td><strong>S2<\/strong><\/td><td><strong>CM<\/strong><\/td><td><strong>TD<\/strong><\/td><td><strong>TP<\/strong><\/td><td><strong>Cr\u00e9dits<\/strong><\/td><td><strong>Coef<\/strong><\/td><td><strong>lien vers le cours<\/strong><\/td><\/tr><tr><td><strong>Unit\u00e9 d\u2019Enseignement&nbsp;:<\/strong><strong>&nbsp;UE fondamental<\/strong><\/td><td><\/td><\/tr><tr><td>Am\u00e9lioration g\u00e9n\u00e9tique des plantes<\/td><td>3<\/td><td>1.5<\/td><td>0<\/td><td>6<\/td><td>3<\/td><td><a href=\"https:\/\/www.univ-blida.dz\/for\/specialite.php?fil=357\">lien<\/a><\/td><\/tr><tr><td>g\u00e9nomique v\u00e9g\u00e9tale<\/td><td>3<\/td><td>0<\/td><td>1.5<\/td><td>6<\/td><td>3<\/td><td><a href=\"https:\/\/www.univ-blida.dz\/for\/specialite.php?fil=357\">lien<\/a><\/td><\/tr><tr><td>Phytotechnie sp\u00e9ciale<\/td><td>3<\/td><td>0<\/td><td>1.5<\/td><td>6<\/td><td>3<\/td><td><a href=\"https:\/\/www.univ-blida.dz\/for\/specialite.php?fil=357\">lien<\/a><\/td><\/tr><tr><td><strong>Unit\u00e9 d\u2019Enseignement&nbsp;:<\/strong><strong>&nbsp;UE m\u00e9thodologie<\/strong><\/td><td><\/td><\/tr><tr><td>contraintes phytotechniques<\/td><td>1.5<\/td><td>1<\/td><td>1.5<\/td><td>5<\/td><td>3<\/td><td><a href=\"https:\/\/www.univ-blida.dz\/for\/specialite.php?fil=357\">lien<\/a><\/td><\/tr><tr><td>Techniques d\u2019analyses au laboratoire<\/td><td>1.5<\/td><td>0<\/td><td>1.5<\/td><td>4<\/td><td>2<\/td><td><a href=\"https:\/\/www.univ-blida.dz\/for\/specialite.php?fil=357\">lien<\/a><\/td><\/tr><tr><td><strong>Unit\u00e9 d\u2019Enseignement&nbsp;:<\/strong><strong>&nbsp;UE d\u00e9couverte<\/strong><\/td><td><\/td><\/tr><tr><td>Concept de base de la protection phytosanitaire<\/td><td>1.5<\/td><td>1.5<\/td><td>0<\/td><td>2<\/td><td>2<\/td><td><a href=\"https:\/\/www.univ-blida.dz\/for\/specialite.php?fil=357\">lien<\/a><\/td><\/tr><tr><td><strong>Unit\u00e9 d\u2019Enseignement&nbsp;:<\/strong><strong>&nbsp;UE transversal<\/strong><\/td><td><\/td><\/tr><tr><td>L\u00e9gislation<\/td><td>1.5<\/td><td>0<\/td><td>0<\/td><td>1<\/td><td>1<\/td><td><a href=\"https:\/\/www.univ-blida.dz\/for\/specialite.php?fil=357\">lien<\/a><\/td><\/tr><\/tbody><\/table><\/figure>\n\n\n\n<h5 class=\"wp-block-heading\">2eme Ann\u00e9e<\/h5>\n\n\n\n<h3 class=\"wp-block-heading\"><strong>Semestre 3<\/strong><\/h3>\n\n\n\n<figure class=\"wp-block-table\"><table><tbody><tr><td><strong>S3<\/strong><\/td><td><strong>CM<\/strong><\/td><td><strong>TD<\/strong><\/td><td><strong>TP<\/strong><\/td><td><strong>Cr\u00e9dits<\/strong><\/td><td><strong>Coef<\/strong><\/td><td><strong>lien vers le cours<\/strong><\/td><\/tr><tr><td><strong>Unit\u00e9 d\u2019Enseignement&nbsp;:<\/strong><strong>&nbsp;UE fondamental<\/strong><\/td><td><\/td><\/tr><tr><td>g\u00e9n\u00e9tique mol\u00e9culaire des plantes<\/td><td>3<\/td><td>0<\/td><td>1.5<\/td><td>6<\/td><td>3<\/td><td><a href=\"https:\/\/www.univ-blida.dz\/for\/specialite.php?fil=357\">lien<\/a><\/td><\/tr><tr><td>M\u00e9canismes de tol\u00e9rances des plantes aux stress abiotiques<\/td><td>3<\/td><td>0<\/td><td>1.5<\/td><td>6<\/td><td>3<\/td><td><a href=\"https:\/\/www.univ-blida.dz\/for\/specialite.php?fil=357\">lien<\/a><\/td><\/tr><tr><td>Nutrition hydromin\u00e9rale des v\u00e9g\u00e9taux<\/td><td>3<\/td><td>0<\/td><td>1.5<\/td><td>6<\/td><td>3<\/td><td><a href=\"https:\/\/www.univ-blida.dz\/for\/specialite.php?fil=357\">lien<\/a><\/td><\/tr><tr><td><strong>Unit\u00e9 d\u2019Enseignement&nbsp;:<\/strong><strong>&nbsp;UE m\u00e9thodologie<\/strong><\/td><td><\/td><\/tr><tr><td>Recherche bibliographique et d\u00e9marche scientifique<\/td><td>1.5<\/td><td>1<\/td><td>1.5<\/td><td>5<\/td><td>3<\/td><td><a href=\"https:\/\/www.univ-blida.dz\/for\/specialite.php?fil=357\">lien<\/a><\/td><\/tr><tr><td>Exp\u00e9rimentation et analyse des donn\u00e9es<\/td><td>1.5<\/td><td>0<\/td><td>1.5<\/td><td>4<\/td><td>2<\/td><td><a href=\"https:\/\/www.univ-blida.dz\/for\/specialite.php?fil=357\">lien<\/a><\/td><\/tr><tr><td><strong>Unit\u00e9 d\u2019Enseignement&nbsp;:<\/strong><strong>&nbsp;UE d\u00e9couverte<\/strong><\/td><td><\/td><\/tr><tr><td>1 : Analyse et montage de projet d\u2019investissement<\/td><td>1.5<\/td><td>1.5<\/td><td>0<\/td><td>2<\/td><td>2<\/td><td><a href=\"https:\/\/www.univ-blida.dz\/for\/specialite.php?fil=357\">lien<\/a><\/td><\/tr><tr><td><strong>Unit\u00e9 d\u2019Enseignement&nbsp;:<\/strong><strong>&nbsp;UE transversal<\/strong><\/td><td><\/td><\/tr><tr><td>Entreprenariat<\/td><td>1.5<\/td><td>0<\/td><td>0<\/td><td>1<\/td><td>1<\/td><td><a href=\"https:\/\/www.univ-blida.dz\/for\/specialite.php?fil=357\">lien<\/a><\/td><\/tr><\/tbody><\/table><\/figure>\n\n\n\n<h3 class=\"wp-block-heading\"><\/h3>\n\n\n\n<h3 class=\"wp-block-heading\"><strong>Semestre 4<\/strong><\/h3>\n\n\n\n<figure class=\"wp-block-table\"><table><tbody><tr><td><strong>S4<\/strong><\/td><td><strong>CM<\/strong><\/td><td><strong>TD<\/strong><\/td><td><strong>TP<\/strong><\/td><td><strong>Cr\u00e9dits<\/strong><\/td><td><strong>Coef<\/strong><\/td><td><\/td><\/tr><tr><td><strong>Unit\u00e9 d\u2019Enseignement&nbsp;:<\/strong><strong>&nbsp;Stage<\/strong><\/td><td><\/td><\/tr><tr><td>stage<\/td><td>0<\/td><td>0<\/td><td>0<\/td><td>30<\/td><td>17<\/td><\/tr><\/tbody><\/table><\/figure>\n","protected":false},"excerpt":{"rendered":"<p>d\u00e9partement du sciences de la nature et de la vie nom du program: master en biotechnologie v\u00e9g\u00e9tale Objectif: L\u2019objectif de cette sp\u00e9cialit\u00e9 consiste \u00e0 proposer une formation qui a pour ambition d\u2019assurer une formation sup\u00e9rieure dans les diff\u00e9rents champs de biologie, physiologie et pathologie v\u00e9g\u00e9tale. De par la diversit\u00e9 des approches enseign\u00e9es , le Master &hellip;<\/p>\n","protected":false},"author":1,"featured_media":0,"parent":0,"menu_order":0,"comment_status":"closed","ping_status":"closed","template":"","meta":{"footnotes":""},"class_list":["post-9703","page","type-page","status-publish","hentry"],"_links":{"self":[{"href":"https:\/\/www.univ-oeb.dz\/fsesnv\/wp-json\/wp\/v2\/pages\/9703","targetHints":{"allow":["GET"]}}],"collection":[{"href":"https:\/\/www.univ-oeb.dz\/fsesnv\/wp-json\/wp\/v2\/pages"}],"about":[{"href":"https:\/\/www.univ-oeb.dz\/fsesnv\/wp-json\/wp\/v2\/types\/page"}],"author":[{"embeddable":true,"href":"https:\/\/www.univ-oeb.dz\/fsesnv\/wp-json\/wp\/v2\/users\/1"}],"replies":[{"embeddable":true,"href":"https:\/\/www.univ-oeb.dz\/fsesnv\/wp-json\/wp\/v2\/comments?post=9703"}],"version-history":[{"count":0,"href":"https:\/\/www.univ-oeb.dz\/fsesnv\/wp-json\/wp\/v2\/pages\/9703\/revisions"}],"wp:attachment":[{"href":"https:\/\/www.univ-oeb.dz\/fsesnv\/wp-json\/wp\/v2\/media?parent=9703"}],"curies":[{"name":"wp","href":"https:\/\/api.w.org\/{rel}","templated":true}]}}