{"id":9686,"date":"2023-06-12T00:15:56","date_gmt":"2023-06-11T23:15:56","guid":{"rendered":"http:\/\/www.univ-oeb.dz\/fsesnv\/?page_id=9686"},"modified":"2023-12-28T09:36:34","modified_gmt":"2023-12-28T08:36:34","slug":"nom-du-programme-master-en-architectures-distribuees","status":"publish","type":"page","link":"https:\/\/www.univ-oeb.dz\/fsesnv\/nom-du-programme-master-en-architectures-distribuees\/","title":{"rendered":"Nom du programme Master en architectures distribu\u00e9es"},"content":{"rendered":"\n<p class=\"has-medium-font-size\"><strong>D\u00e9partement de math\u00e9matiques et d\u2019informatique<\/strong><\/p>\n\n\n\n<p class=\"has-text-align-center has-pale-cyan-blue-background-color has-background\"><strong>Nom du programme : Master en architectures distribu\u00e9es<\/strong><strong><\/strong><\/p>\n\n\n\n<ul class=\"wp-block-list\">\n<li><strong>Niveau: Master<\/strong><\/li>\n\n\n\n<li><strong>Domaine: Math\u00e9matiques et informatique<\/strong><\/li>\n\n\n\n<li><strong>Domaine: Informatique<\/strong><\/li>\n\n\n\n<li><strong>Sp\u00e9cialit\u00e9 : Architectures distribu\u00e9es<\/strong><\/li>\n\n\n\n<li><strong>Description du programme :<\/strong><\/li>\n<\/ul>\n\n\n\n<ol class=\"wp-block-list\" type=\"1\">\n<li><strong>Description du programme&nbsp;:<\/strong><\/li>\n<\/ol>\n\n\n\n<p>Le premier objectif du Master Architectures distribu\u00e9es est de compl\u00e9ter la formation initiale acquise dans le cadre du parcours Licence par des connaissances fondamentales plus pouss\u00e9es dans le domaine des syst\u00e8mes distribu\u00e9s. En plus de r\u00e9pondre aux besoins de recherche proprement dit, la formation propos\u00e9e se veut donc fondamentale pour former des \u00e9tudiants qui sauront s&rsquo;adapter \u00e0 l&rsquo;\u00e9volution constante dans le domaine des syst\u00e8mes informatiques distribu\u00e9s d\u2019une mani\u00e8re g\u00e9n\u00e9rale tant sur le plan mat\u00e9riel que logiciel. Le programme permet aux \u00e9tudiants d&rsquo;apprendre \u00e0 appliquer ces techniques \u00e0 diff\u00e9rents domaines, notamment le cloud computing et l&rsquo;Internet des objets.<\/p>\n\n\n\n<ul class=\"wp-block-list\">\n<li><strong>Conditions d&rsquo;admission<\/strong><strong><\/strong><\/li>\n\n\n\n<li>License en informatique ou certificat \u00e9quivalent.<\/li>\n\n\n\n<li><strong>Programme des unit\u00e9s et modules<\/strong><\/li>\n\n\n\n<li><strong>Semestre 1<\/strong><\/li>\n<\/ul>\n\n\n\n<figure class=\"wp-block-table\"><table><tbody><tr><td><em><strong>Unit\u00e9s<\/strong><\/em><strong>&nbsp;d&rsquo;enseignement<\/strong><strong><\/strong><\/td><td><strong>Coeff.<\/strong><strong><\/strong><\/td><td><strong>Cr\u00e9dits<\/strong><strong><\/strong><\/td><td><strong>Mode d&rsquo;\u00e9valuation<\/strong><strong><\/strong><\/td><\/tr><tr><td><strong>Continu<\/strong><strong><\/strong><\/td><td><strong>Exam<\/strong><strong><\/strong><\/td><\/tr><tr><td><em><strong>UE Fondamentales<\/strong><\/em><strong><\/strong><\/td><td><strong>9<\/strong><strong><\/strong><\/td><td><strong>18<\/strong><strong><\/strong><\/td><td><strong>&nbsp;<\/strong><\/td><\/tr><tr><td>Ing\u00e9nierie des logiciels distribu\u00e9s<em><\/em><\/td><td><em><strong>3<\/strong><\/em><em><strong><\/strong><\/em><\/td><td><em><strong>6<\/strong><\/em><em><strong><\/strong><\/em><\/td><td><em>50%<\/em><em><\/em><\/td><td><em>50%<\/em><em><\/em><\/td><\/tr><tr><td>Intelligence artificielle<\/td><td><em><strong>3<\/strong><\/em><em><strong><\/strong><\/em><\/td><td><em><strong>6<\/strong><\/em><em><strong><\/strong><\/em><\/td><td><em>50%<\/em><em><\/em><\/td><td><em>50%<\/em><em><\/em><\/td><\/tr><tr><td>Outils formels<\/td><td><em><strong>3<\/strong><\/em><em><strong><\/strong><\/em><\/td><td><em><strong>6<\/strong><\/em><em><strong><\/strong><\/em><\/td><td><em>50%<\/em><em><\/em><\/td><td><em>50%<\/em><em><\/em><\/td><\/tr><tr><td><em><strong>UE M\u00e9thodologiques<\/strong><\/em><strong><\/strong><\/td><td><strong>5<\/strong><strong><\/strong><\/td><td><strong>9<\/strong><strong><\/strong><\/td><td><strong>&nbsp;<\/strong><\/td><\/tr><tr><td>Anglais<em><strong><\/strong><\/em><\/td><td><em><strong>2<\/strong><\/em><em><strong><\/strong><\/em><\/td><td><em><strong>3<\/strong><\/em><em><strong><\/strong><\/em><\/td><td><em>50%<\/em><em><\/em><\/td><td><em>50%<\/em><em><\/em><\/td><\/tr><tr><td>M\u00e9thodes algorithmiques<\/td><td><em><strong>3<\/strong><\/em><em><strong><\/strong><\/em><\/td><td><em><strong>6<\/strong><\/em><em><strong><\/strong><\/em><\/td><td><em>50%<\/em><em><\/em><\/td><td><em>50%<\/em><em><\/em><\/td><\/tr><tr><td><em><strong>UE D\u00e9couverte<\/strong><\/em><em><strong><\/strong><\/em><\/td><td><strong>2<\/strong><strong><\/strong><\/td><td><strong>2<\/strong><strong><\/strong><\/td><td><strong>&nbsp;<\/strong><\/td><\/tr><tr><td>Mini-Projet<em><strong><\/strong><\/em><\/td><td><em><strong>2<\/strong><\/em><em><strong><\/strong><\/em><\/td><td><em><strong>2<\/strong><\/em><em><strong><\/strong><\/em><\/td><td><em>100%<\/em><em><\/em><\/td><td><em>&#8211;<\/em><em><\/em><\/td><\/tr><tr><td><em><strong>UE Transversales<\/strong><\/em><em><strong><\/strong><\/em><\/td><td><strong>1<\/strong><strong><\/strong><\/td><td><strong>1<\/strong><strong><\/strong><\/td><td><strong>&nbsp;<\/strong><\/td><\/tr><tr><td>Communication<em><strong><\/strong><\/em><\/td><td><em><strong>1<\/strong><\/em><em><strong><\/strong><\/em><\/td><td><em><strong>1<\/strong><\/em><em><strong><\/strong><\/em><\/td><td><em>50%<\/em><em><\/em><\/td><td><em>50%<\/em><em><\/em><\/td><\/tr><\/tbody><\/table><\/figure>\n\n\n\n<ul class=\"wp-block-list\">\n<li><strong>Semestre 2<\/strong><\/li>\n<\/ul>\n\n\n\n<figure class=\"wp-block-table\"><table><tbody><tr><td><em><strong>Unit\u00e9s&nbsp;d&rsquo;enseignement<\/strong><\/em><strong><\/strong><\/td><td><strong>Coeff.<\/strong><strong><\/strong><\/td><td><strong>Cr\u00e9dits<\/strong><strong><\/strong><\/td><td><strong>Mode d&rsquo;\u00e9valuation<\/strong><strong><\/strong><\/td><\/tr><tr><td><strong>Continu<\/strong><strong><\/strong><\/td><td><strong>Exam<\/strong><strong><\/strong><\/td><\/tr><tr><td><em><strong>UE Fondamentales<\/strong><\/em><strong><\/strong><\/td><td><strong>9<\/strong><strong><\/strong><\/td><td><strong>18<\/strong><strong><\/strong><\/td><td><strong>&nbsp;<\/strong><\/td><\/tr><tr><td>Les r\u00e9seaux TCP\/IP<em><\/em><\/td><td><em><strong>3<\/strong><\/em><em><strong><\/strong><\/em><\/td><td><em><strong>6<\/strong><\/em><em><strong><\/strong><\/em><\/td><td><em>50%<\/em><em><\/em><\/td><td><em>50%<\/em><em><\/em><\/td><\/tr><tr><td>Algorithmes distribu\u00e9s<\/td><td><em><strong>3<\/strong><\/em><em><strong><\/strong><\/em><\/td><td><em><strong>6<\/strong><\/em><em><strong><\/strong><\/em><\/td><td><em>50%<\/em><em><\/em><\/td><td><em>50%<\/em><em><\/em><\/td><\/tr><tr><td>Programmation par contraintes<\/td><td><em><strong>3<\/strong><\/em><em><strong><\/strong><\/em><\/td><td><em><strong>6<\/strong><\/em><em><strong><\/strong><\/em><\/td><td><em>50%<\/em><em><\/em><\/td><td><em>50%<\/em><em><\/em><\/td><\/tr><tr><td><em><strong>UE M\u00e9thodologiques<\/strong><\/em><strong><\/strong><\/td><td><strong>5<\/strong><strong><\/strong><\/td><td><strong>9<\/strong><strong><\/strong><\/td><td><strong>&nbsp;<\/strong><\/td><\/tr><tr><td>M\u00e9thodologie de recherche<em><strong><\/strong><\/em><\/td><td><em><strong>1<\/strong><\/em><em><strong><\/strong><\/em><\/td><td><em><strong>2<\/strong><\/em><em><strong><\/strong><\/em><\/td><td><em>50%<\/em><em><\/em><\/td><td><em>50%<\/em><em><\/em><\/td><\/tr><tr><td>Anglais<\/td><td><em><strong>1<\/strong><\/em><em><strong><\/strong><\/em><\/td><td><em><strong>2<\/strong><\/em><em><strong><\/strong><\/em><\/td><td><em>50%<\/em><em><\/em><\/td><td><em>50%<\/em><em><\/em><\/td><\/tr><tr><td>Mod\u00e9lisation simulation et \u00e9valuation des performances<\/td><td><em><strong>3<\/strong><\/em><em><strong><\/strong><\/em><\/td><td><em><strong>5<\/strong><\/em><em><strong><\/strong><\/em><\/td><td><em>50%<\/em><em><\/em><\/td><td><em>50%<\/em><em><\/em><\/td><\/tr><tr><td><em><strong>UE D\u00e9couverte<\/strong><\/em><em><strong><\/strong><\/em><\/td><td><strong>2<\/strong><strong><\/strong><\/td><td><strong>2<\/strong><strong><\/strong><\/td><td><strong>&nbsp;<\/strong><\/td><\/tr><tr><td>Introduction au d\u00e9veloppement d\u2019applications web<em><strong><\/strong><\/em><\/td><td><em><strong>2<\/strong><\/em><em><strong><\/strong><\/em><\/td><td><em><strong>2<\/strong><\/em><em><strong><\/strong><\/em><\/td><td><em>50%<\/em><em><\/em><\/td><td><em>50%<\/em><em><\/em><\/td><\/tr><tr><td><em><strong>UE Transversales<\/strong><\/em><em><strong><\/strong><\/em><\/td><td><strong>1<\/strong><strong><\/strong><\/td><td><strong>1<\/strong><strong><\/strong><\/td><td><strong>&nbsp;<\/strong><\/td><\/tr><tr><td>Entreprenariat et gestion des projets<em><strong><\/strong><\/em><\/td><td><em><strong>1<\/strong><\/em><em><strong><\/strong><\/em><\/td><td><em><strong>1<\/strong><\/em><em><strong><\/strong><\/em><\/td><td><em>50%<\/em><em><\/em><\/td><td><em>50%<\/em><em><\/em><\/td><\/tr><\/tbody><\/table><\/figure>\n\n\n\n<ul class=\"wp-block-list\">\n<li><strong>Semestre 3<\/strong><\/li>\n<\/ul>\n\n\n\n<figure class=\"wp-block-table\"><table><tbody><tr><td><strong>Teaching units<\/strong><strong><\/strong><\/td><td><strong>Coeff<\/strong><strong><\/strong><\/td><td><strong>Credits<\/strong><strong><\/strong><\/td><td><strong>Evaluation Mode<\/strong><strong><\/strong><\/td><\/tr><tr><td><strong>Continues<\/strong><strong><\/strong><\/td><td><strong>Exam<\/strong><strong><\/strong><\/td><\/tr><tr><td><em><strong>UE Fondamentales<\/strong><\/em><strong><\/strong><\/td><td><strong>9<\/strong><strong><\/strong><\/td><td><strong>18<\/strong><strong><\/strong><\/td><td><strong>&nbsp;<\/strong><\/td><\/tr><tr><td>Syst\u00e8mes multi agents<em><\/em><\/td><td><em><strong>3<\/strong><\/em><em><strong><\/strong><\/em><\/td><td><em><strong>6<\/strong><\/em><em><strong><\/strong><\/em><\/td><td><em>50%<\/em><em><\/em><\/td><td><em>50%<\/em><em><\/em><\/td><\/tr><tr><td>Architectures distribu\u00e9es<\/td><td><em><strong>3<\/strong><\/em><em><strong><\/strong><\/em><\/td><td><em><strong>6<\/strong><\/em><em><strong><\/strong><\/em><\/td><td><em>50%<\/em><em><\/em><\/td><td><em>50%<\/em><em><\/em><\/td><\/tr><tr><td>S\u00e9curit\u00e9 avanc\u00e9e des syst\u00e8mes Informatiques<\/td><td><em><strong>3<\/strong><\/em><em><strong><\/strong><\/em><\/td><td><em><strong>6<\/strong><\/em><em><strong><\/strong><\/em><\/td><td><em>50%<\/em><em><\/em><\/td><td><em>50%<\/em><em><\/em><\/td><\/tr><tr><td><em><strong>UE M\u00e9thodologiques<\/strong><\/em><strong><\/strong><\/td><td><strong>5<\/strong><strong><\/strong><\/td><td><strong>9<\/strong><strong><\/strong><\/td><td><strong>&nbsp;<\/strong><\/td><\/tr><tr><td>Cloud Computing et Virtualisation<em><strong><\/strong><\/em><\/td><td><em><strong>3<\/strong><\/em><em><strong><\/strong><\/em><\/td><td><em><strong>5<\/strong><\/em><em><strong><\/strong><\/em><\/td><td><em>50%<\/em><em><\/em><\/td><td><em>50%<\/em><em><\/em><\/td><\/tr><tr><td>English<\/td><td><em><strong>2<\/strong><\/em><em><strong><\/strong><\/em><\/td><td><em><strong>4<\/strong><\/em><em><strong><\/strong><\/em><\/td><td><em>50%<\/em><em><\/em><\/td><td><em>50%<\/em><em><\/em><\/td><\/tr><tr><td><em><strong>UE D\u00e9couverte<\/strong><\/em><em><strong><\/strong><\/em><\/td><td><strong>2<\/strong><strong><\/strong><\/td><td><strong>2<\/strong><strong><\/strong><\/td><td><strong>&nbsp;<\/strong><\/td><\/tr><tr><td>Architectures orient\u00e9s services<em><strong><\/strong><\/em><\/td><td><em><strong>2<\/strong><\/em><em><strong><\/strong><\/em><\/td><td><em><strong>2<\/strong><\/em><em><strong><\/strong><\/em><\/td><td><em>50%<\/em><em><\/em><\/td><td><em>50%<\/em><em><\/em><\/td><\/tr><tr><td><em><strong>UE Transversales<\/strong><\/em><em><strong><\/strong><\/em><\/td><td><strong>1<\/strong><strong><\/strong><\/td><td><strong>1<\/strong><strong><\/strong><\/td><td><strong>&nbsp;<\/strong><\/td><\/tr><tr><td>L\u00e9gislation<em><strong><\/strong><\/em><\/td><td><em><strong>1<\/strong><\/em><em><strong><\/strong><\/em><\/td><td><em><strong>1<\/strong><\/em><em><strong><\/strong><\/em><\/td><td><em>50%<\/em><em><\/em><\/td><td><em>50%<\/em><em><\/em><\/td><\/tr><\/tbody><\/table><\/figure>\n\n\n\n<ul class=\"wp-block-list\">\n<li><strong>Semestre 4<\/strong><\/li>\n<\/ul>\n\n\n\n<p>Stage sanctionn\u00e9 par un m\u00e9moire et une soutenance.<\/p>\n","protected":false},"excerpt":{"rendered":"<p>D\u00e9partement de math\u00e9matiques et d\u2019informatique Nom du programme : Master en architectures distribu\u00e9es Niveau: Master Domaine: Math\u00e9matiques et informatique Domaine: Informatique Sp\u00e9cialit\u00e9 : Architectures distribu\u00e9es Description du programme : Description du programme&nbsp;: Le premier objectif du Master Architectures distribu\u00e9es est de compl\u00e9ter la formation initiale acquise dans le cadre du parcours Licence par des connaissances &hellip;<\/p>\n","protected":false},"author":1,"featured_media":0,"parent":0,"menu_order":0,"comment_status":"closed","ping_status":"closed","template":"","meta":{"footnotes":""},"class_list":["post-9686","page","type-page","status-publish","hentry"],"_links":{"self":[{"href":"https:\/\/www.univ-oeb.dz\/fsesnv\/wp-json\/wp\/v2\/pages\/9686","targetHints":{"allow":["GET"]}}],"collection":[{"href":"https:\/\/www.univ-oeb.dz\/fsesnv\/wp-json\/wp\/v2\/pages"}],"about":[{"href":"https:\/\/www.univ-oeb.dz\/fsesnv\/wp-json\/wp\/v2\/types\/page"}],"author":[{"embeddable":true,"href":"https:\/\/www.univ-oeb.dz\/fsesnv\/wp-json\/wp\/v2\/users\/1"}],"replies":[{"embeddable":true,"href":"https:\/\/www.univ-oeb.dz\/fsesnv\/wp-json\/wp\/v2\/comments?post=9686"}],"version-history":[{"count":0,"href":"https:\/\/www.univ-oeb.dz\/fsesnv\/wp-json\/wp\/v2\/pages\/9686\/revisions"}],"wp:attachment":[{"href":"https:\/\/www.univ-oeb.dz\/fsesnv\/wp-json\/wp\/v2\/media?parent=9686"}],"curies":[{"name":"wp","href":"https:\/\/api.w.org\/{rel}","templated":true}]}}