{"id":9680,"date":"2023-06-12T00:10:34","date_gmt":"2023-06-11T23:10:34","guid":{"rendered":"http:\/\/www.univ-oeb.dz\/fsesnv\/?page_id=9680"},"modified":"2023-06-12T00:10:35","modified_gmt":"2023-06-11T23:10:35","slug":"master-academique-chimie-pharmaceutique","status":"publish","type":"page","link":"https:\/\/www.univ-oeb.dz\/fsesnv\/master-academique-chimie-pharmaceutique\/","title":{"rendered":"Master acad\u00e9mique chimie pharmaceutique"},"content":{"rendered":"\n<p><strong>d\u00e9partement de sciences de la mati\u00e8re <\/strong><\/p>\n\n\n\n<p class=\"has-text-align-center has-pale-cyan-blue-background-color has-background\">nom du Program: Master acad\u00e9mique chimie pharmaceutique<\/p>\n\n\n\n<p><strong>Objectifs de la formation<\/strong><\/p>\n\n\n\n<p>Cette discipline est destin\u00e9e aux \u00e9tudiants d\u00e9sirant se sp\u00e9cialiser en chimie pharmaceutique (conception, d\u00e9veloppement et \u00e9valuation de nouvelles mol\u00e9cules th\u00e9rapeutiques), et propose une formation les pr\u00e9parant \u00e0 la recherche fondamentale et appliqu\u00e9e.<\/p>\n\n\n\n<p><strong>Profils et comp\u00e9tences vis\u00e9es<\/strong><\/p>\n\n\n\n<ul class=\"wp-block-list\">\n<li>Conception, isolement et pr\u00e9paration de mol\u00e9cules \u00e0 vis\u00e9e th\u00e9rapeutique&nbsp;;<\/li>\n\n\n\n<li>Synth\u00e8se, identification et interpr\u00e9tation de structures chimiques&nbsp;;<\/li>\n\n\n\n<li>Extraction et h\u00e9mi-synth\u00e8se de produits naturels&nbsp;;<\/li>\n\n\n\n<li>Mod\u00e9lisation mol\u00e9culaire et \u00e9tude des modes d\u2019action des m\u00e9dicaments&nbsp;;<\/li>\n\n\n\n<li>Analyse et contr\u00f4le de qualit\u00e9 des m\u00e9dicaments.<\/li>\n<\/ul>\n\n\n\n<p><strong>D\u00e9bouch\u00e9s<\/strong><\/p>\n\n\n\n<p>&nbsp;Cette formation constitue la pierre angulaire pour pr\u00e9parer de futurs chercheurs dans le domaine des sciences pharmaceutiques qui est une discipline relativement nouvelle en Alg\u00e9rie. En effet les universit\u00e9s et les instituts de recherches nationaux ainsi que les firmes \u00e9trang\u00e8res implant\u00e9es en Alg\u00e9rie ont besoins de chercheurs sp\u00e9cialis\u00e9s en chimie pharmaceutique pour le d\u00e9veloppement de nouveaux m\u00e9dicaments et d\u2019am\u00e9liorer les propri\u00e9t\u00e9s physicochimiques de ceux qui existent d\u00e9j\u00e0<\/p>\n\n\n\n<p><strong>Niveau : M1<\/strong><\/p>\n\n\n\n<p><strong><u>Semestre 1:<\/u><\/strong><\/p>\n\n\n\n<figure class=\"wp-block-table\"><table><tbody><tr><td><strong>Unit\u00e9 d\u2019Enseignement<\/strong><\/td><td><strong>Coef.<\/strong><\/td><td><strong>Cr\u00e9dits<\/strong><\/td><\/tr><tr><td><strong>UE fondamentales<\/strong><\/td><\/tr><tr><td><strong>Mati\u00e8re 1:&nbsp;<\/strong>Chimie organique avanc\u00e9e<\/td><td>4<\/td><td>6<\/td><\/tr><tr><td><strong>Mati\u00e8re 2:&nbsp;<\/strong>Pharmacologie I<\/td><td><strong>&nbsp;<\/strong>4<\/td><td>6<\/td><\/tr><tr><td><strong>Mati\u00e8re 3:&nbsp;<\/strong>Chimie quantique<\/td><td>3<\/td><td>6<\/td><\/tr><tr><td><strong>UE M\u00e9thodologiques<\/strong><\/td><\/tr><tr><td><strong>Mati\u00e8re 1:&nbsp;<\/strong>TP synth\u00e8se organique<\/td><td>2<\/td><td>4<\/td><\/tr><tr><td><strong>Mati\u00e8re 2:&nbsp;<\/strong>Analyse des spectres<\/td><td>2<\/td><td>4<\/td><\/tr><tr><td><strong>UE D\u00e9couverte<\/strong><\/td><\/tr><tr><td><strong>Mati\u00e8re 1:&nbsp;<\/strong>Informatique<\/td><td>1<\/td><td>3<\/td><\/tr><tr><td><strong>UE Transversales<\/strong><\/td><\/tr><tr><td><strong>Mati\u00e8re 1:&nbsp;<\/strong>Anglais I<\/td><td>1<\/td><td>1<\/td><\/tr><tr><th><strong>Total Semestre 1<\/strong><\/th><th>17<\/th><th><strong>30<\/strong><\/th><\/tr><\/tbody><\/table><\/figure>\n\n\n\n<p><strong><u>Semestre 2:<\/u><\/strong><\/p>\n\n\n\n<figure class=\"wp-block-table\"><table><tbody><tr><td><strong>Unit\u00e9 d\u2019Enseignement<\/strong><\/td><td><strong>Coef.<\/strong><\/td><td><strong>Cr\u00e9dits<\/strong><\/td><\/tr><tr><td><strong>UE fondamentales<\/strong><\/td><\/tr><tr><td><strong>Mati\u00e8re 1:&nbsp;<\/strong>Strat\u00e9gies de synth\u00e8se et chimie des h\u00e9t\u00e9ro\u00e9l\u00e9ments<\/td><td>4<\/td><td>6<\/td><\/tr><tr><td><strong>Mati\u00e8re 2:&nbsp;<\/strong>Pharmacologie II<\/td><td>4<\/td><td>6<\/td><\/tr><tr><td><strong>Mati\u00e8re 3:&nbsp;<\/strong>Plantes m\u00e9dicinales<\/td><td>3<\/td><td>6<\/td><\/tr><tr><td><strong>UE M\u00e9thodologiques<\/strong><\/td><\/tr><tr><td><strong>Mati\u00e8re 1:&nbsp;<\/strong>M\u00e9thodes pharmaco-techniques<\/td><td>2<\/td><td>4<\/td><\/tr><tr><td><strong>Mati\u00e8re 2:&nbsp;<\/strong>TP Pharmacologie<\/td><td>2<\/td><td>4<\/td><\/tr><tr><td><strong>UE D\u00e9couverte<\/strong><\/td><\/tr><tr><td><strong>Mati\u00e8re 1:&nbsp;<\/strong>Biologie v\u00e9g\u00e9tale<\/td><td>1<\/td><td>3<\/td><\/tr><tr><td><strong>UE Transversales<\/strong><\/td><\/tr><tr><td><strong>Mati\u00e8re 1:&nbsp;<\/strong>M\u00e9thodologies de recherche bibliographiques<\/td><td>1<\/td><td>1<\/td><\/tr><tr><th><strong>Total Semestre 2<\/strong><\/th><th>17<\/th><th><strong>30<\/strong><\/th><\/tr><\/tbody><\/table><\/figure>\n\n\n\n<p><strong>Niveau : M2<\/strong><\/p>\n\n\n\n<p><strong>Semestre 3 :<\/strong><\/p>\n\n\n\n<figure class=\"wp-block-table\"><table><tbody><tr><td><strong>Unit\u00e9 d\u2019Enseignement<\/strong><\/td><td><strong>Coef.<\/strong><\/td><td><strong>Cr\u00e9dits<\/strong><\/td><\/tr><tr><td><strong>UE fondamentales<\/strong><\/td><\/tr><tr><td><strong>Mati\u00e8re 1:&nbsp;<\/strong>Pharmacognosie<\/td><td>4<\/td><td>6<\/td><\/tr><tr><td><strong>Mati\u00e8re 2:&nbsp;<\/strong>Analyse et contr\u00f4le de qualit\u00e9 des m\u00e9dicaments<\/td><td>4<\/td><td>6<\/td><\/tr><tr><td><strong>Mati\u00e8re 3:&nbsp;<\/strong>Biostatistique<\/td><td>3<\/td><td>6<\/td><\/tr><tr><td><strong>UE M\u00e9thodologiques<\/strong><\/td><\/tr><tr><td><strong>Mati\u00e8re 1:&nbsp;<\/strong>TP analyse et contr\u00f4le de qualit\u00e9 des m\u00e9dicaments<\/td><td>2<\/td><td>4<\/td><\/tr><tr><td><strong>Mati\u00e8re 2:&nbsp;<\/strong>TP mod\u00e9lisation mol\u00e9culaire<\/td><td>2<\/td><td>4<\/td><\/tr><tr><td><strong>UE D\u00e9couverte<\/strong><\/td><\/tr><tr><td><strong>Mati\u00e8re 1:&nbsp;<\/strong>Biologie g\u00e9n\u00e9rale<\/td><td>1<\/td><td>3<\/td><\/tr><tr><td><strong>UE Transversales<\/strong><\/td><\/tr><tr><td><strong>Mati\u00e8re 1:&nbsp;<\/strong>D\u00e9ontologie<\/td><td>1<\/td><td>1<\/td><\/tr><tr><th><strong>Total Semestre 3<\/strong><\/th><th>17<\/th><th><strong>30<\/strong><\/th><\/tr><\/tbody><\/table><\/figure>\n","protected":false},"excerpt":{"rendered":"<p>d\u00e9partement de sciences de la mati\u00e8re nom du Program: Master acad\u00e9mique chimie pharmaceutique Objectifs de la formation Cette discipline est destin\u00e9e aux \u00e9tudiants d\u00e9sirant se sp\u00e9cialiser en chimie pharmaceutique (conception, d\u00e9veloppement et \u00e9valuation de nouvelles mol\u00e9cules th\u00e9rapeutiques), et propose une formation les pr\u00e9parant \u00e0 la recherche fondamentale et appliqu\u00e9e. Profils et comp\u00e9tences vis\u00e9es Conception, isolement &hellip;<\/p>\n","protected":false},"author":1,"featured_media":0,"parent":0,"menu_order":0,"comment_status":"closed","ping_status":"closed","template":"","meta":{"footnotes":""},"class_list":["post-9680","page","type-page","status-publish","hentry"],"_links":{"self":[{"href":"https:\/\/www.univ-oeb.dz\/fsesnv\/wp-json\/wp\/v2\/pages\/9680","targetHints":{"allow":["GET"]}}],"collection":[{"href":"https:\/\/www.univ-oeb.dz\/fsesnv\/wp-json\/wp\/v2\/pages"}],"about":[{"href":"https:\/\/www.univ-oeb.dz\/fsesnv\/wp-json\/wp\/v2\/types\/page"}],"author":[{"embeddable":true,"href":"https:\/\/www.univ-oeb.dz\/fsesnv\/wp-json\/wp\/v2\/users\/1"}],"replies":[{"embeddable":true,"href":"https:\/\/www.univ-oeb.dz\/fsesnv\/wp-json\/wp\/v2\/comments?post=9680"}],"version-history":[{"count":0,"href":"https:\/\/www.univ-oeb.dz\/fsesnv\/wp-json\/wp\/v2\/pages\/9680\/revisions"}],"wp:attachment":[{"href":"https:\/\/www.univ-oeb.dz\/fsesnv\/wp-json\/wp\/v2\/media?parent=9680"}],"curies":[{"name":"wp","href":"https:\/\/api.w.org\/{rel}","templated":true}]}}