{"id":9670,"date":"2023-06-12T00:02:21","date_gmt":"2023-06-11T23:02:21","guid":{"rendered":"http:\/\/www.univ-oeb.dz\/fsesnv\/?page_id=9670"},"modified":"2023-06-12T00:02:37","modified_gmt":"2023-06-11T23:02:37","slug":"nom-du-programme-master-en-physique-appliquee","status":"publish","type":"page","link":"https:\/\/www.univ-oeb.dz\/fsesnv\/nom-du-programme-master-en-physique-appliquee\/","title":{"rendered":"Nom du programme: Master en physique appliqu\u00e9e"},"content":{"rendered":"\n<p class=\"has-medium-font-size\"><strong>D\u00e9partement des sciences de la mati\u00e8re<\/strong><strong><\/strong><\/p>\n\n\n\n<p class=\"has-text-align-center has-pale-cyan-blue-background-color has-background\"><strong>Nom du programme: Master en physique appliqu\u00e9e<\/strong><strong><\/strong><\/p>\n\n\n\n<ul class=\"wp-block-list\">\n<li><strong>Niveau: Master<\/strong><\/li>\n\n\n\n<li><strong>Domaine: <\/strong><strong>science de la mati\u00e8re<\/strong><strong><\/strong><\/li>\n\n\n\n<li><strong>Fili\u00e8re: physique<\/strong><\/li>\n\n\n\n<li><strong>Sp\u00e9cialit\u00e9: Physique appliqu\u00e9e<\/strong><\/li>\n\n\n\n<li><strong>Description du<\/strong>&nbsp; <strong>Programme :<\/strong><\/li>\n<\/ul>\n\n\n\n<p>Le Master Recherche en Physique Appliqu\u00e9e propose une formation scientifique sur les semi-conducteurs et la compatibilit\u00e9 \u00e9lectromagn\u00e9tique. Ce stage permet aux \u00e9tudiants qui le souhaitent de pr\u00e9parer un m\u00e9moire dans les mat\u00e9riaux semi-conducteurs (sp\u00e9cialisation : Composants Electroniques et Tr\u00e8s Haute Fr\u00e9quence).<\/p>\n\n\n\n<p>&nbsp; Ce Master vise \u00e0 former<\/p>\n\n\n\n<p>\u2022 Professeurs et chercheurs<\/p>\n\n\n\n<p>\u2022 Des sp\u00e9cialistes de haut niveau dans divers bureaux d&rsquo;\u00e9tudes et industries<\/p>\n\n\n\n<p>Par ailleurs, les objectifs de ce master sont de d\u00e9velopper et faire \u00e9voluer un p\u00f4le d&rsquo;excellence en compatibilit\u00e9 \u00e9lectromagn\u00e9tique et ses applications dans le domaine de la recherche.<\/p>\n\n\n\n<p><strong>Connaissances n\u00e9cessaires<\/strong><\/p>\n\n\n\n<p>Les titulaires d&rsquo;une licence en physique, \u00e9lectronique, \u00e9lectrique et automatique, ou titulaires d&rsquo;un dipl\u00f4me \u00e9quivalent peuvent int\u00e9grer le master appliqu\u00e9 apr\u00e8s avoir \u00e9tudi\u00e9 par une commission sp\u00e9cialis\u00e9e.<\/p>\n\n\n\n<ul class=\"wp-block-list\">\n<li><strong>Programme &nbsp;des unit\u00e9s d\u2019enseignement<\/strong><strong><\/strong><\/li>\n<\/ul>\n\n\n\n<p><strong><u>Semester 1:<\/u><\/strong><strong><u><\/u><\/strong><\/p>\n\n\n\n<figure class=\"wp-block-table\"><table><tbody><tr><td><em><strong>&nbsp;<\/strong><\/em> <em>Unit\u00e9 d\u2019enseignement<\/em><strong><em><\/em><\/strong><\/td><td><strong>VHS<\/strong><\/td><td><strong>&nbsp;<\/strong> <strong>V.H. hebdomadaire<\/strong><\/td><td><strong>&nbsp;<\/strong> <strong>&nbsp;<\/strong> <strong>Coefficients<\/strong><\/td><td><strong>&nbsp;<\/strong> <strong>&nbsp;<\/strong> <strong>Credits<\/strong><\/td><td><strong>M\u00e9thode d\u2019evaluation<\/strong><\/td><\/tr><tr><td><strong>Continu<\/strong><\/td><td><strong>Examen<\/strong><\/td><\/tr><tr><td><strong>14-16 Sem<\/strong><\/td><td><strong>C<\/strong><\/td><td><strong>TT<\/strong><\/td><td><strong>TP<\/strong><\/td><td><strong>Autres*<\/strong><\/td><td><strong>&nbsp;<\/strong><\/td><\/tr><tr><td><strong>UE Fondamentale<\/strong><\/td><td>&nbsp;<\/td><td>8<\/td><td>18<\/td><td>&nbsp;<\/td><td>&nbsp;<\/td><\/tr><tr><td><strong>UEF1<\/strong><\/td><td>&nbsp;<\/td><td>&nbsp;<\/td><td>&nbsp;<\/td><td>&nbsp;<\/td><td>&nbsp;<\/td><td>&nbsp;<\/td><td>&nbsp;<\/td><td>&nbsp;<\/td><td>&nbsp;<\/td><\/tr><tr><td>Micro-ondes Hyperfr\u00e9quences<\/td><td>60<\/td><td>1.5<\/td><td>1.5<\/td><td>1<\/td><td>4<\/td><td>3<\/td><td>6<\/td><td>33%<\/td><td>67%<\/td><\/tr><tr><td>Traitement de signal: fondements et applications<\/td><td>45<\/td><td>1.5<\/td><td>1.5<\/td><td>&nbsp;<\/td><td>4<\/td><td>3<\/td><td>6<\/td><td>33%<\/td><td>67%<\/td><\/tr><tr><td><strong>UEF2<\/strong><\/td><td>&nbsp;<\/td><td>&nbsp;<\/td><td>&nbsp;<\/td><td>&nbsp;<\/td><td>&nbsp;<\/td><\/tr><tr><td>Physique des composants \u00e0semiconducteur<\/td><td>45<\/td><td>1.5<\/td><td>1.5<\/td><td>&nbsp;<\/td><td>3<\/td><td>2<\/td><td>6<\/td><td>33%<\/td><td>67%<\/td><\/tr><tr><td><strong>UE Methodologie<\/strong><\/td><td>&nbsp;<\/td><td>4<\/td><td>9<\/td><td>&nbsp;<\/td><td>&nbsp;<\/td><\/tr><tr><td><strong>UEM1<\/strong><\/td><td>&nbsp;<\/td><td>&nbsp;<\/td><td>&nbsp;<\/td><td>&nbsp;<\/td><td>&nbsp;<\/td><td>&nbsp;<\/td><td>&nbsp;<\/td><td>&nbsp;<\/td><td>&nbsp;<\/td><\/tr><tr><td>Modelisation Numerique 1<\/td><td>45<\/td><td>1.5<\/td><td>1.5<\/td><td>1.5<\/td><td>3<\/td><td>2<\/td><td>5<\/td><td>50%<\/td><td>50%<\/td><\/tr><tr><td><strong>UEM2<\/strong><\/td><td>&nbsp;<\/td><td>&nbsp;<\/td><td>&nbsp;<\/td><td>&nbsp;<\/td><td>&nbsp;<\/td><td>&nbsp;<\/td><td>&nbsp;<\/td><td>&nbsp;<\/td><td>&nbsp;<\/td><\/tr><tr><td>Programmation Matlab1<\/td><td>45<\/td><td>1.5<\/td><td>&nbsp;<\/td><td>1.5<\/td><td>3<\/td><td>2<\/td><td>4<\/td><td>50%<\/td><td>50%<\/td><\/tr><tr><td><strong>UE Decouverte<\/strong><\/td><td>&nbsp;<\/td><td>&nbsp;<\/td><td>&nbsp;<\/td><td>&nbsp;<\/td><td>&nbsp;<\/td><td>1<\/td><td>1<\/td><td>&nbsp;<\/td><td>&nbsp;<\/td><\/tr><tr><td><strong>UED<\/strong><\/td><td>&nbsp;<\/td><td>&nbsp;<\/td><td>&nbsp;<\/td><td>&nbsp;<\/td><td>&nbsp;<\/td><td>&nbsp;<\/td><td>&nbsp;<\/td><td>&nbsp;<\/td><td>&nbsp;<\/td><\/tr><tr><td>Mat\u00e9riaux isolants et haute tension<\/td><td>45<\/td><td>1.5<\/td><td>1.5<\/td><td>&nbsp;<\/td><td>2<\/td><td>1<\/td><td>1<\/td><td>50%<\/td><td>50%<\/td><\/tr><tr><td><strong>UETransversales<\/strong><\/td><td>&nbsp;<\/td><td>1<\/td><td>2<\/td><td>&nbsp;<\/td><td>&nbsp;<\/td><\/tr><tr><td><strong>UET<\/strong><\/td><td>&nbsp;<\/td><td>&nbsp;<\/td><td>&nbsp;<\/td><td>&nbsp;<\/td><td>&nbsp;<\/td><td>&nbsp;<\/td><td>&nbsp;<\/td><td>&nbsp;<\/td><td>&nbsp;<\/td><\/tr><tr><td>Anglais pour la recherche<\/td><td>20<\/td><td>1.5<\/td><td>&nbsp;<\/td><td>&nbsp;<\/td><td>3<\/td><td>1<\/td><td>2<\/td><td>&nbsp;<\/td><td>100%<\/td><\/tr><tr><td><strong>total semestre1<\/strong><\/td><td>305<\/td><td>12<\/td><td>7.5<\/td><td>2.5<\/td><td>22<\/td><td>14<\/td><td>30<\/td><td>&nbsp;<\/td><td>&nbsp;<\/td><\/tr><tr><td><\/td><td><\/td><td><\/td><td><\/td><td><\/td><td><\/td><td><\/td><td><\/td><td><\/td><td><\/td><td><\/td><\/tr><\/tbody><\/table><\/figure>\n\n\n\n<p><strong>Autre* : travail compl\u00e9mentaire avec une consultation semestrielle.<\/strong><strong><\/strong><\/p>\n\n\n\n<p><strong><u>Semester 2:<\/u><\/strong><strong><u><\/u><\/strong><\/p>\n\n\n\n<figure class=\"wp-block-table\"><table><tbody><tr><td><em><strong>&nbsp;<\/strong><\/em> <em><strong>&nbsp;<\/strong><\/em> <em><strong>Unit\u00e9 d\u2019enseignement<\/strong><\/em><strong><\/strong><\/td><td><strong>VHS<\/strong><\/td><td><strong>&nbsp;<\/strong> <strong>&nbsp;&nbsp;&nbsp;&nbsp;&nbsp;&nbsp;&nbsp;&nbsp;&nbsp;&nbsp;&nbsp;&nbsp;&nbsp;&nbsp;&nbsp;&nbsp;&nbsp;&nbsp;&nbsp;&nbsp;&nbsp;&nbsp;&nbsp; V.H. hebdomadaire<\/strong><\/td><td><strong>&nbsp;<\/strong> <strong>&nbsp;<\/strong> <strong>Coefficients<\/strong><\/td><td><strong>&nbsp;<\/strong> <strong>&nbsp;<\/strong> <strong>Credits<\/strong><\/td><td><strong>M\u00e9thode d\u2019evaluation<\/strong><\/td><\/tr><tr><td><strong>Continu<\/strong><\/td><td><strong>Examen<\/strong><\/td><\/tr><tr><td><strong>14-16 Sem<\/strong><\/td><td><strong>C<\/strong><\/td><td><strong>TC<\/strong><\/td><td><strong>TP<\/strong><\/td><td><strong>Autres*<\/strong><\/td><td><strong>&nbsp;<\/strong><\/td><\/tr><tr><td><strong>UE<\/strong> <strong>Fondamentale<\/strong><\/td><td>&nbsp;<\/td><td>8<\/td><td>18<\/td><td>&nbsp;<\/td><td>&nbsp;<\/td><\/tr><tr><td><strong>UEF1<\/strong><\/td><td>&nbsp;<\/td><td>&nbsp;<\/td><td>&nbsp;<\/td><td>&nbsp;<\/td><td>&nbsp;<\/td><td>&nbsp;<\/td><td>&nbsp;<\/td><td>&nbsp;<\/td><td>&nbsp;<\/td><\/tr><tr><td>Electromagn\u00e9tisme, lignes<\/td><td>45<\/td><td>1.5<\/td><td>1.5<\/td><td>&nbsp;<\/td><td>3<\/td><td>3<\/td><td>6<\/td><td>33%<\/td><td>67%<\/td><\/tr><tr><td>Electronique&nbsp; analogique<\/td><td>60<\/td><td>1.5<\/td><td>1.5<\/td><td>1<\/td><td>3<\/td><td>3<\/td><td>6<\/td><td>33%<\/td><td>67%<\/td><\/tr><tr><td>Electronique num\u00e9rique et acquisition<\/td><td>45<\/td><td>1.5<\/td><td>1.5<\/td><td>&nbsp;<\/td><td>3<\/td><td>2<\/td><td>6<\/td><td>33%<\/td><td>67%<\/td><\/tr><tr><td><strong>UE Methodologie<\/strong><\/td><td>&nbsp;<\/td><td>4<\/td><td>9<\/td><td>&nbsp;<\/td><td>&nbsp;<\/td><\/tr><tr><td><strong>UEM1<\/strong><\/td><td>&nbsp;<\/td><td>&nbsp;<\/td><td>&nbsp;<\/td><td>&nbsp;<\/td><td>&nbsp;<\/td><td>&nbsp;<\/td><td>&nbsp;<\/td><td>&nbsp;<\/td><td>&nbsp;<\/td><\/tr><tr><td>&nbsp;Microelectronique technologie<\/td><td>45<\/td><td>1.5<\/td><td>1.5<\/td><td>&nbsp;<\/td><td>2<\/td><td>2<\/td><td>5<\/td><td>50%<\/td><td>50%<\/td><\/tr><tr><td><strong>UEM2<\/strong><\/td><td>&nbsp;<\/td><td>&nbsp;<\/td><td>&nbsp;<\/td><td>&nbsp;<\/td><td>&nbsp;<\/td><td>&nbsp;<\/td><td>&nbsp;<\/td><td>&nbsp;<\/td><td>&nbsp;<\/td><\/tr><tr><td>Mod\u00e9lisation num\u00e9rique 2<\/td><td>45<\/td><td>1.5<\/td><td>&nbsp;<\/td><td>1.5<\/td><td>3<\/td><td>2<\/td><td>4<\/td><td>50%<\/td><td>50%<\/td><\/tr><tr><td><strong>UE Decouverte<\/strong><\/td><td>&nbsp;<\/td><td>&nbsp;<\/td><td>&nbsp;<\/td><td>&nbsp;<\/td><td>&nbsp;<\/td><td>1<\/td><td>2<\/td><td>&nbsp;<\/td><td>&nbsp;<\/td><\/tr><tr><td><strong>UED<\/strong><\/td><td>&nbsp;<\/td><td>&nbsp;<\/td><td>&nbsp;<\/td><td>&nbsp;<\/td><td>&nbsp;<\/td><td>&nbsp;<\/td><td>&nbsp;<\/td><td>&nbsp;<\/td><td>&nbsp;<\/td><\/tr><tr><td>Methodologie CEM-m\u00e9thodes de mesures et d\u2019\u00e9ssais<\/td><td>30<\/td><td>1.5<\/td><td>&nbsp;<\/td><td>1.5<\/td><td>3<\/td><td>1<\/td><td>2<\/td><td>50%<\/td><td>50%<\/td><\/tr><tr><td><strong>UE Transversales<\/strong><\/td><td>&nbsp;<\/td><td>1<\/td><td>1<\/td><td>&nbsp;<\/td><td>&nbsp;<\/td><\/tr><tr><td><strong>UET<\/strong><\/td><td>&nbsp;<\/td><td>&nbsp;<\/td><td>&nbsp;<\/td><td>&nbsp;<\/td><td>&nbsp;<\/td><td>&nbsp;<\/td><td>&nbsp;<\/td><td>&nbsp;<\/td><td>&nbsp;<\/td><\/tr><tr><td>Anglais pour l\u2019industrie<\/td><td>20<\/td><td>1.5<\/td><td>&nbsp;<\/td><td>&nbsp;<\/td><td>3<\/td><td>1<\/td><td>1<\/td><td>&nbsp;<\/td><td>100%<\/td><\/tr><tr><td><strong>total semestre1<\/strong><\/td><td>290<\/td><td>10.5<\/td><td>6<\/td><td>4<\/td><td>20<\/td><td>14<\/td><td>30<\/td><td>&nbsp;<\/td><td>&nbsp;<\/td><\/tr><\/tbody><\/table><\/figure>\n\n\n\n<p><strong>Autre* : travail compl\u00e9mentaire avec une consultation semestrielle.<\/strong><strong><\/strong><\/p>\n\n\n\n<p><strong><u>Semestre 3:<\/u><\/strong><\/p>\n\n\n\n<figure class=\"wp-block-table\"><table><tbody><tr><td><em>&nbsp;<\/em> <em>&nbsp;<\/em> <em>Unit\u00e9 d\u2019enseignement<\/em><strong><em><\/em><\/strong><\/td><td><strong>VHS<\/strong><\/td><td><strong>&nbsp;<\/strong> <strong>&nbsp;&nbsp;&nbsp;&nbsp;&nbsp;&nbsp;&nbsp;&nbsp;&nbsp;&nbsp;&nbsp;&nbsp;&nbsp;&nbsp;&nbsp;&nbsp;&nbsp;&nbsp;&nbsp; V.H.Hebdomadaire<\/strong><\/td><td><strong>&nbsp;<\/strong> <strong>&nbsp;<\/strong> <strong>Coefficients<\/strong><\/td><td><strong>&nbsp;<\/strong> <strong>&nbsp;<\/strong> <strong>Credits<\/strong><\/td><td><strong>M\u00e9thode d\u2019\u00e9valuation<\/strong><\/td><\/tr><tr><td><strong>Continu<\/strong><\/td><td><strong>Examen<\/strong><\/td><\/tr><tr><td>14-16 Sem<\/td><td><strong>C<\/strong><\/td><td><strong>T<\/strong><\/td><td><strong>PW<\/strong><\/td><td><strong>Autres*<\/strong><\/td><td><strong>&nbsp;<\/strong><\/td><\/tr><tr><td><strong>UE<\/strong> <strong>Fondamentale<\/strong><\/td><td>&nbsp;<\/td><td>8<\/td><td>18<\/td><td>&nbsp;<\/td><td>&nbsp;<\/td><\/tr><tr><td><strong>UFF1<\/strong><\/td><td>&nbsp;<\/td><td>&nbsp;<\/td><td>&nbsp;<\/td><td>&nbsp;<\/td><td>&nbsp;<\/td><td>&nbsp;<\/td><td>&nbsp;<\/td><td>&nbsp;<\/td><td>&nbsp;<\/td><\/tr><tr><td>Physique des Composants&nbsp; Nanostructures<\/td><td>45<\/td><td>1.5<\/td><td>1.5<\/td><td>&nbsp;<\/td><td>1<\/td><td>3<\/td><td>6<\/td><td>33%<\/td><td>67%<\/td><\/tr><tr><td>Heterojunctions et Dielectricques<\/td><td>45<\/td><td>1.5<\/td><td>1.5<\/td><td>&nbsp;<\/td><td>1<\/td><td>3<\/td><td>6<\/td><td>33%<\/td><td>67%<\/td><\/tr><tr><td><strong>UEF2<\/strong><\/td><td>&nbsp;<\/td><td>&nbsp;<\/td><td>&nbsp;<\/td><td>&nbsp;<\/td><td>&nbsp;<\/td><td>&nbsp;<\/td><td>&nbsp;<\/td><td>&nbsp;<\/td><td>&nbsp;<\/td><\/tr><tr><td>Conception des circuits analogiques<\/td><td>45<\/td><td>1.5<\/td><td>1.5<\/td><td>&nbsp;<\/td><td>2<\/td><td>2<\/td><td>3<\/td><td>33%<\/td><td>67%<\/td><\/tr><tr><td>Dispositifs MOS avanc\u00e9s<\/td><td>22.5<\/td><td>1.5<\/td><td>&nbsp;<\/td><td>&nbsp;<\/td><td>2<\/td><td>2<\/td><td>3<\/td><td>33%<\/td><td>67%<\/td><\/tr><tr><td><strong>UE Methodologie<\/strong><\/td><td>&nbsp;<\/td><td>4<\/td><td>9<\/td><td>&nbsp;<\/td><td>&nbsp;<\/td><\/tr><tr><td><strong>UEM1<\/strong><\/td><td>&nbsp;<\/td><td>&nbsp;<\/td><td>&nbsp;<\/td><td>&nbsp;<\/td><td>&nbsp;<\/td><td>&nbsp;<\/td><td>&nbsp;<\/td><td>&nbsp;<\/td><td>&nbsp;<\/td><\/tr><tr><td>&nbsp;Conversion Photovoltaique<\/td><td>22.5<\/td><td>1.5<\/td><td>&nbsp;<\/td><td>&nbsp;<\/td><td>2<\/td><td>2<\/td><td>4<\/td><td>50%<\/td><td>50%<\/td><\/tr><tr><td><strong>UEM2<\/strong><\/td><td>&nbsp;<\/td><td>&nbsp;<\/td><td>&nbsp;<\/td><td>&nbsp;<\/td><td>&nbsp;<\/td><td>&nbsp;<\/td><td>&nbsp;<\/td><td>&nbsp;<\/td><td>&nbsp;<\/td><\/tr><tr><td>Materiaux et Composants Photoniques&nbsp;&nbsp;&nbsp;<\/td><td>45<\/td><td>1.5<\/td><td>1.5<\/td><td>&nbsp;<\/td><td>2<\/td><td>2<\/td><td>5<\/td><td>50%<\/td><td>50%<\/td><\/tr><tr><td><strong>UE Decouverte<\/strong><\/td><td>&nbsp;<\/td><td>&nbsp;<\/td><td>&nbsp;<\/td><td>&nbsp;<\/td><td>&nbsp;<\/td><td>1<\/td><td>2<\/td><td>&nbsp;<\/td><td>&nbsp;<\/td><\/tr><tr><td><strong>DTU<\/strong><\/td><td>&nbsp;<\/td><td>&nbsp;<\/td><td>&nbsp;<\/td><td>&nbsp;<\/td><td>&nbsp;<\/td><td>&nbsp;<\/td><td>&nbsp;<\/td><td>&nbsp;<\/td><td>&nbsp;<\/td><\/tr><tr><td>Systems de&nbsp; Telecommunications, dispositifs RF&nbsp; et micro-ondes<\/td><td>67.5<\/td><td>1.5<\/td><td>1.5<\/td><td>1.5<\/td><td>2<\/td><td>1<\/td><td>2<\/td><td>50%<\/td><td>50%<\/td><\/tr><tr><td><strong>UE Transversales<\/strong><\/td><td>&nbsp;<\/td><td>1<\/td><td>1<\/td><td>&nbsp;<\/td><td>&nbsp;<\/td><\/tr><tr><td><strong>UET<\/strong><\/td><td>&nbsp;<\/td><td>&nbsp;<\/td><td>&nbsp;<\/td><td>&nbsp;<\/td><td>&nbsp;<\/td><td>&nbsp;<\/td><td>&nbsp;<\/td><td>&nbsp;<\/td><td>&nbsp;<\/td><\/tr><tr><td>Recherche Bibliographicque<\/td><td>&nbsp;<\/td><td>&nbsp;<\/td><td>&nbsp;<\/td><td>&nbsp;<\/td><td>20<\/td><td>1<\/td><td>1<\/td><td>&nbsp;<\/td><td>100%<\/td><\/tr><tr><td><strong>total semestre1<\/strong><\/td><td>292.5<\/td><td>10.5<\/td><td>7.5<\/td><td>1.5<\/td><td>32<\/td><td>14<\/td><td>30<\/td><td>&nbsp;<\/td><td>&nbsp;<\/td><\/tr><tr><td><\/td><td><\/td><td><\/td><td><\/td><td><\/td><td><\/td><td><\/td><td><\/td><td><\/td><td><\/td><td><\/td><\/tr><\/tbody><\/table><\/figure>\n\n\n\n<p><strong>Autre* : travail compl\u00e9mentaire avec une consultation semestrielle.<\/strong><strong><\/strong><\/p>\n\n\n\n<p><strong><u>Semester 4:<\/u><\/strong><\/p>\n\n\n\n<p><strong>Libell\u00e9 de l\u2019UE&nbsp;: fondamentales&nbsp;&nbsp;&nbsp;&nbsp;<\/strong><\/p>\n\n\n\n<p><strong>Fili\u00e8re&nbsp;: &nbsp;&nbsp;&nbsp;&nbsp;&nbsp;&nbsp;&nbsp;&nbsp;&nbsp; &nbsp;&nbsp;PHYSIQUE<\/strong><\/p>\n\n\n\n<p><strong>Sp\u00e9cialit\u00e9 :&nbsp;&nbsp;&nbsp; Physique appliqu\u00e9e<\/strong><\/p>\n\n\n\n<p>Stage en entreprise sanctionn\u00e9 par un m\u00e9moire et une soutenance.<\/p>\n\n\n\n<figure class=\"wp-block-table\"><table><tbody><tr><td>&nbsp;<\/td><td>Volume horaire semestriel<\/td><td>Coefficients<\/td><td>Cr\u00e9dits<\/td><\/tr><tr><td><strong>Travail Personel<\/strong><\/td><td>120<\/td><td>6<\/td><td>15<\/td><\/tr><tr><td><strong>Stage en entreprise<\/strong><strong><\/strong><\/td><td>90<\/td><td>4<\/td><td>10<\/td><\/tr><tr><td><strong>Seminaires<\/strong><\/td><td>30<\/td><td>2<\/td><td>5<\/td><\/tr><tr><td><strong>Total Semestre 4<\/strong><\/td><td>240<\/td><td>12<\/td><td>30<\/td><\/tr><\/tbody><\/table><\/figure>\n","protected":false},"excerpt":{"rendered":"<p>D\u00e9partement des sciences de la mati\u00e8re Nom du programme: Master en physique appliqu\u00e9e Niveau: Master Domaine: science de la mati\u00e8re Fili\u00e8re: physique Sp\u00e9cialit\u00e9: Physique appliqu\u00e9e Description du&nbsp; Programme : Le Master Recherche en Physique Appliqu\u00e9e propose une formation scientifique sur les semi-conducteurs et la compatibilit\u00e9 \u00e9lectromagn\u00e9tique. Ce stage permet aux \u00e9tudiants qui le souhaitent de &hellip;<\/p>\n","protected":false},"author":1,"featured_media":0,"parent":0,"menu_order":0,"comment_status":"closed","ping_status":"closed","template":"","meta":{"footnotes":""},"class_list":["post-9670","page","type-page","status-publish","hentry"],"_links":{"self":[{"href":"https:\/\/www.univ-oeb.dz\/fsesnv\/wp-json\/wp\/v2\/pages\/9670","targetHints":{"allow":["GET"]}}],"collection":[{"href":"https:\/\/www.univ-oeb.dz\/fsesnv\/wp-json\/wp\/v2\/pages"}],"about":[{"href":"https:\/\/www.univ-oeb.dz\/fsesnv\/wp-json\/wp\/v2\/types\/page"}],"author":[{"embeddable":true,"href":"https:\/\/www.univ-oeb.dz\/fsesnv\/wp-json\/wp\/v2\/users\/1"}],"replies":[{"embeddable":true,"href":"https:\/\/www.univ-oeb.dz\/fsesnv\/wp-json\/wp\/v2\/comments?post=9670"}],"version-history":[{"count":0,"href":"https:\/\/www.univ-oeb.dz\/fsesnv\/wp-json\/wp\/v2\/pages\/9670\/revisions"}],"wp:attachment":[{"href":"https:\/\/www.univ-oeb.dz\/fsesnv\/wp-json\/wp\/v2\/media?parent=9670"}],"curies":[{"name":"wp","href":"https:\/\/api.w.org\/{rel}","templated":true}]}}