{"id":9668,"date":"2023-06-12T00:00:19","date_gmt":"2023-06-11T23:00:19","guid":{"rendered":"http:\/\/www.univ-oeb.dz\/fsesnv\/?page_id=9668"},"modified":"2023-06-12T00:00:19","modified_gmt":"2023-06-11T23:00:19","slug":"master-academique-physique-des-materiaux","status":"publish","type":"page","link":"https:\/\/www.univ-oeb.dz\/fsesnv\/master-academique-physique-des-materiaux\/","title":{"rendered":"Master ACAD\u00c9MIQUE Physique des Mat\u00e9riaux"},"content":{"rendered":"\n<p class=\"has-medium-font-size\"><strong>D\u00e9partement Sciences de la mati\u00e8re (SM)<\/strong><\/p>\n\n\n\n<p>OFFRE DE FORMATION L.M.D.<\/p>\n\n\n\n<p class=\"has-text-align-center has-pale-cyan-blue-background-color has-background\">Master ACAD\u00c9MIQUE Physique des Mat\u00e9riaux<\/p>\n\n\n\n<p>Domaine : Sciences de la mati\u00e8re<\/p>\n\n\n\n<p>Domaine : Physique<\/p>\n\n\n\n<p>Sp\u00e9cialit\u00e9 : Physique des Mat\u00e9riaux<\/p>\n\n\n\n<ol class=\"wp-block-list\" type=\"1\">\n<li><strong>Objectifs de la formation :<\/strong><\/li>\n<\/ol>\n\n\n\n<p>Ce Master permettra aux \u00e9tudiants actuellement en fin de cycle licence de poursuivre leur formation dans le second cycle du dispositif LMD. L&rsquo;objectif de ce master est de pr\u00e9parer un m\u00e9moire de Master en Science des Mat\u00e9riaux et de dispenser une formation g\u00e9n\u00e9raliste de haut niveau afin de faciliter l&rsquo;insertion professionnelle des \u00e9tudiants ou la poursuite d&rsquo;\u00e9tudes de recherche apr\u00e8s l&rsquo;obtention du Master. Ce Master est organis\u00e9 en deux ann\u00e9es : la premi\u00e8re ann\u00e9e est une formation dans l&rsquo;option choisie tandis que la deuxi\u00e8me ann\u00e9e est une formation plus sp\u00e9cialis\u00e9e. L&rsquo;option de ce Master permettra aux \u00e9tudiants titulaires de la licence LMD \u00ab\u00a0Sciences des Mat\u00e9riaux\u00a0\u00bb d&rsquo;acc\u00e9der \u00e0 des travaux dans les domaines des transformations de phase des mat\u00e9riaux et de l&rsquo;\u00e9laboration et de la caract\u00e9risation des mat\u00e9riaux par des mat\u00e9riaux. diff\u00e9rentes techniques analytiques.<\/p>\n\n\n\n<ul class=\"wp-block-list\">\n<li><strong>Conditions d&rsquo;entr\u00e9e<\/strong><\/li>\n<\/ul>\n\n\n\n<p>1&nbsp;&nbsp;&nbsp; Licence en sciences des mat\u00e9riaux option : Physique g\u00e9n\u00e9rale<\/p>\n\n\n\n<p>2- Licence en sciences des mat\u00e9riaux option : Sciences des mat\u00e9riaux<\/p>\n\n\n\n<p>&nbsp;3- Licence en sciences des mat\u00e9riaux option : Semi-conducteurs<\/p>\n\n\n\n<p>&nbsp;4- Autres licences du domaine SM (apr\u00e8s \u00e9tude de conformit\u00e9)<\/p>\n\n\n\n<ul class=\"wp-block-list\">\n<li><strong>Unit\u00e9s de programme et modules I<\/strong><\/li>\n<\/ul>\n\n\n\n<figure class=\"wp-block-table\"><table><tbody><tr><td><strong><em>Premier semestre<\/em><\/strong> \u2022 Unit\u00e9 d&rsquo;enseignement fondamental Code : FTU11 Cr\u00e9dit :18 Coefficient :9 F111 : Interaction mati\u00e8re rayonnement F112 : Transformations de phases F113 : Physique des semi-conducteurs . F114 : Propri\u00e9t\u00e9s physiques des mat\u00e9riaux \u2022 UE M\u00e9thodologie Code : MTU11 Cr\u00e9dit :8 Coefficient :4 M111 : Labo 1 M112 : M\u00e9thodes de simulation en science des mat\u00e9riaux &nbsp;\u2022 UE D\u00e9couverte Code : DTU11 Cr\u00e9dit :2 Coefficient :1 D111 : Gestion &nbsp;\u2022 Unit\u00e9 d&rsquo;enseignement transversale_ Code : TTU11_ Cr\u00e9dit :2_ Coefficient :1 &nbsp;T111 : anglais 1.<strong><\/strong><\/td><td><strong><em>Second semestre<\/em><\/strong> \u2022 Unit\u00e9 d&rsquo;enseignement fondamental Code : FTU12 Cr\u00e9dit :18 Coefficient :9 F121 : Elaboration de couches minces et techniques exp\u00e9rimentales Math\u00e9matiques 2\/Analyse et Alg\u00e8bre 2 F122 : M\u00e9thodes d&rsquo;analyse et de caract\u00e9risation des mat\u00e9riaux 1 F123 : Technologie des mat\u00e9riaux cin\u00e9tique chimique F124 : M\u00e9canique quantique \u2022 UE M\u00e9thodologie Code : MTU12 Cr\u00e9dit :8 Coefficient :4 M121 : Labo 2 M122 : Microscopie \u2022 UE D\u00e9couverte Code : DTU12 Cr\u00e9dit :2 Coefficient :1 D121 : Nanotechnologie 1 &nbsp;\u2022 Unit\u00e9 d&rsquo;enseignement transversale_ Code : TTU12_ Cr\u00e9dit :2_ Coefficient :1 T121 : anglais 2<strong><\/strong><\/td><\/tr><\/tbody><\/table><\/figure>\n\n\n\n<figure class=\"wp-block-table\"><table><tbody><tr><td><strong><em>Troisi\u00e8me semestre<\/em><\/strong> &nbsp;\u2022 Unit\u00e9 d&rsquo;enseignement fondamental Code : FTU21 Cr\u00e9dit :20 Coefficient :10 F211 : Physique des d\u00e9fauts F212 : Thermodynamique et physique statistique &nbsp;F213 : M\u00e9thodes d&rsquo;analyse et de caract\u00e9risation des mat\u00e9riaux II \u2022 UE M\u00e9thodologie Code : MTU21 Cr\u00e9dit :8 Coefficient :4 M211 : M\u00e9thodes num\u00e9riques appliqu\u00e9es &nbsp;M212 : D\u00e9marches scientifiques et didactiques \u2022 UE D\u00e9couverte Code : DTU21 Cr\u00e9dit :2 Coefficient :1 D211 : Nanotechnologie 2 \u2022 Unit\u00e9 d&rsquo;enseignement transversale_ Code : TTU12_ Cr\u00e9dit :2_ Coefficient :1 T211 : anglais 3 <strong>&nbsp;<\/strong><\/td><td><strong><em>Quatri\u00e8me semestre <\/em><\/strong><strong><em><\/em><\/strong> Stages pratiques en laboratoire ou en entreprise d\u00e9bouchant sur un m\u00e9moire et soutenance. <strong>&nbsp;<\/strong><\/td><\/tr><\/tbody><\/table><\/figure>\n\n\n\n<p>Autre* : travail compl\u00e9mentaire avec une consultation semestrielle.<\/p>\n\n\n\n<p>&nbsp;Autre : Les enseignants en collaboration avec l&rsquo;\u00e9quipe de formation du domaine peuvent librement inclure tout type d&rsquo;\u00e9valuation (mini projet, stage en entreprise, travail personnel, participation \u00e0 des s\u00e9minaires et congr\u00e8s&#8230;etc) qu&rsquo;ils jugent opportun pour inciter les \u00e9tudiants \u00e0 mieux prendre charge de leurs cours et, dans le m\u00eame temps, de lutter contre le ph\u00e9nom\u00e8ne d&rsquo;absent\u00e9isme des \u00e9tudiants aux cours.<strong><\/strong><\/p>\n","protected":false},"excerpt":{"rendered":"<p>D\u00e9partement Sciences de la mati\u00e8re (SM) OFFRE DE FORMATION L.M.D. Master ACAD\u00c9MIQUE Physique des Mat\u00e9riaux Domaine : Sciences de la mati\u00e8re Domaine : Physique Sp\u00e9cialit\u00e9 : Physique des Mat\u00e9riaux Objectifs de la formation : Ce Master permettra aux \u00e9tudiants actuellement en fin de cycle licence de poursuivre leur formation dans le second cycle du dispositif &hellip;<\/p>\n","protected":false},"author":1,"featured_media":0,"parent":0,"menu_order":0,"comment_status":"closed","ping_status":"closed","template":"","meta":{"footnotes":""},"class_list":["post-9668","page","type-page","status-publish","hentry"],"_links":{"self":[{"href":"https:\/\/www.univ-oeb.dz\/fsesnv\/wp-json\/wp\/v2\/pages\/9668","targetHints":{"allow":["GET"]}}],"collection":[{"href":"https:\/\/www.univ-oeb.dz\/fsesnv\/wp-json\/wp\/v2\/pages"}],"about":[{"href":"https:\/\/www.univ-oeb.dz\/fsesnv\/wp-json\/wp\/v2\/types\/page"}],"author":[{"embeddable":true,"href":"https:\/\/www.univ-oeb.dz\/fsesnv\/wp-json\/wp\/v2\/users\/1"}],"replies":[{"embeddable":true,"href":"https:\/\/www.univ-oeb.dz\/fsesnv\/wp-json\/wp\/v2\/comments?post=9668"}],"version-history":[{"count":0,"href":"https:\/\/www.univ-oeb.dz\/fsesnv\/wp-json\/wp\/v2\/pages\/9668\/revisions"}],"wp:attachment":[{"href":"https:\/\/www.univ-oeb.dz\/fsesnv\/wp-json\/wp\/v2\/media?parent=9668"}],"curies":[{"name":"wp","href":"https:\/\/api.w.org\/{rel}","templated":true}]}}