{"id":9662,"date":"2023-06-11T23:57:30","date_gmt":"2023-06-11T22:57:30","guid":{"rendered":"http:\/\/www.univ-oeb.dz\/fsesnv\/?page_id=9662"},"modified":"2023-06-11T23:57:31","modified_gmt":"2023-06-11T22:57:31","slug":"master-academique-en-chimie-des-materiaux","status":"publish","type":"page","link":"https:\/\/www.univ-oeb.dz\/fsesnv\/master-academique-en-chimie-des-materiaux\/","title":{"rendered":"Master acad\u00e9mique en Chimie des Mat\u00e9riaux"},"content":{"rendered":"\n<p class=\"has-medium-font-size\"><strong>D\u00e9partement Sciences de la mati\u00e8re<\/strong><strong><\/strong><\/p>\n\n\n\n<p class=\"has-text-align-center has-pale-cyan-blue-background-color has-background\"><strong>Master acad\u00e9mique en Chimie des Mat\u00e9riaux<\/strong><strong><\/strong><\/p>\n\n\n\n<ul class=\"wp-block-list\">\n<li><strong>Niveau: Master<\/strong><\/li>\n\n\n\n<li><strong>Domaine: <\/strong><strong>Sciences de la Mati\u00e8re<\/strong><strong><\/strong><\/li>\n\n\n\n<li><strong>Fili\u00e8re: Chimie<\/strong><\/li>\n\n\n\n<li><strong>Sp\u00e9cialit\u00e9: <\/strong><strong>Chimie des Mat\u00e9riaux<\/strong><strong><\/strong><\/li>\n<\/ul>\n\n\n\n<ol class=\"wp-block-list\" type=\"1\">\n<li><strong>Description du<\/strong>&nbsp; <strong>Programme :<\/strong><\/li>\n<\/ol>\n\n\n\n<p>La chimie des mat\u00e9riaux \u00e9tudie la relation entre les propri\u00e9t\u00e9s physico-chimiques, la morphologie structurale et la mise en \u0153uvre des mat\u00e9riaux qui nous entourent (m\u00e9taux, polym\u00e8res, c\u00e9ramiques, composites). La connaissance et la ma\u00eetrise des ph\u00e9nom\u00e8nes microscopiques (diffusion, arrangement des atomes, recristallisation, apparition de phases, etc.) permettent l&rsquo;\u00e9laboration de mat\u00e9riaux aux propri\u00e9t\u00e9s recherch\u00e9es.<\/p>\n\n\n\n<p>Le Master Chimie des Mat\u00e9riaux ouvre l&rsquo;acc\u00e8s au concours doctoral en science des mat\u00e9riaux, chimie des mat\u00e9riaux. Il permet \u00e9galement aux \u00e9tudiants de postuler \u00e0 certains postes dans l&rsquo;industrie min\u00e9rale, la m\u00e9tallurgie, l&rsquo;industrie cimenti\u00e8re, la c\u00e9ramique et l&rsquo;industrie chimique. Les connaissances acquises au cours de la formation permettent aux \u00e9tudiants d&rsquo;exercer les fonctions d&rsquo;ing\u00e9nieur de laboratoire dans des laboratoires de recherche.<\/p>\n\n\n\n<p>Enfin, la chimie des mat\u00e9riaux couvre plusieurs domaines industriels, personnel de soutien dans les laboratoires de recherche, laboratoires d&rsquo;enseignement et autres.<\/p>\n\n\n\n<ul class=\"wp-block-list\">\n<li><strong>Connaissances n\u00e9cessaires<\/strong><strong><\/strong><\/li>\n<\/ul>\n\n\n\n<p>Sp\u00e9cialit\u00e9s de licence pouvant donner acc\u00e8s au Master :<\/p>\n\n\n\n<p>&#8211; Licence chimie des mat\u00e9riaux<\/p>\n\n\n\n<p>&#8211; Licence sciences analytiques<\/p>\n\n\n\n<p>&#8211; Licence chimie fondamentale<\/p>\n\n\n\n<ul class=\"wp-block-list\">\n<li><strong>Programme &nbsp;des unit\u00e9s d\u2019enseignement<\/strong><strong><\/strong><\/li>\n<\/ul>\n\n\n\n<p>Fiche d\u2019organisation semestrielle des enseignements du Master Chimie des Mat\u00e9riaux :<\/p>\n\n\n\n<figure class=\"wp-block-table\"><table><tbody><tr><td><strong>Semestre 1<\/strong> (10 modules) &nbsp; Unit\u00e9 d\u2019enseignement<strong><\/strong><\/td><td><strong>V.H hebdomadaire<\/strong><strong><\/strong><\/td><\/tr><tr><td><strong>Cours<\/strong><strong><\/strong><\/td><td><strong>TD<\/strong><strong><\/strong><\/td><td><strong>TP<\/strong><strong><\/strong><\/td><\/tr><tr><td><strong>unit\u00e9 d&rsquo;enseignement fondamental<\/strong><strong><\/strong><\/td><\/tr><tr><td>Ph\u00e9nom\u00e8nes de transfert<\/td><td>1,5<\/td><td>1,5<\/td><td>&nbsp;<\/td><\/tr><tr><td>Mat\u00e9riaux<\/td><td>1,5<\/td><td>1,5<\/td><td>&nbsp;<\/td><\/tr><tr><td>Propri\u00e9t\u00e9s physico-chimiques des mat\u00e9riaux<\/td><td>1,5<\/td><td>1,5<\/td><td>&nbsp;<\/td><\/tr><tr><td>Chimie des surfaces<\/td><td>1,5<\/td><td>1,5<\/td><td>&nbsp;<\/td><\/tr><tr><td>Chimie de coordination<\/td><td>1,5<\/td><td>1,5<\/td><td>&nbsp;<\/td><\/tr><tr><td>Chimie quantique 1<\/td><td>1,5<\/td><td>1,5<\/td><td>&nbsp;<\/td><\/tr><tr><td><strong>unit\u00e9 d&rsquo;enseignement M\u00e9thodologie<\/strong><strong><\/strong><\/td><\/tr><tr><td>Propri\u00e9t\u00e9s physico-chimiques des mat\u00e9riaux<\/td><td>&nbsp;<\/td><td>&nbsp;<\/td><td>1,5<\/td><\/tr><tr><td>Programmation informatique<\/td><td>&nbsp;<\/td><td>&nbsp;<\/td><td>1,5<\/td><\/tr><tr><td><strong>unit\u00e9 d&rsquo;enseignement D\u00e9couverte<\/strong><strong><\/strong><\/td><\/tr><tr><td>Relations universit\u00e9 et le secteur socio-\u00e9conomique<\/td><td>1,5<\/td><td>&nbsp;<\/td><td>&nbsp;<\/td><\/tr><tr><td><strong>unit\u00e9 d&rsquo;enseignement Transversal<\/strong><strong><\/strong><\/td><\/tr><tr><td>Anglais<\/td><td>1,5<\/td><td>&nbsp;<\/td><td>&nbsp;<\/td><\/tr><tr><td><strong>Total Semestre 1<\/strong><\/td><td>10,5<\/td><td>9<\/td><td>6<\/td><\/tr><tr><td><strong>&nbsp;<\/strong><\/td><td>&nbsp;<\/td><td>&nbsp;<\/td><td>&nbsp;<\/td><\/tr><tr><td><\/td><td><\/td><td><\/td><td><\/td><td><\/td><\/tr><\/tbody><\/table><\/figure>\n\n\n\n<figure class=\"wp-block-table\"><table><tbody><tr><td><strong>Semestre 2<\/strong> (9 modules) &nbsp; Unit\u00e9 d\u2019enseignement<strong><\/strong><\/td><td><strong>V.H hebdomadaire<\/strong><strong><\/strong><\/td><\/tr><tr><td><strong>Cours<\/strong><strong><\/strong><\/td><td><strong>TD<\/strong><strong><\/strong><\/td><td><strong>TP<\/strong><strong><\/strong><\/td><\/tr><tr><td><strong>unit\u00e9 d&rsquo;enseignement fondamental<\/strong><strong><\/strong><\/td><\/tr><tr><td>&nbsp;&nbsp;&nbsp; Polym\u00e8res et composites<\/td><td>1,5<\/td><td>1,5<\/td><td>&nbsp;<\/td><\/tr><tr><td>&nbsp;&nbsp;&nbsp; Min\u00e9raux, verres et&nbsp;&nbsp; c\u00e9ramiques<\/td><td>1,5<\/td><td>1,5<\/td><td>&nbsp;<\/td><\/tr><tr><td>&nbsp;&nbsp;&nbsp; Organom\u00e9tallique<\/td><td>1,5<\/td><td>1,5<\/td><td>&nbsp;<\/td><\/tr><tr><td>&nbsp;&nbsp;&nbsp; M\u00e9thodes de caract\u00e9risation des mat\u00e9riaux<\/td><td>1,5<\/td><td>1,5<\/td><td>&nbsp;<\/td><\/tr><tr><td>&nbsp;&nbsp;&nbsp; M\u00e9tallurgie et corrosion<\/td><td>1,5<\/td><td>1,5<\/td><td>&nbsp;<\/td><\/tr><tr><td><strong>unit\u00e9 d&rsquo;enseignement M\u00e9thodologie<\/strong><strong><\/strong><\/td><\/tr><tr><td>Chimie de surfaces<\/td><td>&nbsp;<\/td><td>&nbsp;<\/td><td>3<\/td><\/tr><tr><td>Spectroscopie<\/td><td>&nbsp;<\/td><td>&nbsp;<\/td><td>3<\/td><\/tr><tr><td><strong>unit\u00e9 d&rsquo;enseignement D\u00e9couverte<\/strong><strong><\/strong><\/td><\/tr><tr><td>Gestion des entreprises<\/td><td>1,5<\/td><td>&nbsp;<\/td><td>&nbsp;<\/td><\/tr><tr><td><strong>unit\u00e9 d&rsquo;enseignement Transversal<\/strong><strong><\/strong><\/td><\/tr><tr><td>Anglais<\/td><td>1,5<\/td><td>&nbsp;<\/td><td>&nbsp;<\/td><\/tr><tr><td><strong>Total Semestre 2<\/strong><strong><\/strong><\/td><td>10,5<\/td><td>7,5<\/td><td>6<\/td><\/tr><\/tbody><\/table><\/figure>\n\n\n\n<figure class=\"wp-block-table\"><table><tbody><tr><td><strong>Semestre 3<\/strong> (6 modules) &nbsp; Unit\u00e9 d\u2019enseignement<strong><\/strong><\/td><td><strong>V.H hebdomadaire<\/strong><strong><\/strong><\/td><\/tr><tr><td><strong>Cours<\/strong><strong><\/strong><\/td><td><strong>TD<\/strong><strong><\/strong><\/td><td><strong>TP<\/strong><strong><\/strong><\/td><td><strong>Autres<\/strong><strong><\/strong><\/td><\/tr><tr><td><strong>unit\u00e9 d&rsquo;enseignement fondamental<\/strong><strong><\/strong><\/td><td><strong>&nbsp;<\/strong><\/td><\/tr><tr><td>&nbsp;&nbsp;&nbsp; Initiation \u00e0 la recherche<\/td><td>1,5<\/td><td>1,5<\/td><td>&nbsp;<\/td><td>&nbsp;<\/td><\/tr><tr><td>&nbsp;&nbsp;&nbsp; M\u00e9thode de caract\u00e9risation des mat\u00e9riaux 2<\/td><td>1,5<\/td><td>1,5<\/td><td>&nbsp;<\/td><td>&nbsp;<\/td><\/tr><tr><td><strong>unit\u00e9 d&rsquo;enseignement M\u00e9thodologie<\/strong><strong><\/strong><\/td><td><strong>&nbsp;<\/strong><\/td><\/tr><tr><td>&nbsp;&nbsp;&nbsp; M\u00e9thodes num\u00e9riques appliqu\u00e9es<\/td><td>1,5<\/td><td>1,5<\/td><td>1,5<\/td><td>&nbsp;<\/td><\/tr><tr><td>&nbsp;&nbsp;&nbsp; Travail personnel de recherche bibliographique<\/td><td>&nbsp;<\/td><td>&nbsp;<\/td><td>&nbsp;<\/td><td>10<\/td><\/tr><tr><td><strong>unit\u00e9 d&rsquo;enseignement D\u00e9couverte<\/strong><strong><\/strong><\/td><td><strong>&nbsp;<\/strong><\/td><\/tr><tr><td>Droit civil<\/td><td>1,5<\/td><td>&nbsp;<\/td><td>&nbsp;<\/td><td>&nbsp;<\/td><\/tr><tr><td><strong>unit\u00e9 d&rsquo;enseignement Transversal<\/strong><strong><\/strong><\/td><td><strong>&nbsp;<\/strong><\/td><\/tr><tr><td>Anglais<\/td><td>1,5<\/td><td>&nbsp;<\/td><td>&nbsp;<\/td><td>&nbsp;<\/td><\/tr><tr><td><strong>Total Semestre 2<\/strong><strong><\/strong><\/td><td>10,5<\/td><td>7,5<\/td><td>6<\/td><td>10<\/td><\/tr><\/tbody><\/table><\/figure>\n\n\n\n<figure class=\"wp-block-table\"><table><tbody><tr><td><strong>Semestre 4<\/strong><\/td><td><\/td><\/tr><tr><td><\/td><\/tr><tr><td>Stage en entreprise sanctionn\u00e9 par un m\u00e9moire et une soutenance.<\/td><td><\/td><\/tr><\/tbody><\/table><\/figure>\n\n\n\n<ul class=\"wp-block-list\">\n<li><strong>Autres<\/strong><strong><\/strong><\/li>\n<\/ul>\n\n\n\n<p><strong>-Type de dur\u00e9e : deux ans<\/strong><strong><\/strong><\/p>\n\n\n\n<p><strong>-Information sur le co\u00fbt des \u00e9tudes : Il convient de noter ici que l&rsquo;enseignement est gratuit en plus de l&rsquo;h\u00e9bergement, de la nourriture et du transport, et que les \u00e9tudiants b\u00e9n\u00e9ficient d&rsquo;une bourse suppl\u00e9mentaire.<\/strong><strong><\/strong><\/p>\n","protected":false},"excerpt":{"rendered":"<p>D\u00e9partement Sciences de la mati\u00e8re Master acad\u00e9mique en Chimie des Mat\u00e9riaux Niveau: Master Domaine: Sciences de la Mati\u00e8re Fili\u00e8re: Chimie Sp\u00e9cialit\u00e9: Chimie des Mat\u00e9riaux Description du&nbsp; Programme : La chimie des mat\u00e9riaux \u00e9tudie la relation entre les propri\u00e9t\u00e9s physico-chimiques, la morphologie structurale et la mise en \u0153uvre des mat\u00e9riaux qui nous entourent (m\u00e9taux, polym\u00e8res, c\u00e9ramiques, &hellip;<\/p>\n","protected":false},"author":1,"featured_media":0,"parent":0,"menu_order":0,"comment_status":"closed","ping_status":"closed","template":"","meta":{"footnotes":""},"class_list":["post-9662","page","type-page","status-publish","hentry"],"_links":{"self":[{"href":"https:\/\/www.univ-oeb.dz\/fsesnv\/wp-json\/wp\/v2\/pages\/9662","targetHints":{"allow":["GET"]}}],"collection":[{"href":"https:\/\/www.univ-oeb.dz\/fsesnv\/wp-json\/wp\/v2\/pages"}],"about":[{"href":"https:\/\/www.univ-oeb.dz\/fsesnv\/wp-json\/wp\/v2\/types\/page"}],"author":[{"embeddable":true,"href":"https:\/\/www.univ-oeb.dz\/fsesnv\/wp-json\/wp\/v2\/users\/1"}],"replies":[{"embeddable":true,"href":"https:\/\/www.univ-oeb.dz\/fsesnv\/wp-json\/wp\/v2\/comments?post=9662"}],"version-history":[{"count":0,"href":"https:\/\/www.univ-oeb.dz\/fsesnv\/wp-json\/wp\/v2\/pages\/9662\/revisions"}],"wp:attachment":[{"href":"https:\/\/www.univ-oeb.dz\/fsesnv\/wp-json\/wp\/v2\/media?parent=9662"}],"curies":[{"name":"wp","href":"https:\/\/api.w.org\/{rel}","templated":true}]}}