{"id":9549,"date":"2023-06-11T13:41:08","date_gmt":"2023-06-11T12:41:08","guid":{"rendered":"http:\/\/www.univ-oeb.dz\/fsesnv\/?page_id=9549"},"modified":"2023-06-11T13:41:08","modified_gmt":"2023-06-11T12:41:08","slug":"nom-du-program-licence-academique-en-physique-des-materiaux","status":"publish","type":"page","link":"https:\/\/www.univ-oeb.dz\/fsesnv\/nom-du-program-licence-academique-en-physique-des-materiaux\/","title":{"rendered":"Nom du Program: licence acad\u00e9mique en Physique des Mat\u00e9riaux"},"content":{"rendered":"\n<p class=\"has-medium-font-size\"><strong>D\u00e9partement Sciences de la mati\u00e8re (SM)<\/strong><\/p>\n\n\n\n<p class=\"has-text-align-center has-pale-cyan-blue-background-color has-background\">Nom du Program: licence acad\u00e9mique en Physique des Mat\u00e9riaux<\/p>\n\n\n\n<p><strong>Domaine : Sciences de la mati\u00e8re<\/strong><\/p>\n\n\n\n<p><strong>Fili\u00e8re : Physique<\/strong><\/p>\n\n\n\n<p><strong>Sp\u00e9cialit\u00e9 : Physique des Mat\u00e9riaux<\/strong><\/p>\n\n\n\n<ol class=\"wp-block-list\" type=\"1\">\n<li><strong>Objectifs de la formation&nbsp;:<\/strong><\/li>\n<\/ol>\n\n\n\n<p>L&rsquo;objectif de la licence Physique des mat\u00e9riaux est de donner aux \u00e9tudiants toutes les bases scientifiques n\u00e9cessaires \u00e0 la poursuite d&rsquo;\u00e9tudes au niveau master voire \u00e9cole d&rsquo;ing\u00e9nieur dans les m\u00e9tiers de la Physique, voire dans le monde de l&rsquo;\u00e9ducation. Les deux premi\u00e8res ann\u00e9es permettent de consolider progressivement une culture g\u00e9n\u00e9rale en science et technologie, notamment dans les fili\u00e8res math\u00e9matiques, physique, chimie et informatique.<\/p>\n\n\n\n<ul class=\"wp-block-list\">\n<li><strong>Conditions d&rsquo;entr\u00e9e&nbsp;:<\/strong><\/li>\n<\/ul>\n\n\n\n<p>Les conditions d&rsquo;entr\u00e9e sont bas\u00e9es sur les r\u00e9sultats obtenus en 2 ann\u00e9e et apr\u00e8s le classement de tous les \u00e9l\u00e8ves de la promotion.<\/p>\n\n\n\n<ul class=\"wp-block-list\">\n<li><strong>Unit\u00e9s de programme et modules&nbsp;:<\/strong><strong><\/strong><\/li>\n<\/ul>\n\n\n\n<figure class=\"wp-block-table\"><table><tbody><tr><td><strong><em>Premier semestre<\/em><\/strong> Unit\u00e9 d&rsquo;enseignement fondamental Code : FTU11 Cr\u00e9dit :18 Coefficient :9 F111 :Math\u00e9matiques 1\/Analyse et Alg\u00e8bre 1 F112 : Physique 2\/ \u00c9lectricit\u00e9 F113 : Chimie 1 \/ Structure de la mati\u00e8re UE M\u00e9thodologie Code : MTU11 Cr\u00e9dit :8 Coefficient :4 &nbsp;M111 : travaux pratiques de M\u00e9canique 1 M112 : travaux pratiques de chimie 1 M113 : Informatique 1\/Bureautique et Technologies Web (5 semaines) + Initiation aux Algorithmes (10 semaines) UE D\u00e9couverte Code : DTU11 Cr\u00e9dit :2 Coefficient :1 D111 : Choisir un mat\u00e9riau parmi : Syst\u00e8mes physiques simples ; D\u00e9couverte des m\u00e9thodes du travail universitaire ; Environnement ;- Biotechnologie Unit\u00e9 d&rsquo;enseignement transversale_ Code : TTU11_ Cr\u00e9dit :2_ Coefficient :1 T111 : Langues \u00e9trang\u00e8res 1<strong><\/strong><\/td><td><strong><em>Second semestre<\/em><\/strong> Unit\u00e9 d&rsquo;enseignement fondamental Code : FTU12 Cr\u00e9dit :18 Coefficient :9 F121 : Math\u00e9matiques 2\/Analyse et Alg\u00e8bre 2 &nbsp;F122&nbsp;:&nbsp;Physique 1\/M\u00e9canique des points F123 : Chimie 2\/ Thermodynamique et cin\u00e9tique chimique UE M\u00e9thodologie Code : MTU12 Cr\u00e9dit :8 Coefficient :4 M121 : travaux pratiques d\u2019 Electricit\u00e9 M122 : travaux pratiques de chimie 2 M123 : Informatique2\/Langage de programmation UE D\u00e9couverte Code : DTU12 Cr\u00e9dit :2 Coefficient :1 D121 : Choisir une mati\u00e8re parmi : Chimie par les applications de base ; Economie d&rsquo;entreprise ; histoire des sciences;Energies renouvelables Unit\u00e9 d&rsquo;enseignement transversale_ Code : TTU12_ Cr\u00e9dit :2_ Coefficient :1 T121 : Langues \u00e9trang\u00e8res 2<strong><\/strong><\/td><\/tr><\/tbody><\/table><\/figure>\n\n\n\n<figure class=\"wp-block-table\"><table><tbody><tr><td><strong><em>Troisi\u00e8me semestre<\/em><\/strong> Unit\u00e9 d&rsquo;enseignement fondamental Code : FTU21 Cr\u00e9dit :20 Coefficient :10 &nbsp;F211 : Equations s\u00e9ries et diff\u00e9rentielles &nbsp;F212 : M\u00e9canique analytique F213 : Optique g\u00e9om\u00e9trique et physique F214 : Onde, vibrations et optique UE M\u00e9thodologie Code : MTU21 Cr\u00e9dit :8 Coefficient :4 M211 : Travaux pratiques Vibrations et Optique M212 : Travaux pratiques d&rsquo;Optique G\u00e9om\u00e9trique et Physique M213 : m\u00e9thodes num\u00e9riques et programmation &nbsp;\u2022 UE D\u00e9couverte Code : DTU21 Cr\u00e9dit :2 Coefficient :1 &nbsp;D211 : Cristallographie physique Unit\u00e9 d&rsquo;enseignement transversale_ Code : TTU12_ Cr\u00e9dit :2_ Coefficient :1 T211 : anglais 3<strong><\/strong><\/td><td><strong><em>Quatri\u00e8me semestre<\/em><\/strong> Unit\u00e9 d&rsquo;enseignement fondamental Code : FTU22 Cr\u00e9dit :20 Coefficient :10 F221 : Thermodynamique &nbsp;F222&nbsp;: Fonction de la variable complexe F223 : M\u00e9canique quantique &nbsp;F224 \u00c9lectromagn\u00e9tisme UE M\u00e9thodologie Code : MTU22 Cr\u00e9dit :8 Coefficient :4 M221 : Travaux pratiques de Thermodynamique M222 M\u00e9canique des fluides M223&nbsp;: \u00c9lectronique g\u00e9n\u00e9rale UE D\u00e9couverte Code : DTU22 Cr\u00e9dit :2 Coefficient :1 D221 : Physique Atomique &amp; Nucl\u00e9aire Unit\u00e9 d&rsquo;enseignement transversale_ Code : TTU22_ Cr\u00e9dit :2_ Coefficient :1 T221 : anglais 4 <strong>&nbsp;<\/strong><\/td><\/tr><\/tbody><\/table><\/figure>\n\n\n\n<figure class=\"wp-block-table\"><table><tbody><tr><td><strong><em>Cinqui\u00e8me semestre<\/em><\/strong> &nbsp;Unit\u00e9 d&rsquo;enseignement fondamental Code : FTU31 Cr\u00e9dit :20 Coefficient :10 F311 : M\u00e9canique quantique II F312 : Physique du Solide 1 F313 : Physique statistique UE M\u00e9thodologie Code : MTU31 Cr\u00e9dit :8 Coefficient :4 &nbsp;M311 : Math\u00e9matiques pour la physique M312 : Travaux pratiques de physique des semi-conducteurs&nbsp;UE D\u00e9couverte _Code : DTU31_ Cr\u00e9dit :2 _Coefficient :1 &nbsp;D311 : logiciels D312&nbsp;:&nbsp;Physique des semi-conducteurs &nbsp;Unit\u00e9 d&rsquo;enseignement transversale_ Code : TTU31_ Cr\u00e9dit :2_ Coefficient :1 T311 : Anglais scientifique 5<strong><\/strong><\/td><td><strong><em>Sixi\u00e8me semestre<\/em><\/strong> &nbsp;Unit\u00e9 d&rsquo;enseignement fondamental Code : FTU32 Cr\u00e9dit :18 Coefficient :09 F321 : Physique du Solide 2 F322 Physique des semi-conducteurs F323 : Physique atomique F324&nbsp;: Propri\u00e9t\u00e9s des d\u00e9fauts &nbsp;UE M\u00e9thodologie Code : MTU32 Cr\u00e9dit :8 Coefficient :4 M321 : Travaux pratiques de Physique du Solide 2 &nbsp;M322 : Travaux pratiques de physique des semi-conducteurs M323 : M\u00e9thodes d&rsquo;analyse et de caract\u00e9risation &nbsp;UE D\u00e9couverte _Code : DTU32_ Cr\u00e9dit :2 _Coefficient :1 D321 : Opto\u00e9lectronique D322&nbsp;: Technologie des mat\u00e9riaux Unit\u00e9 d&rsquo;enseignement transversale_ Code : TTU32_ Cr\u00e9dit :2_ Coefficient :1 &nbsp;T321&nbsp;:Anglais scientifique 6<strong><\/strong><\/td><\/tr><\/tbody><\/table><\/figure>\n","protected":false},"excerpt":{"rendered":"<p>D\u00e9partement Sciences de la mati\u00e8re (SM) Nom du Program: licence acad\u00e9mique en Physique des Mat\u00e9riaux Domaine : Sciences de la mati\u00e8re Fili\u00e8re : Physique Sp\u00e9cialit\u00e9 : Physique des Mat\u00e9riaux Objectifs de la formation&nbsp;: L&rsquo;objectif de la licence Physique des mat\u00e9riaux est de donner aux \u00e9tudiants toutes les bases scientifiques n\u00e9cessaires \u00e0 la poursuite d&rsquo;\u00e9tudes au &hellip;<\/p>\n","protected":false},"author":1,"featured_media":0,"parent":0,"menu_order":0,"comment_status":"closed","ping_status":"closed","template":"","meta":{"footnotes":""},"class_list":["post-9549","page","type-page","status-publish","hentry"],"_links":{"self":[{"href":"https:\/\/www.univ-oeb.dz\/fsesnv\/wp-json\/wp\/v2\/pages\/9549","targetHints":{"allow":["GET"]}}],"collection":[{"href":"https:\/\/www.univ-oeb.dz\/fsesnv\/wp-json\/wp\/v2\/pages"}],"about":[{"href":"https:\/\/www.univ-oeb.dz\/fsesnv\/wp-json\/wp\/v2\/types\/page"}],"author":[{"embeddable":true,"href":"https:\/\/www.univ-oeb.dz\/fsesnv\/wp-json\/wp\/v2\/users\/1"}],"replies":[{"embeddable":true,"href":"https:\/\/www.univ-oeb.dz\/fsesnv\/wp-json\/wp\/v2\/comments?post=9549"}],"version-history":[{"count":0,"href":"https:\/\/www.univ-oeb.dz\/fsesnv\/wp-json\/wp\/v2\/pages\/9549\/revisions"}],"wp:attachment":[{"href":"https:\/\/www.univ-oeb.dz\/fsesnv\/wp-json\/wp\/v2\/media?parent=9549"}],"curies":[{"name":"wp","href":"https:\/\/api.w.org\/{rel}","templated":true}]}}