{"id":8494,"date":"2023-05-28T18:49:12","date_gmt":"2023-05-28T17:49:12","guid":{"rendered":"http:\/\/www.univ-oeb.dz\/fsesnv\/?page_id=8494"},"modified":"2023-05-28T18:49:31","modified_gmt":"2023-05-28T17:49:31","slug":"nom-du-programme-licence-biochimie","status":"publish","type":"page","link":"https:\/\/www.univ-oeb.dz\/fsesnv\/nom-du-programme-licence-biochimie\/","title":{"rendered":"Nom du programme: Licence Biochimie"},"content":{"rendered":"\n<p class=\"has-medium-font-size\"><strong>D\u00e9partement des Sciences de la nature et de la vie<\/strong><strong><\/strong><\/p>\n\n\n\n<p class=\"has-pale-cyan-blue-background-color has-background\"><strong>Nom du programme: Licence Biochimie<\/strong><strong><\/strong><\/p>\n\n\n\n<ul class=\"wp-block-list\">\n<li><strong>Niveau: Licence<\/strong><\/li>\n\n\n\n<li><strong>Domaine: <\/strong><strong>Sciences de la nature et de la vie<\/strong><strong><\/strong><\/li>\n\n\n\n<li><strong>Fili\u00e8re: <\/strong><strong>Sciences biologiques<\/strong><strong><\/strong><\/li>\n\n\n\n<li><strong>Sp\u00e9cialit\u00e9: Biochimie<\/strong><\/li>\n\n\n\n<li><strong>Description du<\/strong>&nbsp; <strong>Programme :<\/strong><\/li>\n<\/ul>\n\n\n\n<p>La formation dispens\u00e9e dans le parcours \u00ab Biochimie \u00bb couvre les champs de la Biochimie fondamentale, de la biologie mol\u00e9culaire et cellulaire, de la g\u00e9n\u00e9tique, de la Biochimie M\u00e9dicale, alimentaire, appliqu\u00e9es et biotechnologiques.<\/p>\n\n\n\n<p>Le parcours \u00ab Biochimie \u00bb est un parcours diversifi\u00e9, fond\u00e9 sur la pluridisciplinarit\u00e9 et la mise en place de passerelles entre les diff\u00e9rents types de parcours du m\u00eame domaine des sciences de la nature. La formation vise \u00e0 fournir une connaissance des mati\u00e8res principales constituant la Biochimie tout en donnant une vision globale sur d&rsquo;autres disciplines.<\/p>\n\n\n\n<p>L&rsquo;objectif g\u00e9n\u00e9ral de cette formation est de permettre aux \u00e9tudiants d&rsquo;acqu\u00e9rir des connaissances th\u00e9oriques et techniques dans le domaine de la Biochimie. Ces acquis leur permettent : (1) d&rsquo;int\u00e9grer un Master de recherche ou professionnel dans les domaines relatifs de la sp\u00e9cialit\u00e9 Biochimie ; (2) d&rsquo;acqu\u00e9rir les connaissances n\u00e9cessaires pour int\u00e9grer la vie active, apr\u00e8s la Licence, avec des perspectives d&#8217;emploi prometteuses dans des domaines tels que la sant\u00e9 publique, l&rsquo;agroalimentaire, les laboratoires de contr\u00f4le qualit\u00e9, les productions animales, les biotechnologies et leur valorisation.<\/p>\n\n\n\n<ul class=\"wp-block-list\">\n<li><strong>Connaissances n\u00e9cessaires<\/strong><strong><\/strong><\/li>\n<\/ul>\n\n\n\n<p>L\u2019\u00e9tudiant devra acqu\u00e9rir les connaissances suffisantes au cours de sa premi\u00e8re et deuxi\u00e8me ann\u00e9e de licence.<\/p>\n\n\n\n<ul class=\"wp-block-list\">\n<li><strong>Programme &nbsp;des unit\u00e9s d\u2019enseignement<\/strong><strong><\/strong><\/li>\n<\/ul>\n\n\n\n<p><strong>Semestre 5<\/strong><\/p>\n\n\n\n<p><strong>Unit\u00e9s <\/strong><strong>fondamentales<\/strong><strong><\/strong><\/p>\n\n\n\n<ul class=\"wp-block-list\">\n<li>UEF1 (O\/P) : Biochimie cellulaire et enzymologie<\/li>\n\n\n\n<li>Mati\u00e8re 1 : Enzymologie<\/li>\n\n\n\n<li>Mati\u00e8re 2 : Biochimie cellulaire et fonctionnelle<\/li>\n\n\n\n<li>UEF2 (O\/P) : Immunologie and r\u00e9gulation m\u00e9tabolique<\/li>\n\n\n\n<li>Mati\u00e8re 1 : Immunologie cellulaire and mol\u00e9culaire<\/li>\n\n\n\n<li>Mati\u00e8re 2 : R\u00e9gulation m\u00e9tabolique<\/li>\n<\/ul>\n\n\n\n<p><strong>Unit\u00e9s m\u00e9thodologiques<\/strong><\/p>\n\n\n\n<ul class=\"wp-block-list\">\n<li>UEM1 (O\/P) : Techniques d\u2019analyse<\/li>\n\n\n\n<li>Mati\u00e8re 1 : M\u00e9thodes d\u2019analyse biochimiques<\/li>\n\n\n\n<li>UEM2 (O\/P) : Biostatistiques<\/li>\n\n\n\n<li>Mati\u00e8re 1 : Biostatistiques<\/li>\n<\/ul>\n\n\n\n<p><strong>Semestre 6<\/strong><\/p>\n\n\n\n<p><strong>Unit\u00e9s <\/strong><strong>fondamentales :<\/strong><strong><\/strong><\/p>\n\n\n\n<ul class=\"wp-block-list\">\n<li>UEF 3.2.1 (O\/P) : Biologie mol\u00e9culaire et g\u00e9nie g\u00e9n\u00e9tique<\/li>\n\n\n\n<li>Mati\u00e8re 1 : Biologie mol\u00e9culaire<\/li>\n\n\n\n<li>Mati\u00e8re 2 : G\u00e9nie g\u00e9n\u00e9tique<\/li>\n\n\n\n<li>UEF2 (O\/P) : Biochimie microbienne<\/li>\n\n\n\n<li>Mati\u00e8re 1 : Biochimie microbienne<\/li>\n<\/ul>\n\n\n\n<p><strong>Unit\u00e9s m\u00e9thodologiques :<\/strong><\/p>\n\n\n\n<ul class=\"wp-block-list\">\n<li>UEM1(O\/P) : Pharmacologie\/toxicologie<\/li>\n\n\n\n<li>Mati\u00e8re 1 : Pharmacologie\/toxicologie<\/li>\n\n\n\n<li>UEM2 (O\/P) : Bioinformatique<\/li>\n\n\n\n<li>Mati\u00e8re 1 : Bioinformatique<\/li>\n<\/ul>\n\n\n\n<p><strong>Unit\u00e9s d\u00e9couvertes :<\/strong><\/p>\n\n\n\n<ul class=\"wp-block-list\">\n<li>UED1 (O\/P) : Maladies m\u00e9taboliques<\/li>\n\n\n\n<li>Mati\u00e8re 1 : Maladies m\u00e9taboliques<\/li>\n\n\n\n<li>UED2 (O\/P): Anglais scientifique<\/li>\n\n\n\n<li>Mati\u00e8re 1 : Anglais scientifique<\/li>\n<\/ul>\n","protected":false},"excerpt":{"rendered":"<p>D\u00e9partement des Sciences de la nature et de la vie Nom du programme: Licence Biochimie Niveau: Licence Domaine: Sciences de la nature et de la vie Fili\u00e8re: Sciences biologiques Sp\u00e9cialit\u00e9: Biochimie Description du&nbsp; Programme : La formation dispens\u00e9e dans le parcours \u00ab Biochimie \u00bb couvre les champs de la Biochimie fondamentale, de la biologie mol\u00e9culaire &hellip;<\/p>\n","protected":false},"author":1,"featured_media":0,"parent":0,"menu_order":0,"comment_status":"closed","ping_status":"closed","template":"","meta":{"footnotes":""},"class_list":["post-8494","page","type-page","status-publish","hentry"],"_links":{"self":[{"href":"https:\/\/www.univ-oeb.dz\/fsesnv\/wp-json\/wp\/v2\/pages\/8494","targetHints":{"allow":["GET"]}}],"collection":[{"href":"https:\/\/www.univ-oeb.dz\/fsesnv\/wp-json\/wp\/v2\/pages"}],"about":[{"href":"https:\/\/www.univ-oeb.dz\/fsesnv\/wp-json\/wp\/v2\/types\/page"}],"author":[{"embeddable":true,"href":"https:\/\/www.univ-oeb.dz\/fsesnv\/wp-json\/wp\/v2\/users\/1"}],"replies":[{"embeddable":true,"href":"https:\/\/www.univ-oeb.dz\/fsesnv\/wp-json\/wp\/v2\/comments?post=8494"}],"version-history":[{"count":0,"href":"https:\/\/www.univ-oeb.dz\/fsesnv\/wp-json\/wp\/v2\/pages\/8494\/revisions"}],"wp:attachment":[{"href":"https:\/\/www.univ-oeb.dz\/fsesnv\/wp-json\/wp\/v2\/media?parent=8494"}],"curies":[{"name":"wp","href":"https:\/\/api.w.org\/{rel}","templated":true}]}}