{"id":7224,"date":"2023-05-24T12:56:30","date_gmt":"2023-05-24T11:56:30","guid":{"rendered":"http:\/\/www.univ-oeb.dz\/fsesnv\/?page_id=7224"},"modified":"2023-05-24T12:56:31","modified_gmt":"2023-05-24T11:56:31","slug":"nom-du-programme-programme-pedagogique-2eme-annee-biotechnolgies","status":"publish","type":"page","link":"https:\/\/www.univ-oeb.dz\/fsesnv\/nom-du-programme-programme-pedagogique-2eme-annee-biotechnolgies\/","title":{"rendered":"Nom du programme : Programme p\u00e9dagogique 2\u00e8me ann\u00e9e Biotechnolgies"},"content":{"rendered":"\n<p class=\"has-medium-font-size\"><strong>D\u00e9partement des Sciences de la nature et de la vie<\/strong><strong><\/strong><\/p>\n\n\n\n<p class=\"has-text-align-center has-pale-cyan-blue-background-color has-background\"><strong>Nom du programme&nbsp;: Programme p\u00e9dagogique <\/strong><strong><\/strong><\/p>\n\n\n\n<p><strong>Socle commun<\/strong><strong><\/strong><\/p>\n\n\n\n<p><strong>2<sup>\u00e8me<\/sup> ann\u00e9e<\/strong><strong><\/strong><\/p>\n\n\n\n<ul class=\"wp-block-list\">\n<li><strong>Niveau : <\/strong><strong>2<sup>\u00e8me<\/sup> ann\u00e9e<\/strong><strong><\/strong><\/li>\n\n\n\n<li><strong>Domaine : <\/strong><strong>Sciences de la nature et de la vie<\/strong><strong><\/strong><\/li>\n\n\n\n<li><strong>Fili\u00e8re : Biotechnolgies<\/strong><\/li>\n\n\n\n<li><strong>Description du<\/strong> <strong>programme<\/strong><strong> :<\/strong><strong><\/strong><\/li>\n<\/ul>\n\n\n\n<p>Le tronc commun comprend des enseignements th\u00e9oriques et pratiques couvrant la plupart des mati\u00e8res fondamentales n\u00e9cessaires en biologie en plus des mati\u00e8res g\u00e9n\u00e9rales indispensables aux sciences exp\u00e9rimentales telles que la biophysique et la biostatistique.<strong><\/strong><\/p>\n\n\n\n<ul class=\"wp-block-list\">\n<li><strong>Conditions d\u2019acc\u00e8s<\/strong><strong><\/strong><\/li>\n<\/ul>\n\n\n\n<p>L&rsquo;acc\u00e8s \u00e0 la 2\u00e8me ann\u00e9e est ouvert aux \u00e9tudiants ayant valid\u00e9 :<\/p>\n\n\n\n<ul class=\"wp-block-list\">\n<li>Par capitalisation : les deux semestres (S1 + S2) de L1 (60 cr\u00e9dits)&nbsp;;<\/li>\n\n\n\n<li>Par compensation : la validation d&rsquo;au moins 50% des cr\u00e9dits de L1, dont au moins 1\/3 en semestre.<\/li>\n<\/ul>\n\n\n\n<p>L&rsquo;\u00e9tudiant doit se r\u00e9inscrire dans les mati\u00e8res non acquises des unit\u00e9s d&rsquo;enseignement non acquises de L1.<strong><\/strong><\/p>\n\n\n\n<ul class=\"wp-block-list\">\n<li><strong>Programme des unit\u00e9s d\u2019enseignement<\/strong><strong><\/strong><\/li>\n<\/ul>\n\n\n\n<p><strong>Semestre 3<\/strong><strong><\/strong><\/p>\n\n\n\n<p><strong>Unit\u00e9 fondamentale<\/strong><\/p>\n\n\n\n<ul class=\"wp-block-list\">\n<li><strong>UEF 2.1.1<\/strong><strong><\/strong><\/li>\n<\/ul>\n\n\n\n<pre class=\"wp-block-preformatted\">\u00d8 Mati\u00e8re 1 : Introduction aux biotechnologies<\/pre>\n\n\n\n<pre class=\"wp-block-preformatted\">\u00b7&nbsp;&nbsp;&nbsp;&nbsp; <strong>UEF 2.1.2<\/strong><\/pre>\n\n\n\n<pre class=\"wp-block-preformatted\">\u00d8 Mati\u00e8re 1 : Biochimie <\/pre>\n\n\n\n<pre class=\"wp-block-preformatted\">\u00d8 Mati\u00e8re 2 : G\u00e9n\u00e9tique<\/pre>\n\n\n\n<p><strong>Unit\u00e9 m\u00e9thodologies<\/strong><\/p>\n\n\n\n<ul class=\"wp-block-list\">\n<li><strong>UEM 2.1.1<\/strong><\/li>\n<\/ul>\n\n\n\n<pre class=\"wp-block-preformatted\">\u00d8 Mati\u00e8re 1 : Techniques de Communication et d\u2019Expression (en anglais) <\/pre>\n\n\n\n<pre class=\"wp-block-preformatted\">\u00b7&nbsp;&nbsp;&nbsp;&nbsp; <strong>UEM 2.1.2<\/strong><\/pre>\n\n\n\n<pre class=\"wp-block-preformatted\">\u00d8 Mati\u00e8re 1 : Biophysique<\/pre>\n\n\n\n<p><strong>Unit\u00e9 d\u00e9couverte<\/strong><\/p>\n\n\n\n<pre class=\"wp-block-preformatted\">\u00b7&nbsp;&nbsp;&nbsp;&nbsp; <strong>UED 2.1.1<\/strong><\/pre>\n\n\n\n<pre class=\"wp-block-preformatted\">\u00d8 Mati\u00e8re 1 : Environnement et D\u00e9veloppent durable<\/pre>\n\n\n\n<p><strong>Unit\u00e9 transversale<\/strong><\/p>\n\n\n\n<pre class=\"wp-block-preformatted\">\u00b7&nbsp;&nbsp;&nbsp;&nbsp; <strong>UET 2.1.1<\/strong><\/pre>\n\n\n\n<pre class=\"wp-block-preformatted\">\u00d8 Mati\u00e8re 1 : Ethique et d\u00e9ontologie universitaire<\/pre>\n\n\n\n<p><strong>Semestre 4<\/strong><strong><\/strong><\/p>\n\n\n\n<p><strong>Unit\u00e9 fondamentale<\/strong><\/p>\n\n\n\n<ul class=\"wp-block-list\">\n<li><strong>UEF 2.2.1<\/strong><\/li>\n<\/ul>\n\n\n\n<pre class=\"wp-block-preformatted\">\u00d8 Mati\u00e8re 1 : Biotechnologies et applications<\/pre>\n\n\n\n<ul class=\"wp-block-list\">\n<li><strong>UEF 2.2.2<\/strong><\/li>\n<\/ul>\n\n\n\n<pre class=\"wp-block-preformatted\">\u00d8 Mati\u00e8re 1 : Microbiologie<\/pre>\n\n\n\n<pre class=\"wp-block-preformatted\">\u00d8 Mati\u00e8re 2 : Immunologie<\/pre>\n\n\n\n<p><strong>Unit\u00e9 m\u00e9thodologie<\/strong><\/p>\n\n\n\n<ul class=\"wp-block-list\">\n<li><strong>UEM 2.2.1<\/strong><\/li>\n<\/ul>\n\n\n\n<pre class=\"wp-block-preformatted\">\u00d8 Mati\u00e8re 1 : M\u00e9thodologie scientifique et techniques d\u2019\u00e9tude du vivant <\/pre>\n\n\n\n<ul class=\"wp-block-list\">\n<li><strong>UEM 2.2.2<\/strong><strong><\/strong><\/li>\n\n\n\n<li>Mati\u00e8re 1 : Biostatistique<\/li>\n<\/ul>\n\n\n\n<p><strong>Unit\u00e9 d\u00e9couverte<\/strong><\/p>\n\n\n\n<ul class=\"wp-block-list\">\n<li><strong>UED 2.2.1<\/strong><\/li>\n\n\n\n<li>Mati\u00e8re 1 : Ecologie g\u00e9n\u00e9rale<\/li>\n<\/ul>\n\n\n\n<p><strong>Unit\u00e9 transversale<\/strong><\/p>\n\n\n\n<pre class=\"wp-block-preformatted\">\u00b7&nbsp;&nbsp;&nbsp;&nbsp; <strong>UET 2.1.1<\/strong><\/pre>\n\n\n\n<ul class=\"wp-block-list\">\n<li>Mati\u00e8re 1 : Outils informatiques<\/li>\n<\/ul>\n\n\n\n<p><strong>4. Autres<\/strong><\/p>\n\n\n\n<p>La formation du tronc commun permet aux \u00e9tudiants d&rsquo;acqu\u00e9rir plusieurs comp\u00e9tences n\u00e9cessaires \u00e0 la poursuite de leurs \u00e9tudes ainsi que de se sp\u00e9cialiser dans l&rsquo;une des sp\u00e9cialit\u00e9s propos\u00e9es au niveau national.<\/p>\n","protected":false},"excerpt":{"rendered":"<p>D\u00e9partement des Sciences de la nature et de la vie Nom du programme&nbsp;: Programme p\u00e9dagogique Socle commun 2\u00e8me ann\u00e9e Niveau : 2\u00e8me ann\u00e9e Domaine : Sciences de la nature et de la vie Fili\u00e8re : Biotechnolgies Description du programme : Le tronc commun comprend des enseignements th\u00e9oriques et pratiques couvrant la plupart des mati\u00e8res fondamentales &hellip;<\/p>\n","protected":false},"author":1,"featured_media":0,"parent":0,"menu_order":0,"comment_status":"closed","ping_status":"closed","template":"","meta":{"footnotes":""},"class_list":["post-7224","page","type-page","status-publish","hentry"],"_links":{"self":[{"href":"https:\/\/www.univ-oeb.dz\/fsesnv\/wp-json\/wp\/v2\/pages\/7224","targetHints":{"allow":["GET"]}}],"collection":[{"href":"https:\/\/www.univ-oeb.dz\/fsesnv\/wp-json\/wp\/v2\/pages"}],"about":[{"href":"https:\/\/www.univ-oeb.dz\/fsesnv\/wp-json\/wp\/v2\/types\/page"}],"author":[{"embeddable":true,"href":"https:\/\/www.univ-oeb.dz\/fsesnv\/wp-json\/wp\/v2\/users\/1"}],"replies":[{"embeddable":true,"href":"https:\/\/www.univ-oeb.dz\/fsesnv\/wp-json\/wp\/v2\/comments?post=7224"}],"version-history":[{"count":0,"href":"https:\/\/www.univ-oeb.dz\/fsesnv\/wp-json\/wp\/v2\/pages\/7224\/revisions"}],"wp:attachment":[{"href":"https:\/\/www.univ-oeb.dz\/fsesnv\/wp-json\/wp\/v2\/media?parent=7224"}],"curies":[{"name":"wp","href":"https:\/\/api.w.org\/{rel}","templated":true}]}}