{"id":7196,"date":"2023-05-24T12:06:53","date_gmt":"2023-05-24T11:06:53","guid":{"rendered":"http:\/\/www.univ-oeb.dz\/fsesnv\/?page_id=7196"},"modified":"2023-05-24T12:06:54","modified_gmt":"2023-05-24T11:06:54","slug":"nom-du-programme-licence-ecologie-et-environnement","status":"publish","type":"page","link":"https:\/\/www.univ-oeb.dz\/fsesnv\/nom-du-programme-licence-ecologie-et-environnement\/","title":{"rendered":"Nom du programme: Licence Ecologie et Environnement"},"content":{"rendered":"\n<p class=\"has-medium-font-size\"><strong>D\u00e9partement <\/strong>Sciences de la Nature et de la Vie<strong><\/strong><\/p>\n\n\n\n<p class=\"has-text-align-center has-pale-cyan-blue-background-color has-background\"><strong>Nom du programme: <\/strong>Ecologie et Environnement<strong><\/strong><\/p>\n\n\n\n<ul class=\"wp-block-list\">\n<li>Niveau: LICENCE ACADEMIQUE<\/li>\n\n\n\n<li><strong>Domaine: <\/strong>Sciences de la Nature et de la Vie<strong>.<\/strong><strong><\/strong><\/li>\n\n\n\n<li><strong>Fili\u00e8re: <\/strong>Ecologie et Environnement<strong><\/strong><\/li>\n\n\n\n<li><strong>Sp\u00e9cialit\u00e9: <\/strong>Ecologie et Environnement<strong><\/strong><\/li>\n\n\n\n<li><strong>Description du Programme:<\/strong><\/li>\n<\/ul>\n\n\n\n<p>L&rsquo;objectif de la licence d&rsquo;Ecologie-environnement est d&rsquo;offrir aux \u00e9tudiants une formation dans les domaines de l&rsquo;\u00e9cologie,&nbsp; de la biodiversit\u00e9 et de l&rsquo;am\u00e9nagement du territoire. La Recherche, l&rsquo;Enseignement et la Gestion des ressources naturelles et des territoires constituent les principaux d\u00e9bouch\u00e9s de cette formation. Cette formation s&rsquo;inscrit dans la logique des formations et des grades reconnus en Alg\u00e9rie<\/p>\n\n\n\n<p>Le parcours d&rsquo;Ecologie environnement est plus particuli\u00e8rement centr\u00e9 sur les esp\u00e8ces et milieux continentaux (aquatiques ou terrestres) &#8211; dont ceux de la r\u00e9gion nord est alg\u00e9rien.<\/p>\n\n\n\n<p>Enfin, les titulaires de la licence&nbsp; Ecologie environnement peuvent candidater \u00e0 des Masters\u2026de l\u2019universit\u00e9 d\u2019Oum-El-Bouaghi, d&rsquo;autres universit\u00e9s alg\u00e9riennes ou \u00e9trang\u00e8res.<\/p>\n\n\n\n<p><strong>.<\/strong><strong> <\/strong><strong>Connaissancesn\u00e9cessaires<\/strong><strong><\/strong><\/p>\n\n\n\n<p>-Dans un premier temps, d&rsquo;assurer \u00e0 chaque \u00e9tudiant le niveau de base dans l&rsquo;ensemble des disciplines scientifiques et techniques.<\/p>\n\n\n\n<p>&#8211; Ensuite de donner des connaissances \u00e9largies dans les domaines touchant \u00e0 la ma\u00eetrise de l&rsquo;environnement&nbsp; (eau, air, sols, bruit, d\u00e9chets, \u00e9nergie) et aux techniques industrielles.<\/p>\n\n\n\n<p>&#8211; Enfin de sensibiliser les \u00e9tudiants aux exigences de type normatif ou l\u00e9gal (qualit\u00e9, risques, s\u00e9curit\u00e9).<\/p>\n\n\n\n<ul class=\"wp-block-list\">\n<li><strong>Programmedes unit\u00e9sd\u2019enseignement<\/strong><strong><\/strong><\/li>\n<\/ul>\n\n\n\n<p><strong>Semestre 5&nbsp;:<\/strong><\/p>\n\n\n\n<table width=\"592\">\n<tbody>\n<tr>\n<td rowspan=\"2\" width=\"224\"><strong>Unit\u00e9 d\u2019Enseignement<\/strong><\/td>\n<td rowspan=\"2\" width=\"74\"><strong>Coeff<\/strong><\/td>\n<td rowspan=\"2\" width=\"84\"><strong>Cr\u00e9dits<\/strong><\/td>\n<td colspan=\"2\" width=\"210\"><strong>Mode d&rsquo;\u00e9valuation<\/strong><\/td>\n<\/tr>\n<tr>\n<td width=\"102\"><strong>Continu (40%)<\/strong><\/td>\n<td width=\"108\"><strong>Examen (60%)<\/strong><\/td>\n<\/tr>\n<tr>\n<td width=\"224\"><strong>UE fondamentales<\/strong><\/td>\n<td width=\"74\">&nbsp;<\/td>\n<td width=\"84\">&nbsp;<\/td>\n<td width=\"102\">&nbsp;<\/td>\n<td width=\"108\">&nbsp;<\/td>\n<\/tr>\n<tr>\n<td width=\"224\"><strong>UEF 3.1.1(O\/P)<\/strong><strong> )<\/strong> <strong>M\u00e9sologie (Caract\u00e9risation du milieu<\/strong><strong>) <\/strong><\/td>\n<td width=\"74\">&nbsp;<\/td>\n<td width=\"84\"><strong>10<\/strong><\/td>\n<td width=\"102\">&nbsp;<\/td>\n<td width=\"108\">&nbsp;<\/td>\n<\/tr>\n<tr>\n<td width=\"224\">&nbsp;&nbsp;&nbsp; <strong>Mati\u00e8re 1&nbsp;:<\/strong> Bioclimatologie<\/td>\n<td width=\"74\">2<\/td>\n<td width=\"84\">4<\/td>\n<td width=\"102\">X<\/td>\n<td width=\"108\">X<\/td>\n<\/tr>\n<tr>\n<td width=\"224\">&nbsp;&nbsp;&nbsp; <strong>Mati\u00e8re2&nbsp;:<\/strong> Ecop\u00e9dologie<\/td>\n<td width=\"74\">2<\/td>\n<td width=\"84\">4<\/td>\n<td width=\"102\">X<\/td>\n<td width=\"108\">X<\/td>\n<\/tr>\n<tr>\n<td width=\"224\">&nbsp;&nbsp; <strong>Mati\u00e8re 3&nbsp;:<\/strong> G\u00e9omorphologie<\/td>\n<td width=\"74\">1<\/td>\n<td width=\"84\">2<\/td>\n<td width=\"102\">X<\/td>\n<td width=\"108\">X<\/td>\n<\/tr>\n<tr>\n<td width=\"224\"><strong>UEF 3.1.2(O\/P) Pathologies des \u00e9cosyst\u00e8mes<\/strong><\/td>\n<td width=\"74\">&nbsp;<\/td>\n<td width=\"84\"><strong>8<\/strong><\/td>\n<td width=\"102\">&nbsp;<\/td>\n<td width=\"108\">&nbsp;<\/td>\n<\/tr>\n<tr>\n<td width=\"224\">&nbsp;&nbsp;&nbsp; <strong>Mati\u00e8re 1&nbsp;:<\/strong> Pollution de l\u2019environnement<\/td>\n<td width=\"74\">3<\/td>\n<td width=\"84\">4<\/td>\n<td width=\"102\">X<\/td>\n<td width=\"108\">X<\/td>\n<\/tr>\n<tr>\n<td width=\"224\">&nbsp;&nbsp;&nbsp; <strong>Mati\u00e8re2&nbsp;:<\/strong> Analyse et protection de l\u2019environnement<\/td>\n<td width=\"74\">3<\/td>\n<td width=\"84\">4<\/td>\n<td width=\"102\">X<\/td>\n<td width=\"108\">X<\/td>\n<\/tr>\n<tr>\n<td width=\"224\"><strong>UEM 1: M\u00e9thodes d&rsquo;\u00e9chantillonnage<\/strong><\/td>\n<td width=\"74\">&nbsp;<\/td>\n<td width=\"84\">&nbsp;<\/td>\n<td width=\"102\">&nbsp;<\/td>\n<td width=\"108\">&nbsp;<\/td>\n<\/tr>\n<tr>\n<td width=\"224\">Mati\u00e9re:Techniques d&rsquo;\u00e9chantillonnage et Analyse des donn\u00e9es<\/td>\n<td width=\"74\">4<\/td>\n<td width=\"84\">6<\/td>\n<td width=\"102\">X<\/td>\n<td width=\"108\">X<\/td>\n<\/tr>\n<tr>\n<td width=\"224\">UEM: <strong>Caract\u00e9risation du milieu<\/strong><\/td>\n<td width=\"74\">&nbsp;<\/td>\n<td width=\"84\">&nbsp;<\/td>\n<td width=\"102\">&nbsp;<\/td>\n<td width=\"108\">&nbsp;<\/td>\n<\/tr>\n<tr>\n<td width=\"224\">Mati\u00e9re: Eco physiologie animale et v\u00e9g\u00e9tale<\/td>\n<td width=\"74\">4<\/td>\n<td width=\"84\">6<\/td>\n<td width=\"102\">X<\/td>\n<td width=\"108\">X<\/td>\n<\/tr>\n<tr>\n<td width=\"224\"><strong>Total Semestre 5<\/strong><\/td>\n<td width=\"74\">19<\/td>\n<td width=\"84\"><strong>30<\/strong><\/td>\n<td width=\"102\">&nbsp;<\/td>\n<td width=\"108\">&nbsp;<\/td>\n<\/tr>\n<\/tbody>\n<\/table>\n\n\n\n<p><strong>Semestre 6&nbsp;:<\/strong><\/p>\n\n\n\n<table width=\"591\">\n<tbody>\n<tr>\n<td rowspan=\"2\" width=\"225\"><strong>Unit\u00e9 d\u2019Enseignement<\/strong><\/td>\n<td rowspan=\"2\" width=\"75\"><strong>Coeff<\/strong><\/td>\n<td rowspan=\"2\" width=\"84\"><strong>Cr\u00e9dits<\/strong><\/td>\n<td colspan=\"2\" width=\"206\"><strong>Mode d&rsquo;\u00e9valuation<\/strong><\/td>\n<\/tr>\n<tr>\n<td width=\"103\"><strong>Continu (40%)<\/strong><\/td>\n<td width=\"103\"><strong>Examen (60%)<\/strong><\/td>\n<\/tr>\n<tr>\n<td width=\"225\"><strong>UE fondamentales<\/strong><\/td>\n<td width=\"75\">&nbsp;<\/td>\n<td width=\"84\">&nbsp;<\/td>\n<td width=\"103\">&nbsp;<\/td>\n<td width=\"103\">&nbsp;<\/td>\n<\/tr>\n<tr>\n<td width=\"225\"><strong>UEF 3.2.1(O\/P)<\/strong> <strong>Ecologie&nbsp;&nbsp; des populations&nbsp; et des communaut\u00e9s<\/strong><\/td>\n<td width=\"75\">&nbsp;<\/td>\n<td width=\"84\"><strong>22<\/strong><\/td>\n<td width=\"103\">&nbsp;<\/td>\n<td width=\"103\">&nbsp;<\/td>\n<\/tr>\n<tr>\n<td width=\"225\"><strong>Mati\u00e8re 1&nbsp;:<\/strong> Biologie des populations et des organismes<\/td>\n<td width=\"75\">4<\/td>\n<td width=\"84\">7<\/td>\n<td width=\"103\">X<\/td>\n<td width=\"103\">X<\/td>\n<\/tr>\n<tr>\n<td width=\"225\"><strong>Mati\u00e8re2&nbsp;: <\/strong>Biog\u00e9ographie<\/td>\n<td width=\"75\">4<\/td>\n<td width=\"84\">7<\/td>\n<td width=\"103\">X<\/td>\n<td width=\"103\">X<\/td>\n<\/tr>\n<tr>\n<td width=\"225\"><strong>Mati\u00e8re3&nbsp;:<\/strong> Biodiversit\u00e9 et Changements globaux<\/td>\n<td width=\"75\">2<\/td>\n<td width=\"84\">4<\/td>\n<td width=\"103\">X<\/td>\n<td width=\"103\">X<\/td>\n<\/tr>\n<tr>\n<td width=\"225\"><strong>Mati\u00e8re 4&nbsp;:<\/strong> Conservation et d\u00e9veloppement durable<\/td>\n<td width=\"75\">2<\/td>\n<td width=\"84\">4<\/td>\n<td width=\"103\">X<\/td>\n<td width=\"103\">X<\/td>\n<\/tr>\n<tr>\n<td width=\"225\"><strong>UEF2(O\/P)&nbsp;:<\/strong>\n\n<strong>Sp\u00e9cifique *<\/strong><\/td>\n<td width=\"75\">&nbsp;<\/td>\n<td width=\"84\">&nbsp;<\/td>\n<td width=\"103\">&nbsp;<\/td>\n<td width=\"103\">&nbsp;<\/td>\n<\/tr>\n<tr>\n<td width=\"225\">&nbsp; &nbsp;&nbsp;Mati\u00e8re 1&nbsp;: Biostatistiques<\/td>\n<td width=\"75\">2<\/td>\n<td width=\"84\">6<\/td>\n<td width=\"103\">X<\/td>\n<td width=\"103\">X<\/td>\n<\/tr>\n<tr>\n<td width=\"225\">&nbsp;&nbsp;&nbsp; Mati\u00e8re 2&nbsp;: Anglais technique<\/td>\n<td width=\"75\">1<\/td>\n<td width=\"84\">2<\/td>\n<td width=\"103\">&nbsp;<\/td>\n<td width=\"103\">X<\/td>\n<\/tr>\n<tr>\n<td width=\"225\"><strong>Total Semestre 6<\/strong><\/td>\n<td width=\"75\"><strong>15<\/strong><\/td>\n<td width=\"84\"><strong>30<\/strong><\/td>\n<td width=\"103\">&nbsp;<\/td>\n<td width=\"103\">&nbsp;<\/td>\n<\/tr>\n<\/tbody>\n<\/table>\n\n\n\n<ul class=\"wp-block-list\">\n<li><strong>Autres<\/strong><strong><\/strong><\/li>\n<\/ul>\n\n\n\n<p>la r\u00e9gion d\u2019 Oum El Bouaghi,&nbsp; est situ\u00e9e dans les hautes plaines de l\u2019Est Alg\u00e9rien, elle rev\u00eat&nbsp;&nbsp; d\u2019une importance&nbsp; particuli\u00e8re, nous pensons que l\u2019ouverture de la sp\u00e9cialit\u00e9 propos\u00e9e va contribuer \u00e0&nbsp; son d\u00e9veloppement, et aussi \u00e0 la conservation des ressources naturelles de la r\u00e9gion et de limiter la d\u00e9gradation des \u00e9cosyst\u00e8mes aussi bien terrestres qu&rsquo;aquatiques, et par cons\u00e9quent la destruction de ces habitats qui entraine une perte acc\u00e9l\u00e9r\u00e9e de la biodiversit\u00e9 . Afin d&rsquo;assurer une transition en douceur, nous projetons d\u2019int\u00e9grer de mani\u00e8re naturelle la formation en Ecologie<\/p>\n","protected":false},"excerpt":{"rendered":"<p>D\u00e9partement Sciences de la Nature et de la Vie Nom du programme: Ecologie et Environnement Niveau: LICENCE ACADEMIQUE Domaine: Sciences de la Nature et de la Vie. Fili\u00e8re: Ecologie et Environnement Sp\u00e9cialit\u00e9: Ecologie et Environnement Description du Programme: L&rsquo;objectif de la licence d&rsquo;Ecologie-environnement est d&rsquo;offrir aux \u00e9tudiants une formation dans les domaines de l&rsquo;\u00e9cologie,&nbsp; de &hellip;<\/p>\n","protected":false},"author":1,"featured_media":0,"parent":0,"menu_order":0,"comment_status":"closed","ping_status":"closed","template":"","meta":{"footnotes":""},"class_list":["post-7196","page","type-page","status-publish","hentry"],"_links":{"self":[{"href":"https:\/\/www.univ-oeb.dz\/fsesnv\/wp-json\/wp\/v2\/pages\/7196","targetHints":{"allow":["GET"]}}],"collection":[{"href":"https:\/\/www.univ-oeb.dz\/fsesnv\/wp-json\/wp\/v2\/pages"}],"about":[{"href":"https:\/\/www.univ-oeb.dz\/fsesnv\/wp-json\/wp\/v2\/types\/page"}],"author":[{"embeddable":true,"href":"https:\/\/www.univ-oeb.dz\/fsesnv\/wp-json\/wp\/v2\/users\/1"}],"replies":[{"embeddable":true,"href":"https:\/\/www.univ-oeb.dz\/fsesnv\/wp-json\/wp\/v2\/comments?post=7196"}],"version-history":[{"count":0,"href":"https:\/\/www.univ-oeb.dz\/fsesnv\/wp-json\/wp\/v2\/pages\/7196\/revisions"}],"wp:attachment":[{"href":"https:\/\/www.univ-oeb.dz\/fsesnv\/wp-json\/wp\/v2\/media?parent=7196"}],"curies":[{"name":"wp","href":"https:\/\/api.w.org\/{rel}","templated":true}]}}