{"id":7097,"date":"2023-05-24T09:40:22","date_gmt":"2023-05-24T08:40:22","guid":{"rendered":"http:\/\/www.univ-oeb.dz\/fsesnv\/?page_id=7097"},"modified":"2023-05-24T09:43:18","modified_gmt":"2023-05-24T08:43:18","slug":"offre-de-formation-master-en-biologie-et-physiologie-de-la-reproduction","status":"publish","type":"page","link":"https:\/\/www.univ-oeb.dz\/fsesnv\/offre-de-formation-master-en-biologie-et-physiologie-de-la-reproduction\/","title":{"rendered":"Offre de formation: Master en Biologie et physiologie de la Reproduction"},"content":{"rendered":"\n<p class=\"has-medium-font-size\"><strong>D\u00e9partement des Sciences de la Nature et de la Vie<\/strong><\/p>\n\n\n\n<p class=\"has-text-align-center has-pale-cyan-blue-background-color has-background\"><strong>Offre de formation: Master en Biologie et physiologie de la Reproduction<\/strong><\/p>\n\n\n\n<ul class=\"wp-block-list\">\n<li><strong>Niveau: Master<\/strong><\/li>\n\n\n\n<li><strong>Domaine: <\/strong><strong>Sciences de la Nature et de la Vie<\/strong><strong><\/strong><\/li>\n\n\n\n<li><strong>Fili\u00e8re<\/strong><strong>: &nbsp;Sciences <\/strong><strong>Biologiques<\/strong><strong><\/strong><\/li>\n\n\n\n<li><strong>Sp\u00e9cialit\u00e9: <\/strong><strong>Biologie et physiologie de la Reproduction<\/strong><strong><\/strong><\/li>\n\n\n\n<li><strong>Description du <\/strong><strong>programme<\/strong><strong>:<\/strong><\/li>\n<\/ul>\n\n\n\n<p>Le progr\u00e8s et le d\u00e9veloppement dans le monde sont assur\u00e9s gr\u00e2ce \u00e0 la recherche scientifique dans le domaine des sciences et des technologies. On assiste ces derni\u00e8res ann\u00e9es \u00e0 une apparition progressive de sp\u00e9cialit\u00e9s dans le domaine des sciences de la nature et de la vie, dans notre pays. C\u2019est dans ce contexte que La facult\u00e9 des Sciences Exactes et des Sciences de la Nature et de la Vie de l\u2019Universit\u00e9 Larbi ben M\u2019Hidi d\u2019Oum El Bouaghi propose le Master \u00ab<strong>Biologie et Physiologie de la reproduction<\/strong>\u00bb dans le cadre des activit\u00e9s du d\u00e9partement des sciences de la nature et de la vie<\/p>\n\n\n\n<p>Cette sp\u00e9cialit\u00e9 propose un enseignement fondamental. Ce Master permettra aux \u00e9tudiants actuellement en fin de cycle de licence \u00ab&nbsp;<strong>biologie et physiologie animale&nbsp;\u00bb<\/strong> de poursuivre leur formation dans le deuxi\u00e8me parcours du syst\u00e8me LMD. Ce master a pour objectifs de donner une formation approfondie de haut niveau et d\u2019aboutir \u00e0 la soutenance d\u2019un m\u00e9moire en Biologie et Physiologie de la reproduction&nbsp;&nbsp; dans le but de la poursuite des \u00e9tudes de recherche pour l\u2019obtention du Doctorat<\/p>\n\n\n\n<p>Les dipl\u00f4m\u00e9s de cette option pourront \u00e9galement s&rsquo;int\u00e9grer dans diff\u00e9rents secteurs socio-\u00e9conomiques tels que : fili\u00e8res agronomiques et laboratoires de recherche.<\/p>\n\n\n\n<p><strong>Les dipl\u00f4mes qui donnent acc\u00e8s \u00e0 la formation propos\u00e9e&nbsp;sont&nbsp;:<\/strong><\/p>\n\n\n\n<ol class=\"wp-block-list\" type=\"1\">\n<li>licence en Biologie et physiologie animale<\/li>\n\n\n\n<li>licence en Ecobiologie animale<\/li>\n<\/ol>\n\n\n\n<p>3- Licence en Ecophysiologie animale<\/p>\n\n\n\n<p>4- Autres licences du domaine biologie (apr\u00e8s \u00e9tude des dossiers)<\/p>\n\n\n\n<p>5- Certains D.E.S. de biologie (apr\u00e8s \u00e9tude des dossiers)<\/p>\n\n\n\n<p>&nbsp;&nbsp;&nbsp;&nbsp;&nbsp;&nbsp;&nbsp; Les \u00e9tudiants inscrits \u00e0 la sp\u00e9cialit\u00e9 sont encadr\u00e9s par des enseignants de l&rsquo;Universit\u00e9 Larbi Ben M&rsquo;hidi \u00e0 Oum El-Bouaghi. La facult\u00e9 met \u00e9galement \u00e0 la disposition des \u00e9tudiants des &nbsp;laboratoires p\u00e9dagogiques et de recherche dot\u00e9s de moyens scientifiques assurant une formation de qualit\u00e9 :<\/p>\n\n\n\n<p>&nbsp; &#8211; Laboratoire de physiologie animale. (Une capacit\u00e9 de 20 \u00e9tudiants.)<\/p>\n\n\n\n<p>&nbsp; &#8211; Laboratoire de biochimie. (Une capacit\u00e9 de 20 \u00e9tudiants.)<\/p>\n\n\n\n<p>Des stages scientifiques sont propos\u00e9s aux \u00e9tudiants pour r\u00e9aliser leurs m\u00e9moires de fin d&rsquo;\u00e9tudes et am\u00e9liorer leur niveau scientifique dans des \u00e9tablissements conventionn\u00e9s avec l&rsquo;Universit\u00e9 de Larbi Ben M&rsquo;hidi :<\/p>\n\n\n\n<p>&#8211; Direction de la Sant\u00e9 et de la Population d&rsquo;Oum El Bouaghi<\/p>\n\n\n\n<p>&#8211; Institut des Techniques d&rsquo;Elevage d\u2019Ain Melilla<\/p>\n\n\n\n<p>&#8211; Laboratoire d&rsquo;anatomie pathologique d\u2019Ain Melilla<\/p>\n\n\n\n<p>&#8211; Station d&rsquo;Elevage de Constantine<\/p>\n\n\n\n<p><strong>Unit\u00e9s d\u2019enseigement et modules:&nbsp;&nbsp;&nbsp;&nbsp;&nbsp;&nbsp;&nbsp;&nbsp;&nbsp;&nbsp;&nbsp;&nbsp;&nbsp;&nbsp;&nbsp;&nbsp;&nbsp;&nbsp;&nbsp;&nbsp;&nbsp;&nbsp;&nbsp;&nbsp;&nbsp;&nbsp;&nbsp;&nbsp;&nbsp;&nbsp;&nbsp;&nbsp;&nbsp;&nbsp;&nbsp;&nbsp;&nbsp;&nbsp;&nbsp;&nbsp;&nbsp;&nbsp;&nbsp;&nbsp;&nbsp;&nbsp;&nbsp;&nbsp;&nbsp;&nbsp;&nbsp;&nbsp;&nbsp;&nbsp;&nbsp;&nbsp;&nbsp;&nbsp;&nbsp;&nbsp;&nbsp;&nbsp;&nbsp;&nbsp;&nbsp;&nbsp;&nbsp;&nbsp;&nbsp;&nbsp;&nbsp;&nbsp;&nbsp;&nbsp;&nbsp;&nbsp;&nbsp;&nbsp;&nbsp;&nbsp;&nbsp;&nbsp;&nbsp;&nbsp;&nbsp;&nbsp;&nbsp;&nbsp;&nbsp;&nbsp;&nbsp;&nbsp;&nbsp;&nbsp;&nbsp;&nbsp;<\/strong><\/p>\n\n\n\n<p><strong>1 <sup>er<\/sup> Semestre<\/strong>: 14-16 Semaines (375<sup>h<\/sup>)<\/p>\n\n\n\n<p>&#8211; Unit\u00e9s fondamentales:&nbsp; Physiologie de la Reproduction (<em>C: 03, VH: 67,5<sup>h<\/sup><\/em> ) , &nbsp;&nbsp;&nbsp;<\/p>\n\n\n\n<p>&nbsp;&nbsp;&nbsp;&nbsp;&nbsp;&nbsp; Toxicologie fondamentale (<em>C: 03, VH: 67,5<sup>h<\/sup><\/em>&nbsp; ), Immunologie (<em>C: 03, VH: 67,5<sup>h<\/sup><\/em>&nbsp; )<\/p>\n\n\n\n<p>&#8211; Unit\u00e9s m\u00e9thodologiques: TP. Histologie sp\u00e9ciale(<em>C: 03, VH: 60<sup>h<\/sup><\/em>&nbsp; ),<\/p>\n\n\n\n<p>&nbsp;&nbsp;&nbsp;&nbsp;&nbsp;&nbsp;&nbsp; &nbsp;Informatique (<em>C: 02, VH: 45<sup>h<\/sup><\/em>&nbsp; ),.<\/p>\n\n\n\n<p>&#8211; Unit\u00e9s&nbsp; D\u00e9couvertes: Agents Pathog\u00e8nes (<em>C: 01, VH: 45<sup>h<\/sup><\/em>&nbsp; ) .<\/p>\n\n\n\n<p>&#8211; Unit\u00e9s Transversales: Communication (<em>C: 01, VH: 22,5<sup>h<\/sup><\/em> ).<\/p>\n\n\n\n<p><strong>* C: Coefficient<\/strong><\/p>\n\n\n\n<p><strong>* VH : Volume Horaire<\/strong><\/p>\n\n\n\n<p><strong>2 <sup>\u00e9me<\/sup> Semestre<\/strong>: 14-16 Semaines (375<sup>h<\/sup>)<\/p>\n\n\n\n<p>&#8211; Unit\u00e9s fondamentales:&nbsp; Biologie Mol\u00e9culaire (<em>C: 03, VH: 67,5<sup>h<\/sup><\/em> ) ,&nbsp; Aspect Mol\u00e9culaire et&nbsp; Cellulaire du D\u00e9veloppement (<em>C: 03, VH: 67,5<sup>h<\/sup><\/em>&nbsp; ), Enzymologie(<em>C: 03, VH: 67,5<sup>h<\/sup><\/em>&nbsp; ).<\/p>\n\n\n\n<p>&#8211; Unit\u00e9s m\u00e9thodologiques:&nbsp; Techniques &nbsp;d\u2019Extraction des plantes (<em>C: 03, VH: 60<sup>h<\/sup><\/em>&nbsp; ),<\/p>\n\n\n\n<p>&nbsp;&nbsp;&nbsp;&nbsp;&nbsp;&nbsp;&nbsp;&nbsp;&nbsp; Microtechniques (<em>C: 02, VH: 45<sup>h<\/sup><\/em>&nbsp; ),.<\/p>\n\n\n\n<p>&#8211; Unit\u00e9s&nbsp; D\u00e9couvertes: Biostatistiques (<em>C: 01, VH: 45<sup>h<\/sup><\/em>&nbsp; ) .<\/p>\n\n\n\n<p>&#8211; Unit\u00e9s Transversales: L\u00e9gislation (<em>C: 01, VH: 22,5<sup>h<\/sup><\/em> ).<\/p>\n\n\n\n<p><strong>* C: Coefficient<\/strong><\/p>\n\n\n\n<p><strong>* VH : <\/strong><strong>Volume Horaire<\/strong><strong><\/strong><\/p>\n\n\n\n<p><strong>3<sup>\u00e9me<\/sup> Semestre<\/strong>: 14-16 Semaines (375<sup>h<\/sup>)<\/p>\n\n\n\n<p>&#8211; Unit\u00e9s fondamentales: Physiopathologie de la Reproduction (<em>C: 03, HV: 67,5<sup>h<\/sup><\/em> ) ,&nbsp; &nbsp;<\/p>\n\n\n\n<p>&nbsp;&nbsp;&nbsp;&nbsp;&nbsp;&nbsp;&nbsp;&nbsp; Endocrinologie de la Reproduction (<em>C: 03, VH: 67,5<sup>h<\/sup><\/em>&nbsp; ), Toxico-Pharmacologie<\/p>\n\n\n\n<p>&nbsp;&nbsp;&nbsp;&nbsp;&nbsp;&nbsp;&nbsp;&nbsp; de&nbsp;&nbsp;&nbsp; la Reproduction (<em>C: 03, VH: 67,5<sup>h<\/sup><\/em>&nbsp; ).<\/p>\n\n\n\n<p>&#8211; Unit\u00e9s m\u00e9thodologiques:&nbsp; Techniques d\u2019\u00e9levage des animaux (<em>C: 03, VH: 60<sup>h<\/sup><\/em>&nbsp; ),<\/p>\n\n\n\n<p>&nbsp;&nbsp;&nbsp;&nbsp;&nbsp;&nbsp;&nbsp;&nbsp;&nbsp; Analyse d\u2019Article (<em>C: 02, VH: 45<sup>h<\/sup><\/em>).<\/p>\n\n\n\n<p>&#8211; Unit\u00e9s&nbsp; D\u00e9couvertes: Bio-climatologie (<em>C: 01, VH: 45<sup>h<\/sup><\/em>) .<\/p>\n\n\n\n<p>&#8211; Unit\u00e9s Transversales: Entrepreneuriat (<em>C: 01, VH: 22,5<sup>h<\/sup><\/em>).<\/p>\n\n\n\n<p><strong>* C: Coefficient<\/strong><\/p>\n\n\n\n<p><strong>* HV : Volume Horaire<\/strong><\/p>\n\n\n\n<p><strong>&nbsp;<\/strong><strong>4<sup>\u00e9me<\/sup> Semestre<\/strong>: 14-16 Semaines (550<sup>h<\/sup>)<\/p>\n\n\n\n<p>&#8211; Stages et r\u00e9daction du m\u00e9moire de Master (<em>C: 15, VH: 550<sup>h<\/sup><\/em> ).<\/p>\n\n\n\n<p><strong>* C: Coefficient<\/strong><\/p>\n\n\n\n<p><strong>* HV : <\/strong><strong>Volume Horaire<\/strong><strong><\/strong><\/p>\n\n\n\n<ul class=\"wp-block-list\">\n<li><strong>Autres<\/strong><\/li>\n<\/ul>\n\n\n\n<p>&nbsp;&nbsp;&nbsp;&nbsp;&nbsp;&nbsp;&nbsp;&nbsp; Les \u00e9tudiants peuvent proposer des id\u00e9es de projets innovants qui abouti leur formation&nbsp; de Master &nbsp;et&nbsp; envisager de cr\u00e9er &nbsp;leur propre micro entreprise (Strat-up), leur permettant d&rsquo;entrer dans le monde du travail et de contribuer au d\u00e9veloppement de l&rsquo;\u00e9conomie nationale. &nbsp;Ils trouveront touts les conseils et le soutien du staff administratif de la Maison d\u2019 Entreprenariat&nbsp; &nbsp;de l&rsquo;universit\u00e9 &nbsp;ainsi que les enseignants encadreurs.<\/p>\n","protected":false},"excerpt":{"rendered":"<p>D\u00e9partement des Sciences de la Nature et de la Vie Offre de formation: Master en Biologie et physiologie de la Reproduction Niveau: Master Domaine: Sciences de la Nature et de la Vie Fili\u00e8re: &nbsp;Sciences Biologiques Sp\u00e9cialit\u00e9: Biologie et physiologie de la Reproduction Description du programme: Le progr\u00e8s et le d\u00e9veloppement dans le monde sont assur\u00e9s &hellip;<\/p>\n","protected":false},"author":1,"featured_media":0,"parent":0,"menu_order":0,"comment_status":"closed","ping_status":"closed","template":"","meta":{"footnotes":""},"class_list":["post-7097","page","type-page","status-publish","hentry"],"_links":{"self":[{"href":"https:\/\/www.univ-oeb.dz\/fsesnv\/wp-json\/wp\/v2\/pages\/7097","targetHints":{"allow":["GET"]}}],"collection":[{"href":"https:\/\/www.univ-oeb.dz\/fsesnv\/wp-json\/wp\/v2\/pages"}],"about":[{"href":"https:\/\/www.univ-oeb.dz\/fsesnv\/wp-json\/wp\/v2\/types\/page"}],"author":[{"embeddable":true,"href":"https:\/\/www.univ-oeb.dz\/fsesnv\/wp-json\/wp\/v2\/users\/1"}],"replies":[{"embeddable":true,"href":"https:\/\/www.univ-oeb.dz\/fsesnv\/wp-json\/wp\/v2\/comments?post=7097"}],"version-history":[{"count":0,"href":"https:\/\/www.univ-oeb.dz\/fsesnv\/wp-json\/wp\/v2\/pages\/7097\/revisions"}],"wp:attachment":[{"href":"https:\/\/www.univ-oeb.dz\/fsesnv\/wp-json\/wp\/v2\/media?parent=7097"}],"curies":[{"name":"wp","href":"https:\/\/api.w.org\/{rel}","templated":true}]}}