{"id":7061,"date":"2023-05-24T09:03:00","date_gmt":"2023-05-24T08:03:00","guid":{"rendered":"http:\/\/www.univ-oeb.dz\/fsesnv\/?page_id=7061"},"modified":"2023-05-24T09:03:01","modified_gmt":"2023-05-24T08:03:01","slug":"nom-du-programme-master-academique-chimie-analytique","status":"publish","type":"page","link":"https:\/\/www.univ-oeb.dz\/fsesnv\/nom-du-programme-master-academique-chimie-analytique\/","title":{"rendered":"Nom du programme: Master acad\u00e9mique Chimie analytique"},"content":{"rendered":"\n<p class=\"has-medium-font-size\"><strong>D\u00e9partement des sciences de la mati\u00e8re<\/strong><strong><\/strong><\/p>\n\n\n\n<p class=\"has-text-align-center has-pale-cyan-blue-background-color has-background\"><strong>Nom du programme: Master acad\u00e9mique<\/strong><strong><\/strong><\/p>\n\n\n\n<ul class=\"wp-block-list\">\n<li><strong>Niveau: &nbsp;licence<\/strong><\/li>\n\n\n\n<li><strong>Domaine: sciences de la mati\u00e8re<\/strong><\/li>\n\n\n\n<li><strong>Fili\u00e8re: Chimie<\/strong><\/li>\n\n\n\n<li><strong>Sp\u00e9cialit\u00e9: Chimie analytique<\/strong><strong><\/strong><\/li>\n\n\n\n<li><strong>Description du Programme<\/strong><\/li>\n<\/ul>\n\n\n\n<pre class=\"wp-block-preformatted\">Cette sp\u00e9cialisation offre la possibilit\u00e9 d'obtenir une formation avanc\u00e9e en chimie analytique et s\u00e9parations en assurant un \u00e9ventail de qualifications interdisciplinaires qui donnent de meilleures opportunit\u00e9s dans les carri\u00e8res acad\u00e9miques et professionnelles.<\/pre>\n\n\n\n<pre class=\"wp-block-preformatted\">Avec cette formation, il sera possible d'analyser et s\u00e9parer des m\u00e9langes pour identifier des composants inconnus ou obtenir un produit pur. Voici des exemples de besoins en comp\u00e9tences offerts par ce parcours sont&nbsp;:&nbsp;<\/pre>\n\n\n\n<pre class=\"wp-block-preformatted\">-L'analyse et les s\u00e9parations sont utilis\u00e9es dans l'industrie de l'eau pour garantir la qualit\u00e9 de notre eau potable.<\/pre>\n\n\n\n<pre class=\"wp-block-preformatted\">-Les industries \u00e0 grande \u00e9chelle du g\u00e9nie chimique \u00e0 telles que les compagnies p\u00e9troli\u00e8res n\u00e9cessitent une analyse et une s\u00e9paration afin que diff\u00e9rents types de produits puissent \u00eatre d\u00e9velopp\u00e9s par exemple : diesel, carburant aviation\u2026<\/pre>\n\n\n\n<pre class=\"wp-block-preformatted\">-L'industrie alimentaire utilise l'analyse et les s\u00e9parations pour s'assurer que son produit peut \u00eatre fabriqu\u00e9 de la mani\u00e8re la plus efficace et la plus rentable, tout en garantissant sa qualit\u00e9.<\/pre>\n\n\n\n<pre class=\"wp-block-preformatted\">- Les h\u00f4pitaux exigent une analyse et une s\u00e9paration pour diagnostiquer un patient&nbsp;? La m\u00e9decine l\u00e9gale utilise les s\u00e9parations pour aider \u00e0 r\u00e9soudre des crimes ou fournir des preuves juridiques.<\/pre>\n\n\n\n<pre class=\"wp-block-preformatted\">- L'analyse est n\u00e9cessaire dans l'industrie pharmaceutique pour s'assurer que la formulation gal\u00e9nique est ou qu'elle n'est pas corrompue<\/pre>\n\n\n\n<ul class=\"wp-block-list\">\n<li><strong>Connaissances n\u00e9cessaires (conditions d&rsquo;acc\u00e8s)<\/strong><strong><\/strong><\/li>\n<\/ul>\n\n\n\n<p>1- Licence chimie analytique<\/p>\n\n\n\n<p>2- Licence chimie g\u00e9n\u00e9rale<\/p>\n\n\n\n<p>3- Licence chimie<\/p>\n\n\n\n<p>4- Licence chimie Pharmaceutique<\/p>\n\n\n\n<p>5- Licence sciences des mat\u00e9riaux<\/p>\n\n\n\n<p>6- Licence chimie verre et c\u00e9ramique<\/p>\n\n\n\n<p>7- Licence chimie organique<\/p>\n\n\n\n<p>8- Licence chimie physique<\/p>\n\n\n\n<ul class=\"wp-block-list\">\n<li><strong>Programme des unit\u00e9s d\u2019enseignement<\/strong><strong><\/strong><\/li>\n<\/ul>\n\n\n\n<p><strong>1- Semestre 1:<\/strong><\/p>\n\n\n\n<p><strong>Unit\u00e9s d&rsquo;enseignement fondamentales:<\/strong><\/p>\n\n\n\n<p><strong>SAE 1<\/strong>: Instrumentation Chromatographique<\/p>\n\n\n\n<p><strong>SAE 2<\/strong>: Statistiques et &nbsp;chimiometrie<\/p>\n\n\n\n<p><strong>SAE 3<\/strong>: Methodes spectroscopiques I<\/p>\n\n\n\n<p><strong>SAE 4<\/strong>: Methodes Chromatographiques I<\/p>\n\n\n\n<p><strong>Unit\u00e9s&nbsp; d&rsquo;enseignement m\u00e9thodologiques<\/strong><\/p>\n\n\n\n<p><strong>SAE 5<\/strong>: M\u00e9thodes de pr\u00e9l\u00e8vement et d\u2019analyses<\/p>\n\n\n\n<p><strong>SAE 6<\/strong>: Methodes de s\u00e9parations<\/p>\n\n\n\n<p><strong>Unit\u00e9s d&rsquo;enseignement transversale<\/strong><\/p>\n\n\n\n<p><strong>UET1<\/strong>: M\u00e9thodes de caract\u00e9risation des mat\u00e9riaux I<\/p>\n\n\n\n<p><strong>UET 2<\/strong>: English<\/p>\n\n\n\n<p><strong>2- Semester 2:<\/strong><\/p>\n\n\n\n<p><strong>Unit\u00e9s d&rsquo;enseignement fondamentales:<\/strong><\/p>\n\n\n\n<p><strong>SAE 7<\/strong>: Instrumentations de spectroscopie et d\u2019imagerie I<\/p>\n\n\n\n<p><strong>SAE 8<\/strong>: Methodes Chromatographiques II<\/p>\n\n\n\n<p><strong>SAE 9<\/strong>: Pr\u00e9paration d&rsquo;\u00e9chantillons<\/p>\n\n\n\n<p><strong>SAE 10<\/strong>: Analyses li\u00e9es \u00e0 l\u2019environnement I<\/p>\n\n\n\n<p><strong>Unit\u00e9s&nbsp; d&rsquo;enseignement m\u00e9thodologiques<\/strong><\/p>\n\n\n\n<p><strong>SAE 11<\/strong>: Manipulations Spectroscopiques<\/p>\n\n\n\n<p><strong>SAE 12<\/strong>: manipulations Chromatographiques<\/p>\n\n\n\n<p><strong>Unit\u00e9s d&rsquo;enseignement transversale<\/strong><\/p>\n\n\n\n<p><strong>UET3<\/strong>: M\u00e9thodes de caract\u00e9risation des mat\u00e9riaux II<\/p>\n\n\n\n<p><strong>UET 4<\/strong>: Anglais<\/p>\n\n\n\n<p><strong>3- Semester 3:<\/strong><\/p>\n\n\n\n<p><strong>Unit\u00e9s d&rsquo;enseignement fondamentales:<\/strong><\/p>\n\n\n\n<p><strong>SAE 13<\/strong>: Instrumentations de spectroscopie et d\u2019imagerie II<\/p>\n\n\n\n<p><strong>SAE 14<\/strong>: Analyses li\u00e9es \u00e0 l\u2019environnement II<\/p>\n\n\n\n<p><strong>SAE 15<\/strong> : Les techniques d\u2019analyses en \u00e9lectrochimie<\/p>\n\n\n\n<p><strong>SAE 16<\/strong>: Organisation et gestion des enterprises<\/p>\n\n\n\n<p><strong>Unit\u00e9s&nbsp; d&rsquo;enseignement m\u00e9thodologiques<\/strong><\/p>\n\n\n\n<p><strong>SAE 17<\/strong>: M\u00e9thodes num\u00e9riques appliqu\u00e9es<\/p>\n\n\n\n<p><strong>SAE 18<\/strong>: Travail personnel de recherche documentaire<\/p>\n\n\n\n<p><strong>Unit\u00e9s d&rsquo;enseignement transversale<\/strong><strong><\/strong><\/p>\n\n\n\n<p><strong>UET5<\/strong>: Sant\u00e9 et s\u00e9curit\u00e9&nbsp; alimentaire<\/p>\n\n\n\n<p><strong>4. Other<\/strong><strong><\/strong><\/p>\n\n\n\n<p><strong>Semester 4:<\/strong><strong><\/strong><\/p>\n\n\n\n<p><strong>Stage pratique sanctionn\u00e9 par un m\u00e9moire et une soutenance.<\/strong><strong><\/strong><\/p>\n","protected":false},"excerpt":{"rendered":"<p>D\u00e9partement des sciences de la mati\u00e8re Nom du programme: Master acad\u00e9mique Niveau: &nbsp;licence Domaine: sciences de la mati\u00e8re Fili\u00e8re: Chimie Sp\u00e9cialit\u00e9: Chimie analytique Description du Programme Cette sp\u00e9cialisation offre la possibilit\u00e9 d&rsquo;obtenir une formation avanc\u00e9e en chimie analytique et s\u00e9parations en assurant un \u00e9ventail de qualifications interdisciplinaires qui donnent de meilleures opportunit\u00e9s dans les carri\u00e8res &hellip;<\/p>\n","protected":false},"author":1,"featured_media":0,"parent":0,"menu_order":0,"comment_status":"closed","ping_status":"closed","template":"","meta":{"footnotes":""},"class_list":["post-7061","page","type-page","status-publish","hentry"],"_links":{"self":[{"href":"https:\/\/www.univ-oeb.dz\/fsesnv\/wp-json\/wp\/v2\/pages\/7061","targetHints":{"allow":["GET"]}}],"collection":[{"href":"https:\/\/www.univ-oeb.dz\/fsesnv\/wp-json\/wp\/v2\/pages"}],"about":[{"href":"https:\/\/www.univ-oeb.dz\/fsesnv\/wp-json\/wp\/v2\/types\/page"}],"author":[{"embeddable":true,"href":"https:\/\/www.univ-oeb.dz\/fsesnv\/wp-json\/wp\/v2\/users\/1"}],"replies":[{"embeddable":true,"href":"https:\/\/www.univ-oeb.dz\/fsesnv\/wp-json\/wp\/v2\/comments?post=7061"}],"version-history":[{"count":0,"href":"https:\/\/www.univ-oeb.dz\/fsesnv\/wp-json\/wp\/v2\/pages\/7061\/revisions"}],"wp:attachment":[{"href":"https:\/\/www.univ-oeb.dz\/fsesnv\/wp-json\/wp\/v2\/media?parent=7061"}],"curies":[{"name":"wp","href":"https:\/\/api.w.org\/{rel}","templated":true}]}}