{"id":6867,"date":"2023-05-21T10:58:28","date_gmt":"2023-05-21T09:58:28","guid":{"rendered":"http:\/\/www.univ-oeb.dz\/fsesnv\/?page_id=6867"},"modified":"2023-05-21T10:58:28","modified_gmt":"2023-05-21T09:58:28","slug":"nom-du-programme-licence-en-parasitologie","status":"publish","type":"page","link":"https:\/\/www.univ-oeb.dz\/fsesnv\/nom-du-programme-licence-en-parasitologie\/","title":{"rendered":"Nom du programme Licence en Parasitologie"},"content":{"rendered":"\n<p><strong>D\u00e9partement des sciences de la nature et de la vie<\/strong><strong><\/strong><\/p>\n\n\n\n<p class=\"has-text-align-center has-pale-cyan-blue-background-color has-background\"><strong>Nom du programme: Licence en Parasitologie<\/strong><strong><\/strong><\/p>\n\n\n\n<ul class=\"wp-block-list\">\n<li><strong>Niveau: Licence<\/strong><\/li>\n\n\n\n<li><strong>Domaine: <\/strong><strong>Sciences de la Nature et de la Vie (SNV)<\/strong><strong><\/strong><\/li>\n\n\n\n<li><strong>Fili\u00e8re: Sciences Biologiques<\/strong><\/li>\n\n\n\n<li><strong>Sp\u00e9cialit\u00e9: Parasitologie<\/strong><\/li>\n\n\n\n<li><strong>Description du<\/strong> &nbsp;<strong>Programme :<\/strong><\/li>\n<\/ul>\n\n\n\n<p>Cette sp\u00e9cialit\u00e9 propose un enseignement fondamental. Qui permettra aux \u00e9tudiants actuellement en fin de cycle de licence \u00ab&nbsp;<strong>Parasitologie\u00bb<\/strong> de poursuivre leur formation dans le deuxi\u00e8me parcours du syst\u00e8me LMD et dans le but de la poursuite des \u00e9tudes de recherche pour l\u2019obtention du Doctorat.<\/p>\n\n\n\n<p>\u2022Possibilit\u00e9 de cr\u00e9ation d\u2019un laboratoire d\u2019analyses de groupe, d\u2019ouverture de bureaux priv\u00e9s de vulgarisation et de prophylaxie publique&nbsp; (par le biais de l\u2019ANSEJ ou Banque\u2026)&nbsp;<\/p>\n\n\n\n<p>\u2022Possibilit\u00e9 d\u2019activit\u00e9s professionnelles dans les structures sp\u00e9cialis\u00e9es (laboratoires v\u00e9t\u00e9rinaires, abattoirs, laboratoires hospitaliers, centres de recherches, unit\u00e9s industrielles de transformation des denr\u00e9es alimentaires\u2026etc.).<\/p>\n\n\n\n<p>\u2022Application dans la microbiologie industrielle, la s\u00e9curit\u00e9 alimentaire, et la protection de l&rsquo;environnement. Bureaux d\u2019hygi\u00e8ne communaux. Services de lutte contre les maladies \u00e0 transmission nosocomiale dans les h\u00f4pitaux Direction des for\u00eats, Assistance de suivis sanitaire des animaux exotiques de zoos (d\u00e9pistage, s\u00e9rologie, vulgarisation).<\/p>\n\n\n\n<ul class=\"wp-block-list\">\n<li><strong>Connaissances n\u00e9cessaires<\/strong><strong><\/strong><\/li>\n<\/ul>\n\n\n\n<p>Pour aborder les domaines de cette sp\u00e9cialit\u00e9, des connaissances th\u00e9oriques et pratiques, en Sciences biologiques (Biologie et physiologie Animale&nbsp;, biochimie, microbiologie) (L1 et L2 SNV) sont pr\u00e9 requises. Elles doivent \u00eatre accompagn\u00e9es par les connaissances de base en chimie, math\u00e9matiques, physique et biophysique (L1 et L2 SNV), qui sont n\u00e9cessaires pour toute \u00e9tude ult\u00e9rieure en Biologie.<\/p>\n\n\n\n<ul class=\"wp-block-list\">\n<li><strong>Programme &nbsp;des unit\u00e9s d\u2019enseignement<\/strong><strong><\/strong><\/li>\n<\/ul>\n\n\n\n<p><strong>Semestre 5<\/strong><\/p>\n\n\n\n<p><strong>Unit\u00e9 d\u2019Enseignement Fondamentale<\/strong><\/p>\n\n\n\n<ul class=\"wp-block-list\">\n<li><strong>UEF 1.1:<\/strong><strong><\/strong><\/li>\n<\/ul>\n\n\n\n<pre class=\"wp-block-preformatted\">\u00b7&nbsp;&nbsp; Bact\u00e9riologie 1&nbsp;(Cr\u00e9dits : 6, Coefficient: 3)<\/pre>\n\n\n\n<pre class=\"wp-block-preformatted\">\u00b7&nbsp;&nbsp; Virologie fondamentale (Cr\u00e9dits : 6,&nbsp; Coefficient : 3)<\/pre>\n\n\n\n<pre class=\"wp-block-preformatted\">\u00b7&nbsp;&nbsp; Protozoaires et M\u00e9tazoaires parasites (Cr\u00e9dits : 6, Coefficient : 3)<\/pre>\n\n\n\n<pre class=\"wp-block-preformatted\">\u00d8 <strong>Unit\u00e9 d\u2019Enseignement M\u00e9thodologie <\/strong><strong>UEM 1.1: <\/strong><\/pre>\n\n\n\n<pre class=\"wp-block-preformatted\">\u00b7&nbsp;&nbsp; M\u00e9thodes d\u2019\u00e9tude des protozoaires (Cr\u00e9dits : 6, Coefficient: 3)<\/pre>\n\n\n\n<pre class=\"wp-block-preformatted\">\u00b7&nbsp;&nbsp; M\u00e9thodes d\u2019\u00e9tude des m\u00e9tazoaires (Cr\u00e9dits : 3, Coefficient : 2)<\/pre>\n\n\n\n<pre class=\"wp-block-preformatted\">\u00d8 <strong>Unit\u00e9 d\u2019Enseignement D\u00e9couverte <\/strong><strong>UED 1.1:<\/strong><\/pre>\n\n\n\n<pre class=\"wp-block-preformatted\">\u00b7&nbsp;&nbsp; Histologie et physiologie&nbsp; des mammif\u00e8re (Cr\u00e9dits : 2 Coefficient : 2)<\/pre>\n\n\n\n<pre class=\"wp-block-preformatted\">\u00d8 <strong>Unit\u00e9 d\u2019Enseignement Transversale: (UET)UET 1.1<\/strong><\/pre>\n\n\n\n<pre class=\"wp-block-preformatted\">\u00b7&nbsp;&nbsp; Anglais (Cr\u00e9dits : 1 Coefficient : 1)<\/pre>\n\n\n\n<p><strong>Semestere 6<\/strong><\/p>\n\n\n\n<ul class=\"wp-block-list\">\n<li><strong>Unit\u00e9 d\u2019Enseignement Fondamentale <\/strong><strong>UEF 2.1<\/strong><strong><\/strong><\/li>\n<\/ul>\n\n\n\n<pre class=\"wp-block-preformatted\">\u00b7&nbsp;&nbsp; Mycologie (Cr\u00e9dits : 6 Coefficient : 3)<\/pre>\n\n\n\n<pre class=\"wp-block-preformatted\">\u00b7&nbsp;&nbsp; Vecteurs des parasites (Cr\u00e9dit : 6 Coefficient : 3)<\/pre>\n\n\n\n<pre class=\"wp-block-preformatted\">\u00b7&nbsp;&nbsp; Zoonoses parasitaires (Cr\u00e9dits : 6 Coefficient : 3)<\/pre>\n\n\n\n<ul class=\"wp-block-list\">\n<li><strong>Unit\u00e9 d\u2019Enseignement M\u00e9thodologie UEM 2.1<\/strong><\/li>\n<\/ul>\n\n\n\n<pre class=\"wp-block-preformatted\">\u00b7&nbsp;&nbsp; Diagnose des parasites (Cr\u00e9dits : 6 Coefficient : 3)<\/pre>\n\n\n\n<pre class=\"wp-block-preformatted\">\u00b7&nbsp;&nbsp; Hygi\u00e8ne et s\u00e9curit\u00e9 &nbsp;(Cr\u00e9dits : 3 Coefficient : 2)<\/pre>\n\n\n\n<pre class=\"wp-block-preformatted\">\u00d8 <strong>Unit\u00e9 d\u2019Enseignement D\u00e9couverte UET 2.1<\/strong><\/pre>\n\n\n\n<pre class=\"wp-block-preformatted\">\u00b7&nbsp;&nbsp; Ecologie parasitaire (Cr\u00e9dits : 2 Coefficient : 2)<\/pre>\n\n\n\n<pre class=\"wp-block-preformatted\">\u00d8 <strong>Unit\u00e9 d\u2019Enseignement Transversale<\/strong><\/pre>\n\n\n\n<pre class=\"wp-block-preformatted\">\u00b7&nbsp;&nbsp; Entreprenariat (Cr\u00e9dits : 1 Coefficient : 1)<\/pre>\n\n\n\n<ul class=\"wp-block-list\">\n<li><strong>Autres<\/strong><\/li>\n<\/ul>\n\n\n\n<p>La Parasitologie est une branche de la zoologie qui \u00e9tudie le r\u00f4le des animaux dans la transmission ou la provocation des maladies. La connaissance approfondie des organismes unicellulaires et pluricellulaires ainsi que pour leurs h\u00f4tes d\u00e9finitifs qu&rsquo;ils soient vert\u00e9br\u00e9s ou invert\u00e9br\u00e9s est plus que n\u00e9cessaire dans la compr\u00e9hension des certaines maladies parasitaires. Dans les \u00e9tudes \u00e9pid\u00e9miologiques la connaissance de ces animaux est imp\u00e9rative.<\/p>\n","protected":false},"excerpt":{"rendered":"<p>D\u00e9partement des sciences de la nature et de la vie Nom du programme: Licence en Parasitologie Niveau: Licence Domaine: Sciences de la Nature et de la Vie (SNV) Fili\u00e8re: Sciences Biologiques Sp\u00e9cialit\u00e9: Parasitologie Description du &nbsp;Programme : Cette sp\u00e9cialit\u00e9 propose un enseignement fondamental. Qui permettra aux \u00e9tudiants actuellement en fin de cycle de licence \u00ab&nbsp;Parasitologie\u00bb &hellip;<\/p>\n","protected":false},"author":1,"featured_media":0,"parent":0,"menu_order":0,"comment_status":"closed","ping_status":"closed","template":"","meta":{"footnotes":""},"class_list":["post-6867","page","type-page","status-publish","hentry"],"_links":{"self":[{"href":"https:\/\/www.univ-oeb.dz\/fsesnv\/wp-json\/wp\/v2\/pages\/6867","targetHints":{"allow":["GET"]}}],"collection":[{"href":"https:\/\/www.univ-oeb.dz\/fsesnv\/wp-json\/wp\/v2\/pages"}],"about":[{"href":"https:\/\/www.univ-oeb.dz\/fsesnv\/wp-json\/wp\/v2\/types\/page"}],"author":[{"embeddable":true,"href":"https:\/\/www.univ-oeb.dz\/fsesnv\/wp-json\/wp\/v2\/users\/1"}],"replies":[{"embeddable":true,"href":"https:\/\/www.univ-oeb.dz\/fsesnv\/wp-json\/wp\/v2\/comments?post=6867"}],"version-history":[{"count":0,"href":"https:\/\/www.univ-oeb.dz\/fsesnv\/wp-json\/wp\/v2\/pages\/6867\/revisions"}],"wp:attachment":[{"href":"https:\/\/www.univ-oeb.dz\/fsesnv\/wp-json\/wp\/v2\/media?parent=6867"}],"curies":[{"name":"wp","href":"https:\/\/api.w.org\/{rel}","templated":true}]}}