{"id":6861,"date":"2023-05-21T10:55:11","date_gmt":"2023-05-21T09:55:11","guid":{"rendered":"http:\/\/www.univ-oeb.dz\/fsesnv\/?page_id=6861"},"modified":"2023-05-21T10:55:12","modified_gmt":"2023-05-21T09:55:12","slug":"nom-du-programme-master-en-biodiversite-et-environnement","status":"publish","type":"page","link":"https:\/\/www.univ-oeb.dz\/fsesnv\/nom-du-programme-master-en-biodiversite-et-environnement\/","title":{"rendered":"Nom du programme: Master en Biodiversit\u00e9 et Environnement"},"content":{"rendered":"\n<p class=\"has-medium-font-size\"><strong>D\u00e9partement des Sciences de la Nature et de la Vie<\/strong><strong><\/strong><\/p>\n\n\n\n<p class=\"has-text-align-center has-pale-cyan-blue-background-color has-background\"><strong>Nom du programme: <\/strong><strong>Master en Biodiversit\u00e9 et Environnement<\/strong><strong><\/strong><\/p>\n\n\n\n<ul class=\"wp-block-list\">\n<li><strong>Niveau: Master<\/strong><\/li>\n\n\n\n<li><strong>Domaine : <\/strong><strong>Sciences de la Nature et de la Vie<\/strong><strong><\/strong><\/li>\n\n\n\n<li><strong>Fili\u00e8re : Ecologie et Environnement<\/strong><\/li>\n\n\n\n<li><strong>Sp\u00e9cialit\u00e9 : Biodiversit\u00e9 et Environnement<\/strong><\/li>\n\n\n\n<li><strong>Description du<\/strong> &nbsp;<strong>Programme :<\/strong><\/li>\n\n\n\n<li>La sp\u00e9cialit\u00e9 \u00a0\u00bb Biodiversit\u00e9 et environnement \u00a0\u00bb offre aux \u00e9tudiants une formation pluridisciplinaire d&rsquo;un niveau tr\u00e8s appr\u00e9ciable dans ce domaine, clairement orient\u00e9e vers le monde de la recherche ; elle vise \u00e0 acqu\u00e9rir une tr\u00e8s bonne connaissance de l&rsquo;\u00e9cologie, de l&rsquo;\u00e9volution et du fonctionnement des organismes vivants en interaction avec leur environnement depuis l&rsquo;\u00e9chelle individuelle jusqu&rsquo;\u00e0 celle de l&rsquo;\u00e9cosyst\u00e8me ou de la biosph\u00e8re. Une dimension soci\u00e9tale est \u00e9galement abord\u00e9e, \u00e0 travers l&rsquo;interface homme-nature, l&rsquo;am\u00e9nagement et la gouvernance territoriale.<\/li>\n\n\n\n<li><strong>Connaissances n\u00e9cessaires<\/strong><strong><\/strong><\/li>\n<\/ul>\n\n\n\n<p>Il est possible d&rsquo;inclure la formation dans les concours de recrutement d&rsquo;enseignants du secondaire ou d&rsquo;\u00e9coles d&rsquo;ing\u00e9nieurs dans les domaines de la biologie, de l&rsquo;agronomie, de la for\u00eat ou de l&rsquo;environnement. Des niches d&#8217;employabilit\u00e9 sont possibles aux deux niveaux :<\/p>\n\n\n\n<p>Niveau r\u00e9gional : Conservation des for\u00eats, Direction de l&rsquo;environnement d&rsquo;Oum El Bouaghi, Office national des barrages.<\/p>\n\n\n\n<p>Au niveau national : Universit\u00e9s et centres de recherche, Centre national de recherche et de d\u00e9veloppement de la biodiversit\u00e9, Minist\u00e8res de l&rsquo;environnement et de l&rsquo;agriculture, Direction g\u00e9n\u00e9rale des for\u00eats, etc.<\/p>\n\n\n\n<ul class=\"wp-block-list\">\n<li><strong>Programme &nbsp;des unit\u00e9s d\u2019enseignement<\/strong><strong><\/strong><\/li>\n<\/ul>\n\n\n\n<p><strong>Master Semestre 1<\/strong><\/p>\n\n\n\n<p>Unit\u00e9s d&rsquo;enseignement fondamentales<\/p>\n\n\n\n<p><strong>UEF 1.<\/strong><\/p>\n\n\n\n<p>&nbsp;Module 1 : Bases g\u00e9n\u00e9tiques de la biodiversit\u00e9<\/p>\n\n\n\n<p>&nbsp;Module 2 : Dynamique des \u00e9cosyst\u00e8mes<\/p>\n\n\n\n<p>&nbsp;<strong>UEF2.<\/strong><\/p>\n\n\n\n<p>Module 1 : Biologie des sols<\/p>\n\n\n\n<p>Module 2 : \u00c9cologie fonctionnelle<\/p>\n\n\n\n<p><strong>&nbsp; UEM<\/strong><\/p>\n\n\n\n<p>Module 1 : SIG et t\u00e9l\u00e9d\u00e9tection<\/p>\n\n\n\n<p>Module 2 : Strat\u00e9gie d&rsquo;\u00e9chantillonnage et m\u00e9thodes d&rsquo;\u00e9tude des peuplements<\/p>\n\n\n\n<p>UEM<\/p>\n\n\n\n<p>Module 1 : Ecotoxicologie<\/p>\n\n\n\n<p><strong>UET<\/strong><\/p>\n\n\n\n<p>Module 1 : Communication<\/p>\n\n\n\n<p><strong>Semestre 2<\/strong><\/p>\n\n\n\n<p><strong>UEF 1.<\/strong><\/p>\n\n\n\n<p>&nbsp;Module 1 : Biodiversit\u00e9 des milieux limniques et marins<\/p>\n\n\n\n<p>&nbsp;Module 2 : Biodiversit\u00e9 et d\u00e9veloppement durable<\/p>\n\n\n\n<p><strong>UEF 2.<\/strong><\/p>\n\n\n\n<p>Module 1 : Bioindicateurs, bioaccumulateurs et biomarqueurs<\/p>\n\n\n\n<p>Module 2 : Echanges et cycles globaux<\/p>\n\n\n\n<p><strong>UEM<\/strong><\/p>\n\n\n\n<p>Module 1 : Techniques d&rsquo;analyse statistique et traitement des donn\u00e9es<\/p>\n\n\n\n<p>Module 2 : M\u00e9thodes d&rsquo;analyse physico-chimique et biologique<\/p>\n\n\n\n<p><strong>UED<\/strong><\/p>\n\n\n\n<p>Module 1 : Impact \u00e9conomique des probl\u00e8mes environnementaux<\/p>\n\n\n\n<p>Module 2 : Anglais scientifique<\/p>\n\n\n\n<p><strong>UET<\/strong><\/p>\n\n\n\n<p>Module 1 : L\u00e9gislation<\/p>\n\n\n\n<p><strong>Semestre 3<\/strong><\/p>\n\n\n\n<p><strong>UEF 1<\/strong><\/p>\n\n\n\n<p>Module 1 : Dynamique de la biodiversit\u00e9 et biologie de la conservation<\/p>\n\n\n\n<p>Module 2 : Changements globaux et catastrophes naturelles<\/p>\n\n\n\n<p><strong>UEF 2<\/strong><\/p>\n\n\n\n<p>Module 1 : Biologie \u00e9volutive et biog\u00e9ographie<\/p>\n\n\n\n<p>Module 2 : Biologie de la Conservation et Restauration&nbsp;&nbsp;<\/p>\n\n\n\n<p><strong>UEM<\/strong><\/p>\n\n\n\n<p>Module 1 : G\u00e9omatique appliqu\u00e9e \u00e0 l&rsquo;environnement<\/p>\n\n\n\n<p>Module 2 : Laboratoire Technique<\/p>\n\n\n\n<p><strong>UED<\/strong><\/p>\n\n\n\n<p>Module 1 : Organisation et promotion de la recherche scientifique<\/p>\n\n\n\n<p>Module 2 : Politique et Environnement&nbsp;&nbsp;<\/p>\n\n\n\n<p><strong>UET<\/strong><\/p>\n\n\n\n<p>Module 1 : Entrepreneuriat et gestion de projet<\/p>\n\n\n\n<ul class=\"wp-block-list\">\n<li><strong>Autres<\/strong><strong><\/strong><\/li>\n<\/ul>\n\n\n\n<pre class=\"wp-block-preformatted\">Il est possible d\u2019incorporer des formations aux concours d'enseignants du second degr\u00e9 or ecoles d'ing\u00e9nieurs in les domaines de la biologie, de l'agronomie, de la foresterie or de l'environnement. Des creneaux d'employability sont possibles aux deux \u00e9chelles :<\/pre>\n\n\n\n<pre class=\"wp-block-preformatted\"><strong>R\u00e9gionale<\/strong> : Conservations des for\u00eats, Direction de l\u2019environnement de Oum El Bouaghi, Office national des barrages.<\/pre>\n\n\n\n<pre class=\"wp-block-preformatted\"><strong>Niveau national<\/strong>: Universities and centers of recherche, National Center of recherche and development of Biodiversity, Ministries of environment and agriculture, General Direction of forets\u2026<\/pre>\n","protected":false},"excerpt":{"rendered":"<p>D\u00e9partement des Sciences de la Nature et de la Vie Nom du programme: Master en Biodiversit\u00e9 et Environnement Niveau: Master Domaine : Sciences de la Nature et de la Vie Fili\u00e8re : Ecologie et Environnement Sp\u00e9cialit\u00e9 : Biodiversit\u00e9 et Environnement Description du &nbsp;Programme : La sp\u00e9cialit\u00e9 \u00a0\u00bb Biodiversit\u00e9 et environnement \u00a0\u00bb offre aux \u00e9tudiants une &hellip;<\/p>\n","protected":false},"author":1,"featured_media":0,"parent":0,"menu_order":0,"comment_status":"closed","ping_status":"closed","template":"","meta":{"footnotes":""},"class_list":["post-6861","page","type-page","status-publish","hentry"],"_links":{"self":[{"href":"https:\/\/www.univ-oeb.dz\/fsesnv\/wp-json\/wp\/v2\/pages\/6861","targetHints":{"allow":["GET"]}}],"collection":[{"href":"https:\/\/www.univ-oeb.dz\/fsesnv\/wp-json\/wp\/v2\/pages"}],"about":[{"href":"https:\/\/www.univ-oeb.dz\/fsesnv\/wp-json\/wp\/v2\/types\/page"}],"author":[{"embeddable":true,"href":"https:\/\/www.univ-oeb.dz\/fsesnv\/wp-json\/wp\/v2\/users\/1"}],"replies":[{"embeddable":true,"href":"https:\/\/www.univ-oeb.dz\/fsesnv\/wp-json\/wp\/v2\/comments?post=6861"}],"version-history":[{"count":0,"href":"https:\/\/www.univ-oeb.dz\/fsesnv\/wp-json\/wp\/v2\/pages\/6861\/revisions"}],"wp:attachment":[{"href":"https:\/\/www.univ-oeb.dz\/fsesnv\/wp-json\/wp\/v2\/media?parent=6861"}],"curies":[{"name":"wp","href":"https:\/\/api.w.org\/{rel}","templated":true}]}}