{"id":6852,"date":"2023-05-21T10:52:24","date_gmt":"2023-05-21T09:52:24","guid":{"rendered":"http:\/\/www.univ-oeb.dz\/fsesnv\/?page_id=6852"},"modified":"2023-05-21T10:52:24","modified_gmt":"2023-05-21T09:52:24","slug":"nom-du-programme-master-en-vision-artificielle-av","status":"publish","type":"page","link":"https:\/\/www.univ-oeb.dz\/fsesnv\/nom-du-programme-master-en-vision-artificielle-av\/","title":{"rendered":"Nom du programme\u00a0: Master en vision artificielle (AV)"},"content":{"rendered":"\n<p class=\"has-medium-font-size\"><strong>D\u00e9partement de math\u00e9matiques et d&rsquo;informatique<\/strong><strong><\/strong><\/p>\n\n\n\n<p class=\"has-text-align-center has-pale-cyan-blue-background-color has-background\"><strong>Nom du programme&nbsp;: Master en vision artificielle (AV)<\/strong><\/p>\n\n\n\n<p><strong>\u2022 Niveau&nbsp;: <\/strong>Master<\/p>\n\n\n\n<p><strong>\u2022 Domaine&nbsp;: Math\u00e9matiques et informatique<\/strong><\/p>\n\n\n\n<p><strong>\u2022 Domaine : Informatique<\/strong><\/p>\n\n\n\n<p><strong>\u2022 Sp\u00e9cialit\u00e9&nbsp;: vision artificielle (AV)<\/strong><\/p>\n\n\n\n<ol class=\"wp-block-list\" type=\"1\">\n<li><strong>Descriptif du programme&nbsp;:<\/strong><\/li>\n<\/ol>\n\n\n\n<p>La vision artificielle est un \u00e9l\u00e9ment cl\u00e9 de nombreuses applications de l&rsquo;intelligence artificielle. Cela inclut des \u00e9l\u00e9ments tels que la reconnaissance d&rsquo;images, la traduction de la langue et la synth\u00e8se vocale. La vision artificielle est \u00e9galement essentielle dans le d\u00e9veloppement de r\u00e9seaux de neurones, qui sont une partie essentielle des applications d&rsquo;apprentissage en profondeur. La vision artificielle est bien plus que la d\u00e9couverte visuelle de donn\u00e9es. Le programme soulign\u00e9 dans une majeure permet aux \u00e9tudiants d&rsquo;acqu\u00e9rir des concepts de base et avanc\u00e9s en traitement d&rsquo;images, reconnaissance de formes, imagerie m\u00e9dicale et vision robotique.<\/p>\n\n\n\n<ul class=\"wp-block-list\">\n<li><strong>&nbsp;Conditions d&rsquo;entr\u00e9e <\/strong><strong><\/strong><\/li>\n\n\n\n<li>Baccalaur\u00e9at ou certificat \u00e9quivalent<\/li>\n\n\n\n<li><strong>&nbsp;Unit\u00e9s de programme et modules<\/strong><\/li>\n\n\n\n<li><strong>Semestre 1<\/strong><\/li>\n<\/ul>\n\n\n\n<table>\n<tbody>\n<tr>\n<td rowspan=\"2\" width=\"296\"><strong>Unit\u00e9s d&rsquo;enseignement<\/strong><\/td>\n<td rowspan=\"2\" width=\"68\"><strong>Coeff<\/strong><\/td>\n<td rowspan=\"2\" width=\"75\"><strong>Cr\u00e9dits<\/strong><\/td>\n<td colspan=\"2\" width=\"153\"><strong>Mode d&rsquo;\u00e9valuation<\/strong><\/td>\n<\/tr>\n<tr>\n<td width=\"86\"><strong>Continue<\/strong><\/td>\n<td width=\"67\"><strong>Examen<\/strong><\/td>\n<\/tr>\n<tr>\n<td width=\"296\"><em><strong>Unit\u00e9 d&rsquo;Enseignement Fondamental 1<\/strong><\/em><\/td>\n<td width=\"68\"><strong>9<\/strong><\/td>\n<td width=\"75\"><strong>18<\/strong><\/td>\n<td colspan=\"2\" width=\"153\"><strong>\u00a0<\/strong><\/td>\n<\/tr>\n<tr>\n<td width=\"296\">Imagerie num\u00e9rique<\/td>\n<td width=\"68\"><em><strong>3<\/strong><\/em><\/td>\n<td width=\"75\"><em><strong>6<\/strong><\/em><\/td>\n<td width=\"86\"><em>40%<\/em><\/td>\n<td width=\"67\"><em>60%<\/em><\/td>\n<\/tr>\n<tr>\n<td width=\"296\">Mod\u00e9lisation g\u00e9om\u00e9trique<\/td>\n<td width=\"68\"><em><strong>3<\/strong><\/em><\/td>\n<td width=\"75\"><em><strong>6<\/strong><\/em><\/td>\n<td width=\"86\"><em>40%<\/em><\/td>\n<td width=\"67\"><em>60%<\/em><\/td>\n<\/tr>\n<tr>\n<td width=\"296\">Outild&rsquo;intelligence artificielle<\/td>\n<td width=\"68\"><em><strong>3<\/strong><\/em><\/td>\n<td width=\"75\"><em><strong>6<\/strong><\/em><\/td>\n<td width=\"86\"><em>40%<\/em><\/td>\n<td width=\"67\"><em>60%<\/em><\/td>\n<\/tr>\n<tr>\n<td width=\"296\"><em><strong>Unit\u00e9 d&rsquo;Enseignement Fondamental 2<\/strong><\/em><\/td>\n<td width=\"68\"><strong>5<\/strong><\/td>\n<td width=\"75\"><strong>9<\/strong><\/td>\n<td colspan=\"2\" width=\"153\"><strong>\u00a0<\/strong><\/td>\n<\/tr>\n<tr>\n<td width=\"296\">Traitement statistique des donn\u00e9es<\/td>\n<td width=\"68\"><em><strong>3<\/strong><\/em><\/td>\n<td width=\"75\"><em><strong>5<\/strong><\/em><\/td>\n<td width=\"86\"><em>40%<\/em><\/td>\n<td width=\"67\"><em>60%<\/em><\/td>\n<\/tr>\n<tr>\n<td width=\"296\">S\u00e9curit\u00e9 informatique<\/td>\n<td width=\"68\"><em><strong>2<\/strong><\/em><\/td>\n<td width=\"75\"><em><strong>4<\/strong><\/em><\/td>\n<td width=\"86\"><em>30%<\/em><\/td>\n<td width=\"67\"><em>70%<\/em><\/td>\n<\/tr>\n<tr>\n<td width=\"296\"><em><strong>Unit\u00e9 d&rsquo;Enseignement Fondamental 2<\/strong><\/em><\/td>\n<td width=\"68\"><strong>2<\/strong><\/td>\n<td width=\"75\"><strong>2<\/strong><\/td>\n<td colspan=\"2\" width=\"153\"><strong>\u00a0<\/strong><\/td>\n<\/tr>\n<tr>\n<td width=\"296\">Anglais<\/td>\n<td width=\"68\"><em><strong>1<\/strong><\/em><\/td>\n<td width=\"75\"><em><strong>2<\/strong><\/em><\/td>\n<td width=\"86\"><em>&#8211;<\/em><\/td>\n<td width=\"67\"><em>100%<\/em><\/td>\n<\/tr>\n<tr>\n<td width=\"296\"><em><strong>Unit\u00e9 P\u00e9dagogique D\u00e9couverte<\/strong><\/em><\/td>\n<td width=\"68\"><strong>1<\/strong><\/td>\n<td width=\"75\"><strong>1<\/strong><\/td>\n<td colspan=\"2\" width=\"153\"><strong>\u00a0<\/strong><\/td>\n<\/tr>\n<tr>\n<td width=\"296\">Communication<\/td>\n<td width=\"68\"><em><strong>1<\/strong><\/em><\/td>\n<td width=\"75\"><em><strong>1<\/strong><\/em><\/td>\n<td width=\"86\"><em>&#8211;<\/em><\/td>\n<td width=\"67\"><em>100%<\/em><\/td>\n<\/tr>\n<\/tbody>\n<\/table>\n\n\n\n<ul class=\"wp-block-list\">\n<li><strong>Semester 2<\/strong><\/li>\n<\/ul>\n\n\n\n<table>\n<tbody>\n<tr>\n<td rowspan=\"2\" width=\"296\"><strong>Unit\u00e9s d&rsquo;enseignement<\/strong><\/td>\n<td rowspan=\"2\" width=\"68\"><strong>Coeff<\/strong><\/td>\n<td rowspan=\"2\" width=\"75\"><strong>Cr\u00e9dits<\/strong><\/td>\n<td colspan=\"2\" width=\"153\"><strong>Evaluation Mode<\/strong><\/td>\n<\/tr>\n<tr>\n<td width=\"86\"><strong>Continue<\/strong><\/td>\n<td width=\"67\"><strong>Examen<\/strong><\/td>\n<\/tr>\n<tr>\n<td width=\"296\"><em><strong>Unit\u00e9 d&rsquo;Enseignement Fondamental 1<\/strong><\/em><\/td>\n<td width=\"68\"><strong>9<\/strong><\/td>\n<td width=\"75\"><strong>18<\/strong><\/td>\n<td colspan=\"2\" width=\"153\"><strong>\u00a0<\/strong><\/td>\n<\/tr>\n<tr>\n<td width=\"296\">Infographie<\/td>\n<td width=\"68\"><em><strong>3<\/strong><\/em><\/td>\n<td width=\"75\"><em><strong>6<\/strong><\/em><\/td>\n<td width=\"86\"><em>40%<\/em><\/td>\n<td width=\"67\"><em>60%<\/em><\/td>\n<\/tr>\n<tr>\n<td width=\"296\">Introduction \u00e0 la vision artificielle<\/td>\n<td width=\"68\"><em><strong>3<\/strong><\/em><\/td>\n<td width=\"75\"><em><strong>6<\/strong><\/em><\/td>\n<td width=\"86\"><em>40%<\/em><\/td>\n<td width=\"67\"><em>60%<\/em><\/td>\n<\/tr>\n<tr>\n<td width=\"296\">Synth\u00e8se d\u2019images<\/td>\n<td width=\"68\"><em><strong>3<\/strong><\/em><\/td>\n<td width=\"75\"><em><strong>6<\/strong><\/em><\/td>\n<td width=\"86\"><em>40%<\/em><\/td>\n<td width=\"67\"><em>60%<\/em><\/td>\n<\/tr>\n<tr>\n<td width=\"296\"><em><strong>Unit\u00e9 d&rsquo;Enseignement Fondamental 2<\/strong><\/em><\/td>\n<td width=\"68\"><strong>5<\/strong><\/td>\n<td width=\"75\"><strong>9<\/strong><\/td>\n<td colspan=\"2\" width=\"153\"><strong>\u00a0<\/strong><\/td>\n<\/tr>\n<tr>\n<td width=\"296\">Traitement parall\u00e8le de l\u2019information<\/td>\n<td width=\"68\"><em><strong>3<\/strong><\/em><\/td>\n<td width=\"75\"><em><strong>5<\/strong><\/em><\/td>\n<td width=\"86\"><em>40%<\/em><\/td>\n<td width=\"67\"><em>60%<\/em><\/td>\n<\/tr>\n<tr>\n<td width=\"296\">Mod\u00e9lisation et simulation de syst\u00e8mes<\/td>\n<td width=\"68\"><em><strong>2<\/strong><\/em><\/td>\n<td width=\"75\"><em><strong>4<\/strong><\/em><\/td>\n<td width=\"86\"><em>30%<\/em><\/td>\n<td width=\"67\"><em>70%<\/em><\/td>\n<\/tr>\n<tr>\n<td width=\"296\"><em><strong>Unit\u00e9 d&rsquo;Enseignement Fondamental 2<\/strong><\/em><\/td>\n<td width=\"68\"><strong>2<\/strong><\/td>\n<td width=\"75\"><strong>2<\/strong><\/td>\n<td colspan=\"2\" width=\"153\"><strong>\u00a0<\/strong><\/td>\n<\/tr>\n<tr>\n<td width=\"296\">Anglais<\/td>\n<td width=\"68\"><em><strong>1<\/strong><\/em><\/td>\n<td width=\"75\"><em><strong>2<\/strong><\/em><\/td>\n<td width=\"86\"><em>&#8211;<\/em><\/td>\n<td width=\"67\"><em>100%<\/em><\/td>\n<\/tr>\n<tr>\n<td width=\"296\"><em><strong>Unit\u00e9 P\u00e9dagogique D\u00e9couverte<\/strong><\/em><\/td>\n<td width=\"68\"><strong>1<\/strong><\/td>\n<td width=\"75\"><strong>1<\/strong><\/td>\n<td colspan=\"2\" width=\"153\"><strong>\u00a0<\/strong><\/td>\n<\/tr>\n<tr>\n<td width=\"296\">L\u00e9gislation<\/td>\n<td width=\"68\"><em><strong>1<\/strong><\/em><\/td>\n<td width=\"75\"><em><strong>1<\/strong><\/em><\/td>\n<td width=\"86\"><em>&#8211;<\/em><\/td>\n<td width=\"67\"><em>100%<\/em><\/td>\n<\/tr>\n<\/tbody>\n<\/table>\n\n\n\n<ul class=\"wp-block-list\">\n<li><strong>Semester 3<\/strong><\/li>\n<\/ul>\n\n\n\n<table>\n<tbody>\n<tr>\n<td rowspan=\"2\" width=\"296\"><strong>Unit\u00e9s d&rsquo;enseignement<\/strong><\/td>\n<td rowspan=\"2\" width=\"68\"><strong>Coeff<\/strong><\/td>\n<td rowspan=\"2\" width=\"75\"><strong>Cr\u00e9dits<\/strong><\/td>\n<td colspan=\"2\" width=\"153\"><strong>Evaluation Mode<\/strong><\/td>\n<\/tr>\n<tr>\n<td width=\"86\"><strong>Continue<\/strong><\/td>\n<td width=\"67\"><strong>Exam<\/strong><strong>en<\/strong><\/td>\n<\/tr>\n<tr>\n<td width=\"296\"><em><strong>Unit\u00e9 d&rsquo;Enseignement Fondamental 1<\/strong><\/em><\/td>\n<td width=\"68\"><strong>9<\/strong><\/td>\n<td width=\"75\"><strong>18<\/strong><\/td>\n<td colspan=\"2\" width=\"153\"><strong>\u00a0<\/strong><\/td>\n<\/tr>\n<tr>\n<td width=\"296\">Reconnaissance de formes<\/td>\n<td width=\"68\"><em><strong>3<\/strong><\/em><\/td>\n<td width=\"75\"><em><strong>6<\/strong><\/em><\/td>\n<td width=\"86\"><em>40%<\/em><\/td>\n<td width=\"67\"><em>60%<\/em><\/td>\n<\/tr>\n<tr>\n<td width=\"296\">D\u00e9tection et estimation de mouvement<\/td>\n<td width=\"68\"><em><strong>3<\/strong><\/em><\/td>\n<td width=\"75\"><em><strong>6<\/strong><\/em><\/td>\n<td width=\"86\"><em>40%<\/em><\/td>\n<td width=\"67\"><em>60%<\/em><\/td>\n<\/tr>\n<tr>\n<td width=\"296\">R\u00e9alit\u00e9 augment\u00e9e<\/td>\n<td width=\"68\"><em><strong>3<\/strong><\/em><\/td>\n<td width=\"75\"><em><strong>6<\/strong><\/em><\/td>\n<td width=\"86\"><em>40%<\/em><\/td>\n<td width=\"67\"><em>60%<\/em><\/td>\n<\/tr>\n<tr>\n<td width=\"296\"><em><strong>Unit\u00e9 d&rsquo;Enseignement Fondamental 2<\/strong><\/em><\/td>\n<td width=\"68\"><strong>5<\/strong><\/td>\n<td width=\"75\"><strong>9<\/strong><\/td>\n<td colspan=\"2\" width=\"153\"><strong>\u00a0<\/strong><\/td>\n<\/tr>\n<tr>\n<td width=\"296\">Imagerie du vivant<\/td>\n<td width=\"68\"><em><strong>3<\/strong><\/em><\/td>\n<td width=\"75\"><em><strong>5<\/strong><\/em><\/td>\n<td width=\"86\"><em>40%<\/em><\/td>\n<td width=\"67\"><em>60%<\/em><\/td>\n<\/tr>\n<tr>\n<td width=\"296\">Imagerie industrielle<\/td>\n<td width=\"68\"><em><strong>2<\/strong><\/em><\/td>\n<td width=\"75\"><em><strong>4<\/strong><\/em><\/td>\n<td width=\"86\"><em>30%<\/em><\/td>\n<td width=\"67\"><em>70%<\/em><\/td>\n<\/tr>\n<tr>\n<td width=\"296\"><em><strong>Unit\u00e9 d&rsquo;Enseignement Fondamental 2<\/strong><\/em><\/td>\n<td width=\"68\"><strong>2<\/strong><\/td>\n<td width=\"75\"><strong>2<\/strong><\/td>\n<td colspan=\"2\" width=\"153\"><strong>\u00a0<\/strong><\/td>\n<\/tr>\n<tr>\n<td width=\"296\">Anglais<\/td>\n<td width=\"68\"><em><strong>1<\/strong><\/em><\/td>\n<td width=\"75\"><em><strong>2<\/strong><\/em><\/td>\n<td width=\"86\"><em>&#8211;<\/em><\/td>\n<td width=\"67\"><em>100%<\/em><\/td>\n<\/tr>\n<tr>\n<td width=\"296\"><em><strong>Unit\u00e9 P\u00e9dagogique D\u00e9couverte<\/strong><\/em><\/td>\n<td width=\"68\"><strong>1<\/strong><\/td>\n<td width=\"75\"><strong>1<\/strong><\/td>\n<td colspan=\"2\" width=\"153\"><strong>\u00a0<\/strong><\/td>\n<\/tr>\n<tr>\n<td width=\"296\">Entreprenariat et gestion des projets<\/td>\n<td width=\"68\"><em><strong>1<\/strong><\/em><\/td>\n<td width=\"75\"><em><strong>1<\/strong><\/em><\/td>\n<td width=\"86\"><em>&#8211;<\/em><\/td>\n<td width=\"67\"><em>100%<\/em><\/td>\n<\/tr>\n<\/tbody>\n<\/table>\n","protected":false},"excerpt":{"rendered":"<p>D\u00e9partement de math\u00e9matiques et d&rsquo;informatique Nom du programme&nbsp;: Master en vision artificielle (AV) \u2022 Niveau&nbsp;: Master \u2022 Domaine&nbsp;: Math\u00e9matiques et informatique \u2022 Domaine : Informatique \u2022 Sp\u00e9cialit\u00e9&nbsp;: vision artificielle (AV) Descriptif du programme&nbsp;: La vision artificielle est un \u00e9l\u00e9ment cl\u00e9 de nombreuses applications de l&rsquo;intelligence artificielle. Cela inclut des \u00e9l\u00e9ments tels que la reconnaissance d&rsquo;images, &hellip;<\/p>\n","protected":false},"author":1,"featured_media":0,"parent":0,"menu_order":0,"comment_status":"closed","ping_status":"closed","template":"","meta":{"footnotes":""},"class_list":["post-6852","page","type-page","status-publish","hentry"],"_links":{"self":[{"href":"https:\/\/www.univ-oeb.dz\/fsesnv\/wp-json\/wp\/v2\/pages\/6852","targetHints":{"allow":["GET"]}}],"collection":[{"href":"https:\/\/www.univ-oeb.dz\/fsesnv\/wp-json\/wp\/v2\/pages"}],"about":[{"href":"https:\/\/www.univ-oeb.dz\/fsesnv\/wp-json\/wp\/v2\/types\/page"}],"author":[{"embeddable":true,"href":"https:\/\/www.univ-oeb.dz\/fsesnv\/wp-json\/wp\/v2\/users\/1"}],"replies":[{"embeddable":true,"href":"https:\/\/www.univ-oeb.dz\/fsesnv\/wp-json\/wp\/v2\/comments?post=6852"}],"version-history":[{"count":0,"href":"https:\/\/www.univ-oeb.dz\/fsesnv\/wp-json\/wp\/v2\/pages\/6852\/revisions"}],"wp:attachment":[{"href":"https:\/\/www.univ-oeb.dz\/fsesnv\/wp-json\/wp\/v2\/media?parent=6852"}],"curies":[{"name":"wp","href":"https:\/\/api.w.org\/{rel}","templated":true}]}}