{"id":6831,"date":"2023-05-21T10:10:59","date_gmt":"2023-05-21T09:10:59","guid":{"rendered":"http:\/\/www.univ-oeb.dz\/fsesnv\/?page_id=6831"},"modified":"2023-05-21T10:13:07","modified_gmt":"2023-05-21T09:13:07","slug":"nom-du-program-licence-en-systemes-informatique-si","status":"publish","type":"page","link":"https:\/\/www.univ-oeb.dz\/fsesnv\/nom-du-program-licence-en-systemes-informatique-si\/","title":{"rendered":"Nom du Program Licence en Syst\u00e8mes Informatique (SI)"},"content":{"rendered":"\n<p class=\"has-medium-font-size\"><strong>D\u00e9partement de Math\u00e9matiques et d&rsquo;Informatique<\/strong><\/p>\n\n\n\n<p class=\"has-text-align-center has-pale-cyan-blue-background-color has-background\"><strong>Nom du programme<\/strong> : Licence en Syst\u00e8mes Informatique (SI)<\/p>\n\n\n\n<ul class=\"wp-block-list\">\n<li><strong>Niveau : <\/strong>Licence<\/li>\n\n\n\n<li><strong>Domaine : <\/strong>Math\u00e9matiques et Informatique<\/li>\n\n\n\n<li><strong>Fili\u00e8re : <\/strong>Informatique<\/li>\n\n\n\n<li><strong>Sp\u00e9cialit\u00e9 <\/strong><strong>: <\/strong>Syst\u00e8mes Informatique<\/li>\n\n\n\n<li><strong>Description du programme :<\/strong><\/li>\n<\/ul>\n\n\n\n<p>Le programme de licence en Syst\u00e8mes Informatique s&rsquo;\u00e9tend sur une dur\u00e9e de 3 ans et qui offre aux \u00e9tudiants une solide formation acad\u00e9mique et des connaissances et comp\u00e9tences essentielles pour analyser, \u00e9valuer et d\u00e9velopper des solutions li\u00e9es aux syst\u00e8mes informatiques. Le programme d&rsquo;\u00e9tudes vise \u00e0 cr\u00e9er des sp\u00e9cialistes ayant une exp\u00e9rience avanc\u00e9e dans la gestion des syst\u00e8mes informatiques.<\/p>\n\n\n\n<ul class=\"wp-block-list\">\n<li><strong>Conditions d&rsquo;admission :<\/strong><\/li>\n<\/ul>\n\n\n\n<p>Baccalaur\u00e9at ou dipl\u00f4me \u00e9quivalent.<\/p>\n\n\n\n<ul class=\"wp-block-list\">\n<li><strong>Unit\u00e9s et modules du programme<\/strong><\/li>\n\n\n\n<li><strong>Semestre 1<\/strong><\/li>\n<\/ul>\n\n\n\n<table>\n<tbody>\n<tr>\n<td rowspan=\"2\" width=\"296\"><strong>Unit\u00e9s d&rsquo;enseignement<\/strong><\/td>\n<td rowspan=\"2\" width=\"68\"><strong>Coeff<\/strong><\/td>\n<td rowspan=\"2\" width=\"75\"><strong>Cr\u00e9dits<\/strong><\/td>\n<td colspan=\"2\" width=\"153\"><strong>Mode d&rsquo;\u00e9valuation<\/strong><\/td>\n<\/tr>\n<tr>\n<td width=\"86\"><strong>Continue<\/strong><\/td>\n<td width=\"67\"><strong>Examen<\/strong><\/td>\n<\/tr>\n<tr>\n<td width=\"296\"><em><strong>Unit\u00e9 d&rsquo;enseignement fondamentale 1<\/strong><\/em><\/td>\n<td width=\"68\"><strong>7<\/strong><\/td>\n<td width=\"75\"><strong>11<\/strong><\/td>\n<td colspan=\"2\" width=\"153\"><strong>&nbsp;<\/strong><\/td>\n<\/tr>\n<tr>\n<td width=\"296\"><strong>Analyse 1<\/strong><\/td>\n<td width=\"68\"><em><strong>4<\/strong><\/em><\/td>\n<td width=\"75\"><em><strong>6<\/strong><\/em><\/td>\n<td width=\"86\"><em>40%<\/em><\/td>\n<td width=\"67\"><em>60%<\/em><\/td>\n<\/tr>\n<tr>\n<td width=\"296\"><strong>Alg\u00e8bre 1<\/strong><\/td>\n<td width=\"68\"><em><strong>3<\/strong><\/em><\/td>\n<td width=\"75\"><em><strong>5<\/strong><\/em><\/td>\n<td width=\"86\"><em>40%<\/em><\/td>\n<td width=\"67\"><em>60%<\/em><\/td>\n<\/tr>\n<tr>\n<td width=\"296\"><em><strong>Unit\u00e9 d&rsquo;enseignement fondamentale 2<\/strong><\/em><\/td>\n<td width=\"68\"><strong>7<\/strong><\/td>\n<td width=\"75\"><strong>11<\/strong><\/td>\n<td colspan=\"2\" width=\"153\"><strong>&nbsp;<\/strong><\/td>\n<\/tr>\n<tr>\n<td width=\"296\"><strong>Algorithmes et structures de donn\u00e9es 1<\/strong><\/td>\n<td width=\"68\"><em><strong>4<\/strong><\/em><\/td>\n<td width=\"75\"><em><strong>6<\/strong><\/em><\/td>\n<td width=\"86\"><em>40%<\/em><\/td>\n<td width=\"67\"><em>60%<\/em><\/td>\n<\/tr>\n<tr>\n<td width=\"296\"><strong>Structure de la machine 1<\/strong><\/td>\n<td width=\"68\"><em><strong>3<\/strong><\/em><\/td>\n<td width=\"75\"><em><strong>5<\/strong><\/em><\/td>\n<td width=\"86\"><em>40%<\/em><\/td>\n<td width=\"67\"><em>60%<\/em><\/td>\n<\/tr>\n<tr>\n<td width=\"296\"><em><strong>Unit\u00e9 d&rsquo;enseignement m\u00e9thodologique<\/strong><\/em><\/td>\n<td width=\"68\"><strong>2<\/strong><\/td>\n<td width=\"75\"><strong>4<\/strong><\/td>\n<td colspan=\"2\" width=\"153\"><strong>&nbsp;<\/strong><\/td>\n<\/tr>\n<tr>\n<td width=\"296\"><strong>Terminologie scientifique et expression \u00e9crite<\/strong><\/td>\n<td width=\"68\"><em><strong>1<\/strong><\/em><\/td>\n<td width=\"75\"><em><strong>2<\/strong><\/em><\/td>\n<td width=\"86\"><em>&#8211;<\/em><\/td>\n<td width=\"67\"><em>100%<\/em><\/td>\n<\/tr>\n<tr>\n<td width=\"296\"><strong>Langue \u00e9trang\u00e8re 1<\/strong><\/td>\n<td width=\"68\"><em><strong>1<\/strong><\/em><\/td>\n<td width=\"75\"><em><strong>2<\/strong><\/em><\/td>\n<td width=\"86\"><em>&#8211;<\/em><\/td>\n<td width=\"67\"><em>100%<\/em><\/td>\n<\/tr>\n<tr>\n<td width=\"296\"><em><strong>Unit\u00e9 d&rsquo;enseignement de d\u00e9couverte<\/strong><\/em><\/td>\n<td width=\"68\"><strong>2<\/strong><\/td>\n<td width=\"75\"><strong>4<\/strong><\/td>\n<td colspan=\"2\" width=\"153\"><strong>&nbsp;<\/strong><\/td>\n<\/tr>\n<tr>\n<td width=\"296\"><strong>Physique 1 (m\u00e9canique des points)<\/strong><\/td>\n<td width=\"68\"><em><strong>2<\/strong><\/em><\/td>\n<td width=\"75\"><em><strong>4<\/strong><\/em><\/td>\n<td width=\"86\"><em>40%<\/em><\/td>\n<td width=\"67\"><em>60%<\/em><\/td>\n<\/tr>\n<\/tbody>\n<\/table>\n\n\n\n<ul class=\"wp-block-list\">\n<li><strong>Semestre 2<\/strong><\/li>\n<\/ul>\n\n\n\n<table>\n<tbody>\n<tr>\n<td rowspan=\"2\" width=\"296\"><strong>Unit\u00e9s d&rsquo;enseignement<\/strong><\/td>\n<td rowspan=\"2\" width=\"68\"><strong>Coeff<\/strong><\/td>\n<td rowspan=\"2\" width=\"75\"><strong>Cr\u00e9dits<\/strong><\/td>\n<td colspan=\"2\" width=\"153\"><strong>Mode d&rsquo;\u00e9valuation<\/strong><\/td>\n<\/tr>\n<tr>\n<td width=\"86\"><strong>Continue<\/strong><\/td>\n<td width=\"67\"><strong>Examen<\/strong><\/td>\n<\/tr>\n<tr>\n<td width=\"296\"><em><strong>Unit\u00e9 d&rsquo;enseignement fondamentale 1<\/strong><\/em><\/td>\n<td width=\"68\"><strong>6<\/strong><\/td>\n<td width=\"75\"><strong>10<\/strong><\/td>\n<td colspan=\"2\" width=\"153\"><strong>&nbsp;<\/strong><\/td>\n<\/tr>\n<tr>\n<td width=\"296\"><strong>Analyse 2<\/strong><\/td>\n<td width=\"68\"><em><strong>4<\/strong><\/em><\/td>\n<td width=\"75\"><em><strong>6<\/strong><\/em><\/td>\n<td width=\"86\"><em>40%<\/em><\/td>\n<td width=\"67\"><em>60%<\/em><\/td>\n<\/tr>\n<tr>\n<td width=\"296\"><strong>Alg\u00e8bre 2<\/strong><\/td>\n<td width=\"68\"><em><strong>2<\/strong><\/em><\/td>\n<td width=\"75\"><em><strong>4<\/strong><\/em><\/td>\n<td width=\"86\"><em>40%<\/em><\/td>\n<td width=\"67\"><em>60%<\/em><\/td>\n<\/tr>\n<tr>\n<td width=\"296\"><em><strong>Unit\u00e9 d&rsquo;enseignement fondamentale 2<\/strong><\/em><\/td>\n<td width=\"68\"><strong>6<\/strong><\/td>\n<td width=\"75\"><strong>10<\/strong><\/td>\n<td colspan=\"2\" width=\"153\"><strong>&nbsp;<\/strong><\/td>\n<\/tr>\n<tr>\n<td width=\"296\"><strong>Algorithmes et structures de donn\u00e9es 2<\/strong><\/td>\n<td width=\"68\"><em><strong>4<\/strong><\/em><\/td>\n<td width=\"75\"><em><strong>6<\/strong><\/em><\/td>\n<td width=\"86\"><em>40%<\/em><\/td>\n<td width=\"67\"><em>60%<\/em><\/td>\n<\/tr>\n<tr>\n<td width=\"296\"><strong>Structure de la machine 2<\/strong><\/td>\n<td width=\"68\"><em><strong>2<\/strong><\/em><\/td>\n<td width=\"75\"><em><strong>4<\/strong><\/em><\/td>\n<td width=\"86\"><em>40%<\/em><\/td>\n<td width=\"67\"><em>60%<\/em><\/td>\n<\/tr>\n<tr>\n<td width=\"296\"><em><strong>Unit\u00e9 d&rsquo;enseignement <\/strong><\/em><em><strong>m\u00e9thodologique<\/strong><\/em><\/td>\n<td width=\"68\"><strong>4<\/strong><\/td>\n<td width=\"75\"><strong>7<\/strong><\/td>\n<td colspan=\"2\" width=\"153\"><strong>&nbsp;<\/strong><\/td>\n<\/tr>\n<tr>\n<td width=\"296\"><strong>Introduction \u00e0 la probabilit\u00e9 et aux statistiques descriptives<\/strong><\/td>\n<td width=\"68\"><em><strong>2<\/strong><\/em><\/td>\n<td width=\"75\"><em><strong>3<\/strong><\/em><\/td>\n<td width=\"86\"><em>40%<\/em><\/td>\n<td width=\"67\"><em>60%<\/em><\/td>\n<\/tr>\n<tr>\n<td width=\"296\"><strong>Technologies de l&rsquo;information et de la communication<\/strong><\/td>\n<td width=\"68\"><em><strong>1<\/strong><\/em><\/td>\n<td width=\"75\"><em><strong>2<\/strong><\/em><\/td>\n<td width=\"86\"><em>&#8211;<\/em><\/td>\n<td width=\"67\"><em>100%<\/em><\/td>\n<\/tr>\n<tr>\n<td width=\"296\"><strong>Outils de programmation pour les math\u00e9matiques<\/strong><\/td>\n<td width=\"68\"><em><strong>1<\/strong><\/em><\/td>\n<td width=\"75\"><em><strong>2<\/strong><\/em><\/td>\n<td width=\"86\"><em>40%<\/em><\/td>\n<td width=\"67\"><em>60%<\/em><\/td>\n<\/tr>\n<tr>\n<td width=\"296\"><em><strong>Unit\u00e9 d&rsquo;enseignement transversale<\/strong><\/em><\/td>\n<td width=\"68\"><strong>2<\/strong><\/td>\n<td width=\"75\"><strong>3<\/strong><\/td>\n<td colspan=\"2\" width=\"153\"><strong>&nbsp;<\/strong><\/td>\n<\/tr>\n<tr>\n<td width=\"296\"><strong>Physique 2 (\u00c9lectricit\u00e9 g\u00e9n\u00e9rale)<\/strong><\/td>\n<td width=\"68\"><em><strong>2<\/strong><\/em><\/td>\n<td width=\"75\"><em><strong>3<\/strong><\/em><\/td>\n<td width=\"86\"><em>40%<\/em><\/td>\n<td width=\"67\"><em>60%<\/em><\/td>\n<\/tr>\n<\/tbody>\n<\/table>\n\n\n\n<ul class=\"wp-block-list\">\n<li><strong>Semestre 3<\/strong><\/li>\n<\/ul>\n\n\n\n<table>\n<tbody>\n<tr>\n<td rowspan=\"2\" width=\"296\"><strong>Unit\u00e9s d&rsquo;enseignement<\/strong><\/td>\n<td rowspan=\"2\" width=\"68\"><strong>Coeff<\/strong><\/td>\n<td rowspan=\"2\" width=\"75\"><strong>Cr\u00e9dits<\/strong><\/td>\n<td colspan=\"2\" width=\"153\"><strong>Mode d&rsquo;\u00e9valuation<\/strong><\/td>\n<\/tr>\n<tr>\n<td width=\"86\"><strong>Continue<\/strong><\/td>\n<td width=\"67\"><strong>Examen<\/strong><\/td>\n<\/tr>\n<tr>\n<td width=\"296\"><em><strong>Unit\u00e9 d&rsquo;enseignement fondamentale 1<\/strong><\/em><\/td>\n<td width=\"68\"><strong>6<\/strong><\/td>\n<td width=\"75\"><strong>11<\/strong><\/td>\n<td colspan=\"2\" width=\"153\"><strong>&nbsp;<\/strong><\/td>\n<\/tr>\n<tr>\n<td width=\"296\"><strong>Architectures des ordinateurs<\/strong><\/td>\n<td width=\"68\"><em><strong>3<\/strong><\/em><\/td>\n<td width=\"75\"><em><strong>5<\/strong><\/em><\/td>\n<td width=\"86\"><em>40%<\/em><\/td>\n<td width=\"67\"><em>60%<\/em><\/td>\n<\/tr>\n<tr>\n<td width=\"296\"><strong>Algorithmes et structures de donn\u00e9es 3<\/strong><\/td>\n<td width=\"68\"><em><strong>3<\/strong><\/em><\/td>\n<td width=\"75\"><em><strong>6<\/strong><\/em><\/td>\n<td width=\"86\"><em>40%<\/em><\/td>\n<td width=\"67\"><em>60%<\/em><\/td>\n<\/tr>\n<tr>\n<td width=\"296\"><em><strong>Unit\u00e9 d&rsquo;enseignement fondamentale 2<\/strong><\/em><\/td>\n<td width=\"68\"><strong>5<\/strong><\/td>\n<td width=\"75\"><strong>9<\/strong><\/td>\n<td colspan=\"2\" width=\"153\"><strong>&nbsp;<\/strong><\/td>\n<\/tr>\n<tr>\n<td width=\"296\"><strong>Syst\u00e8mes d&rsquo;information<\/strong><\/td>\n<td width=\"68\"><em><strong>3<\/strong><\/em><\/td>\n<td width=\"75\"><em><strong>5<\/strong><\/em><\/td>\n<td width=\"86\"><em>40%<\/em><\/td>\n<td width=\"67\"><em>60%<\/em><\/td>\n<\/tr>\n<tr>\n<td width=\"296\"><strong>Th\u00e9orie des graphes<\/strong><\/td>\n<td width=\"68\"><em><strong>2<\/strong><\/em><\/td>\n<td width=\"75\"><em><strong>4<\/strong><\/em><\/td>\n<td width=\"86\"><em>40%<\/em><\/td>\n<td width=\"67\"><em>60%<\/em><\/td>\n<\/tr>\n<tr>\n<td width=\"296\"><em><strong>Unit\u00e9 d&rsquo;enseignement <\/strong><\/em><em><strong>m\u00e9thodologique<\/strong><\/em><\/td>\n<td width=\"68\"><strong>4<\/strong><\/td>\n<td width=\"75\"><strong>8<\/strong><\/td>\n<td colspan=\"2\" width=\"153\"><strong>&nbsp;<\/strong><\/td>\n<\/tr>\n<tr>\n<td width=\"296\"><strong>M\u00e9thodes num\u00e9riques<\/strong><\/td>\n<td width=\"68\"><em><strong>2<\/strong><\/em><\/td>\n<td width=\"75\"><em><strong>4<\/strong><\/em><\/td>\n<td width=\"86\"><em>40%<\/em><\/td>\n<td width=\"67\"><em>60%<\/em><\/td>\n<\/tr>\n<tr>\n<td width=\"296\"><strong>Logique math\u00e9matique<\/strong><\/td>\n<td width=\"68\"><em><strong>2<\/strong><\/em><\/td>\n<td width=\"75\"><em><strong>4<\/strong><\/em><\/td>\n<td width=\"86\"><em>40%<\/em><\/td>\n<td width=\"67\"><em>60%<\/em><\/td>\n<\/tr>\n<tr>\n<td width=\"296\"><em><strong>Unit\u00e9 d&rsquo;enseignement transversale<\/strong><\/em><\/td>\n<td width=\"68\"><strong>1<\/strong><\/td>\n<td width=\"75\"><strong>2<\/strong><\/td>\n<td colspan=\"2\" width=\"153\"><strong>&nbsp;<\/strong><\/td>\n<\/tr>\n<tr>\n<td width=\"296\"><strong>Langue \u00e9trang\u00e8re <\/strong><strong>2<\/strong><\/td>\n<td width=\"68\"><em><strong>1<\/strong><\/em><\/td>\n<td width=\"75\"><em><strong>2<\/strong><\/em><\/td>\n<td width=\"86\"><em>&#8211;<\/em><\/td>\n<td width=\"67\"><em>100%<\/em><\/td>\n<\/tr>\n<\/tbody>\n<\/table>\n\n\n\n<ul class=\"wp-block-list\">\n<li><strong>Semestre 4<\/strong><\/li>\n<\/ul>\n\n\n\n<table>\n<tbody>\n<tr>\n<td rowspan=\"2\" width=\"296\"><strong>Unit\u00e9s d&rsquo;enseignement<\/strong><\/td>\n<td rowspan=\"2\" width=\"68\"><strong>Coeff<\/strong><\/td>\n<td rowspan=\"2\" width=\"75\"><strong>Cr\u00e9dits<\/strong><\/td>\n<td colspan=\"2\" width=\"153\"><strong>Mode d&rsquo;\u00e9valuation<\/strong><\/td>\n<\/tr>\n<tr>\n<td width=\"86\"><strong>Continue<\/strong><\/td>\n<td width=\"67\"><strong>Examen<\/strong><\/td>\n<\/tr>\n<tr>\n<td width=\"296\"><em><strong>Unit\u00e9 d&rsquo;enseignement fondamentale 1<\/strong><\/em><\/td>\n<td width=\"68\"><strong>5<\/strong><\/td>\n<td width=\"75\"><strong>10<\/strong><\/td>\n<td colspan=\"2\" width=\"153\"><strong>&nbsp;<\/strong><\/td>\n<\/tr>\n<tr>\n<td width=\"296\"><strong>Th\u00e9orie du langage<\/strong><\/td>\n<td width=\"68\"><em><strong>2<\/strong><\/em><\/td>\n<td width=\"75\"><em><strong>5<\/strong><\/em><\/td>\n<td width=\"86\"><em>40%<\/em><\/td>\n<td width=\"67\"><em>60%<\/em><\/td>\n<\/tr>\n<tr>\n<td width=\"296\"><strong>Syst\u00e8me d&rsquo;exploitation 1<\/strong><\/td>\n<td width=\"68\"><em><strong>3<\/strong><\/em><\/td>\n<td width=\"75\"><em><strong>5<\/strong><\/em><\/td>\n<td width=\"86\"><em>40%<\/em><\/td>\n<td width=\"67\"><em>60%<\/em><\/td>\n<\/tr>\n<tr>\n<td width=\"296\"><em><strong>Unit\u00e9 d&rsquo;enseignement fondamentale 2<\/strong><\/em><\/td>\n<td width=\"68\"><strong>6<\/strong><\/td>\n<td width=\"75\"><strong>10<\/strong><\/td>\n<td colspan=\"2\" width=\"153\"><strong>&nbsp;<\/strong><\/td>\n<\/tr>\n<tr>\n<td width=\"296\"><strong>Bases de donn\u00e9es<\/strong><\/td>\n<td width=\"68\"><em><strong>3<\/strong><\/em><\/td>\n<td width=\"75\"><em><strong>5<\/strong><\/em><\/td>\n<td width=\"86\"><em>40%<\/em><\/td>\n<td width=\"67\"><em>60%<\/em><\/td>\n<\/tr>\n<tr>\n<td width=\"296\"><strong>R\u00e9seaux<\/strong><\/td>\n<td width=\"68\"><em><strong>3<\/strong><\/em><\/td>\n<td width=\"75\"><em><strong>5<\/strong><\/em><\/td>\n<td width=\"86\"><em>40%<\/em><\/td>\n<td width=\"67\"><em>60%<\/em><\/td>\n<\/tr>\n<tr>\n<td width=\"296\"><em><strong>Unit\u00e9 d&rsquo;enseignement <\/strong><\/em><em><strong>m\u00e9thodologique<\/strong><\/em><\/td>\n<td width=\"68\"><strong>4<\/strong><\/td>\n<td width=\"75\"><strong>8<\/strong><\/td>\n<td colspan=\"2\" width=\"153\"><strong>&nbsp;<\/strong><\/td>\n<\/tr>\n<tr>\n<td width=\"296\"><strong>Programmation orient\u00e9e objet<\/strong><\/td>\n<td width=\"68\"><em><strong>2<\/strong><\/em><\/td>\n<td width=\"75\"><em><strong>4<\/strong><\/em><\/td>\n<td width=\"86\"><em>40%<\/em><\/td>\n<td width=\"67\"><em>60%<\/em><\/td>\n<\/tr>\n<tr>\n<td width=\"296\"><strong>D\u00e9veloppement d&rsquo;applications web<\/strong><\/td>\n<td width=\"68\"><em><strong>2<\/strong><\/em><\/td>\n<td width=\"75\"><em><strong>4<\/strong><\/em><\/td>\n<td width=\"86\"><em>40%<\/em><\/td>\n<td width=\"67\"><em>60%<\/em><\/td>\n<\/tr>\n<tr>\n<td width=\"296\"><em><strong>Unit\u00e9 d&rsquo;enseignement transversale<\/strong><\/em><\/td>\n<td width=\"68\"><strong>1<\/strong><\/td>\n<td width=\"75\"><strong>2<\/strong><\/td>\n<td colspan=\"2\" width=\"153\"><strong>&nbsp;<\/strong><\/td>\n<\/tr>\n<tr>\n<td width=\"296\"><strong>Langue \u00e9trang\u00e8re <\/strong><strong>3<\/strong><\/td>\n<td width=\"68\"><em><strong>1<\/strong><\/em><\/td>\n<td width=\"75\"><em><strong>2<\/strong><\/em><\/td>\n<td width=\"86\"><em>&#8211;<\/em><\/td>\n<td width=\"67\"><em>100%<\/em><\/td>\n<\/tr>\n<\/tbody>\n<\/table>\n\n\n\n<ul class=\"wp-block-list\">\n<li><strong>Semestre 5<\/strong><\/li>\n<\/ul>\n\n\n\n<table>\n<tbody>\n<tr>\n<td rowspan=\"2\" width=\"296\"><strong>Unit\u00e9s d&rsquo;enseignement<\/strong><\/td>\n<td rowspan=\"2\" width=\"68\"><strong>Coeff<\/strong><\/td>\n<td rowspan=\"2\" width=\"75\"><strong>Cr\u00e9dits<\/strong><\/td>\n<td colspan=\"2\" width=\"153\"><strong>Mode d&rsquo;\u00e9valuation<\/strong><\/td>\n<\/tr>\n<tr>\n<td width=\"86\"><strong>Continue<\/strong><\/td>\n<td width=\"67\"><strong>Examen<\/strong><\/td>\n<\/tr>\n<tr>\n<td width=\"296\"><em><strong>Unit\u00e9 d&rsquo;enseignement fondamentale 1<\/strong><\/em><\/td>\n<td width=\"68\"><strong>6<\/strong><\/td>\n<td width=\"75\"><strong>10<\/strong><\/td>\n<td colspan=\"2\" width=\"153\"><strong>&nbsp;<\/strong><\/td>\n<\/tr>\n<tr>\n<td width=\"296\"><strong>Syst\u00e8mes d&rsquo;exploitation 2<\/strong><\/td>\n<td width=\"68\"><em><strong>3<\/strong><\/em><\/td>\n<td width=\"75\"><em><strong>5<\/strong><\/em><\/td>\n<td width=\"86\"><em>40%<\/em><\/td>\n<td width=\"67\"><em>60%<\/em><\/td>\n<\/tr>\n<tr>\n<td width=\"296\"><strong>Compilation<\/strong><\/td>\n<td width=\"68\"><em><strong>3<\/strong><\/em><\/td>\n<td width=\"75\"><em><strong>5<\/strong><\/em><\/td>\n<td width=\"86\"><em>40%<\/em><\/td>\n<td width=\"67\"><em>60%<\/em><\/td>\n<\/tr>\n<tr>\n<td width=\"296\"><em><strong>Unit\u00e9 d&rsquo;enseignement fondamentale 2<\/strong><\/em><\/td>\n<td width=\"68\"><strong>6<\/strong><\/td>\n<td width=\"75\"><strong>10<\/strong><\/td>\n<td colspan=\"2\" width=\"153\"><strong>&nbsp;<\/strong><\/td>\n<\/tr>\n<tr>\n<td width=\"296\"><strong>G\u00e9nie logiciel<\/strong><\/td>\n<td width=\"68\"><em><strong>4<\/strong><\/em><\/td>\n<td width=\"75\"><em><strong>6<\/strong><\/em><\/td>\n<td width=\"86\"><em>40%<\/em><\/td>\n<td width=\"67\"><em>60%<\/em><\/td>\n<\/tr>\n<tr>\n<td width=\"296\"><strong>Interface homme-machine<\/strong><\/td>\n<td width=\"68\"><em><strong>2<\/strong><\/em><\/td>\n<td width=\"75\"><em><strong>4<\/strong><\/em><\/td>\n<td width=\"86\"><em>40%<\/em><\/td>\n<td width=\"67\"><em>60%<\/em><\/td>\n<\/tr>\n<tr>\n<td width=\"296\"><em><strong>Unit\u00e9 d&rsquo;enseignement <\/strong><\/em><em><strong>m\u00e9thodologique<\/strong><\/em><\/td>\n<td width=\"68\"><strong>4<\/strong><\/td>\n<td width=\"75\"><strong>8<\/strong><\/td>\n<td colspan=\"2\" width=\"153\"><strong>&nbsp;<\/strong><\/td>\n<\/tr>\n<tr>\n<td width=\"296\"><strong>Programmation Lin\u00e9aire<\/strong><\/td>\n<td width=\"68\"><em><strong>2<\/strong><\/em><\/td>\n<td width=\"75\"><em><strong>4<\/strong><\/em><\/td>\n<td width=\"86\"><em>40%<\/em><\/td>\n<td width=\"67\"><em>60%<\/em><\/td>\n<\/tr>\n<tr>\n<td width=\"296\"><strong>Probabilit\u00e9s et Statistique<\/strong><\/td>\n<td width=\"68\"><em><strong>2<\/strong><\/em><\/td>\n<td width=\"75\"><em><strong>4<\/strong><\/em><\/td>\n<td width=\"86\"><em>40%<\/em><\/td>\n<td width=\"67\"><em>60%<\/em><\/td>\n<\/tr>\n<tr>\n<td width=\"296\"><em><strong>Unit\u00e9 d&rsquo;enseignement transversale<\/strong><\/em><\/td>\n<td width=\"68\"><strong>1<\/strong><\/td>\n<td width=\"75\"><strong>2<\/strong><\/td>\n<td colspan=\"2\" width=\"153\"><strong>&nbsp;<\/strong><\/td>\n<\/tr>\n<tr>\n<td width=\"296\"><strong>Economie num\u00e9rique et veille strat\u00e9gique<\/strong><\/td>\n<td width=\"68\"><em><strong>1<\/strong><\/em><\/td>\n<td width=\"75\"><em><strong>2<\/strong><\/em><\/td>\n<td width=\"86\"><em>100%<\/em><\/td>\n<td width=\"67\"><em>&#8211;<\/em><\/td>\n<\/tr>\n<\/tbody>\n<\/table>\n\n\n\n<ul class=\"wp-block-list\">\n<li><strong>Semestre 6<\/strong><\/li>\n<\/ul>\n\n\n\n<table>\n<tbody>\n<tr>\n<td rowspan=\"2\" width=\"296\"><strong>Unit\u00e9s d&rsquo;enseignement<\/strong><\/td>\n<td rowspan=\"2\" width=\"68\"><strong>Coeff<\/strong><\/td>\n<td rowspan=\"2\" width=\"75\"><strong>Cr\u00e9dits<\/strong><\/td>\n<td colspan=\"2\" width=\"153\"><strong>Mode d&rsquo;\u00e9valuation<\/strong><\/td>\n<\/tr>\n<tr>\n<td width=\"86\"><strong>Continue<\/strong><\/td>\n<td width=\"67\"><strong>Examen<\/strong><\/td>\n<\/tr>\n<tr>\n<td width=\"296\"><em><strong>Unit\u00e9 d&rsquo;enseignement fondamentale 1<\/strong><\/em><\/td>\n<td width=\"68\"><strong>6<\/strong><\/td>\n<td width=\"75\"><strong>10<\/strong><\/td>\n<td colspan=\"2\" width=\"153\"><strong>&nbsp;<\/strong><\/td>\n<\/tr>\n<tr>\n<td width=\"296\"><strong>Applications Mobiles<\/strong><\/td>\n<td width=\"68\"><em><strong>3<\/strong><\/em><\/td>\n<td width=\"75\"><em><strong>5<\/strong><\/em><\/td>\n<td width=\"86\"><em>40%<\/em><\/td>\n<td width=\"67\"><em>60%<\/em><\/td>\n<\/tr>\n<tr>\n<td width=\"296\"><strong>S\u00e9curit\u00e9 informatique<\/strong><\/td>\n<td width=\"68\"><em><strong>3<\/strong><\/em><\/td>\n<td width=\"75\"><em><strong>5<\/strong><\/em><\/td>\n<td width=\"86\"><em>40%<\/em><\/td>\n<td width=\"67\"><em>60%<\/em><\/td>\n<\/tr>\n<tr>\n<td width=\"296\"><em><strong>Unit\u00e9 d&rsquo;enseignement fondamentale 2<\/strong><\/em><\/td>\n<td width=\"68\"><strong>6<\/strong><\/td>\n<td width=\"75\"><strong>10<\/strong><\/td>\n<td colspan=\"2\" width=\"153\"><strong>&nbsp;<\/strong><\/td>\n<\/tr>\n<tr>\n<td width=\"296\"><strong>Intelligence Artificielle<\/strong><\/td>\n<td width=\"68\"><em><strong>3<\/strong><\/em><\/td>\n<td width=\"75\"><em><strong>5<\/strong><\/em><\/td>\n<td width=\"86\"><em>40%<\/em><\/td>\n<td width=\"67\"><em>60%<\/em><\/td>\n<\/tr>\n<tr>\n<td width=\"296\"><strong>Donn\u00e9es semi-structur\u00e9es<\/strong><\/td>\n<td width=\"68\"><em><strong>3<\/strong><\/em><\/td>\n<td width=\"75\"><em><strong>5<\/strong><\/em><\/td>\n<td width=\"86\"><em>40%<\/em><\/td>\n<td width=\"67\"><em>60%<\/em><\/td>\n<\/tr>\n<tr>\n<td width=\"296\"><em><strong>Unit\u00e9 d&rsquo;enseignement <\/strong><\/em><em><strong>m\u00e9thodologique<\/strong><\/em><\/td>\n<td width=\"68\"><strong>4<\/strong><\/td>\n<td width=\"75\"><strong>8<\/strong><\/td>\n<td colspan=\"2\" width=\"153\"><strong>&nbsp;<\/strong><\/td>\n<\/tr>\n<tr>\n<td width=\"296\"><strong>Projet<\/strong><\/td>\n<td width=\"68\"><em><strong>3<\/strong><\/em><\/td>\n<td width=\"75\"><em><strong>6<\/strong><\/em><\/td>\n<td width=\"86\"><em>&#8211;<\/em><\/td>\n<td width=\"67\"><em>100%<\/em><\/td>\n<\/tr>\n<tr>\n<td width=\"296\"><strong>R\u00e9daction scientifique<\/strong><\/td>\n<td width=\"68\"><em><strong>1<\/strong><\/em><\/td>\n<td width=\"75\"><em><strong>2<\/strong><\/em><\/td>\n<td width=\"86\"><em>100%<\/em><\/td>\n<td width=\"67\"><em>&#8211;<\/em><\/td>\n<\/tr>\n<tr>\n<td width=\"296\"><em><strong>Unit\u00e9 d&rsquo;enseignement transversale<\/strong><\/em><\/td>\n<td width=\"68\"><strong>1<\/strong><\/td>\n<td width=\"75\"><strong>2<\/strong><\/td>\n<td colspan=\"2\" width=\"153\"><strong>&nbsp;<\/strong><\/td>\n<\/tr>\n<tr>\n<td width=\"296\"><strong>Cr\u00e9er et d\u00e9velopper une <\/strong><strong>startup<\/strong><\/td>\n<td width=\"68\"><em><strong>1<\/strong><\/em><\/td>\n<td width=\"75\"><em><strong>2<\/strong><\/em><\/td>\n<td width=\"86\"><em>&#8211;<\/em><\/td>\n<td width=\"67\"><em>100%<\/em><\/td>\n<\/tr>\n<\/tbody>\n<\/table>\n","protected":false},"excerpt":{"rendered":"<p>D\u00e9partement de Math\u00e9matiques et d&rsquo;Informatique Nom du programme : Licence en Syst\u00e8mes Informatique (SI) Niveau : Licence Domaine : Math\u00e9matiques et Informatique Fili\u00e8re : Informatique Sp\u00e9cialit\u00e9 : Syst\u00e8mes Informatique Description du programme : Le programme de licence en Syst\u00e8mes Informatique s&rsquo;\u00e9tend sur une dur\u00e9e de 3 ans et qui offre aux \u00e9tudiants une solide formation &hellip;<\/p>\n","protected":false},"author":1,"featured_media":0,"parent":0,"menu_order":0,"comment_status":"closed","ping_status":"closed","template":"","meta":{"footnotes":""},"class_list":["post-6831","page","type-page","status-publish","hentry"],"_links":{"self":[{"href":"https:\/\/www.univ-oeb.dz\/fsesnv\/wp-json\/wp\/v2\/pages\/6831","targetHints":{"allow":["GET"]}}],"collection":[{"href":"https:\/\/www.univ-oeb.dz\/fsesnv\/wp-json\/wp\/v2\/pages"}],"about":[{"href":"https:\/\/www.univ-oeb.dz\/fsesnv\/wp-json\/wp\/v2\/types\/page"}],"author":[{"embeddable":true,"href":"https:\/\/www.univ-oeb.dz\/fsesnv\/wp-json\/wp\/v2\/users\/1"}],"replies":[{"embeddable":true,"href":"https:\/\/www.univ-oeb.dz\/fsesnv\/wp-json\/wp\/v2\/comments?post=6831"}],"version-history":[{"count":0,"href":"https:\/\/www.univ-oeb.dz\/fsesnv\/wp-json\/wp\/v2\/pages\/6831\/revisions"}],"wp:attachment":[{"href":"https:\/\/www.univ-oeb.dz\/fsesnv\/wp-json\/wp\/v2\/media?parent=6831"}],"curies":[{"name":"wp","href":"https:\/\/api.w.org\/{rel}","templated":true}]}}