{"id":6820,"date":"2023-05-21T09:56:16","date_gmt":"2023-05-21T08:56:16","guid":{"rendered":"http:\/\/www.univ-oeb.dz\/fsesnv\/?page_id=6820"},"modified":"2023-05-21T11:03:42","modified_gmt":"2023-05-21T10:03:42","slug":"nom-du-program-licence-en-mathematiques","status":"publish","type":"page","link":"https:\/\/www.univ-oeb.dz\/fsesnv\/nom-du-program-licence-en-mathematiques\/","title":{"rendered":"Nom du Program Licence en math\u00e9matiques"},"content":{"rendered":"\n<h1 class=\"has-medium-font-size wp-block-heading\">D\u00e9partement de Math\u00e9matiques et Informatique<\/h1>\n\n\n\n<p><strong>&nbsp;Fili\u00e8re: Math\u00e9matiques<\/strong><\/p>\n\n\n\n<p class=\"has-text-align-center has-pale-cyan-blue-background-color has-background\"><strong>Titre de l\u2019offre de formation: Licence en math\u00e9matiques<\/strong><strong><\/strong><\/p>\n\n\n\n<pre class=\"wp-block-preformatted\">\u00b7&nbsp;&nbsp;&nbsp;&nbsp;&nbsp; <strong>Niveau : <\/strong>Licence<\/pre>\n\n\n\n<ul class=\"wp-block-list\">\n<li><strong>Domaine: <\/strong>Math\u00e9matiques et Informatique<\/li>\n\n\n\n<li><strong>Fili\u00e8re:<\/strong> Math\u00e9matiques<\/li>\n\n\n\n<li><strong>Sp\u00e9cialit\u00e9: <\/strong>Math\u00e9matiques<\/li>\n<\/ul>\n\n\n\n<pre class=\"wp-block-preformatted\">\u00b7&nbsp;&nbsp;&nbsp;&nbsp;&nbsp; <strong>Description de l'offre de formation (objectifs)<\/strong><\/pre>\n\n\n\n<pre class=\"wp-block-preformatted\">La licence de math\u00e9matiques est une &nbsp;formation de 3 ans, qui vise \u00e0 fournir \u00e0 l\u2019\u00e9tudiant des connaissances et des comp\u00e9tences vari\u00e9es dans le domaine des math\u00e9matiques, afin qu'il puisse les r\u00e9investir dans diff\u00e9rents domaines. C'est une \u00e9tape essentielle et n\u00e9cessaire pour les \u00e9tudiants qui se dirigent &nbsp;vers l'enseignement, la recherche scientifique ou d'autres domaines.<\/pre>\n\n\n\n<pre class=\"wp-block-preformatted\"><strong> <\/strong><strong>Exigences de la formation&nbsp;:<\/strong><\/pre>\n\n\n\n<pre class=\"wp-block-preformatted\">-&nbsp;&nbsp;&nbsp;&nbsp;&nbsp;&nbsp;&nbsp;&nbsp;&nbsp;&nbsp;&nbsp;&nbsp;&nbsp;&nbsp;&nbsp;&nbsp; Baccalaur\u00e9at ou dipl\u00f4me \u00e9quivalent.<\/pre>\n\n\n\n<pre class=\"wp-block-preformatted\"><strong>&nbsp;<\/strong><strong>Unit\u00e9s de programme et modules<\/strong><strong><\/strong><\/pre>\n\n\n\n<ul class=\"wp-block-list\">\n<li><strong>Semester 1<\/strong><\/li>\n<\/ul>\n\n\n\n<table>\n<tbody>\n<tr>\n<td rowspan=\"2\" width=\"296\"><strong>Unit\u00e9 d\u2019Enseignement<\/strong><\/td>\n<td rowspan=\"2\" width=\"68\"><strong>Coeff<\/strong><\/td>\n<td rowspan=\"2\" width=\"75\"><strong>Cr\u00e9dits<\/strong><\/td>\n<td colspan=\"2\" width=\"153\"><strong>Mode d&rsquo;\u00e9valuation<\/strong><\/td>\n<\/tr>\n<tr>\n<td width=\"86\"><strong>Continu<\/strong><\/td>\n<td width=\"67\"><strong>Examen<\/strong><\/td>\n<\/tr>\n<tr>\n<td width=\"296\"><strong>Unit\u00e9 d\u2019Enseignement Fondamentales 1<\/strong><\/td>\n<td width=\"68\"><strong>7<\/strong><\/td>\n<td width=\"75\"><strong>11<\/strong><\/td>\n<td colspan=\"2\" width=\"153\"><strong>&nbsp;<\/strong><\/td>\n<\/tr>\n<tr>\n<td width=\"296\"><strong>Analyse 1<\/strong><\/td>\n<td width=\"68\"><em><strong>4<\/strong><\/em><\/td>\n<td width=\"75\"><em><strong>6<\/strong><\/em><\/td>\n<td width=\"86\"><em>40%<\/em><\/td>\n<td width=\"67\"><em>60%<\/em><\/td>\n<\/tr>\n<tr>\n<td width=\"296\"><strong>Alg\u00e8bre 1<\/strong><\/td>\n<td width=\"68\"><em><strong>3<\/strong><\/em><\/td>\n<td width=\"75\"><em><strong>5<\/strong><\/em><\/td>\n<td width=\"86\"><em>40%<\/em><\/td>\n<td width=\"67\"><em>60%<\/em><\/td>\n<\/tr>\n<tr>\n<td width=\"296\"><strong>Unit\u00e9 d\u2019Enseignement Fondamentales 2<\/strong><\/td>\n<td width=\"68\"><strong>7<\/strong><\/td>\n<td width=\"75\"><strong>11<\/strong><\/td>\n<td colspan=\"2\" width=\"153\"><strong>&nbsp;<\/strong><\/td>\n<\/tr>\n<tr>\n<td width=\"296\"><strong>Algorithmique et structure de donn\u00e9es 1<\/strong><\/td>\n<td width=\"68\"><em><strong>4<\/strong><\/em><\/td>\n<td width=\"75\"><em><strong>6<\/strong><\/em><\/td>\n<td width=\"86\"><em>40%<\/em><\/td>\n<td width=\"67\"><em>60%<\/em><\/td>\n<\/tr>\n<tr>\n<td width=\"296\"><strong>Structure machine 1<\/strong><\/td>\n<td width=\"68\"><em><strong>3<\/strong><\/em><\/td>\n<td width=\"75\"><em><strong>5<\/strong><\/em><\/td>\n<td width=\"86\"><em>40%<\/em><\/td>\n<td width=\"67\"><em>60%<\/em><\/td>\n<\/tr>\n<tr>\n<td width=\"296\"><strong>Unit\u00e9 d\u2019Enseignement<\/strong> <strong>M\u00e9thodologie<\/strong><\/td>\n<td width=\"68\"><strong>2<\/strong><\/td>\n<td width=\"75\"><strong>4<\/strong><\/td>\n<td colspan=\"2\" width=\"153\"><strong>&nbsp;<\/strong><\/td>\n<\/tr>\n<tr>\n<td width=\"296\"><strong>Terminologie Scientifique et expression<\/strong><\/td>\n<td width=\"68\"><em><strong>1<\/strong><\/em><\/td>\n<td width=\"75\"><em><strong>2<\/strong><\/em><\/td>\n<td width=\"86\"><em>&#8211;<\/em><\/td>\n<td width=\"67\"><em>100%<\/em><\/td>\n<\/tr>\n<tr>\n<td width=\"296\"><strong>Langue Etrang\u00e8re<\/strong> <strong>1<\/strong><\/td>\n<td width=\"68\"><em><strong>1<\/strong><\/em><\/td>\n<td width=\"75\"><em><strong>2<\/strong><\/em><\/td>\n<td width=\"86\"><em>&#8211;<\/em><\/td>\n<td width=\"67\"><em>100%<\/em><\/td>\n<\/tr>\n<tr>\n<td width=\"296\"><strong>Unit\u00e9 d\u2019Enseignement D\u00e9couverte<\/strong><\/td>\n<td width=\"68\"><strong>2<\/strong><\/td>\n<td width=\"75\"><strong>4<\/strong><\/td>\n<td colspan=\"2\" width=\"153\"><strong>&nbsp;<\/strong><\/td>\n<\/tr>\n<tr>\n<td width=\"296\"><strong>Physique 1 &nbsp;(m\u00e9canique des points)<\/strong><\/td>\n<td width=\"68\"><em><strong>2<\/strong><\/em><\/td>\n<td width=\"75\"><em><strong>4<\/strong><\/em><\/td>\n<td width=\"86\"><em>40%<\/em><\/td>\n<td width=\"67\"><em>60%<\/em><\/td>\n<\/tr>\n<\/tbody>\n<\/table>\n\n\n\n<ul class=\"wp-block-list\">\n<li><strong>Semester 2<\/strong><strong><\/strong><\/li>\n<\/ul>\n\n\n\n<table>\n<tbody>\n<tr>\n<td rowspan=\"2\" width=\"307\"><strong>Unit\u00e9 d\u2019Enseignement<\/strong><\/td>\n<td rowspan=\"2\" width=\"57\"><strong>Coeff<\/strong><\/td>\n<td rowspan=\"2\" width=\"75\"><strong>Cr\u00e9dits<\/strong><\/td>\n<td colspan=\"2\" width=\"153\"><strong>Mode d&rsquo;\u00e9valuation<\/strong><\/td>\n<\/tr>\n<tr>\n<td width=\"86\"><strong>Continu<\/strong><\/td>\n<td width=\"67\"><strong>Examen<\/strong><\/td>\n<\/tr>\n<tr>\n<td width=\"307\"><strong>Unit\u00e9 d\u2019Enseignement Fondamentales <\/strong><em><strong>1<\/strong><\/em><\/td>\n<td width=\"57\"><strong>6<\/strong><\/td>\n<td width=\"75\"><strong>10<\/strong><\/td>\n<td colspan=\"2\" width=\"153\"><strong>&nbsp;<\/strong><\/td>\n<\/tr>\n<tr>\n<td width=\"307\"><strong>Analyse 2<\/strong><\/td>\n<td width=\"57\"><em><strong>4<\/strong><\/em><\/td>\n<td width=\"75\"><em><strong>6<\/strong><\/em><\/td>\n<td width=\"86\"><em>40%<\/em><\/td>\n<td width=\"67\"><em>60%<\/em><\/td>\n<\/tr>\n<tr>\n<td width=\"307\"><strong>Alg\u00e8bre 2<\/strong><\/td>\n<td width=\"57\"><em><strong>2<\/strong><\/em><\/td>\n<td width=\"75\"><em><strong>4<\/strong><\/em><\/td>\n<td width=\"86\"><em>40%<\/em><\/td>\n<td width=\"67\"><em>60%<\/em><\/td>\n<\/tr>\n<tr>\n<td width=\"307\"><strong>Unit\u00e9 d\u2019Enseignement Fondamentales 2<\/strong><\/td>\n<td width=\"57\"><strong>6<\/strong><\/td>\n<td width=\"75\"><strong>10<\/strong><\/td>\n<td colspan=\"2\" width=\"153\"><strong>&nbsp;<\/strong><\/td>\n<\/tr>\n<tr>\n<td width=\"307\"><strong>Algorithmique et structure de donn\u00e9es 2<\/strong><\/td>\n<td width=\"57\"><em><strong>4<\/strong><\/em><\/td>\n<td width=\"75\"><em><strong>6<\/strong><\/em><\/td>\n<td width=\"86\"><em>40%<\/em><\/td>\n<td width=\"67\"><em>60%<\/em><\/td>\n<\/tr>\n<tr>\n<td width=\"307\"><strong>Structure machine 2<\/strong><\/td>\n<td width=\"57\"><em><strong>2<\/strong><\/em><\/td>\n<td width=\"75\"><em><strong>4<\/strong><\/em><\/td>\n<td width=\"86\"><em>40%<\/em><\/td>\n<td width=\"67\"><em>60%<\/em><\/td>\n<\/tr>\n<tr>\n<td width=\"307\"><strong>Unit\u00e9 d\u2019Enseignement<\/strong> <strong>M\u00e9thodologie<\/strong><\/td>\n<td width=\"57\"><strong>4<\/strong><\/td>\n<td width=\"75\"><strong>7<\/strong><\/td>\n<td colspan=\"2\" width=\"153\"><strong>&nbsp;<\/strong><\/td>\n<\/tr>\n<tr>\n<td width=\"307\"><strong>Introduction aux probabilit\u00e9s et statistique descriptive<\/strong><\/td>\n<td width=\"57\"><em><strong>2<\/strong><\/em><\/td>\n<td width=\"75\"><em><strong>3<\/strong><\/em><\/td>\n<td width=\"86\"><em>40%<\/em><\/td>\n<td width=\"67\"><em>60%<\/em><\/td>\n<\/tr>\n<tr>\n<td width=\"307\"><strong>Technologie de l&rsquo;Information et de la Communication<\/strong><\/td>\n<td width=\"57\"><em><strong>1<\/strong><\/em><\/td>\n<td width=\"75\"><em><strong>2<\/strong><\/em><\/td>\n<td width=\"86\"><em>&#8211;<\/em><\/td>\n<td width=\"67\"><em>100%<\/em><\/td>\n<\/tr>\n<tr>\n<td width=\"307\"><strong>Outils de programmation pour les math\u00e9matiques<\/strong><\/td>\n<td width=\"57\"><em><strong>1<\/strong><\/em><\/td>\n<td width=\"75\"><em><strong>2<\/strong><\/em><\/td>\n<td width=\"86\"><em>40%<\/em><\/td>\n<td width=\"67\"><em>60%<\/em><\/td>\n<\/tr>\n<tr>\n<td width=\"307\"><strong>Unit\u00e9 d\u2019Enseignement<\/strong> <strong>Transversale<\/strong><\/td>\n<td width=\"57\"><strong>2<\/strong><\/td>\n<td width=\"75\"><strong>3<\/strong><\/td>\n<td colspan=\"2\" width=\"153\"><strong>&nbsp;<\/strong><\/td>\n<\/tr>\n<tr>\n<td width=\"307\"><strong>Physique 2 (Electricit\u00e9 g\u00e9n\u00e9rale)<\/strong><\/td>\n<td width=\"57\"><em><strong>2<\/strong><\/em><\/td>\n<td width=\"75\"><em><strong>3<\/strong><\/em><\/td>\n<td width=\"86\"><em>40%<\/em><\/td>\n<td width=\"67\"><em>60%<\/em><\/td>\n<\/tr>\n<\/tbody>\n<\/table>\n\n\n\n<ul class=\"wp-block-list\">\n<li><strong>Semester 3<\/strong><\/li>\n<\/ul>\n\n\n\n<table>\n<tbody>\n<tr>\n<td rowspan=\"2\" width=\"296\"><strong>Unit\u00e9 d\u2019Enseignement<\/strong><\/td>\n<td rowspan=\"2\" width=\"68\"><strong>Coeff<\/strong><\/td>\n<td rowspan=\"2\" width=\"75\"><strong>Cr\u00e9dits<\/strong><\/td>\n<td colspan=\"2\" width=\"153\"><strong>Mode d&rsquo;\u00e9valuation<\/strong><\/td>\n<\/tr>\n<tr>\n<td width=\"86\"><strong>Continu<\/strong><\/td>\n<td width=\"67\"><strong>Examen<\/strong><\/td>\n<\/tr>\n<tr>\n<td width=\"296\"><strong>Unit\u00e9 d\u2019Enseignement Fondamentales<\/strong><\/td>\n<td width=\"68\"><strong>10<\/strong><\/td>\n<td width=\"75\"><strong>18<\/strong><\/td>\n<td colspan=\"2\" width=\"153\"><strong>&nbsp;<\/strong><\/td>\n<\/tr>\n<tr>\n<td width=\"296\"><strong>Alg\u00e8bre 3<\/strong><\/td>\n<td width=\"68\"><em><strong>3<\/strong><\/em><\/td>\n<td width=\"75\"><em><strong>5<\/strong><\/em><\/td>\n<td width=\"86\"><em>40%<\/em><\/td>\n<td width=\"67\"><em>60%<\/em><\/td>\n<\/tr>\n<tr>\n<td width=\"296\"><strong>Analyse 3<\/strong><\/td>\n<td width=\"68\"><em><strong>4<\/strong><\/em><\/td>\n<td width=\"75\"><em><strong>7<\/strong><\/em><\/td>\n<td width=\"86\"><em>40%<\/em><\/td>\n<td width=\"67\"><em>60%<\/em><\/td>\n<\/tr>\n<tr>\n<td width=\"296\"><strong>Introduction \u00e0 la topologie<\/strong><\/td>\n<td width=\"68\"><em><strong>3<\/strong><\/em><\/td>\n<td width=\"75\"><em><strong>5<\/strong><\/em><\/td>\n<td width=\"86\"><em>40%<\/em><\/td>\n<td width=\"67\"><em>60%<\/em><\/td>\n<\/tr>\n<tr>\n<td width=\"296\"><strong>Unit\u00e9 d\u2019Enseignement<\/strong> <strong>M\u00e9thodologie<\/strong><\/td>\n<td width=\"68\"><strong>6<\/strong><\/td>\n<td width=\"75\"><strong>10<\/strong><\/td>\n<td colspan=\"2\" width=\"153\"><strong>&nbsp;<\/strong><\/td>\n<\/tr>\n<tr>\n<td width=\"296\"><strong>Analyse num\u00e9rique 1<\/strong><\/td>\n<td width=\"68\"><em><strong>3<\/strong><\/em><\/td>\n<td width=\"75\"><em><strong>4<\/strong><\/em><\/td>\n<td width=\"86\"><em>40%<\/em><\/td>\n<td width=\"67\"><em>60%<\/em><\/td>\n<\/tr>\n<tr>\n<td width=\"296\"><strong>Logique Math\u00e9matique<\/strong><\/td>\n<td width=\"68\"><em><strong>2<\/strong><\/em><\/td>\n<td width=\"75\"><em><strong>3<\/strong><\/em><\/td>\n<td width=\"86\"><em>40%<\/em><\/td>\n<td width=\"67\"><em>60%<\/em><\/td>\n<\/tr>\n<tr>\n<td width=\"296\"><strong>Outils de Programmation 2<\/strong><\/td>\n<td width=\"68\"><em><strong>1<\/strong><\/em><\/td>\n<td width=\"75\"><em><strong>3<\/strong><\/em><\/td>\n<td width=\"86\"><em>40%<\/em><\/td>\n<td width=\"67\"><em>60%<\/em><\/td>\n<\/tr>\n<tr>\n<td width=\"296\"><strong>Unit\u00e9 d\u2019Enseignement D\u00e9couverte<\/strong><\/td>\n<td width=\"68\"><strong>1<\/strong><\/td>\n<td width=\"75\"><strong>2<\/strong><\/td>\n<td colspan=\"2\" width=\"153\"><strong>&nbsp;<\/strong><\/td>\n<\/tr>\n<tr>\n<td width=\"296\"><strong>Histoire des Math\u00e9matiques<\/strong><\/td>\n<td width=\"68\"><em><strong>1<\/strong><\/em><\/td>\n<td width=\"75\"><em><strong>2<\/strong><\/em><\/td>\n<td width=\"86\"><em>&#8211;<\/em><\/td>\n<td width=\"67\"><em>100%<\/em><\/td>\n<\/tr>\n<\/tbody>\n<\/table>\n\n\n\n<ul class=\"wp-block-list\">\n<li><strong>Semester 4<\/strong><\/li>\n<\/ul>\n\n\n\n<table>\n<tbody>\n<tr>\n<td rowspan=\"2\" width=\"296\"><strong>Unit\u00e9 d\u2019Enseignement<\/strong><\/td>\n<td rowspan=\"2\" width=\"68\"><strong>Coeff<\/strong><\/td>\n<td rowspan=\"2\" width=\"75\"><strong>Cr\u00e9dits<\/strong><\/td>\n<td colspan=\"2\" width=\"153\"><strong>Mode d&rsquo;\u00e9valuation<\/strong><\/td>\n<\/tr>\n<tr>\n<td width=\"86\"><strong>Continu<\/strong><\/td>\n<td width=\"67\"><strong>Examen<\/strong><\/td>\n<\/tr>\n<tr>\n<td width=\"296\"><strong>Unit\u00e9 d\u2019Enseignement Fondamentales<\/strong><\/td>\n<td width=\"68\"><strong>10<\/strong><\/td>\n<td width=\"75\"><strong>18<\/strong><\/td>\n<td colspan=\"2\" width=\"153\"><strong>&nbsp;<\/strong><\/td>\n<\/tr>\n<tr>\n<td width=\"296\"><strong>Alg\u00e8bre 4<\/strong><\/td>\n<td width=\"68\"><em><strong>3<\/strong><\/em><\/td>\n<td width=\"75\"><em><strong>5<\/strong><\/em><\/td>\n<td width=\"86\"><em>40%<\/em><\/td>\n<td width=\"67\"><em>60%<\/em><\/td>\n<\/tr>\n<tr>\n<td width=\"296\"><strong>Analyse 4<\/strong><\/td>\n<td width=\"68\"><em><strong>4<\/strong><\/em><\/td>\n<td width=\"75\"><em><strong>7<\/strong><\/em><\/td>\n<td width=\"86\"><em>40%<\/em><\/td>\n<td width=\"67\"><em>60%<\/em><\/td>\n<\/tr>\n<tr>\n<td width=\"296\"><strong>Analyse complexe<\/strong><\/td>\n<td width=\"68\"><em><strong>3<\/strong><\/em><\/td>\n<td width=\"75\"><em><strong>6<\/strong><\/em><\/td>\n<td width=\"86\"><em>40%<\/em><\/td>\n<td width=\"67\"><em>60%<\/em><\/td>\n<\/tr>\n<tr>\n<td width=\"296\"><strong>Unit\u00e9 d\u2019Enseignement<\/strong> <strong>M\u00e9thodologie<\/strong><\/td>\n<td width=\"68\"><strong>6<\/strong><\/td>\n<td width=\"75\"><strong>10<\/strong><\/td>\n<td colspan=\"2\" width=\"153\"><strong>&nbsp;<\/strong><\/td>\n<\/tr>\n<tr>\n<td width=\"296\"><strong>Analyse num\u00e9rique 2<\/strong><\/td>\n<td width=\"68\"><em><strong>2<\/strong><\/em><\/td>\n<td width=\"75\"><em><strong>4<\/strong><\/em><\/td>\n<td width=\"86\"><em>40%<\/em><\/td>\n<td width=\"67\"><em>60%<\/em><\/td>\n<\/tr>\n<tr>\n<td width=\"296\"><strong>Probabilit\u00e9s<\/strong><\/td>\n<td width=\"68\"><em><strong>2<\/strong><\/em><\/td>\n<td width=\"75\"><em><strong>3<\/strong><\/em><\/td>\n<td width=\"86\"><em>40%<\/em><\/td>\n<td width=\"67\"><em>60%<\/em><\/td>\n<\/tr>\n<tr>\n<td width=\"296\"><strong>G\u00e9om\u00e9trie<\/strong><\/td>\n<td width=\"68\"><em><strong>2<\/strong><\/em><\/td>\n<td width=\"75\"><em><strong>3<\/strong><\/em><\/td>\n<td width=\"86\"><em>40%<\/em><\/td>\n<td width=\"67\"><em>60%<\/em><\/td>\n<\/tr>\n<tr>\n<td width=\"296\"><strong>Unit\u00e9 d\u2019Enseignement D\u00e9couverte<\/strong><\/td>\n<td width=\"68\"><strong>1<\/strong><\/td>\n<td width=\"75\"><strong>2<\/strong><\/td>\n<td colspan=\"2\" width=\"153\"><strong>&nbsp;<\/strong><\/td>\n<\/tr>\n<tr>\n<td width=\"296\"><strong>Application des math\u00e9matiques aux autres sciences<\/strong><\/td>\n<td width=\"68\"><em><strong>1<\/strong><\/em><\/td>\n<td width=\"75\"><em><strong>2<\/strong><\/em><\/td>\n<td width=\"86\"><em>&#8211;<\/em><\/td>\n<td width=\"67\"><em>100%<\/em><\/td>\n<\/tr>\n<\/tbody>\n<\/table>\n\n\n\n<ul class=\"wp-block-list\">\n<li><strong>Semester 5<\/strong><\/li>\n<\/ul>\n\n\n\n<table>\n<tbody>\n<tr>\n<td rowspan=\"2\" width=\"296\"><strong>Unit\u00e9 d\u2019Enseignement<\/strong><\/td>\n<td rowspan=\"2\" width=\"68\"><strong>Coeff<\/strong><\/td>\n<td rowspan=\"2\" width=\"75\"><strong>Cr\u00e9dits<\/strong><\/td>\n<td colspan=\"2\" width=\"153\"><strong>Mode d&rsquo;\u00e9valuation<\/strong><\/td>\n<\/tr>\n<tr>\n<td width=\"86\"><strong>continu<\/strong><\/td>\n<td width=\"67\"><strong>Examen<\/strong><\/td>\n<\/tr>\n<tr>\n<td width=\"296\"><strong>Unit\u00e9 d\u2019Enseignement Fondamentales 1<\/strong><\/td>\n<td width=\"68\"><strong>7<\/strong><\/td>\n<td width=\"75\"><strong>11<\/strong><\/td>\n<td colspan=\"2\" width=\"153\"><strong>&nbsp;<\/strong><\/td>\n<\/tr>\n<tr>\n<td width=\"296\"><em><strong>Mesure et Int\u00e9gration<\/strong><\/em><\/td>\n<td width=\"68\"><em><strong>4<\/strong><\/em><\/td>\n<td width=\"75\"><em><strong>6<\/strong><\/em><\/td>\n<td width=\"86\"><em>40%<\/em><\/td>\n<td width=\"67\"><em>60%<\/em><\/td>\n<\/tr>\n<tr>\n<td width=\"296\"><em><strong>Espaces vectoriels norm\u00e9s<\/strong><\/em><\/td>\n<td width=\"68\"><em><strong>3<\/strong><\/em><\/td>\n<td width=\"75\"><em><strong>5<\/strong><\/em><\/td>\n<td width=\"86\"><em>40%<\/em><\/td>\n<td width=\"67\"><em>60%<\/em><\/td>\n<\/tr>\n<tr>\n<td width=\"296\"><strong>Unit\u00e9 d\u2019Enseignement Fondamentales 2<\/strong><\/td>\n<td width=\"68\"><strong>6<\/strong><\/td>\n<td width=\"75\"><strong>11<\/strong><\/td>\n<td colspan=\"2\" width=\"153\"><strong>&nbsp;<\/strong><\/td>\n<\/tr>\n<tr>\n<td width=\"296\"><em><strong>Equations Diff\u00e9rentielles<\/strong><\/em><\/td>\n<td width=\"68\"><em><strong>4<\/strong><\/em><\/td>\n<td width=\"75\"><em><strong>6<\/strong><\/em><\/td>\n<td width=\"86\"><em>40%<\/em><\/td>\n<td width=\"67\"><em>60%<\/em><\/td>\n<\/tr>\n<tr>\n<td width=\"296\"><em><strong>Equations de la physique math\u00e9matique<\/strong><\/em><\/td>\n<td width=\"68\"><em><strong>2<\/strong><\/em><\/td>\n<td width=\"75\"><em><strong>5<\/strong><\/em><\/td>\n<td width=\"86\"><em>40%<\/em><\/td>\n<td width=\"67\"><em>60%<\/em><\/td>\n<\/tr>\n<tr>\n<td width=\"296\"><strong>Unit\u00e9 d\u2019Enseignement<\/strong> <strong>M\u00e9thodologie<\/strong><\/td>\n<td width=\"68\"><strong>2<\/strong><\/td>\n<td width=\"75\"><strong>5<\/strong><\/td>\n<td colspan=\"2\" width=\"153\"><strong>&nbsp;<\/strong><\/td>\n<\/tr>\n<tr>\n<td width=\"296\"><em><strong>Optimisation sans contraintes<\/strong><\/em><\/td>\n<td width=\"68\"><em><strong>2<\/strong><\/em><\/td>\n<td width=\"75\"><em><strong>5<\/strong><\/em><\/td>\n<td width=\"86\"><em>40%<\/em><\/td>\n<td width=\"67\"><em>60%<\/em><\/td>\n<\/tr>\n<tr>\n<td width=\"296\"><strong>Unit\u00e9 d\u2019Enseignement D\u00e9couverte<\/strong><\/td>\n<td width=\"68\"><strong>1<\/strong><\/td>\n<td width=\"75\"><strong>2<\/strong><\/td>\n<td colspan=\"2\" width=\"153\"><strong>&nbsp;<\/strong><\/td>\n<\/tr>\n<tr>\n<td width=\"296\"><em><strong>Initiation \u00e0 la didactique des math\u00e9matiques<\/strong><\/em><\/td>\n<td width=\"68\"><em><strong>1<\/strong><\/em><\/td>\n<td width=\"75\"><em><strong>2<\/strong><\/em><\/td>\n<td width=\"86\"><em>&#8211;<\/em><\/td>\n<td width=\"67\"><em>100%<\/em><\/td>\n<\/tr>\n<\/tbody>\n<\/table>\n\n\n\n<ul class=\"wp-block-list\">\n<li><strong>Semester 6<\/strong><\/li>\n<\/ul>\n\n\n\n<table>\n<tbody>\n<tr>\n<td rowspan=\"2\" width=\"296\"><strong>Unit\u00e9 d\u2019Enseignement<\/strong><\/td>\n<td rowspan=\"2\" width=\"68\"><strong>Coeff<\/strong><\/td>\n<td rowspan=\"2\" width=\"75\"><strong>Cr\u00e9dits<\/strong><\/td>\n<td colspan=\"2\" width=\"153\"><strong>Mode d&rsquo;\u00e9valuation<\/strong><\/td>\n<\/tr>\n<tr>\n<td width=\"86\"><strong>continu<\/strong><\/td>\n<td width=\"67\"><strong>Examen<\/strong><\/td>\n<\/tr>\n<tr>\n<td width=\"296\"><strong>Unit\u00e9 d\u2019Enseignement Fondamentales<\/strong><\/td>\n<td width=\"68\"><strong>10<\/strong><\/td>\n<td width=\"75\"><strong>18<\/strong><\/td>\n<td colspan=\"2\" width=\"153\"><strong>&nbsp;<\/strong><\/td>\n<\/tr>\n<tr>\n<td width=\"296\"><em><strong>M\u00e9thodes num\u00e9riques pour EDO et EDP<\/strong><\/em><\/td>\n<td width=\"68\"><em><strong>5<\/strong><\/em><\/td>\n<td width=\"75\"><em><strong>9<\/strong><\/em><\/td>\n<td width=\"86\"><em>40%<\/em><\/td>\n<td width=\"67\"><em>60%<\/em><\/td>\n<\/tr>\n<tr>\n<td width=\"296\"><em><strong>Introduction \u00e0 la th\u00e9orie des op\u00e9rateurs lin\u00e9aires<\/strong><\/em><\/td>\n<td width=\"68\"><em><strong>5<\/strong><\/em><\/td>\n<td width=\"75\"><em><strong>9<\/strong><\/em><\/td>\n<td width=\"86\"><em>40%<\/em><\/td>\n<td width=\"67\"><em>60%<\/em><\/td>\n<\/tr>\n<tr>\n<td width=\"296\"><strong>Unit\u00e9 d\u2019Enseignement<\/strong> <strong>M\u00e9thodologie<\/strong><\/td>\n<td width=\"68\"><strong>4<\/strong><\/td>\n<td width=\"75\"><strong>10<\/strong><\/td>\n<td colspan=\"2\" width=\"153\"><strong>&nbsp;<\/strong><\/td>\n<\/tr>\n<tr>\n<td width=\"296\"><em><strong>T<\/strong><\/em><em><strong>ransformations int\u00e9grales dans les espaces Lp<\/strong><\/em><\/td>\n<td width=\"68\"><em><strong>2<\/strong><\/em><\/td>\n<td width=\"75\"><em><strong>5<\/strong><\/em><\/td>\n<td width=\"86\"><em>40%<\/em><\/td>\n<td width=\"67\"><em>60%<\/em><\/td>\n<\/tr>\n<tr>\n<td width=\"296\"><em><strong>G\u00e9om\u00e9trie diff\u00e9rentielle<\/strong><\/em><\/td>\n<td width=\"68\"><em><strong>2<\/strong><\/em><\/td>\n<td width=\"75\"><em><strong>5<\/strong><\/em><\/td>\n<td width=\"86\"><em>40%<\/em><\/td>\n<td width=\"67\"><em>60%<\/em><\/td>\n<\/tr>\n<tr>\n<td width=\"296\"><em><strong>Transversal Teaching Unit<\/strong><\/em><\/td>\n<td width=\"68\"><strong>2<\/strong><\/td>\n<td width=\"75\"><strong>2<\/strong><\/td>\n<td colspan=\"2\" width=\"153\"><strong>&nbsp;<\/strong><\/td>\n<\/tr>\n<tr>\n<td width=\"296\"><em><strong>Ethique et d\u00e9ontologie de l\u2019enseignement et de la recherche<\/strong><\/em><\/td>\n<td width=\"68\"><em><strong>2<\/strong><\/em><\/td>\n<td width=\"75\"><em><strong>2<\/strong><\/em><\/td>\n<td width=\"86\"><em>&#8211;<\/em><\/td>\n<td width=\"67\"><em>100%<\/em><\/td>\n<\/tr>\n<\/tbody>\n<\/table>\n","protected":false},"excerpt":{"rendered":"<p>D\u00e9partement de Math\u00e9matiques et Informatique &nbsp;Fili\u00e8re: Math\u00e9matiques Titre de l\u2019offre de formation: Licence en math\u00e9matiques \u00b7&nbsp;&nbsp;&nbsp;&nbsp;&nbsp; Niveau : Licence Domaine: Math\u00e9matiques et Informatique Fili\u00e8re: Math\u00e9matiques Sp\u00e9cialit\u00e9: Math\u00e9matiques \u00b7&nbsp;&nbsp;&nbsp;&nbsp;&nbsp; Description de l&rsquo;offre de formation (objectifs) La licence de math\u00e9matiques est une &nbsp;formation de 3 ans, qui vise \u00e0 fournir \u00e0 l\u2019\u00e9tudiant des connaissances et des comp\u00e9tences &hellip;<\/p>\n","protected":false},"author":1,"featured_media":0,"parent":0,"menu_order":0,"comment_status":"closed","ping_status":"closed","template":"","meta":{"footnotes":""},"class_list":["post-6820","page","type-page","status-publish","hentry"],"_links":{"self":[{"href":"https:\/\/www.univ-oeb.dz\/fsesnv\/wp-json\/wp\/v2\/pages\/6820","targetHints":{"allow":["GET"]}}],"collection":[{"href":"https:\/\/www.univ-oeb.dz\/fsesnv\/wp-json\/wp\/v2\/pages"}],"about":[{"href":"https:\/\/www.univ-oeb.dz\/fsesnv\/wp-json\/wp\/v2\/types\/page"}],"author":[{"embeddable":true,"href":"https:\/\/www.univ-oeb.dz\/fsesnv\/wp-json\/wp\/v2\/users\/1"}],"replies":[{"embeddable":true,"href":"https:\/\/www.univ-oeb.dz\/fsesnv\/wp-json\/wp\/v2\/comments?post=6820"}],"version-history":[{"count":0,"href":"https:\/\/www.univ-oeb.dz\/fsesnv\/wp-json\/wp\/v2\/pages\/6820\/revisions"}],"wp:attachment":[{"href":"https:\/\/www.univ-oeb.dz\/fsesnv\/wp-json\/wp\/v2\/media?parent=6820"}],"curies":[{"name":"wp","href":"https:\/\/api.w.org\/{rel}","templated":true}]}}