{"id":6807,"date":"2023-05-19T19:42:29","date_gmt":"2023-05-19T18:42:29","guid":{"rendered":"http:\/\/www.univ-oeb.dz\/fsesnv\/?page_id=6807"},"modified":"2023-05-19T19:42:30","modified_gmt":"2023-05-19T18:42:30","slug":"nom-du-programme-licence-de-microbiologie","status":"publish","type":"page","link":"https:\/\/www.univ-oeb.dz\/fsesnv\/nom-du-programme-licence-de-microbiologie\/","title":{"rendered":"Nom du programme: Licence de microbiologie"},"content":{"rendered":"\n<p class=\"has-medium-font-size\"><strong>D\u00e9partement de sciences de la nature et de la vie<\/strong><strong><\/strong><\/p>\n\n\n\n<p class=\"has-text-align-center has-pale-cyan-blue-background-color has-background\"><strong>Nom du programme: Licence de microbiologie<\/strong><strong><\/strong><\/p>\n\n\n\n<ul class=\"wp-block-list\">\n<li><strong>Niveau: Licence<\/strong><\/li>\n\n\n\n<li><strong>Domaine: sciences de la nature et de la vie<\/strong><\/li>\n\n\n\n<li><strong>Fili\u00e8re: <\/strong><strong>science biologique<\/strong><strong><\/strong><\/li>\n\n\n\n<li><strong>Sp\u00e9cialit\u00e9: Microbiologie<\/strong><\/li>\n\n\n\n<li><strong>Description du<\/strong> &nbsp;<strong>Programme :<\/strong><\/li>\n<\/ul>\n\n\n\n<p>Le parcours Microbiologie propose aux \u00e9tudiants de d\u00e9couvrir de mani\u00e8re plus approfondie le monde des microorganismes qui nous entourent et qui joue un r\u00f4le primordial sur toutes les formes de vie sur terre et sur notre environnement. Un enseignement solide dans les domaines de la biologie cellulaire, la g\u00e9n\u00e9tique, l\u2019\u00e9cologie, la biologie mol\u00e9culaire et la biochimie est d\u2019abord n\u00e9cessaire pour comprendre et \u00e9tudier les r\u00f4les des microorganismes.<\/p>\n\n\n\n<p>C\u2019est pourquoi les deux premi\u00e8res ann\u00e9es (L1 et L2) proposent un enseignement en tr\u00e8s grande partie commun avec les autres parcours de la biologie. Les \u00e9tudiants re\u00e7oivent ainsi une formation de base sur les grands concepts et les m\u00e9thodes exp\u00e9rimentales n\u00e9cessaires. Un enseignement de Microbiologie G\u00e9n\u00e9rale de base est d\u2019ailleurs obligatoire pour tous les parcours de la mention Biologie.<\/p>\n\n\n\n<p>Ce n\u2019est qu\u2019au niveau de la 3<sup>\u00e8me<\/sup> ann\u00e9e (S5 et S6) qu\u2019un enseignement plus sp\u00e9cifique est propos\u00e9. L\u2019\u00e9tude des structures et fonctions des microorganismes, l\u2019extraordinaire plasticit\u00e9 g\u00e9n\u00e9tique des microorganismes pour s\u2019adapter \u00e0 leur environnement, leur m\u00e9tabolisme si vari\u00e9, leurs utilisations en biotechnologie, leur incidence sur la pathologie animale et v\u00e9g\u00e9tale et leurs interactions avec les m\u00e9canismes de d\u00e9fenses immunitaires, sont approfondis.<\/p>\n\n\n\n<p>Les objectifs vis\u00e9s par cette formation sont&nbsp;:<\/p>\n\n\n\n<p>&#8211; La connaissance de l\u2019ensemble des microorganismes qui nous entourent&nbsp;;<\/p>\n\n\n\n<p>&#8211; La ma\u00eetrise des techniques de laboratoires pour la manipulation des microorganismes (isolement, culture, identification,&nbsp;\u2026)&nbsp;;<\/p>\n\n\n\n<p>&#8211; La compr\u00e9hension et le contr\u00f4le des activit\u00e9s des microorganismes nuisibles&nbsp;;<\/p>\n\n\n\n<p>&#8211; L\u2019appr\u00e9hension de l&rsquo;impact des microorganismes sur leur environnement et l&rsquo;influence des facteurs environnementaux sur le comportement des microorganismes&nbsp;;<\/p>\n\n\n\n<p>&#8211; La conception des traitements et des proc\u00e9d\u00e9s biotechnologiques tenant compte des imp\u00e9ratifs \u00e9conomiques industriels et environnementaux&nbsp;;<\/p>\n\n\n\n<p>&#8211; L\u2019influence des microorganismes et des applications microbiologiques sur la vie quotidienne&nbsp;;<\/p>\n\n\n\n<p>&#8211; L\u2019\u00e9laboration des projets scientifiques (\u00e9tat de l&rsquo;art, description des hypoth\u00e8ses retenues, structuration et organisation, approches exp\u00e9rimentales, moyens techniques et humains) dans diff\u00e9rents domaines appliqu\u00e9s ou fondamentaux.<strong><\/strong><\/p>\n\n\n\n<ul class=\"wp-block-list\">\n<li><strong>Connaissances n\u00e9cessaires<\/strong><strong><\/strong><\/li>\n<\/ul>\n\n\n\n<p>&#8211; Ma\u00eetriser la science des syst\u00e8mes, du m\u00e9tabolisme et de la g\u00e9nomique des micro-organismes.<\/p>\n\n\n\n<p>&#8211; Comprendre les concepts et les approches de la microbiologie moderne.<\/p>\n\n\n\n<p>&#8211; Comprendre le r\u00f4le des micro-organismes dans leur environnement et leur capacit\u00e9 \u00e0 satisfaire ou contr\u00f4ler les besoins humains.<\/p>\n\n\n\n<ul class=\"wp-block-list\">\n<li><strong>Programme des unit\u00e9s d\u2019enseignement<\/strong><strong><\/strong><\/li>\n<\/ul>\n\n\n\n<p><strong>Semestre 5<\/strong><strong><\/strong><\/p>\n\n\n\n<p><strong>Unit\u00e9 Fondamentale<\/strong><strong><\/strong><\/p>\n\n\n\n<p><strong>&nbsp;&nbsp; UEF 3.2.1 (O\/P) : Taxinomie microbienne<\/strong><strong><\/strong><\/p>\n\n\n\n<p><strong>&nbsp; Mati\u00e8re 1 : Syst\u00e9matique des procaryotes (Bact\u00e9ries et Archaea)<\/strong><strong><\/strong><\/p>\n\n\n\n<p><strong>&nbsp; Mati\u00e8re 2 : Mycologie-Algologie-Virologie<\/strong><strong><\/strong><\/p>\n\n\n\n<p><strong>&nbsp;&nbsp; UEF 3.1.2 (O\/P)&nbsp;: Microbiologie mol\u00e9culaire<\/strong><strong><\/strong><\/p>\n\n\n\n<p><strong>Mati\u00e8re 1 : Biochimie microbienne<\/strong><strong><\/strong><\/p>\n\n\n\n<p><strong>&nbsp; Mati\u00e8re 2 : Biologie mol\u00e9culaire et g\u00e9nie g\u00e9n\u00e9tique<\/strong><strong><\/strong><\/p>\n\n\n\n<p><strong>&nbsp; Mati\u00e8re 3 : G\u00e9n\u00e9tique microbienne<\/strong><strong><\/strong><\/p>\n\n\n\n<p><strong>Unit\u00e9 d&rsquo;enseignement exploratoire<\/strong><strong><\/strong><\/p>\n\n\n\n<p><strong>&nbsp;&nbsp; UED 3.1.1 (O\/P)&nbsp;: Biotechnologie microbienne<\/strong><strong><\/strong><\/p>\n\n\n\n<p><strong>&nbsp; Mati\u00e8re 1 : Biotechnologie microbienne<\/strong><strong><\/strong><\/p>\n\n\n\n<p><strong>Unit\u00e9 d&rsquo;enseignement transversale<\/strong><strong><\/strong><\/p>\n\n\n\n<p><strong>&nbsp;&nbsp; UET 3.1.1 (O\/P) : Anglais scientifique<\/strong><strong><\/strong><\/p>\n\n\n\n<p><strong>&nbsp; Mati\u00e8re 1 : Anglais scientifique<\/strong><strong><\/strong><\/p>\n\n\n\n<p><strong>Semestre 6<\/strong><strong><\/strong><\/p>\n\n\n\n<p><strong>Unit\u00e9 d&rsquo;enseignement de base<\/strong><strong><\/strong><\/p>\n\n\n\n<p><strong>&nbsp;&nbsp; UEF 3.2.1 (O\/P)&nbsp;: Microbiologie appliqu\u00e9e<\/strong><strong><\/strong><\/p>\n\n\n\n<p><strong>&nbsp; Mati\u00e8re 1 : Microbiologie Industrielle<\/strong><strong><\/strong><\/p>\n\n\n\n<p><strong>&nbsp; Mati\u00e8re 2 : Microbiologie de l\u2019environnement<\/strong><strong><\/strong><\/p>\n\n\n\n<p><strong>&nbsp; Mati\u00e8re 3 : Microbiologie alimentaire<\/strong><strong><\/strong><\/p>\n\n\n\n<p><strong>&nbsp; Unit\u00e9 d&rsquo;enseignement m\u00e9thodique<\/strong><strong><\/strong><\/p>\n\n\n\n<p><strong>&nbsp;&nbsp; UEM 3.2.1 (O\/P)&nbsp;: Biostatistiques<\/strong><strong><\/strong><\/p>\n\n\n\n<p><strong>&nbsp; Mati\u00e8re 1 : Biostatistiques<\/strong><strong><\/strong><\/p>\n\n\n\n<p><strong>&nbsp;&nbsp; UEM 3.2.2 (O\/P) : Enzymologie<\/strong><strong><\/strong><\/p>\n\n\n\n<p><strong>&nbsp; Mati\u00e8re 1 : Enzymologie<\/strong><strong><\/strong><\/p>\n\n\n\n<p><strong>Unit\u00e9 d&rsquo;enseignement d\u00e9couverte<\/strong><strong><\/strong><\/p>\n\n\n\n<p><strong>&nbsp;&nbsp; UED 3.2.1 (O\/P)&nbsp;: Techniques de contr\u00f4le microbiologique<\/strong><strong><\/strong><\/p>\n\n\n\n<p><strong>&nbsp; Mati\u00e8re 1 : Techniques de contr\u00f4le microbiologique<\/strong><strong><\/strong><\/p>\n\n\n\n<p><strong>Autres<\/strong><strong><\/strong><\/p>\n\n\n\n<p><strong>&nbsp;Potentialit\u00e9s r\u00e9gionales et nationales d&#8217;employabilit\u00e9 <\/strong><em><\/em><\/p>\n\n\n\n<p>L&rsquo;\u00e9tudiant titulaire d&rsquo;un dipl\u00f4me de licence de Microbiologie peut<\/p>\n\n\n\n<ul class=\"wp-block-list\">\n<li><strong>entrer dans la vie active <\/strong>en se pr\u00e9sentant \u00e0 divers concours o\u00f9 le niveau requis est bac + 3.<\/li>\n\n\n\n<li>acqu\u00e9rir une <strong>seconde comp\u00e9tence<\/strong> en suivant une autre formation ou en se pr\u00e9sentant au recrutement sur concours ou sur dossier dans l\u2019<strong>\u00e9cole nationale d&rsquo;ing\u00e9nieurs (ENSB)<\/strong><strong>.<\/strong><\/li>\n\n\n\n<li>poursuivre ses \u00e9tudes en <strong>Master<\/strong>(2 ann\u00e9es M<sub>1<\/sub> et M<sub>2<\/sub>&nbsp;: acc\u00e8s sur dossier et\/ou entretien) \u00e0 l&rsquo;universit\u00e9 Larbi Ben M\u2019hidi d\u2019Oum El Bouaghi ou dans une autre universit\u00e9 alg\u00e9rienne. A l&rsquo;universit\u00e9 d\u2019Oum El Bouaghi, les \u00e9tudiants issus de la licence de Microbiologie ont la possibilit\u00e9 de poursuivre un master \u00ab&nbsp;Microbiologie appliqu\u00e9e&nbsp;\u00bb. Le master \u00ab&nbsp;Microbiologie appliqu\u00e9e&nbsp;\u00bb a \u00e9t\u00e9 construit dans la suite logique du parcours \u00ab&nbsp;Microbiologie&nbsp;\u00bb.<\/li>\n<\/ul>\n\n\n\n<p>Les <strong>m\u00e9tiers<\/strong> auxquels un \u00e9tudiant ayant une licence en Microbiologie peut acc\u00e9der&nbsp;:<br>&#8211; Les <strong>m\u00e9tiers de la recherche<\/strong> fondamentale et appliqu\u00e9e en Microbiologie (niveau Bac+3: technicien sup\u00e9rieur) dans les organismes de recherche publics et priv\u00e9s, dans les industries de l&rsquo;agro-alimentaire, industries pharmaceutique, biotechnologies, \u2026<\/p>\n\n\n\n<p>Les <strong>m\u00e9tiers de la vente&nbsp;<\/strong>: d\u00e9l\u00e9gu\u00e9s m\u00e9dicaux, technico-commerciaux, entretien d&rsquo;appareillages scientifiques, \u2026<\/p>\n\n\n\n<ul class=\"wp-block-list\">\n<li>Les <strong>m\u00e9tiers du conseil&nbsp;<\/strong>: consultants, experts aupr\u00e8s de cabinets juridiques ou d&rsquo;institutions, &#8230;<\/li>\n\n\n\n<li>Les <strong>m\u00e9tiers de l&rsquo;enseignement primaire.<\/strong><\/li>\n\n\n\n<li>Les <strong>m\u00e9tiers du journalisme scientifique.<\/strong><\/li>\n<\/ul>\n\n\n\n<p><strong>&nbsp;Passerelles vers les autres sp\u00e9cialit\u00e9s<\/strong><\/p>\n\n\n\n<p>La licence acad\u00e9mique de microbiologie offre la possibilit\u00e9 de pr\u00e9parer un master, un doctorat dans les diff\u00e9rents domaines de la Microbiologie fondamentale ou appliqu\u00e9e.<\/p>\n","protected":false},"excerpt":{"rendered":"<p>D\u00e9partement de sciences de la nature et de la vie Nom du programme: Licence de microbiologie Niveau: Licence Domaine: sciences de la nature et de la vie Fili\u00e8re: science biologique Sp\u00e9cialit\u00e9: Microbiologie Description du &nbsp;Programme : Le parcours Microbiologie propose aux \u00e9tudiants de d\u00e9couvrir de mani\u00e8re plus approfondie le monde des microorganismes qui nous entourent &hellip;<\/p>\n","protected":false},"author":1,"featured_media":0,"parent":0,"menu_order":0,"comment_status":"closed","ping_status":"closed","template":"","meta":{"footnotes":""},"class_list":["post-6807","page","type-page","status-publish","hentry"],"_links":{"self":[{"href":"https:\/\/www.univ-oeb.dz\/fsesnv\/wp-json\/wp\/v2\/pages\/6807","targetHints":{"allow":["GET"]}}],"collection":[{"href":"https:\/\/www.univ-oeb.dz\/fsesnv\/wp-json\/wp\/v2\/pages"}],"about":[{"href":"https:\/\/www.univ-oeb.dz\/fsesnv\/wp-json\/wp\/v2\/types\/page"}],"author":[{"embeddable":true,"href":"https:\/\/www.univ-oeb.dz\/fsesnv\/wp-json\/wp\/v2\/users\/1"}],"replies":[{"embeddable":true,"href":"https:\/\/www.univ-oeb.dz\/fsesnv\/wp-json\/wp\/v2\/comments?post=6807"}],"version-history":[{"count":0,"href":"https:\/\/www.univ-oeb.dz\/fsesnv\/wp-json\/wp\/v2\/pages\/6807\/revisions"}],"wp:attachment":[{"href":"https:\/\/www.univ-oeb.dz\/fsesnv\/wp-json\/wp\/v2\/media?parent=6807"}],"curies":[{"name":"wp","href":"https:\/\/api.w.org\/{rel}","templated":true}]}}