{"id":6765,"date":"2023-05-24T11:29:32","date_gmt":"2023-05-24T10:29:32","guid":{"rendered":"http:\/\/www.univ-oeb.dz\/fsesnv\/?page_id=6765"},"modified":"2023-06-02T19:46:30","modified_gmt":"2023-06-02T18:46:30","slug":"%d9%86%d9%82%d8%a7%d8%b7-%d8%a7%d9%84%d8%b3%d9%86%d8%a9-%d8%a7%d9%84%d8%ab%d8%a7%d9%84%d8%ab%d8%a9-%d9%84%d9%8a%d8%b3%d8%a7%d9%86%d8%b3-%d9%82%d8%b3%d9%85-%d8%b9%d9%84%d9%88%d9%85-%d8%a7%d9%84%d9%85","status":"publish","type":"page","link":"https:\/\/www.univ-oeb.dz\/fsesnv\/%d9%86%d9%82%d8%a7%d8%b7-%d8%a7%d9%84%d8%b3%d9%86%d8%a9-%d8%a7%d9%84%d8%ab%d8%a7%d9%84%d8%ab%d8%a9-%d9%84%d9%8a%d8%b3%d8%a7%d9%86%d8%b3-%d9%82%d8%b3%d9%85-%d8%b9%d9%84%d9%88%d9%85-%d8%a7%d9%84%d9%85\/","title":{"rendered":"\u0646\u0642\u0627\u0637 \u0627\u0644\u0633\u0646\u0629 \u0627\u0644\u062b\u0627\u0644\u062b\u0629 \u0644\u064a\u0633\u0627\u0646\u0633 -\u0642\u0633\u0645 \u0639\u0644\u0648\u0645 \u0627\u0644\u0645\u0627\u062f\u0629-"},"content":{"rendered":"\t\t<div data-elementor-type=\"wp-page\" data-elementor-id=\"6765\" class=\"elementor elementor-6765\">\n\t\t\t\t\t\t<section class=\"elementor-section elementor-top-section elementor-element elementor-element-5ade881 elementor-section-boxed elementor-section-height-default elementor-section-height-default\" data-id=\"5ade881\" data-element_type=\"section\">\n\t\t\t\t\t\t<div class=\"elementor-container elementor-column-gap-default\">\n\t\t\t\t\t<div class=\"elementor-column elementor-col-100 elementor-top-column elementor-element elementor-element-4708166\" data-id=\"4708166\" data-element_type=\"column\">\n\t\t\t<div class=\"elementor-widget-wrap elementor-element-populated\">\n\t\t\t\t\t\t<div class=\"elementor-element elementor-element-bd99af7 elementor-tabs-view-horizontal elementor-widget elementor-widget-tabs\" data-id=\"bd99af7\" data-element_type=\"widget\" data-widget_type=\"tabs.default\">\n\t\t\t\t<div class=\"elementor-widget-container\">\n\t\t\t\t\t\t\t<div class=\"elementor-tabs\">\n\t\t\t<div class=\"elementor-tabs-wrapper\" role=\"tablist\" >\n\t\t\t\t\t\t\t\t\t<div id=\"elementor-tab-title-1981\" class=\"elementor-tab-title elementor-tab-desktop-title\" aria-selected=\"true\" data-tab=\"1\" role=\"tab\" tabindex=\"0\" aria-controls=\"elementor-tab-content-1981\" aria-expanded=\"false\">Physique des mat\u00e9riaux<\/div>\n\t\t\t\t\t\t\t\t\t<div id=\"elementor-tab-title-1982\" class=\"elementor-tab-title elementor-tab-desktop-title\" aria-selected=\"false\" data-tab=\"2\" role=\"tab\" tabindex=\"-1\" aria-controls=\"elementor-tab-content-1982\" aria-expanded=\"false\">Physique fondamentale<\/div>\n\t\t\t\t\t\t\t\t\t<div id=\"elementor-tab-title-1983\" class=\"elementor-tab-title elementor-tab-desktop-title\" aria-selected=\"false\" data-tab=\"3\" role=\"tab\" tabindex=\"-1\" aria-controls=\"elementor-tab-content-1983\" aria-expanded=\"false\">Chimie fondamentale<\/div>\n\t\t\t\t\t\t\t\t\t<div id=\"elementor-tab-title-1984\" class=\"elementor-tab-title elementor-tab-desktop-title\" aria-selected=\"false\" data-tab=\"4\" role=\"tab\" tabindex=\"-1\" aria-controls=\"elementor-tab-content-1984\" aria-expanded=\"false\">Chimie pharmaceutique<\/div>\n\t\t\t\t\t\t\t<\/div>\n\t\t\t<div class=\"elementor-tabs-content-wrapper\" role=\"tablist\" aria-orientation=\"vertical\">\n\t\t\t\t\t\t\t\t\t<div class=\"elementor-tab-title elementor-tab-mobile-title\" aria-selected=\"true\" data-tab=\"1\" role=\"tab\" tabindex=\"0\" aria-controls=\"elementor-tab-content-1981\" aria-expanded=\"false\">Physique des mat\u00e9riaux<\/div>\n\t\t\t\t\t<div id=\"elementor-tab-content-1981\" class=\"elementor-tab-content elementor-clearfix\" data-tab=\"1\" role=\"tabpanel\" aria-labelledby=\"elementor-tab-title-1981\" tabindex=\"0\" hidden=\"false\"><p style=\"text-align: center;\"><strong><span style=\"color: #ff0000;\">\u0646\u0642\u0627\u0637 \u0627\u0644\u0633\u062f\u0627\u0633\u064a \u0627\u0644\u062b\u0627\u0646\u064a \u0627\u0644\u0633\u0646\u0629 \u0627\u0644\u062b\u0627\u0644\u062b\u0629 \u0644\u064a\u0633\u0627\u0646\u0633 \u0641\u064a\u0632\u064a\u0627\u0621 \u0627\u0644\u0645\u0648\u0627\u062f<\/span><\/strong><\/p><table width=\"514\"><tbody><tr><td width=\"184\"><p><strong>\u0627\u0644\u0645\u0642\u064a\u0627\u0633<\/strong><\/p><\/td><td width=\"165\"><p><strong>\u0645\u062d\u0627\u0636\u0631 \u0627\u0644\u0646\u0642\u0627\u0637<\/strong><\/p><\/td><td width=\"165\"><p><strong>\u0627\u0644\u0625\u062c\u0627\u0628\u0629 \u0627\u0644\u0646\u0645\u0648\u0630\u062c\u064a\u0629<\/strong><\/p><\/td><\/tr><tr><td width=\"184\"><p><strong>TP Logiciel<\/strong><\/p><\/td><td width=\"165\"><p><strong>\u00a0<\/strong><\/p><\/td><td width=\"165\"><p><strong>\u00a0<\/strong><\/p><\/td><\/tr><tr><td width=\"184\"><p><strong>Physique de solide 2<\/strong><\/p><\/td><td width=\"165\"><p><a href=\"https:\/\/www.univ-oeb.dz\/fsesnv\/wp-content\/uploads\/2023\/06\/TP-Physique-de-solide-\u0627\u0644\u0641\u0648\u062c-1.xlsx\">TP Physique de solide( \u0627\u0644\u0641\u0648\u062c 1)<\/a><\/p><p><a href=\"https:\/\/www.univ-oeb.dz\/fsesnv\/wp-content\/uploads\/2023\/06\/Physique-de-Solide-2-\u0627\u0644\u0641\u0648\u062c-1.xlsx\">Physique de Solide 2( \u0627\u0644\u0641\u0648\u062c 1)<\/a><\/p><p><a href=\"https:\/\/www.univ-oeb.dz\/fsesnv\/wp-content\/uploads\/2023\/06\/PV-TP-L3-PHYS-DES-MAT-2-1tp.xlsx\">PV TP L3 PHYS DES MAT-2 (1)tp<\/a><\/p><p><a href=\"https:\/\/www.univ-oeb.dz\/fsesnv\/wp-content\/uploads\/2023\/06\/PV-TD-L3-PHYS-DES-MAT-2-1td.xlsx\">PV TD L3 PHYS DES MAT-2 (1)td<\/a><\/p><\/td><td width=\"165\"><p><strong> <a href=\"https:\/\/www.univ-oeb.dz\/fsesnv\/wp-content\/uploads\/2023\/05\/IMG_20230530_0001.pdf\">IMG_20230530_0001<\/a> <a href=\"https:\/\/www.univ-oeb.dz\/fsesnv\/wp-content\/uploads\/2023\/05\/IMG_20230530_0002.pdf\">IMG_20230530_0002<\/a> <a href=\"https:\/\/www.univ-oeb.dz\/fsesnv\/wp-content\/uploads\/2023\/05\/IMG_20230530_0003.pdf\">IMG_20230530_0003<\/a> <a href=\"https:\/\/www.univ-oeb.dz\/fsesnv\/wp-content\/uploads\/2023\/05\/IMG_20230530_0004.pdf\">IMG_20230530_0004<\/a> <a href=\"https:\/\/www.univ-oeb.dz\/fsesnv\/wp-content\/uploads\/2023\/05\/IMG_20230530_0005.pdf\">IMG_20230530_0005<\/a> <a href=\"https:\/\/www.univ-oeb.dz\/fsesnv\/wp-content\/uploads\/2023\/05\/IMG_20230530_0006.pdf\">IMG_20230530_0006<\/a> <a href=\"https:\/\/www.univ-oeb.dz\/fsesnv\/wp-content\/uploads\/2023\/05\/IMG_20230530_0007.pdf\">IMG_20230530_0007<\/a><\/strong><\/p><\/td><\/tr><tr><td width=\"184\"><p><strong>M\u00e9thodes d&rsquo;analyses et de caracterisation<\/strong><\/p><\/td><td width=\"165\"><p><strong> <a href=\"https:\/\/www.univ-oeb.dz\/fsesnv\/wp-content\/uploads\/2023\/05\/Methodes-d-analyse-et-caract-erisations-\u0627\u0644\u0641\u0648\u062c-1.xlsx\">Methodes d analyse et caract erisations ( \u0627\u0644\u0641\u0648\u062c 1)<\/a><\/strong><\/p><\/td><td width=\"165\"><p><strong> <a href=\"https:\/\/www.univ-oeb.dz\/fsesnv\/wp-content\/uploads\/2023\/05\/methode-danalyse-et-de-caracterisation-corrige-2023.doc\">methode d&rsquo;analyse et de caracterisation corrig\u00e9 2023<\/a><\/strong><\/p><\/td><\/tr><tr><td width=\"184\"><p><strong>Physique atomique<\/strong><\/p><\/td><td width=\"165\">\u00a0<\/td><td width=\"165\">\u00a0<\/td><\/tr><tr><td width=\"184\"><p><strong>Anglais scientifique 2<\/strong><\/p><\/td><td width=\"165\"><p><strong> <a href=\"https:\/\/www.univ-oeb.dz\/fsesnv\/wp-content\/uploads\/2023\/05\/Anglais-scientifique-\u0627\u0644\u0641\u0648\u062c-1-1.xlsx\">Anglais scientifique ( \u0627\u0644\u0641\u0648\u062c 1)<\/a><\/strong><\/p><\/td><td width=\"165\"><p><strong> <a href=\"https:\/\/www.univ-oeb.dz\/fsesnv\/wp-content\/uploads\/2023\/05\/Second-English-Exam-Correction-L3-Phy-mat-fond-1.pdf\">Second English Exam Correction L3 Phy mat &amp; fond<\/a><\/strong><\/p><\/td><\/tr><tr><td width=\"184\"><p><strong>Opto\u00e9lectronique<\/strong><\/p><\/td><td width=\"165\"><p><strong>\u00a0<\/strong><\/p><\/td><td width=\"165\"><p><strong>\u00a0<\/strong><\/p><\/td><\/tr><tr><td width=\"184\"><p><strong>TP physique des semi-conducteurs<\/strong><\/p><\/td><td width=\"165\"><p><strong><a href=\"https:\/\/www.univ-oeb.dz\/fsesnv\/wp-content\/uploads\/2023\/05\/PV-TP-L3-PHYS-DES-MAT.xls\">PV TP L3 PHYS DES MAT<\/a> <\/strong><\/p><p><strong><a href=\"https:\/\/www.univ-oeb.dz\/fsesnv\/wp-content\/uploads\/2023\/05\/TP-notes-Physique-des-semi-conducteures-\u0627\u0644\u0641\u0648\u062c-1.xlsx\">TP notes Physique des semi conducteures ( \u0627\u0644\u0641\u0648\u062c 1)<\/a>\u00a0<\/strong><\/p><p><a href=\"https:\/\/www.univ-oeb.dz\/fsesnv\/wp-content\/uploads\/2023\/05\/TP-notes-Physique-des-semi-conducteures-\u0627\u0644\u0641\u0648\u062c-1-1.xlsx\">TP notes Physique des semi conducteures ( \u0627\u0644\u0641\u0648\u062c 1)<\/a><\/p><\/td><td width=\"165\"><p><strong> <a href=\"https:\/\/www.univ-oeb.dz\/fsesnv\/wp-content\/uploads\/2023\/05\/corrige-type-TP-Physique-semiconducteurs_20230529_0001.pdf\">corrig\u00e9 type TP Physique semiconducteurs_20230529_0001<\/a><\/strong><\/p><\/td><\/tr><tr><td width=\"184\"><p><strong>TP Physique de solide 2<\/strong><\/p><\/td><td width=\"165\"><p><strong>\u00a0<\/strong><\/p><\/td><td width=\"165\"><p><strong>\u00a0<\/strong><\/p><\/td><\/tr><tr><td width=\"184\"><p><strong>Propri\u00e9t\u00e9s des d\u00e9fauts<\/strong><\/p><\/td><td width=\"165\"><p><strong>\u00a0<\/strong><\/p><\/td><td width=\"165\"><p><strong>\u00a0<\/strong><\/p><\/td><\/tr><tr><td width=\"184\"><p><strong>Physique des semi-conducteurs<\/strong><\/p><\/td><td width=\"165\"><p><strong> <a href=\"https:\/\/www.univ-oeb.dz\/fsesnv\/wp-content\/uploads\/2023\/05\/Physique-des-Semi-Conducteures-\u0627\u0644\u0641\u0648\u062c-1.pdf\">Physique des Semi Conducteures ( \u0627\u0644\u0641\u0648\u062c 1)<\/a><\/strong><\/p><\/td><td width=\"165\"><p><strong> <a href=\"https:\/\/www.univ-oeb.dz\/fsesnv\/wp-content\/uploads\/2023\/05\/Corrige-type-physique-des-semi-conducteurs.pdf\">Corrig\u00e9 type (physique des semi-conducteurs)<\/a><\/strong><\/p><\/td><\/tr><\/tbody><\/table><\/div>\n\t\t\t\t\t\t\t\t\t<div class=\"elementor-tab-title elementor-tab-mobile-title\" aria-selected=\"false\" data-tab=\"2\" role=\"tab\" tabindex=\"-1\" aria-controls=\"elementor-tab-content-1982\" aria-expanded=\"false\">Physique fondamentale<\/div>\n\t\t\t\t\t<div id=\"elementor-tab-content-1982\" class=\"elementor-tab-content elementor-clearfix\" data-tab=\"2\" role=\"tabpanel\" aria-labelledby=\"elementor-tab-title-1982\" tabindex=\"0\" hidden=\"hidden\"><p style=\"text-align: center;\"><strong><span style=\"color: #ff0000;\">\u0646\u0642\u0627\u0637 \u0627\u0644\u0633\u062f\u0627\u0633\u064a \u0627\u0644\u062b\u0627\u0646\u064a \u0627\u0644\u0633\u0646\u0629 \u0627\u0644\u062b\u0627\u0644\u062b\u0629 \u0644\u064a\u0633\u0627\u0646\u0633 \u0641\u064a\u0632\u064a\u0627\u0621 \u0623\u0633\u0627\u0633\u064a\u0629<\/span><\/strong><\/p><table width=\"514\"><tbody><tr><td width=\"184\"><p><strong>\u0627\u0644\u0645\u0642\u064a\u0627\u0633<\/strong><\/p><\/td><td width=\"165\"><p><strong>\u0645\u062d\u0627\u0636\u0631 \u0627\u0644\u0646\u0642\u0627\u0637<\/strong><\/p><\/td><td width=\"165\"><p><strong>\u0627\u0644\u0625\u062c\u0627\u0628\u0629 \u0627\u0644\u0646\u0645\u0648\u0630\u062c\u064a\u0629<\/strong><\/p><\/td><\/tr><tr><td width=\"184\"><p><strong>Anglais scientifique 2<\/strong><\/p><\/td><td width=\"165\"><p><strong><a href=\"https:\/\/www.univ-oeb.dz\/fsesnv\/wp-content\/uploads\/2023\/05\/ANGLAIS-SCIENTIFIQUE-2-\u0627\u0644\u0641\u0648\u062c-1-1.xlsx\">ANGLAIS SCIENTIFIQUE 2( \u0627\u0644\u0641\u0648\u062c 1)<\/a><\/strong><\/p><\/td><td width=\"165\"><p><strong> <a href=\"https:\/\/www.univ-oeb.dz\/fsesnv\/wp-content\/uploads\/2023\/05\/Second-English-Exam-Correction-L3-Phy-mat-fond-1.pdf\">Second English Exam Correction L3 Phy mat &amp; fond<\/a><\/strong><\/p><\/td><\/tr><tr><td width=\"184\"><p><strong>TP Physique Nucl\u00e9aire<\/strong><\/p><\/td><td width=\"165\"><p><strong>\u00a0<\/strong><\/p><\/td><td width=\"165\"><p><strong>\u00a0<\/strong><\/p><\/td><\/tr><tr><td width=\"184\"><p><strong>Physique Nucl\u00e9aire<\/strong><\/p><\/td><td width=\"165\"><p><strong><a href=\"https:\/\/www.univ-oeb.dz\/fsesnv\/wp-content\/uploads\/2023\/05\/PHYSIQUE-NUCLEAIRE-\u0627\u0644\u0641\u0648\u062c-1.xlsx\">PHYSIQUE NUCLEAIRE( \u0627\u0644\u0641\u0648\u062c 1)<\/a><\/strong><\/p><\/td><td width=\"165\"><p><strong> <a href=\"https:\/\/www.univ-oeb.dz\/fsesnv\/wp-content\/uploads\/2023\/05\/corrige-type-phys.-nucleaire.pdf\">corrig\u00e9 type phys. nucl\u00e9aire<\/a> <\/strong><\/p><\/td><\/tr><tr><td width=\"184\"><p><strong>Physique du Solide<\/strong><\/p><\/td><td width=\"165\"><p>\u0645\u0639\u0627\u064a\u0646\u0629 \u0623\u0648\u0631\u0627\u0642 \u0627\u0644\u0625\u0645\u062a\u062d\u0627\u0646 \u064a\u0648\u0645 \u0627\u0644\u0625\u062b\u0646\u064a\u0646 29 \u0645\u0627\u064a 2023\u00a0\u0639\u0644\u0649 \u0627\u0644\u0633\u0627\u0639\u0629 10 \u0635\u0628\u0627\u062d\u0627 \u0628\u0627\u0644\u0642\u0627\u0639\u0629\u00a0D9<\/p><\/td><td width=\"165\"><p><strong>\u00a0<\/strong><\/p><\/td><\/tr><tr><td width=\"184\"><p><strong>Physique des particules<\/strong><\/p><\/td><td width=\"165\"><p><strong>\u00a0<\/strong><\/p><\/td><td width=\"165\"><p><strong>\u00a0<\/strong><\/p><\/td><\/tr><tr><td width=\"184\"><p><strong>Transfert de chaleur<\/strong><\/p><\/td><td width=\"165\"><p><strong> <a href=\"https:\/\/www.univ-oeb.dz\/fsesnv\/wp-content\/uploads\/2023\/05\/PV-note-L3-phy-fond-transfert-de-chaleur.pdf\">PV note L3 phy fond transfert de chaleur<\/a><\/strong><\/p><\/td><td width=\"165\"><p><strong> <a href=\"https:\/\/www.univ-oeb.dz\/fsesnv\/wp-content\/uploads\/2023\/05\/controle-et-corrige-transfert-de-chaleur.pdf\">contr\u00f4le et corrig\u00e9 transfert de chaleur<\/a><\/strong><\/p><\/td><\/tr><tr><td width=\"184\"><p><strong>TP de Physique atomique<\/strong><\/p><\/td><td width=\"165\"><p><strong><a href=\"https:\/\/www.univ-oeb.dz\/fsesnv\/wp-content\/uploads\/2023\/05\/TP-PHYSIQUE-ATOMIQUE-\u0627\u0644\u0641\u0648\u062c-1.pdf\">TP PHYSIQUE ATOMIQUE( \u0627\u0644\u0641\u0648\u062c 1)<\/a><\/strong><\/p><\/td><td width=\"165\"><p><strong> <a href=\"https:\/\/www.univ-oeb.dz\/fsesnv\/wp-content\/uploads\/2023\/05\/Ex-TP_Atom-Corrige-Type-et-Bareme.pdf\">Ex-TP_Atom Corrig\u00e9-Type et Bar\u00e8me<\/a> <\/strong><\/p><\/td><\/tr><tr><td width=\"184\"><p><strong>Optique physique<\/strong><\/p><\/td><td width=\"165\"><p><strong>\u00a0<\/strong><\/p><\/td><td width=\"165\"><p><strong>\u00a0<\/strong><\/p><\/td><\/tr><tr><td width=\"184\"><p><strong>Physique atomique<\/strong><\/p><\/td><td width=\"165\"><p><strong>\u00a0<\/strong><\/p><\/td><td width=\"165\"><p><strong>\u00a0<\/strong><\/p><\/td><\/tr><\/tbody><\/table><\/div>\n\t\t\t\t\t\t\t\t\t<div class=\"elementor-tab-title elementor-tab-mobile-title\" aria-selected=\"false\" data-tab=\"3\" role=\"tab\" tabindex=\"-1\" aria-controls=\"elementor-tab-content-1983\" aria-expanded=\"false\">Chimie fondamentale<\/div>\n\t\t\t\t\t<div id=\"elementor-tab-content-1983\" class=\"elementor-tab-content elementor-clearfix\" data-tab=\"3\" role=\"tabpanel\" aria-labelledby=\"elementor-tab-title-1983\" tabindex=\"0\" hidden=\"hidden\"><p style=\"text-align: center;\"><strong><span style=\"color: #ff0000;\">\u0646\u0642\u0627\u0637 \u0627\u0644\u0633\u062f\u0627\u0633\u064a \u0627\u0644\u062b\u0627\u0646\u064a \u0627\u0644\u0633\u0646\u0629 \u0627\u0644\u062b\u0627\u0644\u062b\u0629 \u0644\u064a\u0633\u0627\u0646\u0633 \u0643\u064a\u0645\u064a\u0627\u0621 \u0627\u0633\u0627\u0633\u064a\u0629<\/span><\/strong><\/p><table width=\"514\"><tbody><tr><td width=\"184\"><p><strong>\u0627\u0644\u0645\u0642\u064a\u0627\u0633<\/strong><\/p><\/td><td width=\"165\"><p><strong>\u0645\u062d\u0627\u0636\u0631 \u0627\u0644\u0646\u0642\u0627\u0637<\/strong><\/p><\/td><td width=\"165\"><p><strong>\u0627\u0644\u0625\u062c\u0627\u0628\u0629 \u0627\u0644\u0646\u0645\u0648\u0630\u062c\u064a\u0629<\/strong><\/p><\/td><\/tr><tr><td width=\"184\"><p><strong>TP M\u00e9thodes physique d\u2019analyses<\/strong><\/p><\/td><td width=\"165\"><p><strong>\u00a0<\/strong><\/p><\/td><td width=\"165\"><p><strong>\u00a0<\/strong><\/p><\/td><\/tr><tr><td width=\"184\"><p><strong>Anglais Scientifique II<\/strong><\/p><\/td><td width=\"165\"><p><strong>\u00a0<\/strong><\/p><\/td><td width=\"165\"><p><strong>\u00a0<\/strong><\/p><\/td><\/tr><tr><td width=\"184\"><p><strong>Chimie des surfaces et catalyse<\/strong><\/p><\/td><td width=\"165\"><p><strong><a href=\"https:\/\/www.univ-oeb.dz\/fsesnv\/wp-content\/uploads\/2023\/05\/Chimie-des-surfaces-et-catalyse-\u0627\u0644\u0641\u0648\u062c-1-1.xlsx\">Chimie des surfaces et catalyse( \u0627\u0644\u0641\u0648\u062c 1) (1)<\/a><\/strong><\/p><\/td><td width=\"165\"><p><strong> <a href=\"https:\/\/www.univ-oeb.dz\/fsesnv\/wp-content\/uploads\/2023\/05\/solution-controle-catalyse.pdf\">solution controle catalyse<\/a> <\/strong><\/p><\/td><\/tr><tr><td width=\"184\"><p><strong>Spectroscopie mol\u00e9culaire<\/strong><\/p><\/td><td width=\"165\"><p><strong>\u00a0<\/strong><\/p><\/td><td width=\"165\"><p><strong>\u00a0<\/strong><\/p><\/td><\/tr><tr><td width=\"184\"><p><strong>TP-Chimie de surface<\/strong><\/p><\/td><td width=\"165\"><p><strong> <a href=\"https:\/\/www.univ-oeb.dz\/fsesnv\/wp-content\/uploads\/2023\/05\/TP-chimie-des-surfaces-\u0627\u0644\u0641\u0648\u062c-1.xlsx\">TP chimie des surfaces ( \u0627\u0644\u0641\u0648\u062c 1)<\/a><\/strong><\/p><\/td><td width=\"165\"><p><strong> <a href=\"https:\/\/www.univ-oeb.dz\/fsesnv\/wp-content\/uploads\/2023\/05\/Corrgie-type-deexaman-Tp-chimie-de-surface-Mai-2023.pdf\">Corrgie type de&rsquo;examan (Tp-chimie de surface-Mai 2023)<\/a><\/strong><\/p><\/td><\/tr><tr><td width=\"184\"><p><strong>Thermodynamique des solutions<\/strong><\/p><\/td><td width=\"165\"><p><strong> <a href=\"https:\/\/www.univ-oeb.dz\/fsesnv\/wp-content\/uploads\/2023\/05\/Thermodynamique-des-solutions-\u0627\u0644\u0641\u0648\u062c-1.xlsx\">Thermodynamique des solutions( \u0627\u0644\u0641\u0648\u062c 1)<\/a><\/strong><\/p><\/td><td width=\"165\"><p><strong> <a href=\"https:\/\/www.univ-oeb.dz\/fsesnv\/wp-content\/uploads\/2023\/05\/img001-3.pdf\">img001 (3)<\/a><\/strong><\/p><p><strong><a href=\"https:\/\/www.univ-oeb.dz\/fsesnv\/wp-content\/uploads\/2023\/05\/img001-2.pdf\">img001 (2)<\/a> <\/strong><\/p><p><strong><a href=\"https:\/\/www.univ-oeb.dz\/fsesnv\/wp-content\/uploads\/2023\/05\/img001-1.pdf\">img001 (1)<\/a> <\/strong><\/p><p><strong><a href=\"https:\/\/www.univ-oeb.dz\/fsesnv\/wp-content\/uploads\/2023\/05\/img001-4.pdf\">img001 (4)<\/a><\/strong><\/p><\/td><\/tr><tr><td width=\"184\"><p><strong>Electrochimie<\/strong><\/p><\/td><td width=\"165\"><p><strong> <a href=\"https:\/\/www.univ-oeb.dz\/fsesnv\/wp-content\/uploads\/2023\/05\/PV-TD-L3-CHIMIE-FOND-.pdf\">PV TD L3 CHIMIE FOND-<\/a><\/strong><\/p><p><strong> <a href=\"https:\/\/www.univ-oeb.dz\/fsesnv\/wp-content\/uploads\/2023\/05\/Electrochimie-L3-Chim-Fond.pdf\">Electrochimie- L3 Chim Fond<\/a><\/strong><\/p><\/td><td width=\"165\"><p><strong> <a href=\"https:\/\/www.univ-oeb.dz\/fsesnv\/wp-content\/uploads\/2023\/05\/Corrige-Type-ELECTROCHIMIE-L3-chimie-fondament-2023.pdf\">Corrig\u00e9 Type-ELECTROCHIMIE-L3 chimie fondament-2023<\/a><\/strong><\/p><\/td><\/tr><tr><td width=\"184\"><p><strong>Ethique et d\u00e9ontologie<\/strong><\/p><\/td><td width=\"165\"><p><strong> <a href=\"https:\/\/www.univ-oeb.dz\/fsesnv\/wp-content\/uploads\/2023\/05\/Ethique-et-Deontologie-\u0627\u0644\u0641\u0648\u062c-1.pdf\">Ethique et D\u00e9ontologie( \u0627\u0644\u0641\u0648\u062c 1)<\/a><\/strong><\/p><\/td><td width=\"165\"><p><strong> <a href=\"https:\/\/www.univ-oeb.dz\/fsesnv\/wp-content\/uploads\/2023\/05\/controle-ethique-2023.pdf\">controle \u00e9thique 2023<\/a><\/strong><\/p><\/td><\/tr><\/tbody><\/table><\/div>\n\t\t\t\t\t\t\t\t\t<div class=\"elementor-tab-title elementor-tab-mobile-title\" aria-selected=\"false\" data-tab=\"4\" role=\"tab\" tabindex=\"-1\" aria-controls=\"elementor-tab-content-1984\" aria-expanded=\"false\">Chimie pharmaceutique<\/div>\n\t\t\t\t\t<div id=\"elementor-tab-content-1984\" class=\"elementor-tab-content elementor-clearfix\" data-tab=\"4\" role=\"tabpanel\" aria-labelledby=\"elementor-tab-title-1984\" tabindex=\"0\" hidden=\"hidden\"><p style=\"text-align: center;\"><strong><span style=\"color: #ff0000;\">\u0646\u0642\u0627\u0637 \u0627\u0644\u0633\u062f\u0627\u0633\u064a \u0627\u0644\u062b\u0627\u0646\u064a \u0627\u0644\u0633\u0646\u0629 \u0627\u0644\u062b\u0627\u0644\u062b\u0629 \u0644\u064a\u0633\u0627\u0646\u0633 \u0643\u064a\u0645\u064a\u0627\u0621 \u0635\u064a\u062f\u0644\u0627\u0646\u064a\u0629<\/span><\/strong><\/p><table width=\"514\"><tbody><tr><td width=\"184\"><p><strong>\u0627\u0644\u0645\u0642\u064a\u0627\u0633<\/strong><\/p><\/td><td width=\"165\"><p><strong>\u0645\u062d\u0627\u0636\u0631 \u0627\u0644\u0646\u0642\u0627\u0637<\/strong><\/p><\/td><td width=\"165\"><p><strong>\u0627\u0644\u0625\u062c\u0627\u0628\u0629 \u0627\u0644\u0646\u0645\u0648\u0630\u062c\u064a\u0629<\/strong><\/p><\/td><\/tr><tr><td width=\"184\"><p><strong>Ethique et D\u00e9ontologie Universitaire<\/strong><\/p><\/td><td width=\"165\"><p><strong> <a href=\"https:\/\/www.univ-oeb.dz\/fsesnv\/wp-content\/uploads\/2023\/05\/Ethique-et-deontologie-universitaire-\u0627\u0644\u0641\u0648\u062c-1.pdf\">Ethique et d\u00e9ontologie universitaire( \u0627\u0644\u0641\u0648\u062c 1)<\/a><\/strong><\/p><\/td><td width=\"165\"><p><strong> <a href=\"https:\/\/www.univ-oeb.dz\/fsesnv\/wp-content\/uploads\/2023\/05\/controle-ethique-2023-1.pdf\">controle \u00e9thique 2023<\/a><\/strong><\/p><\/td><\/tr><tr><td width=\"184\"><p><strong>Pharmacie gal\u00e9nique<\/strong><\/p><\/td><td width=\"165\"><p><strong>\u00a0<\/strong><\/p><\/td><td width=\"165\"><p><strong>\u00a0<\/strong><\/p><\/td><\/tr><tr><td width=\"184\"><p><strong>TP m\u00e9thodes de s\u00e9paration appliqu\u00e9e aux produits pharmaceutiques<\/strong><\/p><\/td><td width=\"165\"><p><strong>\u00a0<\/strong><\/p><\/td><td width=\"165\"><p><strong>\u00a0<\/strong><\/p><\/td><\/tr><tr><td width=\"184\"><p><strong>Biochimie structurale<\/strong><\/p><\/td><td width=\"165\"><p><strong> <a href=\"https:\/\/www.univ-oeb.dz\/fsesnv\/wp-content\/uploads\/2023\/05\/Biochimie-structurale-2023.xlsx\">Biochimie structurale 2023<\/a> <\/strong><\/p><\/td><td width=\"165\"><p><strong> <a href=\"https:\/\/www.univ-oeb.dz\/fsesnv\/wp-content\/uploads\/2023\/05\/cor-cont-2023.pdf\">cor-cont-2023<\/a><\/strong><\/p><\/td><\/tr><tr><td width=\"184\"><p><strong>Bonnes Pratiques de fabrication et bonnes pratiques de laboratoire<\/strong><\/p><\/td><td width=\"165\"><p><strong> <a href=\"https:\/\/www.univ-oeb.dz\/fsesnv\/wp-content\/uploads\/2023\/06\/pv-de-notes-bonnes-pratiques-de-fabrication-pdf.xlsx\">pv de notes bonnes pratiques de fabrication pdf<\/a><\/strong><\/p><\/td><td width=\"165\"><p><strong> <a href=\"https:\/\/www.univ-oeb.dz\/fsesnv\/wp-content\/uploads\/2023\/06\/corrige-type-avec-bareme-examen-bpf-2023-pdf.pdf\">corrig\u00e9 type avec bar\u00e8me examen bpf 2023 pdf<\/a><\/strong><\/p><\/td><\/tr><tr><td width=\"184\"><p><strong>M\u00e9thodes d\u2019analyse quantitative<\/strong><\/p><\/td><td width=\"165\"><p><strong>\u00a0<\/strong><\/p><\/td><td width=\"165\"><p><strong>\u00a0<\/strong><\/p><\/td><\/tr><tr><td width=\"184\"><p><strong>M\u00e9thodes chromatographiques de s\u00e9paration<\/strong><\/p><\/td><td width=\"165\"><p><strong>\u00a0<\/strong><\/p><\/td><td width=\"165\"><p><strong>\u00a0<\/strong><\/p><\/td><\/tr><tr><td width=\"184\"><p><strong>Mod\u00e9lisations Mol\u00e9culaires<\/strong><\/p><\/td><td width=\"165\"><p><strong> <a href=\"https:\/\/www.univ-oeb.dz\/fsesnv\/wp-content\/uploads\/2023\/05\/Modelisations-Moleculaires-\u0627\u0644\u0641\u0648\u062c-1.xlsx\">Mod\u00e9lisations Mol\u00e9culaires( \u0627\u0644\u0641\u0648\u062c 1)<\/a><\/strong><\/p><\/td><td width=\"165\"><p><strong> <a href=\"https:\/\/www.univ-oeb.dz\/fsesnv\/wp-content\/uploads\/2023\/05\/Corrgie-type-deexaman-Modelisation-moleculaire-Mai-2023.pdf\">Corrgie type de&rsquo;examan (Modelisation moleculaire-Mai 2023)<\/a><\/strong><\/p><\/td><\/tr><tr><td width=\"184\"><p><strong>Chimie organique approfondie II<\/strong><\/p><\/td><td width=\"165\"><p><strong> <a href=\"https:\/\/www.univ-oeb.dz\/fsesnv\/wp-content\/uploads\/2023\/05\/Copie-de-PV-TD-L3-CHIMIE-PHARM.xls\">Copie de PV TD L3 CHIMIE PHARM<\/a><\/strong><\/p><p><strong> <a href=\"https:\/\/www.univ-oeb.dz\/fsesnv\/wp-content\/uploads\/2023\/05\/Copie-de-Chimie-Organique-Approfondie-II-\u0627\u0644\u0641\u0648\u062c-1.xlsx\">Copie de Chimie Organique Approfondie II( \u0627\u0644\u0641\u0648\u062c 1)<\/a><\/strong><\/p><\/td><td width=\"165\"><p><strong> <a href=\"https:\/\/www.univ-oeb.dz\/fsesnv\/wp-content\/uploads\/2023\/05\/correction-chimie-organique-.docx\">correction chimie organique<\/a><\/strong><\/p><p><strong> <a href=\"https:\/\/www.univ-oeb.dz\/fsesnv\/wp-content\/uploads\/2023\/05\/\u0627\u0645\u062a\u062d\u0627\u0646-\u0627\u0644\u0643\u064a\u0645\u064a\u0627\u0621-\u0627\u0644\u0645\u0639\u0645\u0642\u0629-2.docx\">\u0627\u0645\u062a\u062d\u0627\u0646 \u0627\u0644\u0643\u064a\u0645\u064a\u0627\u0621 \u0627\u0644\u0645\u0639\u0645\u0642\u0629 2<\/a><\/strong><\/p><\/td><\/tr><\/tbody><\/table><\/div>\n\t\t\t\t\t\t\t<\/div>\n\t\t<\/div>\n\t\t\t\t\t\t<\/div>\n\t\t\t\t<\/div>\n\t\t\t\t\t<\/div>\n\t\t<\/div>\n\t\t\t\t\t<\/div>\n\t\t<\/section>\n\t\t\t\t<\/div>\n\t\t","protected":false},"excerpt":{"rendered":"<p>Physique des mat\u00e9riaux Physique fondamentale Chimie fondamentale Chimie pharmaceutique Physique des mat\u00e9riaux \u0646\u0642\u0627\u0637 \u0627\u0644\u0633\u062f\u0627\u0633\u064a \u0627\u0644\u062b\u0627\u0646\u064a \u0627\u0644\u0633\u0646\u0629 \u0627\u0644\u062b\u0627\u0644\u062b\u0629 \u0644\u064a\u0633\u0627\u0646\u0633 \u0641\u064a\u0632\u064a\u0627\u0621 \u0627\u0644\u0645\u0648\u0627\u062f \u0627\u0644\u0645\u0642\u064a\u0627\u0633 \u0645\u062d\u0627\u0636\u0631 \u0627\u0644\u0646\u0642\u0627\u0637 \u0627\u0644\u0625\u062c\u0627\u0628\u0629 \u0627\u0644\u0646\u0645\u0648\u0630\u062c\u064a\u0629 TP Logiciel \u00a0 \u00a0 Physique de solide 2 TP Physique de solide( \u0627\u0644\u0641\u0648\u062c 1) Physique de Solide 2( \u0627\u0644\u0641\u0648\u062c 1) PV TP L3 PHYS DES MAT-2 (1)tp PV TD L3 &hellip;<\/p>\n","protected":false},"author":1,"featured_media":0,"parent":0,"menu_order":0,"comment_status":"closed","ping_status":"closed","template":"","meta":{"footnotes":""},"class_list":["post-6765","page","type-page","status-publish","hentry"],"_links":{"self":[{"href":"https:\/\/www.univ-oeb.dz\/fsesnv\/wp-json\/wp\/v2\/pages\/6765","targetHints":{"allow":["GET"]}}],"collection":[{"href":"https:\/\/www.univ-oeb.dz\/fsesnv\/wp-json\/wp\/v2\/pages"}],"about":[{"href":"https:\/\/www.univ-oeb.dz\/fsesnv\/wp-json\/wp\/v2\/types\/page"}],"author":[{"embeddable":true,"href":"https:\/\/www.univ-oeb.dz\/fsesnv\/wp-json\/wp\/v2\/users\/1"}],"replies":[{"embeddable":true,"href":"https:\/\/www.univ-oeb.dz\/fsesnv\/wp-json\/wp\/v2\/comments?post=6765"}],"version-history":[{"count":0,"href":"https:\/\/www.univ-oeb.dz\/fsesnv\/wp-json\/wp\/v2\/pages\/6765\/revisions"}],"wp:attachment":[{"href":"https:\/\/www.univ-oeb.dz\/fsesnv\/wp-json\/wp\/v2\/media?parent=6765"}],"curies":[{"name":"wp","href":"https:\/\/api.w.org\/{rel}","templated":true}]}}