{"id":6759,"date":"2023-05-24T11:30:57","date_gmt":"2023-05-24T10:30:57","guid":{"rendered":"http:\/\/www.univ-oeb.dz\/fsesnv\/?page_id=6759"},"modified":"2023-06-03T11:47:54","modified_gmt":"2023-06-03T10:47:54","slug":"%d9%86%d9%82%d8%a7%d8%b7-%d8%a7%d9%84%d8%b3%d9%86%d8%a9-%d8%a7%d9%84%d8%ab%d8%a7%d9%86%d9%8a%d8%a9-%d9%84%d9%8a%d8%b3%d8%a7%d9%86%d8%b3-%d9%82%d8%b3%d9%85-%d8%b9%d9%84%d9%88%d9%85-%d8%a7%d9%84%d9%85","status":"publish","type":"page","link":"https:\/\/www.univ-oeb.dz\/fsesnv\/%d9%86%d9%82%d8%a7%d8%b7-%d8%a7%d9%84%d8%b3%d9%86%d8%a9-%d8%a7%d9%84%d8%ab%d8%a7%d9%86%d9%8a%d8%a9-%d9%84%d9%8a%d8%b3%d8%a7%d9%86%d8%b3-%d9%82%d8%b3%d9%85-%d8%b9%d9%84%d9%88%d9%85-%d8%a7%d9%84%d9%85\/","title":{"rendered":"\u0646\u0642\u0627\u0637 \u0627\u0644\u0633\u0646\u0629 \u0627\u0644\u062b\u0627\u0646\u064a\u0629 \u0644\u064a\u0633\u0627\u0646\u0633 -\u0642\u0633\u0645 \u0639\u0644\u0648\u0645 \u0627\u0644\u0645\u0627\u062f\u0629-"},"content":{"rendered":"\t\t<div data-elementor-type=\"wp-page\" data-elementor-id=\"6759\" class=\"elementor elementor-6759\">\n\t\t\t\t\t\t<section class=\"elementor-section elementor-top-section elementor-element elementor-element-822d16e elementor-section-boxed elementor-section-height-default elementor-section-height-default\" data-id=\"822d16e\" data-element_type=\"section\">\n\t\t\t\t\t\t<div class=\"elementor-container elementor-column-gap-default\">\n\t\t\t\t\t<div class=\"elementor-column elementor-col-100 elementor-top-column elementor-element elementor-element-4fa413b\" data-id=\"4fa413b\" data-element_type=\"column\">\n\t\t\t<div class=\"elementor-widget-wrap elementor-element-populated\">\n\t\t\t\t\t\t<div class=\"elementor-element elementor-element-5cba064 elementor-tabs-view-horizontal elementor-widget elementor-widget-tabs\" data-id=\"5cba064\" data-element_type=\"widget\" data-widget_type=\"tabs.default\">\n\t\t\t\t<div class=\"elementor-widget-container\">\n\t\t\t\t\t\t\t<div class=\"elementor-tabs\">\n\t\t\t<div class=\"elementor-tabs-wrapper\" role=\"tablist\" >\n\t\t\t\t\t\t\t\t\t<div id=\"elementor-tab-title-9721\" class=\"elementor-tab-title elementor-tab-desktop-title\" aria-selected=\"true\" data-tab=\"1\" role=\"tab\" tabindex=\"0\" aria-controls=\"elementor-tab-content-9721\" aria-expanded=\"false\">\u0641\u064a\u0632\u064a\u0627\u0621<\/div>\n\t\t\t\t\t\t\t\t\t<div id=\"elementor-tab-title-9722\" class=\"elementor-tab-title elementor-tab-desktop-title\" aria-selected=\"false\" data-tab=\"2\" role=\"tab\" tabindex=\"-1\" aria-controls=\"elementor-tab-content-9722\" aria-expanded=\"false\">\u0643\u064a\u0645\u064a\u0627\u0621<\/div>\n\t\t\t\t\t\t\t<\/div>\n\t\t\t<div class=\"elementor-tabs-content-wrapper\" role=\"tablist\" aria-orientation=\"vertical\">\n\t\t\t\t\t\t\t\t\t<div class=\"elementor-tab-title elementor-tab-mobile-title\" aria-selected=\"true\" data-tab=\"1\" role=\"tab\" tabindex=\"0\" aria-controls=\"elementor-tab-content-9721\" aria-expanded=\"false\">\u0641\u064a\u0632\u064a\u0627\u0621<\/div>\n\t\t\t\t\t<div id=\"elementor-tab-content-9721\" class=\"elementor-tab-content elementor-clearfix\" data-tab=\"1\" role=\"tabpanel\" aria-labelledby=\"elementor-tab-title-9721\" tabindex=\"0\" hidden=\"false\"><p style=\"text-align: center;\"><strong><span style=\"color: #ff0000;\">\u0646\u0642\u0627\u0637 \u0627\u0644\u0633\u062f\u0627\u0633\u064a \u0627\u0644\u062b\u0627\u0646\u064a \u0627\u0644\u0633\u0646\u0629 \u0627\u0644\u062b\u0627\u0646\u064a\u0629 \u0644\u064a\u0633\u0627\u0646\u0633 \u0641\u064a\u0632\u064a\u0627\u0621<\/span><\/strong><\/p><table width=\"514\"><tbody><tr><td width=\"184\"><p><strong>\u0627\u0644\u0645\u0642\u064a\u0627\u0633<\/strong><\/p><\/td><td width=\"165\"><p><strong>\u0645\u062d\u0627\u0636\u0631 \u0627\u0644\u0646\u0642\u0627\u0637<\/strong><\/p><\/td><td width=\"165\"><p><strong>\u0627\u0644\u0625\u062c\u0627\u0628\u0629 \u0627\u0644\u0646\u0645\u0648\u0630\u062c\u064a\u0629<\/strong><\/p><\/td><\/tr><tr><td width=\"184\"><p><strong>M\u00e9canique des fluides<\/strong><\/p><\/td><td width=\"165\"><p><strong> <a href=\"https:\/\/www.univ-oeb.dz\/fsesnv\/wp-content\/uploads\/2023\/05\/afffffmdf.pdf\">note + corrig\u00e9 <\/a><\/strong><\/p><\/td><td width=\"165\"><p><strong> <a href=\"https:\/\/www.univ-oeb.dz\/fsesnv\/wp-content\/uploads\/2023\/05\/afffffmdf.pdf\">note + corrig\u00e9 <\/a><\/strong><\/p><\/td><\/tr><tr><td width=\"184\"><p><strong>Thermodynamique<\/strong><\/p><\/td><td width=\"165\"><p><strong> <a href=\"https:\/\/www.univ-oeb.dz\/fsesnv\/wp-content\/uploads\/2023\/05\/Notescorrige-Thermo.pdf\">Notes+corrig\u00e9 Thermo<\/a><\/strong><\/p><\/td><td width=\"165\"><p><strong> <a href=\"https:\/\/www.univ-oeb.dz\/fsesnv\/wp-content\/uploads\/2023\/05\/Notescorrige-Thermo.pdf\">Notes+corrig\u00e9 Thermo<\/a><\/strong><\/p><\/td><\/tr><tr><td width=\"184\"><p><strong>\u00c9lectromagn\u00e9tisme<\/strong><\/p><\/td><td width=\"165\"><p><strong>\u00a0<\/strong><\/p><\/td><td width=\"165\"><p><strong>\u00a0<\/strong><\/p><\/td><\/tr><tr><td width=\"184\"><p><strong>Fonction \u00e0 variables complexes<\/strong><\/p><\/td><td width=\"165\">\u00a0<\/td><td width=\"165\">\u00a0<\/td><\/tr><tr><td width=\"184\"><p><strong>Phys atom et nucl<\/strong><\/p><\/td><td width=\"165\"><p><strong>\u00a0<\/strong><\/p><\/td><td width=\"165\"><p><strong>\u00a0<\/strong><\/p><\/td><\/tr><tr><td width=\"184\"><p><strong>M\u00e9canique Quantique<\/strong><\/p><\/td><td width=\"165\"><p><strong> <a href=\"https:\/\/www.univ-oeb.dz\/fsesnv\/wp-content\/uploads\/2023\/06\/MECANIQUE-QUANTIQUE4-\u0627\u0644\u0641\u0648\u062c-2-2.xlsx\">MECANIQUE QUANTIQUE4( \u0627\u0644\u0641\u0648\u062c 2) (2)<\/a><\/strong><\/p><p><strong> <a href=\"https:\/\/www.univ-oeb.dz\/fsesnv\/wp-content\/uploads\/2023\/06\/MECANIQUE-QUANTIQUE4-\u0627\u0644\u0641\u0648\u062c-1-3.xlsx\">MECANIQUE QUANTIQUE4( \u0627\u0644\u0641\u0648\u062c 1) (3)<\/a><\/strong><\/p><\/td><td width=\"165\"><p><strong> <a href=\"https:\/\/www.univ-oeb.dz\/fsesnv\/wp-content\/uploads\/2023\/06\/examen-mq-2023.docx\">examen mq 2023<\/a><\/strong><\/p><p><strong><a href=\"https:\/\/www.univ-oeb.dz\/fsesnv\/wp-content\/uploads\/2023\/06\/co-mq-2023.docx\">co mq 2023<\/a><\/strong><\/p><\/td><\/tr><tr><td width=\"184\"><p><strong>TP Thermodynamique<\/strong><\/p><\/td><td width=\"165\"><p><strong> <a href=\"https:\/\/www.univ-oeb.dz\/fsesnv\/wp-content\/uploads\/2023\/05\/Notescorrige-TP-Thermo.pdf\">Notes+corrig\u00e9 TP Thermo<\/a><\/strong><\/p><\/td><td width=\"165\"><p><strong> <a href=\"https:\/\/www.univ-oeb.dz\/fsesnv\/wp-content\/uploads\/2023\/05\/Notescorrige-TP-Thermo.pdf\">Notes+corrig\u00e9 TP Thermo<\/a><\/strong><\/p><\/td><\/tr><tr><td width=\"184\"><p><strong>Electronique\u00a0<\/strong><b>g\u00e9n\u00e9rale<\/b><\/p><\/td><td width=\"165\"><p><strong> <a href=\"https:\/\/www.univ-oeb.dz\/fsesnv\/wp-content\/uploads\/2023\/05\/PV-TP-L2-PHYSIQUE.xls\">PV TP L2 PHYSIQUE<\/a><\/strong><\/p><p><strong> <a href=\"https:\/\/www.univ-oeb.dz\/fsesnv\/wp-content\/uploads\/2023\/05\/ELECTRONIQUE-GENERALE4-\u0627\u0644\u0641\u0648\u062c-2.xlsx\">ELECTRONIQUE GENERALE4( \u0627\u0644\u0641\u0648\u062c 2)<\/a><\/strong><\/p><p><strong> <a href=\"https:\/\/www.univ-oeb.dz\/fsesnv\/wp-content\/uploads\/2023\/05\/ELECTRONIQUE-GENERALE4-\u0627\u0644\u0641\u0648\u062c-1.xlsx\">ELECTRONIQUE GENERALE4( \u0627\u0644\u0641\u0648\u062c 1)<\/a><\/strong><\/p><p>ZAHAF Hassane note:17,50 ;\u00a0<\/p><p>LAIEB Samia note:17,00 ;\u00a0<\/p><p>BOUCHELAGHEM\u00a0 Assala Nesrine note:14,50<\/p><\/td><td width=\"165\"><p><strong> <a href=\"https:\/\/www.univ-oeb.dz\/fsesnv\/wp-content\/uploads\/2023\/05\/corrige-Type-EG.pdf\">corrig\u00e9 Type EG<\/a><\/strong><\/p><\/td><\/tr><tr><td width=\"184\"><p><strong>Langue\u00a0<\/strong><b>\u00e9trang\u00e8re<\/b><\/p><\/td><td width=\"165\"><p><strong>\u00a0<\/strong><\/p><\/td><td width=\"165\"><p><strong>\u00a0<\/strong><\/p><\/td><\/tr><\/tbody><\/table><\/div>\n\t\t\t\t\t\t\t\t\t<div class=\"elementor-tab-title elementor-tab-mobile-title\" aria-selected=\"false\" data-tab=\"2\" role=\"tab\" tabindex=\"-1\" aria-controls=\"elementor-tab-content-9722\" aria-expanded=\"false\">\u0643\u064a\u0645\u064a\u0627\u0621<\/div>\n\t\t\t\t\t<div id=\"elementor-tab-content-9722\" class=\"elementor-tab-content elementor-clearfix\" data-tab=\"2\" role=\"tabpanel\" aria-labelledby=\"elementor-tab-title-9722\" tabindex=\"0\" hidden=\"hidden\"><p style=\"text-align: center;\"><strong><span style=\"color: #ff0000;\">\u0646\u0642\u0627\u0637 \u0627\u0644\u0633\u062f\u0627\u0633\u064a \u0627\u0644\u062b\u0627\u0646\u064a \u0627\u0644\u0633\u0646\u0629 \u0627\u0644\u062b\u0627\u0646\u064a\u0629 \u0644\u064a\u0633\u0627\u0646\u0633 \u0643\u064a\u0645\u064a\u0627\u0621<\/span><\/strong><\/p><table width=\"514\"><tbody><tr><td width=\"184\"><p><strong>\u0627\u0644\u0645\u0642\u064a\u0627\u0633<\/strong><\/p><\/td><td width=\"165\"><p><strong>\u0645\u062d\u0627\u0636\u0631 \u0627\u0644\u0646\u0642\u0627\u0637<\/strong><\/p><\/td><td width=\"165\"><p><strong>\u0627\u0644\u0625\u062c\u0627\u0628\u0629 \u0627\u0644\u0646\u0645\u0648\u0630\u062c\u064a\u0629<\/strong><\/p><\/td><\/tr><tr><td width=\"184\"><p><strong>Langues \u00e9trang\u00e8res 4<\/strong><\/p><\/td><td width=\"165\"><p><strong> <a href=\"https:\/\/www.univ-oeb.dz\/fsesnv\/wp-content\/uploads\/2023\/05\/LANGUES-ETRANGERES4-\u0627\u0644\u0641\u0648\u062c-1.xlsx\">LANGUES ETRANGERES4( \u0627\u0644\u0641\u0648\u062c 1)<\/a><\/strong><\/p><p><strong> <a href=\"https:\/\/www.univ-oeb.dz\/fsesnv\/wp-content\/uploads\/2023\/05\/LANGUES-ETRANGERES4-\u0627\u0644\u0641\u0648\u062c-2.xlsx\">LANGUES ETRANGERES4( \u0627\u0644\u0641\u0648\u062c 2)<\/a><\/strong><\/p><p><strong> <a href=\"https:\/\/www.univ-oeb.dz\/fsesnv\/wp-content\/uploads\/2023\/05\/LANGUES-ETRANGERES4-\u0627\u0644\u0641\u0648\u062c-3.xlsx\">LANGUES ETRANGERES4( \u0627\u0644\u0641\u0648\u062c 3)<\/a><\/strong><\/p><\/td><td width=\"165\"><p><strong> <a href=\"https:\/\/www.univ-oeb.dz\/fsesnv\/wp-content\/uploads\/2023\/05\/Second-English-Exam-Correction-L2-chem.pdf\">Second English Exam Correction L2 chem<\/a><\/strong><\/p><\/td><\/tr><tr><td width=\"184\"><p><strong>Techniques d\u2019Analyse Physico-chimique II<\/strong><\/p><\/td><td width=\"165\"><p><strong>\u00a0<\/strong><\/p><\/td><td width=\"165\"><p><strong>\u00a0<\/strong><\/p><\/td><\/tr><tr><td width=\"184\"><p><strong>Thermodynamique et cin\u00e9tique chimique<\/strong><\/p><\/td><td width=\"165\"><p><strong> <a href=\"https:\/\/www.univ-oeb.dz\/fsesnv\/wp-content\/uploads\/2023\/05\/THERMODYNAMIQUE-ET-CINETIQUE-CHIMIQUE-\u0627\u0644\u0641\u0648\u062c-2-2.xlsx\">THERMODYNAMIQUE ET CINETIQUE CHIMIQUE ( \u0627\u0644\u0641\u0648\u062c 2) (2)<\/a><\/strong><\/p><p><strong> <a href=\"https:\/\/www.univ-oeb.dz\/fsesnv\/wp-content\/uploads\/2023\/05\/THERMODYNAMIQUE-ET-CINETIQUE-CHIMIQUE-\u0627\u0644\u0641\u0648\u062c-3-2.xlsx\">THERMODYNAMIQUE ET CINETIQUE CHIMIQUE ( \u0627\u0644\u0641\u0648\u062c 3) (2)<\/a><\/strong><\/p><p><strong> <a href=\"https:\/\/www.univ-oeb.dz\/fsesnv\/wp-content\/uploads\/2023\/05\/THERMODYNAMIQUE-ET-CINETIQUE-CHIMIQUE-\u0627\u0644\u0641\u0648\u062c-1-2.xlsx\">THERMODYNAMIQUE ET CINETIQUE CHIMIQUE ( \u0627\u0644\u0641\u0648\u062c 1) (2)<\/a><\/strong><\/p><\/td><td width=\"165\"><p><strong> <a href=\"https:\/\/www.univ-oeb.dz\/fsesnv\/wp-content\/uploads\/2023\/05\/IMG202305280949451.pdf\">IMG20230528094945[1]<\/a><\/strong><\/p><\/td><\/tr><tr><td width=\"184\"><p><strong>TP Chimie Analytique<\/strong><\/p><\/td><td width=\"165\"><p><strong> <a href=\"https:\/\/www.univ-oeb.dz\/fsesnv\/wp-content\/uploads\/2023\/05\/TP-CHIMIE-ANAL2023-\u0627\u0644\u0641\u0648\u062c-2.xlsx\">TP CHIMIE ANAL2023( \u0627\u0644\u0641\u0648\u062c 2)<\/a> <\/strong><\/p><p><strong><a href=\"https:\/\/www.univ-oeb.dz\/fsesnv\/wp-content\/uploads\/2023\/05\/PV-TD-L2-CHIMIE-2023.xls\">PV TD L2 CHIMIE 2023<\/a> <\/strong><\/p><p><strong><a href=\"https:\/\/www.univ-oeb.dz\/fsesnv\/wp-content\/uploads\/2023\/05\/Copie-de-TP-CHIMIE-ANAL2023-\u0627\u0644\u0641\u0648\u062c-3.xlsx\">Copie de TP CHIMIE ANAL2023( \u0627\u0644\u0641\u0648\u062c 3)<\/a><\/strong><\/p><p><strong> <a href=\"https:\/\/www.univ-oeb.dz\/fsesnv\/wp-content\/uploads\/2023\/05\/Copie-de-TP-CHIMIE-ANAL-2023-\u0627\u0644\u0641\u0648\u062c-1.xlsx\">Copie de TP CHIMIE ANAL 2023( \u0627\u0644\u0641\u0648\u062c 1)<\/a><\/strong><\/p><\/td><td width=\"165\"><p><strong> <a href=\"https:\/\/www.univ-oeb.dz\/fsesnv\/wp-content\/uploads\/2023\/05\/\u062a\u0635\u062d\u064a\u062d-\u0627\u0645\u062a\u062d\u0627\u0646-\u0627\u0644\u0643\u064a\u0645\u064a\u0627\u0621-2023\u0627\u0644\u062a\u062d\u0644\u064a\u0644\u064a\u0629.docx\">\u062a\u0635\u062d\u064a\u062d \u0627\u0645\u062a\u062d\u0627\u0646 \u0627\u0644\u0643\u064a\u0645\u064a\u0627\u0621 2023\u0627\u0644\u062a\u062d\u0644\u064a\u0644\u064a\u0629<\/a><\/strong><\/p><p><strong> <a href=\"https:\/\/www.univ-oeb.dz\/fsesnv\/wp-content\/uploads\/2023\/05\/\u0627\u0645\u062a\u062d\u0627\u0646-2023\u0627\u0644\u0643\u064a\u0645\u064a\u0627\u0621-\u0627\u0644\u062a\u062d\u0644\u064a\u0644\u064a\u0629.docx\">\u0627\u0645\u062a\u062d\u0627\u0646 2023\u0627\u0644\u0643\u064a\u0645\u064a\u0627\u0621 \u0627\u0644\u062a\u062d\u0644\u064a\u0644\u064a\u0629<\/a> <\/strong><\/p><\/td><\/tr><tr><td width=\"184\"><p><strong>Chimie Quantique<\/strong><\/p><\/td><td width=\"165\"><p><strong>\u00a0<\/strong><\/p><\/td><td width=\"165\"><p><strong>\u00a0<\/strong><\/p><\/td><\/tr><tr><td width=\"184\"><p><strong>Chimie Analytique<\/strong><\/p><\/td><td width=\"165\"><p><strong> <a href=\"https:\/\/www.univ-oeb.dz\/fsesnv\/wp-content\/uploads\/2023\/05\/CHIMIE-ANALYTIQUE4-Suite.xlsx\">CHIMIE ANALYTIQUE4 Suite<\/a><\/strong><\/p><p><strong> <a href=\"https:\/\/www.univ-oeb.dz\/fsesnv\/wp-content\/uploads\/2023\/05\/CHIMIE-ANALYTIQUE4-\u0627\u0644\u0641\u0648\u062c-3.xlsx\">CHIMIE ANALYTIQUE4 ( \u0627\u0644\u0641\u0648\u062c 3)<\/a><\/strong><\/p><p><strong> <a href=\"https:\/\/www.univ-oeb.dz\/fsesnv\/wp-content\/uploads\/2023\/05\/CHIMIE-ANALYTIQUE4-\u0627\u0644\u0641\u0648\u062c-2.xlsx\">CHIMIE ANALYTIQUE4 ( \u0627\u0644\u0641\u0648\u062c 2)<\/a><\/strong><\/p><p><strong> <a href=\"https:\/\/www.univ-oeb.dz\/fsesnv\/wp-content\/uploads\/2023\/05\/CHIMIE-ANALYTIQUE4-\u0627\u0644\u0641\u0648\u062c-1.xlsx\">CHIMIE ANALYTIQUE4 ( \u0627\u0644\u0641\u0648\u062c 1)<\/a><\/strong><\/p><\/td><td width=\"165\"><p><strong> <a href=\"https:\/\/www.univ-oeb.dz\/fsesnv\/wp-content\/uploads\/2023\/05\/Corrige-type-Analytique-I-2022-2023.docx\">Corrig\u00e9 type Analytique I 2022-2023<\/a><\/strong><\/p><\/td><\/tr><tr><td width=\"184\"><p><strong>Chimie organique II<\/strong><\/p><\/td><td width=\"165\"><p><strong> <a href=\"https:\/\/www.univ-oeb.dz\/fsesnv\/wp-content\/uploads\/2023\/05\/CHIMIE-ORGANIQUE2-\u0627\u0644\u0641\u0648\u062c-3.pdf\">CHIMIE ORGANIQUE2( \u0627\u0644\u0641\u0648\u062c 3)<\/a><\/strong><\/p><p><strong> <a href=\"https:\/\/www.univ-oeb.dz\/fsesnv\/wp-content\/uploads\/2023\/05\/CHIMIE-ORGANIQUE2-\u0627\u0644\u0641\u0648\u062c-2.pdf\">CHIMIE ORGANIQUE2( \u0627\u0644\u0641\u0648\u062c 2)<\/a> <\/strong><\/p><p><strong><a href=\"https:\/\/www.univ-oeb.dz\/fsesnv\/wp-content\/uploads\/2023\/05\/CHIMIE-ORGANIQUE2-\u0627\u0644\u0641\u0648\u062c-1.pdf\">CHIMIE ORGANIQUE2( \u0627\u0644\u0641\u0648\u062c 1)<\/a><\/strong><\/p><\/td><td width=\"165\"><p><strong> <a href=\"https:\/\/www.univ-oeb.dz\/fsesnv\/wp-content\/uploads\/2023\/05\/Correction-dexamen-de-Chimie-Organique-2.pdf\">Correction d\u2019examen de Chimie Organique 2<\/a><\/strong><\/p><\/td><\/tr><tr><td width=\"184\"><p><strong>TP Thermodynamique et<\/strong><strong> Cin\u00e9tique Chimique<\/strong><\/p><\/td><td width=\"165\"><p><strong> <a href=\"https:\/\/www.univ-oeb.dz\/fsesnv\/wp-content\/uploads\/2023\/05\/TP-THERMODYNAMIQUE-ET-CINETIQUE-CHIMIQUE-\u0627\u0644\u0641\u0648\u062c-3.xlsx\">TP THERMODYNAMIQUE ET CINETIQUE CHIMIQUE( \u0627\u0644\u0641\u0648\u062c 3)<\/a><\/strong><\/p><p><strong> <a href=\"https:\/\/www.univ-oeb.dz\/fsesnv\/wp-content\/uploads\/2023\/05\/TP-THERMODYNAMIQUE-ET-CINETIQUE-CHIMIQUE-\u0627\u0644\u0641\u0648\u062c-2.xlsx\">TP THERMODYNAMIQUE ET CINETIQUE CHIMIQUE( \u0627\u0644\u0641\u0648\u062c 2)<\/a> <\/strong><\/p><p><strong><a href=\"https:\/\/www.univ-oeb.dz\/fsesnv\/wp-content\/uploads\/2023\/05\/TP-THERMODYNAMIQUE-ET-CINETIQUE-CHIMIQUE-\u0627\u0644\u0641\u0648\u062c-1.xlsx\">TP THERMODYNAMIQUE ET CINETIQUE CHIMIQUE( \u0627\u0644\u0641\u0648\u062c 1)<\/a><\/strong><\/p><\/td><td width=\"165\"><p><a href=\"https:\/\/www.univ-oeb.dz\/fsesnv\/wp-content\/uploads\/2023\/05\/rerelecorrigetype.zip\">rerelecorrigetype<\/a><\/p><\/td><\/tr><tr><td width=\"184\"><p><strong>Chimie inorganique<\/strong><\/p><\/td><td width=\"165\"><p><strong>\u00a0<\/strong><\/p><\/td><td width=\"165\"><p><strong>\u00a0<\/strong><\/p><\/td><\/tr><\/tbody><\/table><\/div>\n\t\t\t\t\t\t\t<\/div>\n\t\t<\/div>\n\t\t\t\t\t\t<\/div>\n\t\t\t\t<\/div>\n\t\t\t\t\t<\/div>\n\t\t<\/div>\n\t\t\t\t\t<\/div>\n\t\t<\/section>\n\t\t\t\t<\/div>\n\t\t","protected":false},"excerpt":{"rendered":"<p>\u0641\u064a\u0632\u064a\u0627\u0621 \u0643\u064a\u0645\u064a\u0627\u0621 \u0641\u064a\u0632\u064a\u0627\u0621 \u0646\u0642\u0627\u0637 \u0627\u0644\u0633\u062f\u0627\u0633\u064a \u0627\u0644\u062b\u0627\u0646\u064a \u0627\u0644\u0633\u0646\u0629 \u0627\u0644\u062b\u0627\u0646\u064a\u0629 \u0644\u064a\u0633\u0627\u0646\u0633 \u0641\u064a\u0632\u064a\u0627\u0621 \u0627\u0644\u0645\u0642\u064a\u0627\u0633 \u0645\u062d\u0627\u0636\u0631 \u0627\u0644\u0646\u0642\u0627\u0637 \u0627\u0644\u0625\u062c\u0627\u0628\u0629 \u0627\u0644\u0646\u0645\u0648\u0630\u062c\u064a\u0629 M\u00e9canique des fluides note + corrig\u00e9 note + corrig\u00e9 Thermodynamique Notes+corrig\u00e9 Thermo Notes+corrig\u00e9 Thermo \u00c9lectromagn\u00e9tisme \u00a0 \u00a0 Fonction \u00e0 variables complexes \u00a0 \u00a0 Phys atom et nucl \u00a0 \u00a0 M\u00e9canique Quantique MECANIQUE QUANTIQUE4( \u0627\u0644\u0641\u0648\u062c 2) (2) MECANIQUE QUANTIQUE4( \u0627\u0644\u0641\u0648\u062c 1) &hellip;<\/p>\n","protected":false},"author":1,"featured_media":0,"parent":0,"menu_order":0,"comment_status":"closed","ping_status":"closed","template":"","meta":{"footnotes":""},"class_list":["post-6759","page","type-page","status-publish","hentry"],"_links":{"self":[{"href":"https:\/\/www.univ-oeb.dz\/fsesnv\/wp-json\/wp\/v2\/pages\/6759","targetHints":{"allow":["GET"]}}],"collection":[{"href":"https:\/\/www.univ-oeb.dz\/fsesnv\/wp-json\/wp\/v2\/pages"}],"about":[{"href":"https:\/\/www.univ-oeb.dz\/fsesnv\/wp-json\/wp\/v2\/types\/page"}],"author":[{"embeddable":true,"href":"https:\/\/www.univ-oeb.dz\/fsesnv\/wp-json\/wp\/v2\/users\/1"}],"replies":[{"embeddable":true,"href":"https:\/\/www.univ-oeb.dz\/fsesnv\/wp-json\/wp\/v2\/comments?post=6759"}],"version-history":[{"count":0,"href":"https:\/\/www.univ-oeb.dz\/fsesnv\/wp-json\/wp\/v2\/pages\/6759\/revisions"}],"wp:attachment":[{"href":"https:\/\/www.univ-oeb.dz\/fsesnv\/wp-json\/wp\/v2\/media?parent=6759"}],"curies":[{"name":"wp","href":"https:\/\/api.w.org\/{rel}","templated":true}]}}