{"id":6714,"date":"2023-05-24T11:38:58","date_gmt":"2023-05-24T10:38:58","guid":{"rendered":"http:\/\/www.univ-oeb.dz\/fsesnv\/?page_id=6714"},"modified":"2023-05-28T11:40:22","modified_gmt":"2023-05-28T10:40:22","slug":"%d9%86%d9%82%d8%a7%d8%b7-%d8%a7%d9%84%d8%b3%d9%86%d8%a9-%d8%a7%d9%84%d8%ab%d8%a7%d9%84%d8%ab%d8%a9-%d9%84%d9%8a%d8%b3%d8%a7%d9%86%d8%b3-%d9%82%d8%b3%d9%85-%d8%a7%d9%84%d8%b1%d9%8a%d8%a7%d8%b6%d9%8a","status":"publish","type":"page","link":"https:\/\/www.univ-oeb.dz\/fsesnv\/%d9%86%d9%82%d8%a7%d8%b7-%d8%a7%d9%84%d8%b3%d9%86%d8%a9-%d8%a7%d9%84%d8%ab%d8%a7%d9%84%d8%ab%d8%a9-%d9%84%d9%8a%d8%b3%d8%a7%d9%86%d8%b3-%d9%82%d8%b3%d9%85-%d8%a7%d9%84%d8%b1%d9%8a%d8%a7%d8%b6%d9%8a\/","title":{"rendered":"\u0646\u0642\u0627\u0637 \u0627\u0644\u0633\u0646\u0629 \u0627\u0644\u062b\u0627\u0644\u062b\u0629 \u0644\u064a\u0633\u0627\u0646\u0633 -\u0642\u0633\u0645 \u0627\u0644\u0631\u064a\u0627\u0636\u064a\u0627\u062a \u0648\u0627\u0644\u0625\u0639\u0644\u0627\u0645 \u0627\u0644\u0622\u0644\u064a-"},"content":{"rendered":"\t\t<div data-elementor-type=\"wp-page\" data-elementor-id=\"6714\" class=\"elementor elementor-6714\">\n\t\t\t\t\t\t<section class=\"elementor-section elementor-top-section elementor-element elementor-element-33def7f elementor-section-boxed elementor-section-height-default elementor-section-height-default\" data-id=\"33def7f\" data-element_type=\"section\">\n\t\t\t\t\t\t<div class=\"elementor-container elementor-column-gap-default\">\n\t\t\t\t\t<div class=\"elementor-column elementor-col-100 elementor-top-column elementor-element elementor-element-1307f4e\" data-id=\"1307f4e\" data-element_type=\"column\">\n\t\t\t<div class=\"elementor-widget-wrap elementor-element-populated\">\n\t\t\t\t\t\t<div class=\"elementor-element elementor-element-9f0d337 elementor-tabs-view-horizontal elementor-widget elementor-widget-tabs\" data-id=\"9f0d337\" data-element_type=\"widget\" data-widget_type=\"tabs.default\">\n\t\t\t\t<div class=\"elementor-widget-container\">\n\t\t\t\t\t\t\t<div class=\"elementor-tabs\">\n\t\t\t<div class=\"elementor-tabs-wrapper\" role=\"tablist\" >\n\t\t\t\t\t\t\t\t\t<div id=\"elementor-tab-title-1661\" class=\"elementor-tab-title elementor-tab-desktop-title\" aria-selected=\"true\" data-tab=\"1\" role=\"tab\" tabindex=\"0\" aria-controls=\"elementor-tab-content-1661\" aria-expanded=\"false\">\u0631\u064a\u0627\u0636\u064a\u0627\u062a<\/div>\n\t\t\t\t\t\t\t\t\t<div id=\"elementor-tab-title-1662\" class=\"elementor-tab-title elementor-tab-desktop-title\" aria-selected=\"false\" data-tab=\"2\" role=\"tab\" tabindex=\"-1\" aria-controls=\"elementor-tab-content-1662\" aria-expanded=\"false\">\u0646\u0638\u0645 \u0627\u0644\u0645\u0639\u0644\u0648\u0645\u0627\u062a\u064a\u0629<\/div>\n\t\t\t\t\t\t\t\t\t<div id=\"elementor-tab-title-1663\" class=\"elementor-tab-title elementor-tab-desktop-title\" aria-selected=\"false\" data-tab=\"3\" role=\"tab\" tabindex=\"-1\" aria-controls=\"elementor-tab-content-1663\" aria-expanded=\"false\">\u0647\u0646\u062f\u0633\u0629 \u0646\u0638\u0645 \u0627\u0644\u0645\u0639\u0644\u0648\u0645\u0627\u062a \u0648\u0627\u0644\u0628\u0631\u0645\u062c\u064a\u0627\u062a<\/div>\n\t\t\t\t\t\t\t<\/div>\n\t\t\t<div class=\"elementor-tabs-content-wrapper\" role=\"tablist\" aria-orientation=\"vertical\">\n\t\t\t\t\t\t\t\t\t<div class=\"elementor-tab-title elementor-tab-mobile-title\" aria-selected=\"true\" data-tab=\"1\" role=\"tab\" tabindex=\"0\" aria-controls=\"elementor-tab-content-1661\" aria-expanded=\"false\">\u0631\u064a\u0627\u0636\u064a\u0627\u062a<\/div>\n\t\t\t\t\t<div id=\"elementor-tab-content-1661\" class=\"elementor-tab-content elementor-clearfix\" data-tab=\"1\" role=\"tabpanel\" aria-labelledby=\"elementor-tab-title-1661\" tabindex=\"0\" hidden=\"false\"><p style=\"text-align: center;\"><strong><span style=\"color: #ff0000;\">\u0646\u0642\u0627\u0637 \u0627\u0644\u0633\u062f\u0627\u0633\u064a \u0627\u0644\u062b\u0627\u0646\u064a \u0633\u0646\u0629 \u062b\u0627\u0644\u062b\u0629 \u0644\u064a\u0633\u0627\u0646\u0633 \u0631\u064a\u0627\u0636\u064a\u0627\u062a<\/span><\/strong><\/p><table width=\"663\"><tbody><tr><td width=\"221\"><p><strong>\u0627\u0644\u0645\u0642\u064a\u0627\u0633<\/strong><\/p><\/td><td width=\"221\"><p><strong>\u0645\u062d\u0627\u0636\u0631 \u0627\u0644\u0646\u0642\u0627\u0637<\/strong><\/p><\/td><td width=\"221\"><p><strong>\u0627\u0644\u0625\u062c\u0627\u0628\u0629 \u0627\u0644\u0646\u0645\u0648\u0630\u062c\u064a\u0629<\/strong><\/p><\/td><\/tr><tr><td width=\"221\"><p><strong>Ethique et <\/strong><strong style=\"font-size: inherit;\">\u00a0d\u00e9ontologie<\/strong><\/p><\/td><td width=\"221\"><p><strong> <a href=\"https:\/\/www.univ-oeb.dz\/fsesnv\/wp-content\/uploads\/2023\/05\/Ethiques-et-Deontologie-g2.pdf\">Ethiques et Deontologie g2<\/a> <\/strong><\/p><p><strong><a href=\"https:\/\/www.univ-oeb.dz\/fsesnv\/wp-content\/uploads\/2023\/05\/Ethiques-et-Deontologie-g1.pdf\">Ethiques et Deontologie g1<\/a> <\/strong><\/p><\/td><td width=\"221\"><p><strong> <a href=\"https:\/\/www.univ-oeb.dz\/fsesnv\/wp-content\/uploads\/2023\/05\/corige-ETHIQUE-ET-DEONTOLOGIE-DE.pdf\">corig\u00e9-ETHIQUE ET D\u00c9ONTOLOGIE DE<\/a><\/strong><\/p><\/td><\/tr><tr><td width=\"221\"><p><strong>ITOL<\/strong><\/p><\/td><td width=\"221\"><p><strong> <a href=\"https:\/\/www.univ-oeb.dz\/fsesnv\/wp-content\/uploads\/2023\/05\/ITOLG2.pdf\">ITOLG2<\/a><\/strong><\/p><p><strong> <a href=\"https:\/\/www.univ-oeb.dz\/fsesnv\/wp-content\/uploads\/2023\/05\/ITOLG1.pdf\">ITOLG1<\/a> <\/strong><\/p><p><strong><a href=\"https:\/\/www.univ-oeb.dz\/fsesnv\/wp-content\/uploads\/2023\/05\/ITOL-Prog.pdf\">ITOL Prog<\/a> <\/strong><\/p><\/td><td width=\"221\"><p><strong> <a href=\"https:\/\/www.univ-oeb.dz\/fsesnv\/wp-content\/uploads\/2023\/05\/Corrige.pdf\">Corrig\u00e9<\/a><\/strong><\/p><\/td><\/tr><tr><td width=\"221\"><p><strong>TIELP<\/strong><\/p><\/td><td width=\"221\"><p><strong> <a href=\"https:\/\/www.univ-oeb.dz\/fsesnv\/wp-content\/uploads\/2023\/05\/transformation-integrale-g1red.pdf\">transformation integrale g1red<\/a> <\/strong><\/p><p><strong><a href=\"https:\/\/www.univ-oeb.dz\/fsesnv\/wp-content\/uploads\/2023\/05\/transformation-integrale-g1.pdf\">transformation integrale g1<\/a> <\/strong><\/p><\/td><td width=\"221\"><p><strong> <a href=\"https:\/\/www.univ-oeb.dz\/fsesnv\/wp-content\/uploads\/2023\/05\/Corrige-de-lexamen-transformation-integrale.pdf\">Corrig\u00e9 de l\u2019examen transformation integrale<\/a><\/strong><\/p><\/td><\/tr><tr><td width=\"221\"><p><strong>MNEDOP<\/strong><\/p><\/td><td width=\"221\"><p><strong> <a href=\"https:\/\/www.univ-oeb.dz\/fsesnv\/wp-content\/uploads\/2023\/05\/PV-de-Notes-methode-num-EDOEDP-g1etg2.pdf\">PV de Notes methode num EDOEDP g1etg2<\/a><\/strong><\/p><\/td><td width=\"221\"><p><strong> <a href=\"https:\/\/www.univ-oeb.dz\/fsesnv\/wp-content\/uploads\/2023\/05\/Examen-Corrige-methode-num-EDOEDP.pdf\">Examen Corrig\u00e9 methode num EDOEDP<\/a><\/strong><\/p><\/td><\/tr><tr><td width=\"221\"><p><strong>GD<\/strong><\/p><\/td><td width=\"221\"><p><strong> <a href=\"https:\/\/www.univ-oeb.dz\/fsesnv\/wp-content\/uploads\/2023\/05\/geometrie-diff-g2red.pdf\">geometrie diff g2+red<\/a><\/strong><\/p><p><strong> <a href=\"https:\/\/www.univ-oeb.dz\/fsesnv\/wp-content\/uploads\/2023\/05\/geometrie-diff-g1.pdf\">geometrie diff g1<\/a><\/strong><\/p><\/td><td width=\"221\"><p><strong> <a href=\"https:\/\/www.univ-oeb.dz\/fsesnv\/wp-content\/uploads\/2023\/05\/corrige_type_geo_23.pdf\">corrige_type_geo_23<\/a><\/strong><\/p><\/td><\/tr><\/tbody><\/table><\/div>\n\t\t\t\t\t\t\t\t\t<div class=\"elementor-tab-title elementor-tab-mobile-title\" aria-selected=\"false\" data-tab=\"2\" role=\"tab\" tabindex=\"-1\" aria-controls=\"elementor-tab-content-1662\" aria-expanded=\"false\">\u0646\u0638\u0645 \u0627\u0644\u0645\u0639\u0644\u0648\u0645\u0627\u062a\u064a\u0629<\/div>\n\t\t\t\t\t<div id=\"elementor-tab-content-1662\" class=\"elementor-tab-content elementor-clearfix\" data-tab=\"2\" role=\"tabpanel\" aria-labelledby=\"elementor-tab-title-1662\" tabindex=\"0\" hidden=\"hidden\"><p style=\"text-align: center;\"><strong><span style=\"color: #ff0000;\">\u0646\u0642\u0627\u0637 \u0627\u0644\u0633\u062f\u0627\u0633\u064a \u0627\u0644\u062b\u0627\u0646\u064a \u0627\u0644\u0633\u0646\u0629 \u0627\u0644\u062b\u0627\u0644\u062b\u0629 \u0644\u064a\u0633\u0627\u0646\u0633 \u0646\u0638\u0645 \u0627\u0644\u0645\u0639\u0644\u0648\u0645\u0627\u062a\u064a\u0629<\/span><\/strong><\/p><table width=\"663\"><tbody><tr><td width=\"221\"><p><strong>\u0627\u0644\u0645\u0642\u064a\u0627\u0633<\/strong><\/p><\/td><td width=\"221\"><p><strong>\u0645\u062d\u0627\u0636\u0631 \u0627\u0644\u0646\u0642\u0627\u0637<\/strong><\/p><\/td><td width=\"221\"><p><strong>\u0627\u0644\u0625\u062c\u0627\u0628\u0629 \u0627\u0644\u0646\u0645\u0648\u0630\u062c\u064a\u0629<\/strong><\/p><\/td><\/tr><tr><td width=\"221\"><p><strong>Applications Mobiles<\/strong><\/p><\/td><td width=\"221\"><p><a href=\"https:\/\/www.univ-oeb.dz\/fsesnv\/wp-content\/uploads\/2023\/05\/Applications-Mobiles-\u0627\u0644\u0641\u0648\u062c-1.xlsx\">Applications Mobiles( \u0627\u0644\u0641\u0648\u062c 1)<\/a><\/p><p><a href=\"https:\/\/www.univ-oeb.dz\/fsesnv\/wp-content\/uploads\/2023\/05\/Applications-Mobiles-\u0627\u0644\u0641\u0648\u062c-2.xlsx\">Applications Mobiles( \u0627\u0644\u0641\u0648\u062c 2)<\/a><\/p><\/td><td width=\"221\"><p><strong> <a href=\"https:\/\/www.univ-oeb.dz\/fsesnv\/wp-content\/uploads\/2023\/05\/examen-corrige.pdf\">examen &#8211; corrig\u00e9<\/a><\/strong><\/p><\/td><\/tr><tr><td width=\"221\"><p><strong>S\u00e9curit\u00e9 Informatique<\/strong><\/p><\/td><td width=\"221\"><p><strong><a href=\"https:\/\/www.univ-oeb.dz\/fsesnv\/wp-content\/uploads\/2023\/05\/Securite-Informatique-\u0627\u0644\u0641\u0648\u062c-1_SI.pdf\">S\u00e9curit\u00e9 Informatique( \u0627\u0644\u0641\u0648\u062c 1)_SI<\/a> <\/strong><\/p><p><strong><a href=\"https:\/\/www.univ-oeb.dz\/fsesnv\/wp-content\/uploads\/2023\/05\/Securite-Informatique-\u0627\u0644\u0641\u0648\u062c-2_SI.pdf\">S\u00e9curit\u00e9 Informatique( \u0627\u0644\u0641\u0648\u062c 2)_SI<\/a><\/strong><\/p><\/td><td width=\"221\"><p><strong> <a href=\"https:\/\/www.univ-oeb.dz\/fsesnv\/wp-content\/uploads\/2023\/05\/Examen_2023.pdf\">Examen_2023<\/a> <a href=\"https:\/\/www.univ-oeb.dz\/fsesnv\/wp-content\/uploads\/2023\/05\/Examen_2023_Corrige-Type.pdf\">Examen_2023_Corrig\u00e9 Type<\/a> <\/strong><\/p><\/td><\/tr><tr><td width=\"221\"><p><strong>Intelligence Artificielle<\/strong><\/p><\/td><td width=\"221\"><p><strong> <a href=\"https:\/\/www.univ-oeb.dz\/fsesnv\/wp-content\/uploads\/2023\/05\/Intelligence-Artificielle-\u0627\u0644\u0641\u0648\u062c-1.pdf\">Intelligence Artificielle( \u0627\u0644\u0641\u0648\u062c 1)<\/a><\/strong><\/p><p><strong> <a href=\"https:\/\/www.univ-oeb.dz\/fsesnv\/wp-content\/uploads\/2023\/05\/Intelligence-Artificielle-\u0627\u0644\u0641\u0648\u062c-2.pdf\">Intelligence Artificielle( \u0627\u0644\u0641\u0648\u062c 2)<\/a><\/strong><\/p><\/td><td width=\"221\"><p><strong> <a href=\"https:\/\/www.univ-oeb.dz\/fsesnv\/wp-content\/uploads\/2023\/05\/ExamenCTPV.pdf\">Examen+CT+PV<\/a><\/strong><\/p><\/td><\/tr><tr><td width=\"221\"><p><strong>Donn\u00e9es semi-structur\u00e9es<\/strong><\/p><\/td><td width=\"221\"><p><strong> <a href=\"https:\/\/www.univ-oeb.dz\/fsesnv\/wp-content\/uploads\/2023\/05\/SI-Donnees-semi-structurees-\u0627\u0644\u0641\u0648\u062c-1.pdf\">SI Donn\u00e9es semi structur\u00e9es( \u0627\u0644\u0641\u0648\u062c 1)<\/a><\/strong><\/p><p><strong> <a href=\"https:\/\/www.univ-oeb.dz\/fsesnv\/wp-content\/uploads\/2023\/05\/SI-Donnees-semi-structurees-\u0627\u0644\u0641\u0648\u062c-2.pdf\">SI Donn\u00e9es semi structur\u00e9es( \u0627\u0644\u0641\u0648\u062c 2)<\/a><\/strong><\/p><\/td><td width=\"221\"><p><strong> <a href=\"https:\/\/www.univ-oeb.dz\/fsesnv\/wp-content\/uploads\/2023\/05\/DSS-SIISIL-Corrige-type.pdf\">DSS SI+ISIL Corrig\u00e9 type<\/a><\/strong><\/p><\/td><\/tr><tr><td width=\"221\"><p><strong>R\u00e9daction Scientifique<\/strong><\/p><\/td><td width=\"221\"><p><strong>\u00a0<\/strong><\/p><\/td><td width=\"221\"><p><strong>\u00a0<\/strong><\/p><\/td><\/tr><tr><td width=\"221\"><p><strong>Cr\u00e9er et d\u00e9velopper une startup<\/strong><\/p><\/td><td width=\"221\"><p><strong> <a href=\"https:\/\/www.univ-oeb.dz\/fsesnv\/wp-content\/uploads\/2023\/05\/Creer-et-developer-une-startup-\u0627\u0644\u0641\u0648\u062c-1.pdf\">Cr\u00e9er et d\u00e9veloper une startup( \u0627\u0644\u0641\u0648\u062c 1)<\/a><\/strong><\/p><p><strong> <a href=\"https:\/\/www.univ-oeb.dz\/fsesnv\/wp-content\/uploads\/2023\/05\/Creer-et-developer-une-startup-\u0627\u0644\u0641\u0648\u062c-2.pdf\">Cr\u00e9er et d\u00e9veloper une startup( \u0627\u0644\u0641\u0648\u062c 2)<\/a><\/strong><\/p><\/td><td width=\"221\"><p><strong> <a href=\"https:\/\/www.univ-oeb.dz\/fsesnv\/wp-content\/uploads\/2023\/05\/SujetCT-startup23.pdf\">Sujet+CT startup23<\/a><\/strong><\/p><\/td><\/tr><\/tbody><\/table><\/div>\n\t\t\t\t\t\t\t\t\t<div class=\"elementor-tab-title elementor-tab-mobile-title\" aria-selected=\"false\" data-tab=\"3\" role=\"tab\" tabindex=\"-1\" aria-controls=\"elementor-tab-content-1663\" aria-expanded=\"false\">\u0647\u0646\u062f\u0633\u0629 \u0646\u0638\u0645 \u0627\u0644\u0645\u0639\u0644\u0648\u0645\u0627\u062a \u0648\u0627\u0644\u0628\u0631\u0645\u062c\u064a\u0627\u062a<\/div>\n\t\t\t\t\t<div id=\"elementor-tab-content-1663\" class=\"elementor-tab-content elementor-clearfix\" data-tab=\"3\" role=\"tabpanel\" aria-labelledby=\"elementor-tab-title-1663\" tabindex=\"0\" hidden=\"hidden\"><p style=\"text-align: center;\"><strong><span style=\"color: #ff0000;\">\u0646\u0642\u0627\u0637 \u0627\u0644\u0633\u062f\u0627\u0633\u064a \u0627\u0644\u062b\u0627\u0646\u064a \u0627\u0644\u0633\u0646\u0629 \u0627\u0644\u062b\u0627\u0644\u062b\u0629 \u0644\u064a\u0633\u0627\u0646\u0633 \u0647\u0646\u062f\u0633\u0629 \u0646\u0638\u0645 \u0627\u0644\u0645\u0639\u0644\u0648\u0645\u0627\u062a \u0648\u0627\u0644\u0628\u0631\u0645\u062c\u064a\u0627\u062a<\/span><\/strong><\/p><table width=\"663\"><tbody><tr><td width=\"221\"><p><strong>\u0627\u0644\u0645\u0642\u064a\u0627\u0633<\/strong><\/p><\/td><td width=\"221\"><p><strong>\u0645\u062d\u0627\u0636\u0631 \u0627\u0644\u0646\u0642\u0627\u0637<\/strong><\/p><\/td><td width=\"221\"><p><strong>\u0627\u0644\u0625\u062c\u0627\u0628\u0629 \u0627\u0644\u0646\u0645\u0648\u0630\u062c\u064a\u0629<\/strong><\/p><\/td><\/tr><tr><td width=\"221\"><p><strong>RS<\/strong><\/p><\/td><td width=\"221\"><p><strong> <a href=\"https:\/\/www.univ-oeb.dz\/fsesnv\/wp-content\/uploads\/2023\/05\/Redaction-Scientifique-\u0627\u0644\u0641\u0648\u062c-1.pdf\">R\u00e9daction Scientifique ( \u0627\u0644\u0641\u0648\u062c 1)<\/a><\/strong><\/p><p><strong> <a href=\"https:\/\/www.univ-oeb.dz\/fsesnv\/wp-content\/uploads\/2023\/05\/Redaction-Scientifique-\u0627\u0644\u0641\u0648\u062c-2.pdf\">R\u00e9daction Scientifique ( \u0627\u0644\u0641\u0648\u062c 2)<\/a><\/strong><\/p><\/td><td width=\"221\"><p><strong>\u00a0<\/strong><\/p><\/td><\/tr><tr><td width=\"221\"><p><strong>DSS<\/strong><\/p><\/td><td width=\"221\"><p><a href=\"https:\/\/www.univ-oeb.dz\/fsesnv\/wp-content\/uploads\/2023\/05\/ISIL-Donnees-semi-structurees-\u0627\u0644\u0641\u0648\u062c-1.pdf\">ISIL Donn\u00e9es semi structur\u00e9es( \u0627\u0644\u0641\u0648\u062c 1)<\/a><\/p><p><a href=\"https:\/\/www.univ-oeb.dz\/fsesnv\/wp-content\/uploads\/2023\/05\/ISIL-Donnees-semi-structurees-\u0627\u0644\u0641\u0648\u062c-2.pdf\">ISIL Donn\u00e9es semi structur\u00e9es( \u0627\u0644\u0641\u0648\u062c 2)<\/a><\/p><\/td><td width=\"221\"><a href=\"https:\/\/www.univ-oeb.dz\/fsesnv\/wp-content\/uploads\/2023\/05\/DSS-SIISIL-Corrige-type.pdf\">DSS SI+ISIL Corrig\u00e9 type<\/a><\/td><\/tr><tr><td width=\"221\"><p><strong>SI<\/strong><\/p><\/td><td width=\"221\"><p><strong><a href=\"https:\/\/www.univ-oeb.dz\/fsesnv\/wp-content\/uploads\/2023\/05\/Securite-Informatique-\u0627\u0644\u0641\u0648\u062c-1_ISIL.pdf\">S\u00e9curit\u00e9 Informatique( \u0627\u0644\u0641\u0648\u062c 1)_ISIL<\/a><\/strong><\/p><p><strong> <a href=\"https:\/\/www.univ-oeb.dz\/fsesnv\/wp-content\/uploads\/2023\/05\/Securite-Informatique-\u0627\u0644\u0641\u0648\u062c-2_ISIL.pdf\">S\u00e9curit\u00e9 Informatique( \u0627\u0644\u0641\u0648\u062c 2)_ISIL<\/a><\/strong><\/p><\/td><td width=\"221\"><p><strong> <a href=\"https:\/\/www.univ-oeb.dz\/fsesnv\/wp-content\/uploads\/2023\/05\/Examen_2023-1.pdf\">Examen_2023<\/a> <a href=\"https:\/\/www.univ-oeb.dz\/fsesnv\/wp-content\/uploads\/2023\/05\/Examen_2023_Corrige-Type-1.pdf\">Examen_2023_Corrig\u00e9 Type<\/a> <\/strong><\/p><\/td><\/tr><tr><td width=\"221\"><p><strong>BI<\/strong><\/p><\/td><td width=\"221\"><p><strong> <a href=\"https:\/\/www.univ-oeb.dz\/fsesnv\/wp-content\/uploads\/2023\/05\/Business-Intelligence-\u0627\u0644\u0641\u0648\u062c-1.xlsx\">Business Intelligence( \u0627\u0644\u0641\u0648\u062c 1)<\/a><\/strong><\/p><p><strong> <a href=\"https:\/\/www.univ-oeb.dz\/fsesnv\/wp-content\/uploads\/2023\/05\/Business-Intelligence-\u0627\u0644\u0641\u0648\u062c-2.xlsx\">Business Intelligence( \u0627\u0644\u0641\u0648\u062c 2)<\/a><\/strong><\/p><\/td><td width=\"221\"><p><strong>\u00a0<\/strong><\/p><\/td><\/tr><tr><td width=\"221\"><p><strong>SE2<\/strong><\/p><\/td><td width=\"221\"><p><strong> <a href=\"https:\/\/www.univ-oeb.dz\/fsesnv\/wp-content\/uploads\/2023\/05\/Systeme-d-exploitation-2-\u0627\u0644\u0641\u0648\u062c-1.pdf\">Syst\u00e9me d exploitation 2( \u0627\u0644\u0641\u0648\u062c 1)<\/a><\/strong><\/p><p><strong> <a href=\"https:\/\/www.univ-oeb.dz\/fsesnv\/wp-content\/uploads\/2023\/05\/Systeme-d-exploitation-2-\u0627\u0644\u0641\u0648\u062c-2.pdf\">Syst\u00e9me d exploitation 2( \u0627\u0644\u0641\u0648\u062c 2)<\/a><\/strong><\/p><\/td><td width=\"221\"><p><strong> <a href=\"https:\/\/www.univ-oeb.dz\/fsesnv\/wp-content\/uploads\/2023\/05\/examen-SE2-2023_Corrige-type.pdf\">examen SE2 2023_Corrig\u00e9 type<\/a><\/strong><\/p><\/td><\/tr><tr><td width=\"221\"><p><strong>RI<\/strong><\/p><\/td><td width=\"221\"><p><strong> <a href=\"https:\/\/www.univ-oeb.dz\/fsesnv\/wp-content\/uploads\/2023\/05\/Recherche-d-Information-\u0627\u0644\u0641\u0648\u062c-1.pdf\">Recherche d Information( \u0627\u0644\u0641\u0648\u062c 1)<\/a><\/strong><\/p><p><strong> <a href=\"https:\/\/www.univ-oeb.dz\/fsesnv\/wp-content\/uploads\/2023\/05\/Recherche-d-Information-\u0627\u0644\u0641\u0648\u062c-2.pdf\">Recherche d Information( \u0627\u0644\u0641\u0648\u062c 2)<\/a><\/strong><\/p><\/td><td width=\"221\"><p><strong> <a href=\"https:\/\/www.univ-oeb.dz\/fsesnv\/wp-content\/uploads\/2023\/05\/Corrige-type-RI-2023.pdf\">Corrig\u00e9 type RI 2023<\/a><\/strong><\/p><\/td><\/tr><\/tbody><\/table><\/div>\n\t\t\t\t\t\t\t<\/div>\n\t\t<\/div>\n\t\t\t\t\t\t<\/div>\n\t\t\t\t<\/div>\n\t\t\t\t\t<\/div>\n\t\t<\/div>\n\t\t\t\t\t<\/div>\n\t\t<\/section>\n\t\t\t\t<\/div>\n\t\t","protected":false},"excerpt":{"rendered":"<p>\u0631\u064a\u0627\u0636\u064a\u0627\u062a \u0646\u0638\u0645 \u0627\u0644\u0645\u0639\u0644\u0648\u0645\u0627\u062a\u064a\u0629 \u0647\u0646\u062f\u0633\u0629 \u0646\u0638\u0645 \u0627\u0644\u0645\u0639\u0644\u0648\u0645\u0627\u062a \u0648\u0627\u0644\u0628\u0631\u0645\u062c\u064a\u0627\u062a \u0631\u064a\u0627\u0636\u064a\u0627\u062a \u0646\u0642\u0627\u0637 \u0627\u0644\u0633\u062f\u0627\u0633\u064a \u0627\u0644\u062b\u0627\u0646\u064a \u0633\u0646\u0629 \u062b\u0627\u0644\u062b\u0629 \u0644\u064a\u0633\u0627\u0646\u0633 \u0631\u064a\u0627\u0636\u064a\u0627\u062a \u0627\u0644\u0645\u0642\u064a\u0627\u0633 \u0645\u062d\u0627\u0636\u0631 \u0627\u0644\u0646\u0642\u0627\u0637 \u0627\u0644\u0625\u062c\u0627\u0628\u0629 \u0627\u0644\u0646\u0645\u0648\u0630\u062c\u064a\u0629 Ethique et \u00a0d\u00e9ontologie Ethiques et Deontologie g2 Ethiques et Deontologie g1 corig\u00e9-ETHIQUE ET D\u00c9ONTOLOGIE DE ITOL ITOLG2 ITOLG1 ITOL Prog Corrig\u00e9 TIELP transformation integrale g1red transformation integrale g1 Corrig\u00e9 de l\u2019examen transformation integrale MNEDOP PV &hellip;<\/p>\n","protected":false},"author":1,"featured_media":0,"parent":0,"menu_order":0,"comment_status":"closed","ping_status":"closed","template":"","meta":{"footnotes":""},"class_list":["post-6714","page","type-page","status-publish","hentry"],"_links":{"self":[{"href":"https:\/\/www.univ-oeb.dz\/fsesnv\/wp-json\/wp\/v2\/pages\/6714","targetHints":{"allow":["GET"]}}],"collection":[{"href":"https:\/\/www.univ-oeb.dz\/fsesnv\/wp-json\/wp\/v2\/pages"}],"about":[{"href":"https:\/\/www.univ-oeb.dz\/fsesnv\/wp-json\/wp\/v2\/types\/page"}],"author":[{"embeddable":true,"href":"https:\/\/www.univ-oeb.dz\/fsesnv\/wp-json\/wp\/v2\/users\/1"}],"replies":[{"embeddable":true,"href":"https:\/\/www.univ-oeb.dz\/fsesnv\/wp-json\/wp\/v2\/comments?post=6714"}],"version-history":[{"count":0,"href":"https:\/\/www.univ-oeb.dz\/fsesnv\/wp-json\/wp\/v2\/pages\/6714\/revisions"}],"wp:attachment":[{"href":"https:\/\/www.univ-oeb.dz\/fsesnv\/wp-json\/wp\/v2\/media?parent=6714"}],"curies":[{"name":"wp","href":"https:\/\/api.w.org\/{rel}","templated":true}]}}