{"id":6709,"date":"2023-05-24T11:38:07","date_gmt":"2023-05-24T10:38:07","guid":{"rendered":"http:\/\/www.univ-oeb.dz\/fsesnv\/?page_id=6709"},"modified":"2023-06-03T11:53:27","modified_gmt":"2023-06-03T10:53:27","slug":"%d9%86%d9%82%d8%a7%d8%b7-%d8%a7%d9%84%d8%b3%d9%86%d8%a9-%d8%a7%d9%84%d8%ab%d8%a7%d9%86%d9%8a%d8%a9-%d9%84%d9%8a%d8%b3%d8%a7%d9%86%d8%b3-%d9%82%d8%b3%d9%85-%d8%a7%d9%84%d8%b1%d9%8a%d8%a7%d8%b6%d9%8a","status":"publish","type":"page","link":"https:\/\/www.univ-oeb.dz\/fsesnv\/%d9%86%d9%82%d8%a7%d8%b7-%d8%a7%d9%84%d8%b3%d9%86%d8%a9-%d8%a7%d9%84%d8%ab%d8%a7%d9%86%d9%8a%d8%a9-%d9%84%d9%8a%d8%b3%d8%a7%d9%86%d8%b3-%d9%82%d8%b3%d9%85-%d8%a7%d9%84%d8%b1%d9%8a%d8%a7%d8%b6%d9%8a\/","title":{"rendered":"\u0646\u0642\u0627\u0637 \u0627\u0644\u0633\u0646\u0629 \u0627\u0644\u062b\u0627\u0646\u064a\u0629 \u0644\u064a\u0633\u0627\u0646\u0633 &#8211; \u0642\u0633\u0645 \u0627\u0644\u0631\u064a\u0627\u0636\u064a\u0627\u062a \u0648\u0627\u0644\u0625\u0639\u0644\u0627\u0645 \u0627\u0644\u0622\u0644\u064a-"},"content":{"rendered":"\t\t<div data-elementor-type=\"wp-page\" data-elementor-id=\"6709\" class=\"elementor elementor-6709\">\n\t\t\t\t\t\t<section class=\"elementor-section elementor-top-section elementor-element elementor-element-bccab80 elementor-section-boxed elementor-section-height-default elementor-section-height-default\" data-id=\"bccab80\" data-element_type=\"section\">\n\t\t\t\t\t\t<div class=\"elementor-container elementor-column-gap-default\">\n\t\t\t\t\t<div class=\"elementor-column elementor-col-100 elementor-top-column elementor-element elementor-element-d809c47\" data-id=\"d809c47\" data-element_type=\"column\">\n\t\t\t<div class=\"elementor-widget-wrap elementor-element-populated\">\n\t\t\t\t\t\t<div class=\"elementor-element elementor-element-f222ec4 elementor-tabs-view-horizontal elementor-widget elementor-widget-tabs\" data-id=\"f222ec4\" data-element_type=\"widget\" data-widget_type=\"tabs.default\">\n\t\t\t\t<div class=\"elementor-widget-container\">\n\t\t\t\t\t\t\t<div class=\"elementor-tabs\">\n\t\t\t<div class=\"elementor-tabs-wrapper\" role=\"tablist\" >\n\t\t\t\t\t\t\t\t\t<div id=\"elementor-tab-title-2531\" class=\"elementor-tab-title elementor-tab-desktop-title\" aria-selected=\"true\" data-tab=\"1\" role=\"tab\" tabindex=\"0\" aria-controls=\"elementor-tab-content-2531\" aria-expanded=\"false\">\u0631\u064a\u0627\u0636\u064a\u0627\u062a<\/div>\n\t\t\t\t\t\t\t\t\t<div id=\"elementor-tab-title-2532\" class=\"elementor-tab-title elementor-tab-desktop-title\" aria-selected=\"false\" data-tab=\"2\" role=\"tab\" tabindex=\"-1\" aria-controls=\"elementor-tab-content-2532\" aria-expanded=\"false\">\u0625\u0639\u0644\u0627\u0645 \u0622\u0644\u064a<\/div>\n\t\t\t\t\t\t\t<\/div>\n\t\t\t<div class=\"elementor-tabs-content-wrapper\" role=\"tablist\" aria-orientation=\"vertical\">\n\t\t\t\t\t\t\t\t\t<div class=\"elementor-tab-title elementor-tab-mobile-title\" aria-selected=\"true\" data-tab=\"1\" role=\"tab\" tabindex=\"0\" aria-controls=\"elementor-tab-content-2531\" aria-expanded=\"false\">\u0631\u064a\u0627\u0636\u064a\u0627\u062a<\/div>\n\t\t\t\t\t<div id=\"elementor-tab-content-2531\" class=\"elementor-tab-content elementor-clearfix\" data-tab=\"1\" role=\"tabpanel\" aria-labelledby=\"elementor-tab-title-2531\" tabindex=\"0\" hidden=\"false\"><p style=\"text-align: center;\"><span style=\"color: #ff0000;\"><strong>\u0646\u0642\u0627\u0637 \u0627\u0644\u0633\u062f\u0627\u0633\u064a \u0627\u0644\u062b\u0627\u0646\u064a \u0633\u0646\u0629 \u062b\u0627\u0646\u064a\u0629 \u0644\u064a\u0633\u0627\u0646\u0633 \u0631\u064a\u0627\u0636\u064a\u0627\u062a<\/strong><\/span><\/p><table width=\"663\"><tbody><tr><td width=\"221\"><p><strong>\u0627\u0644\u0645\u0642\u064a\u0627\u0633<\/strong><\/p><\/td><td width=\"221\"><p><strong>\u0645\u062d\u0627\u0636\u0631 \u0627\u0644\u0646\u0642\u0627\u0637<\/strong><\/p><\/td><td width=\"221\"><p><strong>\u0627\u0644\u0625\u062c\u0627\u0628\u0629 \u0627\u0644\u0646\u0645\u0648\u0630\u062c\u064a\u0629<\/strong><\/p><\/td><\/tr><tr><td width=\"221\"><p><strong>analyse complexe<\/strong><\/p><\/td><td width=\"221\"><p><strong> <a href=\"https:\/\/www.univ-oeb.dz\/fsesnv\/wp-content\/uploads\/2023\/05\/complexeg2.pdf\">complexeg2<\/a> <\/strong><\/p><p><strong><a href=\"https:\/\/www.univ-oeb.dz\/fsesnv\/wp-content\/uploads\/2023\/05\/complexeg1.pdf\">complexeg1<\/a><\/strong><\/p><\/td><td width=\"221\"><p><strong> <a href=\"https:\/\/www.univ-oeb.dz\/fsesnv\/wp-content\/uploads\/2023\/05\/corrige-complexe-p2.pdf\">corrig\u00e9 complexe p2<\/a><\/strong><\/p><p><strong> <a href=\"https:\/\/www.univ-oeb.dz\/fsesnv\/wp-content\/uploads\/2023\/05\/corrige-complexe-p1.pdf\">corrig\u00e9 complexe p1<\/a><\/strong><\/p><\/td><\/tr><tr><td width=\"221\"><p><strong>G\u00e9om\u00e9trie<\/strong><\/p><\/td><td width=\"221\"><p><strong> <a href=\"https:\/\/www.univ-oeb.dz\/fsesnv\/wp-content\/uploads\/2023\/05\/geometrie-g2.pdf\">geometrie g2<\/a> <\/strong><\/p><p><strong><a href=\"https:\/\/www.univ-oeb.dz\/fsesnv\/wp-content\/uploads\/2023\/05\/geometrie-g1.pdf\">geometrie g1<\/a><\/strong><\/p><\/td><td width=\"221\"><p><strong> <a href=\"https:\/\/www.univ-oeb.dz\/fsesnv\/wp-content\/uploads\/2023\/05\/corige-examgeo_22-23.pdf\">corig\u00e9-examg\u00e9o_22-23<\/a><\/strong><\/p><\/td><\/tr><tr><td width=\"221\"><p><strong>Application des math <\/strong><strong>\u00a0aux autres sciences<\/strong><\/p><\/td><td width=\"221\"><p><strong> <a href=\"https:\/\/www.univ-oeb.dz\/fsesnv\/wp-content\/uploads\/2023\/05\/Application-des-mathematiques-aux-autres-sciences-g2.pdf\">Application des math\u00e9matiques aux autres sciences g2<\/a><\/strong><\/p><p><strong> <a href=\"https:\/\/www.univ-oeb.dz\/fsesnv\/wp-content\/uploads\/2023\/05\/Application-des-mathematiques-aux-autres-sciences-g1.pdf\">Application des math\u00e9matiques aux autres sciences g1<\/a><\/strong><\/p><\/td><td width=\"221\"><p><strong> <a href=\"https:\/\/www.univ-oeb.dz\/fsesnv\/wp-content\/uploads\/2023\/05\/corrige-applications-des-maths.pdf\">corrig\u00e9 applications des maths<\/a><\/strong><\/p><\/td><\/tr><tr><td width=\"221\"><p><strong>Alg\u00e8bre 4<\/strong><\/p><\/td><td width=\"221\"><p><strong> <a href=\"https:\/\/www.univ-oeb.dz\/fsesnv\/wp-content\/uploads\/2023\/05\/algebre4-g2.pdf\">algebre4 g2<\/a> <\/strong><\/p><p><strong><a href=\"https:\/\/www.univ-oeb.dz\/fsesnv\/wp-content\/uploads\/2023\/05\/algebre4-g1.pdf\">algebre4 g1<\/a><\/strong><\/p><\/td><td width=\"221\"><p><strong> <a href=\"https:\/\/www.univ-oeb.dz\/fsesnv\/wp-content\/uploads\/2023\/05\/corrige-Alg4-2023.pdf\">corrig\u00e9 Alg4 2023<\/a><\/strong><\/p><\/td><\/tr><tr><td width=\"221\"><p><strong>Analyse 4<\/strong><\/p><\/td><td width=\"221\"><p><strong> <a href=\"https:\/\/www.univ-oeb.dz\/fsesnv\/wp-content\/uploads\/2023\/05\/PV-NOTES_Analyse-4.pdf\">PV NOTES_Analyse-4<\/a><\/strong><\/p><\/td><td width=\"221\"><p><strong> <a href=\"https:\/\/www.univ-oeb.dz\/fsesnv\/wp-content\/uploads\/2023\/05\/Corrige\u0301ExamenAnalyse4.pdf\">Corrige\u0301ExamenAnalyse4<\/a><\/strong><\/p><\/td><\/tr><tr><td width=\"221\"><p><strong>Probabilit\u00e9s<\/strong><\/p><\/td><td width=\"221\"><p><strong><a href=\"https:\/\/www.univ-oeb.dz\/fsesnv\/wp-content\/uploads\/2023\/05\/Notes-Proba-G1-L2-2023.pdf\">Notes Proba G1 L2 2023<\/a><\/strong><\/p><p><strong> <a href=\"https:\/\/www.univ-oeb.dz\/fsesnv\/wp-content\/uploads\/2023\/05\/Notes-Proba-G2-L2-2023.pdf\">Notes Proba G2 L2 2023<\/a><\/strong><\/p><\/td><td width=\"221\"><p><strong> <a href=\"https:\/\/www.univ-oeb.dz\/fsesnv\/wp-content\/uploads\/2023\/05\/Corrige-type-Controle-Proba-L2-2023.pdf\">Corrig\u00e9 type Controle Proba L2 2023<\/a> <\/strong><\/p><\/td><\/tr><tr><td width=\"221\"><p><strong>analyse Num 2<\/strong><\/p><\/td><td width=\"221\"><p><strong> <a href=\"https:\/\/www.univ-oeb.dz\/fsesnv\/wp-content\/uploads\/2023\/05\/Analyse-Numerique-2-\u0627\u0644\u0641\u0648\u062c-2.pdf\">Analyse Num\u00e9rique 2( \u0627\u0644\u0641\u0648\u062c 2)<\/a><\/strong><\/p><p><strong> <a href=\"https:\/\/www.univ-oeb.dz\/fsesnv\/wp-content\/uploads\/2023\/05\/Analyse-Numerique-2-\u0627\u0644\u0641\u0648\u062c-1.pdf\">Analyse Num\u00e9rique 2( \u0627\u0644\u0641\u0648\u062c 1)<\/a> <\/strong><\/p><\/td><td width=\"221\"><p><strong> <a href=\"https:\/\/www.univ-oeb.dz\/fsesnv\/wp-content\/uploads\/2023\/05\/corrige-ana-num1.pdf\">corrig\u00e9 ana num1<\/a><\/strong><\/p><\/td><\/tr><\/tbody><\/table><\/div>\n\t\t\t\t\t\t\t\t\t<div class=\"elementor-tab-title elementor-tab-mobile-title\" aria-selected=\"false\" data-tab=\"2\" role=\"tab\" tabindex=\"-1\" aria-controls=\"elementor-tab-content-2532\" aria-expanded=\"false\">\u0625\u0639\u0644\u0627\u0645 \u0622\u0644\u064a<\/div>\n\t\t\t\t\t<div id=\"elementor-tab-content-2532\" class=\"elementor-tab-content elementor-clearfix\" data-tab=\"2\" role=\"tabpanel\" aria-labelledby=\"elementor-tab-title-2532\" tabindex=\"0\" hidden=\"hidden\"><p style=\"text-align: center;\"><span style=\"color: #ff0000;\"><strong>\u0646\u0642\u0627\u0637 \u0627\u0644\u0633\u062f\u0627\u0633\u064a \u0627\u0644\u062b\u0627\u0646\u064a \u0633\u0646\u0629 \u062b\u0627\u0646\u064a\u0629 \u0644\u064a\u0633\u0627\u0646\u0633 \u0625\u0639\u0644\u0627\u0645 \u0622\u0644\u064a<\/strong><\/span><\/p><table width=\"663\"><tbody><tr><td width=\"221\"><p><strong>\u0627\u0644\u0645\u0642\u064a\u0627\u0633<\/strong><\/p><\/td><td width=\"221\"><p><strong>\u0645\u062d\u0627\u0636\u0631 \u0627\u0644\u0646\u0642\u0627\u0637<\/strong><\/p><\/td><td width=\"221\"><p><strong>\u0627\u0644\u0625\u062c\u0627\u0628\u0629 \u0627\u0644\u0646\u0645\u0648\u0630\u062c\u064a\u0629<\/strong><\/p><\/td><\/tr><tr><td width=\"221\"><p><strong>Anglais<\/strong><\/p><\/td><td width=\"221\"><p><strong> <a href=\"https:\/\/www.univ-oeb.dz\/fsesnv\/wp-content\/uploads\/2023\/06\/LANGUE-ETRANGERE-3-\u0627\u0644\u0641\u0648\u062c-6.xlsx\">LANGUE ETRANGERE-3( \u0627\u0644\u0641\u0648\u062c 6)<\/a><\/strong><\/p><p><strong> <a href=\"https:\/\/www.univ-oeb.dz\/fsesnv\/wp-content\/uploads\/2023\/06\/LANGUE-ETRANGERE-3-\u0627\u0644\u0641\u0648\u062c-5.xlsx\">LANGUE ETRANGERE-3( \u0627\u0644\u0641\u0648\u062c 5)<\/a> <\/strong><\/p><p><strong><a href=\"https:\/\/www.univ-oeb.dz\/fsesnv\/wp-content\/uploads\/2023\/06\/LANGUE-ETRANGERE-3-\u0627\u0644\u0641\u0648\u062c-4.xlsx\">LANGUE ETRANGERE-3( \u0627\u0644\u0641\u0648\u062c 4)<\/a><\/strong><\/p><p><strong> <a href=\"https:\/\/www.univ-oeb.dz\/fsesnv\/wp-content\/uploads\/2023\/06\/LANGUE-ETRANGERE-3-\u0627\u0644\u0641\u0648\u062c-3.xlsx\">LANGUE ETRANGERE-3( \u0627\u0644\u0641\u0648\u062c 3)<\/a><\/strong><\/p><p><strong> <a href=\"https:\/\/www.univ-oeb.dz\/fsesnv\/wp-content\/uploads\/2023\/06\/LANGUE-ETRANGERE-3-\u0627\u0644\u0641\u0648\u062c-2.xlsx\">LANGUE ETRANGERE-3( \u0627\u0644\u0641\u0648\u062c 2)<\/a><\/strong><\/p><p><strong> <a href=\"https:\/\/www.univ-oeb.dz\/fsesnv\/wp-content\/uploads\/2023\/06\/LANGUE-ETRANGERE-3-\u0627\u0644\u0641\u0648\u062c-1.xlsx\">LANGUE ETRANGERE-3( \u0627\u0644\u0641\u0648\u062c 1)<\/a><\/strong><\/p><\/td><td width=\"221\"><p><strong> <a href=\"https:\/\/www.univ-oeb.dz\/fsesnv\/wp-content\/uploads\/2023\/06\/2nd-year-exam-model-answer.docx\">2nd year exam model answer<\/a><\/strong><\/p><\/td><\/tr><tr><td width=\"221\"><p><strong>BDD<\/strong><\/p><\/td><td width=\"221\"><p><strong><a href=\"https:\/\/www.univ-oeb.dz\/fsesnv\/wp-content\/uploads\/2023\/05\/Notes-Examen-BDD.pdf\">Notes Examen BDD<\/a><\/strong><\/p><\/td><td width=\"221\"><p><strong> <a href=\"https:\/\/www.univ-oeb.dz\/fsesnv\/wp-content\/uploads\/2023\/05\/Corrige-type-examen-2023-2.pdf\">Corrig\u00e9 type examen 2023 (2)<\/a> <\/strong><\/p><\/td><\/tr><tr><td width=\"221\"><p><strong>TL<\/strong><\/p><\/td><td width=\"221\"><p><strong><a href=\"https:\/\/www.univ-oeb.dz\/fsesnv\/wp-content\/uploads\/2023\/05\/Theorie-des-langages-\u0627\u0644\u0641\u0648\u062c-1.xlsx\">Th\u00e9orie des-langages( \u0627\u0644\u0641\u0648\u062c 1)<\/a><\/strong><\/p><p><strong> <a href=\"https:\/\/www.univ-oeb.dz\/fsesnv\/wp-content\/uploads\/2023\/05\/Theorie-des-langages-\u0627\u0644\u0641\u0648\u062c-6.xlsx\">Th\u00e9orie des-langages( \u0627\u0644\u0641\u0648\u062c 6)<\/a><\/strong><\/p><p><strong> <a href=\"https:\/\/www.univ-oeb.dz\/fsesnv\/wp-content\/uploads\/2023\/05\/Theorie-des-langages-\u0627\u0644\u0641\u0648\u062c-5.xlsx\">Th\u00e9orie des-langages( \u0627\u0644\u0641\u0648\u062c 5)<\/a> <\/strong><\/p><p><strong><a href=\"https:\/\/www.univ-oeb.dz\/fsesnv\/wp-content\/uploads\/2023\/05\/Theorie-des-langages-\u0627\u0644\u0641\u0648\u062c-4.xlsx\">Th\u00e9orie des-langages( \u0627\u0644\u0641\u0648\u062c 4)<\/a> <\/strong><\/p><p><strong><a href=\"https:\/\/www.univ-oeb.dz\/fsesnv\/wp-content\/uploads\/2023\/05\/Theorie-des-langages-\u0627\u0644\u0641\u0648\u062c-3.xlsx\">Th\u00e9orie des-langages( \u0627\u0644\u0641\u0648\u062c 3)<\/a> <\/strong><\/p><p><strong><a href=\"https:\/\/www.univ-oeb.dz\/fsesnv\/wp-content\/uploads\/2023\/05\/Theorie-des-langages-\u0627\u0644\u0641\u0648\u062c-2.xlsx\">Th\u00e9orie des-langages( \u0627\u0644\u0641\u0648\u062c 2)<\/a><\/strong><\/p><\/td><td width=\"221\"><p><strong> <a href=\"https:\/\/www.univ-oeb.dz\/fsesnv\/wp-content\/uploads\/2023\/05\/corrige_TL.pdf\">corrig\u00e9_TL<\/a> <\/strong><\/p><\/td><\/tr><tr><td width=\"221\"><p><strong>SE1<\/strong><\/p><\/td><td width=\"221\"><p><strong> <a href=\"https:\/\/www.univ-oeb.dz\/fsesnv\/wp-content\/uploads\/2023\/05\/SYSTEME-d-EXPLOITATION1-\u0627\u0644\u0641\u0648\u062c-1.pdf\">SYSTEME d- EXPLOITATION1( \u0627\u0644\u0641\u0648\u062c 1)<\/a><\/strong><\/p><p><strong> <a href=\"https:\/\/www.univ-oeb.dz\/fsesnv\/wp-content\/uploads\/2023\/05\/SYSTEME-d-EXPLOITATION1-\u0627\u0644\u0641\u0648\u062c-2.pdf\">SYSTEME d- EXPLOITATION1( \u0627\u0644\u0641\u0648\u062c 2)<\/a><\/strong><\/p><p><strong> <a href=\"https:\/\/www.univ-oeb.dz\/fsesnv\/wp-content\/uploads\/2023\/05\/SYSTEME-d-EXPLOITATION1-\u0627\u0644\u0641\u0648\u062c-3.pdf\">SYSTEME d- EXPLOITATION1( \u0627\u0644\u0641\u0648\u062c 3)<\/a><\/strong><\/p><p><strong> <a href=\"https:\/\/www.univ-oeb.dz\/fsesnv\/wp-content\/uploads\/2023\/05\/SYSTEME-d-EXPLOITATION1-\u0627\u0644\u0641\u0648\u062c-4.pdf\">SYSTEME d- EXPLOITATION1( \u0627\u0644\u0641\u0648\u062c 4)<\/a><\/strong><\/p><p><strong> <a href=\"https:\/\/www.univ-oeb.dz\/fsesnv\/wp-content\/uploads\/2023\/05\/SYSTEME-d-EXPLOITATION1-\u0627\u0644\u0641\u0648\u062c-5.pdf\">SYSTEME d- EXPLOITATION1( \u0627\u0644\u0641\u0648\u062c 5)<\/a><\/strong><\/p><p><strong> <a href=\"https:\/\/www.univ-oeb.dz\/fsesnv\/wp-content\/uploads\/2023\/05\/SYSTEME-d-EXPLOITATION1-\u0627\u0644\u0641\u0648\u062c-6.pdf\">SYSTEME d- EXPLOITATION1( \u0627\u0644\u0641\u0648\u062c 6)<\/a><\/strong><\/p><\/td><td width=\"221\"><p><strong> <a href=\"https:\/\/www.univ-oeb.dz\/fsesnv\/wp-content\/uploads\/2023\/05\/Corrige_SE1.pdf\">Corrige_SE1<\/a><\/strong><\/p><\/td><\/tr><tr><td width=\"221\"><p><strong>RC<\/strong><\/p><\/td><td width=\"221\"><p><strong> <a href=\"https:\/\/www.univ-oeb.dz\/fsesnv\/wp-content\/uploads\/2023\/05\/Reseaux-\u0627\u0644\u0641\u0648\u062c-1_.pdf\">R\u00e9seaux( \u0627\u0644\u0641\u0648\u062c 1)_<\/a><\/strong><\/p><p><strong> <a href=\"https:\/\/www.univ-oeb.dz\/fsesnv\/wp-content\/uploads\/2023\/05\/Reseaux-\u0627\u0644\u0641\u0648\u062c-2_.pdf\">R\u00e9seaux( \u0627\u0644\u0641\u0648\u062c 2)_<\/a><\/strong><\/p><p><strong> <a href=\"https:\/\/www.univ-oeb.dz\/fsesnv\/wp-content\/uploads\/2023\/05\/Reseaux-\u0627\u0644\u0641\u0648\u062c-3_.pdf\">R\u00e9seaux( \u0627\u0644\u0641\u0648\u062c 3)_<\/a><\/strong><\/p><p><strong> <a href=\"https:\/\/www.univ-oeb.dz\/fsesnv\/wp-content\/uploads\/2023\/05\/Reseaux-\u0627\u0644\u0641\u0648\u062c-4_.pdf\">R\u00e9seaux( \u0627\u0644\u0641\u0648\u062c 4)_<\/a><\/strong><\/p><p><strong> <a href=\"https:\/\/www.univ-oeb.dz\/fsesnv\/wp-content\/uploads\/2023\/05\/Reseaux-\u0627\u0644\u0641\u0648\u062c-5_.pdf\">R\u00e9seaux( \u0627\u0644\u0641\u0648\u062c 5)_<\/a><\/strong><\/p><p><strong> <a href=\"https:\/\/www.univ-oeb.dz\/fsesnv\/wp-content\/uploads\/2023\/05\/Reseaux-\u0627\u0644\u0641\u0648\u062c-6_.pdf\">R\u00e9seaux( \u0627\u0644\u0641\u0648\u062c 6)_<\/a><\/strong><\/p><\/td><td width=\"221\"><p><strong> <a href=\"https:\/\/www.univ-oeb.dz\/fsesnv\/wp-content\/uploads\/2023\/05\/Examen-CorrigeType.pdf\">Examen + Corrig\u00e9Type<\/a><\/strong><\/p><\/td><\/tr><tr><td width=\"221\"><p><strong>POO<\/strong><\/p><\/td><td width=\"221\"><p><strong> <a href=\"https:\/\/www.univ-oeb.dz\/fsesnv\/wp-content\/uploads\/2023\/05\/Programation.Oriente-Objet-\u0627\u0644\u0641\u0648\u062c-1.pdf\">Programation.Orient\u00e9 Objet( \u0627\u0644\u0641\u0648\u062c 1)<\/a><\/strong><\/p><p><strong> <a href=\"https:\/\/www.univ-oeb.dz\/fsesnv\/wp-content\/uploads\/2023\/05\/Programation.Oriente-Objet-\u0627\u0644\u0641\u0648\u062c-2.pdf\">Programation.Orient\u00e9 Objet( \u0627\u0644\u0641\u0648\u062c 2)<\/a><\/strong><\/p><p><strong> <a href=\"https:\/\/www.univ-oeb.dz\/fsesnv\/wp-content\/uploads\/2023\/05\/Programation.Oriente-Objet-\u0627\u0644\u0641\u0648\u062c-3.pdf\">Programation.Orient\u00e9 Objet( \u0627\u0644\u0641\u0648\u062c 3)<\/a><\/strong><\/p><p><strong> <a href=\"https:\/\/www.univ-oeb.dz\/fsesnv\/wp-content\/uploads\/2023\/05\/Programation.Oriente-Objet-\u0627\u0644\u0641\u0648\u062c-4.pdf\">Programation.Orient\u00e9 Objet( \u0627\u0644\u0641\u0648\u062c 4)<\/a><\/strong><\/p><p><strong> <a href=\"https:\/\/www.univ-oeb.dz\/fsesnv\/wp-content\/uploads\/2023\/05\/Programation.Oriente-Objet-\u0627\u0644\u0641\u0648\u062c-5.pdf\">Programation.Orient\u00e9 Objet( \u0627\u0644\u0641\u0648\u062c 5)<\/a><\/strong><\/p><p><strong> <a href=\"https:\/\/www.univ-oeb.dz\/fsesnv\/wp-content\/uploads\/2023\/05\/Programation.Oriente-Objet-\u0627\u0644\u0641\u0648\u062c-6.pdf\">Programation.Orient\u00e9 Objet( \u0627\u0644\u0641\u0648\u062c 6)<\/a><\/strong><\/p><\/td><td width=\"221\"><p><strong> <a href=\"https:\/\/www.univ-oeb.dz\/fsesnv\/wp-content\/uploads\/2023\/05\/Corrige-type-de-POO.pdf\">Corrig\u00e9 type de POO<\/a><\/strong><\/p><\/td><\/tr><tr><td width=\"221\"><p><strong>DAW<\/strong><\/p><\/td><td width=\"221\"><p><strong> <a href=\"https:\/\/www.univ-oeb.dz\/fsesnv\/wp-content\/uploads\/2023\/05\/DEVELOPPEMENT-DAPPLICATIONS-WEB-\u0627\u0644\u0641\u0648\u062c-5.pdf\">DEVELOPPEMENT DAPPLICATIONS WEB( \u0627\u0644\u0641\u0648\u062c 5)<\/a><\/strong><\/p><p><strong> <a href=\"https:\/\/www.univ-oeb.dz\/fsesnv\/wp-content\/uploads\/2023\/05\/DEVELOPPEMENT-DAPPLICATIONS-WEB-\u0627\u0644\u0641\u0648\u062c-6.pdf\">DEVELOPPEMENT DAPPLICATIONS WEB( \u0627\u0644\u0641\u0648\u062c 6)<\/a><\/strong><\/p><p><strong> <a href=\"https:\/\/www.univ-oeb.dz\/fsesnv\/wp-content\/uploads\/2023\/05\/DEVELOPPEMENT-DAPPLICATIONS-WEB-\u0627\u0644\u0641\u0648\u062c-4.pdf\">DEVELOPPEMENT DAPPLICATIONS WEB( \u0627\u0644\u0641\u0648\u062c 4)<\/a><\/strong><\/p><p><strong> <a href=\"https:\/\/www.univ-oeb.dz\/fsesnv\/wp-content\/uploads\/2023\/05\/DEVELOPPEMENT-DAPPLICATIONS-WEB-\u0627\u0644\u0641\u0648\u062c-3.pdf\">DEVELOPPEMENT DAPPLICATIONS WEB( \u0627\u0644\u0641\u0648\u062c 3)<\/a><\/strong><\/p><p><strong> <a href=\"https:\/\/www.univ-oeb.dz\/fsesnv\/wp-content\/uploads\/2023\/05\/DEVELOPPEMENT-DAPPLICATIONS-WEB-\u0627\u0644\u0641\u0648\u062c-2.pdf\">DEVELOPPEMENT DAPPLICATIONS WEB( \u0627\u0644\u0641\u0648\u062c 2)<\/a><\/strong><\/p><p><strong> <a href=\"https:\/\/www.univ-oeb.dz\/fsesnv\/wp-content\/uploads\/2023\/05\/DEVELOPPEMENT-DAPPLICATIONS-WEB-\u0627\u0644\u0641\u0648\u062c-1.pdf\">DEVELOPPEMENT DAPPLICATIONS WEB( \u0627\u0644\u0641\u0648\u062c 1)<\/a> <\/strong><\/p><\/td><td width=\"221\"><p><strong> <a href=\"https:\/\/www.univ-oeb.dz\/fsesnv\/wp-content\/uploads\/2023\/05\/Examen-DAW-corrige-type.pdf\">Examen DAW corrig\u00e9 type<\/a><\/strong><\/p><\/td><\/tr><\/tbody><\/table><\/div>\n\t\t\t\t\t\t\t<\/div>\n\t\t<\/div>\n\t\t\t\t\t\t<\/div>\n\t\t\t\t<\/div>\n\t\t\t\t\t<\/div>\n\t\t<\/div>\n\t\t\t\t\t<\/div>\n\t\t<\/section>\n\t\t\t\t<\/div>\n\t\t","protected":false},"excerpt":{"rendered":"<p>\u0631\u064a\u0627\u0636\u064a\u0627\u062a \u0625\u0639\u0644\u0627\u0645 \u0622\u0644\u064a \u0631\u064a\u0627\u0636\u064a\u0627\u062a \u0646\u0642\u0627\u0637 \u0627\u0644\u0633\u062f\u0627\u0633\u064a \u0627\u0644\u062b\u0627\u0646\u064a \u0633\u0646\u0629 \u062b\u0627\u0646\u064a\u0629 \u0644\u064a\u0633\u0627\u0646\u0633 \u0631\u064a\u0627\u0636\u064a\u0627\u062a \u0627\u0644\u0645\u0642\u064a\u0627\u0633 \u0645\u062d\u0627\u0636\u0631 \u0627\u0644\u0646\u0642\u0627\u0637 \u0627\u0644\u0625\u062c\u0627\u0628\u0629 \u0627\u0644\u0646\u0645\u0648\u0630\u062c\u064a\u0629 analyse complexe complexeg2 complexeg1 corrig\u00e9 complexe p2 corrig\u00e9 complexe p1 G\u00e9om\u00e9trie geometrie g2 geometrie g1 corig\u00e9-examg\u00e9o_22-23 Application des math \u00a0aux autres sciences Application des math\u00e9matiques aux autres sciences g2 Application des math\u00e9matiques aux autres sciences g1 corrig\u00e9 applications des &hellip;<\/p>\n","protected":false},"author":1,"featured_media":0,"parent":0,"menu_order":0,"comment_status":"closed","ping_status":"closed","template":"","meta":{"footnotes":""},"class_list":["post-6709","page","type-page","status-publish","hentry"],"_links":{"self":[{"href":"https:\/\/www.univ-oeb.dz\/fsesnv\/wp-json\/wp\/v2\/pages\/6709","targetHints":{"allow":["GET"]}}],"collection":[{"href":"https:\/\/www.univ-oeb.dz\/fsesnv\/wp-json\/wp\/v2\/pages"}],"about":[{"href":"https:\/\/www.univ-oeb.dz\/fsesnv\/wp-json\/wp\/v2\/types\/page"}],"author":[{"embeddable":true,"href":"https:\/\/www.univ-oeb.dz\/fsesnv\/wp-json\/wp\/v2\/users\/1"}],"replies":[{"embeddable":true,"href":"https:\/\/www.univ-oeb.dz\/fsesnv\/wp-json\/wp\/v2\/comments?post=6709"}],"version-history":[{"count":0,"href":"https:\/\/www.univ-oeb.dz\/fsesnv\/wp-json\/wp\/v2\/pages\/6709\/revisions"}],"wp:attachment":[{"href":"https:\/\/www.univ-oeb.dz\/fsesnv\/wp-json\/wp\/v2\/media?parent=6709"}],"curies":[{"name":"wp","href":"https:\/\/api.w.org\/{rel}","templated":true}]}}