{"id":6378,"date":"2023-05-13T09:54:48","date_gmt":"2023-05-13T08:54:48","guid":{"rendered":"http:\/\/www.univ-oeb.dz\/fsesnv\/?page_id=6378"},"modified":"2023-05-13T10:03:13","modified_gmt":"2023-05-13T09:03:13","slug":"curriculum-vitae-mahdi-djahida","status":"publish","type":"page","link":"https:\/\/www.univ-oeb.dz\/fsesnv\/curriculum-vitae-mahdi-djahida\/","title":{"rendered":"Curriculum Vitae MAHDI Djahida"},"content":{"rendered":"\n<div class=\"wp-block-media-text is-stacked-on-mobile\" style=\"grid-template-columns:24% auto\"><figure class=\"wp-block-media-text__media\"><img fetchpriority=\"high\" decoding=\"async\" width=\"219\" height=\"230\" src=\"https:\/\/www.univ-oeb.dz\/fsesnv\/wp-content\/uploads\/2023\/04\/images.png\" alt=\"\" class=\"wp-image-5807 size-full\"\/><\/figure><div class=\"wp-block-media-text__content\">\n<ul class=\"wp-block-list\">\n<li>Professor &nbsp;MAHDI Djahida<\/li>\n\n\n\n<li>Actual position: Professor<\/li>\n\n\n\n<li>Affiliation: Nature and Life Sciences department, University of Oum El Bouaghi, Algeria.<\/li>\n\n\n\n<li>E-mail: <a href=\"mailto:djahidamahdi@yahoo.com\">djahidamahdi@yahoo.com<\/a>; <a href=\"mailto:mahdi.djahida@univ-oeb.dz\">mahdi.djahida@univ-oeb.dz<\/a><\/li>\n\n\n\n<li>Mobile: 06660490459<\/li>\n<\/ul>\n<\/div><\/div>\n\n\n\n<p class=\"has-text-align-center has-very-light-gray-to-cyan-bluish-gray-gradient-background has-background\"><strong>Researcher identity<\/strong><\/p>\n\n\n\n<p>Google Scholar: <a href=\"https:\/\/scholar.google.fr\/citations?user=me0GR5gAAAAJ&amp;hl\" data-type=\"URL\" data-id=\"https:\/\/scholar.google.fr\/citations?user=me0GR5gAAAAJ&amp;hl\">link<\/a><\/p>\n\n\n\n<p>ReaserchGate: <a href=\"https:\/\/www.researchgate.net\/profile\/Djahida-Mahdi-2\" data-type=\"URL\" data-id=\"https:\/\/www.researchgate.net\/profile\/Djahida-Mahdi-2\">link<\/a><\/p>\n\n\n\n<p>ORCID: 0000-0001-7009-2340<\/p>\n\n\n\n<p class=\"has-text-align-center has-very-light-gray-to-cyan-bluish-gray-gradient-background has-background\">Education<\/p>\n\n\n\n<ul class=\"wp-block-list\">\n<li><strong>University habilitation (HDR)<\/strong> in Biology (2010, university Annaba)<\/li>\n\n\n\n<li><strong>Doctorate of&nbsp; Sciences in <\/strong>Animal Biology (2008, university Annaba)<\/li>\n\n\n\n<li><strong>Master&rsquo;s degree<\/strong> in &nbsp;Cellular and Systemic Physiology (1988 , &nbsp;USA)<\/li>\n\n\n\n<li><strong>Diploma of higher studies (D.E.S)<\/strong> in Animal Biology and Physiology (1985, Constantine university)<\/li>\n<\/ul>\n\n\n\n<p class=\"has-text-align-center has-very-light-gray-to-cyan-bluish-gray-gradient-background has-background\"><br>Scientific recognitions &nbsp;and awards<\/p>\n\n\n\n<p>1. A scholarship to study in the USA was given by the Algerian higher ministry of education and research in 1985<\/p>\n\n\n\n<p>2- Honored by the University of Constantine in 1985 for graduating in the major position in 1985, at the Constantine University<\/p>\n\n\n\n<p>3- Honored by Gamma delta Phi Sigma society in 1988. This organization in the USA designates a student as member, who have obtained excellent academic results and who have started research in biological sciences<\/p>\n\n\n\n<p>4- My research work entitled: \u201cRelationship between follicle growth and circulation gonadotrophin levels during postnatal development of sheep\u201d was chosen to participate in obtaining the prize in reproductive biomedicine and stem cells fields (10th Royan international Research Award) by Royan institute, IRAN. 2009 .<\/p>\n\n\n\n<p>5-Best research work presented as \u201cPoster\u201d, 21-24 December 2015, at The 5th Maghreb conference on desalination and water treatment, Tunisia: Trad A and Co author MAHDI D. Effect of internal and external parameters on the performance of solar still.<\/p>\n\n\n\n<p class=\"has-text-align-center has-very-light-gray-to-cyan-bluish-gray-gradient-background has-background\">Functions and Affiliations<\/p>\n\n\n\n<ul class=\"wp-block-list\">\n<li><strong>Professor since <\/strong><strong>19<\/strong><strong> <\/strong><strong>January<\/strong><strong> <\/strong><strong>2019<\/strong><\/li>\n\n\n\n<li>Member&nbsp; in <strong>Research Laboratory<\/strong> of &nbsp;Natural Resources and Management of Sensitive Environments, University of Oum El Bouaghi (2003-2016); Member in Research Laboratory of Animal Ecophysiology, university Annaba (201-2022); Member&nbsp; in Research Laboratory of Natural Substances, Biomolecules and Biotechnological Applications, University of Oum El Bouaghi (from 2022 till now)<\/li>\n\n\n\n<li>Head of department of natural sciences (E.N.S. Oum El Bouaghi;<\/li>\n\n\n\n<li>&nbsp;AT the university center larbi Ben m&rsquo;hidi Oum El Bouaghi: Head of department of the first year study (tronc commun ) of the institute of natural and life sciences; Head of Department of Biology and Animal Physiology; Head of department of Microbiology at the C.U. Larbi Ben M&rsquo;hidi Oum El Bouaghi.<\/li>\n\n\n\n<li>Head of department of Natural and Life Sciences (LMD), Faculty of Exact Sciences and Natural and Life Sciences at the University Larbi Ben M&rsquo;Hidi Oum El Bouaghi.<\/li>\n\n\n\n<li>Member of disciplinary comity at the higher normal school&nbsp; (ENS) in Oum El Bouaghi from 1990 until 1995, and from 15 February 1997 &nbsp;&nbsp;until 1999.<\/li>\n\n\n\n<li>Supervision of many students (<strong>Diploma of higher education<\/strong><strong>; Masters<\/strong><strong> and <\/strong><strong>PhD students<\/strong>).<\/li>\n\n\n\n<li>Head and Member in many Research Projects on small ruminant\u2019s physiology and use of natural and bioactive substances in therapy and in detoxification:<\/li>\n\n\n\n<li><strong>Project of research:<\/strong><strong><\/strong><\/li>\n<\/ul>\n\n\n\n<p><strong>1-<\/strong> 2000-2004: Member of project CNEPRU, Code&nbsp;: 0401\/01\/2000. Title: Postnatal development and physiological maturity of the ovary of Ouled Djellel sheep.<\/p>\n\n\n\n<p><strong>2-<\/strong> 2011-2014: Head of project&nbsp;: CNEPRU,Code&nbsp;: G03020100035. The postnatal development and physiological maturity of the genital apparatus of Ouled Djellel sheep.<\/p>\n\n\n\n<p><strong>3-<\/strong> 2015-2018: Head of project: CNEPRU,Code: D01N01UN040120140013. Effect of physiological stage on different blood parameters in goats reared in the semi-arid areas.<\/p>\n\n\n\n<p><strong>4-<\/strong>2018-2021: Member of project: PRFU,Code: D01N01UN040120180002.&nbsp; Valorization of biomolecules of the Algerian propolis with pharmacological activities: anti Alzheimer and anti-infectious.<\/p>\n\n\n\n<p><strong>5-<\/strong> 2022-2026: Head of project: PRFU, Code: D01N01UN040120180002: The protective effect of bioactive and natural substances against cisplatin-induced organ toxicity in vivo (Rat as experimental model).<\/p>\n\n\n\n<p>Teaching modules<\/p>\n\n\n\n<p>Animal biology (course + laboratory courses, 1st year, 1<sup>st<\/sup> year biology, ENS, Bachelor level); Animal physiology and endocrinology (course+ laboratory) (3rd year, diploma of higher education; D.E.S: animal biology and physiology); Anatomy and physiology of the major functions in vertebrates (course+ laboratory) (3<sup>rd <\/sup>year for diploma of higher education; D.E.S); General endocrinology (course+ laboratory) (4th year, DES), Micro-techniques; graduate course (1st year Master (magist\u00e8re,; graduate couirses) option: Zooparasitology); Psychophysiology (2nd year: LMD in psychology and speech therapy; Neurobiology (3rd year LMD (Bachelor level) : course+ laboratory ); Comparative aspects of major functions in vertebrates, fundamental subject (Master, course + laboratory); Animal biology (laboratory, LMD 1<sup>st<\/sup> year biology); General endocrinology (Course+TD, Master); Microtechnology (Course+ laboratory, Master); Reproductive endocrinology (Course+TD, Master); Analysis of articles (Course+TD, Master); Nervous Physiology ((3rd year; Bachelor level LMD: course+ TD); Analysis of scientific articles in English (2<sup>nd<\/sup> year Master); Micro-techniques (2<sup>nd<\/sup> year Master).<\/p>\n\n\n\n<p class=\"has-text-align-center has-very-light-gray-to-cyan-bluish-gray-gradient-background has-background\"><strong>International publications<\/strong><strong><\/strong><\/p>\n\n\n\n<p><strong>1<\/strong>. <strong>D. Mahdi<\/strong><em>,<\/em> K. Khallili. Relationship between follicle growth and circulating gonadotrophin levels during postnatal development of sheep. (<strong>Class A<\/strong>). <strong>Animal Reproduction Science<\/strong> 106 <strong>(2008)<\/strong> 100\u2013112. <a href=\"https:\/\/doi.org\/10.1016\/j.anireprosci.2007.04.008\">https:\/\/doi.org\/10.1016\/j.anireprosci.2007.04.008<\/a> .<\/p>\n\n\n\n<p><strong>2<\/strong>&#8211; <strong>D. Mahdi<\/strong>, D, Monniaux. Follicle growth in relation to circulating gonadotrophins during postnatal development of sheep. Book of Abstracts.&nbsp; Reproduction in Domestic Animals. Workshop abstracts, Poster abstracts, Editor in chief: Heriberto Rodriguez-Martonez. <strong>Wiley-Blackwell.<\/strong>&nbsp; Vol 43, Supplement 3, <strong>July 2008<\/strong>. p.83 Special Issue: Proceedings of the 16<sup>th<\/sup> Annual Conference of the European Society for Domestic Animal Reproduction (ESDAR). PDF] Reproduction in Domestic Animals &#8211; Facultad de Ciencias Veterinarias <a href=\"https:\/\/onlinelibrary.wiley.com\/toc\/14390531\/2008\/43\/s3\">https:\/\/onlinelibrary.wiley.com\/toc\/14390531\/2008\/43\/s3<\/a><\/p>\n\n\n\n<p><strong>3<\/strong>&#8211;<strong> <\/strong><strong>Mahdi D.,<\/strong> Khalili K., Dhimi A.&nbsp; Relationship between follicle growth and circulating gonadotrophin levels during postnatal development of sheep. <strong>2009<\/strong>. <strong>Cell journal<\/strong> (yakhteh)&nbsp;&nbsp; fall 2009, Volume 11, SUPPL. 1; Page(s) 25 &#8211; 26.&nbsp; <a href=\"http:\/\/www.sid.ir\/en\/journal\/ViewPaper.aspx?ID=152942\"><strong>http:\/\/www.sid.ir\/en\/journal\/ViewPaper.aspx?ID=152942<\/strong><\/a><strong><\/strong><\/p>\n\n\n\n<p><strong>4- <\/strong><strong>D. Mahdi<em>,<\/em><\/strong> K. Khelili. <strong>2010<\/strong> <strong>(Class A) <\/strong>Circulating gonadotropins levels and contribution of different large antral follicles to isofolliculia in sheep. <strong>Animal Reproduction Science<\/strong> 118 (2010) 25-31. <a href=\"https:\/\/doi.org\/10.1016\/j.anireprosci.2009.05.020\" target=\"_blank\" rel=\"noreferrer noopener\"><strong>https:\/\/doi.org\/10.1016\/j.anireprosci.2009.05.020<\/strong><\/a><\/p>\n\n\n\n<p><strong>5- <\/strong>Abderachid Trad, <strong>Djahida Mahdi<\/strong>. july <strong>2017 (classA)<\/strong>. Simulation of the solar still under real operating conditions.<strong>Desalination and Water Treatment. 2017<\/strong>, 83, 176\u2013183. DOI:&nbsp;<a href=\"https:\/\/doi.org\/10.5004\/dwt.2017.21085\" target=\"_blank\" rel=\"noreferrer noopener\">https:\/\/doi.org\/10.5004\/dwt.2017.21085<\/a><\/p>\n\n\n\n<p><strong>6- <\/strong>Sofia Amel Allaoua and, <strong>Djahida Mahdi<\/strong>, <strong>2018 (Class A) <\/strong>Plasma biochemical and minerals parameters in Arbia goats of a semi-arid region of North-Eastern Algeria during different stages of production. <strong>VETERINARSKI ARHIV 2018<\/strong>, 88 (5), 643-660. <a href=\"http:\/\/vetarhiv.vef.unizg.hr\/papers\/2018-88-5-5.pdf\">http:\/\/vetarhiv.vef.unizg.hr\/papers\/2018-88-5-5.pdf<\/a>&nbsp;&nbsp;&nbsp; doi: 10.24099\/vet.arhiv.0018<\/p>\n\n\n\n<p><strong>7<\/strong>&#8211; Khiel Saida,<strong> Mahdi Djahida. <\/strong>March<strong> 2018.<\/strong> (<strong>Class B).<\/strong> The Postnatal Development of the Ouled Djellel Ram Testis of Semi-Arid Zones. World <strong>Journal of Environmental Biosciences. 2018<\/strong>, Volume7, Issue 1: 100-103. <a href=\"http:\/\/www.environmentaljournals.org\/index\/AbstractView\/243\">http:\/\/www.environmentaljournals.org\/index\/AbstractView\/243<\/a>&nbsp;&nbsp;&nbsp;&nbsp;&nbsp;&nbsp;&nbsp;&nbsp;&nbsp;&nbsp;&nbsp;&nbsp;&nbsp; &nbsp;&nbsp;&nbsp;&nbsp;&nbsp;&nbsp;&nbsp;&nbsp;&nbsp;&nbsp;&nbsp;&nbsp;&nbsp;&nbsp;&nbsp;&nbsp;&nbsp;&nbsp;&nbsp;&nbsp;&nbsp;&nbsp;&nbsp;&nbsp;&nbsp;&nbsp;&nbsp;&nbsp;&nbsp;&nbsp;&nbsp;&nbsp;&nbsp;&nbsp;&nbsp;&nbsp;&nbsp;&nbsp;&nbsp;&nbsp;&nbsp;&nbsp;&nbsp;&nbsp;&nbsp;&nbsp;&nbsp;&nbsp;&nbsp;<\/p>\n\n\n\n<p><strong>8-<\/strong>Sofia Amel Allaoua, <strong>Djahida Mahdi<\/strong>&nbsp;&nbsp; April <strong>2018 <\/strong>(Class B) Minero-Biochemical Profiles of Arbia Goats Reared Traditionally Under the Semi-Arid Environment of North\u2013Eastern Algeria During Peri-Parturient Period. <strong>World Journal of<\/strong> <strong>Environmental Biosciences. 2018,<\/strong> 7, 2:95-101. <a href=\"http:\/\/www.environmentaljournals.org\/index\/AbstractView\/238\">http:\/\/www.environmentaljournals.org\/index\/AbstractView\/238<\/a><\/p>\n\n\n\n<p><strong>9-<\/strong>Amel Benbott, <strong>Djahida Mahdi<\/strong>,&nbsp; Kamel Derouiche, Karouche Saida, Ammar Zellagui. july <strong>2018 (Class B). <\/strong>&nbsp;Nephrotoxicity of Crude Alkaloids Extract of Peganum Harmala Seeds in Rats. <strong>World Journal of Environmental Biosciences.&nbsp; 2018<\/strong>, 7, 3:63-66.&nbsp; <a href=\"http:\/\/www.environmentaljournals.org\/admin\/articles\/DownloadArcivePDF\/WJEB-2018-7-3-133.pdf\">http:\/\/www.environmentaljournals.org\/admin\/articles\/DownloadArcivePDF\/WJEB-2018-7-3-133.pdf<\/a><\/p>\n\n\n\n<p><strong>10.<\/strong> A. Benbott, D. Mahdi, A. Zellagui, Y. Moumen&nbsp; and C. Mosbah D\u00e9cembre <strong>2018 (Class B). <\/strong>Effect of Alkaloids Extract of Peganum harmala Seeds on Histo-Function of Rat\u2019s Testes. <strong>Journal of New Technologyand Materials. <\/strong>Vol. 08, N\u00b002 (2018)70-76.<strong> <\/strong><a href=\"https:\/\/sites.google.com\/site\/jntmjournal\/vol-8n2-dec-2018\"><strong>https:\/\/sites.google.com\/site\/jntmjournal\/vol-8n2-dec-2018<\/strong><\/a><\/p>\n\n\n\n<p><strong>11- <\/strong>Allaoua S.A.,<strong> MAHDI D.<\/strong> <strong>D\u00e9cembre 2016. Actes \u00e9dit\u00e9&nbsp;0<\/strong>Variations de param\u00e8tres biochimiques et min\u00e9raux durant le pr\u00e9-partum, le post-partum et la p\u00e9riode s\u00e8che chez la ch\u00e8vre de race locale (Arbia) des zones semi-arides de l\u2019Est Alg\u00e9rie.&nbsp; Actes \u00e9dit\u00e9&nbsp;: <strong>Actes des&nbsp; 23<sup>\u00e8me<\/sup> Rencontres Recherches Ruminants 2016<\/strong>, INRA, \u00e9dition Institut de l\u2019\u00e9levage,&nbsp; p 23.&nbsp; N\u00b0 ISBN: 978-2-36343-779-2 9782363437792 <a href=\"http:\/\/www.journees3r.fr\/spip.php?article4313\"><em>http:\/\/www.journees3r.fr\/spip.php?article4313<\/em><\/a><\/p>\n\n\n\n<p><strong>12<\/strong>&#8211; A. TRAD, <strong>D. MAHDI<\/strong>. 17-20 December, 2017.<strong> Procceding books. <\/strong>&nbsp;Simulation of the solar still under real operating conditions. Selected papers presented at the 5th Maghreb Conference on Desalination and Water Treatment \u2014 CMTDE 2015, December 21\u201324, 2015, Hammamet, Tunisia. <strong>Procceding book <\/strong>was published during 6<sup>th<\/sup> Maghreb Conference on Desalination and Water Treatment \u2014 CMTDE 2015, December 17-20 December, 2017, Hammamet, Tunisia. <a href=\"http:\/\/www.deswater.com\/83toc.pdf\">http:\/\/www.deswater.com\/83toc.pdf<\/a><\/p>\n\n\n\n<p><strong>13-<\/strong> Asma Berkani, <strong>Djahida Mahdi,<\/strong> Sofia Amel Allaoua, Amel Benbott. Dec 2018 (Class B).Changes in Blood Biochemical and Mineral Parameters of Ouled Djellal Ewes under the Semi-Arid . Environment of North\u2013Eastern Algeria during Late Pregnancy and Early Post-Partum. World Journal of Environmental Biosciences.&nbsp; 2018, 7, 4:71-76.&nbsp; <a href=\"https:\/\/environmentaljournals.org\/en\/issue\/volume_7_2018_issue_4\">https:\/\/environmentaljournals.org\/en\/issue\/volume_7_2018_issue_4<\/a><\/p>\n\n\n\n<p><strong>14-<\/strong>Mouna Menakh, <strong>Djahida Mahdi<\/strong>, Saber Boutellaa, Amar Zellagui, Mesbah Lahouel, Chawki Bensouici&nbsp; 2020 (Class B). <em>In vitro <\/em>antioxidant activity and protective effect of <em>Hertia cheirifolia <\/em>L. n-butanol extract against liver and heart mitochondrial oxidative stress in rat. Acta Scientifica Naturalis<strong>.<\/strong><em> ASN, Vol. 7, No 1, Pages 33\u201345, <\/em>2020. DOI:&nbsp;<a href=\"https:\/\/doi.org\/10.2478\/asn-2020-0005\" target=\"_blank\" rel=\"noreferrer noopener\">https:\/\/doi.org\/10.2478\/asn-2020-0005<\/a><\/p>\n\n\n\n<p><strong>15.<\/strong> &nbsp;Hamdouche Nadira, Sifi Yamina, <strong>Mahdi Djahida<\/strong>, Dalichaouche Imen, Sifi Karima, Abadi Noureddine, M\u2019 Zahem Abderrahim, Satta Dalila. 2020. Molecular Analysis of Algerian Patients with Duchenne and Becker Muscular Dystrophy. South Asian J Exp Biol; 10 (3): 176-182; 2020 [DOI: 10.38150\/sajeb.10(3).p176-182]\n\n\n\n<p><strong>16.<\/strong> Nadira Hamdouche, Yamina Sifi, Djahida Mahdi, Karima Sifi, Abdelmadjid hamri, Nouredin Abadi, Imene Dalichaoueche , 2020. Analyse du g\u00e8ne DMD chez des patients Alg\u00e9riens atteints de dystrophinopathies Journ\u00e9es de Neurologie de Langue Fran\u00e7aise 2020, <a href=\"https:\/\/www.sciencedirect.com\/science\/journal\/00353787\">Revue Neurologique<\/a> <a href=\"https:\/\/www.sciencedirect.com\/science\/journal\/00353787\/176\/supp\/S\">Volume 176, Supplement<\/a>,&nbsp;September 2020, Page S23. <a href=\"https:\/\/doi.org\/10.1016\/j.neurol.2020.01.103\" target=\"_blank\" rel=\"noreferrer noopener\">https:\/\/doi.org\/10.1016\/j.neurol.2020.01.103<\/a><\/p>\n\n\n\n<p><strong>17-<\/strong><strong>Houria Boubellouta, Fatima Khelifi Touhami, Djahida Mahdi (2021).<\/strong>(Class B) 2020. <strong><em>In vivo <\/em><\/strong><strong>and <em>in vitro <\/em>hepatoprotective effect of three endemic plants against carbon tetrachloride-induced liver damage in rats.<\/strong><em> <\/em><strong>Acta Scientifica Naturalis<\/strong><em> .ASN, Vol. 8, No 1, Pages 15\u201336,<\/em> DOI: 10.2478\/asn-2021-0003.<\/p>\n\n\n\n<p><strong>18.<\/strong> Allaoua, S.A., <strong>Mahdi, D<\/strong>., Zerari, A.&nbsp;Rouar, S.(2021)&nbsp;Establishment of blood chemistry reference intervals for Arbia goats, including values in phases of reproduction.&nbsp;Comp Clin Pathol&nbsp;vol 30, Issu 2 <a href=\"https:\/\/doi.org\/10.1007\/s00580-021-03243-y\">https:\/\/doi.org\/10.1007\/s00580-021-03243-y<\/a><\/p>\n\n\n\n<p><strong>19<\/strong>. Zerari Aicha, <strong>Mahdi Djahida<\/strong>, Allaoua Sofia Amel, Rouar Salim (2021). Effect of gender on hematological parameters in growing Ouled Djellal sheep of semi arid zones of Northeastern Algeria. South Asian J Exp Biol; &nbsp;Vol. 11, Issue 4 Page 407-417 .[DOI: 10.38150\/sajeb.11(4).p407-417] <a href=\"https:\/\/sajeb.org\/index.php\/sajeb\/article\/view\/478\">https:\/\/sajeb.org\/index.php\/sajeb\/article\/view\/478<\/a><\/p>\n\n\n\n<p><strong>20. <\/strong>Mouna Menakh, Saber Boutellaa, <strong>Djahida Mahdi<\/strong>, Amar Zellagui, Mesbah Lahouel, Mehmet \u00d6zt\u00fcrk (2021). Hepatoprotective Effects of <em>Hertia cheirifolia <\/em>Butanolic Extract and Selenium against CCl4-induced Toxicity in Rats. Journal of Reports in Pharmaceutical Sciences | Volume 10 | Issue 2 | July-December <strong>2021<\/strong>.<strong> DOI: <\/strong>10.4103\/jrptps.JRPTPS_25_20<\/p>\n\n\n\n<p><strong>21.<\/strong> Benbott Amel,&nbsp; Camellia Mosbeh, Saida Karouche, Nadira Hamadouche, <strong>Djahida Mahdi<\/strong> ( Class B 2022). Subacute hepatotoxicity of alkaloids extracts of Peganum harmala L. seeds in Wistar albino rats. Notulae Scientia Biologicae .&nbsp; Volume 14 (issue2, article number: 1121. Online 30 May 2022: DOI:&nbsp;<a href=\"https:\/\/www.notulaebiologicae.ro\/index.php\/nsb\/forthcoming\/view\/index\">10.55779\/nsb14211211<\/a>.<\/p>\n\n\n\n<p><strong>22.<\/strong> S Boutellaa, M Menakh, <strong>D Mahdi<\/strong>, A Zellagui, N Bouzit, F Leknouche (class B, 2022). Nephroprotective Effect of Hertia cheirifolia Polar Fraction with Selenium against Carbon Tetrachloride in Rats. Annals of the Romanian Society for Cell Biology 26 (01), 3032-3049<\/p>\n\n\n\n<p><strong><u>National Publications:<\/u><\/strong><\/p>\n\n\n\n<p><strong>23. D. Mahdi<\/strong>, BA., Horowitz. 2004. Effect of norepinephrine on the Krebs cycle intermediates of brown adipose tissue in Mesocricetus auratus hamster. <strong>Revue des Sciences et de la Technologie<\/strong>, <strong>Synth\u00e8se<\/strong>. Editeur&nbsp;: Publication de l\u2019universit\u00e9 Badji Mokhtar-Annaba. ISSN&nbsp;: 1111-4924.Volume N\u00b013, <strong>juin 2004<\/strong>. pages 45-51. DOI:&nbsp;<a href=\"https:\/\/doi.org\/10.5004\/dwt.2017.21085\" target=\"_blank\" rel=\"noreferrer noopener\">https:\/\/doi.org\/10.5004\/dwt.2017.21085<\/a><\/p>\n\n\n\n<p><strong>24<\/strong>. <strong>D. Mahdi<\/strong>. <strong>2011<\/strong>Patterns of circulating FSH and LH in Ouled Djellel ewe lambs during postnatal development.&nbsp; <strong>Revue Sciences &amp; Technologie C<\/strong>,&nbsp;Universit\u00e9 Constantine 1 N\u00b033 Juin (2011), pp.9-15. <a href=\"http:\/\/revue.umc.edu.dz\/index.php\/c\/issue\/view\/41\/showToc\">http:\/\/revue.umc.edu.dz\/index.php\/c\/issue\/view\/41\/showToc<\/a><\/p>\n\n\n\n<p><strong>25.<\/strong> Daoudi Farida, <strong>Mahdi Djahida<\/strong>,Beddar Leila, Benbott Amel, Allaoua Sofia Amel, Zerari Aicha. Protective effect of aqueous extract of <em>Teucrium polium <\/em>against&nbsp; hemato-hepatotoxicity and inflammation induced by acrylamide. Proceeding of 1<sup>st<\/sup> National seminar Biotechnology of Medicinal Plants and their Involvement in the Pharmceuticlal and Food Industries, December 13th&nbsp;and14<sup>th<\/sup>, 2021, University of Oum-El-Bouaghi ISBN&nbsp; 978-9931-9827-4-6.<\/p>\n\n\n\n<p><strong>26.<\/strong><strong> <\/strong>TRAD Abderachid<strong>, Mahdi Djahida<\/strong>, Khacheb Mohamed Achraf (2022 ) Effect Of Thermal Energy Storage By Phase-Changing Material On The Performance of A Solar Still &lsquo;Comparison Study&rsquo; .Proceeding ISBN:978-9931-9471-6-5, 1st International Conference on Modern Electrical Engineering and Technology&nbsp; February 18th \u2013 19th 2022&nbsp; Mohamed Cherif Messaidia University, Souk Ahras, Algeria<\/p>\n\n\n\n<p class=\"has-text-align-center has-very-light-gray-to-cyan-bluish-gray-gradient-background has-background\"><strong>Interests and Qualifications<\/strong><strong><\/strong><\/p>\n\n\n\n<ul class=\"wp-block-list\">\n<li><strong>Interests:<\/strong><\/li>\n<\/ul>\n\n\n\n<p>1-Small ruminant physiology and production (goats and sheep)<\/p>\n\n\n\n<p>2-Use of natural and bioactive substances to protect organs from different toxic xenobiotic compounds<\/p>\n\n\n\n<p>3- Use of natural and bioactive substances to protect from organ toxic side effects of chimiotherapy; Use of natural and bioactive substances for cancer therapy.<\/p>\n\n\n\n<p>Qualifications: different histology techniques, Elisa, Radioimmunoassay, histochime, different studies in vivo, oxidative stress biomarkers,<\/p>\n\n\n\n<p>4- Thermogenesis<\/p>\n\n\n\n<ul class=\"wp-block-list\">\n<li>&nbsp;<strong>Qualifications<\/strong>: Different techniques in histology, Elisa, Radioimmunoassay, histochemistry. different studies in vivo using ratsoxidative stress biomarkers, Phytotherapy, markers of fertility&#8230;&#8230;&#8230;&#8230;&#8230;&#8230;&#8230;&#8230;&#8230;,<\/li>\n\n\n\n<li>Other: data analysis, statistical software; writing scientific articles<\/li>\n<\/ul>\n\n\n\n<figure class=\"wp-block-pullquote has-white-color has-text-color\"><blockquote><p>pdf version: <a href=\"https:\/\/www.univ-oeb.dz\/fsesnv\/wp-content\/uploads\/2023\/05\/Pr.-Mahdi-Djahida-English-short-CV.pdf\">Pr. Mahdi Djahida English short CV<\/a><br>Scopus: <a href=\"https:\/\/www.scopus.com\/authid\/detail.uri?authorId=57391770600\">Mahdi, Djahida &#8211; Author details &#8211; Scopus Preview<\/a><\/p><\/blockquote><\/figure>\n","protected":false},"excerpt":{"rendered":"<p>Professor &nbsp;MAHDI Djahida Actual position: Professor Affiliation: Nature and Life Sciences department, University of Oum El Bouaghi, Algeria. E-mail: djahidamahdi@yahoo.com; mahdi.djahida@univ-oeb.dz Mobile: 06660490459 Researcher identity Google Scholar: link ReaserchGate: link ORCID: 0000-0001-7009-2340 Education University habilitation (HDR) in Biology (2010, university Annaba) Doctorate of&nbsp; Sciences in Animal Biology (2008, university Annaba) Master&rsquo;s degree in &nbsp;Cellular and &hellip;<\/p>\n","protected":false},"author":1,"featured_media":0,"parent":0,"menu_order":0,"comment_status":"closed","ping_status":"closed","template":"","meta":{"footnotes":""},"class_list":["post-6378","page","type-page","status-publish","hentry"],"_links":{"self":[{"href":"https:\/\/www.univ-oeb.dz\/fsesnv\/wp-json\/wp\/v2\/pages\/6378","targetHints":{"allow":["GET"]}}],"collection":[{"href":"https:\/\/www.univ-oeb.dz\/fsesnv\/wp-json\/wp\/v2\/pages"}],"about":[{"href":"https:\/\/www.univ-oeb.dz\/fsesnv\/wp-json\/wp\/v2\/types\/page"}],"author":[{"embeddable":true,"href":"https:\/\/www.univ-oeb.dz\/fsesnv\/wp-json\/wp\/v2\/users\/1"}],"replies":[{"embeddable":true,"href":"https:\/\/www.univ-oeb.dz\/fsesnv\/wp-json\/wp\/v2\/comments?post=6378"}],"version-history":[{"count":0,"href":"https:\/\/www.univ-oeb.dz\/fsesnv\/wp-json\/wp\/v2\/pages\/6378\/revisions"}],"wp:attachment":[{"href":"https:\/\/www.univ-oeb.dz\/fsesnv\/wp-json\/wp\/v2\/media?parent=6378"}],"curies":[{"name":"wp","href":"https:\/\/api.w.org\/{rel}","templated":true}]}}