{"id":6225,"date":"2023-05-10T08:46:26","date_gmt":"2023-05-10T07:46:26","guid":{"rendered":"http:\/\/www.univ-oeb.dz\/fsesnv\/?page_id=6225"},"modified":"2023-05-10T08:46:27","modified_gmt":"2023-05-10T07:46:27","slug":"curriculum-vitae-dehimi-nour-el-houda","status":"publish","type":"page","link":"https:\/\/www.univ-oeb.dz\/fsesnv\/curriculum-vitae-dehimi-nour-el-houda\/","title":{"rendered":"Curriculum Vit\u00e6 DEHIMI Nour El Houda"},"content":{"rendered":"\n<div class=\"wp-block-media-text is-stacked-on-mobile\" style=\"grid-template-columns:24% auto\"><figure class=\"wp-block-media-text__media\"><img fetchpriority=\"high\" decoding=\"async\" width=\"219\" height=\"230\" src=\"https:\/\/www.univ-oeb.dz\/fsesnv\/wp-content\/uploads\/2023\/04\/images.png\" alt=\"\" class=\"wp-image-5807 size-full\"\/><\/figure><div class=\"wp-block-media-text__content\">\n<p><strong>Nom et Pr\u00e9nom : <\/strong>DEHIMI Nour El Houda<\/p>\n\n\n\n<p><strong>Num\u00e9ro de t\u00e9l\u00e9phone : <\/strong>(+213) 05 58 15 20 00<\/p>\n\n\n\n<p><strong>Email : <\/strong><a href=\"mailto:dehimi.nourelhouda@yahoo.fr\">dehimi.nourelhouda@yahoo.fr<\/a><\/p>\n<\/div><\/div>\n\n\n\n<p class=\"has-text-align-center has-very-light-gray-to-cyan-bluish-gray-gradient-background has-background\">Researcher Identity<\/p>\n\n\n\n<p>GoogleScolar: <a href=\"https:\/\/scholar.google.com\/citations?user=UPXojrQAAAAJ&amp;hl=fr\">\u202aNour EL Houda Dehimi\u202c &#8211; \u202aGoogle Scholar\u202c<\/a><\/p>\n\n\n\n<p>researchgate: <a href=\"https:\/\/www.researchgate.net\/profile\/Dehimi-Nour-El-Houda\" data-type=\"URL\" data-id=\"https:\/\/www.researchgate.net\/profile\/Dehimi-Nour-El-Houda\">Dehimi NOUR EL HOUDA<\/a><\/p>\n\n\n\n<p class=\"has-text-align-center has-very-light-gray-to-cyan-bluish-gray-gradient-background has-background\"><strong>Situation Professionnelle<\/strong><\/p>\n\n\n\n<p><strong>Enseignant-Chercheur \u00e0 l\u2019universit\u00e9 d\u2019Oum El Bouaghi<\/strong><\/p>\n\n\n\n<p><strong>Sp\u00e9cialit\u00e9 : <\/strong>Informatique<\/p>\n\n\n\n<p><strong>Grade acad\u00e9mique : <\/strong>Ma\u00eetre de conf\u00e9rences \u00a0\u00bb B \u00ab\u00a0<\/p>\n\n\n\n<p><strong>Laboratoire de rattachement : <\/strong>Equipe de recherche Distributed-Intelligent Systems Engineering (DISE) &#8211; Research Laboratory on Computer Science\u2019s Complex Systems ReLa(CS)<sup>2<\/sup> \u2013 Universit\u00e9 d\u2019Oum El Bouaghi<\/p>\n\n\n\n<p><strong>Adresse professionnelle : <\/strong>D\u00e9partement de Math\u00e9matiquess et Informatique \u2013 Facult\u00e9 de Sciences Exactes et Sciences de la Vie et de la Nature \u2013Universit\u00e9 d\u2019Oum El Bouaghi \u2013 B.P. 358 Oum El Bouaghi 04000.<\/p>\n\n\n\n<p class=\"has-text-align-center has-very-light-gray-to-cyan-bluish-gray-gradient-background has-background\"><strong>Dipl\u00f4mes<\/strong><\/p>\n\n\n\n<table width=\"623\">\n<tbody>\n<tr>\n<td colspan=\"2\" width=\"623\"><strong>Mars 2021 Habilitation Universitaire en informatique \u00e0 l\u2019universit\u00e9 d\u2019Oum El Bouaghi<\/strong><\/td>\n<\/tr>\n<tr>\n<td colspan=\"2\" width=\"623\"><strong>Mars 2016 Doctorat en informatique \u00e0 l\u2019universit\u00e9 d\u2019Oum El Bouaghi<\/strong><\/td>\n<\/tr>\n<tr>\n<td width=\"227\">\u00b7\u00a0\u00a0\u00a0\u00a0\u00a0\u00a0\u00a0\u00a0 <strong>Option\u00a0:<\/strong><\/td>\n<td width=\"396\">Ing\u00e9nierie des syst\u00e8mes distribu\u00e9s<\/td>\n<\/tr>\n<tr>\n<td width=\"227\">\u00b7\u00a0\u00a0\u00a0\u00a0\u00a0\u00a0\u00a0\u00a0 <strong>Intitul\u00e9 du projet\u00a0:<\/strong><\/td>\n<td width=\"396\">Assurance qualit\u00e9 des syst\u00e8mes multi agents holoniques<\/td>\n<\/tr>\n<tr>\n<td width=\"227\">\u00b7\u00a0\u00a0\u00a0\u00a0\u00a0\u00a0\u00a0\u00a0 <strong>Directeur de th\u00e8se\u00a0:<\/strong><\/td>\n<td width=\"396\">Professeur Farid MOKHATI (Universit\u00e9 d\u2019Oum El Bouaghi)<\/td>\n<\/tr>\n<tr>\n<td width=\"227\">\u00b7\u00a0\u00a0\u00a0\u00a0\u00a0\u00a0\u00a0\u00a0 <strong>Co-directeur de th\u00e8se\u00a0:<\/strong><\/td>\n<td width=\"396\">Professeur Mourad BADRI (Universit\u00e9 de QTR-Canada)<\/td>\n<\/tr>\n<tr>\n<td width=\"227\">\u00b7\u00a0\u00a0\u00a0\u00a0\u00a0\u00a0\u00a0\u00a0 <strong>Mention\u00a0:<\/strong><\/td>\n<td width=\"396\">Tr\u00e8s Honorable avec f\u00e9licitations du jury<\/td>\n<\/tr>\n<tr>\n<td colspan=\"2\" width=\"623\"><strong>Juin 2011 Master 2 en Informatique \u00e0 l\u2019universit\u00e9 d\u2019Oum El Bouaghi<\/strong><\/td>\n<\/tr>\n<tr>\n<td width=\"227\">\u00b7\u00a0\u00a0\u00a0\u00a0\u00a0\u00a0\u00a0\u00a0 <strong>Option\u00a0:<\/strong><\/td>\n<td width=\"396\">Ing\u00e9nierie des syst\u00e8mes distribu\u00e9s<\/td>\n<\/tr>\n<tr>\n<td width=\"227\">\u00b7\u00a0\u00a0\u00a0\u00a0\u00a0\u00a0\u00a0\u00a0 <strong>Intitul\u00e9 du projet\u00a0:<\/strong><\/td>\n<td width=\"396\">Simulation d\u2019un ecosyst\u00e8me\u00a0\u00a0 par l\u2019approche Multi Agents<\/td>\n<\/tr>\n<tr>\n<td width=\"227\">\u00b7\u00a0\u00a0\u00a0\u00a0\u00a0\u00a0\u00a0\u00a0 <strong>Encadreur\u00a0:<\/strong><\/td>\n<td width=\"396\">Docteur Tahar GUERRAM (Universit\u00e9 d\u2019Oum El Bouaghi)<\/td>\n<\/tr>\n<tr>\n<td width=\"227\">\u00b7\u00a0\u00a0\u00a0\u00a0\u00a0\u00a0\u00a0\u00a0 <strong>Mention\u00a0:<\/strong><\/td>\n<td width=\"396\">17\/20, Major de promo<\/td>\n<\/tr>\n<tr>\n<td colspan=\"2\" width=\"623\"><strong>Juin 2009 Licence en informatique \u00e0 l\u2019universit\u00e9 d\u2019Oum El Bouaghi<\/strong><\/td>\n<\/tr>\n<tr>\n<td width=\"227\">\u00b7\u00a0\u00a0\u00a0\u00a0\u00a0\u00a0\u00a0\u00a0 <strong>Option\u00a0:<\/strong><\/td>\n<td width=\"396\">Informatique g\u00e9n\u00e9rale<\/td>\n<\/tr>\n<tr>\n<td width=\"227\">\u00b7\u00a0\u00a0\u00a0\u00a0\u00a0\u00a0\u00a0\u00a0 <strong>Intitul\u00e9 du projet\u00a0:<\/strong><\/td>\n<td width=\"396\">Construction d\u2019une ontologie pour la biblioth\u00e8que de l\u2019universit\u00e9<\/td>\n<\/tr>\n<tr>\n<td width=\"227\">\u00b7\u00a0\u00a0\u00a0\u00a0\u00a0\u00a0\u00a0\u00a0 <strong>Encadreur\u00a0:<\/strong><\/td>\n<td width=\"396\">Docteur Nassima MELLAL (Universit\u00e9 d\u2019Oum El Bouaghi)<\/td>\n<\/tr>\n<tr>\n<td width=\"227\">\u00b7\u00a0\u00a0\u00a0\u00a0\u00a0\u00a0\u00a0\u00a0 <strong>Mention\u00a0:<\/strong><\/td>\n<td width=\"396\"><strong>17\/20 <\/strong><\/td>\n<\/tr>\n<tr>\n<td colspan=\"2\" width=\"623\"><strong>Juillet 2006 Baccalaur\u00e9at \u2013 Science de la nature et de la vie \u2013 Lyc\u00e9e Messas Med El Ibrahimi, Ain m\u2019lila \u2013 Oum El Bouaghi<\/strong><\/td>\n<\/tr>\n<\/tbody>\n<\/table>\n\n\n\n<p class=\"has-text-align-center has-very-light-gray-to-cyan-bluish-gray-gradient-background has-background\"><strong>Exp\u00e9rience Professionnelle<\/strong><strong><\/strong><\/p>\n\n\n\n<p><strong>Ma\u00eetre de conf\u00e9rences <\/strong>\u00a0\u00bb B \u00a0\u00bb Universit\u00e9 d\u2019Oum El Bouaghi (D\u00e9partement de Math\u00e9matiques et d\u2019Informatique), grade obtenu en <strong>Octobre 2018.<\/strong><\/p>\n\n\n\n<p><strong>Ma\u00eetre Assistant <\/strong>\u00a0\u00bb B \u00a0\u00bb Universit\u00e9 d\u2019Oum El Bouaghi (D\u00e9partement de Math\u00e9matiques et d\u2019Informatique)<strong>, <\/strong>grade obtenu en<strong> Octobre 2017.<\/strong><\/p>\n\n\n\n<p><strong>Enseignant Vacataire \u2013<\/strong> Universit\u00e9 d\u2019Oum El Bouaghi (D\u00e9partement de Math\u00e9matiques et d\u2019Informatique)de<strong> Septembre 2011 <\/strong>\u00e0<strong> Juin 2017.<\/strong><\/p>\n\n\n\n<p class=\"has-text-align-center has-very-light-gray-to-cyan-bluish-gray-gradient-background has-background\"><strong>Activit\u00e9s P\u00e9dagogiques<\/strong><\/p>\n\n\n\n<p><strong>Responsable de Module<\/strong><\/p>\n\n\n\n<ul class=\"wp-block-list\">\n<li>Architectures Orient\u00e9es Services (2 <sup>\u00e8me <\/sup>ann\u00e9e master Architectures distribu\u00e9es)<\/li>\n\n\n\n<li>Algorithmique et Structures de Donn\u00e9es 2 (1<sup>\u00e8re<\/sup> ann\u00e9e Math\u00e9matiques et informatique)<\/li>\n\n\n\n<li>M\u00e9thodes de simulation en sciences des mat\u00e9riaux (1<sup>\u00e8re<\/sup> ann\u00e9e master Physique des mat\u00e9riaux)<\/li>\n<\/ul>\n\n\n\n<p><strong>Charg\u00e9e TD<\/strong><\/p>\n\n\n\n<ul class=\"wp-block-list\">\n<li>Algorithmique et Structures de Donn\u00e9es 1 (1<sup>\u00e8re<\/sup> ann\u00e9e Math\u00e9matiques et informatique)<\/li>\n\n\n\n<li>Algorithmique et Structures de Donn\u00e9es 2 (1<sup>\u00e8re<\/sup> ann\u00e9e Math\u00e9matiques et informatique)<\/li>\n\n\n\n<li>Terminologies scientifiques (1<sup>\u00e8re<\/sup> ann\u00e9e Math\u00e9matiques et informatique)<\/li>\n\n\n\n<li>M\u00e9thodes de simulation en sciences des mat\u00e9riaux (1<sup>\u00e8re<\/sup> ann\u00e9e master Physique des mat\u00e9riaux)<\/li>\n<\/ul>\n\n\n\n<p><strong>Charg\u00e9e TP<\/strong><\/p>\n\n\n\n<ul class=\"wp-block-list\">\n<li>Algorithmique et Structures de Donn\u00e9es 1 (1<sup>\u00e8re<\/sup> ann\u00e9e Math\u00e9matiques et informatique)<\/li>\n\n\n\n<li>Algorithmique et Structures de Donn\u00e9es 2 (1<sup>\u00e8re<\/sup> ann\u00e9e Math\u00e9matiques et informatique)<\/li>\n\n\n\n<li>M\u00e9thodes de simulation en sciences des mat\u00e9riaux (1<sup>\u00e8re<\/sup> ann\u00e9e master Physique des mat\u00e9riaux)<\/li>\n<\/ul>\n\n\n\n<p><strong>Polycopi\u00e9&nbsp;de cours (con\u00e7u et valid\u00e9)<\/strong><\/p>\n\n\n\n<ul class=\"wp-block-list\">\n<li>Cours Architectures Orient\u00e9es Services (2 <sup>\u00e8me <\/sup>ann\u00e9e master Architectures distribu\u00e9es)<\/li>\n<\/ul>\n\n\n\n<p><strong>Formations dispens\u00e9es<\/strong><\/p>\n\n\n\n<ul class=\"wp-block-list\">\n<li><strong>TIC outils num\u00e9riques<\/strong> au profit des enseignants nouvellement recrut\u00e9s \u00e0 l\u2019universit\u00e9 Larbi Ben M\u2019hidi d\u2019Oum El Bouaghi.&nbsp; Ann\u00e9e 2019-2020.<\/li>\n<\/ul>\n\n\n\n<p><strong>Participation \u00e0 des Formations&nbsp;&nbsp;&nbsp;&nbsp;&nbsp;&nbsp;&nbsp;&nbsp;&nbsp;<\/strong><\/p>\n\n\n\n<ul class=\"wp-block-list\">\n<li>Comment enseigner \u00e0 l\u2019universit\u00e9 avec une efficacit\u00e9&nbsp;\u00e9lev\u00e9e ou l\u2019enseignement selon les modes pr\u00e9f\u00e9r\u00e9s par les \u00e9tudiants.&nbsp; Ann\u00e9e 2018.<\/li>\n\n\n\n<li>Formation p\u00e9dagogique pour les enseignants nouvellement recrut\u00e9s.&nbsp; Ann\u00e9e 2017-2018.<\/li>\n<\/ul>\n\n\n\n<p><strong>Conception et mise en ligne de cours sur la plateforme de t\u00e9l\u00e9-enseignement Moodle<\/strong><\/p>\n\n\n\n<ul class=\"wp-block-list\">\n<li>Cours Architecture orient\u00e9e services (Master 2 en informatique, option architecture distribu\u00e9e)<\/li>\n\n\n\n<li>Cours Algorithme et structure de donn\u00e9es 2&nbsp;(1<sup>\u00e8re<\/sup> ann\u00e9e maths-informatique)<\/li>\n\n\n\n<li>Cours TIC outils num\u00e9riques(enseignants nouvellement recrut\u00e9s)<\/li>\n<\/ul>\n\n\n\n<p><strong>&nbsp;&nbsp;&nbsp; Contribution au d\u00e9veloppement et au suivi du site WEB de l\u2019universit\u00e9 d\u2019OumEl Bouaghi<\/strong><\/p>\n\n\n\n<ul class=\"wp-block-list\">\n<li>Depuis 24\/05\/2018\u00a0: membre du comit\u00e9 de suivi, d\u2019am\u00e9lioration et de mise \u00e0 jour du site WEB de l\u2019universit\u00e9 d\u2019Oum El Bouaghi<\/li>\n<\/ul>\n\n\n\n<p class=\"has-text-align-center has-very-light-gray-to-cyan-bluish-gray-gradient-background has-background\"><strong>Activit\u00e9s d\u2019encadrement<\/strong><\/p>\n\n\n\n<p><strong>Encadrement Master<\/strong><\/p>\n\n\n\n<ul class=\"wp-block-list\">\n<li>Test bas\u00e9 sur l\u2019analyse de mutation pour les syst\u00e8mes multi-agents, (2019-2020).<\/li>\n\n\n\n<li>Test bas\u00e9 mod\u00e8le pour les syst\u00e8mes multi-agents, (2018-2019).<\/li>\n\n\n\n<li>Une approche de coordination dynamique adaptative dans le cadre de la planification distribu\u00e9e dynamique, (2017- 2018).<\/li>\n\n\n\n<li>Extraction automatique des relations \u00e0 partir de donn\u00e9e textuelle, (2017- 2018).<\/li>\n<\/ul>\n\n\n\n<p><strong>Encadrement Licence<\/strong><\/p>\n\n\n\n<ul class=\"wp-block-list\">\n<li>Transformation du site web de l\u2019universit\u00e9 en une application mobile (2019-2020).<\/li>\n<\/ul>\n\n\n\n<ul class=\"wp-block-list\">\n<li><\/li>\n<\/ul>\n\n\n\n<p class=\"has-text-align-center has-very-light-gray-to-cyan-bluish-gray-gradient-background has-background\"><strong>Activit\u00e9s de Recherche<\/strong><\/p>\n\n\n\n<p><strong>Membre du Comit\u00e9 scientifique<\/strong><\/p>\n\n\n\n<ul class=\"wp-block-list\">\n<li>Conf\u00e9rence nationale SIDaC 2019 (The national conference on Security of Data and Communication, Oum El Bouaghi, Alg\u00e9rie, 16\u2013 17 D\u00e9cembre 2019).<strong><\/strong><\/li>\n<\/ul>\n\n\n\n<p class=\"has-text-align-left\"><strong>Membre du Comit\u00e9 d\u2019Organisation<\/strong><strong><\/strong><\/p>\n\n\n\n<ul class=\"wp-block-list\">\n<li>Conf\u00e9rence nationale SIDaC 2019 (The national conference on Security of Data and Communication, <a>Oum El Bouaghi, Alg\u00e9rie, 16\u2013 17 D\u00e9cembre 2019).<\/a><strong><\/strong><\/li>\n\n\n\n<li><strong>4th International Conference on Pattern Analysis and Intelligent Systems (PAIS), Oum El Bouaghi, Alg\u00e9rie, 16\u2013 17 D\u00e9cembre 2019).<\/strong> <strong>12-13 Oct. 2022.<\/strong><\/li>\n\n\n\n<li><strong>Ll<\/strong><\/li>\n\n\n\n<li><strong>International Conference on Optoelectronic Information and Computer Engineering. J U N E 1 5 &#8211; 17, 2022 \u25cf K u n m i n g , C h i n a<\/strong><\/li>\n<\/ul>\n\n\n\n<p class=\"has-text-align-left\"><strong>Participation \u00e0 des Conf\u00e9rences, Journ\u00e9es d\u2019\u00e9tudes et Workschop<\/strong><\/p>\n\n\n\n<ul class=\"wp-block-list\">\n<li>Conf\u00e9rence internationale ICNAS\u20192019<\/li>\n\n\n\n<li>Journ\u00e9e d\u2019\u00e9tude JESC\u20192015<\/li>\n\n\n\n<li>Conf\u00e9rence internationale EASE\u20192014<\/li>\n\n\n\n<li>Workschop SDDC\u20192012<\/li>\n<\/ul>\n\n\n\n<p class=\"has-text-align-left\"><strong>Projets de Recherche<\/strong><\/p>\n\n\n\n<ul class=\"wp-block-list\">\n<li>Projet CNEPRU : Ing\u00e9nierie et r\u00e9ing\u00e9nierie des syst\u00e8mes intelligents et distribues, Code <strong><em>C00L07UN040120140020<\/em><\/strong>, chapot\u00e9 par Pr Farid MOKHATA, 01-01-2015 \/ 01-01-2019, Universit\u00e9 d\u2019Oum El Bouaghi.<\/li>\n<\/ul>\n\n\n\n<p class=\"has-text-align-center has-very-light-gray-to-cyan-bluish-gray-gradient-background has-background\"><strong>Productions Scientifiques<\/strong><\/p>\n\n\n\n<p><strong>Dehimi Nour El Houda<\/strong>, Abdelhamid Haithem Benkhalef and Zakaria Tolba <em>A Novel Mutation Analysis-Based Approach for Testing Parallel Behavioural Scenarios in Multi-Agent Systems<\/em>. &nbsp;Electronics&nbsp;<strong>2022<\/strong>,&nbsp;11, 3642. <a href=\"https:\/\/doi.org\/10.3390\/electronics11223642\">https:\/\/doi.org\/10.3390\/electronics11223642<\/a>. <strong>[IF 2,690].<\/strong><\/p>\n\n\n\n<p><strong>Dehimi Nour El Houda<\/strong>, Boukelloul Soufiene, Guassmi Djaber <em>Towards a new dynamic model-based testing approach for multi-agent systems<\/em>, &nbsp;<em> 4th International Conference on Pattern Analysis and Intelligent Systems (PAIS)<\/em>, 2022, pp. 1-6, doi: 10.1109\/PAIS56586.2022.9946659.<\/p>\n\n\n\n<p>Zakaria Tolba; Makhlouf Derdour; <strong>Dehimi Nour El Houda<\/strong>, <em>Machine learning based cryptanalysis techniques: perspectives, challenges and future directions<\/em>,<em>2022 4th International Conference on Pattern Analysis and Intelligent Systems (PAIS)<\/em>, 2022, pp. 1-7, doi: 10.1109\/PAIS56586.2022.9946889.<\/p>\n\n\n\n<p><strong>Dehimi Nour El Houda, <\/strong>Farid Mokhati<strong>. <\/strong><em>A Novel Test Case Generation Approach based on AUML sequence diagram. <\/em>International Conference on Networking and Advanced Systems (ICNAS) 2019.<\/p>\n\n\n\n<p><strong>Dehimi Nour El Houda, <\/strong>Tahar Guerram, Zakaria Tolba and Farid Mokhati<strong>. <\/strong><em>A Novel Distributed Dynamic Planning Approach Based on Constraints Satisfaction<\/em>. Multiagent and Grid Systems \u2013 An International Journal 14, 2018, 243\u2013261.<\/p>\n\n\n\n<p><strong>Dehimi Nour El Houda, <\/strong>Farid Mokhati et Mourad Badri. <em>Testing HMAS-based applications: An ASPECS-based approach. <\/em>Engineering Applications of Arti\ufb01cial Intelligence. Elsevier International journal 2015, Volume 46. <strong>[IF 2,776].<\/strong><\/p>\n\n\n\n<p><strong>Dehimi Nour El Houda, <\/strong>Farid Mokhati et Mourad Badri.<em>A Novel Testing Approach for Agent-Based Applications. <\/em>Journ\u00e9es d\u2019\u00e9tude sur les Syst\u00e8mes Complexes JESC\u20192015 \u00e0 l\u2019universit\u00e9 d\u2019Oum El Bouaghi, Larbi Ben M\u2019Hidi.<\/p>\n\n\n\n<p><strong>Dehimi Nour El Houda, <\/strong>Farid Mokhati et Mourad Badri.<em>Towards a Novel Testing Approach for Holonic Agents. <\/em><a href=\"http:\/\/dl.acm.org\/www.ease2014.org\">EASE &rsquo;14<\/a>&nbsp;Proceedings of the 18th International Conference on Evaluation and Assessment in Software Engineering. 12-14 May\u00ad \/ London, UK.<\/p>\n\n\n\n<p>Guerram Tahar et <strong>Dehimi Nour El Houda<\/strong>. <em>Multi agent based tool for the simulaion of the dynamics of a bovine population under the effect of viral infections<\/em>. International Conference ACIT 2011.<\/p>\n\n\n\n<p><strong>Dehimi Nour El Houda. <\/strong><em>Communication Orale sur les syst\u00e8mes multi-agents. <\/em>WorkShop sur les Syst\u00e8mes Dynamique Distribu\u00e9s et Contr\u00f4le en 2012 \u00e0 l\u2019universit\u00e9 d\u2019Oum El Bouaghi, Larbi Ben M\u2019Hidi.<\/p>\n\n\n\n<p>Leila Djerou, Naceur Khelil<strong>, Nour El Houda Dehimi <\/strong>and Mohamed Batouche<strong>. <\/strong><em>A Multilevel Thresholding Method Based on Multiobjective Optimization for Non-Supervised Image Segmentation. <\/em>IRMA-International.Org (Information Resources Management Association) 2012.<strong><\/strong><\/p>\n\n\n\n<p>Guerram Tahar et <strong>Dehimi Nour El Houda. <\/strong><a href=\"http:\/\/ijcsi.org\/articles\/Multi-agent-simulation-a-unified-framework-for-the-analysis-of-viral-infections-within-a-bovine-population.php\"><em>Multi agent Simulation: A Unified\u00a0 Framework for the analysis of viral infections within a bovine population<\/em><\/a><strong>. <\/strong>IJCSI Volume 8, Issue 5, September 2011.<\/p>\n\n\n\n<figure class=\"wp-block-pullquote has-white-color has-text-color\"><blockquote><p>pdf version: <a href=\"https:\/\/www.univ-oeb.dz\/fsesnv\/wp-content\/uploads\/2023\/05\/Curriculum-Vitae-Dehimi-Nour-El-Houda.pdf\">Curriculum Vit\u00e6 Dehimi Nour El Houda<\/a><br>Scopus: <a href=\"https:\/\/www.scopus.com\/authid\/detail.uri?authorId=56111229400\">Dehimi, Nour El Houda &#8211; Author details &#8211; Scopus Preview<\/a><\/p><\/blockquote><\/figure>\n","protected":false},"excerpt":{"rendered":"<p>Nom et Pr\u00e9nom : DEHIMI Nour El Houda Num\u00e9ro de t\u00e9l\u00e9phone : (+213) 05 58 15 20 00 Email : dehimi.nourelhouda@yahoo.fr Researcher Identity GoogleScolar: \u202aNour EL Houda Dehimi\u202c &#8211; \u202aGoogle Scholar\u202c researchgate: Dehimi NOUR EL HOUDA Situation Professionnelle Enseignant-Chercheur \u00e0 l\u2019universit\u00e9 d\u2019Oum El Bouaghi Sp\u00e9cialit\u00e9 : Informatique Grade acad\u00e9mique : Ma\u00eetre de conf\u00e9rences \u00a0\u00bb B &hellip;<\/p>\n","protected":false},"author":1,"featured_media":0,"parent":0,"menu_order":0,"comment_status":"closed","ping_status":"closed","template":"","meta":{"footnotes":""},"class_list":["post-6225","page","type-page","status-publish","hentry"],"_links":{"self":[{"href":"https:\/\/www.univ-oeb.dz\/fsesnv\/wp-json\/wp\/v2\/pages\/6225","targetHints":{"allow":["GET"]}}],"collection":[{"href":"https:\/\/www.univ-oeb.dz\/fsesnv\/wp-json\/wp\/v2\/pages"}],"about":[{"href":"https:\/\/www.univ-oeb.dz\/fsesnv\/wp-json\/wp\/v2\/types\/page"}],"author":[{"embeddable":true,"href":"https:\/\/www.univ-oeb.dz\/fsesnv\/wp-json\/wp\/v2\/users\/1"}],"replies":[{"embeddable":true,"href":"https:\/\/www.univ-oeb.dz\/fsesnv\/wp-json\/wp\/v2\/comments?post=6225"}],"version-history":[{"count":0,"href":"https:\/\/www.univ-oeb.dz\/fsesnv\/wp-json\/wp\/v2\/pages\/6225\/revisions"}],"wp:attachment":[{"href":"https:\/\/www.univ-oeb.dz\/fsesnv\/wp-json\/wp\/v2\/media?parent=6225"}],"curies":[{"name":"wp","href":"https:\/\/api.w.org\/{rel}","templated":true}]}}