{"id":6205,"date":"2023-05-09T11:27:16","date_gmt":"2023-05-09T10:27:16","guid":{"rendered":"http:\/\/www.univ-oeb.dz\/fsesnv\/?page_id=6205"},"modified":"2023-05-09T11:29:37","modified_gmt":"2023-05-09T10:29:37","slug":"curriculum-vitae-billel-gheraibia","status":"publish","type":"page","link":"https:\/\/www.univ-oeb.dz\/fsesnv\/curriculum-vitae-billel-gheraibia\/","title":{"rendered":"Curriculum Vitae Billel Gheraibia"},"content":{"rendered":"\n<div class=\"wp-block-media-text is-stacked-on-mobile\" style=\"grid-template-columns:24% auto\"><figure class=\"wp-block-media-text__media\"><img fetchpriority=\"high\" decoding=\"async\" width=\"512\" height=\"512\" src=\"https:\/\/www.univ-oeb.dz\/fsesnv\/wp-content\/uploads\/2023\/03\/666201.png\" alt=\"\" class=\"wp-image-4279 size-full\" srcset=\"https:\/\/www.univ-oeb.dz\/fsesnv\/wp-content\/uploads\/2023\/03\/666201.png 512w, https:\/\/www.univ-oeb.dz\/fsesnv\/wp-content\/uploads\/2023\/03\/666201-300x300.png 300w, https:\/\/www.univ-oeb.dz\/fsesnv\/wp-content\/uploads\/2023\/03\/666201-150x150.png 150w\" sizes=\"(max-width: 512px) 100vw, 512px\" \/><\/figure><div class=\"wp-block-media-text__content\">\n<ul class=\"wp-block-list\">\n<li>Prof. Billel Gheraibia<\/li>\n\n\n\n<li>Associate Professor, Department of Mathematics and Computer Science, University of Oum El Bouaghi, Algeria.<\/li>\n\n\n\n<li>E-mail: &nbsp;<a href=\"mailto:billel.gheraibia@univ-oeb.dz\">billel.gheraibia@univ-oeb.dz<\/a><\/li>\n\n\n\n<li>Mobile : &nbsp;0666335459<\/li>\n<\/ul>\n<\/div><\/div>\n\n\n\n<p class=\"has-text-align-center has-very-light-gray-to-cyan-bluish-gray-gradient-background has-background\"><strong>Researcher identity<\/strong><\/p>\n\n\n\n<p>Google Scholar : &nbsp;<a href=\"https:\/\/scholar.google.com\/citations?user=I9Ywg6MAAAAJ&amp;hl=en&amp;oi=ao\" data-type=\"URL\" data-id=\"https:\/\/scholar.google.com\/citations?user=I9Ywg6MAAAAJ&amp;hl=en&amp;oi=ao\">link<\/a><\/p>\n\n\n\n<p>ReaserchGate: <a href=\"https:\/\/www.researchgate.net\/profile\/Billel-Gheraibia\" data-type=\"URL\" data-id=\"https:\/\/www.researchgate.net\/profile\/Billel-Gheraibia\">link<\/a><\/p>\n\n\n\n<p>ORCID : &nbsp;<a href=\"https:\/\/orcid.org\/0000-0002-9473-603X\" data-type=\"URL\" data-id=\"https:\/\/orcid.org\/0000-0002-9473-603X\">link<\/a><\/p>\n\n\n\n<p class=\"has-text-align-center has-very-light-gray-to-cyan-bluish-gray-gradient-background has-background\">Education<\/p>\n\n\n\n<ul class=\"wp-block-list\">\n<li><strong>Ph.D.&rsquo;s degree<\/strong> in Applied mathematics, Central China Normal University, Wuhan, Hubei, P.R. China<\/li>\n\n\n\n<li>&nbsp;<strong>Master&rsquo;s degree<\/strong> in Applied mathematics, Echahid Cheikh Larbi Tebessi university<\/li>\n\n\n\n<li><strong>License&rsquo;s degree<\/strong> in Fundamental mathematics, Echahid Cheikh Larbi Tebessi university<\/li>\n<\/ul>\n\n\n\n<p class=\"has-text-align-center has-very-light-gray-to-cyan-bluish-gray-gradient-background has-background\">Functions and Affiliations<\/p>\n\n\n\n<ul class=\"wp-block-list\">\n<li>Department of Mathematics and Computer Science, University of Oum El Bouaghi, Algeria.<\/li>\n<\/ul>\n\n\n\n<p class=\"has-text-align-center has-very-light-gray-to-cyan-bluish-gray-gradient-background has-background\">Teaching modules<\/p>\n\n\n\n<p>&nbsp;&nbsp;&nbsp;&nbsp;&nbsp; &nbsp;Biostatistique &#8211; Math\u00e9matique Statistique &#8211; Analyse 1 &#8211;&nbsp; \u00c9quations de la physique math\u00e9matique &#8211;&nbsp;&nbsp;&nbsp;&nbsp;&nbsp;&nbsp;&nbsp;&nbsp;&nbsp; &nbsp;&nbsp;&nbsp;&nbsp;&nbsp;&nbsp;&nbsp;&nbsp;&nbsp;&nbsp;&nbsp;&nbsp;&nbsp;&nbsp;&nbsp;&nbsp;&nbsp;&nbsp;&nbsp;&nbsp;&nbsp;&nbsp;Analyse des donn\u00e9es exp\u00e9rimentales en biologie &#8211; \u00c9quations aux d\u00e9riv\u00e9es partielles<\/p>\n\n\n\n<p class=\"has-text-align-center has-very-light-gray-to-cyan-bluish-gray-gradient-background has-background\">International publications<\/p>\n\n\n\n<ul class=\"wp-block-list\">\n<li>B. Gheraibia, C. Wang, J. Yang, Existence and local uniqueness of bubbling solutions for the Grushin critical problem. Differential and Integral Equations.&nbsp; 32(1-2) (2019) 49-90.<\/li>\n\n\n\n<li>B. Gheraibia, Solutions for quasilinear elliptic systems with vanishing potentials, Topological.<em>Methods in Nonlinear Analysis.<\/em> 54(1) (2019) 153\u2013175.<\/li>\n\n\n\n<li>B. Gheraibia, C. Wang, Multi-peak positive solutions of a nonlinear Schr\u00f6dinger- Newton type system in&nbsp; .&nbsp; Adv. Nonlinear Stud.&nbsp; 20(1) (2020) 53-75.<\/li>\n\n\n\n<li>N. Boumaza, B. Gheraibia, On the existence of a local solution for an integro-differential equation with an integral boundary condition. Bol. Soc. Mat. Mex.&nbsp;26&nbsp;(2020) 521\u2013534.<\/li>\n\n\n\n<li>N. Boumaza, B. Gheraibia, General decay and blowup of solutions for a degenerate viscoelastic equation of Kirchhoff type with source term. J. Math. Anal. Appl. 489(2), 124185 (2020).<\/li>\n\n\n\n<li>B. Gheraibia, N. Boumaza, General decay result of solutions for a viscoelastic wave equation with Balakrishnan-Taylor damping and a delay term. Z. Angew. Math. Phys. (2020) 71 :198.<\/li>\n\n\n\n<li>N. Boumaza, M.&nbsp; Saker, B. Gheraibia, Asymptotic behavior&nbsp;&nbsp; for a viscoelastic Kirchhoff-type equation with Delay and Source Terms. Acta. Appl. Math. (2021) 171 :18.<\/li>\n\n\n\n<li>H. Kamache, N. Boumaza, B. Gheraibia, General decay and blow up of solutions for the Kirchhoff plate equation with dynamic boundary conditions, delay and source terms. Z. Angew. Math. Phys.&nbsp; 73 (2) (2022) : 76.<\/li>\n\n\n\n<li>N. Boumaza, B. Gheraibia, Global existence, nonexistence, and decay of solutions for a wave equation of&nbsp;<em>p<\/em>-Laplacian type with weak and&nbsp;<em>p<\/em>-Laplacian damping, nonlinear boundary delay and source terms,&nbsp;&nbsp;&nbsp;&nbsp;&nbsp; Asymptotic Analysis129(3-4) (2022) 577-592<\/li>\n\n\n\n<li>N. Boumaza, B. Gheraibia, G. Liu, Global Well-posedness of Solutions for the&nbsp;p-Laplacian Hyperbolic Type Equation with Weak and Strong Damping Terms and Logarithmic Nonlinearity, Taiwanese J. Math.&nbsp;26(6):&nbsp;1235-1255.<\/li>\n<\/ul>\n\n\n\n<p class=\"has-text-align-center has-very-light-gray-to-cyan-bluish-gray-gradient-background has-background\">Interests and Qualifications<\/p>\n\n\n\n<ul class=\"wp-block-list\">\n<li><strong>Interests: <\/strong>Computational Mathematics &#8211; Nonlinear Analysis &#8211; Functional Analysis &#8211; Mathematical Modelling &#8211; Mathematical Physics.<\/li>\n\n\n\n<li><strong>Qualifications: &nbsp;<\/strong>Scientific WorkPlace \u2013 LaTeX\u2013 English\u2013 French.&nbsp;&nbsp;<\/li>\n\n\n\n<li><strong>Other: <\/strong>Chinese Language<\/li>\n<\/ul>\n\n\n\n<figure class=\"wp-block-pullquote has-white-color has-text-color\"><blockquote><p>pdf version: <a href=\"https:\/\/www.univ-oeb.dz\/fsesnv\/wp-content\/uploads\/2023\/05\/CV.-Gheraibia.pdf\">CV. Gheraibia<\/a><br>Scopus: <a href=\"https:\/\/www.scopus.com\/authid\/detail.uri?authorId=57211402803\">Gheraibia, Billel &#8211; Author details &#8211; Scopus Preview<\/a><\/p><\/blockquote><\/figure>\n","protected":false},"excerpt":{"rendered":"<p>Prof. Billel Gheraibia Associate Professor, Department of Mathematics and Computer Science, University of Oum El Bouaghi, Algeria. E-mail: &nbsp;billel.gheraibia@univ-oeb.dz Mobile : &nbsp;0666335459 Researcher identity Google Scholar : &nbsp;link ReaserchGate: link ORCID : &nbsp;link Education Ph.D.&rsquo;s degree in Applied mathematics, Central China Normal University, Wuhan, Hubei, P.R. China &nbsp;Master&rsquo;s degree in Applied mathematics, Echahid Cheikh Larbi &hellip;<\/p>\n","protected":false},"author":1,"featured_media":0,"parent":0,"menu_order":0,"comment_status":"closed","ping_status":"closed","template":"","meta":{"footnotes":""},"class_list":["post-6205","page","type-page","status-publish","hentry"],"_links":{"self":[{"href":"https:\/\/www.univ-oeb.dz\/fsesnv\/wp-json\/wp\/v2\/pages\/6205","targetHints":{"allow":["GET"]}}],"collection":[{"href":"https:\/\/www.univ-oeb.dz\/fsesnv\/wp-json\/wp\/v2\/pages"}],"about":[{"href":"https:\/\/www.univ-oeb.dz\/fsesnv\/wp-json\/wp\/v2\/types\/page"}],"author":[{"embeddable":true,"href":"https:\/\/www.univ-oeb.dz\/fsesnv\/wp-json\/wp\/v2\/users\/1"}],"replies":[{"embeddable":true,"href":"https:\/\/www.univ-oeb.dz\/fsesnv\/wp-json\/wp\/v2\/comments?post=6205"}],"version-history":[{"count":0,"href":"https:\/\/www.univ-oeb.dz\/fsesnv\/wp-json\/wp\/v2\/pages\/6205\/revisions"}],"wp:attachment":[{"href":"https:\/\/www.univ-oeb.dz\/fsesnv\/wp-json\/wp\/v2\/media?parent=6205"}],"curies":[{"name":"wp","href":"https:\/\/api.w.org\/{rel}","templated":true}]}}