{"id":6180,"date":"2023-05-09T10:57:59","date_gmt":"2023-05-09T09:57:59","guid":{"rendered":"http:\/\/www.univ-oeb.dz\/fsesnv\/?page_id=6180"},"modified":"2023-05-09T10:58:00","modified_gmt":"2023-05-09T09:58:00","slug":"curriculum-vitae-sofiane-zaidi","status":"publish","type":"page","link":"https:\/\/www.univ-oeb.dz\/fsesnv\/curriculum-vitae-sofiane-zaidi\/","title":{"rendered":"Curriculum Vitae Sofiane ZAIDI"},"content":{"rendered":"\n<div class=\"wp-block-media-text is-stacked-on-mobile\" style=\"grid-template-columns:24% auto\"><figure class=\"wp-block-media-text__media\"><img decoding=\"async\" width=\"134\" height=\"107\" src=\"https:\/\/www.univ-oeb.dz\/fsesnv\/wp-content\/uploads\/2023\/05\/image1-3.png\" alt=\"\" class=\"wp-image-6181 size-full\"\/><\/figure><div class=\"wp-block-media-text__content\">\n<ul class=\"wp-block-list\">\n<li>Prof. Sofiane ZAIDI<\/li>\n\n\n\n<li>Professor, Mathematics and Computer science department, University of Oum El Bouaghi, Algeria.<\/li>\n\n\n\n<li>E-mail: zaidi.sofiane@univ-oeb.dz<\/li>\n\n\n\n<li>Mobile: +213 7 93 26 42 86<\/li>\n<\/ul>\n<\/div><\/div>\n\n\n\n<p class=\"has-text-align-center has-very-light-gray-to-cyan-bluish-gray-gradient-background has-background\"><strong>Researcher identity<\/strong><\/p>\n\n\n\n<p>Google Scholar:\u00a0 <a href=\"https:\/\/scholar.google.com\/citations?user=acNdNZ4AAAAJ&amp;hl=en&amp;oi=ao\" data-type=\"URL\" data-id=\"https:\/\/scholar.google.com\/citations?user=acNdNZ4AAAAJ&amp;hl=en&amp;oi=ao\">link<\/a><\/p>\n\n\n\n<p>ReaserchGate: <a href=\"https:\/\/www.researchgate.net\/profile\/Zaidi-Sofiane\" data-type=\"URL\" data-id=\"https:\/\/www.researchgate.net\/profile\/Zaidi-Sofiane\">link<\/a><\/p>\n\n\n\n<p>ORCID: <a href=\"https:\/\/orcid.org\/0000-0002-5743-8850\" data-type=\"URL\" data-id=\"https:\/\/orcid.org\/0000-0002-5743-8850\">link<\/a><\/p>\n\n\n\n<p class=\"has-text-align-center has-very-light-gray-to-cyan-bluish-gray-gradient-background has-background\">Education<\/p>\n\n\n\n<ul class=\"wp-block-list\">\n<li><strong>Ph.D.&rsquo;s degree<\/strong> in 2018<\/li>\n\n\n\n<li>&nbsp;<strong>Magister&rsquo;s degree<\/strong> in 2014<\/li>\n\n\n\n<li><strong>Engineer&rsquo;s degree<\/strong> in 2008<\/li>\n<\/ul>\n\n\n\n<p class=\"has-text-align-center has-very-light-gray-to-cyan-bluish-gray-gradient-background has-background\">Functions and Affiliations<\/p>\n\n\n\n<ul class=\"wp-block-list\">\n<li><strong>Professor, <\/strong>university of Souk Ahras, 2014-2019<\/li>\n\n\n\n<li><strong>Professor, <\/strong>university of Oum El Bouaghi, 2019 today<\/li>\n<\/ul>\n\n\n\n<p class=\"has-text-align-center has-very-light-gray-to-cyan-bluish-gray-gradient-background has-background\">Teaching modules<\/p>\n\n\n\n<p>Compilation, developpement des applications Web, applications mobiles, intelligence artificielle, programmation orient\u00e9e objet, th\u00e9orie des langages, th\u00e9orie des graphes, programmation par contraintes, structutre de machine, syst\u00e9mes d\u2019exploitation, etc.<\/p>\n\n\n\n<p class=\"has-text-align-center has-very-light-gray-to-cyan-bluish-gray-gradient-background has-background\">International publications<\/p>\n\n\n\n<ol class=\"wp-block-list\" type=\"1\">\n<li>Sofiane Zaidi, Mostafa Ogab, Lazhar Khamer. Evaluation and comparison study of video streaming routing protocols in vehicular ad-hoc networks. <em>2nd International Conference on Complex Systems and their Applications (ICCSA&rsquo;21)<\/em>, Oum El Bouaghi, Algeria, 2021.<\/li>\n<\/ol>\n\n\n\n<ul class=\"wp-block-list\">\n<li>Sofiane Zaidi, Mohammed Atiquzzaman, Carlos T. Calafate. Internet of Flying Things (IoFT): A Survey. <em>Computer Communications<\/em>, Elsevier, vol. 165, pp. 53-74, 2021.<\/li>\n<\/ul>\n\n\n\n<ul class=\"wp-block-list\">\n<li>Lazhar Khamer, Nabila Labraoui, Abdelhak Mourad Gueroui, Sofiane Zaidi, Ado Adamou Abba Ari; Road network layout based multi-hop broadcast protocols for Urban Vehicular Ad-hoc Networks. <em>Wireless Networks<\/em>, Springer, vol. 27, no. 2, pp. 1369-1388, 2021.<\/li>\n<\/ul>\n\n\n\n<ul class=\"wp-block-list\">\n<li>Sahraoui Yesin, Atef Ghanam, Sofiane Zaidi, Salim Bitam, Abdelhamid Mellouk.<br>Performance evaluation of TCP and UDP based video streaming in vehicular ad-hoc networks. <em>7<sup>th<\/sup> IEEE International Conference on Smart Communications in Network Technologies (SaCoNet)<\/em>, El Oued, Algeria, 2018.<\/li>\n<\/ul>\n\n\n\n<ul class=\"wp-block-list\">\n<li>Sofiane Zaidi, Salim Bitam, Abdelhamid Mellouk. Hybrid error recovery protocol for video streaming in vehicle ad hoc networks. <em>Vehicular Communications<\/em>, Elsevier, vol. 12, pp. 110-126, 2018.<\/li>\n<\/ul>\n\n\n\n<ul class=\"wp-block-list\">\n<li>Sofiane Zaidi, Salim Bitam, Abdelhamid Mellouk. Enhanced user datagram protocol for video streaming in VANET. <em>IEEE International Conference on Communications (ICC),<\/em> Paris, France, pp. 1-6, 2017.<\/li>\n<\/ul>\n\n\n\n<ul class=\"wp-block-list\">\n<li>Sofiane Zaidi, Salim Bitam, Abdelhamid Mellouk. Enhanced Adaptive Sub-Packet Forward Error Correction Mechanism for Video Streaming in VANET. <em>IEEE Global Communications Conference (GLOBECOM)<\/em>, Washington, USA, pp. 1-6, 2016.<\/li>\n<\/ul>\n\n\n\n<ul class=\"wp-block-list\">\n<li>Sofiane Zaidi, Fateh Boutekkouk. Agent based simulation of the FlexRay protocol: a case study of clock synchronization. <em>6<\/em> <em>Seminar on Detection Systems &#8211; Architecture and Technologies &#8211; (DAT)<\/em>.&nbsp; Cercle National de l\u2019Arm\u00e9e, Algiers, Algeria, 2014.<\/li>\n<\/ul>\n\n\n\n<ul class=\"wp-block-list\">\n<li>Sofiane Zaidi, Fateh Boutekkouk. Design of the FlexRay protocol and simulation of its media access control service using agents.&nbsp; <em>International Conference on Intelligence Artificial and information technologies (ICA2IT)<\/em>. Ourgla University, Algeria, 2014.<\/li>\n<\/ul>\n\n\n\n<ol class=\"wp-block-list\" type=\"1\">\n<li>Sofiane Zaidi, Fateh Boutekkouk. Design and simulation of timed triggered protocol (TTP) using agents. <em>AASRI Conference on Intelligence Systems and Control<\/em>, Vancouver, Canada. Vol. 4, Pp. 110-117, 2013.<\/li>\n<\/ol>\n\n\n\n<ol class=\"wp-block-list\" type=\"1\">\n<li>Sofiane Zaidi, Fateh Boutekkouk. Agent based design and simulation of the FlexRay protocol&nbsp;services: a case study of wakeup and startup services. <em>National Conference on Information technologies and telecommunications (CNTIT)<\/em>. Tlemcen University, Algeria, 2013.<\/li>\n<\/ol>\n\n\n\n<p class=\"has-text-align-center has-very-light-gray-to-cyan-bluish-gray-gradient-background has-background\">Interests and Qualifications<\/p>\n\n\n\n<ul class=\"wp-block-list\">\n<li><strong>Interests: Horse riding, swimming, Weight lifting<\/strong><\/li>\n<\/ul>\n\n\n\n<figure class=\"wp-block-pullquote has-white-color has-text-color\"><blockquote><p>pdf version: <a href=\"https:\/\/www.univ-oeb.dz\/fsesnv\/wp-content\/uploads\/2023\/05\/Short-CV-zaidi-sofine.pdf\">Short CV zaidi sofine<\/a><br>Scopus: <a href=\"https:\/\/www.scopus.com\/authid\/detail.uri?authorId=57193652172\">Zaidi, Sofiane &#8211; Author details &#8211; Scopus Preview<\/a><\/p><\/blockquote><\/figure>\n","protected":false},"excerpt":{"rendered":"<p>Prof. Sofiane ZAIDI Professor, Mathematics and Computer science department, University of Oum El Bouaghi, Algeria. E-mail: zaidi.sofiane@univ-oeb.dz Mobile: +213 7 93 26 42 86 Researcher identity Google Scholar:\u00a0 link ReaserchGate: link ORCID: link Education Ph.D.&rsquo;s degree in 2018 &nbsp;Magister&rsquo;s degree in 2014 Engineer&rsquo;s degree in 2008 Functions and Affiliations Professor, university of Souk Ahras, 2014-2019 &hellip;<\/p>\n","protected":false},"author":1,"featured_media":0,"parent":0,"menu_order":0,"comment_status":"closed","ping_status":"closed","template":"","meta":{"footnotes":""},"class_list":["post-6180","page","type-page","status-publish","hentry"],"_links":{"self":[{"href":"https:\/\/www.univ-oeb.dz\/fsesnv\/wp-json\/wp\/v2\/pages\/6180","targetHints":{"allow":["GET"]}}],"collection":[{"href":"https:\/\/www.univ-oeb.dz\/fsesnv\/wp-json\/wp\/v2\/pages"}],"about":[{"href":"https:\/\/www.univ-oeb.dz\/fsesnv\/wp-json\/wp\/v2\/types\/page"}],"author":[{"embeddable":true,"href":"https:\/\/www.univ-oeb.dz\/fsesnv\/wp-json\/wp\/v2\/users\/1"}],"replies":[{"embeddable":true,"href":"https:\/\/www.univ-oeb.dz\/fsesnv\/wp-json\/wp\/v2\/comments?post=6180"}],"version-history":[{"count":0,"href":"https:\/\/www.univ-oeb.dz\/fsesnv\/wp-json\/wp\/v2\/pages\/6180\/revisions"}],"wp:attachment":[{"href":"https:\/\/www.univ-oeb.dz\/fsesnv\/wp-json\/wp\/v2\/media?parent=6180"}],"curies":[{"name":"wp","href":"https:\/\/api.w.org\/{rel}","templated":true}]}}