{"id":5964,"date":"2023-05-05T10:41:45","date_gmt":"2023-05-05T09:41:45","guid":{"rendered":"http:\/\/www.univ-oeb.dz\/fsesnv\/?page_id=5964"},"modified":"2023-05-05T10:41:46","modified_gmt":"2023-05-05T09:41:46","slug":"curriculum-vitae-sara-zaidi","status":"publish","type":"page","link":"https:\/\/www.univ-oeb.dz\/fsesnv\/curriculum-vitae-sara-zaidi\/","title":{"rendered":"Curriculum Vitae SARA ZAIDI"},"content":{"rendered":"\n<div class=\"wp-block-media-text is-stacked-on-mobile\" style=\"grid-template-columns:24% auto\"><figure class=\"wp-block-media-text__media\"><img fetchpriority=\"high\" decoding=\"async\" width=\"295\" height=\"295\" src=\"https:\/\/www.univ-oeb.dz\/fsesnv\/wp-content\/uploads\/2023\/05\/Image1-3.jpg\" alt=\"\" class=\"wp-image-5965 size-full\" srcset=\"https:\/\/www.univ-oeb.dz\/fsesnv\/wp-content\/uploads\/2023\/05\/Image1-3.jpg 295w, https:\/\/www.univ-oeb.dz\/fsesnv\/wp-content\/uploads\/2023\/05\/Image1-3-150x150.jpg 150w\" sizes=\"(max-width: 295px) 100vw, 295px\" \/><\/figure><div class=\"wp-block-media-text__content\">\n<ul class=\"wp-block-list\">\n<li>Dr\/SARA ZAIDI<\/li>\n\n\n\n<li>Senior lecturer &nbsp;class&nbsp; B at University &nbsp;LARBI BEN MHIDI&nbsp; Oum El Bouaghi, Algeria.<\/li>\n\n\n\n<li>E-mail: Sarazaidi81@Gmail.com<\/li>\n\n\n\n<li>Mobile: 0663799663\/0776561964<\/li>\n<\/ul>\n<\/div><\/div>\n\n\n\n<p class=\"has-text-align-center has-very-light-gray-to-cyan-bluish-gray-gradient-background has-background\"><strong>Researcher identity<\/strong><\/p>\n\n\n\n<p>Google Scholar: <a href=\"https:\/\/scholar.google.com\/citations?view_op=list_works&amp;hl=fr&amp;user=YOg5X1kAAAAJ\" data-type=\"URL\" data-id=\"https:\/\/scholar.google.com\/citations?view_op=list_works&amp;hl=fr&amp;user=YOg5X1kAAAAJ\">link<\/a><\/p>\n\n\n\n<p>ReaserchGate: <a href=\"https:\/\/www.researchgate.net\/signup.SignUpProfilePicture.html\" data-type=\"URL\" data-id=\"https:\/\/www.researchgate.net\/signup.SignUpProfilePicture.html\">link<\/a><\/p>\n\n\n\n<p>ORCID: <a href=\"https:\/\/orcid.org\/0000-0001-8368-5890\" data-type=\"URL\" data-id=\"https:\/\/orcid.org\/0000-0001-8368-5890\">link<\/a><\/p>\n\n\n\n<p class=\"has-text-align-center has-very-light-gray-to-cyan-bluish-gray-gradient-background has-background\">Education<\/p>\n\n\n\n<ul class=\"wp-block-list\">\n<li><strong>Ph.D.&rsquo;s degree<\/strong> in Biological Sciences, Speciality: Plant Physiology(2020)<\/li>\n<\/ul>\n\n\n\n<p><strong>&nbsp;&nbsp;&nbsp;&nbsp;&nbsp;&nbsp;&nbsp;&nbsp;&nbsp;&nbsp;&nbsp;&nbsp;&nbsp;&nbsp;&nbsp;&nbsp;&nbsp;&nbsp;&nbsp;&nbsp;&nbsp; &nbsp;<\/strong>LARBI BEN MHIDI University<\/p>\n\n\n\n<ul class=\"wp-block-list\">\n<li><strong>&nbsp;&nbsp;Graduated in Magister<\/strong> of Biology, Speciality: Plant Ecophysiology in semi-arid zone(2008)<\/li>\n<\/ul>\n\n\n\n<p>&nbsp;&nbsp;&nbsp;&nbsp;&nbsp;&nbsp;&nbsp;&nbsp;&nbsp;&nbsp;&nbsp;&nbsp;&nbsp;&nbsp;&nbsp;&nbsp;&nbsp;&nbsp;&nbsp;&nbsp;&nbsp;&nbsp;&nbsp;&nbsp;&nbsp;&nbsp;&nbsp;&nbsp;&nbsp;&nbsp; LARBI BEN MHIDI University<\/p>\n\n\n\n<ul class=\"wp-block-list\">\n<li><strong>Graduated in higher studies (D.E.S) in <\/strong>Plant Biology and Physiology (top of the class)(2005)<\/li>\n<\/ul>\n\n\n\n<p><strong>&nbsp;&nbsp;&nbsp;&nbsp;&nbsp;&nbsp;&nbsp;&nbsp;&nbsp;&nbsp;&nbsp;&nbsp;&nbsp;&nbsp;&nbsp;&nbsp;&nbsp;&nbsp;&nbsp;&nbsp;&nbsp;&nbsp; <\/strong>LARBI BEN MHIDI University<\/p>\n\n\n\n<p class=\"has-text-align-center has-very-light-gray-to-cyan-bluish-gray-gradient-background has-background\">Functions and Affiliations<\/p>\n\n\n\n<ul class=\"wp-block-list\">\n<li>09\/2021 till now<strong>: Senior Lecturer class B<\/strong> LARBI BEN MHIDI University<\/li>\n\n\n\n<li>01\/2015 till 09\/2021: Senior lecturer class B ABDELHAFID BOUSSOUF University Center<\/li>\n\n\n\n<li>27\/12\/2008 till 04\/01\/2015: Vocational Training Teacher Institute \u00ab HADJAM ABOUD\u00bb<\/li>\n<\/ul>\n\n\n\n<p class=\"has-text-align-center has-very-light-gray-to-cyan-bluish-gray-gradient-background has-background\">Teaching modules<\/p>\n\n\n\n<p><strong>2022 \/2023: in charge of:<\/strong><\/p>\n\n\n\n<p>&nbsp;&nbsp; -Practical course: Vegetative physiology 1st Semester for 3rd year students in Plant Biotechnology License (L.M.D System).<\/p>\n\n\n\n<p>&nbsp;&nbsp; &#8211; Practical&nbsp; course: Cellular Biology 1st Semester for 1st year students of Natural and Life Sciences (S.N.V) (L.M.D System).<\/p>\n\n\n\n<p>&nbsp;&nbsp;&nbsp; &#8211; Theoretical Course: Economic impacts of environmental problems 1st Semester for 1st year students Master 1 Biodiversity and Environment (L.M.D System).<\/p>\n\n\n\n<p>&nbsp; &nbsp;&nbsp;&#8211; Theoretical course: Plant biology 2nd Semester for 1st year students of Natural and Life Sciences (S.N.V) (L.M.D System).<\/p>\n\n\n\n<p><strong>* 2021 \/2022: in charge of:<\/strong><\/p>\n\n\n\n<p>&nbsp;&nbsp;&nbsp;&nbsp; &#8211; Theoretical\/Practical \/TD course: Vegetative Ecophysiology 1st Semester for 3rd year students in Ecology and Environment License (L.M.D System).<\/p>\n\n\n\n<p>&nbsp;&nbsp;&nbsp; &#8211; Practical course: Cellular Biology 1st Semester for 1st year students of Natural and Life Sciences (S.N.V) (L.M.D System).<\/p>\n\n\n\n<p>&nbsp;&nbsp;&nbsp; &#8211; Practical course: Plant biology 2nd Semester for 1st year students of Natural and Life Sciences (S.N.V) (L.M.D System).<\/p>\n\n\n\n<p>&nbsp;&nbsp;&nbsp; &nbsp;&#8211; Practical course :Botany 2nd Semester for 2nd year students of Natural and Life Sciences (S.N.V) (L.M.D System<\/p>\n\n\n\n<p><strong>* 2020 \/2021 : charg\u00e9e de :<\/strong><\/p>\n\n\n\n<p>&nbsp; &#8211; Theoretical\/Practical \/ course: Vegetative propagation and biotechnology 1st Semester for 3rd year students License plant biotechnology and improvement (L.M.D system).<\/p>\n\n\n\n<p><strong>* 2019 \/2020: in charge of:<\/strong><\/p>\n\n\n\n<p>&nbsp; &#8211; Theoretical\/Practical \/ course: Vegetative propagation and biotechnology 1st Semester for 3rd year students License plant biotechnology and improvement (L.M.D system).<\/p>\n\n\n\n<p>&nbsp; &#8211; Theoretical\/Practical \/ course: means of control 2nd Semester for 3rd year students License plant biotechnology and improvement (L.M.D system).<\/p>\n\n\n\n<p><strong>* 2018 \/2019: in charge of:<\/strong><\/p>\n\n\n\n<p>&nbsp;&#8211; Theoretical\/Practical \/Tutorials course: vegetative propagation and biotechnology 1st Semester for 3rd year students License plant biotechnology and improvement (L.M.D system).<\/p>\n\n\n\n<p>&nbsp; &#8211; Theoretical\/Practical \/ course: Means of control 2nd Semester for 3rd year students License plant biotechnology and improvement (L.M.D system).<\/p>\n\n\n\n<p>&#8211; Tutorials course: Biodiversity and improvement of plants 2nd Semester for 3rd year students License plant biotechnology and improvement (L.M.D system).<\/p>\n\n\n\n<p><strong>* 2017 \/2018: in charge of:<\/strong><\/p>\n\n\n\n<p>&nbsp;&#8211; Theoretical\/Practical \/Tutorials course: Vegetative propagation and biotechnology 1st Semester for 3rd year students License plant biotechnology and improvement (L.M.D system).<\/p>\n\n\n\n<p>&nbsp; &#8211; Theoretical\/Practical \/ course: Means of control 2nd Semester for 3rd year students License plant biotechnology and improvement (L.M.D system).<\/p>\n\n\n\n<p>&#8211; Practical course: botany 2nd Semester for 2nd year students with Ecology and Environment licenses (L.M.D System).<\/p>\n\n\n\n<p><strong>* 2016 \/2017: in charge of:<\/strong><\/p>\n\n\n\n<p>&#8211; Theoretical\/Practical \/Tutorials course: vegetative propagation and biotechnology 1st Semester for 3rd year students License plant biotechnology and improvement (L.M.D system).<\/p>\n\n\n\n<p>-Theoretical\/Practical \/ course: Means of control 2nd Semester for 3rd year students with a license in plant biotechnology and improvement (L.M.D system).<\/p>\n\n\n\n<p>&#8211; Practical course: Botany 2nd Semester for 2nd year students of Natural and Life Sciences (S.N.V) (L.M.D System).<\/p>\n\n\n\n<p><strong>* 2015 \/2016: in charge of:<\/strong><\/p>\n\n\n\n<p>&nbsp; &#8211; Practical course: Biocelle 1st Semester for 1st year students of Natural and Life Sciences (S.N.V) (L.M.D System).<\/p>\n\n\n\n<p>&nbsp; &#8211; Practical course: vegetative propagation and biotechnology 1st Semester for 3rd year students License plant biotechnology and improvement (L.M.D system).<\/p>\n\n\n\n<p>&nbsp; -Theoretical\/Practical \/ course: Means of control 2nd Semester for 3rd year students License plant biotechnology and improvement (L.M.D system).<\/p>\n\n\n\n<p>&nbsp;&nbsp; &#8211; Practical course: plant Biology 2nd Semester for 1st year students of Natural and Life Sciences (S.N.V) (L.M.D System).<\/p>\n\n\n\n<p><strong>2014 \/ 2015: in charge of:<\/strong><\/p>\n\n\n\n<p>&nbsp;&nbsp;&#8211;&nbsp; Practical course: Plant biology 2nd Semester for 1st year students of Natural and Life Sciences (S.N.V) (L.M.D System).<\/p>\n\n\n\n<p class=\"has-text-align-center has-very-light-gray-to-cyan-bluish-gray-gradient-background has-background\">International publications<\/p>\n\n\n\n<ul class=\"wp-block-list\">\n<li><strong>Sara Zaidi and Kenza Zaidi :<\/strong>.Biological control against vascular wilt and gray mold of tomato (<em>Lycopersicum esculentum<\/em> MILL.).1ST international seminar on Biodiversity in Algeria \u201cRichness and conservation\u201d.September 25-26 .2022 .Presented an Oral.<\/li>\n\n\n\n<li><strong>Kenza Zaidi, Menaour Saheb and Sara Zaidi<\/strong>. The Myrmecofauna of a forest environment of Oum El Bouaghi .1ST seminar on Biodiversity in Algeria \u00ab Richness and conservation \u00bb. september 25-26 .2022.Presented an Oral.<\/li>\n\n\n\n<li><strong>Kenza Zaidi, Hichem Khammar, Ramzi Hadjab, Menouar Saheb, Sara Zaidi and Merzoug Djemoi. <\/strong>An inventory of the myrmecofauna at five semi-arid sites in East of Algeria. Eco. Env. &amp; Cons. 27 (2) : 2021; pp. (632-638)<\/li>\n\n\n\n<li><strong>Sara Zaidi, Mohammed Mourad Senoussi and Kenza Zaidi<\/strong> : Biological control (Trichoderma sp) against sustainable pathogenic fungi is effective and economical .1st International Seminar on technological innovations at the service of sustainable agriculture (SIITA, 2021) October 24-25, 2021 via Google Meet<\/li>\n\n\n\n<li><strong>Zaidi S., Senoussi M. M., Oufroukh A., Harrat w<\/strong>. The Effect of in Vitro and in <em>Vivo Trichoderma sp<\/em> (TR2) on the reduction of infection of the tomato variety (Elgon) Contaminated with Fusarium oxysporum f. sp .lycopersici World Journal of Environmental Biosciences (2018). Volume7, (4) 112-118.<\/li>\n\n\n\n<li><strong>Zaidi S et Senoussi M.M<\/strong>:l\u2019effet le kin\u00e9tine sur l\u2019absorption et le transfert des quelque \u00e9l\u00e9ments nutritifs dans les vari\u00e9t\u00e9s de pois chiche (Cicer arietinum L.) Cultives en Alg\u00e9rie.) . 1\u00e8re S\u00e9minaire International sur la Valorisation des Ressources Naturelles des Zones Semi-Aride, qui s&rsquo;est d\u00e9roul\u00e9 le 03 et 04 Novembre 2008 \u00e0 l\u2019universit\u00e9 d\u2019Oum El bouaghi.<\/li>\n<\/ul>\n\n\n\n<p class=\"has-text-align-center has-very-light-gray-to-cyan-bluish-gray-gradient-background has-background\">Interests and Qualifications<\/p>\n\n\n\n<ul class=\"wp-block-list\">\n<li>Very good command of computer tools (Word, Excel, Power Point, Paint, Internet, etc.);<\/li>\n\n\n\n<li>Languages: Arabic (fluent), French (fluent), English (school<\/li>\n\n\n\n<li>Pedagogue<\/li>\n<\/ul>\n\n\n\n<figure class=\"wp-block-pullquote has-white-color has-text-color\"><blockquote><p>pdf version: <a href=\"https:\/\/www.univ-oeb.dz\/fsesnv\/wp-content\/uploads\/2023\/05\/Short-CV-Zaidi.pdf\">Short CV Zaidi<\/a><\/p><\/blockquote><\/figure>\n","protected":false},"excerpt":{"rendered":"<p>Dr\/SARA ZAIDI Senior lecturer &nbsp;class&nbsp; B at University &nbsp;LARBI BEN MHIDI&nbsp; Oum El Bouaghi, Algeria. E-mail: Sarazaidi81@Gmail.com Mobile: 0663799663\/0776561964 Researcher identity Google Scholar: link ReaserchGate: link ORCID: link Education Ph.D.&rsquo;s degree in Biological Sciences, Speciality: Plant Physiology(2020) &nbsp;&nbsp;&nbsp;&nbsp;&nbsp;&nbsp;&nbsp;&nbsp;&nbsp;&nbsp;&nbsp;&nbsp;&nbsp;&nbsp;&nbsp;&nbsp;&nbsp;&nbsp;&nbsp;&nbsp;&nbsp; &nbsp;LARBI BEN MHIDI University &nbsp;&nbsp;Graduated in Magister of Biology, Speciality: Plant Ecophysiology in semi-arid zone(2008) &nbsp;&nbsp;&nbsp;&nbsp;&nbsp;&nbsp;&nbsp;&nbsp;&nbsp;&nbsp;&nbsp;&nbsp;&nbsp;&nbsp;&nbsp;&nbsp;&nbsp;&nbsp;&nbsp;&nbsp;&nbsp;&nbsp;&nbsp;&nbsp;&nbsp;&nbsp;&nbsp;&nbsp;&nbsp;&nbsp; LARBI &hellip;<\/p>\n","protected":false},"author":1,"featured_media":0,"parent":0,"menu_order":0,"comment_status":"closed","ping_status":"closed","template":"","meta":{"footnotes":""},"class_list":["post-5964","page","type-page","status-publish","hentry"],"_links":{"self":[{"href":"https:\/\/www.univ-oeb.dz\/fsesnv\/wp-json\/wp\/v2\/pages\/5964","targetHints":{"allow":["GET"]}}],"collection":[{"href":"https:\/\/www.univ-oeb.dz\/fsesnv\/wp-json\/wp\/v2\/pages"}],"about":[{"href":"https:\/\/www.univ-oeb.dz\/fsesnv\/wp-json\/wp\/v2\/types\/page"}],"author":[{"embeddable":true,"href":"https:\/\/www.univ-oeb.dz\/fsesnv\/wp-json\/wp\/v2\/users\/1"}],"replies":[{"embeddable":true,"href":"https:\/\/www.univ-oeb.dz\/fsesnv\/wp-json\/wp\/v2\/comments?post=5964"}],"version-history":[{"count":0,"href":"https:\/\/www.univ-oeb.dz\/fsesnv\/wp-json\/wp\/v2\/pages\/5964\/revisions"}],"wp:attachment":[{"href":"https:\/\/www.univ-oeb.dz\/fsesnv\/wp-json\/wp\/v2\/media?parent=5964"}],"curies":[{"name":"wp","href":"https:\/\/api.w.org\/{rel}","templated":true}]}}