{"id":5950,"date":"2023-05-04T22:35:48","date_gmt":"2023-05-04T21:35:48","guid":{"rendered":"http:\/\/www.univ-oeb.dz\/fsesnv\/?page_id=5950"},"modified":"2023-05-04T22:35:49","modified_gmt":"2023-05-04T21:35:49","slug":"curriculum-vitae-bouhenguel-mustapha","status":"publish","type":"page","link":"https:\/\/www.univ-oeb.dz\/fsesnv\/curriculum-vitae-bouhenguel-mustapha\/","title":{"rendered":"Curriculum Vitae bouhenguel mustapha"},"content":{"rendered":"\n<div class=\"wp-block-media-text is-stacked-on-mobile\" style=\"grid-template-columns:24% auto\"><figure class=\"wp-block-media-text__media\"><img decoding=\"async\" width=\"94\" height=\"102\" src=\"https:\/\/www.univ-oeb.dz\/fsesnv\/wp-content\/uploads\/2023\/05\/Image1-3.png\" alt=\"\" class=\"wp-image-5952 size-full\"\/><\/figure><div class=\"wp-block-media-text__content\">\n<ul class=\"wp-block-list\">\n<li>Professor bouhenguel mustapha<\/li>\n\n\n\n<li>E-mail: mbouhenguel@yahoo.fr<\/li>\n\n\n\n<li>Mobile: 0669117031<\/li>\n<\/ul>\n<\/div><\/div>\n\n\n\n<p class=\"has-text-align-center has-very-light-gray-to-cyan-bluish-gray-gradient-background has-background\"><strong>Researcher identity<\/strong><\/p>\n\n\n\n<p>Google Scholar: <a href=\"https:\/\/scholar.google.fr\/citations?user=gDZRSRkAAAAJ&amp;hl=fr\" data-type=\"URL\" data-id=\"https:\/\/scholar.google.fr\/citations?user=gDZRSRkAAAAJ&amp;hl=fr\">link<\/a><\/p>\n\n\n\n<p>ReaserchGate: <a href=\"https:\/\/www.researchgate.net\/profile\/Bouhenguel-Mustapha\" data-type=\"URL\" data-id=\"https:\/\/www.researchgate.net\/profile\/Bouhenguel-Mustapha\">link<\/a><\/p>\n\n\n\n<p>ORCID: <a href=\"https:\/\/orcid.org\/0000-0001-7698-0429?lang=en\" data-type=\"URL\" data-id=\"https:\/\/orcid.org\/0000-0001-7698-0429?lang=en\" target=\"_blank\" rel=\"noreferrer noopener\">link<\/a><\/p>\n\n\n\n<p class=\"has-text-align-center has-very-light-gray-to-cyan-bluish-gray-gradient-background has-background\">Education<\/p>\n\n\n\n<ul class=\"wp-block-list\">\n<li><strong>Ph.D.&rsquo;s degree<\/strong> in &nbsp;Technical Sciences<\/li>\n<\/ul>\n\n\n\n<p class=\"has-text-align-center has-very-light-gray-to-cyan-bluish-gray-gradient-background has-background\">Functions and Affiliations<\/p>\n\n\n\n<ul class=\"wp-block-list\">\n<li><strong>Professor, <\/strong>&nbsp;Professor at Oum El Bouaghi University<\/li>\n<\/ul>\n\n\n\n<p class=\"has-text-align-center has-very-light-gray-to-cyan-bluish-gray-gradient-background has-background\">Teaching modules<\/p>\n\n\n\n<ol class=\"wp-block-list\" type=\"1\">\n<li>Chimie en Sciences exactes et biologie Univ OEB<\/li>\n\n\n\n<li>Chimie analytique 2<sup>\u00e8me<\/sup> Ann\u00e9e Sciences Exactes Univ OEB<\/li>\n\n\n\n<li>Chimie de Coordination 3<sup>\u00e8me<\/sup> Ann\u00e9e Sciences Exactes Univ OEB<\/li>\n\n\n\n<li>Analyse Technique 5<sup>\u00e8me<\/sup> Ann\u00e9e Ing Chimie Analytique Univ OEB<\/li>\n\n\n\n<li>Chimie Min\u00e9rale et Industrielle 4<sup>\u00e8me<\/sup> Ann\u00e9e Ing Chimie Analytique Univ OEB.<\/li>\n\n\n\n<li>Chimie 1<sup>\u00e8re<\/sup> Ann\u00e9e GTU Univ. Mentouri 1995\/1997<\/li>\n\n\n\n<li>G\u00e9ologie Mini\u00e8re, Inst Sciences de la terre, Univ Mentouri Constantine 1995\/1997<\/li>\n\n\n\n<li>Mat\u00e9riaux, Master 01, Univ OEB.<\/li>\n\n\n\n<li>Propri\u00e9t\u00e9s physico-chimiques des mat\u00e9riaux, Master 01, Univ OEB.<\/li>\n\n\n\n<li>TP propri\u00e9t\u00e9s physico-chimiques des mat\u00e9riaux, Master1, Univ OEB.<\/li>\n\n\n\n<li>M\u00e9tallurgie, Master01, Univ OEB.<\/li>\n\n\n\n<li>Verres, c\u00e9ramiques et min\u00e9raux, Master 01, Univ OEB.<\/li>\n\n\n\n<li>Flottation pour Magisters, Univ OEB.<\/li>\n\n\n\n<li>R\u00e9actifs de flottation pour magisters, Univ OEB.<\/li>\n\n\n\n<li>Spectroscopie pour magisters, Univ OEB.<\/li>\n\n\n\n<li>R\u00e9actifs de flottation pour Doctorants LMD, Univ OEB.<\/li>\n<\/ol>\n\n\n\n<p class=\"has-text-align-center has-very-light-gray-to-cyan-bluish-gray-gradient-background has-background\">International publications<\/p>\n\n\n\n<ol class=\"wp-block-list\" type=\"1\">\n<li>Bengas R, Bouhenguel M, et all, A study on electrodeposited of ZnO\/ZnS heterostructures, J. Dispersion Sciences and technology, Taylor and Francis, USA, 2018.<\/li>\n\n\n\n<li>Amirech A, Bouhenguel M, Kouachi S, Two stage reverse flotation process for removal of carbonates and silicates from phosphate ore using anionic and cationic collectors, Arabian J of Geosciences, Springer, 2018<\/li>\n\n\n\n<li>Kouachi S, \u2026.., and <strong>Bouhenguel M, <\/strong>Effect of negative inertial forces on bubble-particle collision via implementation of Shulze collision efficiency in general flotation rate constant equation, J. Colloids and surface A: Physico-chemical and Engineering aspects, P. 72-83, Elsevier 2017.<\/li>\n\n\n\n<li><strong>Bouhenguel M<\/strong>, Kouachi S,\u2026, Calculation of the contact angle of a spherical surface with a bubble in flotation, N245, 2009, J Desalination, Elsevier<\/li>\n\n\n\n<li>Kouachi S, <strong>Bouhenguel M<\/strong>, Yoon-Luttrel collision and attachment models analysis in flotation and their application on general flotation kinetic model, 2010, J Desalination, Elsevier<\/li>\n\n\n\n<li>Boukraa A., <strong>Bouhenguel M<\/strong>, Mise en valeur des minerais de phosphate par flottation, Afriquescience, V.10, N\u00b01, 2014<\/li>\n\n\n\n<li>Chebbah M,&#8230;&#8230;, and <strong>Bouhenguel M<\/strong>., 1,3,5-Tris(4-bromo-phen-yl)-1,3,5-triazin-ane di-chloro-methane monosolvate, Acta cristallogr., Section E, 2013<\/li>\n\n\n\n<li>Lefrada L, \u2026\u2026\u2026., <strong>Bouhenguel M<\/strong>, Synthesis and characterization of 1,3-bis(4-bromophenyl)-5-propyl-1,3,5-triazinane, European journal of Chemistry, 2012<\/li>\n\n\n\n<li>Nedjar Z., \u2026\u2026, <strong>Bouhenguel M<\/strong>., <a href=\"http:\/\/www.scirp.org\/journal\/PaperInformation.aspx?PaperID=20650\" target=\"_blank\" rel=\"noreferrer noopener\">Synthesis and Structural Characterization of Xanthate (KEX) in Sight of Their Utilization in the Processe s of Sulphides Flotation<\/a>, <a href=\"http:\/\/www.scirp.org\/journal\/Home.aspx?JournalID=1753\" target=\"_blank\" rel=\"noreferrer noopener\"><strong>Journal of Minerals and Materials Characterization and Engineering<\/strong><\/a> <a href=\"http:\/\/www.scirp.org\/journal\/Home.aspx?IssueID=1873\" target=\"_blank\" rel=\"noreferrer noopener\">Vol.8 No.6<\/a>, Michigan USA,&nbsp; 2009<\/li>\n\n\n\n<li>Nedjar Z., \u2026., <strong>Bouhenguel M<\/strong>., Study of sulfides mineral flotation with xanthates-Control parameters flotation, Journal of science and technology, V1, Issue 1, 2011<\/li>\n\n\n\n<li>Latreche S., \u2026\u2026\u2026, <strong>Bouhenguel M<\/strong>., 3,5Bis(4-fluorophenyl)-1-propyl-1,3,5-triazacyclohexane, Acta Cristallogr., Section E, N62, 2006<\/li>\n\n\n\n<li>Latreche S., \u2026\u2026\u2026, <strong>Bouhenguel M<\/strong>., 1,3Bis(2-fluorophenyl)-5-propyl-1,3,5-triazacyclohexane, Acta Cristallogr., Section E, N62(10), 2006<\/li>\n\n\n\n<li>&nbsp;<strong>Bouhenguel M<\/strong>, Shokhin VN, Goryachev BE, Liakicheva LN, J. of Non ferrous Metals, N3, 1991, Moscow, Russia<\/li>\n\n\n\n<li><strong>Bouhenguel M<\/strong>, J. of Non Ferrous Metals, N5, 1991<\/li>\n\n\n\n<li>Boukraa A, <strong>Bouhenguel M<\/strong>, Approach to the study of vegetable oils as collectors: Study of collection power between oleic acid, linseed oil and olive oil, Research journal of pharmaceutical, biological and chemical sciences, 2016, 7(3), 683-694<\/li>\n\n\n\n<li>Benaissa B, <strong>Bouhenguel M<\/strong>, Interaction of C10, C11 and C18 fatty qcids zith calcite surface as revealed by IR spectroscopy , X ray diffraction and AFM, European Journal of Chemistry, 2016, 7(2), 187-191<\/li>\n\n\n\n<li>Malki Souheila, &#8230;, Bouchemma a, <strong>Bouhenguel M<\/strong>, Synthesis and spectral sudies of 3,5-bis(chlorophenyl)-1-propyl-1,3,5-triazinane, European Journal of Chemistry, 2016, 7(1), 137-138<\/li>\n\n\n\n<li>Lefrada L, Bouchemma A, <strong>Bouhenguel M<\/strong> et all, Synthesis 1,3-bis(4-bromophenyl)-5(isopropyl-1,3,5-triazacyclohexane, PhytoChem and BoioSub Journal, V9,2015<\/li>\n\n\n\n<li>Kouachi S., <strong>Bouhenguel M<\/strong>, Conference paper: Balkan Mineral Processing Congress, doi:10.13140\/RG.2.1.1510.1603, 2015.<\/li>\n\n\n\n<li>Malki S., \u2026\u2026.., and <strong>Bouhenguel M<\/strong>,, Synthesis, spectral studies and antimicrobial activity hexahydrotriazine compound, J. New Technology Mterials, 2017.<\/li>\n\n\n\n<li>Ferhati A, Bouchemma A, <strong>Bouhenguel M<\/strong>, Synthsis and characterization of 1-3 bis (2 fluorophenyl)-5-penthyl-1-3-5 triazinane, European J of Chemistry, 2017.<\/li>\n<\/ol>\n\n\n\n<p class=\"has-text-align-center has-very-light-gray-to-cyan-bluish-gray-gradient-background has-background\">Interests and Qualifications<\/p>\n\n\n\n<ul class=\"wp-block-list\">\n<li><strong>Interests: <\/strong>Materials<\/li>\n\n\n\n<li><strong>Qualifications: Materials and Mineral Processing<\/strong><strong><\/strong><\/li>\n<\/ul>\n\n\n\n<figure class=\"wp-block-pullquote has-white-color has-text-color\"><blockquote><p>pdf version: <a href=\"https:\/\/www.univ-oeb.dz\/fsesnv\/wp-content\/uploads\/2023\/05\/Short-CV-ANGLAIS-bouhanguel-mostapha.pdf\">Short CV ANGLAIS bouhanguel mostapha<\/a><br>Scopus: <a href=\"https:\/\/www.scopus.com\/authid\/detail.uri?authorId=15018970600\">Bouhenguel, Mustapha &#8211; Author details &#8211; Scopus Preview<\/a><\/p><\/blockquote><\/figure>\n","protected":false},"excerpt":{"rendered":"<p>Professor bouhenguel mustapha E-mail: mbouhenguel@yahoo.fr Mobile: 0669117031 Researcher identity Google Scholar: link ReaserchGate: link ORCID: link Education Ph.D.&rsquo;s degree in &nbsp;Technical Sciences Functions and Affiliations Professor, &nbsp;Professor at Oum El Bouaghi University Teaching modules Chimie en Sciences exactes et biologie Univ OEB Chimie analytique 2\u00e8me Ann\u00e9e Sciences Exactes Univ OEB Chimie de Coordination 3\u00e8me Ann\u00e9e &hellip;<\/p>\n","protected":false},"author":1,"featured_media":0,"parent":0,"menu_order":0,"comment_status":"closed","ping_status":"closed","template":"","meta":{"footnotes":""},"class_list":["post-5950","page","type-page","status-publish","hentry"],"_links":{"self":[{"href":"https:\/\/www.univ-oeb.dz\/fsesnv\/wp-json\/wp\/v2\/pages\/5950","targetHints":{"allow":["GET"]}}],"collection":[{"href":"https:\/\/www.univ-oeb.dz\/fsesnv\/wp-json\/wp\/v2\/pages"}],"about":[{"href":"https:\/\/www.univ-oeb.dz\/fsesnv\/wp-json\/wp\/v2\/types\/page"}],"author":[{"embeddable":true,"href":"https:\/\/www.univ-oeb.dz\/fsesnv\/wp-json\/wp\/v2\/users\/1"}],"replies":[{"embeddable":true,"href":"https:\/\/www.univ-oeb.dz\/fsesnv\/wp-json\/wp\/v2\/comments?post=5950"}],"version-history":[{"count":0,"href":"https:\/\/www.univ-oeb.dz\/fsesnv\/wp-json\/wp\/v2\/pages\/5950\/revisions"}],"wp:attachment":[{"href":"https:\/\/www.univ-oeb.dz\/fsesnv\/wp-json\/wp\/v2\/media?parent=5950"}],"curies":[{"name":"wp","href":"https:\/\/api.w.org\/{rel}","templated":true}]}}