{"id":5915,"date":"2023-05-04T21:53:45","date_gmt":"2023-05-04T20:53:45","guid":{"rendered":"http:\/\/www.univ-oeb.dz\/fsesnv\/?page_id=5915"},"modified":"2023-05-04T21:53:46","modified_gmt":"2023-05-04T20:53:46","slug":"curriculum-vitae-sara-zouad","status":"publish","type":"page","link":"https:\/\/www.univ-oeb.dz\/fsesnv\/curriculum-vitae-sara-zouad\/","title":{"rendered":"Curriculum Vitae Sara Zouad"},"content":{"rendered":"\n<div class=\"wp-block-media-text is-stacked-on-mobile\" style=\"grid-template-columns:24% auto\"><figure class=\"wp-block-media-text__media\"><img fetchpriority=\"high\" decoding=\"async\" width=\"219\" height=\"230\" src=\"https:\/\/www.univ-oeb.dz\/fsesnv\/wp-content\/uploads\/2023\/04\/images.png\" alt=\"\" class=\"wp-image-5807 size-full\"\/><\/figure><div class=\"wp-block-media-text__content\">\n<ul class=\"wp-block-list\">\n<li>Prof. Sara Zouad<\/li>\n\n\n\n<li>Professor, Computer Science department, University of Oum El Bouaghi, Algeria.<\/li>\n\n\n\n<li>E-mail: <a href=\"mailto:sara.zouad@univ-oeb.dz\">sara.zouad@univ-oeb.dz<\/a><\/li>\n\n\n\n<li>Mobile: 0670038375<\/li>\n<\/ul>\n<\/div><\/div>\n\n\n\n<p class=\"has-text-align-center has-very-light-gray-to-cyan-bluish-gray-gradient-background has-background\"><strong>Researcher identity<\/strong><\/p>\n\n\n\n<p>Google Scholar: <a href=\"mailto:sara.zouad@univ-oeb.dz\">sara.zouad@univ-oeb.dz<\/a><\/p>\n\n\n\n<p>ReaserchGate: <a href=\"https:\/\/www.researchgate.net\/profile\/Sara-Zouad\/research\" data-type=\"URL\" data-id=\"https:\/\/www.researchgate.net\/profile\/Sara-Zouad\/research\">link<\/a><\/p>\n\n\n\n<p>ORCID:\u00a0 <a href=\"https:\/\/orcid.org\/0000-0001-5810-1988\" data-type=\"URL\" data-id=\"https:\/\/orcid.org\/0000-0001-5810-1988\">link<\/a><\/p>\n\n\n\n<p class=\"has-text-align-center has-very-light-gray-to-cyan-bluish-gray-gradient-background has-background\">Education<\/p>\n\n\n\n<ul class=\"wp-block-list\">\n<li><strong>Master&rsquo;s degree<\/strong> in 2007<\/li>\n\n\n\n<li><strong>License&rsquo;s degree<\/strong> in 2004<\/li>\n<\/ul>\n\n\n\n<p class=\"has-text-align-center has-very-light-gray-to-cyan-bluish-gray-gradient-background has-background\">Functions and Affiliations<\/p>\n\n\n\n<ul class=\"wp-block-list\">\n<li>Computer engineer, The Local Administrative Direction Wilaya of Constantine from 2010 to 2012<\/li>\n\n\n\n<li>Professor, Computer Science Department Since 2012<\/li>\n<\/ul>\n\n\n\n<p class=\"has-text-align-center has-very-light-gray-to-cyan-bluish-gray-gradient-background has-background\">Teaching modules<\/p>\n\n\n\n<p>Base de Donn\u00e9es Avanc\u00e9es, Syst\u00e8mes d\u2019Informations, Traitement Statistique des Donn\u00e9es, Technologies de l\u2019information et de communication, Programmation Logique, Outils de Programmation pour les Math\u00e9matiques, Introduction \u00e0 la Vision Artificielle, R\u00e9alit\u00e9 Augment\u00e9e, Analyse sous SPSS, Histoire des Sciences, Initiation \u00e0 l\u2019Informatique.<\/p>\n\n\n\n<p class=\"has-text-align-center has-very-light-gray-to-cyan-bluish-gray-gradient-background has-background\">International publications<\/p>\n\n\n\n<ul class=\"wp-block-list\">\n<li>Zouad, S., &amp; Boufaida, M. (2020, October). Using multi-agent microservices for a better dynamic composition of semantic web services. In&nbsp;<em>2020 The 4th International Conference on Advances in Artificial Intelligence<\/em>&nbsp;(pp. 47-52).<\/li>\n\n\n\n<li>Zouad, S., &amp; Boufaida, M. (2020). An agent-oriented methodology for business process management. In&nbsp;<em>Business Modeling and Software Design: 10th International Symposium, BMSD 2020, Berlin, Germany, July 6-8, 2020, Proceedings 10<\/em>&nbsp;(pp. 287-296). Springer International Publishing.<\/li>\n<\/ul>\n\n\n\n<p class=\"has-text-align-center has-very-light-gray-to-cyan-bluish-gray-gradient-background has-background\">Interests and Qualifications<\/p>\n\n\n\n<ul class=\"wp-block-list\">\n<li><strong>Interests: <\/strong>Computing in Mathematics, Natural Science, Engineering and Medicine,&nbsp; Information Systems (Business Informatics), Artificial Intelligence<\/li>\n\n\n\n<li><strong>Other: <\/strong>My main goal is to improve myself in terms of developing mental strength, physical fitness, building better relationships with family members through effective communication.<\/li>\n<\/ul>\n\n\n\n<figure class=\"wp-block-pullquote has-white-color has-text-color\"><blockquote><p>pdf version: <a href=\"https:\/\/www.univ-oeb.dz\/fsesnv\/wp-content\/uploads\/2023\/05\/CV-Zouad.pdf\">CV Zouad<\/a><br>Scopus: <a href=\"https:\/\/www.scopus.com\/authid\/detail.uri?authorId=57218271420\">Scopus preview &#8211; Zouad, Sara &#8211; Author details &#8211; Scopus<\/a><\/p><\/blockquote><\/figure>\n","protected":false},"excerpt":{"rendered":"<p>Prof. Sara Zouad Professor, Computer Science department, University of Oum El Bouaghi, Algeria. E-mail: sara.zouad@univ-oeb.dz Mobile: 0670038375 Researcher identity Google Scholar: sara.zouad@univ-oeb.dz ReaserchGate: link ORCID:\u00a0 link Education Master&rsquo;s degree in 2007 License&rsquo;s degree in 2004 Functions and Affiliations Computer engineer, The Local Administrative Direction Wilaya of Constantine from 2010 to 2012 Professor, Computer Science Department &hellip;<\/p>\n","protected":false},"author":1,"featured_media":0,"parent":0,"menu_order":0,"comment_status":"closed","ping_status":"closed","template":"","meta":{"footnotes":""},"class_list":["post-5915","page","type-page","status-publish","hentry"],"_links":{"self":[{"href":"https:\/\/www.univ-oeb.dz\/fsesnv\/wp-json\/wp\/v2\/pages\/5915","targetHints":{"allow":["GET"]}}],"collection":[{"href":"https:\/\/www.univ-oeb.dz\/fsesnv\/wp-json\/wp\/v2\/pages"}],"about":[{"href":"https:\/\/www.univ-oeb.dz\/fsesnv\/wp-json\/wp\/v2\/types\/page"}],"author":[{"embeddable":true,"href":"https:\/\/www.univ-oeb.dz\/fsesnv\/wp-json\/wp\/v2\/users\/1"}],"replies":[{"embeddable":true,"href":"https:\/\/www.univ-oeb.dz\/fsesnv\/wp-json\/wp\/v2\/comments?post=5915"}],"version-history":[{"count":0,"href":"https:\/\/www.univ-oeb.dz\/fsesnv\/wp-json\/wp\/v2\/pages\/5915\/revisions"}],"wp:attachment":[{"href":"https:\/\/www.univ-oeb.dz\/fsesnv\/wp-json\/wp\/v2\/media?parent=5915"}],"curies":[{"name":"wp","href":"https:\/\/api.w.org\/{rel}","templated":true}]}}