{"id":5910,"date":"2023-05-04T21:48:30","date_gmt":"2023-05-04T20:48:30","guid":{"rendered":"http:\/\/www.univ-oeb.dz\/fsesnv\/?page_id=5910"},"modified":"2023-05-04T21:48:33","modified_gmt":"2023-05-04T20:48:33","slug":"curriculum-vitae-bragdi-mabrouk","status":"publish","type":"page","link":"https:\/\/www.univ-oeb.dz\/fsesnv\/curriculum-vitae-bragdi-mabrouk\/","title":{"rendered":"Curriculum Vitae Bragdi Mabrouk"},"content":{"rendered":"\n<div class=\"wp-block-media-text is-stacked-on-mobile\" style=\"grid-template-columns:24% auto\"><figure class=\"wp-block-media-text__media\"><img fetchpriority=\"high\" decoding=\"async\" width=\"512\" height=\"512\" src=\"https:\/\/www.univ-oeb.dz\/fsesnv\/wp-content\/uploads\/2023\/03\/666201.png\" alt=\"\" class=\"wp-image-4279 size-full\" srcset=\"https:\/\/www.univ-oeb.dz\/fsesnv\/wp-content\/uploads\/2023\/03\/666201.png 512w, https:\/\/www.univ-oeb.dz\/fsesnv\/wp-content\/uploads\/2023\/03\/666201-300x300.png 300w, https:\/\/www.univ-oeb.dz\/fsesnv\/wp-content\/uploads\/2023\/03\/666201-150x150.png 150w\" sizes=\"(max-width: 512px) 100vw, 512px\" \/><\/figure><div class=\"wp-block-media-text__content\">\n<p><strong>Name:<\/strong> Bragdi Mabrouk<\/p>\n\n\n\n<p>Department of Mathematics and Computer Science, University of Umm Al-Bouaghi<\/p>\n\n\n\n<p><strong>Email<\/strong>: bragdi.mabrouk@univ-oeb.dz<\/p>\n<\/div><\/div>\n\n\n\n<p class=\"has-text-align-center has-very-light-gray-to-cyan-bluish-gray-gradient-background has-background\"><strong><u>Researcher&rsquo;s Identity<\/u><\/strong><\/p>\n\n\n\n<p>Google scholar: <a href=\"https:\/\/scholar.google.com\/citations?hl=en&amp;user=PcQK7sUAAAAJ\" data-type=\"URL\" data-id=\"https:\/\/scholar.google.com\/citations?hl=en&amp;user=PcQK7sUAAAAJ\">Link<\/a><\/p>\n\n\n\n<p>reaserchgate<strong>: <\/strong><a href=\"https:\/\/www.researchgate.net\/profile\/Mabrouk-Bragdi\" data-type=\"URL\" data-id=\"https:\/\/www.researchgate.net\/profile\/Mabrouk-Bragdi\">link<\/a><\/p>\n\n\n\n<p>ORCID: <a href=\"https:\/\/orcid.org\/0000-0002-1161-8303\" data-type=\"URL\" data-id=\"https:\/\/orcid.org\/0000-0002-1161-8303\">link<\/a><\/p>\n\n\n\n<p class=\"has-text-align-center has-very-light-gray-to-cyan-bluish-gray-gradient-background has-background\"><strong><u>Academic Qualifications<\/u><\/strong><\/p>\n\n\n\n<figure class=\"wp-block-table\"><table><tbody><tr><td>Degree<\/td><td>Year of Graduation<\/td><td>University<\/td><td>Specialization<\/td><\/tr><tr><td>Doctorat<\/td><td>2012<\/td><td>Univ. Oum El Bouaghi<\/td><td>PDE<\/td><\/tr><tr><td>Master of Sciences<\/td><td>2006<\/td><td>Univ. Alexandria (Egypt)<\/td><td>Mathematical analysis<\/td><\/tr><tr><td>Bachelor<\/td><td>1998<\/td><td>Univ. Oum El Bouaghi<\/td><td>Mathematics &nbsp;<\/td><\/tr><\/tbody><\/table><\/figure>\n\n\n\n<p class=\"has-text-align-center has-very-light-gray-to-cyan-bluish-gray-gradient-background has-background\"><strong><u>Jobs and Affiliations<\/u><\/strong><\/p>\n\n\n\n<figure class=\"wp-block-table\"><table><tbody><tr><td>Period<\/td><td>Title of Institution<\/td><td>Job<\/td><\/tr><tr><td>Since 2006<\/td><td>Univ. Oum El Bouaghi<\/td><td>Research Professor<\/td><\/tr><\/tbody><\/table><\/figure>\n\n\n\n<p class=\"has-text-align-center has-very-light-gray-to-cyan-bluish-gray-gradient-background has-background\"><strong><u>Teaching Experience<\/u><\/strong><\/p>\n\n\n\n<figure class=\"wp-block-table\"><table><tbody><tr><td>Biomathematics, Optimization, Logic, ODE, PDE, Geometry, Differential Geometry, &nbsp;and other maths courses in Faculty of Sciences<\/td><\/tr><\/tbody><\/table><\/figure>\n\n\n\n<p class=\"has-text-align-center has-very-light-gray-to-cyan-bluish-gray-gradient-background has-background\"><strong><u>Reports, Seminars and Talks<\/u><\/strong><\/p>\n\n\n\n<ul class=\"wp-block-list\">\n<li><strong><em><u>Poster communications:<\/u><\/em><\/strong> &lsquo;Controllability for systems governed by semilinear fractional differential inclusion in a Banach spaces&rsquo;. Congr\u00e8s des Math\u00e9maticiens Alg\u00e9riens, (<strong>March, 7-8, 2012, Annaba, Algeria<\/strong>). In collaboration with Mohammed Hazi (D\u00e9partement de Maths, Ecole Normale Sup\u00e9rieure de Kouba, Alger, Alg\u00e9rie).<\/li>\n\n\n\n<li><strong><em><u>Poster communications:<\/u><\/em><\/strong> &lsquo;Existence and controllability results for some factional differential equations&rsquo;. <em>7\u00e8me Rencontre d\u2019Analyse Math\u00e9matique et ses Applications<\/em>, (<strong>October, 24-26, 2010, Batna, Algeria<\/strong>).<\/li>\n\n\n\n<li><strong><em><u>Poster communications:<\/u><\/em><\/strong> &lsquo;Semi numeric-analytic method applied to fractional differential equations&rsquo;. <em>Colloque International sur les Syst\u00e8mes Dynamiques Distribu\u00e9s et Contr\u00f4le<\/em>, (<strong>November, 08-10, 2009, Oum El Bouaghi, Algeria<\/strong>).<\/li>\n\n\n\n<li><strong><em><u>Poster communications:<\/u><\/em><\/strong> &lsquo;Controllability for systems governed by semilinear fractional differential inclusion in a Banach spaces&rsquo;. Congr\u00e8s des Math\u00e9maticiens Alg\u00e9riens, (<strong>March, 7-8, 2012, Annaba, Algeria<\/strong>). In collaboration with Mohammed Hazi (D\u00e9partement de Maths, Ecole Normale Sup\u00e9rieure de Kouba, Alger, Alg\u00e9rie).<\/li>\n\n\n\n<li><strong><em><u>Oral communications:<\/u><\/em><\/strong> &lsquo;The Effect of Optically Thick Limit and Buoyancy Forces on the Stability of MHD Ekman Layer\u2019. <em>The 20<sup>th<\/sup> International Congress of JangJeon Mathematical Society<\/em>, (<strong>August, 21-23, 2008, Bursa-Turkey<\/strong>). In collaboration with Mahdi Fadel Mosa (<em>Faculty of Information Engineering, <\/em><em>Ittih<\/em><em>ad Private University, Ar-Raqqa, Syria<\/em><em>.<\/em>).<\/li>\n\n\n\n<li><strong><em><u>Oral communications<\/u><\/em><\/strong>: &lsquo;Controllability of some Fractional Differential Equations&rsquo;. ICM 2006 Madrid, (August, 22-30, 2006, Madrid). In collaboration with Mahmoud M. El-Borai (Department of Mathematics, Faculty of Sciences, Alexandria University, Egypt).<\/li>\n<\/ul>\n\n\n\n<p class=\"has-text-align-center has-very-light-gray-to-cyan-bluish-gray-gradient-background has-background\"><strong><u>Publications (Journals and Proceedings)<\/u><\/strong><\/p>\n\n\n\n<ul class=\"wp-block-list\">\n<li>M. Bragdi, A. Debbouche and D. Baleanu, <a href=\"http:\/\/www.hindawi.com\/journals\/amp\/2013\/426061\/\"><em>Existence of solutions for fractional differential inclusions with separated boundary conditions in Banach space<\/em><\/a>, <strong>Adv. Math. Phys. 2013, Article ID 426061.<\/strong><\/li>\n\n\n\n<li>M. Bragdi and A. Debbouche, <em>Controllability of fractional evolution integro-differential equations with almost sectorial operators<\/em><strong>, Nonlinear Stud<\/strong><strong>.<\/strong><strong> <\/strong><a href=\"http:\/\/nonlinearstudies.com\/index.php\/nonlinear\/issue\/view\/110\"><strong>20(2) (2013)<\/strong><\/a><strong>, 195-204.<\/strong><\/li>\n\n\n\n<li>M. Bragdi and A. Debbouche, <em>Controllability of fractional nonlocal quasilinear evolution inclusions with resolvent families<\/em>, <strong>Int. J. Difference Equ. 8(1) (2013), 15-25.<\/strong><\/li>\n\n\n\n<li>M. Bragdi and M. Hazi, <em>Controllability for systems governed by semilinear fractional differential inclusion in a Banach spaces<\/em>, <strong>Adv. Dyn. Sys. Appl., 7(2) (2012), 163-170.<\/strong><\/li>\n\n\n\n<li>M. Bragdi and M. Hazi, <em>Existence and uniqueness of solutions of fractional quasilinear mixed integrodifferential equations with nonlocal condition in Banach spaces<\/em>, <strong>E. J. Qualitative Theory of Diff. Equ., 51 (2012), 1-16.<\/strong><\/li>\n\n\n\n<li>M. Hazi and M. Bragdi, <em>Controllability of fractional integrodifferential systems via semigroup theory in Banach space<\/em>, <strong>Math. J. Okayama Univ. 54 (2012), 133-143.<\/strong><\/li>\n\n\n\n<li>&nbsp;M. Bragdi and M. Hazi, <em>Existence and controllability result for an evolution fractional integrodifferential systems<\/em>, <strong>Int. J. Contemp. Math. Sciences 5(19) 2010, 901-910.<\/strong><\/li>\n<\/ul>\n\n\n\n<p class=\"has-text-align-center has-very-light-gray-to-cyan-bluish-gray-gradient-background has-background\"><strong><u>Research interests<\/u><\/strong><\/p>\n\n\n\n<p>Abstract differential equations with fractional orders<\/p>\n\n\n\n<p>Differential inclusion<\/p>\n\n\n\n<p>Fractional calculus<\/p>\n\n\n\n<p>Optimal control<\/p>\n\n\n\n<p>General theory of partial differential equations<\/p>\n\n\n\n<p class=\"has-text-align-center has-very-light-gray-to-cyan-bluish-gray-gradient-background has-background\"><strong><u>Personal skills and competences<\/u><\/strong><\/p>\n\n\n\n<p><strong>Operating Systems<\/strong>: Windows and Linux<\/p>\n\n\n\n<p><strong>Programming Languages<\/strong>: C++, Fortran, Python and R<\/p>\n\n\n\n<p><strong>Mathematical Software<\/strong>: Matlab, Maple and Latex<\/p>\n\n\n\n<p><strong>Office Automation<\/strong>: Microsoft Office<\/p>\n\n\n\n<p><strong>Language skills : <\/strong>Arabic(Mother tongue), French and English<\/p>\n\n\n\n<p class=\"has-text-align-center has-very-light-gray-to-cyan-bluish-gray-gradient-background has-background\"><strong><u>Personal Interests<\/u><\/strong><\/p>\n\n\n\n<p>Enjoy all sports particularly football and running. Love to travel and experience different cultures<\/p>\n\n\n\n<figure class=\"wp-block-pullquote has-white-color has-text-color\"><blockquote><p>pdf version: <a href=\"https:\/\/www.univ-oeb.dz\/fsesnv\/wp-content\/uploads\/2023\/05\/CV_english_M.Bragdi.pdf\">CV_english_M.Bragdi<\/a><br>Scopus: <a href=\"https:\/\/www.scopus.com\/authid\/detail.uri?authorId=55321998900\">Bragdi, Mabrouk S. &#8211; Author details &#8211; Scopus Preview<\/a><\/p><\/blockquote><\/figure>\n","protected":false},"excerpt":{"rendered":"<p>Name: Bragdi Mabrouk Department of Mathematics and Computer Science, University of Umm Al-Bouaghi Email: bragdi.mabrouk@univ-oeb.dz Researcher&rsquo;s Identity Google scholar: Link reaserchgate: link ORCID: link Academic Qualifications DegreeYear of GraduationUniversitySpecializationDoctorat2012Univ. Oum El BouaghiPDEMaster of Sciences2006Univ. Alexandria (Egypt)Mathematical analysisBachelor1998Univ. Oum El BouaghiMathematics &nbsp; Jobs and Affiliations PeriodTitle of InstitutionJobSince 2006Univ. Oum El BouaghiResearch Professor Teaching Experience Biomathematics, &hellip;<\/p>\n","protected":false},"author":1,"featured_media":0,"parent":0,"menu_order":0,"comment_status":"closed","ping_status":"closed","template":"","meta":{"footnotes":""},"class_list":["post-5910","page","type-page","status-publish","hentry"],"_links":{"self":[{"href":"https:\/\/www.univ-oeb.dz\/fsesnv\/wp-json\/wp\/v2\/pages\/5910","targetHints":{"allow":["GET"]}}],"collection":[{"href":"https:\/\/www.univ-oeb.dz\/fsesnv\/wp-json\/wp\/v2\/pages"}],"about":[{"href":"https:\/\/www.univ-oeb.dz\/fsesnv\/wp-json\/wp\/v2\/types\/page"}],"author":[{"embeddable":true,"href":"https:\/\/www.univ-oeb.dz\/fsesnv\/wp-json\/wp\/v2\/users\/1"}],"replies":[{"embeddable":true,"href":"https:\/\/www.univ-oeb.dz\/fsesnv\/wp-json\/wp\/v2\/comments?post=5910"}],"version-history":[{"count":0,"href":"https:\/\/www.univ-oeb.dz\/fsesnv\/wp-json\/wp\/v2\/pages\/5910\/revisions"}],"wp:attachment":[{"href":"https:\/\/www.univ-oeb.dz\/fsesnv\/wp-json\/wp\/v2\/media?parent=5910"}],"curies":[{"name":"wp","href":"https:\/\/api.w.org\/{rel}","templated":true}]}}