{"id":5882,"date":"2023-05-04T19:48:56","date_gmt":"2023-05-04T18:48:56","guid":{"rendered":"http:\/\/www.univ-oeb.dz\/fsesnv\/?page_id=5882"},"modified":"2023-05-04T19:48:56","modified_gmt":"2023-05-04T18:48:56","slug":"curriculum-vitae-saighi-asma","status":"publish","type":"page","link":"https:\/\/www.univ-oeb.dz\/fsesnv\/curriculum-vitae-saighi-asma\/","title":{"rendered":"Curriculum Vitae Saighi Asma"},"content":{"rendered":"\n<div class=\"wp-block-media-text is-stacked-on-mobile\" style=\"grid-template-columns:24% auto\"><figure class=\"wp-block-media-text__media\"><img fetchpriority=\"high\" decoding=\"async\" width=\"219\" height=\"230\" src=\"https:\/\/www.univ-oeb.dz\/fsesnv\/wp-content\/uploads\/2023\/03\/images.png\" alt=\"\" class=\"wp-image-4237 size-full\"\/><\/figure><div class=\"wp-block-media-text__content\">\n<p>\uf02d DR. Saighi Asma<br>\uf02d Associated Professor, University of Oum El Bouaghi, Algeria.<br>\uf02d E-mail: asma.saighi@yahoo.fr, saighi.asma@univ-oeb.dz<\/p>\n<\/div><\/div>\n\n\n\n<p class=\"has-text-align-center has-very-light-gray-to-cyan-bluish-gray-gradient-background has-background\">Researcher identity<\/p>\n\n\n\n<p>\u2022 Google Scholar: <a href=\"https:\/\/scholar.google.com\/citations?hl=fr&amp;user=105Lh-wAAAAJ\" data-type=\"URL\" data-id=\"https:\/\/scholar.google.com\/citations?hl=fr&amp;user=105Lh-wAAAAJ\">link<\/a><br>\u2022 ReaserchGate: <a href=\"https:\/\/www.researchgate.net\/profile\/Saighi-Asma\" data-type=\"URL\" data-id=\"https:\/\/www.researchgate.net\/profile\/Saighi-Asma\">link<\/a><br>\u2022 ORCID: <a href=\"https:\/\/orcid.org\/my-orcid?orcid=0000-0003-3790-2262\" data-type=\"URL\" data-id=\"https:\/\/orcid.org\/my-orcid?orcid=0000-0003-3790-2262\">link<\/a><\/p>\n\n\n\n<p class=\"has-text-align-center has-very-light-gray-to-cyan-bluish-gray-gradient-background has-background\">Education<\/p>\n\n\n\n<p>\uf02d Habilitation in University of OumEl Bouaghi, 2020<br>\uf02d Ph.D.&rsquo;s degree in Badji Mokhtar University, Annaba, Artificial Intelligence, 2018<br>\uf02d Master&rsquo;s degree in Badji Mokhtar University, Annaba, Artificial Intelligence, 2009<br>\uf02d BEng ingeneer in University of OumEl Bouaghi, Parallal and distributed Architecture, 2005<\/p>\n\n\n\n<p class=\"has-text-align-center has-very-light-gray-to-cyan-bluish-gray-gradient-background has-background\">Functions and Affiliations<\/p>\n\n\n\n<p>\uf02d Assistant Professor B in University of OumEl Bouaghi, 2009-2010<br>\uf02d Assistant Professor A in University of OumEl Bouaghi, 2010-2018<br>\uf02d Associate professor B in University of OumEl Bouaghi, 2018- 2020<br>\uf02d Associate professor A in University of OumEl Bouaghi, 2020<\/p>\n\n\n\n<p class=\"has-text-align-center has-very-light-gray-to-cyan-bluish-gray-gradient-background has-background\">Teaching modules<\/p>\n\n\n\n<p>Data Bases, Advanced web development, Mathematical logic, Decision Aid System, Computers\u2019 Architecture, Information System, ASD, Artificial intelligence, Machine Structure.<\/p>\n\n\n\n<p class=\"has-text-align-center has-very-light-gray-to-cyan-bluish-gray-gradient-background has-background\">International publications<\/p>\n\n\n\n<p>\u2212 Saighi A., Goualmi-Zine N. et Roose P. \u201cTowards an Open system for Multimedia Mobile Phone Exchange : adaptation architecture\u201d, Caise-DC&rsquo;08, CEUR-WS, Montpellier, France, ISSN 16130073, Vol. 343, pp. 53-61, 16-17 Juin 2008.<\/p>\n\n\n\n<p>\u2212 Saighi, A., Roose, P., Ghoulami, N., Laborie, S. &amp; Laboudi, Z. (2017). HaMA: A Handicap-based Architecture for Multimedia Document Adaptation. International Journal of Multimedia Data Engineering and Management (IJMDEM), 8(3).<\/p>\n\n\n\n<p>\u2212 Saighi A., Goualmi-Zine N. et Roose P. \u201cModeling Scenarios for the Open System for Multimedia Mobile phone Exchange\u201d, ICEEDT\u201908, Hammamet, Tunisie, 8-10 Novembre 2008.<\/p>\n\n\n\n<p>\u2212 Saighi A.; Goualmi-Zine N. \u201cTowards a Feature Based Selection approach for Service Oriented Product Line.\u201d, ICNAS 2013, Annaba, Alg\u00e9rie, ISBN 978-9931-9142-0-4, pp.20-24, 19-20 Juin 2013.<\/p>\n\n\n\n<p>\u2212 Saighi, A., Roose, P., Ghoualmi, N., Laborie, S. &amp; Laboudi, Z (2016). Ontological Reasoning for the Personalization of Multimedia Adaptation Services in Smart Home Domain. In Second International Symposium on Informatics and its Applications (ISIA&rsquo;16).<\/p>\n\n\n\n<p>\u2212 Saighi, A., Roose, P., Ghoulami, N., Laborie, S. &amp; Laboudi, Z (2016). Multimedia Presentation Adaptation Architecture Assisted by Ontological Reasoning. In IEEE (editor), Proc. of The 2nd International Conference on Pattern Analysis and Intelligent Systems (PAIS&rsquo;16).<\/p>\n\n\n\n<p>\u2212 Saighi A., Goualmi-Zine N. et Roose P. \u201cImpl\u00e9mentation de Prototype du Proxy du Syst\u00e8me Ouvert pour Adaptation Multim\u00e9dia\u201d, ESC\u201909, Alger, Alg\u00e9rie, pp. 39, 05-06 Mai 2009.<\/p>\n\n\n\n<p>\u2212 Saighi A., Goualmi-Zine N. \u201cMobile phone Exchange Open System : \u201cModeling adaptation scenarios\u201d, JED\u201910, Annaba, Alg\u00e9rie, pp.90, 14-15 Mai 2010.<\/p>\n\n\n\n<p>\u2212 Asma Saighi, Zakaria Laboudi, Philippe Roose, S\u00e9bastien Laborie, Nassira Ghoualmi-Zine: On Using Multiple Disabilities Profiles to Adapt Multimedia Documents: A Novel Graph-Based Method. Int. J. Inf. Technol. Web Eng. 15(3): 34-60 (2020).<\/p>\n\n\n\n<p>\u2212 Laboudi, Z., Moudjari, A., Saighi, A., Draa, A., &amp; Hadjadj, S. (2021). An adaptive context-aware optimization framework for multimedia adaptation service selection. Neural Computing and Applications, 1-13.<\/p>\n\n\n\n<p>\u2212 Asma Saighi, Philippe Roose, Nassira Ghoualmi, S\u00e9bastien Laborie, Zakaria Laboudi: HaMA: A Handicap-based Architecture for Multimedia Document Adaptation. Int. J. Multim. Data Eng. Manag. 8(3): 55-96 (2017).<\/p>\n\n\n\n<p>\u2212 Zakaria Laboudi, Abdelkader Moudjari, Asma Saighi, Hamana Nazim Hamri:<br>Efficient Service Selection in Multimedia Documents Adaptation Processes. MedPRAI 2020: 170-187.<\/p>\n\n\n\n<p>\u2212 Saighi, A., &amp; Laboudi, Z. (2020, June). A novel self-organizing multi agent-based approach for multimedia documents adaptation. In 2020 International Conference on Electrical, Communication, and Computer Engineering (ICECCE) (pp. 1-6). IEEE.<\/p>\n\n\n\n<p>\u2212 Ayadi, A., Saighi, A., &amp; Laboudi, Z. (2023, February). Multimedia Adaptation in Ubiquitous Systems: Literature Review, Critical Analysis and Future Trends. In 12th International Conference on Information Systems and Advanced Technologies \u201cICISAT 2022\u201d Intelligent Information, Data Science and Decision Support System (pp. 547-557). Cham: Springer International Publishing.<\/p>\n\n\n\n<p class=\"has-text-align-center has-very-light-gray-to-cyan-bluish-gray-gradient-background has-background\">Interests and Qualifications<\/p>\n\n\n\n<p>\uf02d Interests: Artificial Intelligence, Multimedia, Service selection, Cyber security, Intrusion Detection, Web, Cloud, Big data.<br>\uf02d Qualifications: Python for AI, Ontologies, web development.<br>\uf02d Other: Power BI, Spark, Hadoop.<\/p>\n\n\n\n\n\n<figure class=\"wp-block-pullquote has-white-color has-text-color\"><blockquote><p>pdf version: <a href=\"https:\/\/www.univ-oeb.dz\/fsesnv\/wp-content\/uploads\/2023\/05\/Short-CV-saighi-asma.pdf\">Short CV saighi asma<\/a><br>Scopus: <a href=\"https:\/\/www.scopus.com\/authid\/detail.uri?authorId=57218567511\">Saighi, Asma &#8211; Author details &#8211; Scopus Preview<\/a><\/p><\/blockquote><\/figure>\n","protected":false},"excerpt":{"rendered":"<p>\uf02d DR. Saighi Asma\uf02d Associated Professor, University of Oum El Bouaghi, Algeria.\uf02d E-mail: asma.saighi@yahoo.fr, saighi.asma@univ-oeb.dz Researcher identity \u2022 Google Scholar: link\u2022 ReaserchGate: link\u2022 ORCID: link Education \uf02d Habilitation in University of OumEl Bouaghi, 2020\uf02d Ph.D.&rsquo;s degree in Badji Mokhtar University, Annaba, Artificial Intelligence, 2018\uf02d Master&rsquo;s degree in Badji Mokhtar University, Annaba, Artificial Intelligence, 2009\uf02d BEng &hellip;<\/p>\n","protected":false},"author":1,"featured_media":0,"parent":0,"menu_order":0,"comment_status":"closed","ping_status":"closed","template":"","meta":{"footnotes":""},"class_list":["post-5882","page","type-page","status-publish","hentry"],"_links":{"self":[{"href":"https:\/\/www.univ-oeb.dz\/fsesnv\/wp-json\/wp\/v2\/pages\/5882","targetHints":{"allow":["GET"]}}],"collection":[{"href":"https:\/\/www.univ-oeb.dz\/fsesnv\/wp-json\/wp\/v2\/pages"}],"about":[{"href":"https:\/\/www.univ-oeb.dz\/fsesnv\/wp-json\/wp\/v2\/types\/page"}],"author":[{"embeddable":true,"href":"https:\/\/www.univ-oeb.dz\/fsesnv\/wp-json\/wp\/v2\/users\/1"}],"replies":[{"embeddable":true,"href":"https:\/\/www.univ-oeb.dz\/fsesnv\/wp-json\/wp\/v2\/comments?post=5882"}],"version-history":[{"count":0,"href":"https:\/\/www.univ-oeb.dz\/fsesnv\/wp-json\/wp\/v2\/pages\/5882\/revisions"}],"wp:attachment":[{"href":"https:\/\/www.univ-oeb.dz\/fsesnv\/wp-json\/wp\/v2\/media?parent=5882"}],"curies":[{"name":"wp","href":"https:\/\/api.w.org\/{rel}","templated":true}]}}