{"id":5846,"date":"2023-04-30T10:24:43","date_gmt":"2023-04-30T09:24:43","guid":{"rendered":"http:\/\/www.univ-oeb.dz\/fsesnv\/?page_id=5846"},"modified":"2023-04-30T10:24:43","modified_gmt":"2023-04-30T09:24:43","slug":"curriculum-vitae-nadia-lekrine","status":"publish","type":"page","link":"https:\/\/www.univ-oeb.dz\/fsesnv\/curriculum-vitae-nadia-lekrine\/","title":{"rendered":"CURRICULUM VITAE Nadia Lekrine"},"content":{"rendered":"\n<div class=\"wp-block-media-text is-stacked-on-mobile\" style=\"grid-template-columns:24% auto\"><figure class=\"wp-block-media-text__media\"><img fetchpriority=\"high\" decoding=\"async\" width=\"219\" height=\"230\" src=\"https:\/\/www.univ-oeb.dz\/fsesnv\/wp-content\/uploads\/2023\/03\/images.png\" alt=\"\" class=\"wp-image-4237 size-full\"\/><\/figure><div class=\"wp-block-media-text__content\">\n<p>Name: Nadia Lekrine<\/p>\n\n\n\n<p>Current Position: Doctor<\/p>\n\n\n\n<p>Specialization: Analysis and Partial Differential Equations Faculty : Science exactes et science de la nature et de la vie.<\/p>\n\n\n\n<p>Department : Mathematics<\/p>\n\n\n\n<p>E.mail :lnadmath@gmail.com <\/p>\n\n\n\n<p>Phone numbers : +213 0699166856.<\/p>\n<\/div><\/div>\n\n\n\n<p class=\"has-text-align-center has-very-light-gray-to-cyan-bluish-gray-gradient-background has-background\"><strong>2.Education and Diplomas<\/strong><\/p>\n\n\n\n<p>1-Doctorate in Sciences, University of Constantine (Algeria), May 2016. Major Area: Partial Differential Equations,<\/p>\n\n\n\n<p>Thesis title: On The Cauchy Problem for Non-cutoff Homogeneous Kac\u2019s Equation.<\/p>\n\n\n\n<p>Mention: Very honourable.<\/p>\n\n\n\n<p>2-Academic training at Rouen University (18 month: 2008-2009): Directed by the Professor Chao-Jiang-Xu (Rouen university).<\/p>\n\n\n\n<p>3-Licence In English, University of Oum El Bouaghi, Algeria June 2011. 4-Magist`ere in applied mathematical analysis, University of Constantine (Algeria), May 2002.<\/p>\n\n\n\n<p>Major Area: Partial Differential Equations,<\/p>\n\n\n\n<p>Thesis title: Etude de certains probl\u00e8mes mixtes avec conditions aux limites non locales.<\/p>\n\n\n\n<p>Mention: Very honorable.<\/p>\n\n\n\n<p>5-Diploma of superior studies in mathematics, option analysis, University of Constantine (Algeria), 1995.<\/p>\n\n\n\n<p>6-Baccalaur\u00b4eat: in technical mathematics (secondary school, Algeria), 1991. Mention : Quite good.<\/p>\n\n\n\n<p class=\"has-text-align-center has-very-light-gray-to-cyan-bluish-gray-gradient-background has-background\"><strong>3. Professional Experience<\/strong><\/p>\n\n\n\n<p>2017-2023 Senior Lecturer<\/p>\n\n\n\n<p>Department of mathematics. University Oum EL-Bouaghi. (Algeria).<\/p>\n\n\n\n<p>-Responsible of the module\u201d General Mathematics\u201d.<\/p>\n\n\n\n<p>-Responsible of the module&nbsp; \u201dProbability and statistics \u201d.<\/p>\n\n\n\n<p>-Responsible of the module&nbsp; \u201d Introduction to linear operators theory&nbsp;&nbsp; \u201d.<\/p>\n\n\n\n<p>-Responsible of the module&nbsp; \u201d Numerical methods \u201d.<\/p>\n\n\n\n<p>2009-2016 Senior Lecturer<\/p>\n\n\n\n<p>Department of mathematics. University Oum EL-Bouaghi. (Algeria).<\/p>\n\n\n\n<p>-Responsible of the module \u201dProbability and statistics \u201d.<\/p>\n\n\n\n<p>-Responsible of the module \u201d General Mathematics \u201d.<\/p>\n\n\n\n<p>2002-2008 Senior Lecturer<\/p>\n\n\n\n<p>Department of mathematics. University Oum EL-Bouaghi. (Algeria). -Responsible of the module \u201dSeries, complex analysis and Differentials equations , Fourier analysis \u201d.<\/p>\n\n\n\n<p>-Responsible of the module \u201dTopology \u201d.<\/p>\n\n\n\n<p>-Responsible of the module \u201d General Mathematics \u201d.<\/p>\n\n\n\n<p>-Responsible of the module \u201dGeneral and linear algebra \u201d.<\/p>\n\n\n\n<p>2001-2002 Junior Lecturer<\/p>\n\n\n\n<p>Department of economy, University of Constantine (Algeria).<\/p>\n\n\n\n<p>-Responsible of the module \u201dMathematics for the economy \u201d.<\/p>\n\n\n\n<p>-2000-2001 secondaire teacher, Zighoud youcef, Constantine (Algeria).<\/p>\n\n\n\n<p>-Directed Works of the module \u201dGeneral Mathematics \u201d<\/p>\n\n\n\n<p>1995-1996 Junior Lecturer<\/p>\n\n\n\n<p>Department of Technology, University of Constantine (Algeria).<\/p>\n\n\n\n<p class=\"has-text-align-center has-very-light-gray-to-cyan-bluish-gray-gradient-background has-background\"><strong>4 Fields of research<\/strong><\/p>\n\n\n\n<ul class=\"wp-block-list\">\n<li>Kenitic equations: Boltzmann and Kac\u2019s &nbsp;equations .<\/li>\n\n\n\n<li>Non local Problems.<\/li>\n<\/ul>\n\n\n\n<p><\/p>\n\n\n\n<p class=\"has-text-align-center has-very-light-gray-to-cyan-bluish-gray-gradient-background has-background\">5 <strong>Knowledge of languages<\/strong><\/p>\n\n\n\n<p>Arab: Mother tongue.<\/p>\n\n\n\n<p>French: Quite well knowledge<\/p>\n\n\n\n<p>English: Quite well knowledge<\/p>\n\n\n\n<p class=\"has-text-align-center has-very-light-gray-to-cyan-bluish-gray-gradient-background has-background\">6. <strong>References<\/strong><\/p>\n\n\n\n<p>Chao-Jiang-Xu, LMRS, university of Rouen (France).<\/p>\n\n\n\n<p>A. Bouziani University of Oum. El-Bouaghi (Algeria).<\/p>\n\n\n\n<p>S. Mesloub University of King Saud (Saudi Arabia ).<\/p>\n\n\n\n<p class=\"has-text-align-center has-very-light-gray-to-cyan-bluish-gray-gradient-background has-background\"><strong>7. Communications in meetings and seminars<\/strong><\/p>\n\n\n\n<p>1- 8\u00e8me \u00b4\u00e9cole equations Diff\u00b4erentielles abstraites, 17-21 mai 2015, universit\u00b4e de B\u00e9jaia, Alg\u00e9rie.<\/p>\n\n\n\n<p>2-Premier Workshop sur les Equations aux D\u00b4d\u00e9riv\u00e9es partielles, 26-29 mai 2013, universit\u00e9 de S\u00e9tif, Alg\u00e9rie.<\/p>\n\n\n\n<p>3-Colloque international sur les syst\u00e8mes dynamiques Distribu\u00b4es et Controle, 08-10 Novembre 2009.<\/p>\n\n\n\n<p>4-Siminaire Internationale de Math\u00e9matiques appliqu\u00e9es et simulations, 22-25 avril Oum El Bouaghi, 2007, Alg\u00e9rie.<\/p>\n\n\n\n<p>5-5`eme rencontre Internationale d\u2019Analyse math\u00e9matique et ses Applications (RAMA 5) 10-12 Avril 2006, `a l\u2019universit\u00e9 de M\u2019sila, Alg\u00e9rie.<\/p>\n\n\n\n<p>6-Ecole Symposium, inclusion diff\u00e9rentielles et th\u00e9orie du contr\u00f4le population, 25-30 mars 2006, universit\u00e9 de Sidi Bel Abbes, Alg\u00e9rie.<\/p>\n\n\n\n<p>7-Ecole Symposium, Perturbation singuli\u00e8re en th\u00e9orie de contr\u00f4le et en dynamique de population 21-25 janvier 2006, universit\u00e9 de Tlemcen, Alg\u00e9rie. 8- Les Journ\u00e9es de Math\u00e9matiques Alg\u00e9ro-francaise, Constantine 26-28 novembre 2005.<\/p>\n\n\n\n<p class=\"has-text-align-center has-very-light-gray-to-cyan-bluish-gray-gradient-background has-background\"><strong>8. Publications<\/strong><\/p>\n\n\n\n<ul class=\"wp-block-list\">\n<li>Research publications.<\/li>\n<\/ul>\n\n\n\n<p>1-With Chao-Jiang-Xu, Gevrey Regularizing effect of the Cauchy problem for non-cut-off homogeneous Kac\u2019s equation, KRM, 2 N 4, December, 2009, 647-666. 2-With S.Mesloub, On a nonlocal hyperbolic mixed problem , Acta Sci.Math.(Szeged), 70 ( 2004),65-75.<\/p>\n\n\n\n<p>3-With S.Mesloub, On a nonlocal singular mixed evolution problem, Math Society of Serbia-Fr Yugoslavia, 53, (2001), pp 79-89.<\/p>\n\n\n\n<ul class=\"wp-block-list\">\n<li>Papers in refereed proceedings.<\/li>\n\n\n\n<li>Existence, Global stability and full regularizing effect of the strong solutionof the Cauchy problem for non-cut-off homogeneous Kac\u2019s equation, Math analysis and Appl.<\/li>\n\n\n\n<li>Weighted Sobolev regularizing effect of the Cauchy problem for non-cut-offhomogeneous Kac\u2019s equation, Advances in D.E.and Control Process.\n<ul class=\"wp-block-list\">\n<li>Papers Submitted.<\/li>\n<\/ul>\n<\/li>\n<\/ul>\n\n\n\n<p>6.About the moment\u2019s production of the Cauchy problem for non-cut-off homogeneous Kac\u2019s equation.<\/p>\n\n\n\n<p>7.Ultra-analytical regularizing effect of the Cauchy problem for non-cut-off homogeneous Kac\u2019s equation.<\/p>\n\n\n\n<ul class=\"wp-block-list\">\n<li>Papers in preparartion.<\/li>\n<\/ul>\n\n\n\n<p>8.Existence, Global stability and full Sobolev regularizing effect of the strong solution of the Cauchy problem for non-cut-off nonhomogeneous Boltzmann equation,<\/p>\n\n\n\n<p>9.Existence, Global stability and full Sobolev regularizing effect of the strong solution of the Cauchy problem for non-cut-off homogeneous Boltzmann equation,<\/p>\n\n\n\n<p>10.Ultra-analytical and shilov regularizing effect of the Cauchy problem for noncut-off homogeneous Boltzmann equation.<\/p>\n\n\n\n<p>11.Ultra-analytical and shilov regularizing effect of the Cauchy problem for noncut-off nonhomogeneous Boltzmann equation. 12.Existence, Global stability and full Sobolev regularizing effect of the strong solution of the Cauchy problem for non-cut-off nonhomogeneous Kac\u2019s equation, 13.Ultra-analytical and shilov regularizing effect of the Cauchy problem for noncut-off nonhomogeneous kac\u2019s equation<\/p>\n\n\n\n<figure class=\"wp-block-pullquote has-white-color has-text-color\"><blockquote><p>pdf version: <a href=\"https:\/\/www.univ-oeb.dz\/fsesnv\/wp-content\/uploads\/2023\/04\/CV-NLekrine.pdf\">CV NLekrine<\/a><\/p><\/blockquote><\/figure>\n","protected":false},"excerpt":{"rendered":"<p>Name: Nadia Lekrine Current Position: Doctor Specialization: Analysis and Partial Differential Equations Faculty : Science exactes et science de la nature et de la vie. Department : Mathematics E.mail :lnadmath@gmail.com Phone numbers : +213 0699166856. 2.Education and Diplomas 1-Doctorate in Sciences, University of Constantine (Algeria), May 2016. Major Area: Partial Differential Equations, Thesis title: On &hellip;<\/p>\n","protected":false},"author":1,"featured_media":0,"parent":0,"menu_order":0,"comment_status":"closed","ping_status":"closed","template":"","meta":{"footnotes":""},"class_list":["post-5846","page","type-page","status-publish","hentry"],"_links":{"self":[{"href":"https:\/\/www.univ-oeb.dz\/fsesnv\/wp-json\/wp\/v2\/pages\/5846","targetHints":{"allow":["GET"]}}],"collection":[{"href":"https:\/\/www.univ-oeb.dz\/fsesnv\/wp-json\/wp\/v2\/pages"}],"about":[{"href":"https:\/\/www.univ-oeb.dz\/fsesnv\/wp-json\/wp\/v2\/types\/page"}],"author":[{"embeddable":true,"href":"https:\/\/www.univ-oeb.dz\/fsesnv\/wp-json\/wp\/v2\/users\/1"}],"replies":[{"embeddable":true,"href":"https:\/\/www.univ-oeb.dz\/fsesnv\/wp-json\/wp\/v2\/comments?post=5846"}],"version-history":[{"count":0,"href":"https:\/\/www.univ-oeb.dz\/fsesnv\/wp-json\/wp\/v2\/pages\/5846\/revisions"}],"wp:attachment":[{"href":"https:\/\/www.univ-oeb.dz\/fsesnv\/wp-json\/wp\/v2\/media?parent=5846"}],"curies":[{"name":"wp","href":"https:\/\/api.w.org\/{rel}","templated":true}]}}