{"id":5834,"date":"2023-04-30T10:11:58","date_gmt":"2023-04-30T09:11:58","guid":{"rendered":"http:\/\/www.univ-oeb.dz\/fsesnv\/?page_id=5834"},"modified":"2023-04-30T10:11:58","modified_gmt":"2023-04-30T09:11:58","slug":"curriculum-vitae-allaoua-noua","status":"publish","type":"page","link":"https:\/\/www.univ-oeb.dz\/fsesnv\/curriculum-vitae-allaoua-noua\/","title":{"rendered":"Curriculum Vitae ALLAOUA Noua"},"content":{"rendered":"\n<div class=\"wp-block-media-text is-stacked-on-mobile\" style=\"grid-template-columns:24% auto\"><figure class=\"wp-block-media-text__media\"><img fetchpriority=\"high\" decoding=\"async\" width=\"219\" height=\"230\" src=\"https:\/\/www.univ-oeb.dz\/fsesnv\/wp-content\/uploads\/2023\/03\/images.png\" alt=\"\" class=\"wp-image-4237 size-full\"\/><\/figure><div class=\"wp-block-media-text__content\">\n<ul class=\"wp-block-list\">\n<li>Dr. <strong>ALLAOUA Noua<\/strong><\/li>\n\n\n\n<li>Dr, Life Science department, University of Oum El Bouaghi, Algeria.<\/li>\n\n\n\n<li>E-mail:noua_al.2006@yahoo.fr<\/li>\n\n\n\n<li>Mobile:(+213) 661877420<\/li>\n<\/ul>\n<\/div><\/div>\n\n\n\n<p class=\"has-text-align-center has-very-light-gray-to-cyan-bluish-gray-gradient-background has-background\"><strong>Researcher identity<\/strong><\/p>\n\n\n\n<p>Google Scholar<strong>:<\/strong><a href=\"https:\/\/scholar.google.com\/scholar?hl=fr&amp;as_sdt=0%2C5&amp;q=allaoua+noua&amp;oq=allaoua+n\" data-type=\"URL\" data-id=\"https:\/\/scholar.google.com\/scholar?hl=fr&amp;as_sdt=0%2C5&amp;q=allaoua+noua&amp;oq=allaoua+n\"> <\/a><a href=\"https:\/\/scholar.google.com\/scholar?hl=fr&amp;as_sdt=0%2C5&amp;q=allaoua+noua&amp;oq=allaoua+n\" data-type=\"URL\" data-id=\"https:\/\/scholar.google.com\/scholar?hl=fr&amp;as_sdt=0%2C5&amp;q=allaoua+noua&amp;oq=allaoua+n\">link<\/a><\/p>\n\n\n\n<p>ReaserchGate:<a href=\"https:\/\/www.researchgate.net\/profile\/Noua-Allaoua\" data-type=\"URL\" data-id=\"https:\/\/www.researchgate.net\/profile\/Noua-Allaoua\">link<\/a><\/p>\n\n\n\n<p>ORCID :<a href=\"https:\/\/orcid.org\/0000-0002-8909-2719\" data-type=\"URL\" data-id=\"https:\/\/orcid.org\/0000-0002-8909-2719\">link<\/a><\/p>\n\n\n\n<p>Webofscience: <a href=\"https:\/\/www.webofscience.com\/wos\/author\/record\/HIZ-7578-2022\" data-type=\"URL\" data-id=\"https:\/\/www.webofscience.com\/wos\/author\/record\/HIZ-7578-2022\">link<\/a><\/p>\n\n\n\n<p class=\"has-text-align-center has-very-light-gray-to-cyan-bluish-gray-gradient-background has-background\">Education<\/p>\n\n\n\n<ul class=\"wp-block-list\">\n<li><strong>Ph.D.&rsquo;s degree<\/strong> in Biological Sciences<\/li>\n\n\n\n<li><strong>Master&rsquo;s degree<\/strong> in Ecology and dynamic ecosystems<\/li>\n\n\n\n<li><strong>License&rsquo;s degree<\/strong>ingeniorate in agronomic sciences<\/li>\n<\/ul>\n\n\n\n<p class=\"has-text-align-center has-very-light-gray-to-cyan-bluish-gray-gradient-background has-background\">Functions and Affiliations<\/p>\n\n\n\n<ul class=\"wp-block-list\">\n<li><strong>Professor,<\/strong><\/li>\n\n\n\n<li>Laboratory of Natural Resources and Management of Sensitive Environments \u2018RNAMS\u2019, Larbi Ben M\u2019hidi University, Oum-El-Bouaghi 04000, Algeria<\/li>\n<\/ul>\n\n\n\n<p class=\"has-text-align-center has-very-light-gray-to-cyan-bluish-gray-gradient-background has-background\">Teaching modules<\/p>\n\n\n\n<p>eco-ethology- ecosystem- management plan-environmental pollution-conservation and sustainable development -assessment of ecosystem quality -bioclimatology<\/p>\n\n\n\n<p class=\"has-text-align-center has-very-light-gray-to-cyan-bluish-gray-gradient-background has-background\">International publications<\/p>\n\n\n\n<p>&#8211;<strong>Noua Allaoua<\/strong>, Hinda Hafid, Djemoi Merzoug, Noureddine Ghouraf and Moussa Houhamdi: Evaluation of Physic-chemical Quality of Well Water in the Area of OUM el- Bouaghi (High Plains of Eastern Algeria) Characterization and Analysis in Principal Component. Advances in Environmental Biology, 9(18) August 2015, Pages: 63-71<\/p>\n\n\n\n<p>-Hinda Hafid, ,<strong>Noua Allaoua<\/strong>, , Amir Hamlaoui, Abderraouf Chouaib Rebbah and Djemoi MerzougStructure and Diversity of Arthropod Communities in the Jebel SidiR&rsquo;ghiss Forest (Oum El Bouaghi) North East Algerian. World Journal of Environmental Biosciences 2018<\/p>\n\n\n\n<p>-Tolba M., <strong>Allaoua N<\/strong>., Ababsa L., Boulahbel S., Boulekhsaim M. (2018). Inventaire des \u00e9ctoparasites de la cigogne blanche Ciconia ciconia (Linnaeus, 1758) oiseau des zones humides d\u2019Oum El Bouaghi.Revue des BioRessources Vol 8 N\u00b0 2.<\/p>\n\n\n\n<p><strong>ALLAOUA Noua<\/strong>, MENAKH Mouna, HAFID Hinda, CHENTOUH Sana,BOULAHBEL Souad, ABABSA labed (2018). Relation entre facteurs environnementaux et densit\u00e9s larvaires de &nbsp;Culex pipiens L. 1758 (diptera-culicidae) dans la r\u00e9gion d\u2019Oum El Bouaghi (haute plaine de l\u2019Est Alg\u00e9rien).Algerian journal of arid environment vol. 8, n\u00b02, p. 99-110<\/p>\n\n\n\n<p>CHENTOUH S., BOULAHBEL S., ADJAL F., TOLBA M.,<strong>ALLAOUA N<\/strong>., MOUMENY. et BENTAYEB Y.(2018). Effets des extraits organiques de <em>Bunium incrassatum<\/em>sur quelques param\u00e8tres h\u00e9matologiques chez les lapines de population la race locale. Revue des BioRessources Vol 8 N\u00b0 2<\/p>\n\n\n\n<p>-Ghanem Kourteli Nadra1* <strong>, Allaoua Noua<\/strong> , Houadef Houria, Ikhlef Randa<\/p>\n\n\n\n<p>&nbsp;&nbsp; Earthworm effect on invertebrate community under Olive tree ecosystem in Semi-arid Region of Algeria&nbsp;&nbsp;&nbsp; Polish Journal of Entomology 91(1): 11\u201322 (2022) DOI: 10.5604\/01.3001.0015.7768<strong><\/strong><\/p>\n\n\n\n<p>-Ghanem Nadra, Neffar Fahima, <strong>Allaoua Noua<\/strong> , Saoudi Massaoud1 &amp; Nouri Lilia<strong><\/strong><\/p>\n\n\n\n<p>&nbsp;Study of relation between invertebrates community under Allium sativum L. crop in the semi-arid region in Algeria . Biodiversity Journal, 2022, 13 (1): 115\u2013121 https:\/\/doi.org\/10.31396\/Biodiv.Jour.2022.13.1.115.121<strong><\/strong><\/p>\n\n\n\n<p><strong>Books&nbsp;&nbsp;&nbsp;&nbsp;&nbsp;&nbsp;&nbsp;&nbsp;&nbsp;&nbsp;&nbsp;&nbsp;&nbsp;&nbsp;&nbsp;&nbsp;&nbsp;&nbsp;&nbsp;&nbsp;&nbsp;&nbsp;&nbsp;&nbsp;&nbsp;&nbsp;<\/strong><\/p>\n\n\n\n<p><strong>Allaoua, Noua<\/strong>, and Hinda Hafid.&nbsp;Biodiversit\u00e9 et \u00e9cologie de la faune aquatique de l&rsquo;est Alg\u00e9rien: identification des principaux groupes et familles des eaux souterraines \u00c9ditions universitaires europ\u00e9ennes, 2019.<\/p>\n\n\n\n<p class=\"has-text-align-center has-very-light-gray-to-cyan-bluish-gray-gradient-background has-background\">Interests and Qualifications<\/p>\n\n\n\n<ul class=\"wp-block-list\">\n<li><strong>Interests: Hydrobiology, Biodiversity, Biog\u00e9ography, Climate changes, Wetland ecology<\/strong><\/li>\n\n\n\n<li><strong>Qualifications: Natural resources management, Water quality, Applied ecology, environmental protection and pollution, biodiversity conservation<\/strong><\/li>\n<\/ul>\n\n\n\n\n\n<figure class=\"wp-block-pullquote has-white-color has-text-color\"><blockquote><p>pdf version: <a href=\"https:\/\/www.univ-oeb.dz\/fsesnv\/wp-content\/uploads\/2023\/04\/Short-CV-noua-allaoua-28-05-2023.pdf\">Short CV noua allaoua<\/a><br>Scopus: <a href=\"https:\/\/www.scopus.com\/authid\/detail.uri?authorId=57208113143\">Allaoua, Noua &#8211; Author details &#8211; Scopus Preview<\/a><\/p><\/blockquote><\/figure>\n","protected":false},"excerpt":{"rendered":"<p>Dr. ALLAOUA Noua Dr, Life Science department, University of Oum El Bouaghi, Algeria. E-mail:noua_al.2006@yahoo.fr Mobile:(+213) 661877420 Researcher identity Google Scholar: link ReaserchGate:link ORCID :link Webofscience: link Education Ph.D.&rsquo;s degree in Biological Sciences Master&rsquo;s degree in Ecology and dynamic ecosystems License&rsquo;s degreeingeniorate in agronomic sciences Functions and Affiliations Professor, Laboratory of Natural Resources and Management of &hellip;<\/p>\n","protected":false},"author":1,"featured_media":0,"parent":0,"menu_order":0,"comment_status":"closed","ping_status":"closed","template":"","meta":{"footnotes":""},"class_list":["post-5834","page","type-page","status-publish","hentry"],"_links":{"self":[{"href":"https:\/\/www.univ-oeb.dz\/fsesnv\/wp-json\/wp\/v2\/pages\/5834","targetHints":{"allow":["GET"]}}],"collection":[{"href":"https:\/\/www.univ-oeb.dz\/fsesnv\/wp-json\/wp\/v2\/pages"}],"about":[{"href":"https:\/\/www.univ-oeb.dz\/fsesnv\/wp-json\/wp\/v2\/types\/page"}],"author":[{"embeddable":true,"href":"https:\/\/www.univ-oeb.dz\/fsesnv\/wp-json\/wp\/v2\/users\/1"}],"replies":[{"embeddable":true,"href":"https:\/\/www.univ-oeb.dz\/fsesnv\/wp-json\/wp\/v2\/comments?post=5834"}],"version-history":[{"count":0,"href":"https:\/\/www.univ-oeb.dz\/fsesnv\/wp-json\/wp\/v2\/pages\/5834\/revisions"}],"wp:attachment":[{"href":"https:\/\/www.univ-oeb.dz\/fsesnv\/wp-json\/wp\/v2\/media?parent=5834"}],"curies":[{"name":"wp","href":"https:\/\/api.w.org\/{rel}","templated":true}]}}