{"id":5492,"date":"2023-04-26T19:58:35","date_gmt":"2023-04-26T18:58:35","guid":{"rendered":"http:\/\/www.univ-oeb.dz\/fsesnv\/?page_id=5492"},"modified":"2023-04-26T19:58:36","modified_gmt":"2023-04-26T18:58:36","slug":"curriculum-vitae-brahim-hdjou","status":"publish","type":"page","link":"https:\/\/www.univ-oeb.dz\/fsesnv\/curriculum-vitae-brahim-hdjou\/","title":{"rendered":"Curriculum Vitae Brahim Hdjou"},"content":{"rendered":"\n<div class=\"wp-block-media-text is-stacked-on-mobile\" style=\"grid-template-columns:24% auto\"><figure class=\"wp-block-media-text__media\"><img decoding=\"async\" width=\"94\" height=\"115\" src=\"https:\/\/www.univ-oeb.dz\/fsesnv\/wp-content\/uploads\/2023\/04\/Image1-24.png\" alt=\"\" class=\"wp-image-5497 size-full\"\/><\/figure><div class=\"wp-block-media-text__content\">\n<ul class=\"wp-block-list\">\n<li><strong>Mr&nbsp;;<\/strong> &nbsp;Brahim Hdjou<\/li>\n\n\n\n<li>E-mail:&nbsp;&nbsp;brahim.hadjou@usherbrooke.ca&nbsp; <\/li>\n\n\n\n<li>Mobile: &nbsp;05 60 48 75 06&nbsp;&nbsp;&nbsp;<\/li>\n<\/ul>\n<\/div><\/div>\n\n\n\n<p class=\"has-text-align-center has-very-light-gray-to-cyan-bluish-gray-gradient-background has-background\"><strong>Researcher identity\u00a0<\/strong><\/p>\n\n\n\n<ul class=\"wp-block-list\">\n<li>Google Scholar: <a href=\"https:\/\/scholar.google.com\/citations?view_op=list_works&amp;hl=en&amp;user=eWSDrxgAAAAJ\" data-type=\"URL\" data-id=\"https:\/\/scholar.google.com\/citations?view_op=list_works&amp;hl=en&amp;user=eWSDrxgAAAAJ\">link<\/a><\/li>\n\n\n\n<li>ReaserchGate: <a href=\"https:\/\/www.researchgate.net\/profile\/Brahim-Hadjou-3\" data-type=\"URL\" data-id=\"https:\/\/www.researchgate.net\/profile\/Brahim-Hadjou-3\">link<\/a><\/li>\n\n\n\n<li>ORCID: <a href=\"https:\/\/orcid.org\/0000-0003-4992-7707\" data-type=\"URL\" data-id=\"https:\/\/orcid.org\/0000-0003-4992-7707\">link<\/a><\/li>\n<\/ul>\n\n\n\n<p class=\"has-text-align-center has-very-light-gray-to-cyan-bluish-gray-gradient-background has-background\">Education<\/p>\n\n\n\n<ul class=\"wp-block-list\">\n<li><strong>Ph.D.&rsquo;s degree<\/strong> in Mathematical analysi\u00a0\u00a0\u00a0<strong>)<\/strong><strong>1991<\/strong><strong>(<\/strong><\/li>\n\n\n\n<li><strong>Graduate diploma\u00a0 in Mathematics(<\/strong><strong>1986<\/strong><strong>)<\/strong><\/li>\n<\/ul>\n\n\n\n<p class=\"has-text-align-center has-very-light-gray-to-cyan-bluish-gray-gradient-background has-background\"><strong>Functions and Affiliations<\/strong><\/p>\n\n\n\n<ul class=\"wp-block-list\">\n<li><strong>Associate professor ,<\/strong> \u00a0Department of Mathematics and Computer Science , University of Oum El Bouaghi, Algeria.<\/li>\n<\/ul>\n\n\n\n<p class=\"has-text-align-center has-very-light-gray-to-cyan-bluish-gray-gradient-background has-background\"><strong>Teaching modules<\/strong><\/p>\n\n\n\n<p>Distributions 1, Distributions 2, Variational theory of elliptic equations, Mathematics applied to other sciences, Integral transformations in Lp spaces, Analysis1&amp;2, Algebra 1&amp;2<\/p>\n\n\n\n<p class=\"has-text-align-center has-very-light-gray-to-cyan-bluish-gray-gradient-background has-background\"><strong>International publications<\/strong>\u00a0<\/p>\n\n\n\n<p>A. Mammeri, B. Hadjou, and A. Khoumsi, \u201cA survey of image compression algorithms for visual sensor networks,\u201d ISRN Sensor Netw., vol. 2012, pp. 760320-1\u2013760320-19, Oct. 2012.<\/p>\n\n\n\n<p>J. Dubois, B. Hadjou, On the Lebesgue decomposition of the normal states of a JBW-algebra Mathematica Bohemica, Vol. 117 (1992), No. 2, 185\u2014193<\/p>\n\n\n\n<p>B. Hadjou, Un th\u00e9or\u00e8me de d\u00e9composition de Lebesgue sur l&rsquo;ensemble des parties d&rsquo;un ensemble ordonn\u00e9 orthomodulaire, Annales des sciences math\u00e9matiques du Qu\u00e9bec, Vol 14 (1990), No. 2, pp 145-152 &nbsp;<\/p>\n\n\n\n<p class=\"has-text-align-center has-very-light-gray-to-cyan-bluish-gray-gradient-background has-background\"><strong>Interests and Qualifications<\/strong>\u00a0\u00a0\u00a0\u00a0\u00a0\u00a0\u00a0\u00a0\u00a0\u00a0\u00a0\u00a0\u00a0\u00a0\u00a0\u00a0\u00a0\u00a0\u00a0\u00a0\u00a0\u00a0\u00a0\u00a0\u00a0\u00a0\u00a0\u00a0\u00a0\u00a0\u00a0\u00a0\u00a0\u00a0\u00a0\u00a0\u00a0\u00a0\u00a0\u00a0\u00a0\u00a0<\/p>\n\n\n\n<ul class=\"wp-block-list\">\n<li><strong>Interests: <\/strong>Elliptical PDEs, Functional Analysis, Applied Mathematics, University Pedagogy<\/li>\n<\/ul>\n\n\n\n<figure class=\"wp-block-pullquote has-white-color has-text-color\"><blockquote><p>pdf version: <a href=\"https:\/\/www.univ-oeb.dz\/fsesnv\/wp-content\/uploads\/2023\/04\/CVenglish-arabic_Brahim-Hadjou.pdf\">CV(english, arabic)_Brahim Hadjou<\/a><\/p><\/blockquote><\/figure>\n","protected":false},"excerpt":{"rendered":"<p>Mr&nbsp;; &nbsp;Brahim Hdjou E-mail:&nbsp;&nbsp;brahim.hadjou@usherbrooke.ca&nbsp; Mobile: &nbsp;05 60 48 75 06&nbsp;&nbsp;&nbsp; Researcher identity\u00a0 Google Scholar: link ReaserchGate: link ORCID: link Education Ph.D.&rsquo;s degree in Mathematical analysi\u00a0\u00a0\u00a0)1991( Graduate diploma\u00a0 in Mathematics(1986) Functions and Affiliations Associate professor , \u00a0Department of Mathematics and Computer Science , University of Oum El Bouaghi, Algeria. Teaching modules Distributions 1, Distributions 2, Variational &hellip;<\/p>\n","protected":false},"author":1,"featured_media":0,"parent":0,"menu_order":0,"comment_status":"closed","ping_status":"closed","template":"","meta":{"footnotes":""},"class_list":["post-5492","page","type-page","status-publish","hentry"],"_links":{"self":[{"href":"https:\/\/www.univ-oeb.dz\/fsesnv\/wp-json\/wp\/v2\/pages\/5492","targetHints":{"allow":["GET"]}}],"collection":[{"href":"https:\/\/www.univ-oeb.dz\/fsesnv\/wp-json\/wp\/v2\/pages"}],"about":[{"href":"https:\/\/www.univ-oeb.dz\/fsesnv\/wp-json\/wp\/v2\/types\/page"}],"author":[{"embeddable":true,"href":"https:\/\/www.univ-oeb.dz\/fsesnv\/wp-json\/wp\/v2\/users\/1"}],"replies":[{"embeddable":true,"href":"https:\/\/www.univ-oeb.dz\/fsesnv\/wp-json\/wp\/v2\/comments?post=5492"}],"version-history":[{"count":0,"href":"https:\/\/www.univ-oeb.dz\/fsesnv\/wp-json\/wp\/v2\/pages\/5492\/revisions"}],"wp:attachment":[{"href":"https:\/\/www.univ-oeb.dz\/fsesnv\/wp-json\/wp\/v2\/media?parent=5492"}],"curies":[{"name":"wp","href":"https:\/\/api.w.org\/{rel}","templated":true}]}}