{"id":5468,"date":"2023-04-26T19:13:56","date_gmt":"2023-04-26T18:13:56","guid":{"rendered":"http:\/\/www.univ-oeb.dz\/fsesnv\/?page_id=5468"},"modified":"2023-04-26T19:22:45","modified_gmt":"2023-04-26T18:22:45","slug":"curriculum-vitae-zemmar-ammar","status":"publish","type":"page","link":"https:\/\/www.univ-oeb.dz\/fsesnv\/curriculum-vitae-zemmar-ammar\/","title":{"rendered":"Curriculum Vitae Zemmar Ammar"},"content":{"rendered":"\n<div class=\"wp-block-media-text is-stacked-on-mobile\" style=\"grid-template-columns:24% auto\"><figure class=\"wp-block-media-text__media\"><img fetchpriority=\"high\" decoding=\"async\" width=\"286\" height=\"351\" src=\"https:\/\/www.univ-oeb.dz\/fsesnv\/wp-content\/uploads\/2023\/04\/Image1-18.jpg\" alt=\"\" class=\"wp-image-5470 size-full\" srcset=\"https:\/\/www.univ-oeb.dz\/fsesnv\/wp-content\/uploads\/2023\/04\/Image1-18.jpg 286w, https:\/\/www.univ-oeb.dz\/fsesnv\/wp-content\/uploads\/2023\/04\/Image1-18-244x300.jpg 244w\" sizes=\"(max-width: 286px) 100vw, 286px\" \/><\/figure><div class=\"wp-block-media-text__content\">\n<ul class=\"wp-block-list\">\n<li>Prof. Zemmar Ammar<\/li>\n\n\n\n<li>Associate Professor \u2013A &nbsp;, math and computer sciences department, University of Oum El Bouaghi, Algeria.<\/li>\n\n\n\n<li>E-mail:<\/li>\n\n\n\n<li>Mobile: 0675450178<\/li>\n<\/ul>\n<\/div><\/div>\n\n\n\n<ul class=\"wp-block-list\">\n<li>Prof. Zemmar Ammar<\/li>\n\n\n\n<li>Associate Professor \u2013A &nbsp;, math and computer sciences department, University of Oum El Bouaghi, Algeria.<\/li>\n\n\n\n<li>E-mail:<\/li>\n\n\n\n<li>Mobile: 0675450178<\/li>\n<\/ul>\n\n\n\n<p class=\"has-text-align-center has-very-light-gray-to-cyan-bluish-gray-gradient-background has-background\"><strong>Researcher identity<\/strong><\/p>\n\n\n\n<p>Google Scholar: <a href=\"https:\/\/scholar.google.com\/citations?user=3xQjOSgAAAAJ&amp;hl=fr\" data-type=\"URL\" data-id=\"https:\/\/scholar.google.com\/citations?user=3xQjOSgAAAAJ&amp;hl=fr\">Link<\/a><\/p>\n\n\n\n<p>ReaserchGate: <a href=\"https:\/\/www.researchgate.net\/profile\/Zemmar-Ammar\" data-type=\"URL\" data-id=\"https:\/\/www.researchgate.net\/profile\/Zemmar-Ammar\">Link<\/a><\/p>\n\n\n\n<p>ORCID: <a href=\"https:\/\/orcid.org\/0000-0003-4798-2729\" data-type=\"URL\" data-id=\"https:\/\/orcid.org\/0000-0003-4798-2729\">Link<\/a><\/p>\n\n\n\n<p class=\"has-text-align-center has-very-light-gray-to-cyan-bluish-gray-gradient-background has-background\">Education<\/p>\n\n\n\n<ul class=\"wp-block-list\">\n<li><strong>Doctoral student <\/strong>in computer sciences<strong> , <\/strong><strong>University<\/strong><strong> of Tebessa<\/strong><strong>, Algeria.<\/strong><strong> <\/strong><strong>2022 \u2013 at present<\/strong><\/li>\n\n\n\n<li><strong>Magister<\/strong><strong> degree<\/strong> in computer sciences<strong>&nbsp; <\/strong>University A\/Mira B\u00e9jaia, Algeria<\/li>\n\n\n\n<li><strong>Engineer<\/strong> in computer sciences , University of larbi ben m\u2019hidi Oum El Bouaghi.<\/li>\n<\/ul>\n\n\n\n<p class=\"has-text-align-center has-very-light-gray-to-cyan-bluish-gray-gradient-background has-background\">Functions and Affiliations<\/p>\n\n\n\n<p>\uf02d Associate professor -A, at university of larbi ben m\u2019hidi oum el bouaghi 2022-present<br>\uf02d Associate professor- A, at university of Tebessa 2009-2022<\/p>\n\n\n\n<p class=\"has-text-align-center has-very-light-gray-to-cyan-bluish-gray-gradient-background has-background\">Teaching modules<\/p>\n\n\n\n<p>R\u00e9seaux informatique &#8211; Systemes distribu\u00e9s &#8211; Algorithmes distribu\u00e9s &#8211; System Multi Agents &#8211;&nbsp; Programation orient\u00e9e objet &#8211; Algorithmique et structures de donn\u00e9es- IHM (interface homme\/machine) -Syst\u00e8mes Experts \u2013 Specification formelle- Calcul formel- Techniques de communication TIC (technologies de l\u2019information et de communication)<\/p>\n\n\n\n<p class=\"has-text-align-center has-very-light-gray-to-cyan-bluish-gray-gradient-background has-background\">Interests and Qualifications<\/p>\n\n\n\n<ul class=\"wp-block-list\">\n<li><strong>Interests: <\/strong>Networking \u2013 Artificial Intelligence<\/li>\n\n\n\n<li><strong>Qualifications: Cisco \u2013 TCf&nbsp;<\/strong><\/li>\n<\/ul>\n\n\n\n<figure class=\"wp-block-pullquote has-white-color has-text-color\"><blockquote><p>pdf version: <a href=\"https:\/\/www.univ-oeb.dz\/fsesnv\/wp-content\/uploads\/2023\/04\/CV-anglais-zemmar-amar.pdf\">CV anglais zemmar amar<\/a><\/p><\/blockquote><\/figure>\n","protected":false},"excerpt":{"rendered":"<p>Prof. Zemmar Ammar Associate Professor \u2013A &nbsp;, math and computer sciences department, University of Oum El Bouaghi, Algeria. E-mail: Mobile: 0675450178 Prof. Zemmar Ammar Associate Professor \u2013A &nbsp;, math and computer sciences department, University of Oum El Bouaghi, Algeria. E-mail: Mobile: 0675450178 Researcher identity Google Scholar: Link ReaserchGate: Link ORCID: Link Education Doctoral student in &hellip;<\/p>\n","protected":false},"author":1,"featured_media":0,"parent":0,"menu_order":0,"comment_status":"closed","ping_status":"closed","template":"","meta":{"footnotes":""},"class_list":["post-5468","page","type-page","status-publish","hentry"],"_links":{"self":[{"href":"https:\/\/www.univ-oeb.dz\/fsesnv\/wp-json\/wp\/v2\/pages\/5468","targetHints":{"allow":["GET"]}}],"collection":[{"href":"https:\/\/www.univ-oeb.dz\/fsesnv\/wp-json\/wp\/v2\/pages"}],"about":[{"href":"https:\/\/www.univ-oeb.dz\/fsesnv\/wp-json\/wp\/v2\/types\/page"}],"author":[{"embeddable":true,"href":"https:\/\/www.univ-oeb.dz\/fsesnv\/wp-json\/wp\/v2\/users\/1"}],"replies":[{"embeddable":true,"href":"https:\/\/www.univ-oeb.dz\/fsesnv\/wp-json\/wp\/v2\/comments?post=5468"}],"version-history":[{"count":0,"href":"https:\/\/www.univ-oeb.dz\/fsesnv\/wp-json\/wp\/v2\/pages\/5468\/revisions"}],"wp:attachment":[{"href":"https:\/\/www.univ-oeb.dz\/fsesnv\/wp-json\/wp\/v2\/media?parent=5468"}],"curies":[{"name":"wp","href":"https:\/\/api.w.org\/{rel}","templated":true}]}}