{"id":5463,"date":"2023-04-26T18:28:23","date_gmt":"2023-04-26T17:28:23","guid":{"rendered":"http:\/\/www.univ-oeb.dz\/fsesnv\/?page_id=5463"},"modified":"2023-04-27T09:35:33","modified_gmt":"2023-04-27T08:35:33","slug":"curriculum-vitae-zaidi-faycal","status":"publish","type":"page","link":"https:\/\/www.univ-oeb.dz\/fsesnv\/curriculum-vitae-zaidi-faycal\/","title":{"rendered":"Curriculum Vitae ZAIDI Fay\u00e7al"},"content":{"rendered":"\n<div class=\"wp-block-media-text is-stacked-on-mobile\" style=\"grid-template-columns:24% auto\"><figure class=\"wp-block-media-text__media\"><img fetchpriority=\"high\" decoding=\"async\" width=\"512\" height=\"512\" src=\"https:\/\/www.univ-oeb.dz\/fsesnv\/wp-content\/uploads\/2023\/03\/666201.png\" alt=\"\" class=\"wp-image-4279 size-full\" srcset=\"https:\/\/www.univ-oeb.dz\/fsesnv\/wp-content\/uploads\/2023\/03\/666201.png 512w, https:\/\/www.univ-oeb.dz\/fsesnv\/wp-content\/uploads\/2023\/03\/666201-300x300.png 300w, https:\/\/www.univ-oeb.dz\/fsesnv\/wp-content\/uploads\/2023\/03\/666201-150x150.png 150w\" sizes=\"(max-width: 512px) 100vw, 512px\" \/><\/figure><div class=\"wp-block-media-text__content\">\n<ul class=\"wp-block-list\">\n<li>Prof. ZAIDI Fay\u00e7al<\/li>\n\n\n\n<li>Professor, Management department, University of Oum El Bouaghi, Algeria.<\/li>\n\n\n\n<li>E-mail: <a href=\"mailto:zaidixml@yahoo.fr\">zaidixml@yahoo.fr<\/a> ; <a href=\"mailto:faycalzaidi@gmail.com\">faycalzaidi@gmail.com<\/a>;<\/li>\n\n\n\n<li>Mobile: 0550 10 40 57.<\/li>\n<\/ul>\n<\/div><\/div>\n\n\n\n<p class=\"has-text-align-center has-very-light-gray-to-cyan-bluish-gray-gradient-background has-background\"><strong>Researcher identity<\/strong><\/p>\n\n\n\n<p>Google Scholar: <a href=\"https:\/\/scholar.google.com\/citations?user=fzaZUXsAAAAJ&amp;hl=fr&amp;oi=ao\" data-type=\"URL\" data-id=\"https:\/\/scholar.google.com\/citations?user=fzaZUXsAAAAJ&amp;hl=fr&amp;oi=ao\">link<\/a><\/p>\n\n\n\n<p>ReaserchGate: <a href=\"https:\/\/www.researchgate.net\/profile\/Faycal-Zaidi\" data-type=\"URL\" data-id=\"https:\/\/www.researchgate.net\/profile\/Faycal-Zaidi\">link<\/a><\/p>\n\n\n\n<p>ORCID:<\/p>\n\n\n\n<p class=\"has-text-align-center has-very-light-gray-to-cyan-bluish-gray-gradient-background has-background\">Education<\/p>\n\n\n\n<ul class=\"wp-block-list\">\n<li>Bac science de la nature et de la vie \u2013 1996-<\/li>\n\n\n\n<li>Ing\u00e9nieur d\u2019\u00e9tat en informatique.<\/li>\n<\/ul>\n\n\n\n<p>&nbsp;&nbsp;&nbsp;&nbsp;&nbsp;&nbsp;&nbsp;&nbsp; &nbsp;&nbsp;&nbsp;&nbsp;&nbsp;&nbsp;&nbsp;Option&nbsp;: syst\u00e8me d\u2019information avanc\u00e9<\/p>\n\n\n\n<p>&nbsp;&nbsp;&nbsp;&nbsp;&nbsp;&nbsp;&nbsp;&nbsp;&nbsp;&nbsp;&nbsp;&nbsp;&nbsp;&nbsp;&nbsp;&nbsp;&nbsp;&nbsp;&nbsp;&nbsp;&nbsp;&nbsp;&nbsp;&nbsp;&nbsp; Universit\u00e9 De Constantine \u2013 2004-<\/p>\n\n\n\n<ul class=\"wp-block-list\">\n<li>Magist\u00e8re en informatique<br>&nbsp;&nbsp; option&nbsp;: ing\u00e9nierie des syst\u00e8mes informatiques<\/li>\n<\/ul>\n\n\n\n<p>&nbsp;&nbsp;&nbsp;&nbsp;&nbsp;&nbsp;&nbsp;&nbsp;&nbsp;&nbsp;&nbsp;&nbsp;&nbsp;&nbsp;&nbsp;&nbsp;&nbsp; Universit\u00e9 de T\u00e9bessa-2011-<\/p>\n\n\n\n<ul class=\"wp-block-list\">\n<li>Doctorat en informatique (en cours)<br>&nbsp;&nbsp; option&nbsp;: cloud computing<br>&nbsp;&nbsp;&nbsp;&nbsp;&nbsp;&nbsp;&nbsp; Universit\u00e9 de Bejaia<\/li>\n<\/ul>\n\n\n\n<p class=\"has-text-align-center has-very-light-gray-to-cyan-bluish-gray-gradient-background has-background\">International publications<\/p>\n\n\n\n<p><strong>1 \u2013<\/strong><a href=\"https:\/\/scholar.google.com\/citations?view_op=view_citation&amp;hl=fr&amp;user=fzaZUXsAAAAJ&amp;citation_for_view=fzaZUXsAAAAJ:2osOgNQ5qMEC\">A semantic web services for medical analysis using the owl-s language<\/a> (2011)<\/p>\n\n\n\n<p>Z Fay\u00e7al, T Mohamed<\/p>\n\n\n\n<p>International Journal of Computer Applications 975, 8887<\/p>\n\n\n\n<p><strong>2 \u2013<\/strong><a href=\"https:\/\/scholar.google.com\/citations?view_op=view_citation&amp;hl=fr&amp;user=fzaZUXsAAAAJ&amp;citation_for_view=fzaZUXsAAAAJ:W7OEmFMy1HYC\">Utilisation des technologies de services Web s\u00e9mantiques dans le domaine medical<\/a> (2011)<\/p>\n\n\n\n<p>F Zaidi, M Touahria<\/p>\n\n\n\n<p>Proceedings of the Inforamtion Systems and Technologies, 585-594<\/p>\n\n\n\n<p><strong>3 &#8211;<\/strong> <a href=\"https:\/\/scholar.google.com\/citations?view_op=view_citation&amp;hl=fr&amp;user=fzaZUXsAAAAJ&amp;citation_for_view=fzaZUXsAAAAJ:qjMakFHDy7sC\">A Development-Oriented Process for Building Web Services Ontology using OWL-S Language: application in medical web services<\/a> (2011)<\/p>\n\n\n\n<p>Z Fay\u00e7al, K Lazhar, Z Mohamed<\/p>\n\n\n\n<p>International Journal of Computer Applications 975, 8887<\/p>\n\n\n\n<p><strong>4 &#8211;<\/strong> <a href=\"https:\/\/scholar.google.com\/citations?view_op=view_citation&amp;hl=fr&amp;user=fzaZUXsAAAAJ&amp;citation_for_view=fzaZUXsAAAAJ:IjCSPb-OGe4C\">Building a semantic web services ontology in the pharmaceutical field using the OWL-S Language<\/a> (2021)<\/p>\n\n\n\n<p>Z Fay\u00e7al, T Abdelkamel<\/p>\n\n\n\n<p>2021 International Conference on Information Systems and Advanced&nbsp;\u2026<\/p>\n\n\n\n<p><strong>5 &#8211;<\/strong> <a href=\"https:\/\/scholar.google.com\/citations?view_op=view_citation&amp;hl=fr&amp;user=fzaZUXsAAAAJ&amp;citation_for_view=fzaZUXsAAAAJ:Tyk-4Ss8FVUC\">Utilisation des techniques de l\u2019apprentissage automatique (machine learning) pour la pr\u00e9diction du Covid-19<\/a> (2022)<\/p>\n\n\n\n<p>F Necib, M Boulekhras, F Zaidi Universit\u00e9 de Larbi Ben M&rsquo;hidi-Oum El Bouaghi<\/p>\n\n\n\n<figure class=\"wp-block-pullquote has-white-color has-text-color\"><blockquote><p>pdf version: <a href=\"https:\/\/www.univ-oeb.dz\/fsesnv\/wp-content\/uploads\/2023\/04\/CV-anglais-ZAIDI-Faycal.pdf\">CV anglais ZAIDI Fay\u00e7al<\/a><\/p><\/blockquote><\/figure>\n","protected":false},"excerpt":{"rendered":"<p>Prof. ZAIDI Fay\u00e7al Professor, Management department, University of Oum El Bouaghi, Algeria. E-mail: zaidixml@yahoo.fr ; faycalzaidi@gmail.com; Mobile: 0550 10 40 57. Researcher identity Google Scholar: link ReaserchGate: link ORCID: Education Bac science de la nature et de la vie \u2013 1996- Ing\u00e9nieur d\u2019\u00e9tat en informatique. &nbsp;&nbsp;&nbsp;&nbsp;&nbsp;&nbsp;&nbsp;&nbsp; &nbsp;&nbsp;&nbsp;&nbsp;&nbsp;&nbsp;&nbsp;Option&nbsp;: syst\u00e8me d\u2019information avanc\u00e9 &nbsp;&nbsp;&nbsp;&nbsp;&nbsp;&nbsp;&nbsp;&nbsp;&nbsp;&nbsp;&nbsp;&nbsp;&nbsp;&nbsp;&nbsp;&nbsp;&nbsp;&nbsp;&nbsp;&nbsp;&nbsp;&nbsp;&nbsp;&nbsp;&nbsp; Universit\u00e9 De Constantine \u2013 &hellip;<\/p>\n","protected":false},"author":1,"featured_media":0,"parent":0,"menu_order":0,"comment_status":"closed","ping_status":"closed","template":"","meta":{"footnotes":""},"class_list":["post-5463","page","type-page","status-publish","hentry"],"_links":{"self":[{"href":"https:\/\/www.univ-oeb.dz\/fsesnv\/wp-json\/wp\/v2\/pages\/5463","targetHints":{"allow":["GET"]}}],"collection":[{"href":"https:\/\/www.univ-oeb.dz\/fsesnv\/wp-json\/wp\/v2\/pages"}],"about":[{"href":"https:\/\/www.univ-oeb.dz\/fsesnv\/wp-json\/wp\/v2\/types\/page"}],"author":[{"embeddable":true,"href":"https:\/\/www.univ-oeb.dz\/fsesnv\/wp-json\/wp\/v2\/users\/1"}],"replies":[{"embeddable":true,"href":"https:\/\/www.univ-oeb.dz\/fsesnv\/wp-json\/wp\/v2\/comments?post=5463"}],"version-history":[{"count":0,"href":"https:\/\/www.univ-oeb.dz\/fsesnv\/wp-json\/wp\/v2\/pages\/5463\/revisions"}],"wp:attachment":[{"href":"https:\/\/www.univ-oeb.dz\/fsesnv\/wp-json\/wp\/v2\/media?parent=5463"}],"curies":[{"name":"wp","href":"https:\/\/api.w.org\/{rel}","templated":true}]}}