{"id":5454,"date":"2023-04-26T18:19:46","date_gmt":"2023-04-26T17:19:46","guid":{"rendered":"http:\/\/www.univ-oeb.dz\/fsesnv\/?page_id=5454"},"modified":"2023-04-26T18:22:36","modified_gmt":"2023-04-26T17:22:36","slug":"curriculum-vitae-chibani-meriem","status":"publish","type":"page","link":"https:\/\/www.univ-oeb.dz\/fsesnv\/curriculum-vitae-chibani-meriem\/","title":{"rendered":"Curriculum Vitae CHIBANI Meriem"},"content":{"rendered":"\n<div class=\"wp-block-media-text is-stacked-on-mobile\" style=\"grid-template-columns:24% auto\"><figure class=\"wp-block-media-text__media\"><img decoding=\"async\" width=\"129\" height=\"103\" src=\"https:\/\/www.univ-oeb.dz\/fsesnv\/wp-content\/uploads\/2023\/04\/Image1-22.png\" alt=\"\" class=\"wp-image-5455 size-full\"\/><\/figure><div class=\"wp-block-media-text__content\">\n<ul class=\"wp-block-list\">\n<li>MCB CHIBANI Meriem<\/li>\n\n\n\n<li>MCB, Department of Mathematics, Informatics, University of Oum El Bouaghi, Algeria.<\/li>\n\n\n\n<li>E-mail: Chibani_meriem@live.fr<\/li>\n\n\n\n<li>Mobile: +213 (0)6 65 81 52 41<\/li>\n<\/ul>\n<\/div><\/div>\n\n\n\n<p class=\"has-text-align-center has-very-light-gray-to-cyan-bluish-gray-gradient-background has-background\"><strong>Researcher identity<\/strong><\/p>\n\n\n\n<p>Google Scholar: <a href=\"https:\/\/scholar.google.com\/citations?view_op=list_works&amp;hl=ar&amp;user=jR-TRhoAAAAJ\" data-type=\"URL\" data-id=\"https:\/\/scholar.google.com\/citations?view_op=list_works&amp;hl=ar&amp;user=jR-TRhoAAAAJ\">Link<\/a><\/p>\n\n\n\n<p>ReaserchGate: <a href=\"https:\/\/www.researchgate.net\/profile\/Meriem-Chibani-2\" data-type=\"URL\" data-id=\"https:\/\/www.researchgate.net\/profile\/Meriem-Chibani-2\">Link<\/a><\/p>\n\n\n\n<p>ORCID: <a href=\"https:\/\/orcid.org\/0000-0001-6150-2619\" data-type=\"URL\" data-id=\"https:\/\/orcid.org\/0000-0001-6150-2619\">Link<\/a><\/p>\n\n\n\n<p class=\"has-text-align-center has-very-light-gray-to-cyan-bluish-gray-gradient-background has-background\">Education<\/p>\n\n\n\n<ul class=\"wp-block-list\">\n<li><strong>Ph.D.&rsquo;s degree<\/strong> in <strong>Ing\u00e9nierie des Syst\u00e8mes Distribu\u00e9es.<\/strong><\/li>\n\n\n\n<li><strong>Master&rsquo;s degree<\/strong> in <strong>Imagerie Num\u00e9rique<\/strong><\/li>\n\n\n\n<li><strong>License&rsquo;s degree<\/strong> in <strong>Informatique<\/strong><\/li>\n<\/ul>\n\n\n\n<p class=\"has-text-align-center has-very-light-gray-to-cyan-bluish-gray-gradient-background has-background\">Functions and Affiliations<\/p>\n\n\n\n<p><strong>Associate professor<\/strong> MCB<\/p>\n\n\n\n<p class=\"has-text-align-center has-very-light-gray-to-cyan-bluish-gray-gradient-background has-background\">Teaching modules<\/p>\n\n\n\n<figure class=\"wp-block-table\"><table><tbody><tr><td><strong>Activit\u00e9s d\u2019enseignement<\/strong> <strong>&nbsp;<\/strong><\/td><\/tr><tr><td><strong>2021\/2022<\/strong><\/td><td>Ma\u00eetre de conf\u00e9rence \u2018B\u2019 \u00e0 l\u2019universit\u00e9 d\u2019Oum El-Bouaghi, d\u00e9partement de Math-Informatique Module :Imagerie industrielle( Master2&nbsp; VA)&amp; ASD3( 2<sup>\u00e8me<\/sup> Ann\u00e9e Licence.)<\/td><\/tr><tr><td><strong>2020\/2021<\/strong><\/td><td>Ma\u00eetre de conf\u00e9rence \u2018B\u2019 \u00e0 l\u2019universit\u00e9 d\u2019Oum El-Bouaghi, d\u00e9partement de Math-Informatique Module : Imagerie industrielle ( Master2&nbsp; VA)<\/td><\/tr><tr><td><strong>2019\/2020<\/strong><\/td><td>Ma\u00eetre de conf\u00e9rence \u2018B\u2019 \u00e0 l\u2019universit\u00e9 d\u2019Oum El-Bouaghi, d\u00e9partement de Math-Informatique Module : Imagerie industrielle ( Master2&nbsp; VA), Infographie (3\u00e8me Ann\u00e9e Licence&nbsp;, Master 1 VA)&amp; ASD1 (TP 1<sup>\u00e9re<\/sup> Ann\u00e9e Licence MI &nbsp;)<\/td><\/tr><tr><td><strong>2018\/2019<\/strong><\/td><td>Ma\u00eetre assistante Charg\u00e9 de cours &nbsp;\u00e0 l\u2019universit\u00e9 d\u2019Oum El-Bouaghi, d\u00e9partement &nbsp;de science de la mati\u00e8re(SM). Module : Informatique I &amp; bureautique (Master2&nbsp; chimie).<\/td><\/tr><tr><td><strong>2017\/2018<\/strong><\/td><td>Enseignante Vacataire. D\u00e9partement de science de la mati\u00e8re(SM). Universit\u00e9 d\u2019Oum El Bouaghi Module(cours)&nbsp;: Informatique I.<\/td><\/tr><tr><td><strong>2014\/2015<\/strong><\/td><td>Enseignante Vacataire. D\u00e9partement de g\u00e9ologie. Universit\u00e9 d\u2019Oum El Bouaghi Module (TD+cours+TP)&nbsp;: -Initiation \u00e0 l\u2019informatique. &nbsp;&nbsp;&nbsp;&nbsp;&nbsp;&nbsp;&nbsp;&nbsp;&nbsp;&nbsp;&nbsp;&nbsp;&nbsp;&nbsp;&nbsp;&nbsp;&nbsp;&nbsp;&nbsp;&nbsp;&nbsp;&nbsp;&nbsp;&nbsp;&nbsp;&nbsp;&nbsp;&nbsp;&nbsp;&nbsp;&nbsp;&nbsp;&nbsp;&nbsp;&nbsp;&nbsp;&nbsp;&nbsp;&nbsp;&nbsp;&nbsp; -MapInfo.<\/td><\/tr><tr><td><strong>2013\/2014<\/strong><\/td><td>Enseignante Vacataire. D\u00e9partement de science de la mati\u00e8re(SM). Universit\u00e9 d\u2019Oum El Bouaghi Module (TP+cours)&nbsp;: Algorithmique &amp; bureautique.<\/td><\/tr><tr><td><strong>2012\/2013<\/strong><\/td><td>Enseignante Vacataire. D\u00e9partement de science humain. Universit\u00e9 d\u2019Oum El Bouaghi Module (TD+cours+TP)&nbsp;: -Initiation \u00e0 l\u2019informatique &amp; bureautique. &nbsp;&nbsp;&nbsp;&nbsp;&nbsp;&nbsp;&nbsp;&nbsp;&nbsp;&nbsp;&nbsp;&nbsp;&nbsp;&nbsp;&nbsp;&nbsp;&nbsp;&nbsp;&nbsp;&nbsp;&nbsp;&nbsp;&nbsp;&nbsp;&nbsp;&nbsp;&nbsp;&nbsp;&nbsp;&nbsp;&nbsp;&nbsp;&nbsp;&nbsp;&nbsp;&nbsp;&nbsp;&nbsp;&nbsp;&nbsp;&nbsp; -Photoshop.<\/td><\/tr><tr><td><strong>2011\/2012<\/strong><\/td><td>Enseignante Vacataire. D\u00e9partement d\u2019informatique. Universit\u00e9 d\u2019Oum El Bouaghi. Module&nbsp;: Technologie web(TP).<\/td><\/tr><\/tbody><\/table><\/figure>\n\n\n\n<p class=\"has-text-align-center has-very-light-gray-to-cyan-bluish-gray-gradient-background has-background\">International publications<\/p>\n\n\n\n<ul class=\"wp-block-list\">\n<li><strong><u>Publications dans des journaux Internationaux<\/u><\/strong><\/li>\n<\/ul>\n\n\n\n<ol class=\"wp-block-list\" type=\"1\">\n<li>M Chibani; B Belattar; A Bourouis.\u00abToward an Aspect-Oriented Simulation\u00bb.<\/li>\n<\/ol>\n\n\n\n<p>International Journal of New Computer Architectures and their Applications. (IJNCAA), Volume 3: Number 1: pp 1-10, April 2013.<\/p>\n\n\n\n<p>Publisher: The Society of Digital Information and Wireless Communications (SDIWC).<\/p>\n\n\n\n<p>ISSN: 2220-9085<\/p>\n\n\n\n<p>URL: <a href=\"http:\/\/sdiwc.net\/digital-library\/web-admin\/upload-pdf\/00000576.pdf\">http:\/\/sdiwc.net\/digital-library\/web-admin\/upload-pdf\/00000576.pdf<\/a><\/p>\n\n\n\n<ul class=\"wp-block-list\">\n<li>M Chibani; B Belattar; A Bourouis. \u00abPractical Benefits of Aspect Oriented Programming (AOP) Paradigm in Discrete Event Simulation\u00bb.<\/li>\n<\/ul>\n\n\n\n<p>Modelling and Simulation in Engineering. vol. 2014, Article ID 736359, 16 pages.<\/p>\n\n\n\n<p>DOI: 10.1155\/2014\/736359<\/p>\n\n\n\n<p>Publisher: Hindawi Publishing Corporation<\/p>\n\n\n\n<p>ISSN 1687-5605 (Online), 1687-5591 (Print).<\/p>\n\n\n\n<p>Academic Editor: Dimitrios E. Manolakos<\/p>\n\n\n\n<p>URL1: <a href=\"http:\/\/dx.doi.org\/10.1155\/2014\/736359\">http:\/\/dx.doi.org\/10.1155\/2014\/736359<\/a><\/p>\n\n\n\n<p>URL2: <a href=\"http:\/\/www.hindawi.com\/journals\/mse\/2014\/736359\/\">http:\/\/www.hindawi.com\/journals\/mse\/2014\/736359\/<\/a><\/p>\n\n\n\n<ul class=\"wp-block-list\">\n<li><strong><u>Publications dans Conf\u00e9rences Internationales<\/u><\/strong><\/li>\n<\/ul>\n\n\n\n<ol class=\"wp-block-list\" type=\"1\">\n<li>M Chibani; B Belattar; A Bourouis. \u00abThe use of the aspect oriented programming (AOP) paradigm in discrete event simulation domain: overview and perspectives\u00bb. Proceedings of the Third International Conference on Digital Information Processing and Communications (ICDIPC2013), pp. 635-660, Islamic Azad University (IAU), UAE Jan. 30, 2013 &#8211; Feb. 1, 2013. ISBN: 978-0-9853483-3-5<\/li>\n<\/ol>\n\n\n\n<p>&nbsp;&nbsp;&nbsp;&nbsp;&nbsp;&nbsp;&nbsp; URL: <a href=\"http:\/\/sdiwc.net\/digital-library\/web-admin\/upload-pdf\/00000468.pdf\">http:\/\/sdiwc.net\/digital-library\/web-admin\/upload-pdf\/00000468.pdf<\/a><\/p>\n\n\n\n<ul class=\"wp-block-list\">\n<li>M Chibani; B Belattar; A Bourouis.\u00abUsing AOP In Discrete Event Simulation: A Case Study with JAPROSIM\u00bb. In Proceedings of the 2013 International Conference on Systems, Control and Informatics (SCI 2013). September 28-30, 2013, Venice, Italy. pp. 164-170<\/li>\n<\/ul>\n\n\n\n<p>&nbsp;&nbsp;&nbsp;&nbsp;&nbsp;&nbsp;&nbsp; URL:&nbsp;&nbsp; http:\/\/www.europment.org\/library\/2013\/venice\/SCI.pdf<\/p>\n\n\n\n<ul class=\"wp-block-list\">\n<li>Meriem Chibani, Brahim Belattar &amp; Abdelhabib Bourouis.<\/li>\n<\/ul>\n\n\n\n<p>Towards a UML Meta Model Extension for Aspect Oriented Modeling\u00bb.<\/p>\n\n\n\n<p>in Proceedings of the Eighth International Conference on Software Engineering Advances ICSEA 2013 October 27 &#8211; November 1, 2013 &#8211; Venice, Italy. ISSN: 2308-4235, ISBN: 978-1-61208-304-9<\/p>\n\n\n\n<p>URL: http:\/\/www.iaria.org\/conferences2013\/ICSEA13.html<\/p>\n\n\n\n<p>URL: http:\/\/www.iaria.org\/conferences2013\/ProgramICSEA13.html<\/p>\n\n\n\n<ul class=\"wp-block-list\">\n<li>M Chibani; B&nbsp; Belattar; A Bourouis. \u00abAspect Oriented Simulation: A Case Study with the JAPROSIM framework\u00bb. Proceedings of The 27th European Simulation and Modeling Conference -ESM\u20192013, pp. 91-98. October 23-25, 2013, Lancaster University, Lancaster, UK. (ESM\u20192013 is a Conference of The European Multidisciplinary Society for Modeling and Simulation Technology (EUROSIS-ETI)). Editors: Stephn Onggo &amp; Antonin Kavicka.<\/li>\n<\/ul>\n\n\n\n<p>&nbsp;URL: http:\/\/www.eurosis.org\/cms\/index.php?q=node\/2512<\/p>\n\n\n\n<ul class=\"wp-block-list\">\n<li>M Chibani; B Belattar; A Bourouis.\u00abAspect and Subject Oriented Programming Paradigms: A Comparative Study\u00bb. The International Conference on Complex System 2014 (CISC\u201914 ), December 09th-10th 2014 &#8211; Jijel, Algeria. URL: http:\/\/www.univ-jijel.dz\/sem\/cisc2014<\/li>\n<\/ul>\n\n\n\n<p class=\"has-text-align-center has-very-light-gray-to-cyan-bluish-gray-gradient-background has-background\">Interests and Qualifications<\/p>\n\n\n\n<ul class=\"wp-block-list\">\n<li><strong>Interests: <\/strong>Segmentation des images num\u00e9riques, deep learning<\/li>\n\n\n\n<li><strong>Bureautique:<\/strong> Word, Excel, Powerpoint.<\/li>\n<\/ul>\n\n\n\n<p><strong>Langues:<\/strong> Arabe, fran\u00e7ais, Anglais (Bien, orale et \u00e9crit)<\/p>\n\n\n\n\n\n<figure class=\"wp-block-pullquote has-white-color has-text-color\"><blockquote><p>Pdf version: <a href=\"https:\/\/www.univ-oeb.dz\/fsesnv\/wp-content\/uploads\/2023\/04\/CHIBANI-Meriem.pdf\">CHIBANI Meriem<\/a><br>Scopus: <a href=\"https:\/\/www.scopus.com\/authid\/detail.uri?authorId=56112472300\">Chibani, Meriem &#8211; Author details &#8211; Scopus Preview<\/a><\/p><\/blockquote><\/figure>\n\n\n\n<p><\/p>\n","protected":false},"excerpt":{"rendered":"<p>MCB CHIBANI Meriem MCB, Department of Mathematics, Informatics, University of Oum El Bouaghi, Algeria. E-mail: Chibani_meriem@live.fr Mobile: +213 (0)6 65 81 52 41 Researcher identity Google Scholar: Link ReaserchGate: Link ORCID: Link Education Ph.D.&rsquo;s degree in Ing\u00e9nierie des Syst\u00e8mes Distribu\u00e9es. Master&rsquo;s degree in Imagerie Num\u00e9rique License&rsquo;s degree in Informatique Functions and Affiliations Associate professor MCB &hellip;<\/p>\n","protected":false},"author":1,"featured_media":0,"parent":0,"menu_order":0,"comment_status":"closed","ping_status":"closed","template":"","meta":{"footnotes":""},"class_list":["post-5454","page","type-page","status-publish","hentry"],"_links":{"self":[{"href":"https:\/\/www.univ-oeb.dz\/fsesnv\/wp-json\/wp\/v2\/pages\/5454","targetHints":{"allow":["GET"]}}],"collection":[{"href":"https:\/\/www.univ-oeb.dz\/fsesnv\/wp-json\/wp\/v2\/pages"}],"about":[{"href":"https:\/\/www.univ-oeb.dz\/fsesnv\/wp-json\/wp\/v2\/types\/page"}],"author":[{"embeddable":true,"href":"https:\/\/www.univ-oeb.dz\/fsesnv\/wp-json\/wp\/v2\/users\/1"}],"replies":[{"embeddable":true,"href":"https:\/\/www.univ-oeb.dz\/fsesnv\/wp-json\/wp\/v2\/comments?post=5454"}],"version-history":[{"count":0,"href":"https:\/\/www.univ-oeb.dz\/fsesnv\/wp-json\/wp\/v2\/pages\/5454\/revisions"}],"wp:attachment":[{"href":"https:\/\/www.univ-oeb.dz\/fsesnv\/wp-json\/wp\/v2\/media?parent=5454"}],"curies":[{"name":"wp","href":"https:\/\/api.w.org\/{rel}","templated":true}]}}