{"id":5447,"date":"2023-04-26T18:04:11","date_gmt":"2023-04-26T17:04:11","guid":{"rendered":"http:\/\/www.univ-oeb.dz\/fsesnv\/?page_id=5447"},"modified":"2023-04-26T18:04:12","modified_gmt":"2023-04-26T17:04:12","slug":"curriculum-vitae-boulkamh-chouaib","status":"publish","type":"page","link":"https:\/\/www.univ-oeb.dz\/fsesnv\/curriculum-vitae-boulkamh-chouaib\/","title":{"rendered":"Curriculum Vitae Boulkamh Chouaib"},"content":{"rendered":"\n<div class=\"wp-block-media-text is-stacked-on-mobile\" style=\"grid-template-columns:24% auto\"><figure class=\"wp-block-media-text__media\"><img fetchpriority=\"high\" decoding=\"async\" width=\"512\" height=\"512\" src=\"https:\/\/www.univ-oeb.dz\/fsesnv\/wp-content\/uploads\/2023\/03\/666201.png\" alt=\"\" class=\"wp-image-4279 size-full\" srcset=\"https:\/\/www.univ-oeb.dz\/fsesnv\/wp-content\/uploads\/2023\/03\/666201.png 512w, https:\/\/www.univ-oeb.dz\/fsesnv\/wp-content\/uploads\/2023\/03\/666201-300x300.png 300w, https:\/\/www.univ-oeb.dz\/fsesnv\/wp-content\/uploads\/2023\/03\/666201-150x150.png 150w\" sizes=\"(max-width: 512px) 100vw, 512px\" \/><\/figure><div class=\"wp-block-media-text__content\">\n<ul class=\"wp-block-list\">\n<li>Prof. Boulkamh Chouaib<\/li>\n\n\n\n<li>Professor, computer sciences department, University of Oum El Bouaghi, Algeria.<\/li>\n\n\n\n<li>E-mail: boulkamh.chouaib@univ-oeb.dz<\/li>\n\n\n\n<li>Mobile: 0799971339<\/li>\n<\/ul>\n<\/div><\/div>\n\n\n\n<p class=\"has-text-align-center has-very-light-gray-to-cyan-bluish-gray-gradient-background has-background\"><strong>Researcher identity<\/strong><\/p>\n\n\n\n<p>Google Scholar: <a href=\"https:\/\/scholar.google.com\/citations?hl=ar&amp;user=jn4K9-UAAAAJ\" data-type=\"URL\" data-id=\"https:\/\/scholar.google.com\/citations?hl=ar&amp;user=jn4K9-UAAAAJ\">link<\/a><\/p>\n\n\n\n<p>ReaserchGate: <a href=\"https:\/\/www.researchgate.net\/profile\/Boulkamh-Chouaib\" data-type=\"URL\" data-id=\"https:\/\/www.researchgate.net\/profile\/Boulkamh-Chouaib\">link<\/a><\/p>\n\n\n\n<p>ORCID:<a href=\"https:\/\/orcid.org\/0000-0001-7421-3613\" data-type=\"URL\" data-id=\"https:\/\/orcid.org\/0000-0001-7421-3613\">link<\/a><\/p>\n\n\n\n<p class=\"has-text-align-center has-very-light-gray-to-cyan-bluish-gray-gradient-background has-background\">Education<\/p>\n\n\n\n<ul class=\"wp-block-list\">\n<li><strong>Ph.D.&rsquo;s degree<\/strong> in artificial intelligence<strong> (in progress)<\/strong><strong><\/strong><\/li>\n\n\n\n<li>&nbsp;<strong>Master&rsquo;s degree<\/strong> in industrial computer science<\/li>\n\n\n\n<li><strong>engineer &lsquo;s degree<\/strong> in computer sciences<\/li>\n<\/ul>\n\n\n\n<p class=\"has-text-align-center has-very-light-gray-to-cyan-bluish-gray-gradient-background has-background\">Functions and Affiliations<\/p>\n\n\n\n<ul class=\"wp-block-list\">\n<li><strong>Professor, <\/strong>Department of Mathematics and Computer Science<\/li>\n<\/ul>\n\n\n\n<p class=\"has-text-align-center has-very-light-gray-to-cyan-bluish-gray-gradient-background has-background\">Teaching modules<\/p>\n\n\n\n<p>Cr\u00e9er et d\u00e9velopper une startup, \u00e9conomie num\u00e9rique et veille strat\u00e9gique, architecture des ordinateurs,<\/p>\n\n\n\n<p>Outils de programmation pour les math\u00e9matiques<\/p>\n\n\n\n<p class=\"has-text-align-center has-very-light-gray-to-cyan-bluish-gray-gradient-background has-background\">International publications<\/p>\n\n\n\n<p>Smart Home Energy Management System Architecture Using IoT, <strong><em>ICIST &rsquo;19: Proceedings of the 9th International Conference on Information Systems and Technologies<\/em><\/strong><em> , cairo Egypt march 24-26 ,2019 .ISBN:978-1-4503-6292-4<\/em><\/p>\n\n\n\n<p class=\"has-text-align-center has-very-light-gray-to-cyan-bluish-gray-gradient-background has-background\">Interests and Qualifications<\/p>\n\n\n\n<ul class=\"wp-block-list\">\n<li><strong>Interests: <\/strong>internet of things, machine learning, deep learning, <strong>smart<\/strong> <strong>home<\/strong><\/li>\n<\/ul>\n\n\n\n\n\n<figure class=\"wp-block-pullquote has-white-color has-text-color\"><blockquote><p>pdf version: <a href=\"https:\/\/www.univ-oeb.dz\/fsesnv\/wp-content\/uploads\/2023\/04\/Boulkamh-chouaib.pdf\">Boulkamh chouaib<\/a><\/p><\/blockquote><\/figure>\n","protected":false},"excerpt":{"rendered":"<p>Prof. Boulkamh Chouaib Professor, computer sciences department, University of Oum El Bouaghi, Algeria. E-mail: boulkamh.chouaib@univ-oeb.dz Mobile: 0799971339 Researcher identity Google Scholar: link ReaserchGate: link ORCID:link Education Ph.D.&rsquo;s degree in artificial intelligence (in progress) &nbsp;Master&rsquo;s degree in industrial computer science engineer &lsquo;s degree in computer sciences Functions and Affiliations Professor, Department of Mathematics and Computer Science &hellip;<\/p>\n","protected":false},"author":1,"featured_media":0,"parent":0,"menu_order":0,"comment_status":"closed","ping_status":"closed","template":"","meta":{"footnotes":""},"class_list":["post-5447","page","type-page","status-publish","hentry"],"_links":{"self":[{"href":"https:\/\/www.univ-oeb.dz\/fsesnv\/wp-json\/wp\/v2\/pages\/5447","targetHints":{"allow":["GET"]}}],"collection":[{"href":"https:\/\/www.univ-oeb.dz\/fsesnv\/wp-json\/wp\/v2\/pages"}],"about":[{"href":"https:\/\/www.univ-oeb.dz\/fsesnv\/wp-json\/wp\/v2\/types\/page"}],"author":[{"embeddable":true,"href":"https:\/\/www.univ-oeb.dz\/fsesnv\/wp-json\/wp\/v2\/users\/1"}],"replies":[{"embeddable":true,"href":"https:\/\/www.univ-oeb.dz\/fsesnv\/wp-json\/wp\/v2\/comments?post=5447"}],"version-history":[{"count":0,"href":"https:\/\/www.univ-oeb.dz\/fsesnv\/wp-json\/wp\/v2\/pages\/5447\/revisions"}],"wp:attachment":[{"href":"https:\/\/www.univ-oeb.dz\/fsesnv\/wp-json\/wp\/v2\/media?parent=5447"}],"curies":[{"name":"wp","href":"https:\/\/api.w.org\/{rel}","templated":true}]}}