{"id":5361,"date":"2023-04-24T20:50:41","date_gmt":"2023-04-24T19:50:41","guid":{"rendered":"http:\/\/www.univ-oeb.dz\/fsesnv\/?page_id=5361"},"modified":"2023-04-24T20:50:42","modified_gmt":"2023-04-24T19:50:42","slug":"curriculum-vitae-chorfi-atef","status":"publish","type":"page","link":"https:\/\/www.univ-oeb.dz\/fsesnv\/curriculum-vitae-chorfi-atef\/","title":{"rendered":"Curriculum Vitae CHORFI Atef"},"content":{"rendered":"\n<div class=\"wp-block-media-text is-stacked-on-mobile\" style=\"grid-template-columns:24% auto\"><figure class=\"wp-block-media-text__media\"><img decoding=\"async\" width=\"115\" height=\"115\" src=\"https:\/\/www.univ-oeb.dz\/fsesnv\/wp-content\/uploads\/2023\/04\/Image1-13.jpg\" alt=\"\" class=\"wp-image-5362 size-full\"\/><\/figure><div class=\"wp-block-media-text__content\">\n<ul class=\"wp-block-list\">\n<li>Prof. CHORFI Atef.<\/li>\n\n\n\n<li>Professor, Management department, University of Oum El Bouaghi, Algeria.<\/li>\n\n\n\n<li>E-mail: atef.chorfi@univ-oeb.dz<\/li>\n\n\n\n<li>Mobile: 0657167515.<\/li>\n<\/ul>\n<\/div><\/div>\n\n\n\n<p class=\"has-text-align-center has-very-light-gray-to-cyan-bluish-gray-gradient-background has-background\"><strong>Researcher identity<\/strong><\/p>\n\n\n\n<p class=\"has-text-align-left\">Google Scholar: Atef Chorfi.<\/p>\n\n\n\n<p class=\"has-text-align-left\">ReaserchGate: Atef Chorfi.<\/p>\n\n\n\n<p class=\"has-text-align-left\">ORCID: 0000-0002-1170-3241.<\/p>\n\n\n\n<p class=\"has-text-align-center has-very-light-gray-to-cyan-bluish-gray-gradient-background has-background\">Education<\/p>\n\n\n\n<ul class=\"wp-block-list\">\n<li><strong>Ph.D.&rsquo;s degree<\/strong> in University of Batna.<\/li>\n\n\n\n<li>&nbsp;<strong>Master&rsquo;s degree<\/strong> in University of Tebassa, specialty advanced database and artificial intelligence.<\/li>\n\n\n\n<li><strong>State engineer degree<\/strong> in university of Constatntine, specialty distributed and parallel system.<\/li>\n<\/ul>\n\n\n\n<p class=\"has-text-align-center has-very-light-gray-to-cyan-bluish-gray-gradient-background has-background\">Functions and Affiliations<\/p>\n\n\n\n<ul class=\"wp-block-list\">\n<li><strong>Professor, University of Oum el Bouaghi since 2011<\/strong>.<\/li>\n<\/ul>\n\n\n\n<p class=\"has-text-align-center has-very-light-gray-to-cyan-bluish-gray-gradient-background has-background\">Teaching modules<\/p>\n\n\n\n<ol class=\"wp-block-list\" type=\"1\">\n<li>distributed information systems.<\/li>\n\n\n\n<li>business intelligence.<\/li>\n\n\n\n<li>Software engineering.<\/li>\n\n\n\n<li>Modeling and simulation (practical work).<\/li>\n\n\n\n<li>Object-oriented programming.<\/li>\n\n\n\n<li>Graphical modeling software.<\/li>\n\n\n\n<li>Office automation tools.<\/li>\n<\/ol>\n\n\n\n<p class=\"has-text-align-center has-very-light-gray-to-cyan-bluish-gray-gradient-background has-background\">International publications<\/p>\n\n\n\n<ul class=\"wp-block-list\">\n<li>Problem-based collaborative learning groupware to improve computer programming skills<\/li>\n<\/ul>\n\n\n\n<p>A Chorfi, D Hedjazi, S Aouag, D Boubiche<\/p>\n\n\n\n<p>Behaviour &amp; Information Technology 41 (1), 139-158<\/p>\n\n\n\n<ul class=\"wp-block-list\">\n<li>A Clinical Reasoning Learning Groupware: An exploratory study of factors affecting the adoption behavior<\/li>\n<\/ul>\n\n\n\n<p>D Hedjazi, A Chorfi, S Aouag<\/p>\n\n\n\n<p>2020 4th International Symposium on Informatics and its Applications (ISIA), 1-6<\/p>\n\n\n\n<ul class=\"wp-block-list\">\n<li>Project-Based learning with a shared editor<\/li>\n<\/ul>\n\n\n\n<p>A Chorfi, A Zidani, F Lezzar<\/p>\n\n\n\n<p>2012 Second International Workshop on Advanced Information Systems<strong><em><\/em><\/strong><\/p>\n\n\n\n<ul class=\"wp-block-list\">\n<li>A web application for supporting health care tasks with a groupware planning approach<\/li>\n<\/ul>\n\n\n\n<p>L Fouzi, A Zidani, A Chorfi<\/p>\n\n\n\n<p>2012 International Conference on Information Technology and e-Services, 1-6<\/p>\n\n\n\n<ul class=\"wp-block-list\">\n<li>Enabling coordination within medical settings: case of a maternity ward<\/li>\n<\/ul>\n\n\n\n<p>F Lezzar, A Zidani, A Chorfi<\/p>\n\n\n\n<p>Applied Medical Informatics 32 (2), 39-46<\/p>\n\n\n\n<ul class=\"wp-block-list\">\n<li>Using a mobile collaborative approach to improve healthcare tasks planning<\/li>\n<\/ul>\n\n\n\n<p>F Lezzar, A Zidani, A Chorfi<\/p>\n\n\n\n<p>International Journal of Multimedia and Ubiquitous Engineering 8 (3), 407-420<\/p>\n\n\n\n<ul class=\"wp-block-list\">\n<li>Building a shared editing workspace for learners&rsquo; cooperative programming<\/li>\n<\/ul>\n\n\n\n<p>A Chorfi, A Zidani, F Lezzar<\/p>\n\n\n\n<p>International Conference on Education and e-Learning Innovations, 1-9<\/p>\n\n\n\n<ul class=\"wp-block-list\">\n<li>A Collaborative Web-based Application for Health Care Tasks Planning.<\/li>\n<\/ul>\n\n\n\n<p>F Lezzar, A Zidani, C Atef<\/p>\n\n\n\n<p>ICWIT, 30-39<\/p>\n\n\n\n<ul class=\"wp-block-list\">\n<li>Increasing Coordination within a Maternity Ward through a CSCW-based Approach<\/li>\n<\/ul>\n\n\n\n<p>F Lezzar, A Zidani, A Chorfi<\/p>\n\n\n\n<p>2012 Second International Workshop on Advanced Information Systems for<\/p>\n\n\n\n<ul class=\"wp-block-list\">\n<li>Un groupware bas\u00e9 web pour am\u00e9liorer la coordination lors de la planification des t\u00e2ches dans un environnement m\u00e9dical<\/li>\n<\/ul>\n\n\n\n<p>F Lezzar, A Zidani, A Chorfi<\/p>\n\n\n\n<p>9 \u00e8me Colloque sur l\u2019Optimisation et les Syst\u00e8mes d\u2019Information, 19<\/p>\n\n\n\n<ul class=\"wp-block-list\">\n<li>A shared workspace supporting students programming projects<\/li>\n<\/ul>\n\n\n\n<p>A Chorfi, A Zidani, F Lezzar<\/p>\n\n\n\n<p class=\"has-text-align-center has-very-light-gray-to-cyan-bluish-gray-gradient-background has-background\">Interests and Qualifications<\/p>\n\n\n\n<p><strong>Interests: <em>CSCW, IA, Distributed Systems, Machine learning, Business intelligence, Data Analysis, Web service<\/em><\/strong><\/p>\n\n\n\n\n\n<figure class=\"wp-block-pullquote has-white-color has-text-color\"><blockquote><p>pdf version: <a href=\"https:\/\/www.univ-oeb.dz\/fsesnv\/wp-content\/uploads\/2023\/04\/Short-CV-CHORFI-Atef-EN.pdf\">Short CV &#8211; CHORFI Atef &#8211; EN<\/a><br>Scopus: <a href=\"https:\/\/www.scopus.com\/authid\/detail.uri?authorId=55308060700\">Chorfi, Atef &#8211; Author details &#8211; Scopus Preview<\/a><\/p><\/blockquote><\/figure>\n","protected":false},"excerpt":{"rendered":"<p>Prof. CHORFI Atef. Professor, Management department, University of Oum El Bouaghi, Algeria. E-mail: atef.chorfi@univ-oeb.dz Mobile: 0657167515. Researcher identity Google Scholar: Atef Chorfi. ReaserchGate: Atef Chorfi. ORCID: 0000-0002-1170-3241. Education Ph.D.&rsquo;s degree in University of Batna. &nbsp;Master&rsquo;s degree in University of Tebassa, specialty advanced database and artificial intelligence. State engineer degree in university of Constatntine, specialty distributed &hellip;<\/p>\n","protected":false},"author":1,"featured_media":0,"parent":0,"menu_order":0,"comment_status":"closed","ping_status":"closed","template":"","meta":{"footnotes":""},"class_list":["post-5361","page","type-page","status-publish","hentry"],"_links":{"self":[{"href":"https:\/\/www.univ-oeb.dz\/fsesnv\/wp-json\/wp\/v2\/pages\/5361","targetHints":{"allow":["GET"]}}],"collection":[{"href":"https:\/\/www.univ-oeb.dz\/fsesnv\/wp-json\/wp\/v2\/pages"}],"about":[{"href":"https:\/\/www.univ-oeb.dz\/fsesnv\/wp-json\/wp\/v2\/types\/page"}],"author":[{"embeddable":true,"href":"https:\/\/www.univ-oeb.dz\/fsesnv\/wp-json\/wp\/v2\/users\/1"}],"replies":[{"embeddable":true,"href":"https:\/\/www.univ-oeb.dz\/fsesnv\/wp-json\/wp\/v2\/comments?post=5361"}],"version-history":[{"count":0,"href":"https:\/\/www.univ-oeb.dz\/fsesnv\/wp-json\/wp\/v2\/pages\/5361\/revisions"}],"wp:attachment":[{"href":"https:\/\/www.univ-oeb.dz\/fsesnv\/wp-json\/wp\/v2\/media?parent=5361"}],"curies":[{"name":"wp","href":"https:\/\/api.w.org\/{rel}","templated":true}]}}