{"id":5326,"date":"2023-04-24T19:44:27","date_gmt":"2023-04-24T18:44:27","guid":{"rendered":"http:\/\/www.univ-oeb.dz\/fsesnv\/?page_id=5326"},"modified":"2023-05-28T10:48:44","modified_gmt":"2023-05-28T09:48:44","slug":"curriculum-vitae-zakaria-laboudi","status":"publish","type":"page","link":"https:\/\/www.univ-oeb.dz\/fsesnv\/curriculum-vitae-zakaria-laboudi\/","title":{"rendered":"Curriculum Vitae Zakaria LABOUDI"},"content":{"rendered":"\n<div class=\"wp-block-media-text is-stacked-on-mobile\" style=\"grid-template-columns:24% auto\"><figure class=\"wp-block-media-text__media\"><img fetchpriority=\"high\" decoding=\"async\" width=\"512\" height=\"512\" src=\"https:\/\/www.univ-oeb.dz\/fsesnv\/wp-content\/uploads\/2023\/05\/666201.png\" alt=\"\" class=\"wp-image-6200 size-full\" srcset=\"https:\/\/www.univ-oeb.dz\/fsesnv\/wp-content\/uploads\/2023\/05\/666201.png 512w, https:\/\/www.univ-oeb.dz\/fsesnv\/wp-content\/uploads\/2023\/05\/666201-300x300.png 300w, https:\/\/www.univ-oeb.dz\/fsesnv\/wp-content\/uploads\/2023\/05\/666201-150x150.png 150w\" sizes=\"(max-width: 512px) 100vw, 512px\" \/><\/figure><div class=\"wp-block-media-text__content\">\n<ul class=\"wp-block-list\">\n<li>Dr. Zakaria LABOUDI<\/li>\n\n\n\n<li>Associate professor, Mathematics &amp; Computer Sciences department, University of Oum El Bouaghi, Algeria.<\/li>\n\n\n\n<li>E-mail: laboudi.zakaria@univ-oeb.dz<\/li>\n<\/ul>\n<\/div><\/div>\n\n\n\n<p class=\"has-text-align-center has-very-light-gray-to-cyan-bluish-gray-gradient-background has-background\"><strong>Researcher identity<\/strong><\/p>\n\n\n\n<p>Google Scholar: <a href=\"https:\/\/scholar.google.com\/citations?user=GxdXgf4AAAAJ&amp;hl=fr\" data-type=\"URL\" data-id=\"https:\/\/scholar.google.com\/citations?user=GxdXgf4AAAAJ&amp;hl=fr\">link<\/a><\/p>\n\n\n\n<p>ReaserchGate: <a href=\"https:\/\/www.researchgate.net\/profile\/Zakaria-Laboudi\" data-type=\"URL\" data-id=\"https:\/\/www.researchgate.net\/profile\/Zakaria-Laboudi\">link<\/a><\/p>\n\n\n\n<p>ORCID: <a href=\"https:\/\/orcid.org\/0000-0002-3699-4081\" data-type=\"URL\" data-id=\"https:\/\/orcid.org\/0000-0002-3699-4081\">link<\/a><\/p>\n\n\n\n<p class=\"has-text-align-center has-very-light-gray-to-cyan-bluish-gray-gradient-background has-background\">Education<\/p>\n\n\n\n<ul class=\"wp-block-list\">\n<li><strong>Ph.D.&rsquo;s degree<\/strong> in Computer sciences<\/li>\n\n\n\n<li>&nbsp;<strong>Master&rsquo;s degree<\/strong> (MEng &amp; MSc) in Computer sciences<\/li>\n<\/ul>\n\n\n\n<p class=\"has-text-align-center has-very-light-gray-to-cyan-bluish-gray-gradient-background has-background\">Functions and Affiliations<\/p>\n\n\n\n<ul class=\"wp-block-list\">\n<li><strong>Associate professor<\/strong> at the Department of Mathematics and Computer Sciences, University of Oum El Bouaghi, from 03\/2017 to today<\/li>\n<\/ul>\n\n\n\n<ul class=\"wp-block-list\">\n<li><strong>Assistant professor, <\/strong>at the Department of Mathematics and Computer Sciences, University of Oum El Bouaghi, from 10\/2009 to 03\/2017<\/li>\n\n\n\n<li><strong>Head of domain, <\/strong>at the Department of Mathematics and Computer Sciences, University of Oum El Bouaghi, from 10\/2021 to today<\/li>\n\n\n\n<li><strong>Head of specialty, <\/strong>at the Department of Mathematics and Computer Sciences, University of Oum El Bouaghi, from 12\/2016 to 10\/2021<\/li>\n<\/ul>\n\n\n\n<p class=\"has-text-align-center has-very-light-gray-to-cyan-bluish-gray-gradient-background has-background\">Teaching modules<\/p>\n\n\n\n<ul class=\"wp-block-list\">\n<li>Algorithms &amp; data structures<\/li>\n\n\n\n<li>Operating systems<\/li>\n\n\n\n<li>Databases<\/li>\n\n\n\n<li>Web application development<\/li>\n\n\n\n<li>Algorithmic methods<\/li>\n<\/ul>\n\n\n\n<p class=\"has-text-align-center has-very-light-gray-to-cyan-bluish-gray-gradient-background has-background\">International publications<\/p>\n\n\n\n<ul class=\"wp-block-list\">\n<li>Ayadi, A., Saighi, A., Laboudi, Z. (2023). Multimedia Adaptation in Ubiquitous Systems: Literature Review, Critical Analysis and Future Trends. In: Laouar, M.R., Balas, V.E., Lejdel, B., Eom, S., Boudia, M.A. (eds) 12th International Conference on Information Systems and Advanced Technologies \u201cICISAT 2022\u201d. ICISAT 2022. Lecture Notes in Networks and Systems, vol 624. Springer, Cham. <a href=\"https:\/\/doi.org\/10.1007\/978-3-031-25344-7_50\">https:\/\/doi.org\/10.1007\/978-3-031-25344-7_50<\/a><strong><\/strong><\/li>\n\n\n\n<li>Oubadi, S., Derdouri, L., Laboudi, Z. (2023). Clustering Algorithms for Wireless Sensor Networks: A Review. In: Laouar, M.R., Balas, V.E., Lejdel, B., Eom, S., Boudia, M.A. (eds) 12th International Conference on Information Systems and Advanced Technologies \u201cICISAT 2022\u201d. ICISAT 2022. Lecture Notes in Networks and Systems, vol 624. Springer, Cham. <a href=\"https:\/\/doi.org\/10.1007\/978-3-031-25344-7_9\">https:\/\/doi.org\/10.1007\/978-3-031-25344-7_9<\/a><strong><\/strong><\/li>\n\n\n\n<li>Laboudi, Z., Moudjari, A., Saighi, A. et al. An adaptive context-aware optimization framework for multimedia adaptation service selection. Neural Comput &amp; Applic 34, 14239\u201314251 (2022). https:\/\/doi.org\/10.1007\/s00521-021-06644-w<\/li>\n\n\n\n<li>Taouche, C., Belhadef, H. &amp; Laboudi, Z. (2022). Palmprint Recognition System Based on Multi-Block Local Line Directional Pattern and Feature Selection. International Journal of Information Technologies and Systems Approach (IJITSA, ISSN 1935 \u2013 570X), 15(1).<\/li>\n\n\n\n<li>Benlaharche Keltoum, Zakaria Laboudi, Nabila Nouaouria, Djamel Eddine Zegour. (2021). An ontology driven question answering system for fatawa retrieval. Indonesian Journal of Electrical Engineering and Computer Science 23(2).<\/li>\n\n\n\n<li>Laboudi Z., Moudjari A., Saighi A., Hamri H.N. (2021) Efficient Service Selection in Multimedia Documents Adaptation Processes. In: Djeddi C., Kessentini Y., Siddiqi I., Jmaiel M. (eds) Pattern Recognition and Artificial Intelligence. MedPRAI 2020. Communications in Computer and Information Science, vol 1322. Springer, Cham.<\/li>\n\n\n\n<li>Zertal, S., Batouche, M. C. &amp; Laboudi, Z. (2020). A Novel Hybrid Optimization-Based Approach for Efficient Development of Business-Applications in Cloud. International Journal of Information Systems in the Service Sector (IJISSS, ISSN 1935 \u2013 5688), 12(4).<strong><\/strong><\/li>\n\n\n\n<li>Laboudi, Z. (2020). Efficient solutions of the density classification task in one-dimensional cellular automata: where can they be found?. Complex systems (CS, ISSN 0891-2513), 29(3).<strong><\/strong><\/li>\n\n\n\n<li>Saighi, A., Laboudi, Z., Roose, P., Laborie, S. &amp; Ghoulami, N. (2020). On Using Multiple Disabilities Profiles to Adapt Multimedia Documents: A Novel Graph-Based Method. International Journal of Information Technology and Web Engineering (IJITWE, ISSN 1554 \u2013 1045), 15(3).<strong><\/strong><\/li>\n\n\n\n<li>A. Saighi and Z. Laboudi, \u00ab\u00a0A novel self-organizing multi agent-based approach for multimedia documents adaptation,\u00a0\u00bb 2020 International Conference on Electrical, Communication, and Computer Engineering (ICECCE), IEEE(2020), pp. 1-6, doi: 10.1109\/ICECCE49384.2020.9179378.<\/li>\n\n\n\n<li>S. Zertal, Z. Laboudi and S. Bechoua, \u00ab\u00a0A Novel Ontology-based Approach for Describing Cloud Services,\u00a0\u00bb 2019 International Conference on Theoretical and Applicative Aspects of Computer Science (ICTAACS), IEEE(2019), pp. 1-8, doi: 10.1109\/ICTAACS48474.2019.8988129.<\/li>\n\n\n\n<li>Laboudi, Z. &amp; Chikhi, S. (2019). Computational mechanisms for solving the Density Classification Task by Cellular Automata. Journal of Cellular Automata (JCA, ISSN 1557 \u2013 5969), 14(1-2).<strong><\/strong><\/li>\n\n\n\n<li>Laboudi, Z. &amp; Chikhi, S. (2019). New Solutions for the Density Classification Task in One Dimensional Cellular Automata. In: Chikhi S., Amine A., Chaoui A., Saidouni D. (eds) Modelling and Implementation of Complex Systems. MISC 2018. Lecture Notes in Networks and Systems, vol 64. Springer, Cham.<strong><\/strong><\/li>\n\n\n\n<li>Z. Laboudi, \u00ab\u00a0An Effective Approach for Solving the Density Classification Task by Cellular Automata,\u00a0\u00bb 2019 4th World Conference on Complex Systems (WCCS), IEEE(2019), pp. 1-8, doi: 10.1109\/ICoCS.2019.8930805.<strong><\/strong><\/li>\n\n\n\n<li>Saighi, A., Roose, P., Ghoulami, N., Laborie, S. &amp; Laboudi, Z. (2017). HaMA: A Handicap-based Architecture for Multimedia Document Adaptation. International Journal of Multimedia Data Engineering and Management (IJMDEM, ISSN 1947 \u2013 8534), 8(4).<strong><\/strong><\/li>\n\n\n\n<li>Laboudi Z, Chikhi S &amp; Lakhdari S. (2016). Sacalability Property in Solving the Density Classification Task. Journal of Information Technolgy Research (JITR, ISSN 1938 \u2013 7857), 10(2).<strong><\/strong><\/li>\n\n\n\n<li>Laboudi Z, Chikhi S &amp; Lakhdari S. (2016). Effects of Initial Configurations Size in Solving the DCT. In International Conference on Complex Systems and their Applications (ICCSA\u201916).<strong><\/strong><\/li>\n\n\n\n<li>Saighi A., Roose, P., Ghoualmi, N., Laborie, S. &amp; Laboudi, Z. (2016). Ontological Reasoning for the Personalization of Multimedia Adaptation Services in Smart Home Domain. In Second International Symposium on Informatics and its Applications (ISIA&rsquo;16).<strong><\/strong><\/li>\n\n\n\n<li>Saighi, A., Roose, P., Ghoulami, N., Laborie, S. &amp; Laboudi, Z. (2016). Multimedia Presentation Adaptation Architecture Assisted by Ontological Reasoning. In IEEE (editor), Proc. of The 2nd International Conference on Pattern Analysis and Intelligent Systems (PAIS&rsquo;16).<strong><\/strong><\/li>\n\n\n\n<li>Boucherkha S, Laboudi Z &amp; Benmohamed M. (2015). A Low Cost Multipurpose Algorithm for Secure Transfer of Medical Images, International Review on Information Technology (IREIT, ISSN 2281-2911), 3(5).<strong><\/strong><\/li>\n\n\n\n<li>Laboudi Z &amp; Chikhi S. (2012). Comparison of Genetic Algorithm and Quantum Genetic Algorithm. International Arab Journal Information Technology (IAJIT, ISSN 1683 \u2013 3198), 9(3).<strong><\/strong><\/li>\n\n\n\n<li>Laboudi Z &amp; Chikhi S. (2010). Efficiency and performance analysis between Genetic Algorithm and Parallel Quantum Genetic Algorithm through the density classification and the Knapsack problems, Journal of Networking Technology (JNT, ISSN 0976-898X), 1(4).<strong><\/strong><\/li>\n\n\n\n<li>Laboudi Z &amp; Chikhi S. (2010). A Retroactive Quantum-inspired Genetic Algorithm. Arab Conference on Information Technology (ACIT\u201910).<strong><\/strong><\/li>\n\n\n\n<li>Laboudi Z &amp; Chikhi S. (2009). Evolving Cellular Automata by parallel Quantum Genetic Algorithm. IEEE Proc. Of the 2009 Conference on Networked Digital Technologies (NDT\u201909).<strong><\/strong><\/li>\n\n\n\n<li>Laboudi Z &amp; Chikhi S. (2009). Evolution d\u2019Automates Cellulaires par Algorithmes G\u00e9n\u00e9tiques Quantiques, Conf\u00e9rence Internationale sur l\u2019Informatique et ses Applications, (CIIA\u201909).<\/li>\n<\/ul>\n\n\n\n<p class=\"has-text-align-center has-very-light-gray-to-cyan-bluish-gray-gradient-background has-background\">Interests and Qualifications<\/p>\n\n\n\n<ul class=\"wp-block-list\">\n<li><strong>Interests: <\/strong>Artificial intelligence \u2013 machine learning \u2013 context-aware pervasive systems \u2013 optimization and meta-heuristics \u2013 complex systems \u2013 parallel and distributed computing.<\/li>\n\n\n\n<li><strong>Qualifications:<\/strong> Programming languages (Java, C\/C++, Matlab, XML, XSLT, HTML, PHP, JSP, CSS, JavaScript, JSON) \u2013 Databases (MySQL, Access, PostGis and PostgreSQL) &#8211; Application analysis and design methods (UML).<\/li>\n\n\n\n<li><strong>Other: <\/strong>Reading \u2013 travelling<\/li>\n<\/ul>\n\n\n\n<figure class=\"wp-block-pullquote has-white-color has-text-color\"><blockquote><p>pdf version: <a href=\"https:\/\/www.univ-oeb.dz\/fsesnv\/wp-content\/uploads\/2023\/04\/Short-CV-\u0644\u0639\u0628\u0648\u062f\u064a.pdf\">Short CV \u0644\u0639\u0628\u0648\u062f\u064a<\/a><br>Scopus: <a href=\"https:\/\/www.scopus.com\/authid\/detail.uri?authorId=35179673400\">Laboudi, Zakaria &#8211; Author details &#8211; Scopus Preview<\/a><\/p><\/blockquote><\/figure>\n","protected":false},"excerpt":{"rendered":"<p>Dr. Zakaria LABOUDI Associate professor, Mathematics &amp; Computer Sciences department, University of Oum El Bouaghi, Algeria. E-mail: laboudi.zakaria@univ-oeb.dz Researcher identity Google Scholar: link ReaserchGate: link ORCID: link Education Ph.D.&rsquo;s degree in Computer sciences &nbsp;Master&rsquo;s degree (MEng &amp; MSc) in Computer sciences Functions and Affiliations Associate professor at the Department of Mathematics and Computer Sciences, University &hellip;<\/p>\n","protected":false},"author":1,"featured_media":0,"parent":0,"menu_order":0,"comment_status":"closed","ping_status":"closed","template":"","meta":{"footnotes":""},"class_list":["post-5326","page","type-page","status-publish","hentry"],"_links":{"self":[{"href":"https:\/\/www.univ-oeb.dz\/fsesnv\/wp-json\/wp\/v2\/pages\/5326","targetHints":{"allow":["GET"]}}],"collection":[{"href":"https:\/\/www.univ-oeb.dz\/fsesnv\/wp-json\/wp\/v2\/pages"}],"about":[{"href":"https:\/\/www.univ-oeb.dz\/fsesnv\/wp-json\/wp\/v2\/types\/page"}],"author":[{"embeddable":true,"href":"https:\/\/www.univ-oeb.dz\/fsesnv\/wp-json\/wp\/v2\/users\/1"}],"replies":[{"embeddable":true,"href":"https:\/\/www.univ-oeb.dz\/fsesnv\/wp-json\/wp\/v2\/comments?post=5326"}],"version-history":[{"count":0,"href":"https:\/\/www.univ-oeb.dz\/fsesnv\/wp-json\/wp\/v2\/pages\/5326\/revisions"}],"wp:attachment":[{"href":"https:\/\/www.univ-oeb.dz\/fsesnv\/wp-json\/wp\/v2\/media?parent=5326"}],"curies":[{"name":"wp","href":"https:\/\/api.w.org\/{rel}","templated":true}]}}