{"id":5289,"date":"2023-04-24T12:36:20","date_gmt":"2023-04-24T11:36:20","guid":{"rendered":"http:\/\/www.univ-oeb.dz\/fsesnv\/?page_id=5289"},"modified":"2023-04-30T14:01:59","modified_gmt":"2023-04-30T13:01:59","slug":"curriculum-vitae-ahcene-merad","status":"publish","type":"page","link":"https:\/\/www.univ-oeb.dz\/fsesnv\/curriculum-vitae-ahcene-merad\/","title":{"rendered":"Curriculum Vitae Ahcene MERAD"},"content":{"rendered":"\n<div class=\"wp-block-media-text is-stacked-on-mobile\" style=\"grid-template-columns:24% auto\"><figure class=\"wp-block-media-text__media\"><img decoding=\"async\" width=\"71\" height=\"77\" src=\"https:\/\/www.univ-oeb.dz\/fsesnv\/wp-content\/uploads\/2023\/04\/Image1-14.jpg\" alt=\"\" class=\"wp-image-5290 size-full\"\/><\/figure><div class=\"wp-block-media-text__content\">\n<p class=\"has-text-align-left\"> <\/p>\n\n\n\n<p class=\"has-text-align-left\">Prof. &nbsp;<strong>Ahcene MERAD<\/strong><\/p>\n\n\n\n<p class=\"has-text-align-left\">Professor, Department of Mathematics, Laboratory of Dynamical Systems and Control, University of Oum El Bouaghi, Algeria.<\/p>\n\n\n\n<p class=\"has-text-align-left\">E-mail: <a href=\"mailto:achene.merad@univ-oeb.dz\">achene.merad@univ-oeb.dz<\/a> \/ merad_ahcene@yahoo.fr<\/p>\n\n\n\n<p class=\"has-text-align-left\">Mobile: +213 658536048\/ +213773716905<\/p>\n<\/div><\/div>\n\n\n\n<p class=\"has-text-align-center has-very-light-gray-to-cyan-bluish-gray-gradient-background has-background\"><strong>Researcher identity<\/strong><\/p>\n\n\n\n<p class=\"has-text-align-left\"><strong>Google Scholar<\/strong>: &nbsp;<a href=\"https:\/\/scholar.google.com\/citations?user=DxDWjGAAAAAJ&amp;hl=en\" data-type=\"URL\" data-id=\"https:\/\/scholar.google.com\/citations?user=DxDWjGAAAAAJ&amp;hl=en\">link<\/a><\/p>\n\n\n\n<p class=\"has-text-align-left\"><strong>ReaserchGate:<\/strong> &nbsp;<a href=\"https:\/\/www.researchgate.net\/profile\/Ahcene-Merad\" data-type=\"URL\" data-id=\"https:\/\/www.researchgate.net\/profile\/Ahcene-Merad\">link<\/a><\/p>\n\n\n\n<p class=\"has-text-align-left\"><strong>ORCID:<\/strong> <a href=\"https:\/\/orcid.org\/0000-0002-0859-0872\" data-type=\"URL\" data-id=\"https:\/\/orcid.org\/0000-0002-0859-0872\">link<\/a><\/p>\n\n\n\n<p class=\"has-text-align-center has-very-light-gray-to-cyan-bluish-gray-gradient-background has-background\">Education<\/p>\n\n\n\n<p class=\"has-text-align-left\"><strong>Ph.D.&rsquo;s degree<\/strong> in Analysis, &nbsp;University of Jijel-Algeria<\/p>\n\n\n\n<p class=\"has-text-align-left\"><strong>Magister\u2019s degree<\/strong> in Analysis, University of Jijel-Algeria<\/p>\n\n\n\n<p class=\"has-text-align-left\"><strong>D.E.S degree<\/strong> in Algebra, University of Constantine1-Algeria.<\/p>\n\n\n\n<p class=\"has-text-align-center has-very-light-gray-to-cyan-bluish-gray-gradient-background has-background\">Functions and Affiliations<\/p>\n\n\n\n<p class=\"has-text-align-left\"><strong>Professor, <\/strong>Department of Mathematics , University of Oum El Bouaghi, Algeria<\/p>\n\n\n\n<p class=\"has-text-align-left\"><strong>Head of Laboratory<\/strong> of &nbsp;Dynamical Systems and Control.<\/p>\n\n\n\n<p class=\"has-text-align-center has-very-light-gray-to-cyan-bluish-gray-gradient-background has-background\">Teaching modules<\/p>\n\n\n\n<p class=\"has-text-align-left\">Analysis1,&nbsp; Analysis2<\/p>\n\n\n\n<p class=\"has-text-align-left\">Analysis3 , Analysis4<\/p>\n\n\n\n<p class=\"has-text-align-left\"> Algebra 2<\/p>\n\n\n\n<p class=\"has-text-align-left\">Numerical Analysis1, Numerical Analysis1<\/p>\n\n\n\n<p class=\"has-text-align-left\">Mathematical physics Equations<\/p>\n\n\n\n<p class=\"has-text-align-left\">Topology<\/p>\n\n\n\n<p class=\"has-text-align-left\">Integral Transformation in Lp<\/p>\n\n\n\n<p class=\"has-text-align-left\">Functional Analysis1, Functional Analysis2.<\/p>\n\n\n\n<p class=\"has-text-align-center has-very-light-gray-to-cyan-bluish-gray-gradient-background has-background\">International publications<\/p>\n\n\n\n<p class=\"has-text-align-left\">Jesus Martin Vaquero and <strong>Ahcene Merad<\/strong>, Existence, uniqueness and numerical solution&nbsp; of a fractional PDE with integral conditions, Nonlinear Analysis: Modelling and Control,Vol. 24, No. 3, 368\u2013386,(2019).<\/p>\n\n\n\n<p class=\"has-text-align-left\">Aggoun Karim and <strong>Ahcene Merad<\/strong>, On a Class of Caputo Time Fractional Problems with Boundary Integral Condition, Moroccan Journal of Pure and Applied Analysis, Volume 7(3), Pages 400\u2013412,(2021).<\/p>\n\n\n\n<p class=\"has-text-align-left\">Djamila Chergui, <strong>Ahcene Merad<\/strong>, Marwan M. Abdeldayem and Archer Heindric,<strong> <\/strong>Existence and Uniqueness for Multi-Term Sequential Fractional Integro-Differential Equations with Non-Local Boundary Conditions, Appl. Math. Inf. Sci. 15, No. 3, 271-284 (2021).<\/p>\n\n\n\n<p class=\"has-text-align-left\">Abdelhalim Necib and <strong>Ahcene Merad<\/strong>, Laplace Transform and Homotopy Perturbation Methods For Solving The Pseudohyperbolic Integrodifferential&nbsp; Problems with Purely Integral Conditions Kragujevac Journal of Mathematics, Volume 44(2), Pages 251\u2013272,(2020).<\/p>\n\n\n\n<p class=\"has-text-align-left\">Djamila Chergui, Taki Eddine Oussaeif_and <strong>Ahcene Merad<\/strong>, Existence and uniqueness of solutions for nonlinear fractional differential equations depending on lower-order derivative with non-separated type integral boundary conditions, AIMS Mathematics, 4(1): 112\u2013133,(2019).<\/p>\n\n\n\n<p class=\"has-text-align-left\">Djibibe Moussa Zakari and <strong>Ahcene Merad<\/strong>, On Solvability of the third pseudo-parabolic fractional equation with purely nonlocal onditiond, Advances in Differential Equations and Control Processes, Volume 23, Number1, , Pages 87-104(2020).<\/p>\n\n\n\n<p class=\"has-text-align-left\">Djibibe Moussa Zakari, Soampa Bangan and <strong>Ahcene Merad<\/strong>, Two sided a priori estimates of a mixed problem with boundary integral conditions for a certain parabolic fractional equation, Far East Journal of Mathematical Sciences (FJMS), Volume 127, Number 2, , Pages 79-90 (2020).<\/p>\n\n\n\n<p class=\"has-text-align-left\">Aicha Sakhri and <strong>Ahcene Merad<\/strong>, A Problem with second kind\u2019s nonlocal condition for pseudohyperbolic equation, TJMM, 12 No. 1, 37-44(2020).<\/p>\n\n\n\n<p class=\"has-text-align-left\">Saadoune Brahimi, <strong>Ahcene Merad<\/strong> and Adem Kilicmen, On the theoretical and numerical aspect of fractional differential equations with purely integral conditions, MPDI-Mathematics <strong>2021<\/strong>, 9, 1987. <a href=\"https:\/\/doi.org\/10.3390\/math9161987\">https:\/\/doi.org\/10.3390\/math9161987<\/a>.<\/p>\n\n\n\n<p class=\"has-text-align-left\"><strong>Ahcene Merad <\/strong>and Jesus Martin Vaquero, Galarkin method for two- dimensional Hyperbolic integrodifferential equation with purely integral conditions, Applied Mathematics and Computation 291 (2016) 386\u2013394.<\/p>\n\n\n\n<p class=\"has-text-align-left\"><strong>Ahcene Merad <\/strong>and Samir Hadid , Analytical Solution of non integer extraordinary differential equation via Adomian decomposition method, Malaya Journal of Mathematik, 4(1)( 2016) 126-135.<\/p>\n\n\n\n<p class=\"has-text-align-left\"><strong>Ahcene Merad<\/strong>, The combined Laplace transform-Adomian decomposition method for solving nonlocal initial boundary value problems, Pan-American Mathematical Journal, Volume 26(2016), Number 2, 22-37.<\/p>\n\n\n\n<p class=\"has-text-align-left\"><strong>A. Merad<\/strong>, Adomian Decomposition Method for Solution of Parabolic Equation to Nonlocal Conditions, Int. J. Contemp. Math. Sciences, Vol 6, , no30, 1491 1496(2011).<\/p>\n\n\n\n<p class=\"has-text-align-left\"> <strong>A.Merad <\/strong>and A.L. Marhoune, Strong solution for a high order boundary value problem with integral condition, Turkish Journal of Mathematics, 37: 299- 307(2013).<\/p>\n\n\n\n<p class=\"has-text-align-left\">A.Bouziani and <strong>Ahcene Merad<\/strong>, The Laplace transform method for one dimensional hyperbolic equation with purely integral conditions, Romanian journal of Mathematics and Computer Science, Volume 3, issue 2, P. 191-204(2013).<\/p>\n\n\n\n<p class=\"has-text-align-left\">A.Bouziani and <strong>Ahcene Merad<\/strong>, Numerical Solution for Parabolic Equation with Nonlocal Conditions, Transylvanian Journal of Mathematics and Mechanics, Vol. 2, No. 2, P. 121-127(2013).<\/p>\n\n\n\n<p class=\"has-text-align-left\"><strong>Ahcene Merad <\/strong>and A.Bouziani, Solvability the Telegraph Equations with Integral Conditions, TWMS J. App. Eng. Math., Vol. 3, N. 2, pp.245-253(2013).<\/p>\n\n\n\n<p class=\"has-text-align-left\"><strong>Ahcene Merad <\/strong>and Abdelfatah Bouziani, A Computational method for integro- differential hyperbolic equation with integral condition, Commun. Fac. Sci. Univ. Ank. Series A1, Volume 62, Number 1, Pages 131-142 (2013).<\/p>\n\n\n\n<p class=\"has-text-align-left\"><strong>Ahcene Merad <\/strong>and Abdelfatah Bouziani, Laplace transform technique for &nbsp;pseudoparabolic equation with nonlocal conditions, Transylvanian Journal of Mathematics and Mechanics, Vol. 5, No. 1, pp. 59-64 (2013).<\/p>\n\n\n\n<p class=\"has-text-align-left\"><strong>Ahcene Merad <\/strong>, Approximate solution for high order Equations with Integral Conditions, J. Ana. Num. Theor., Vol <strong>2<\/strong>, No. 2, 1-4 (2014).<\/p>\n\n\n\n<p class=\"has-text-align-left\"><strong>Ahcene Merad <\/strong>and A.Bouziani, Numerical Technique for Solving Klein-Gordon Equations with purely Integral Conditions, Mathematica Aeterna, Vol. 4, no. 1, p. 1-11(2014).<\/p>\n\n\n\n<p class=\"has-text-align-left\"><strong>Ahcene Merad, <\/strong>Abdelfatah Bouziani, Numerical solutions of&nbsp; hyperbolic equation with purely integral condition by using Laplace transform method, Palestine Journal of Mathematics, Vol. 4(1), 30\u201336(2015).<\/p>\n\n\n\n<p class=\"has-text-align-left\"><strong>Ahcene Merad, <\/strong>Abdelfatah Bouziani and Cenap Ozel, Inversion Laplace transform for Integrodifferential Parabolic Equation with Purely Nonlocal conditions, Hacettepe Journal of Mathematics and Statistics, Volume44(5)(2015),1087\u20131097 (ISI Impact Factor 0.433).<\/p>\n\n\n\n<p class=\"has-text-align-left\"><strong>Ahcene Merad, <\/strong>Abdelfatah Bouziani, Cenap Ozel and Adem Kilicman, On Solvability of the Integrodifferential hyperbolic Equation with Purely Nonlocal conditions, Acta Mathematica Scientia,(ISI Impact Factor 0.62), Vol.35, issue3, 601- 609 (2015).<\/p>\n\n\n\n<p class=\"has-text-align-left\"> <strong>Ahcene Merad, <\/strong>Abdelfatah Bouziani and Serkan Araci, Existence and Uniqueness of a Solution for Pseudohyperbolic equation with Nonlocal Boundary Condition, Applied Mathematics and Information Sciences (ISI Impact Factor1.232 ), Vol.9, N. 2, 1-7 (2015).<\/p>\n\n\n\n<p class=\"has-text-align-left\">Samir Hadid and <strong>Ahcene Merad, <\/strong>Homotopy Analysis method for solving fractional differential equations, Australian Journal of Basic and Applied Sciences, 9(32) Special 2015, Pages: 233-237.<\/p>\n\n\n\n<p class=\"has-text-align-left\">H Merad, F Merghadi, <strong>A. Merad<\/strong>, <a href=\"https:\/\/scholar.google.com\/citations?view_op=view_citation&amp;hl=en&amp;user=DxDWjGAAAAAJ&amp;citation_for_view=DxDWjGAAAAAJ:ns9cj8rnVeAC\">Exact solution of Klein\u2013Gordon equation in fractional-dimensional space<\/a>, International Journal of Modern Physics A 36 (33), 2150258,2021.<\/p>\n\n\n\n<p class=\"has-text-align-left\">D. Chergui, <strong>A. Merad<\/strong>, S. Pinelas, <a href=\"https:\/\/scholar.google.com\/citations?view_op=view_citation&amp;hl=en&amp;user=DxDWjGAAAAAJ&amp;cstart=20&amp;pagesize=80&amp;citation_for_view=DxDWjGAAAAAJ:vV6vV6tmYwMC\">Existence and uniqueness of solutions to higher order fractional partial differential equations with purely integral conditions<\/a>, Analysis 43 (1), 1-13,2023.<\/p>\n\n\n\n<p class=\"has-text-align-left\">H. Merad, F. Merghadi, <strong>A. Merad<\/strong>, <a href=\"https:\/\/scholar.google.com\/citations?view_op=view_citation&amp;hl=en&amp;user=DxDWjGAAAAAJ&amp;cstart=20&amp;pagesize=80&amp;citation_for_view=DxDWjGAAAAAJ:RGFaLdJalmkC\">Solution of Sakata-Taketani Equation via the Caputo and Riemann-Liouville Fractional Derivatives<\/a>,Reports on Mathematical Physics 89 (3), 359-370,2022.<\/p>\n\n\n\n<p class=\"has-text-align-left\"> K. Aggoun, <strong>A. Merad<\/strong>, <a href=\"https:\/\/scholar.google.com\/citations?view_op=view_citation&amp;hl=en&amp;user=DxDWjGAAAAAJ&amp;cstart=20&amp;pagesize=80&amp;citation_for_view=DxDWjGAAAAAJ:O3NaXMp0MMsC\">On a Class of Time Fractional Problems with Mixed Boundary Conditions<\/a>,Palestine Journal of Mathematics, Vol. 11(Special Issue II), 48\u201356(2022).<\/p>\n\n\n\n<p class=\"has-text-align-left\"> D. Chergui, <strong>A. Merad<\/strong>, M.M. Abdeldayem, A Heindric, <a href=\"https:\/\/scholar.google.com\/citations?view_op=view_citation&amp;hl=en&amp;user=DxDWjGAAAAAJ&amp;cstart=20&amp;pagesize=80&amp;citation_for_view=DxDWjGAAAAAJ:NMxIlDl6LWMC\">Existence and Uniqueness for Multi-Term Sequential Fractional Integro-Differential Equations with Non-Local Boundary Conditions<\/a> Appl. Math 15 (3), 271-284,2021.<\/p>\n\n\n\n<p class=\"has-text-align-center has-very-light-gray-to-cyan-bluish-gray-gradient-background has-background\">International and National Conferences<\/p>\n\n\n\n<p>1.<strong>Ahcene Merad<\/strong>, A Study of Hyperbolic Fractional Differential Equation with Purely Integral Condition, African Days on Applied Mathematics, 2-4 nov. 2017, Errachidia-Maroc.<\/p>\n\n\n\n<p>2.<strong>Ahcene Merad<\/strong>, Existence&nbsp; and Uniqueness of Solution For a Fractional Differential Equation&nbsp; with Integral Conditions, International Workshop On Perspective On High Dimensional Data Analysis, 09-13 Avril 2018,&nbsp; Marrakesh-Maroc.<\/p>\n\n\n\n<p>3.<strong>Ahcene Merad<\/strong>, Participation sans communication oral, First Sharjah International Mathematics Spring School in PDE\u2019s and Numerical Analysis, 25-27 Mars 2017 Sharjah- Emirats Arabes Unis.<\/p>\n\n\n\n<p>4.<strong>Ahcene Merad<\/strong>, On the time Fractional&nbsp; Differential Equations with Integral&nbsp; Conditions, &nbsp;Congr\u00e8s International Sur la Mod\u00e9lisation Math\u00e9matique et Analyse Num\u00e9rique, 16-18 D\u00e9cemebre 2019&nbsp; Mekn\u00e8s-Maroc.<\/p>\n\n\n\n<p>5.<strong>Ahcene Merad<\/strong>, A Priori Estimates of Solutions for Fractional Differential Equations With Boundary Conditions, Tuniso-Libanese Workshop in Control Theory and Related Fields, 30-31 Octobre 2019 Monastir-Tunis.<\/p>\n\n\n\n<p>6.<strong>Ahcene Merad<\/strong>, Solvability of&nbsp; Fractional Differential Equations with Boundary&nbsp; Nonlocal Conditions, 30<sup>th<\/sup> International Workshop On Operator Theory and Its Applications, 22-26 Juillet 2019 Lisbon-Portugal.<\/p>\n\n\n\n<p>7. <strong>Ahcene Merad<\/strong>, On the time Fractional Differential Equation with Integral Condition, International Conference On Differential &amp; Difference Equations &amp; Applications, 01- 05Juillet 2019 Lisbon-Portugal.<\/p>\n\n\n\n<p>8. <strong>Ahcene Merad<\/strong>, Existence and Uniqueness of the Strong Solution of the time Fractional&nbsp; Integrodifferential Equation with Integral Boundary Conditions, &nbsp;The First Online Conference On Modern&nbsp; Fractional Calculs and Its Application, 04-06 Decembre 2020 Istambul-Turkey.<\/p>\n\n\n\n<p>9.<strong>Ahcene Merad<\/strong>, Variational Iteration Method for solving nonlocal problems, Dixi\u00e8me rencontre d\u2019analyse math\u00e9matiques et applications \u00ab RAMA 10 \u00bb, Ouargla 07-11 f\u00e9vrier 2016.<\/p>\n\n\n\n<p>10.<strong>Ahcene Merad<\/strong> S\u00e9minaire International de Math\u00e9matiques Appliqu\u00e9es et Simulation, Oum El Bouaghi, 22 au 25 avril 2007.<\/p>\n\n\n\n<p>11. <strong>Ahcene Merad<\/strong>, Workshop sur les Equation Diff\u00e9rentielles, Jijel, 19-24 mai 2007.<\/p>\n\n\n\n<p>12. <strong>Ahcene Merad<\/strong>, Workshop sur les Equations Diff\u00e9rentielles Abstraite et les Equations Ordinaire, Tlemcen, 23-27 mai 2009.<\/p>\n\n\n\n<p>13. <strong>Ahcene Merad<\/strong>, Colloque International sur les Syst\u00e8mes Dynamiques Distribu\u00e9es et Contr\u00f4le, Oum El Bouaghi, 08-10 novembre 2009.<\/p>\n\n\n\n<p>14. <strong>Ahcene Merad<\/strong> Workshop sur les Equations Diff\u00e9rentielles Abstraite, Oum El Bouaghi, 17-21 avril 2011.<\/p>\n\n\n\n<p>15.<strong>Ahcene Merad<\/strong>, International Conference on Applied Mathematics and Approximation Theory AMAT 2012, May 17-20, Ankara-Turkey 2012.<\/p>\n\n\n\n<p>16. <strong>Ahcene Merad<\/strong>, Journ\u00e9es d\u2019Analyse et Approximation d\u2019Equations Aux D\u00e9riv\u00e9es Partielles, Tipaza, 09-11 juin 2012.<\/p>\n\n\n\n<p>17. <strong>Ahcene Merad<\/strong>, The Algerian-Turkish International Days on Mathematics, Annaba, 09-11 October 2012.<\/p>\n\n\n\n<p>18. <strong>Ahcene Merad<\/strong>, Premi\u00e8re Journ\u00e9es Math\u00e9matiques et Applications JMAM, Mila 19-21 Octobre 2013.<\/p>\n\n\n\n<p>19. <strong>Ahcene Merad<\/strong>, Colloque National sur les EDP et applications, Bordj Bou Arreridj 28 &#8211; 29 Octobre 2014<em>.<\/em><\/p>\n\n\n\n<p>20. <strong>Ahcene Merad<\/strong>, Le premier congr\u00e8s international sur la Mod\u00e9lisation et le Calcul Scientifique en Ing\u00e9nierie Math\u00e9matique (MOCASIM 2014) \u00e0 Marrakech-Maroc du 19 au 22 Novembre 2014.<\/p>\n\n\n\n<p>21. <strong>Ahcene Merad<\/strong>, La premi\u00e8re conf\u00e9rence nationale sur les Syst\u00e8mes dynamiques, \u00e9quations diff\u00e9rentielles et application, Oum El Bouaghi 10-11 Mars 2015.<\/p>\n\n\n\n<p>22. <strong>Ahcene Merad<\/strong>, Cinqui\u00e8me workshop international sur les math\u00e9matiques appliqu\u00e9es et la mod\u00e9lisation \u00ab WIMAM\u20192015 \u00bb, Guelma 25-26, octobre 2015.<\/p>\n\n\n\n<p>23. <strong>Ahcene Merad<\/strong>, Troisi\u00e8me journ\u00e9es : Probl\u00e8mes inverses et applications \u00ab JIP\u201915 \u00bb, Annaba 26- 28 octobre 2015.<\/p>\n\n\n\n<p>24. <strong>Ahcene Merad<\/strong>, International conference on chemistry, physics and mathematics, Cebu- Philippines 30-31 october 2015.<\/p>\n\n\n\n<p>25. <strong>Ahcene Merad<\/strong>, A Study of time-fractional order differential equation with purely integral conditions<strong>, <\/strong>La premi\u00e8re \u00e9dition du colloque national Math\u00e9matiques et Equations diff\u00e9rentielle, 28Novembre2018, Universit\u00e9 Chadli Bendjdid-El Taref.<\/p>\n\n\n\n<p>26. &nbsp;<strong>Ahcene Merad<\/strong>, Homotopy Perturbation Methods for Solving the Pseudohyperbolic Integrodifferential&nbsp; Problems with Purely Integral Conditions, Journ\u00e9e d\u2019\u00e9tude sur les Syst\u00e8mes Dynamiques et les \u00e9quations Diff\u00e9rentielle, 04 Juillet 2018, Universit\u00e9 d\u2019Oum El Bouaghi.<\/p>\n\n\n\n<p class=\"has-text-align-center has-very-light-gray-to-cyan-bluish-gray-gradient-background has-background\">Chapter Books<\/p>\n\n\n\n<ol class=\"wp-block-list\" type=\"1\">\n<li><strong>Ahcene Merad <\/strong>and Abdelfatah Bouziani, A Method of Solution for Integrodifferential Parabolic Equation with purely Integral Conditions, Advances in Applied Mathematics and Approximation Theory, Springer Proceeding in Mathematics and Statistics 41, DOI 10.1007\/978-1-4614-6393-1_20, New York (2013).<\/li>\n<\/ol>\n\n\n\n<p class=\"has-text-align-center has-very-light-gray-to-cyan-bluish-gray-gradient-background has-background\">Interests<\/p>\n\n\n\n<ul class=\"wp-block-list\">\n<li><strong>Interests: <\/strong>PDEs of Hyperbolic Type ,&nbsp; Nonlocal PDEs, Integro\u2013Differential Equations, PDEs of Parabolic Type,&nbsp; Fractional Differential Equations, HPM,ADM,VIM, Laplace transform methods<\/li>\n<\/ul>\n\n\n\n<figure class=\"wp-block-pullquote has-white-color has-text-color\"><blockquote><p>pdf version: <a href=\"https:\/\/www.univ-oeb.dz\/fsesnv\/wp-content\/uploads\/2023\/04\/Short-CV-merad-ahcene.pdf\">Short CV merad ahcene<\/a><br>scopus: <a href=\"https:\/\/www.scopus.com\/authid\/detail.uri?authorId=55747078300\">Merad, Ahcene &#8211; Author details &#8211; Scopus Preview<\/a><\/p><\/blockquote><\/figure>\n","protected":false},"excerpt":{"rendered":"<p>Prof. &nbsp;Ahcene MERAD Professor, Department of Mathematics, Laboratory of Dynamical Systems and Control, University of Oum El Bouaghi, Algeria. E-mail: achene.merad@univ-oeb.dz \/ merad_ahcene@yahoo.fr Mobile: +213 658536048\/ +213773716905 Researcher identity Google Scholar: &nbsp;link ReaserchGate: &nbsp;link ORCID: link Education Ph.D.&rsquo;s degree in Analysis, &nbsp;University of Jijel-Algeria Magister\u2019s degree in Analysis, University of Jijel-Algeria D.E.S degree in Algebra, &hellip;<\/p>\n","protected":false},"author":1,"featured_media":0,"parent":0,"menu_order":0,"comment_status":"closed","ping_status":"closed","template":"","meta":{"footnotes":""},"class_list":["post-5289","page","type-page","status-publish","hentry"],"_links":{"self":[{"href":"https:\/\/www.univ-oeb.dz\/fsesnv\/wp-json\/wp\/v2\/pages\/5289","targetHints":{"allow":["GET"]}}],"collection":[{"href":"https:\/\/www.univ-oeb.dz\/fsesnv\/wp-json\/wp\/v2\/pages"}],"about":[{"href":"https:\/\/www.univ-oeb.dz\/fsesnv\/wp-json\/wp\/v2\/types\/page"}],"author":[{"embeddable":true,"href":"https:\/\/www.univ-oeb.dz\/fsesnv\/wp-json\/wp\/v2\/users\/1"}],"replies":[{"embeddable":true,"href":"https:\/\/www.univ-oeb.dz\/fsesnv\/wp-json\/wp\/v2\/comments?post=5289"}],"version-history":[{"count":0,"href":"https:\/\/www.univ-oeb.dz\/fsesnv\/wp-json\/wp\/v2\/pages\/5289\/revisions"}],"wp:attachment":[{"href":"https:\/\/www.univ-oeb.dz\/fsesnv\/wp-json\/wp\/v2\/media?parent=5289"}],"curies":[{"name":"wp","href":"https:\/\/api.w.org\/{rel}","templated":true}]}}