{"id":5257,"date":"2023-04-23T21:09:12","date_gmt":"2023-04-23T20:09:12","guid":{"rendered":"http:\/\/www.univ-oeb.dz\/fsesnv\/?page_id=5257"},"modified":"2023-04-27T09:13:13","modified_gmt":"2023-04-27T08:13:13","slug":"curriculum-vitae-benaboud-rohallah","status":"publish","type":"page","link":"https:\/\/www.univ-oeb.dz\/fsesnv\/curriculum-vitae-benaboud-rohallah\/","title":{"rendered":"Curriculum Vitae BENABOUD Rohallah"},"content":{"rendered":"\n<div class=\"wp-block-media-text is-stacked-on-mobile\" style=\"grid-template-columns:24% auto\"><figure class=\"wp-block-media-text__media\"><img fetchpriority=\"high\" decoding=\"async\" width=\"260\" height=\"301\" src=\"https:\/\/www.univ-oeb.dz\/fsesnv\/wp-content\/uploads\/2023\/04\/Image1-21.jpg\" alt=\"\" class=\"wp-image-5601 size-full\"\/><\/figure><div class=\"wp-block-media-text__content\">\n<p class=\"has-text-align-left\">Dr. BENABOUD Rohallah<\/p>\n\n\n\n<p class=\"has-text-align-left\">HDR, Mathematics and Computer sciences department, University of Oum El Bouaghi, Algeria.<\/p>\n\n\n\n<p class=\"has-text-align-left\">E-mail: benaboud.rohallah@univ-oeb.dz<\/p>\n\n\n\n<p class=\"has-text-align-left\">Mobile: +213660445042<\/p>\n<\/div><\/div>\n\n\n\n<p class=\"has-text-align-center has-very-light-gray-to-cyan-bluish-gray-gradient-background has-background\"><strong>Researcher identity<\/strong><\/p>\n\n\n\n<p class=\"has-text-align-left\">Google Scholar: <a href=\"https:\/\/scholar.google.fr\/citations?user=pBGTrrMAAAAJ&amp;hl=fr\" data-type=\"URL\" data-id=\"https:\/\/scholar.google.fr\/citations?user=pBGTrrMAAAAJ&amp;hl=fr\">link<\/a><\/p>\n\n\n\n<p class=\"has-text-align-left\">ReaserchGate: <a href=\"https:\/\/www.researchgate.net\/profile\/Benaboud-Rohallah\" data-type=\"URL\" data-id=\"https:\/\/www.researchgate.net\/profile\/Benaboud-Rohallah\">link<\/a><\/p>\n\n\n\n<p class=\"has-text-align-left\">ORCID: <a href=\"https:\/\/orcid.org\/0000-0002-6301-2506?lang=en\" data-type=\"URL\" data-id=\"https:\/\/orcid.org\/0000-0002-6301-2506?lang=en\" target=\"_blank\" rel=\"noreferrer noopener\">link<\/a><\/p>\n\n\n\n<p class=\"has-text-align-center has-very-light-gray-to-cyan-bluish-gray-gradient-background has-background\">Education<\/p>\n\n\n\n<p class=\"has-text-align-left\"><strong>Ph.D.&rsquo;s degree<\/strong> in <strong>Computer Science<\/strong><\/p>\n\n\n\n<p class=\"has-text-align-left\">&nbsp;<strong>MS degree in Computer Science<\/strong><\/p>\n\n\n\n<p class=\"has-text-align-left\"><strong>BS degree in Computer Science<\/strong><\/p>\n\n\n\n<p class=\"has-text-align-center has-very-light-gray-to-cyan-bluish-gray-gradient-background has-background\">Functions and Affiliations<\/p>\n\n\n\n<p class=\"has-text-align-left\"><strong>Professor (senior lecturer) at the department of Mathematics and Computer Sciences<\/strong><\/p>\n\n\n\n<p class=\"has-text-align-center has-very-light-gray-to-cyan-bluish-gray-gradient-background has-background\">Teaching modules<\/p>\n\n\n\n<p class=\"has-text-align-left\">Formal models for concurrency and formal description techniques<\/p>\n\n\n\n<p class=\"has-text-align-left\">Operating systems<\/p>\n\n\n\n<p class=\"has-text-align-left\">Distributed algorithms.<\/p>\n\n\n\n<p class=\"has-text-align-left\">Information system and analysis methods<\/p>\n\n\n\n<p class=\"has-text-align-left\">Introduction to expert systems<\/p>\n\n\n\n<p class=\"has-text-align-left\">Organizational Systems<\/p>\n\n\n\n<p class=\"has-text-align-left\">Algorithms and data structures<\/p>\n\n\n\n<p class=\"has-text-align-center has-very-light-gray-to-cyan-bluish-gray-gradient-background has-background\">International publications<\/p>\n\n\n\n<p class=\"has-text-align-left\">Abdessalam Messiaid, Farid Mokhati, Rohallah Benaboud and Hajer Salem. Towards Dynamic Reconfiguration of a Composite Web Service: An Approach Based on QoS Prediction. Electronics 2021, 10, 1597.<\/p>\n\n\n\n<p class=\"has-text-align-left\">Benaboud Rohallah, Marir Toufik. <em>Flexibility Measurement Model of Multi-Agent Systems<\/em>. International Journal of Multiagent and Grid Systems. (2020).<\/p>\n\n\n\n<p class=\"has-text-align-left\">Rohallah Benaboud, Ramdane Maamri, and Zaidi Sahnoun. <em>PrefWS3: Web services selection system based on semantics and user preferences<\/em>. Informatica:&nbsp; An International Journal of Computing and Informatics. Vol. 40, N. 2. (2016).&nbsp; Publisher:&nbsp; Informatica.<\/p>\n\n\n\n<p class=\"has-text-align-left\">Rohallah Benaboud, Ramdane Maamri, and Zaidi Sahnoun. <em>Agents And Owl-S Based Semantic Web Service Discovery With User Preference Support<\/em>. International Journal of Web &amp; Semantic Technology (IJWesT), Vol.4, No.2. (April 2013).&nbsp;&nbsp;<\/p>\n\n\n\n<p class=\"has-text-align-left\">Rohallah Benaboud, Ramdane Maamri, and Zaidi Sahnoun. <em>Semantic Web Service Discovery Based on Agents and Ontologies<\/em>. International Journal of Innovation, Management and Technology (IJIMT). Vol. 3. N.4. (2012). (Selected from ICIMT\u20192011)<\/p>\n\n\n\n<p class=\"has-text-align-left\">Abdessalam Messiaid, Rohallah Benaboud, Farid. Mokhati and Hajer Salem. A Swarm Reinforcement Learning Method for dynamic reconfiguration with end-to-end constraints in composite web services. 2021 International Conference on Information Systems and Advanced Technologies (ICISAT), pp. 1-6, 27-28 Dec, 2021. Tebessa, Algeria.<\/p>\n\n\n\n<p class=\"has-text-align-left\">Kenza Gasmi, Abdelhabib Bourouis, Rohallah Benaboud. <a href=\"https:\/\/scholar.google.fr\/scholar?oi=bibs&amp;cluster=5726291023021089069&amp;btnI=1&amp;hl=fr\"><em>A Survey on Identity-based Key Management Schemes in Mobile Ad hoc networks<\/em><\/a>. The 2\u207f\u1d48 ICCSA\u201921, pp 1-12. May 25\u201326, 2021, Oum El Bouaghi, Algeria.<\/p>\n\n\n\n<p class=\"has-text-align-left\">Abdessalam Messiaid, Farid Mokhati and Rohallah Benaboud. <em>A survey on web service reconfiguration<\/em>. The International Conference on Advanced Intelligent Systems for Sustainable Development (AI2SD&rsquo;2020). Morocco, December 21\u201326, 2020.<\/p>\n\n\n\n<p class=\"has-text-align-left\">Bezza, E. Merah, R. Ameur-Boulifa, R. Benaboud and T. Messaoud Maarouk. Formalization and Refinement Proof for Embedded Systems. <em>ISIA<\/em> 2020, pp. 1-6, M\u2019sila Algeria December 15-16, 2020.<\/p>\n\n\n\n<p class=\"has-text-align-left\">Rohallah Benaboud and&nbsp; Ramdane Maamri. <em>Towards Semantic Web Services Discovery: User Request Generation System<\/em>. The Third International Symposium on Informatics and its Applications, ISIA2018. pp 13-18. M\u2019sila Algeria November 6-7, 2018.<\/p>\n\n\n\n<p class=\"has-text-align-left\">Amina Miroud, Abdelhabib Bourouis, Lakhdar Derdouri, Rohallah Benaboud, Mouna Nouadri. <a href=\"https:\/\/www.researchgate.net\/profile\/Abdelhabib-Bourouis\/publication\/328875811_RSA_Cryptanalysis_using_multiplicative_group_order\/links\/5bf5c88e299bf1124fe4ccdc\/RSA-Cryptanalysis-using-multiplicative-group-order.pdf\"><em>RSA Cryptanalysis using multiplicative group order<\/em><\/a>. The Third International Symposium on Informatics and its Applications, ISIA2018. pp 35-40. M\u2019sila Algeria November 6-7, 2018.<\/p>\n\n\n\n<p class=\"has-text-align-left\">Rohallah Benaboud, Ramdane Maamri, and Zaidi Sahnoun. <em>Une Architecture \u00e0 Base d\u2019agents Pour la D\u00e9couverte de Services Web S\u00e9mantiques<\/em>. 2nd International Conference on Information Systems and Technologies. pp 63-67.Sousse, Tunisia. March 24-26 2012.<\/p>\n\n\n\n<p class=\"has-text-align-left\">Laouar Mohamed, Khadraoui Abdelaziz, Rohallah, Benaboud, Haouam, Mohamed Yassine and Amroune, Mohamed. <em>Territory Information System Engineering and Governance Methodology<\/em>. 2nd International Conference on Information Systems and Technologies. Sousse,<br>Tunisia. March 24-26 2012.<\/p>\n\n\n\n<p class=\"has-text-align-left\">Rohallah Benaboud, Ramdane Maamri, and Zaidi Sahnoun. <em>Semantic Web Service Discovery Based on Agents and Ontologies<\/em>. 3rd International Conference on Information and Multimedia Technology (ICIMT 2011). December 28-30,&nbsp; 2011, Dubai, UAE.<\/p>\n\n\n\n<p class=\"has-text-align-left\">Rohallah Benaboud, Ramdane Maamri, and Zaidi Sahnoun. <em>Towards Scalability of Reputation and QoS Based Web Services Discovery Using Agents and Ontologies<\/em>. The 13th International Conference on Information Integration and Web-based Applications &amp; Services (iiWAS2011). pp. 262-269. December 5-7, 2011. Ho Chi Minh City, Vietnam.<\/p>\n\n\n\n<p class=\"has-text-align-left\">Rohallah Benaboud, Ramdane Maamri, and Zaidi Sahnoun. <em>User&rsquo;s preferences and experiences based web service discovery using ontologies<\/em>. 2010 Fourth International Conference on Research Challenges In Information Science Proceedings, RCIS\/IEEE&nbsp; 2010. Nice, May 19-21, France.<\/p>\n\n\n\n<p class=\"has-text-align-left\">Rohallah Benaboud&nbsp; and Zaidi Sahnoun. <em>Une Approche Bas\u00e9e Agents pour la Gestion des Services Web en Utilisant les Ontologies<\/em>. International Conference On Applied Informatics (ICAI09). Centre universitaire de Bordj Bou Arr\u00e9ridj, Algeria. Nov &nbsp;2009<\/p>\n\n\n\n<p class=\"has-text-align-left\">Rohallah Benaboud&nbsp; and Zaidi Sahnoun. <em>Impl\u00e9mentation par agents du processus d\u2019adaptation des informations en interface homme-machine<\/em>. dans Robert, J.-M., Desmarais, M. C., Lecolinet, \u00c9., David, B. (eds), Actes de la 18\u00e8me conf\u00e9rence internationale sur l\u2019IHM, ACM International Conference Proceeding Series. Montr\u00e9al, Qu\u00e9bec, pp. 273-276, ACM Press, 2006.<\/p>\n\n\n\n<p class=\"has-text-align-left\">Rohallah Benaboud&nbsp; and Zaidi Sahnoun. <em>Conception et impl\u00e9mentation des interfaces homme-machine adaptatives<\/em>. CIIA06 Conf\u00e9rence Internationale sur l\u2019Informatique et ses Applications. SAIDA-Alg\u00e9rie, Mai 2006.<\/p>\n\n\n\n<figure class=\"wp-block-pullquote has-white-color has-text-color\"><blockquote><p>pdf version: <a href=\"https:\/\/www.univ-oeb.dz\/fsesnv\/wp-content\/uploads\/2023\/04\/Benaboud_Rohallah_Ang.pdf\">Benaboud_Rohallah_Ang<\/a><br>Scopus: <a href=\"https:\/\/www.scopus.com\/authid\/detail.uri?authorId=16644697400\" data-type=\"URL\" data-id=\"https:\/\/www.scopus.com\/authid\/detail.uri?authorId=16644697400\">B rohallah<\/a><\/p><\/blockquote><\/figure>\n","protected":false},"excerpt":{"rendered":"<p>Dr. BENABOUD Rohallah HDR, Mathematics and Computer sciences department, University of Oum El Bouaghi, Algeria. E-mail: benaboud.rohallah@univ-oeb.dz Mobile: +213660445042 Researcher identity Google Scholar: link ReaserchGate: link ORCID: link Education Ph.D.&rsquo;s degree in Computer Science &nbsp;MS degree in Computer Science BS degree in Computer Science Functions and Affiliations Professor (senior lecturer) at the department of Mathematics &hellip;<\/p>\n","protected":false},"author":1,"featured_media":0,"parent":0,"menu_order":0,"comment_status":"closed","ping_status":"closed","template":"","meta":{"footnotes":""},"class_list":["post-5257","page","type-page","status-publish","hentry"],"_links":{"self":[{"href":"https:\/\/www.univ-oeb.dz\/fsesnv\/wp-json\/wp\/v2\/pages\/5257","targetHints":{"allow":["GET"]}}],"collection":[{"href":"https:\/\/www.univ-oeb.dz\/fsesnv\/wp-json\/wp\/v2\/pages"}],"about":[{"href":"https:\/\/www.univ-oeb.dz\/fsesnv\/wp-json\/wp\/v2\/types\/page"}],"author":[{"embeddable":true,"href":"https:\/\/www.univ-oeb.dz\/fsesnv\/wp-json\/wp\/v2\/users\/1"}],"replies":[{"embeddable":true,"href":"https:\/\/www.univ-oeb.dz\/fsesnv\/wp-json\/wp\/v2\/comments?post=5257"}],"version-history":[{"count":0,"href":"https:\/\/www.univ-oeb.dz\/fsesnv\/wp-json\/wp\/v2\/pages\/5257\/revisions"}],"wp:attachment":[{"href":"https:\/\/www.univ-oeb.dz\/fsesnv\/wp-json\/wp\/v2\/media?parent=5257"}],"curies":[{"name":"wp","href":"https:\/\/api.w.org\/{rel}","templated":true}]}}