{"id":5217,"date":"2023-04-23T19:25:36","date_gmt":"2023-04-23T18:25:36","guid":{"rendered":"http:\/\/www.univ-oeb.dz\/fsesnv\/?page_id=5217"},"modified":"2023-04-27T09:00:44","modified_gmt":"2023-04-27T08:00:44","slug":"curriculum-vitae-lakhdar-derdouri","status":"publish","type":"page","link":"https:\/\/www.univ-oeb.dz\/fsesnv\/curriculum-vitae-lakhdar-derdouri\/","title":{"rendered":"Curriculum Vitae Lakhdar DERDOURI"},"content":{"rendered":"\n<div class=\"wp-block-media-text is-stacked-on-mobile\" style=\"grid-template-columns:24% auto\"><figure class=\"wp-block-media-text__media\"><img decoding=\"async\" width=\"165\" height=\"206\" src=\"https:\/\/www.univ-oeb.dz\/fsesnv\/wp-content\/uploads\/2023\/04\/Image1-16.png\" alt=\"\" class=\"wp-image-5218 size-full\"\/><\/figure><div class=\"wp-block-media-text__content\">\n<p class=\"has-text-align-left\">Pr. Lakhdar DERDOURI<\/p>\n\n\n\n<p class=\"has-text-align-left\">Professor, Mathematics &amp;Computer Sciences department, University of Oum El Bouaghi, Algeria.<\/p>\n\n\n\n<p class=\"has-text-align-left\">E-mail:derdouri.lakhdar@sciences<\/p>\n\n\n\n<p>grade: Professor<\/p>\n<\/div><\/div>\n\n\n\n<p class=\"has-text-align-center has-very-light-gray-to-cyan-bluish-gray-gradient-background has-background\">Education<\/p>\n\n\n\n<p class=\"has-text-align-left\"><strong>Ph.D.&rsquo;s degree<\/strong> in Computer sciences<\/p>\n\n\n\n<p class=\"has-text-align-left\"><strong>Master&rsquo;s degree:<\/strong>in Computer sciences<\/p>\n\n\n\n<p class=\"has-text-align-center has-very-light-gray-to-cyan-bluish-gray-gradient-background has-background\">Functions and Affiliations<\/p>\n\n\n\n<p class=\"has-text-align-left\"><strong>professor <\/strong>at the Department of Mathematics and Computer Sciences, University of Oum El Bouaghi, from 02\/2019 to today<\/p>\n\n\n\n<p class=\"has-text-align-left\"><strong>Assistant professor, <\/strong>at the Department of Mathematics and Computer Sciences, University of Oum El Bouaghi, from 10\/2014 to 05\/2015<\/p>\n\n\n\n<p class=\"has-text-align-left\"><strong>Head of operations<\/strong> : at the computing center of computer sciences institute at Mentouri University of Constantine, &nbsp;from 1985 to 1990&nbsp;<\/p>\n\n\n\n<p class=\"has-text-align-left\"><strong>Head of department &nbsp;<\/strong>at institute of Computer Sciences, Mentouri university Constantine, from 1998 to 1999.<\/p>\n\n\n\n<p class=\"has-text-align-center has-very-light-gray-to-cyan-bluish-gray-gradient-background has-background\">Teaching modules<\/p>\n\n\n\n<p class=\"has-text-align-left\">Algorithms &amp; data structures<\/p>\n\n\n\n<p class=\"has-text-align-left\">Operating systems<\/p>\n\n\n\n<p class=\"has-text-align-left\">Computer Architecture<\/p>\n\n\n\n<p class=\"has-text-align-left\">Computer Networks<\/p>\n\n\n\n<p class=\"has-text-align-left\">TCP\/IP<\/p>\n\n\n\n<p class=\"has-text-align-left\">basic structure of computers<\/p>\n\n\n\n<p class=\"has-text-align-left\">Distributed applications<\/p>\n\n\n\n<p class=\"has-text-align-left\">Algorithmic methods<\/p>\n\n\n\n<p class=\"has-text-align-center has-very-light-gray-to-cyan-bluish-gray-gradient-background has-background\">International publications<\/p>\n\n\n\n<p class=\"has-text-align-left\">S.Oubadi, , L. Derdouri, , Z. Laboudi, (2023). Clustering Algorithms for Wireless Sensor Networks: A Review. In: 12th International Conference on Information Systems and Advanced Technologies \u201cICISAT 2022\u201d. ICISAT 2022. Lecture Notes in Networks and Systems, vol 624. Springer, Cham<\/p>\n\n\n\n<p class=\"has-text-align-left\">S Kettouche, <a href=\"https:\/\/scholar.google.com\/citations?user=7R867jcAAAAJ&amp;hl=fr&amp;oi=sra\">M Maimour<\/a>, <a href=\"https:\/\/scholar.google.com\/citations?user=WdslRdgAAAAJ&amp;hl=fr&amp;oi=sra\">L Derdouri<\/a>&nbsp;(2022). &#8211; Computing (2022). <a href=\"https:\/\/link.springer.com\/article\/10.1007\/s00607-022-01054-9\">Disjoint multipath RPL for QoE\/QoS provision in the Internet of Multimedia Things<\/a> &nbsp;Springer ; 2022<\/p>\n\n\n\n<p class=\"has-text-align-left\"><a href=\"https:\/\/scholar.google.com\/citations?user=WdslRdgAAAAJ&amp;hl=fr&amp;oi=sra\">L Derdouri<\/a>, <a href=\"https:\/\/scholar.google.com\/citations?user=ClW9VvQAAAAJ&amp;hl=fr&amp;oi=sra\">C Pham<\/a>, (2020). <a href=\"https:\/\/www.sciencedirect.com\/science\/article\/pii\/S1319157819300588\">A delay analysis of active reliable multicast protocols on unreliable wireless mesh network backhaul<\/a>, Journal of King Saud University-Computer and&nbsp;\u2026, 2020 \u2013 Elsevier.<\/p>\n\n\n\n<p class=\"has-text-align-left\"><a href=\"https:\/\/scholar.google.com\/citations?user=WdslRdgAAAAJ&amp;hl=fr&amp;oi=sra\">L Derdouri<\/a>, <a href=\"https:\/\/scholar.google.com\/citations?user=ClW9VvQAAAAJ&amp;hl=fr&amp;oi=sra\">C Pham<\/a>, EM El Amine Zouaoui IET (2020). &nbsp;<a href=\"https:\/\/ietresearch.onlinelibrary.wiley.com\/doi\/abs\/10.1049\/iet-com.2018.6276\">Performance analysis of self\u2010organised multicast group in multi\u2010radio multi\u2010channel wireless mesh networks<\/a> Wiley Online Library<\/p>\n\n\n\n<p class=\"has-text-align-left\">S Kettouche, <a href=\"https:\/\/scholar.google.com\/citations?user=7R867jcAAAAJ&amp;hl=fr&amp;oi=sra\">M Maimour<\/a>, <a href=\"https:\/\/scholar.google.com\/citations?user=WdslRdgAAAAJ&amp;hl=fr&amp;oi=sra\">L Derdouri<\/a>&nbsp;(2019) <a href=\"https:\/\/ieeexplore.ieee.org\/abstract\/document\/8931382\/\">QoE-based performance evaluation of video transmission using RPL in the IoMT<\/a> 7th mediterranean&nbsp;\u2026, 2019 &#8211; ieeexplore.ieee.org<\/p>\n\n\n\n<p class=\"has-text-align-left\">C. <a href=\"https:\/\/scholar.google.com\/citations?user=jn4K9-UAAAAJ&amp;hl=fr&amp;oi=sra\">Boulkamh.<\/a>, L.&nbsp;Derdouri&nbsp; . , L&nbsp; Zendaoui(2019).<a href=\"https:\/\/dl.acm.org\/doi\/abs\/10.1145\/3361570.3361593\">Smart home energy management system architecture using IoT<\/a>, Proceedings of the 9th International&nbsp;\u2026, 2019 &#8211; dl.acm.org.<\/p>\n\n\n\n<p class=\"has-text-align-left\">S Oubadi, <a href=\"https:\/\/scholar.google.com\/citations?user=WdslRdgAAAAJ&amp;hl=fr&amp;oi=sra\">L Derdouri<\/a>, <a href=\"https:\/\/scholar.google.com\/citations?user=GxdXgf4AAAAJ&amp;hl=fr&amp;oi=sra\">Z Laboudi<\/a>&nbsp;(2023) &#8211; 12th International Conference on Springer, 2023<\/p>\n\n\n\n<p class=\"has-text-align-left\">B. Achichi, F. Semchedine, <strong>L. Derdouri,<\/strong> (2019) &nbsp;Hybrid Approach for Congestion Control in VANETs, 7 th International Conference on Software Engineering and New Technology, ICSENT, Hammamet&nbsp; Tunisie, 26-28 D\u00e9cembre 2018.<\/p>\n\n\n\n<p class=\"has-text-align-left\">A. Miroud, A. Bourouis, <strong>L. Derdouri<\/strong>, R. Benaboud, M. Noudri, (2018) RSA Cryptanalysis using multiplicative group order, ISIA\u20192018&nbsp;: The Third International Symposium on Informatics and its Applications, Msila Alg\u00e9rie, 6-7 Novembre, 2018.<\/p>\n\n\n\n<p class=\"has-text-align-left\">S. Oubadi, <strong>L. Derdouri<\/strong>, (2018) Distributed Clustering Routing Protocol based on PSO and Sleep Scheduling for heterogeneous WSNs\u00a0\u00bb, <a href=\"https:\/\/pais2018.sciencesconf.org\/\">PAIS&rsquo;2018 : The 3rd International Conference on Pattern Analysis and Intelligent Systems<\/a>, T\u00e9bessa Alg\u00e9rie, 24-25 Octobre 2018.<\/p>\n\n\n\n<p class=\"has-text-align-left\">L. Derdouri, C. Pham, M. Benmohammed, (2017) \u00ab\u00a0Analysis of Hybrid Router-Assisted Reliable Multicast Protocols in Lossy Networks\u00a0\u00bb, <em>International Arab Journal of Information Technology (IAJIT), Vol. 17(1), Jan. 2017. <\/em><em>Journal is Indexed by Thomson Reuters. <\/em><em>ISSN:1683-31<\/em>98<em>.<\/em><\/p>\n\n\n\n<p class=\"has-text-align-left\"><strong>L. Derdouri<\/strong>, C. Pham, (2017) &nbsp;\u00ab\u00a0Geographic Multicast Routing Based Sleep cheduling\u00a0\u00bb, International Symposium on Networks, Computers and communication, ISNCC 2017, Marakech, Maroc, 16-18 Mai 2017.<\/p>\n\n\n\n<p class=\"has-text-align-left\">R. Bousebsi, F. Belala,<strong> L. Derdouri<\/strong>, (2014) &nbsp;Modeling Channel Allocation via BRS&nbsp;: case of WMNs, ICAASE\u201914 International Conference on Advanced Aspects of Software Engineering, , Universit\u00e9 Constantine2, Constantine, 2 Novembre 2014.<\/p>\n\n\n\n<p class=\"has-text-align-left\">A. Benmohammed, <strong>L. Derdouri<\/strong>, S. Merniz, (2014) &nbsp;Active Reliable Multicast Protocols in Wireless Mesh Networks, JDTIC, Premi\u00e8re Edition des Journ\u00e9es Doctorales sur les Technologies de l\u2019information et de communication, Universit\u00e9 de Batna, Batna, 4 Juin 2014.<\/p>\n\n\n\n<p class=\"has-text-align-left\">R. Bousebsi, <strong>L. Derdouri<\/strong>, F. Belala, (2014) &nbsp;&nbsp;Affectation des Canaux dans un Routage Multi-Chemins : Cas des R\u00e9seaux Mesh, JEESI\u201914, 3<sup>\u00e8me<\/sup> \u00e9dition de la Journ\u00e9e de l\u2019Etudiant ESI\u201914, Oued Smar, Alger, 19 Mai 2014.<\/p>\n\n\n\n<p class=\"has-text-align-left\">A. Benmohammed, <strong>L. Derdouri<\/strong>, S. Merniz, M. Benmohammed, (2014) &nbsp;&nbsp;Recovery Latency Analysis of Active Reliable Multicast Protocols in Wireless Mesh Networks, JEESI\u201914, 3<sup>\u00e8me<\/sup> \u00e9dition de la Journ\u00e9e de l\u2019Etudiant ESI\u201914, Oued Smar, Alger, 19 Mai 2014.<\/p>\n\n\n\n<p class=\"has-text-align-left\"><em>M. E. Zouaoui<\/em><em>, L. Derdouri <\/em><em>and N<\/em><em>. <\/em><em>Zeghib,<\/em> (2013) &nbsp;<em>&nbsp;<\/em>A Simulation Based Performance Evaluation of NJM and NDM Dynamic Multicast Algorithms for Wireless Mesh Networks, 7 th International Workshop on Verification and Evaluation of Computer and Communication Systems, Florence, Italy, November 2013.<\/p>\n\n\n\n<p class=\"has-text-align-left\">M. E. Zouaoui, <strong>L. Derdouri<\/strong>, N. Zeghib.<em> <\/em><em>,<\/em> (201<strong>3)<\/strong> &nbsp;Dynamic Multicast Routing for Wireless Mesh Networks. International Conference and Summer School on Computing, Networking and Communications, Hammamet, Tunisie, Juin 2013.<\/p>\n\n\n\n<p class=\"has-text-align-left\"><strong>L. Derdouri<\/strong>, C. Pham,<em> <\/em><em>,<\/em> (201<strong>3)<\/strong> &nbsp;Performance Analysis of Loss Recovery Latency in Reliable Multicast Protocols using Active Parity Encoded Services, <em>International Journal of Software Engineering and Its Applications (IJSEIA)<\/em>, vol. 7(3), pp. 301-310, May 2013.<\/p>\n\n\n\n<p class=\"has-text-align-left\">E. M. E. Zouaoui, <strong>L. Derdouri<\/strong>, N. Zeghib.<em> <\/em><em>,<\/em> (201<strong>3)<\/strong> &nbsp;Dynamic Multicast Membership Algorithms for MultiChannel Multi-Radio Wireless Mesh Network. <em>International Journal of Computer Science and Telecommunications (IJCST)<\/em>, Vol. 3(12), pp. 56-61, December 2012.<\/p>\n\n\n\n<p class=\"has-text-align-left\"><strong>L. Derdouri<\/strong>, N. Saidi.<em> ,<\/em> (201<strong>2)<\/strong> &nbsp;D\u00e9cryptage des Textes Chiffr\u00e9s du Cryptosyst\u00e8me RSA par la Fonction de Chiffrement. Science of Electronics, Technologies of information and Telecommunications: SETIT, Sousse, Tunisie, 2012.<\/p>\n\n\n\n<p class=\"has-text-align-left\"><strong>L. Derdouri<\/strong>, N. Saidi.<em> ,<\/em> (2011) &nbsp;Decrypting the Ciphertexts of RSA with Public-Key. The International Arab Conference on Information Technology: ACIT 2011, Naif Arab University for Security Science (NAUSS), Riyadh, Saudi Arabia, 2011.<\/p>\n\n\n\n<p class=\"has-text-align-left\">A. Benmohammed, L. Derdouri, M. Benmohammed. (2011) &nbsp;Analyse de la Latence des Protocoles Multicast Fiable Actif dans un Backbone non Fiable. Conf\u00e9rence internationale sur les syst\u00e8mes complexes, Cisc2011,&nbsp; Jijel 2011<\/p>\n\n\n\n<p class=\"has-text-align-left\"><strong>L. Derdouri,<\/strong> C. Pham, M. Benmohammmed. (2010) &nbsp;Analysis of Delay Latency of the Active Reliable Multicast protocols. The International Arab Conference on Information Technology: ACIT 2010, Benghazi, Libya, 2010.<\/p>\n\n\n\n<p class=\"has-text-align-left\"><strong>L. Derdouri<\/strong>, C. Pham, M. Benmohammed, (2008) &nbsp;&nbsp;\u00ab\u00a0AMRHy: Hybrid Protocol for a Reliable Multicast Transport in Active Networking Environments\u00a0\u00bb, <em>International Journal on Computer Science and Network Security<\/em> (<em>IJCSNS<\/em>), vol. 8(10), October 2008.<\/p>\n\n\n\n<p class=\"has-text-align-left\"><strong>L. Derdouri<\/strong>, C. Pham, M. Benmohammed, (2008) &nbsp;&nbsp;\u00ab\u00a0A comparative Analysis of Reliable Multicast Protocols in Active Networking Environments\u00a0\u00bb, <em>International Review on Computers and Software <\/em>(<em>IRECOS<\/em>), Vol. 3(3), Praize Worthy Prize, May 2008.<\/p>\n\n\n\n<p class=\"has-text-align-left\"><strong>L. Derdouri<\/strong>, C. Pham, D. Bendali-Amor. (2007) &nbsp;&nbsp;Analyse de la latence de recouvrement des protocoles dans les protocoles multicast fiables de type APES. 4rth&nbsp; International Conference&nbsp;: Sciences of Electronic, Technologies of Information and Telecommunications&nbsp; SETIT, March&nbsp; 2007<\/p>\n\n\n\n<p class=\"has-text-align-left\"><strong>L. Derdouri<\/strong>, D. E. Saidouni, M. Benmohammed. (2006) &nbsp;&nbsp;&nbsp;Reliable Multicast Transport in Active Environment. International Conference Computer Science and Information Technologie, CSIT2006, Amman, Jordanie 2006.<\/p>\n\n\n\n<p class=\"has-text-align-left\"><strong>L. Derdouri<\/strong>, L. Boulbene, A. Hamzaoui, N. Saidi, (2005) &nbsp;&nbsp;Nouvelle attaque du cryptosyst\u00e8me RSA. Congr\u00e8s international en informatique appliqu\u00e9, Ciia05, Bordj Bou Arr\u00e9ridj 2005.<\/p>\n\n\n\n<p class=\"has-text-align-left\"><strong>L. Derdouri<\/strong>, D. E. Saidouni, M. Benmohammed, (2004) &nbsp;&nbsp;Protocole Hybride de Transport Actif Multicast Fiable. Conf\u00e9rence internationale sur les syst\u00e8mes complexes, Cisc2004,&nbsp; Jijel 2004.<\/p>\n\n\n\n<p class=\"has-text-align-center has-very-light-gray-to-cyan-bluish-gray-gradient-background has-background\">Interests and Qualifications<\/p>\n\n\n\n<p class=\"has-text-align-left\"><strong>Interests: <\/strong>Artificial intelligence \u2013 machine learning \u2013 context-aware pervasive systems \u2013 optimization and meta-heuristics \u2013 complex systems \u2013 parallel and distributed computing.<\/p>\n\n\n\n<p class=\"has-text-align-left\"><strong>Qualifications:<\/strong>Programming languages (Java, C\/C++, Matlab, XML, XSLT, HTML, PHP, JSP, CSS, JavaScript, JSON) \u2013Databases (MySQL, Access, PostGis and PostgreSQL) &#8211; Application analysis and design methods(UML).<\/p>\n\n\n\n<p class=\"has-text-align-left\"><strong>Other: <\/strong>Reading \u2013travelling<\/p>\n\n\n\n<figure class=\"wp-block-pullquote has-white-color has-text-color\"><blockquote><p>pdf version: <a href=\"https:\/\/www.univ-oeb.dz\/fsesnv\/wp-content\/uploads\/2023\/04\/lakhdar-derdouri.pdf\">lakhdar derdouri<\/a><br>Scopus:<a href=\"https:\/\/www.scopus.com\/authid\/detail.uri?authorId=55638325000\" data-type=\"URL\" data-id=\"https:\/\/www.scopus.com\/authid\/detail.uri?authorId=55638325000\">Link<\/a><\/p><\/blockquote><\/figure>\n","protected":false},"excerpt":{"rendered":"<p>Pr. Lakhdar DERDOURI Professor, Mathematics &amp;Computer Sciences department, University of Oum El Bouaghi, Algeria. E-mail:derdouri.lakhdar@sciences grade: Professor Education Ph.D.&rsquo;s degree in Computer sciences Master&rsquo;s degree:in Computer sciences Functions and Affiliations professor at the Department of Mathematics and Computer Sciences, University of Oum El Bouaghi, from 02\/2019 to today Assistant professor, at the Department of Mathematics &hellip;<\/p>\n","protected":false},"author":1,"featured_media":0,"parent":0,"menu_order":0,"comment_status":"closed","ping_status":"closed","template":"","meta":{"footnotes":""},"class_list":["post-5217","page","type-page","status-publish","hentry"],"_links":{"self":[{"href":"https:\/\/www.univ-oeb.dz\/fsesnv\/wp-json\/wp\/v2\/pages\/5217","targetHints":{"allow":["GET"]}}],"collection":[{"href":"https:\/\/www.univ-oeb.dz\/fsesnv\/wp-json\/wp\/v2\/pages"}],"about":[{"href":"https:\/\/www.univ-oeb.dz\/fsesnv\/wp-json\/wp\/v2\/types\/page"}],"author":[{"embeddable":true,"href":"https:\/\/www.univ-oeb.dz\/fsesnv\/wp-json\/wp\/v2\/users\/1"}],"replies":[{"embeddable":true,"href":"https:\/\/www.univ-oeb.dz\/fsesnv\/wp-json\/wp\/v2\/comments?post=5217"}],"version-history":[{"count":0,"href":"https:\/\/www.univ-oeb.dz\/fsesnv\/wp-json\/wp\/v2\/pages\/5217\/revisions"}],"wp:attachment":[{"href":"https:\/\/www.univ-oeb.dz\/fsesnv\/wp-json\/wp\/v2\/media?parent=5217"}],"curies":[{"name":"wp","href":"https:\/\/api.w.org\/{rel}","templated":true}]}}