{"id":5189,"date":"2023-04-23T18:25:19","date_gmt":"2023-04-23T17:25:19","guid":{"rendered":"http:\/\/www.univ-oeb.dz\/fsesnv\/?page_id=5189"},"modified":"2023-04-26T22:22:20","modified_gmt":"2023-04-26T21:22:20","slug":"curriculim-vitae-mohamed-berkane","status":"publish","type":"page","link":"https:\/\/www.univ-oeb.dz\/fsesnv\/curriculim-vitae-mohamed-berkane\/","title":{"rendered":"CURRICULIM VITAE Mohamed BERKANE"},"content":{"rendered":"\n<div class=\"wp-block-media-text is-stacked-on-mobile\" style=\"grid-template-columns:24% auto\"><figure class=\"wp-block-media-text__media\"><img fetchpriority=\"high\" decoding=\"async\" width=\"564\" height=\"551\" src=\"https:\/\/www.univ-oeb.dz\/fsesnv\/wp-content\/uploads\/2023\/04\/Sans-titre.png\" alt=\"\" class=\"wp-image-5190 size-full\" srcset=\"https:\/\/www.univ-oeb.dz\/fsesnv\/wp-content\/uploads\/2023\/04\/Sans-titre.png 564w, https:\/\/www.univ-oeb.dz\/fsesnv\/wp-content\/uploads\/2023\/04\/Sans-titre-300x293.png 300w\" sizes=\"(max-width: 564px) 100vw, 564px\" \/><\/figure><div class=\"wp-block-media-text__content\">\n<p class=\"has-text-align-left\"><strong>Dr. Mohamed BERKANE<\/strong><\/p>\n\n\n\n<p class=\"has-text-align-left\">Birth date&nbsp;&nbsp;&nbsp;&nbsp;&nbsp; : 17 \/ 06 \/ 1968<\/p>\n\n\n\n<p class=\"has-text-align-left\">Birthplace&nbsp;&nbsp;&nbsp;&nbsp; : Constantine&nbsp; Algeria&nbsp;&nbsp;&nbsp;&nbsp;&nbsp;&nbsp;&nbsp;&nbsp;&nbsp;&nbsp;&nbsp;&nbsp;&nbsp;&nbsp;&nbsp;&nbsp;&nbsp;&nbsp;&nbsp;&nbsp;&nbsp;&nbsp;&nbsp; &nbsp;&nbsp;&nbsp;&nbsp;&nbsp;&nbsp;&nbsp;&nbsp;&nbsp;&nbsp;&nbsp;&nbsp;&nbsp;&nbsp;&nbsp;<\/p>\n\n\n\n<p class=\"has-text-align-left\">Phone: +213 5 56 19 57 34&nbsp;&nbsp;&nbsp;&nbsp;&nbsp;&nbsp;&nbsp;&nbsp;&nbsp;&nbsp;&nbsp;&nbsp;&nbsp;&nbsp;&nbsp;&nbsp;&nbsp;&nbsp;&nbsp;&nbsp;&nbsp;&nbsp;&nbsp;&nbsp;&nbsp;&nbsp;&nbsp;&nbsp;&nbsp;&nbsp;&nbsp;&nbsp;&nbsp;&nbsp;&nbsp;&nbsp;&nbsp;&nbsp;&nbsp;&nbsp;&nbsp;&nbsp;&nbsp;&nbsp;&nbsp;&nbsp;&nbsp;&nbsp;&nbsp;&nbsp;<\/p>\n\n\n\n<p class=\"has-text-align-left\">mohamed.berkane2@yahoo.fr&nbsp;&nbsp; &nbsp;&nbsp;&nbsp;&nbsp;&nbsp;&nbsp;&nbsp;&nbsp;&nbsp;&nbsp;&nbsp;&nbsp;<\/p>\n<\/div><\/div>\n\n\n\n<p class=\"has-text-align-center has-very-light-gray-to-cyan-bluish-gray-gradient-background has-background\">ACTUAL STATUS<\/p>\n\n\n\n<p class=\"has-text-align-left\">Statut : MCB<br>Speciality : Computer science<br>Department : mathematics and Computer science<br>Faculty : Sciences Exactes et Science de la nature et de la vie<br>University : Larbi Ben M\u2019hidi O.E.Bouaghi<\/p>\n\n\n\n<p class=\"has-text-align-center has-very-light-gray-to-cyan-bluish-gray-gradient-background has-background\">FORMATIONS AND DIPLOMAS<\/p>\n\n\n\n<ol class=\"wp-block-list\">\n<li>PhD :<br>Date obtained : September 2010<br>Speciality : Electronics, Electrotechnics, Automation<br>Option : Images and systems<br>Institute : INSA Lyon, France<br>Title : Motion estimation and analysis using neural approaches.<\/li>\n\n\n\n<li>Magister :<br>Date obtained : June, 1998<br>Speciality : Computer science<br>Option : Artificial Intelligence<br>University : Batna, Algeria<br>Title : Design of a GIS for a potable water supply<br>Mention : Very honorable<\/li>\n\n\n\n<li>Ing\u00e9nieur :<br>Date obtained : October, 1992<br>Speciality : Computer science<br>University : Constantine, Algeria<br>Title : Use of high-level Petri nets for solving the diagnostic problem\u201d<br>Mention : Good<\/li>\n\n\n\n<li>BAC :<br>Date obtained : June 1987<br>Speciality : Technical Maths<br>High school : Constantine. Algeria<br>Mention : Pretty good<\/li>\n\n\n\n<li>Other formations<br>\u2022 Design, creation and management of a website<br>Trainer: Francophonie University Agency November 2001<br>\u2022 Linux network administration<br>Trainer: Francophonie University Agency June 2001<\/li>\n<\/ol>\n\n\n\n<p class=\"has-text-align-center has-very-light-gray-to-cyan-bluish-gray-gradient-background has-background\">PROFESSIONAL EXPERIENCE<\/p>\n\n\n\n<p><br>\u2022 1999-2001 :Teacher : \u00abassistant professor\u00bb Larbi Ben M\u2019hidi University,<br>O.E.Bouaghi Algeria<br>\u2022 2001-2010 :Teacher: \u00ab assistant professor CC\u00bb Larbi Ben M\u2019hidi University,<br>O.E.Bouaghi, Algeria.<br>\u2022 2010 -2023 :Teacher: \u00ab MCB\u00bb Universit\u00e9 Larbi Ben M\u2019hidi University,<br>O.E.Bouaghi Algeria.<\/p>\n\n\n\n<p class=\"has-text-align-center has-very-light-gray-to-cyan-bluish-gray-gradient-background has-background\">MY COURSES<\/p>\n\n\n\n<p><br>\u2022 Algorithmic<br>\u2022 Static and dynamic data structures.<br>\u2022 Structures Instructions (read, write, conditional, loops)<br>\u2022 Procedure and function<br>\u2022 Recursion and Sort<br>\u2022 Computer architecture<br>\u2022 Numeration system and elementary logic function<br>\u2022 Architecture of Von Neumann<br>\u2022 Assembler and Processors<br>\u2022 Memories and inputs\/outputs<br>\u2022 Hardware and software interruptions.<br>\u2022 Communication network<br>\u2022 communication concept<br>\u2022 OSI model layers<br>\u2022 TCP\/IP model<br>\u2022 Administration and network security<br>\u2022 Operating system<br>\u2022 Basic concepts<br>\u2022 The interruptions<br>\u2022 Synchronization<br>\u2022 Memory management<br>\u2022 File management system<br>\u2022 Parallel Architecture<br>\u2022 Von Neumann&rsquo;s Architecture<br>\u2022 Flynn&rsquo;s Classification<br>\u2022 Raina classification<br>\u2022 \u2022 Parallel Algorithm<br>\u2022 Parallel Algorithm Design<br>\u2022 Parallel programming (OCCAM case study)<br>\u2022 \u2022 Motion detection and estimation<br>\u2022 Biological vision in primates<br>\u2022 Motion detection and estimation<br>\u2022 \u2022 Digital imaging<br>\u2022 Basics<br>\u2022 Image geometric transformations<br>\u2022 Filtering and edge detection<br>\u2022 Segmentation<br>\u2022 \u2022 Neural networks<br>\u2022 The biological model<br>\u2022 The formal neuron<br>\u2022 Topology and learning concepts<br>\u2022 Case Studies: Hopfield, Kohonen, CNN.<\/p>\n\n\n\n<p class=\"has-text-align-center has-very-light-gray-to-cyan-bluish-gray-gradient-background has-background\">RESEARCH WORK<\/p>\n\n\n\n<p>Experience in Research as a member of a team.<\/p>\n\n\n\n<p>Period Project title<br>Project Manager<br>2006-2008 Sharing virtualized real objects through the Internet. Code B0401\/80\/06. Dr NINI Brahim<\/p>\n\n\n\n<p>2009-2011 Verification and Validation of Multi-Agent Systems. Code. B*03020080003 Dr NINI Brahim<\/p>\n\n\n\n<p>2012-2014 Study of the integration of intelligence tools. Code. B*03020110009 Dr NINI Brahim<\/p>\n\n\n\n<p>2015-2019 Contribution to pattern recognition by neural networks and multi-agent systems. code :B*030201400010 Dr NINI Brahim<\/p>\n\n\n\n<p class=\"has-text-align-center has-very-light-gray-to-cyan-bluish-gray-gradient-background has-background\">NATIONAL PUBLICATIONS<\/p>\n\n\n\n<p><br>[1] M. Berkane : \u00ab L\u2019introduction des r\u00e9seaux de neurones cellulaires dans la r\u00e9solution du probl\u00e8me de suivi d\u2019objet \u00bb JSTA\u2019 2003 Guelma Mai 2003<\/p>\n\n\n\n[2] M. Bouzenada, M. Berkane, B. Nini : \u00ab Proposition d\u2019une m\u00e9thode de reconnaissance d\u2019objets rigides bas\u00e9e sur les graphes d\u2019aspects\u00bb V.V.A.T.I\u2019 2003 Jijel Juillet 2003<\/p>\n\n\n\n[3] B. Nini, M. Berkane, M. Bouzenada : \u00ab Manipulation d\u2019objets virtuels dans un cadre collaboratif \u00bb S.N.I.B\u2019 2004 Biskra Mai 2004<\/p>\n\n\n\n<p>INTERNATIONAL PUBLICATIONS<br>[4] M. Berkane, P. Clarysse, I.E. Magnin : \u00ab Spatio-temporal summarizing method of periodic image sequences with Kohonen MAPs \u00bb ICANN\u201908. Prague September 2008<\/p>\n\n\n\n[5] M. Berkane, P. Clarysse, I.E. Magnin: \u00ab A formal neural network approach to motion estimation with discontinuities \u00bb HIS\u201908. Barcelona September 2008.<\/p>\n\n\n\n[6] M. Berkane, P. Clarysse, I.E. Magnin: \u00ab Une approche neuronale pour l\u2019extraction<br>de r\u00e9sum\u00e9 de s\u00e9quences d\u2018images pour des ph\u00e9nom\u00e8nes quasi-p\u00e9riodiques\u00bb<br>JETIM\u201908. Blida Novembre 2008.<\/p>\n\n\n\n[7] J. Yankam Njiwa, M. Berkane, J.H. Luo, P. Clarysse, I.E. Magnin, Y.M. Zhu: \u00abReconstruction of Cardiac Cine MR Images Using Analytic Image and Neural Network\u00bb , ISPA&rsquo;09, Salzburg, Austria, pp. 604-605, 2009.<\/p>\n\n\n\n[8] Ch\u00e9rif Taouche; Mohamed C. Batouche; Mohamed Berkane; Abdelmalik Taleb-Ahmed: \u201cMultimodal biometric systems\u201d, International Conference on Multimedia Computing and Systems (ICMCS\u201914),p. 301-308, April 2014 , Marrakech, Morocco.<\/p>\n\n\n\n[9] Khalid Ghoul; Mohamed Berkane; Mohamed C. Batouche:\u201d Neuronal approach for motion estimation in frequency domain\u201d International Conference on Multimedia Computing and Systems (ICMCS\u201914),p. 241-245, April 2014, Marrakech, Morocco.<\/p>\n\n\n\n[10] Khalid Ghoul; Mohamed Berkane; Mohamed C. Batouche: motion estimation with frequency methods . The International Conference on Complex System CISC\u201914, Jijel, Alg\u00e9rie, December, 2014, Jijel, Algeria.<\/p>\n\n\n\n[11] Ch\u00e9rif Taouche; Mohamed C. Batouche; Mohamed Berkane; Abdelmalik Taleb-Ahmed:\u201dNew Face Recognition Method Based On Local Binary Pattern Histogram\u201d. The 15 th International Conference STA\u201914, December 2014. Hammamet, Tunisia.<\/p>\n\n\n\n[12] Belhouchet Kenza; Berkane Mohamed; Belhadef Hacene: \u201cFacial expressions of interest&rsquo;s emotion\u201d International Conference on Applied Research in Computer Science and Engineering (ICAR\u201915) p1-3, 2015, Beyrut, Laibanon.<\/p>\n\n\n\n[13] Khalid Ghoul; Mohamed Berkane; Mohamed C. Batouche:\u201d Phase Correlation method to the optical flow using Neuronal networks\u201d International Conference on Multimedia Computing and Systems (ICMCS\u201916), September 2016, Marrakech, Morocco.<\/p>\n\n\n\n[14] Belhouchet Kenza; Berkane Mohamed; Belhadef Hacene: \u201cBasic Emotions Detection using Kohonen Self-Organizing MAPs\u201d International Conference on Multimedia Computing and Systems (ICMCS\u201916) , September 2016 Marrakech, Morocco.<br>2016: Ghoul Khalid, Berkane Mohamed and Batouche Mohamed Chawki, \u00ab\u00a0Comparative study<br>of optical flow methods using frequency components\u00a0\u00bb, in the 2nd International Conference on<br>Pattern Analysis and Intelligent Systems(PAIS\u20192016), Khenchela, Algeria, 2016.<br>2016: Ghoul Khalid, Berkane Mohamed and Batouche Mohamed Chawki, \u00ab\u00a0Comparative study<br>of optical flow methods using frequency components\u00a0\u00bb, in the 2nd International Conference on<br>Pattern Analysis and Intelligent Systems(PAIS\u20192016), Khenchela, Algeria, 2016.<\/p>\n\n\n\n<p>2016: Ghoul Khalid, Berkane Mohamed and Batouche Mohamed Chawki, \u00ab\u00a0Comparative study<br>of optical flow methods using frequency components\u00a0\u00bb, in the 2nd International Conference on<br>Pattern Analysis and Intelligent Systems(PAIS\u20192016), Khenchela, Algeria, 2016.<br>2016: Ghoul Khalid, Berkane Mohamed and Batouche Mohamed Chawki, \u00ab\u00a0Comparative study<br>of optical flow methods using frequency components\u00a0\u00bb, in the 2nd International Conference on<br>Pattern Analysis and Intelligent Systems(PAIS\u20192016), Khenchela, Algeria, 2016.<br>2016: Ghoul Khalid, Berkane Mohamed and Batouche Mohamed Chawki, \u00ab\u00a0Comparative study<br>of optical flow methods using frequency components\u00a0\u00bb, in the 2nd International Conference on<br>Pattern Analysis and Intelligent Systems(PAIS\u20192016), Khenchela, Algeria, 2016.<br>[15] Ghoul Khalid, Berkane Mohamed and Batouche Mohamed Chawki, \u00ab\u00a0Comparative study of optical flow methods using frequency components\u00a0\u00bb, in the 2nd International Conference on Pattern Analysis and Intelligent Systems(PAIS\u201916), Novembre 2016, Khenchela, Algeria.<\/p>\n\n\n\n[16] Belhouchet Kenza; Berkane Mohamed; Belhadef Hacene: \u201cNeuronal approach for emotion recognition based on features motion estimation\u201d IRICT \u201917, International Conference of Reliable Information and Communication Technology 2017 &#8211; April 23-24Johor, Malysia.<\/p>\n\n\n\n<p class=\"has-text-align-center has-very-light-gray-to-cyan-bluish-gray-gradient-background has-background\">JOURNAL PUBLICATIONS<\/p>\n\n\n\n<p><br>[17] M. Berkane, P. Clarysse, J. Y. Njiwa, Y.M. Zhu, and I. E. Magnin \u00abNeural network based summarizing method of periodic image sequences\u00bb NNW journal, vol. 6, pp. 687-703, 2010.<\/p>\n\n\n\n[18] Ghoul Khalid, Berkane Mohamed and Batouche Mohamed: \u00ab A neural-based method for optical flow estimation using phase correlation \u00bb International Journal of Computational Vision and Robotics, Vol.8 No.5, pp.526 \u2013 542, 2018<br>[19] Belhouchet Kenza; Berkane Mohamed; Belhadef Hacene: \u201cInterest emotion recognition approach using self-organizing map and motion estimation\u201d International Journal of Intelligent Systems Technologies and Applications. Vol.18 No.5, 2019<\/p>\n\n\n\n[20] Berkane Mohamed, Belhouchet Kenza; ; Belhadef Hacene: \u201cEmotion recognition approach using multilayer perceptron network and motion estimation\u201d International Journal of synthetic emotions IJSE, volume 10, Issue 1. 2019<\/p>\n\n\n\n<figure class=\"wp-block-pullquote has-white-color has-text-color\"><blockquote><p>pdf version: <a href=\"https:\/\/www.univ-oeb.dz\/fsesnv\/wp-content\/uploads\/2023\/04\/CV_Mohamed-BERKANE-English-version.pdf\">CV_Mohamed BERKANE English version<\/a><\/p><\/blockquote><\/figure>\n","protected":false},"excerpt":{"rendered":"<p>Dr. Mohamed BERKANE Birth date&nbsp;&nbsp;&nbsp;&nbsp;&nbsp; : 17 \/ 06 \/ 1968 Birthplace&nbsp;&nbsp;&nbsp;&nbsp; : Constantine&nbsp; Algeria&nbsp;&nbsp;&nbsp;&nbsp;&nbsp;&nbsp;&nbsp;&nbsp;&nbsp;&nbsp;&nbsp;&nbsp;&nbsp;&nbsp;&nbsp;&nbsp;&nbsp;&nbsp;&nbsp;&nbsp;&nbsp;&nbsp;&nbsp; &nbsp;&nbsp;&nbsp;&nbsp;&nbsp;&nbsp;&nbsp;&nbsp;&nbsp;&nbsp;&nbsp;&nbsp;&nbsp;&nbsp;&nbsp; Phone: +213 5 56 19 57 34&nbsp;&nbsp;&nbsp;&nbsp;&nbsp;&nbsp;&nbsp;&nbsp;&nbsp;&nbsp;&nbsp;&nbsp;&nbsp;&nbsp;&nbsp;&nbsp;&nbsp;&nbsp;&nbsp;&nbsp;&nbsp;&nbsp;&nbsp;&nbsp;&nbsp;&nbsp;&nbsp;&nbsp;&nbsp;&nbsp;&nbsp;&nbsp;&nbsp;&nbsp;&nbsp;&nbsp;&nbsp;&nbsp;&nbsp;&nbsp;&nbsp;&nbsp;&nbsp;&nbsp;&nbsp;&nbsp;&nbsp;&nbsp;&nbsp;&nbsp; mohamed.berkane2@yahoo.fr&nbsp;&nbsp; &nbsp;&nbsp;&nbsp;&nbsp;&nbsp;&nbsp;&nbsp;&nbsp;&nbsp;&nbsp;&nbsp;&nbsp; ACTUAL STATUS Statut : MCBSpeciality : Computer scienceDepartment : mathematics and Computer scienceFaculty : Sciences Exactes et Science de la nature et de la vieUniversity : Larbi Ben M\u2019hidi O.E.Bouaghi &hellip;<\/p>\n","protected":false},"author":1,"featured_media":0,"parent":0,"menu_order":0,"comment_status":"closed","ping_status":"closed","template":"","meta":{"footnotes":""},"class_list":["post-5189","page","type-page","status-publish","hentry"],"_links":{"self":[{"href":"https:\/\/www.univ-oeb.dz\/fsesnv\/wp-json\/wp\/v2\/pages\/5189","targetHints":{"allow":["GET"]}}],"collection":[{"href":"https:\/\/www.univ-oeb.dz\/fsesnv\/wp-json\/wp\/v2\/pages"}],"about":[{"href":"https:\/\/www.univ-oeb.dz\/fsesnv\/wp-json\/wp\/v2\/types\/page"}],"author":[{"embeddable":true,"href":"https:\/\/www.univ-oeb.dz\/fsesnv\/wp-json\/wp\/v2\/users\/1"}],"replies":[{"embeddable":true,"href":"https:\/\/www.univ-oeb.dz\/fsesnv\/wp-json\/wp\/v2\/comments?post=5189"}],"version-history":[{"count":0,"href":"https:\/\/www.univ-oeb.dz\/fsesnv\/wp-json\/wp\/v2\/pages\/5189\/revisions"}],"wp:attachment":[{"href":"https:\/\/www.univ-oeb.dz\/fsesnv\/wp-json\/wp\/v2\/media?parent=5189"}],"curies":[{"name":"wp","href":"https:\/\/api.w.org\/{rel}","templated":true}]}}